{"id":9808,"date":"2019-01-03T14:12:17","date_gmt":"2019-01-03T12:12:17","guid":{"rendered":"http:\/\/gozz.testomgeving.website\/?post_type=product&#038;p=9808"},"modified":"2022-04-25T17:12:48","modified_gmt":"2022-04-25T15:12:48","slug":"jogging-navy","status":"publish","type":"product","link":"https:\/\/gozz4all.com\/fr\/product\/jogging-navy\/","title":{"rendered":"Jogging Marine"},"content":{"rendered":"<p>Pantalon d\u00e9contract\u00e9 en jean souple avec le confort d'une tenue de jogging. Le mod\u00e8le convient \u00e9galement aux personnes qui portent une couche. Des fermetures \u00e9clair peuvent \u00eatre ajout\u00e9es au bas des jambes du pantalon si n\u00e9cessaire. Les pantalons peuvent \u00e9galement \u00eatre doubl\u00e9s de polaire \u00e0 l'int\u00e9rieur afin de les rendre encore plus chauds pour la p\u00e9riode hivernale.<\/p>\n<p>Composition :<\/p>\n<p>96% coton et 4% \u00e9lasthanne<\/p>","protected":false},"excerpt":{"rendered":"<p>Casual broek uit soepele jeans met het comfort van een jogging. Het model is ook geschikt voor zij die een luier dragen. Onderaan de broekspijpen kunnen indien gewenst ritsen toegevoegd worden. De broek kan aan de binnenzijde ook met fleece gevoerd worden zodat het extra warm is voor de winterperiode. Samenstelling: 96% Katoen en 4% [&hellip;]<\/p>\n","protected":false},"featured_media":9824,"template":"","meta":[],"product_brand":[],"product_cat":[611,612,613,48],"product_tag":[],"class_list":{"0":"post-9808","1":"product","2":"type-product","3":"status-publish","4":"has-post-thumbnail","6":"product_cat-kids","7":"product_cat-ouderen-dementie","8":"product_cat-volwassenen","9":"product_cat-broeken","10":"pa_maat-104-110-2","11":"pa_maat-xl-2-fr","12":"pa_maat-116-122-2","13":"pa_maat-xxl-en","14":"pa_maat-128-134-2","15":"pa_maat-164-170-2","16":"pa_maat-176-182-2","17":"pa_maat-s-2","18":"pa_maat-140-146-2-en","19":"pa_maat-152-158-2-en","20":"pa_maat-188-2-en","21":"pa_maat-l-2-de","22":"pa_maat-92-98","23":"pa_maat-m-2-de","25":"first","26":"instock","27":"taxable","28":"shipping-taxable","29":"purchasable","30":"product-type-variable"},"yoast_head":"<!-- This site is optimized with the Yoast SEO plugin v27.2 - https:\/\/yoast.com\/product\/yoast-seo-wordpress\/ -->\n<title>Jogging Navy | Gozz4All<\/title>\n<meta name=\"robots\" content=\"index, follow, max-snippet:-1, max-image-preview:large, max-video-preview:-1\" \/>\n<link rel=\"canonical\" href=\"https:\/\/gozz4all.com\/fr\/kleding\/broeken\/jogging-navy\/\" \/>\n<meta property=\"og:locale\" content=\"fr_FR\" \/>\n<meta property=\"og:type\" content=\"article\" \/>\n<meta property=\"og:title\" content=\"Jogging Navy | Gozz4All\" \/>\n<meta property=\"og:description\" content=\"Casual broek uit soepele jeans met het comfort van een jogging. Het model is ook geschikt voor zij die een luier dragen. Onderaan de broekspijpen kunnen indien gewenst ritsen toegevoegd worden. De broek kan aan de binnenzijde ook met fleece gevoerd worden zodat het extra warm is voor de winterperiode. Samenstelling: 96% Katoen en 4% [&hellip;]\" \/>\n<meta property=\"og:url\" content=\"https:\/\/gozz4all.com\/fr\/kleding\/broeken\/jogging-navy\/\" \/>\n<meta property=\"og:site_name\" content=\"Gozz4All\" \/>\n<meta property=\"article:publisher\" content=\"https:\/\/www.facebook.com\/gozz4all\/\" \/>\n<meta property=\"article:modified_time\" content=\"2022-04-25T15:12:48+00:00\" \/>\n<meta property=\"og:image\" content=\"https:\/\/gozz4all.com\/wp-content\/uploads\/2019\/01\/Alex-Jeans-Navy.jpg\" \/>\n\t<meta property=\"og:image:width\" content=\"1200\" \/>\n\t<meta property=\"og:image:height\" content=\"1200\" \/>\n\t<meta property=\"og:image:type\" content=\"image\/jpeg\" \/>\n<meta name=\"twitter:card\" content=\"summary_large_image\" \/>\n<script type=\"application\/ld+json\" class=\"yoast-schema-graph\">{\"@context\":\"https:\/\/schema.org\",\"@graph\":[{\"@type\":\"WebPage\",\"@id\":\"https:\/\/gozz4all.com\/kleding\/broeken\/jogging-navy\/\",\"url\":\"https:\/\/gozz4all.com\/kleding\/broeken\/jogging-navy\/\",\"name\":\"Jogging Navy | Gozz4All\",\"isPartOf\":{\"@id\":\"https:\/\/gozz4all.com\/fr\/#website\"},\"primaryImageOfPage\":{\"@id\":\"https:\/\/gozz4all.com\/kleding\/broeken\/jogging-navy\/#primaryimage\"},\"image\":{\"@id\":\"https:\/\/gozz4all.com\/kleding\/broeken\/jogging-navy\/#primaryimage\"},\"thumbnailUrl\":\"https:\/\/gozz4all.com\/wp-content\/uploads\/2019\/01\/Alex-Jeans-Navy.jpg\",\"datePublished\":\"2019-01-03T12:12:17+00:00\",\"dateModified\":\"2022-04-25T15:12:48+00:00\",\"breadcrumb\":{\"@id\":\"https:\/\/gozz4all.com\/kleding\/broeken\/jogging-navy\/#breadcrumb\"},\"inLanguage\":\"fr-FR\",\"potentialAction\":[{\"@type\":\"ReadAction\",\"target\":[\"https:\/\/gozz4all.com\/kleding\/broeken\/jogging-navy\/\"]}]},{\"@type\":\"ImageObject\",\"inLanguage\":\"fr-FR\",\"@id\":\"https:\/\/gozz4all.com\/kleding\/broeken\/jogging-navy\/#primaryimage\",\"url\":\"https:\/\/gozz4all.com\/wp-content\/uploads\/2019\/01\/Alex-Jeans-Navy.jpg\",\"contentUrl\":\"https:\/\/gozz4all.com\/wp-content\/uploads\/2019\/01\/Alex-Jeans-Navy.jpg\",\"width\":1200,\"height\":1200},{\"@type\":\"BreadcrumbList\",\"@id\":\"https:\/\/gozz4all.com\/kleding\/broeken\/jogging-navy\/#breadcrumb\",\"itemListElement\":[{\"@type\":\"ListItem\",\"position\":1,\"name\":\"Home\",\"item\":\"https:\/\/gozz4all.com\/\"},{\"@type\":\"ListItem\",\"position\":2,\"name\":\"Producten\",\"item\":\"https:\/\/gozz4all.com\/shop\/\"},{\"@type\":\"ListItem\",\"position\":3,\"name\":\"Jogging Navy\"}]},{\"@type\":\"WebSite\",\"@id\":\"https:\/\/gozz4all.com\/fr\/#website\",\"url\":\"https:\/\/gozz4all.com\/fr\/\",\"name\":\"Gozz4All\",\"description\":\"Gozz4All\",\"publisher\":{\"@id\":\"https:\/\/gozz4all.com\/fr\/#organization\"},\"potentialAction\":[{\"@type\":\"SearchAction\",\"target\":{\"@type\":\"EntryPoint\",\"urlTemplate\":\"https:\/\/gozz4all.com\/fr\/?s={search_term_string}\"},\"query-input\":{\"@type\":\"PropertyValueSpecification\",\"valueRequired\":true,\"valueName\":\"search_term_string\"}}],\"inLanguage\":\"fr-FR\"},{\"@type\":\"Organization\",\"@id\":\"https:\/\/gozz4all.com\/fr\/#organization\",\"name\":\"Gozz4all\",\"url\":\"https:\/\/gozz4all.com\/fr\/\",\"logo\":{\"@type\":\"ImageObject\",\"inLanguage\":\"fr-FR\",\"@id\":\"https:\/\/gozz4all.com\/fr\/#\/schema\/logo\/image\/\",\"url\":\"https:\/\/gozz4all.com\/wp-content\/uploads\/2020\/04\/Logo-ask-for-better-one.png\",\"contentUrl\":\"https:\/\/gozz4all.com\/wp-content\/uploads\/2020\/04\/Logo-ask-for-better-one.png\",\"width\":146,\"height\":60,\"caption\":\"Gozz4all\"},\"image\":{\"@id\":\"https:\/\/gozz4all.com\/fr\/#\/schema\/logo\/image\/\"},\"sameAs\":[\"https:\/\/www.facebook.com\/gozz4all\/\",\"https:\/\/www.instagram.com\/gozz4allfashion\/?hl=nl\"]}]}<\/script>\n<!-- \/ Yoast SEO plugin. -->","yoast_head_json":{"title":"Jogging Navy | Gozz4All","robots":{"index":"index","follow":"follow","max-snippet":"max-snippet:-1","max-image-preview":"max-image-preview:large","max-video-preview":"max-video-preview:-1"},"canonical":"https:\/\/gozz4all.com\/fr\/kleding\/broeken\/jogging-navy\/","og_locale":"fr_FR","og_type":"article","og_title":"Jogging Navy | Gozz4All","og_description":"Casual broek uit soepele jeans met het comfort van een jogging. Het model is ook geschikt voor zij die een luier dragen. Onderaan de broekspijpen kunnen indien gewenst ritsen toegevoegd worden. De broek kan aan de binnenzijde ook met fleece gevoerd worden zodat het extra warm is voor de winterperiode. Samenstelling: 96% Katoen en 4% [&hellip;]","og_url":"https:\/\/gozz4all.com\/fr\/kleding\/broeken\/jogging-navy\/","og_site_name":"Gozz4All","article_publisher":"https:\/\/www.facebook.com\/gozz4all\/","article_modified_time":"2022-04-25T15:12:48+00:00","og_image":[{"width":1200,"height":1200,"url":"https:\/\/gozz4all.com\/wp-content\/uploads\/2019\/01\/Alex-Jeans-Navy.jpg","type":"image\/jpeg"}],"twitter_card":"summary_large_image","schema":{"@context":"https:\/\/schema.org","@graph":[{"@type":"WebPage","@id":"https:\/\/gozz4all.com\/kleding\/broeken\/jogging-navy\/","url":"https:\/\/gozz4all.com\/kleding\/broeken\/jogging-navy\/","name":"Jogging Navy | Gozz4All","isPartOf":{"@id":"https:\/\/gozz4all.com\/fr\/#website"},"primaryImageOfPage":{"@id":"https:\/\/gozz4all.com\/kleding\/broeken\/jogging-navy\/#primaryimage"},"image":{"@id":"https:\/\/gozz4all.com\/kleding\/broeken\/jogging-navy\/#primaryimage"},"thumbnailUrl":"https:\/\/gozz4all.com\/wp-content\/uploads\/2019\/01\/Alex-Jeans-Navy.jpg","datePublished":"2019-01-03T12:12:17+00:00","dateModified":"2022-04-25T15:12:48+00:00","breadcrumb":{"@id":"https:\/\/gozz4all.com\/kleding\/broeken\/jogging-navy\/#breadcrumb"},"inLanguage":"fr-FR","potentialAction":[{"@type":"ReadAction","target":["https:\/\/gozz4all.com\/kleding\/broeken\/jogging-navy\/"]}]},{"@type":"ImageObject","inLanguage":"fr-FR","@id":"https:\/\/gozz4all.com\/kleding\/broeken\/jogging-navy\/#primaryimage","url":"https:\/\/gozz4all.com\/wp-content\/uploads\/2019\/01\/Alex-Jeans-Navy.jpg","contentUrl":"https:\/\/gozz4all.com\/wp-content\/uploads\/2019\/01\/Alex-Jeans-Navy.jpg","width":1200,"height":1200},{"@type":"BreadcrumbList","@id":"https:\/\/gozz4all.com\/kleding\/broeken\/jogging-navy\/#breadcrumb","itemListElement":[{"@type":"ListItem","position":1,"name":"Home","item":"https:\/\/gozz4all.com\/"},{"@type":"ListItem","position":2,"name":"Producten","item":"https:\/\/gozz4all.com\/shop\/"},{"@type":"ListItem","position":3,"name":"Jogging Navy"}]},{"@type":"WebSite","@id":"https:\/\/gozz4all.com\/fr\/#website","url":"https:\/\/gozz4all.com\/fr\/","name":"Gozz4All","description":"Gozz4All","publisher":{"@id":"https:\/\/gozz4all.com\/fr\/#organization"},"potentialAction":[{"@type":"SearchAction","target":{"@type":"EntryPoint","urlTemplate":"https:\/\/gozz4all.com\/fr\/?s={search_term_string}"},"query-input":{"@type":"PropertyValueSpecification","valueRequired":true,"valueName":"search_term_string"}}],"inLanguage":"fr-FR"},{"@type":"Organization","@id":"https:\/\/gozz4all.com\/fr\/#organization","name":"Gozz4all","url":"https:\/\/gozz4all.com\/fr\/","logo":{"@type":"ImageObject","inLanguage":"fr-FR","@id":"https:\/\/gozz4all.com\/fr\/#\/schema\/logo\/image\/","url":"https:\/\/gozz4all.com\/wp-content\/uploads\/2020\/04\/Logo-ask-for-better-one.png","contentUrl":"https:\/\/gozz4all.com\/wp-content\/uploads\/2020\/04\/Logo-ask-for-better-one.png","width":146,"height":60,"caption":"Gozz4all"},"image":{"@id":"https:\/\/gozz4all.com\/fr\/#\/schema\/logo\/image\/"},"sameAs":["https:\/\/www.facebook.com\/gozz4all\/","https:\/\/www.instagram.com\/gozz4allfashion\/?hl=nl"]}]}},"_links":{"self":[{"href":"https:\/\/gozz4all.com\/fr\/wp-json\/wp\/v2\/product\/9808","targetHints":{"allow":["GET"]}}],"collection":[{"href":"https:\/\/gozz4all.com\/fr\/wp-json\/wp\/v2\/product"}],"about":[{"href":"https:\/\/gozz4all.com\/fr\/wp-json\/wp\/v2\/types\/product"}],"wp:featuredmedia":[{"embeddable":true,"href":"https:\/\/gozz4all.com\/fr\/wp-json\/wp\/v2\/media\/9824"}],"wp:attachment":[{"href":"https:\/\/gozz4all.com\/fr\/wp-json\/wp\/v2\/media?parent=9808"}],"wp:term":[{"taxonomy":"product_brand","embeddable":true,"href":"https:\/\/gozz4all.com\/fr\/wp-json\/wp\/v2\/product_brand?post=9808"},{"taxonomy":"product_cat","embeddable":true,"href":"https:\/\/gozz4all.com\/fr\/wp-json\/wp\/v2\/product_cat?post=9808"},{"taxonomy":"product_tag","embeddable":true,"href":"https:\/\/gozz4all.com\/fr\/wp-json\/wp\/v2\/product_tag?post=9808"}],"curies":[{"name":"wp","href":"https:\/\/api.w.org\/{rel}","templated":true}]}}