{"id":26416,"date":"2025-02-24T17:13:59","date_gmt":"2025-02-24T15:13:59","guid":{"rendered":"https:\/\/gozz4all.com\/?post_type=product&#038;p=26416"},"modified":"2025-08-13T10:28:30","modified_gmt":"2025-08-13T08:28:30","slug":"huispak-anker-groen","status":"publish","type":"product","link":"https:\/\/gozz4all.com\/fr\/product\/huispak-anker-groen\/","title":{"rendered":"Huispak &#8211; anker groen"},"content":{"rendered":"<p>Huispak\u00a0 &#8211; grote maten- Anker groen<br \/>\nIl s'agit d'une bonne \u00e9tape interm\u00e9diaire pour les personnes qui ont un comportement de d\u00e9shabillage et d'\u00e9talement.<\/p>\n<p>Het is gemaakt uit 1 geheel met de looks van een 2 delig kledingsstuk<\/p>\n<p>Ook kan er gekozen worden voor een waterproof gedeelte ter hoogte van de borst, deze waterafstotende stof is mooi ingewerkt in het huispak wat ervoor zorgt dat er geen speeksel en of vocht door het pak kan dringen<\/p>\n<p>Dit voorkomt irritatie op de huid en zorgt ervoor dat het mooi droog blijft &#8211; deze optie heeft dezelfde functie als een slab<\/p>\n<p>Comme la fermeture \u00e9clair se trouve dans le dos, la personne ne peut pas se d\u00e9shabiller toute seule.<\/p>\n<p>Au-dessus de la fermeture \u00e0 glissi\u00e8re se trouve un rabat de tissu qu'il faut d'abord replier avant de pouvoir ouvrir le pyjama. Cela rend la fermeture \u00e9clair plus difficile \u00e0 ouvrir.<\/p>\n<p>En outre, cette pi\u00e8ce de tissu emp\u00eache la fermeture \u00e9clair d'irriter le cou. Il ne pose aucun probl\u00e8me lorsqu'on s'allonge dessus.<\/p>\n<p>R\u00e9alis\u00e9 dans un agr\u00e9able tissu jersey en coton 95%, avec le label de qualit\u00e9 Oeko. Il est donc extensible.<\/p>\n<p>Cela ne convient pas aux personnes qui d\u00e9chirent vraiment. (Vous trouverez des v\u00eatements et des outils pour cela sur la page anti-arrachement de ce site).<\/p>\n<p>Il y a un espace suppl\u00e9mentaire pour le mat\u00e9riel d'incontinence, ce qui le rend tr\u00e8s confortable \u00e0 porter. Il est particuli\u00e8rement adapt\u00e9 aux personnes ayant un comportement impulsif, comme celles souffrant de la maladie d'Alzheimer ou de d\u00e9mence, car il emp\u00eache l'acc\u00e8s au mat\u00e9riel d'incontinence et \u00e9vite les d\u00e9shabillages intempestifs.<\/p>\n<p><strong>Convient pour\u00a0<\/strong><\/p>\n<ul>\n<li>les personnes ayant un comportement d\u00e9shabill\u00e9<\/li>\n<li>les personnes souffrant d'un handicap mental<\/li>\n<li>les personnes souffrant de probl\u00e8mes d'incontinence<\/li>\n<\/ul>\n<p><strong>Composition :<\/strong><br \/>\n95% Coton, 5% Elasthanne<\/p>\n<p>Lavable \u00e0 60\u00b0 et peut \u00eatre s\u00e9ch\u00e9 en machine.<\/p>","protected":false},"excerpt":{"rendered":"<p>Huispak\u00a0 &#8211; grote maten- Anker groen<br \/>\nIl s'agit d'une bonne \u00e9tape interm\u00e9diaire pour les personnes qui ont un comportement de d\u00e9shabillage et d'\u00e9talement.<\/p>\n<p>Het is gemaakt uit 1 geheel met de looks van een 2 delig kledingsstuk<\/p>\n<p>Ook kan er gekozen worden voor een waterproof gedeelte ter hoogte van de borst, deze waterafstotende stof is mooi ingewerkt in het huispak wat ervoor zorgt dat er geen speeksel en of vocht door het pak kan dringen<\/p>\n<p>Dit voorkomt irritatie op de huid en zorgt ervoor dat het mooi droog blijft &#8211; deze optie heeft dezelfde functie als een slab<\/p>\n<p>Comme la fermeture \u00e9clair se trouve dans le dos, la personne ne peut pas se d\u00e9shabiller toute seule.<\/p>\n<p>Au-dessus de la fermeture \u00e0 glissi\u00e8re se trouve un rabat de tissu qu'il faut d'abord replier avant de pouvoir ouvrir le pyjama. Cela rend la fermeture \u00e9clair plus difficile \u00e0 ouvrir.<\/p>\n<p>En outre, cette pi\u00e8ce de tissu emp\u00eache la fermeture \u00e9clair d'irriter le cou. Il ne pose aucun probl\u00e8me lorsqu'on s'allonge dessus.<\/p>\n<p>R\u00e9alis\u00e9 dans un agr\u00e9able tissu jersey en coton 95%, avec le label de qualit\u00e9 Oeko. Il est donc extensible.<\/p>\n<p>Cela ne convient pas aux personnes qui d\u00e9chirent vraiment. (Vous trouverez des v\u00eatements et des outils pour cela sur la page anti-arrachement de ce site).<\/p>\n<p>Il y a un espace suppl\u00e9mentaire pour le mat\u00e9riel d'incontinence, ce qui le rend tr\u00e8s confortable \u00e0 porter. Il est particuli\u00e8rement adapt\u00e9 aux personnes ayant un comportement impulsif, comme celles souffrant de la maladie d'Alzheimer ou de d\u00e9mence, car il emp\u00eache l'acc\u00e8s au mat\u00e9riel d'incontinence et \u00e9vite les d\u00e9shabillages intempestifs.<\/p>\n<p><strong>Convient pour\u00a0<\/strong><\/p>\n<ul>\n<li>les personnes ayant un comportement d\u00e9shabill\u00e9<\/li>\n<li>les personnes souffrant d'un handicap mental<\/li>\n<li>les personnes souffrant de probl\u00e8mes d'incontinence<\/li>\n<\/ul>\n<p><strong>Composition :<\/strong><br \/>\n95% Coton, 5% Elasthanne<\/p>\n<p>Lavable \u00e0 60\u00b0 et peut \u00eatre s\u00e9ch\u00e9 en machine.<\/p>","protected":false},"featured_media":26432,"template":"","meta":[],"product_brand":[],"product_cat":[618,445],"product_tag":[],"class_list":{"0":"post-26416","1":"product","2":"type-product","3":"status-publish","4":"has-post-thumbnail","6":"product_cat-hansop-jumpys-huispak","7":"product_cat-new","8":"pa_maat-s-2-fr","9":"pa_maat-104-110-2","10":"pa_maat-116-122-2","11":"pa_maat-128-134-2","12":"pa_maat-xl-2","13":"pa_maat-3xl","14":"pa_maat-xxl","15":"pa_maat-140-146-2-en","16":"pa_maat-4xl","17":"pa_maat-152-158-2-en","18":"pa_maat-5xl","19":"pa_maat-176-182-2-en","20":"pa_maat-m-2-en","21":"pa_maat-l-2-fr","23":"first","24":"instock","25":"taxable","26":"shipping-taxable","27":"purchasable","28":"product-type-variable"},"yoast_head":"<!-- This site is optimized with the Yoast SEO plugin v27.2 - https:\/\/yoast.com\/product\/yoast-seo-wordpress\/ -->\n<title>Huispak - anker groen | Gozz4All<\/title>\n<meta name=\"description\" content=\"Huispak - grote maten- Anker groen in 1 stuk. Smeer en uitkleedgedrag. Incontinentie, aangepaste kleding, rits op de rug, Gozz4all\" \/>\n<meta name=\"robots\" content=\"index, follow, max-snippet:-1, max-image-preview:large, max-video-preview:-1\" \/>\n<link rel=\"canonical\" href=\"https:\/\/gozz4all.com\/fr\/produit\/huispak-anker-groen\/\" \/>\n<meta property=\"og:locale\" content=\"fr_FR\" \/>\n<meta property=\"og:type\" content=\"article\" \/>\n<meta property=\"og:title\" content=\"Huispak - anker groen | Gozz4All\" \/>\n<meta property=\"og:description\" content=\"Huispak - grote maten- Anker groen in 1 stuk. Smeer en uitkleedgedrag. Incontinentie, aangepaste kleding, rits op de rug, Gozz4all\" \/>\n<meta property=\"og:url\" content=\"https:\/\/gozz4all.com\/fr\/produit\/huispak-anker-groen\/\" \/>\n<meta property=\"og:site_name\" content=\"Gozz4All\" \/>\n<meta property=\"article:publisher\" content=\"https:\/\/www.facebook.com\/gozz4all\/\" \/>\n<meta property=\"article:modified_time\" content=\"2025-08-13T08:28:30+00:00\" \/>\n<meta property=\"og:image\" content=\"https:\/\/gozz4all.com\/wp-content\/uploads\/2025\/02\/Huispak-anker-groen-687x1030.png\" \/>\n\t<meta property=\"og:image:width\" content=\"687\" \/>\n\t<meta property=\"og:image:height\" content=\"1030\" \/>\n\t<meta property=\"og:image:type\" content=\"image\/png\" \/>\n<meta name=\"twitter:card\" content=\"summary_large_image\" \/>\n<meta name=\"twitter:label1\" content=\"Dur\u00e9e de lecture estim\u00e9e\" \/>\n\t<meta name=\"twitter:data1\" content=\"1 minute\" \/>\n<script type=\"application\/ld+json\" class=\"yoast-schema-graph\">{\"@context\":\"https:\/\/schema.org\",\"@graph\":[{\"@type\":\"WebPage\",\"@id\":\"https:\/\/gozz4all.com\/product\/huispak-anker-groen\/\",\"url\":\"https:\/\/gozz4all.com\/product\/huispak-anker-groen\/\",\"name\":\"Huispak - anker groen | Gozz4All\",\"isPartOf\":{\"@id\":\"https:\/\/gozz4all.com\/fr\/#website\"},\"primaryImageOfPage\":{\"@id\":\"https:\/\/gozz4all.com\/product\/huispak-anker-groen\/#primaryimage\"},\"image\":{\"@id\":\"https:\/\/gozz4all.com\/product\/huispak-anker-groen\/#primaryimage\"},\"thumbnailUrl\":\"https:\/\/gozz4all.com\/wp-content\/uploads\/2025\/02\/Huispak-anker-groen.png\",\"datePublished\":\"2025-02-24T15:13:59+00:00\",\"dateModified\":\"2025-08-13T08:28:30+00:00\",\"description\":\"Huispak - grote maten- Anker groen in 1 stuk. Smeer en uitkleedgedrag. Incontinentie, aangepaste kleding, rits op de rug, Gozz4all\",\"breadcrumb\":{\"@id\":\"https:\/\/gozz4all.com\/product\/huispak-anker-groen\/#breadcrumb\"},\"inLanguage\":\"fr-FR\",\"potentialAction\":[{\"@type\":\"ReadAction\",\"target\":[\"https:\/\/gozz4all.com\/product\/huispak-anker-groen\/\"]}]},{\"@type\":\"ImageObject\",\"inLanguage\":\"fr-FR\",\"@id\":\"https:\/\/gozz4all.com\/product\/huispak-anker-groen\/#primaryimage\",\"url\":\"https:\/\/gozz4all.com\/wp-content\/uploads\/2025\/02\/Huispak-anker-groen.png\",\"contentUrl\":\"https:\/\/gozz4all.com\/wp-content\/uploads\/2025\/02\/Huispak-anker-groen.png\",\"width\":4000,\"height\":6000},{\"@type\":\"BreadcrumbList\",\"@id\":\"https:\/\/gozz4all.com\/product\/huispak-anker-groen\/#breadcrumb\",\"itemListElement\":[{\"@type\":\"ListItem\",\"position\":1,\"name\":\"Home\",\"item\":\"https:\/\/gozz4all.com\/\"},{\"@type\":\"ListItem\",\"position\":2,\"name\":\"Producten\",\"item\":\"https:\/\/gozz4all.com\/shop\/\"},{\"@type\":\"ListItem\",\"position\":3,\"name\":\"Huispak &#8211; anker groen\"}]},{\"@type\":\"WebSite\",\"@id\":\"https:\/\/gozz4all.com\/fr\/#website\",\"url\":\"https:\/\/gozz4all.com\/fr\/\",\"name\":\"Gozz4All\",\"description\":\"Gozz4All\",\"publisher\":{\"@id\":\"https:\/\/gozz4all.com\/fr\/#organization\"},\"potentialAction\":[{\"@type\":\"SearchAction\",\"target\":{\"@type\":\"EntryPoint\",\"urlTemplate\":\"https:\/\/gozz4all.com\/fr\/?s={search_term_string}\"},\"query-input\":{\"@type\":\"PropertyValueSpecification\",\"valueRequired\":true,\"valueName\":\"search_term_string\"}}],\"inLanguage\":\"fr-FR\"},{\"@type\":\"Organization\",\"@id\":\"https:\/\/gozz4all.com\/fr\/#organization\",\"name\":\"Gozz4all\",\"url\":\"https:\/\/gozz4all.com\/fr\/\",\"logo\":{\"@type\":\"ImageObject\",\"inLanguage\":\"fr-FR\",\"@id\":\"https:\/\/gozz4all.com\/fr\/#\/schema\/logo\/image\/\",\"url\":\"https:\/\/gozz4all.com\/wp-content\/uploads\/2020\/04\/Logo-ask-for-better-one.png\",\"contentUrl\":\"https:\/\/gozz4all.com\/wp-content\/uploads\/2020\/04\/Logo-ask-for-better-one.png\",\"width\":146,\"height\":60,\"caption\":\"Gozz4all\"},\"image\":{\"@id\":\"https:\/\/gozz4all.com\/fr\/#\/schema\/logo\/image\/\"},\"sameAs\":[\"https:\/\/www.facebook.com\/gozz4all\/\",\"https:\/\/www.instagram.com\/gozz4allfashion\/?hl=nl\"]}]}<\/script>\n<!-- \/ Yoast SEO plugin. -->","yoast_head_json":{"title":"Huispak - anker groen | Gozz4All","description":"Huispak - grote maten- Anker groen in 1 stuk. Smeer en uitkleedgedrag. Incontinentie, aangepaste kleding, rits op de rug, Gozz4all","robots":{"index":"index","follow":"follow","max-snippet":"max-snippet:-1","max-image-preview":"max-image-preview:large","max-video-preview":"max-video-preview:-1"},"canonical":"https:\/\/gozz4all.com\/fr\/produit\/huispak-anker-groen\/","og_locale":"fr_FR","og_type":"article","og_title":"Huispak - anker groen | Gozz4All","og_description":"Huispak - grote maten- Anker groen in 1 stuk. Smeer en uitkleedgedrag. Incontinentie, aangepaste kleding, rits op de rug, Gozz4all","og_url":"https:\/\/gozz4all.com\/fr\/produit\/huispak-anker-groen\/","og_site_name":"Gozz4All","article_publisher":"https:\/\/www.facebook.com\/gozz4all\/","article_modified_time":"2025-08-13T08:28:30+00:00","og_image":[{"width":687,"height":1030,"url":"https:\/\/gozz4all.com\/wp-content\/uploads\/2025\/02\/Huispak-anker-groen-687x1030.png","type":"image\/png"}],"twitter_card":"summary_large_image","twitter_misc":{"Dur\u00e9e de lecture estim\u00e9e":"1 minute"},"schema":{"@context":"https:\/\/schema.org","@graph":[{"@type":"WebPage","@id":"https:\/\/gozz4all.com\/product\/huispak-anker-groen\/","url":"https:\/\/gozz4all.com\/product\/huispak-anker-groen\/","name":"Huispak - anker groen | Gozz4All","isPartOf":{"@id":"https:\/\/gozz4all.com\/fr\/#website"},"primaryImageOfPage":{"@id":"https:\/\/gozz4all.com\/product\/huispak-anker-groen\/#primaryimage"},"image":{"@id":"https:\/\/gozz4all.com\/product\/huispak-anker-groen\/#primaryimage"},"thumbnailUrl":"https:\/\/gozz4all.com\/wp-content\/uploads\/2025\/02\/Huispak-anker-groen.png","datePublished":"2025-02-24T15:13:59+00:00","dateModified":"2025-08-13T08:28:30+00:00","description":"Huispak - grote maten- Anker groen in 1 stuk. Smeer en uitkleedgedrag. Incontinentie, aangepaste kleding, rits op de rug, Gozz4all","breadcrumb":{"@id":"https:\/\/gozz4all.com\/product\/huispak-anker-groen\/#breadcrumb"},"inLanguage":"fr-FR","potentialAction":[{"@type":"ReadAction","target":["https:\/\/gozz4all.com\/product\/huispak-anker-groen\/"]}]},{"@type":"ImageObject","inLanguage":"fr-FR","@id":"https:\/\/gozz4all.com\/product\/huispak-anker-groen\/#primaryimage","url":"https:\/\/gozz4all.com\/wp-content\/uploads\/2025\/02\/Huispak-anker-groen.png","contentUrl":"https:\/\/gozz4all.com\/wp-content\/uploads\/2025\/02\/Huispak-anker-groen.png","width":4000,"height":6000},{"@type":"BreadcrumbList","@id":"https:\/\/gozz4all.com\/product\/huispak-anker-groen\/#breadcrumb","itemListElement":[{"@type":"ListItem","position":1,"name":"Home","item":"https:\/\/gozz4all.com\/"},{"@type":"ListItem","position":2,"name":"Producten","item":"https:\/\/gozz4all.com\/shop\/"},{"@type":"ListItem","position":3,"name":"Huispak &#8211; anker groen"}]},{"@type":"WebSite","@id":"https:\/\/gozz4all.com\/fr\/#website","url":"https:\/\/gozz4all.com\/fr\/","name":"Gozz4All","description":"Gozz4All","publisher":{"@id":"https:\/\/gozz4all.com\/fr\/#organization"},"potentialAction":[{"@type":"SearchAction","target":{"@type":"EntryPoint","urlTemplate":"https:\/\/gozz4all.com\/fr\/?s={search_term_string}"},"query-input":{"@type":"PropertyValueSpecification","valueRequired":true,"valueName":"search_term_string"}}],"inLanguage":"fr-FR"},{"@type":"Organization","@id":"https:\/\/gozz4all.com\/fr\/#organization","name":"Gozz4all","url":"https:\/\/gozz4all.com\/fr\/","logo":{"@type":"ImageObject","inLanguage":"fr-FR","@id":"https:\/\/gozz4all.com\/fr\/#\/schema\/logo\/image\/","url":"https:\/\/gozz4all.com\/wp-content\/uploads\/2020\/04\/Logo-ask-for-better-one.png","contentUrl":"https:\/\/gozz4all.com\/wp-content\/uploads\/2020\/04\/Logo-ask-for-better-one.png","width":146,"height":60,"caption":"Gozz4all"},"image":{"@id":"https:\/\/gozz4all.com\/fr\/#\/schema\/logo\/image\/"},"sameAs":["https:\/\/www.facebook.com\/gozz4all\/","https:\/\/www.instagram.com\/gozz4allfashion\/?hl=nl"]}]}},"_links":{"self":[{"href":"https:\/\/gozz4all.com\/fr\/wp-json\/wp\/v2\/product\/26416","targetHints":{"allow":["GET"]}}],"collection":[{"href":"https:\/\/gozz4all.com\/fr\/wp-json\/wp\/v2\/product"}],"about":[{"href":"https:\/\/gozz4all.com\/fr\/wp-json\/wp\/v2\/types\/product"}],"wp:featuredmedia":[{"embeddable":true,"href":"https:\/\/gozz4all.com\/fr\/wp-json\/wp\/v2\/media\/26432"}],"wp:attachment":[{"href":"https:\/\/gozz4all.com\/fr\/wp-json\/wp\/v2\/media?parent=26416"}],"wp:term":[{"taxonomy":"product_brand","embeddable":true,"href":"https:\/\/gozz4all.com\/fr\/wp-json\/wp\/v2\/product_brand?post=26416"},{"taxonomy":"product_cat","embeddable":true,"href":"https:\/\/gozz4all.com\/fr\/wp-json\/wp\/v2\/product_cat?post=26416"},{"taxonomy":"product_tag","embeddable":true,"href":"https:\/\/gozz4all.com\/fr\/wp-json\/wp\/v2\/product_tag?post=26416"}],"curies":[{"name":"wp","href":"https:\/\/api.w.org\/{rel}","templated":true}]}}