{"id":25829,"date":"2023-10-30T16:01:14","date_gmt":"2023-10-30T14:01:14","guid":{"rendered":"https:\/\/gozz4all.com\/?post_type=product&#038;p=25829"},"modified":"2025-02-25T16:51:26","modified_gmt":"2025-02-25T14:51:26","slug":"set-van-3-romper-huispak","status":"publish","type":"product","link":"https:\/\/gozz4all.com\/fr\/product\/set-van-3-romper-huispak\/","title":{"rendered":"Set van 3-Romper-huispak"},"content":{"rendered":"<p><a href=\"https:\/\/gozz4all.com\/fr\/slaapkledij-hansop-jumpy-onesie-huispak-anti-uitkleed-kleding\/romper-huispak-pink-kopie\/\"><br \/>\n<\/a><strong>Description<\/strong><br \/>\nSet van 3-Romper-huispak<br \/>\nUn costume de corps\/jumpy\/maison confortable avec des shorts. Peut aussi \u00eatre utilis\u00e9 comme sous-v\u00eatement !<\/p>\n<p>La longueur int\u00e9rieure des jambes du short est de 11 cm. Il a \u00e9t\u00e9 con\u00e7u sp\u00e9cialement court pour pouvoir \u00eatre port\u00e9 sous d'autres v\u00eatements.<\/p>\n<p>Le tissu extensible est de haute qualit\u00e9. Il peut donc \u00eatre facilement lav\u00e9 plusieurs fois \u00e0 60\u00b0.<\/p>\n<p>Equip\u00e9 d'une fermeture \u00e9clair robuste de la marque Kroko<\/p>\n<p>Comme la fermeture \u00e9clair se trouve dans le dos, la personne ne peut pas se d\u00e9shabiller toute seule.<\/p>\n<p>Il est \u00e9galement possible d'installer une fermeture \u00e9clair entre les jambes pour faciliter le changement.<\/p>\n<p>Souhaitez-vous toujours avoir une modification ? Ensuite, vous pouvez toujours envoyer un courriel \u00e0 info@gozz.be pour que nous puissions l'examiner ensemble.<\/p>\n<p><strong>Convient pour\u00a0<\/strong><\/p>\n<ul>\n<li>les personnes ayant un comportement d\u00e9shabill\u00e9<\/li>\n<li>les personnes souffrant d'un handicap mental<\/li>\n<li>les personnes souffrant de probl\u00e8mes d'incontinence<\/li>\n<\/ul>\n<p><strong>Composition :<\/strong><br \/>\n95% Coton, 5% Elasthanne<\/p>\n<p>&nbsp;<\/p>","protected":false},"excerpt":{"rendered":"<p><strong>Description<\/strong><br \/>\nSet van 3-Romper-huispak<br \/>\nUn costume de corps\/jumpy\/maison confortable avec des shorts. Peut aussi \u00eatre utilis\u00e9 comme sous-v\u00eatement !<\/p>\n<p>La longueur int\u00e9rieure des jambes du short est de 11 cm. Il a \u00e9t\u00e9 con\u00e7u sp\u00e9cialement court pour pouvoir \u00eatre port\u00e9 sous d'autres v\u00eatements.<\/p>\n<p>Le tissu extensible est de haute qualit\u00e9. Il peut donc \u00eatre facilement lav\u00e9 plusieurs fois \u00e0 60\u00b0.<br \/>\nComme la fermeture \u00e9clair se trouve dans le dos, la personne ne peut pas se d\u00e9shabiller toute seule.<\/p>\n<p>Il est \u00e9galement possible d'installer une fermeture \u00e9clair entre les jambes pour faciliter le changement.<\/p>\n<p>Souhaitez-vous toujours avoir une modification ? Ensuite, vous pouvez toujours envoyer un courriel \u00e0 info@gozz.be pour que nous puissions l'examiner ensemble.<\/p>\n<p><strong>Convient pour\u00a0<\/strong><\/p>\n<ul>\n<li>les personnes ayant un comportement d\u00e9shabill\u00e9<\/li>\n<li>les personnes souffrant d'un handicap mental<\/li>\n<li>les personnes souffrant de probl\u00e8mes d'incontinence<\/li>\n<\/ul>\n<p><strong>Composition :<\/strong><br \/>\n95% Coton, 5% Elasthanne<\/p>","protected":false},"featured_media":25790,"template":"","meta":[],"product_brand":[],"product_cat":[675,611,612,613,618,619,45,50],"product_tag":[],"class_list":{"0":"post-25829","1":"product","2":"type-product","3":"status-publish","4":"has-post-thumbnail","6":"product_cat-sale-dit-is-nieuwe-kleding-dus-niet-gebruikt","7":"product_cat-kids","8":"product_cat-ouderen-dementie","9":"product_cat-volwassenen","10":"product_cat-hansop-jumpys-huispak","11":"product_cat-slaapkleding","12":"product_cat-slaapkledij-hansop-jumpy-onesie-huispak-anti-uitkleed-kleding","13":"product_cat-body-romper","14":"pa_kleur-ecru-petrol-olive","15":"pa_kleur-briquet-choco-ecru","16":"pa_kleur-ecru-choco-oker","17":"pa_kleur-pink-ecru-perzik","18":"pa_kleur-donker-mint-ecru-briquet","19":"pa_maat-116-122-2","20":"pa_maat-128-134-2","21":"pa_maat-4xl","22":"pa_maat-140-146-2","23":"pa_maat-xxl","24":"pa_maat-5xl","25":"pa_maat-152-158-2","26":"pa_maat-l-2-fr","27":"pa_maat-164-170-2","28":"pa_maat-3xl","29":"pa_maat-176-182-2","30":"pa_maat-188-2","31":"pa_maat-s-2","32":"pa_maat-m-2","33":"pa_maat-92-98","34":"pa_maat-xl-2","35":"pa_maat-104-110-2","36":"pa_sluiting-regular","37":"pa_sluiting-rits-onderaan-de-benen-binnezijde","38":"pa_uitvoering-regular","39":"pa_uitvoering-sonde","40":"pa_uitvoering-stoma","41":"pif-has-gallery","43":"first","44":"instock","45":"taxable","46":"shipping-taxable","47":"purchasable","48":"product-type-variable"},"yoast_head":"<!-- This site is optimized with the Yoast SEO plugin v27.2 - https:\/\/yoast.com\/product\/yoast-seo-wordpress\/ -->\n<title>Set van 3-Romper-huispak | Gozz4All<\/title>\n<meta name=\"description\" content=\"Set van 3-Romper-huispak . Kan ook dienen als onderkleding. Gozz4all- aangepaste kleding-smeer en plukgedrag- uitkleedgedrag- unisex\" \/>\n<meta name=\"robots\" content=\"index, follow, max-snippet:-1, max-image-preview:large, max-video-preview:-1\" \/>\n<link rel=\"canonical\" href=\"https:\/\/gozz4all.com\/fr\/produit\/set-van-3-romper-huispak\/\" \/>\n<meta property=\"og:locale\" content=\"fr_FR\" \/>\n<meta property=\"og:type\" content=\"article\" \/>\n<meta property=\"og:title\" content=\"Set van 3-Romper-huispak | Gozz4All\" \/>\n<meta property=\"og:description\" content=\"Set van 3-Romper-huispak . Kan ook dienen als onderkleding. Gozz4all- aangepaste kleding-smeer en plukgedrag- uitkleedgedrag- unisex\" \/>\n<meta property=\"og:url\" content=\"https:\/\/gozz4all.com\/fr\/produit\/set-van-3-romper-huispak\/\" \/>\n<meta property=\"og:site_name\" content=\"Gozz4All\" \/>\n<meta property=\"article:publisher\" content=\"https:\/\/www.facebook.com\/gozz4all\/\" \/>\n<meta property=\"article:modified_time\" content=\"2025-02-25T14:51:26+00:00\" \/>\n<meta property=\"og:image\" content=\"https:\/\/gozz4all.com\/wp-content\/uploads\/2023\/10\/alle-kleurtjes-jumpys-e1698674011621.png\" \/>\n\t<meta property=\"og:image:width\" content=\"827\" \/>\n\t<meta property=\"og:image:height\" content=\"903\" \/>\n\t<meta property=\"og:image:type\" content=\"image\/png\" \/>\n<meta name=\"twitter:card\" content=\"summary_large_image\" \/>\n<meta name=\"twitter:label1\" content=\"Dur\u00e9e de lecture estim\u00e9e\" \/>\n\t<meta name=\"twitter:data1\" content=\"1 minute\" \/>\n<script type=\"application\/ld+json\" class=\"yoast-schema-graph\">{\"@context\":\"https:\/\/schema.org\",\"@graph\":[{\"@type\":\"WebPage\",\"@id\":\"https:\/\/gozz4all.com\/product\/set-van-3-romper-huispak\/\",\"url\":\"https:\/\/gozz4all.com\/product\/set-van-3-romper-huispak\/\",\"name\":\"Set van 3-Romper-huispak | Gozz4All\",\"isPartOf\":{\"@id\":\"https:\/\/gozz4all.com\/fr\/#website\"},\"primaryImageOfPage\":{\"@id\":\"https:\/\/gozz4all.com\/product\/set-van-3-romper-huispak\/#primaryimage\"},\"image\":{\"@id\":\"https:\/\/gozz4all.com\/product\/set-van-3-romper-huispak\/#primaryimage\"},\"thumbnailUrl\":\"https:\/\/gozz4all.com\/wp-content\/uploads\/2023\/10\/alle-kleurtjes-jumpys-e1698674011621.png\",\"datePublished\":\"2023-10-30T14:01:14+00:00\",\"dateModified\":\"2025-02-25T14:51:26+00:00\",\"description\":\"Set van 3-Romper-huispak . Kan ook dienen als onderkleding. Gozz4all- aangepaste kleding-smeer en plukgedrag- uitkleedgedrag- unisex\",\"breadcrumb\":{\"@id\":\"https:\/\/gozz4all.com\/product\/set-van-3-romper-huispak\/#breadcrumb\"},\"inLanguage\":\"fr-FR\",\"potentialAction\":[{\"@type\":\"ReadAction\",\"target\":[\"https:\/\/gozz4all.com\/product\/set-van-3-romper-huispak\/\"]}]},{\"@type\":\"ImageObject\",\"inLanguage\":\"fr-FR\",\"@id\":\"https:\/\/gozz4all.com\/product\/set-van-3-romper-huispak\/#primaryimage\",\"url\":\"https:\/\/gozz4all.com\/wp-content\/uploads\/2023\/10\/alle-kleurtjes-jumpys-e1698674011621.png\",\"contentUrl\":\"https:\/\/gozz4all.com\/wp-content\/uploads\/2023\/10\/alle-kleurtjes-jumpys-e1698674011621.png\",\"width\":827,\"height\":903},{\"@type\":\"BreadcrumbList\",\"@id\":\"https:\/\/gozz4all.com\/product\/set-van-3-romper-huispak\/#breadcrumb\",\"itemListElement\":[{\"@type\":\"ListItem\",\"position\":1,\"name\":\"Home\",\"item\":\"https:\/\/gozz4all.com\/\"},{\"@type\":\"ListItem\",\"position\":2,\"name\":\"Producten\",\"item\":\"https:\/\/gozz4all.com\/shop\/\"},{\"@type\":\"ListItem\",\"position\":3,\"name\":\"Set van 3-Romper-huispak\"}]},{\"@type\":\"WebSite\",\"@id\":\"https:\/\/gozz4all.com\/fr\/#website\",\"url\":\"https:\/\/gozz4all.com\/fr\/\",\"name\":\"Gozz4All\",\"description\":\"Gozz4All\",\"publisher\":{\"@id\":\"https:\/\/gozz4all.com\/fr\/#organization\"},\"potentialAction\":[{\"@type\":\"SearchAction\",\"target\":{\"@type\":\"EntryPoint\",\"urlTemplate\":\"https:\/\/gozz4all.com\/fr\/?s={search_term_string}\"},\"query-input\":{\"@type\":\"PropertyValueSpecification\",\"valueRequired\":true,\"valueName\":\"search_term_string\"}}],\"inLanguage\":\"fr-FR\"},{\"@type\":\"Organization\",\"@id\":\"https:\/\/gozz4all.com\/fr\/#organization\",\"name\":\"Gozz4all\",\"url\":\"https:\/\/gozz4all.com\/fr\/\",\"logo\":{\"@type\":\"ImageObject\",\"inLanguage\":\"fr-FR\",\"@id\":\"https:\/\/gozz4all.com\/fr\/#\/schema\/logo\/image\/\",\"url\":\"https:\/\/gozz4all.com\/wp-content\/uploads\/2020\/04\/Logo-ask-for-better-one.png\",\"contentUrl\":\"https:\/\/gozz4all.com\/wp-content\/uploads\/2020\/04\/Logo-ask-for-better-one.png\",\"width\":146,\"height\":60,\"caption\":\"Gozz4all\"},\"image\":{\"@id\":\"https:\/\/gozz4all.com\/fr\/#\/schema\/logo\/image\/\"},\"sameAs\":[\"https:\/\/www.facebook.com\/gozz4all\/\",\"https:\/\/www.instagram.com\/gozz4allfashion\/?hl=nl\"]}]}<\/script>\n<!-- \/ Yoast SEO plugin. -->","yoast_head_json":{"title":"Set van 3-Romper-huispak | Gozz4All","description":"Set van 3-Romper-huispak . Kan ook dienen als onderkleding. Gozz4all- aangepaste kleding-smeer en plukgedrag- uitkleedgedrag- unisex","robots":{"index":"index","follow":"follow","max-snippet":"max-snippet:-1","max-image-preview":"max-image-preview:large","max-video-preview":"max-video-preview:-1"},"canonical":"https:\/\/gozz4all.com\/fr\/produit\/set-van-3-romper-huispak\/","og_locale":"fr_FR","og_type":"article","og_title":"Set van 3-Romper-huispak | Gozz4All","og_description":"Set van 3-Romper-huispak . Kan ook dienen als onderkleding. Gozz4all- aangepaste kleding-smeer en plukgedrag- uitkleedgedrag- unisex","og_url":"https:\/\/gozz4all.com\/fr\/produit\/set-van-3-romper-huispak\/","og_site_name":"Gozz4All","article_publisher":"https:\/\/www.facebook.com\/gozz4all\/","article_modified_time":"2025-02-25T14:51:26+00:00","og_image":[{"width":827,"height":903,"url":"https:\/\/gozz4all.com\/wp-content\/uploads\/2023\/10\/alle-kleurtjes-jumpys-e1698674011621.png","type":"image\/png"}],"twitter_card":"summary_large_image","twitter_misc":{"Dur\u00e9e de lecture estim\u00e9e":"1 minute"},"schema":{"@context":"https:\/\/schema.org","@graph":[{"@type":"WebPage","@id":"https:\/\/gozz4all.com\/product\/set-van-3-romper-huispak\/","url":"https:\/\/gozz4all.com\/product\/set-van-3-romper-huispak\/","name":"Set van 3-Romper-huispak | Gozz4All","isPartOf":{"@id":"https:\/\/gozz4all.com\/fr\/#website"},"primaryImageOfPage":{"@id":"https:\/\/gozz4all.com\/product\/set-van-3-romper-huispak\/#primaryimage"},"image":{"@id":"https:\/\/gozz4all.com\/product\/set-van-3-romper-huispak\/#primaryimage"},"thumbnailUrl":"https:\/\/gozz4all.com\/wp-content\/uploads\/2023\/10\/alle-kleurtjes-jumpys-e1698674011621.png","datePublished":"2023-10-30T14:01:14+00:00","dateModified":"2025-02-25T14:51:26+00:00","description":"Set van 3-Romper-huispak . Kan ook dienen als onderkleding. Gozz4all- aangepaste kleding-smeer en plukgedrag- uitkleedgedrag- unisex","breadcrumb":{"@id":"https:\/\/gozz4all.com\/product\/set-van-3-romper-huispak\/#breadcrumb"},"inLanguage":"fr-FR","potentialAction":[{"@type":"ReadAction","target":["https:\/\/gozz4all.com\/product\/set-van-3-romper-huispak\/"]}]},{"@type":"ImageObject","inLanguage":"fr-FR","@id":"https:\/\/gozz4all.com\/product\/set-van-3-romper-huispak\/#primaryimage","url":"https:\/\/gozz4all.com\/wp-content\/uploads\/2023\/10\/alle-kleurtjes-jumpys-e1698674011621.png","contentUrl":"https:\/\/gozz4all.com\/wp-content\/uploads\/2023\/10\/alle-kleurtjes-jumpys-e1698674011621.png","width":827,"height":903},{"@type":"BreadcrumbList","@id":"https:\/\/gozz4all.com\/product\/set-van-3-romper-huispak\/#breadcrumb","itemListElement":[{"@type":"ListItem","position":1,"name":"Home","item":"https:\/\/gozz4all.com\/"},{"@type":"ListItem","position":2,"name":"Producten","item":"https:\/\/gozz4all.com\/shop\/"},{"@type":"ListItem","position":3,"name":"Set van 3-Romper-huispak"}]},{"@type":"WebSite","@id":"https:\/\/gozz4all.com\/fr\/#website","url":"https:\/\/gozz4all.com\/fr\/","name":"Gozz4All","description":"Gozz4All","publisher":{"@id":"https:\/\/gozz4all.com\/fr\/#organization"},"potentialAction":[{"@type":"SearchAction","target":{"@type":"EntryPoint","urlTemplate":"https:\/\/gozz4all.com\/fr\/?s={search_term_string}"},"query-input":{"@type":"PropertyValueSpecification","valueRequired":true,"valueName":"search_term_string"}}],"inLanguage":"fr-FR"},{"@type":"Organization","@id":"https:\/\/gozz4all.com\/fr\/#organization","name":"Gozz4all","url":"https:\/\/gozz4all.com\/fr\/","logo":{"@type":"ImageObject","inLanguage":"fr-FR","@id":"https:\/\/gozz4all.com\/fr\/#\/schema\/logo\/image\/","url":"https:\/\/gozz4all.com\/wp-content\/uploads\/2020\/04\/Logo-ask-for-better-one.png","contentUrl":"https:\/\/gozz4all.com\/wp-content\/uploads\/2020\/04\/Logo-ask-for-better-one.png","width":146,"height":60,"caption":"Gozz4all"},"image":{"@id":"https:\/\/gozz4all.com\/fr\/#\/schema\/logo\/image\/"},"sameAs":["https:\/\/www.facebook.com\/gozz4all\/","https:\/\/www.instagram.com\/gozz4allfashion\/?hl=nl"]}]}},"_links":{"self":[{"href":"https:\/\/gozz4all.com\/fr\/wp-json\/wp\/v2\/product\/25829","targetHints":{"allow":["GET"]}}],"collection":[{"href":"https:\/\/gozz4all.com\/fr\/wp-json\/wp\/v2\/product"}],"about":[{"href":"https:\/\/gozz4all.com\/fr\/wp-json\/wp\/v2\/types\/product"}],"wp:featuredmedia":[{"embeddable":true,"href":"https:\/\/gozz4all.com\/fr\/wp-json\/wp\/v2\/media\/25790"}],"wp:attachment":[{"href":"https:\/\/gozz4all.com\/fr\/wp-json\/wp\/v2\/media?parent=25829"}],"wp:term":[{"taxonomy":"product_brand","embeddable":true,"href":"https:\/\/gozz4all.com\/fr\/wp-json\/wp\/v2\/product_brand?post=25829"},{"taxonomy":"product_cat","embeddable":true,"href":"https:\/\/gozz4all.com\/fr\/wp-json\/wp\/v2\/product_cat?post=25829"},{"taxonomy":"product_tag","embeddable":true,"href":"https:\/\/gozz4all.com\/fr\/wp-json\/wp\/v2\/product_tag?post=25829"}],"curies":[{"name":"wp","href":"https:\/\/api.w.org\/{rel}","templated":true}]}}