{"id":25815,"date":"2023-10-30T15:56:09","date_gmt":"2023-10-30T13:56:09","guid":{"rendered":"https:\/\/gozz4all.com\/?post_type=product&#038;p=25815"},"modified":"2025-08-13T11:01:32","modified_gmt":"2025-08-13T09:01:32","slug":"romper-huispak-pink","status":"publish","type":"product","link":"https:\/\/gozz4all.com\/fr\/product\/romper-huispak-pink\/","title":{"rendered":"Romper-huispak Pink"},"content":{"rendered":"<p><strong>Description<\/strong><br \/>\nRomper-huispak Pink<br \/>\nUn costume de corps\/jumpy\/maison confortable avec des shorts. Peut aussi \u00eatre utilis\u00e9 comme sous-v\u00eatement !<\/p>\n<p>La longueur int\u00e9rieure des jambes du short est de 11 cm. Il a \u00e9t\u00e9 con\u00e7u sp\u00e9cialement court pour pouvoir \u00eatre port\u00e9 sous d'autres v\u00eatements.<\/p>\n<p>Le tissu extensible est de haute qualit\u00e9. Il peut donc \u00eatre facilement lav\u00e9 plusieurs fois \u00e0 60\u00b0.<\/p>\n<p>Equip\u00e9 d'une fermeture \u00e9clair robuste de la marque Kroko<\/p>\n<p>Comme la fermeture \u00e9clair se trouve dans le dos, la personne ne peut pas se d\u00e9shabiller toute seule.<\/p>\n<p>Il est \u00e9galement possible d'installer une fermeture \u00e9clair entre les jambes pour faciliter le changement.<\/p>\n<p>Souhaitez-vous toujours avoir une modification ? Ensuite, vous pouvez toujours envoyer un courriel \u00e0 info@gozz.be pour que nous puissions l'examiner ensemble.<\/p>\n<p><strong>Convient pour\u00a0<\/strong><\/p>\n<ul>\n<li>les personnes ayant un comportement d\u00e9shabill\u00e9<\/li>\n<li>les personnes souffrant d'un handicap mental<\/li>\n<li>les personnes souffrant de probl\u00e8mes d'incontinence<\/li>\n<\/ul>\n<p><strong>Composition :<\/strong><br \/>\n95% Coton, 5% Elasthanne<\/p>\n<p>&nbsp;<\/p>","protected":false},"excerpt":{"rendered":"<p><strong>Description<\/strong><br \/>\nRomper-huispak Pink<br \/>\nUn costume de corps\/jumpy\/maison confortable avec des shorts. Peut aussi \u00eatre utilis\u00e9 comme sous-v\u00eatement !<\/p>\n<p>La longueur int\u00e9rieure des jambes du short est de 11 cm. Il a \u00e9t\u00e9 con\u00e7u sp\u00e9cialement court pour pouvoir \u00eatre port\u00e9 sous d'autres v\u00eatements.<\/p>\n<p>Le tissu extensible est de haute qualit\u00e9. Il peut donc \u00eatre facilement lav\u00e9 plusieurs fois \u00e0 60\u00b0.<br \/>\nComme la fermeture \u00e9clair se trouve dans le dos, la personne ne peut pas se d\u00e9shabiller toute seule.<\/p>\n<p>Il est \u00e9galement possible d'installer une fermeture \u00e9clair entre les jambes pour faciliter le changement.<\/p>\n<p>Souhaitez-vous toujours avoir une modification ? Ensuite, vous pouvez toujours envoyer un courriel \u00e0 info@gozz.be pour que nous puissions l'examiner ensemble.<\/p>\n<p><strong>Convient pour\u00a0<\/strong><\/p>\n<ul>\n<li>les personnes ayant un comportement d\u00e9shabill\u00e9<\/li>\n<li>les personnes souffrant d'un handicap mental<\/li>\n<li>les personnes souffrant de probl\u00e8mes d'incontinence<\/li>\n<\/ul>\n<p><strong>Composition :<\/strong><br \/>\n95% Coton, 5% Elasthanne<\/p>","protected":false},"featured_media":25799,"template":"","meta":[],"product_brand":[],"product_cat":[613,618,619,611,612,45,50],"product_tag":[],"class_list":{"0":"post-25815","1":"product","2":"type-product","3":"status-publish","4":"has-post-thumbnail","6":"product_cat-volwassenen","7":"product_cat-hansop-jumpys-huispak","8":"product_cat-slaapkleding","9":"product_cat-kids","10":"product_cat-ouderen-dementie","11":"product_cat-slaapkledij-hansop-jumpy-onesie-huispak-anti-uitkleed-kleding","12":"product_cat-body-romper","13":"pa_maat-m-2","14":"pa_maat-92-98","15":"pa_maat-xl-2","16":"pa_maat-104-110-2","17":"pa_maat-116-122-2","18":"pa_maat-4xl","19":"pa_maat-128-134-2","20":"pa_maat-5xl","21":"pa_maat-140-146-2","22":"pa_maat-xxl","23":"pa_maat-152-158-2","24":"pa_maat-l-2-fr","25":"pa_maat-164-170-2","26":"pa_maat-3xl","27":"pa_maat-176-182-2","28":"pa_maat-188-2","29":"pa_maat-s-2","30":"pa_sluiting-regular","31":"pa_sluiting-rits-onderaan-de-benen-binnezijde","32":"pa_uitvoering-regular","33":"pa_uitvoering-sonde","34":"pa_uitvoering-stoma","35":"pif-has-gallery","37":"first","38":"instock","39":"taxable","40":"shipping-taxable","41":"purchasable","42":"product-type-variable"},"yoast_head":"<!-- This site is optimized with the Yoast SEO plugin v27.2 - https:\/\/yoast.com\/product\/yoast-seo-wordpress\/ -->\n<title>Romper-huispak Pink | Gozz4All<\/title>\n<meta name=\"description\" content=\"Romper-huispak Pink. Kan ook dienen als onderkleding. Gozz4all- aangepaste kleding-smeer en plukgedrag- uitkleedgedrag- unisex\" \/>\n<meta name=\"robots\" content=\"index, follow, max-snippet:-1, max-image-preview:large, max-video-preview:-1\" \/>\n<link rel=\"canonical\" href=\"https:\/\/gozz4all.com\/fr\/produit\/romper-huispak-pink\/\" \/>\n<meta property=\"og:locale\" content=\"fr_FR\" \/>\n<meta property=\"og:type\" content=\"article\" \/>\n<meta property=\"og:title\" content=\"Romper-huispak Pink | Gozz4All\" \/>\n<meta property=\"og:description\" content=\"Romper-huispak Pink. Kan ook dienen als onderkleding. Gozz4all- aangepaste kleding-smeer en plukgedrag- uitkleedgedrag- unisex\" \/>\n<meta property=\"og:url\" content=\"https:\/\/gozz4all.com\/fr\/produit\/romper-huispak-pink\/\" \/>\n<meta property=\"og:site_name\" content=\"Gozz4All\" \/>\n<meta property=\"article:publisher\" content=\"https:\/\/www.facebook.com\/gozz4all\/\" \/>\n<meta property=\"article:modified_time\" content=\"2025-08-13T09:01:32+00:00\" \/>\n<meta property=\"og:image\" content=\"https:\/\/gozz4all.com\/wp-content\/uploads\/2023\/10\/jumpy-roze.png\" \/>\n\t<meta property=\"og:image:width\" content=\"1200\" \/>\n\t<meta property=\"og:image:height\" content=\"1600\" \/>\n\t<meta property=\"og:image:type\" content=\"image\/png\" \/>\n<meta name=\"twitter:card\" content=\"summary_large_image\" \/>\n<meta name=\"twitter:label1\" content=\"Dur\u00e9e de lecture estim\u00e9e\" \/>\n\t<meta name=\"twitter:data1\" content=\"1 minute\" \/>\n<script type=\"application\/ld+json\" class=\"yoast-schema-graph\">{\"@context\":\"https:\/\/schema.org\",\"@graph\":[{\"@type\":\"WebPage\",\"@id\":\"https:\/\/gozz4all.com\/product\/romper-huispak-pink\/\",\"url\":\"https:\/\/gozz4all.com\/product\/romper-huispak-pink\/\",\"name\":\"Romper-huispak Pink | Gozz4All\",\"isPartOf\":{\"@id\":\"https:\/\/gozz4all.com\/fr\/#website\"},\"primaryImageOfPage\":{\"@id\":\"https:\/\/gozz4all.com\/product\/romper-huispak-pink\/#primaryimage\"},\"image\":{\"@id\":\"https:\/\/gozz4all.com\/product\/romper-huispak-pink\/#primaryimage\"},\"thumbnailUrl\":\"https:\/\/gozz4all.com\/wp-content\/uploads\/2023\/10\/jumpy-roze.png\",\"datePublished\":\"2023-10-30T13:56:09+00:00\",\"dateModified\":\"2025-08-13T09:01:32+00:00\",\"description\":\"Romper-huispak Pink. Kan ook dienen als onderkleding. Gozz4all- aangepaste kleding-smeer en plukgedrag- uitkleedgedrag- unisex\",\"breadcrumb\":{\"@id\":\"https:\/\/gozz4all.com\/product\/romper-huispak-pink\/#breadcrumb\"},\"inLanguage\":\"fr-FR\",\"potentialAction\":[{\"@type\":\"ReadAction\",\"target\":[\"https:\/\/gozz4all.com\/product\/romper-huispak-pink\/\"]}]},{\"@type\":\"ImageObject\",\"inLanguage\":\"fr-FR\",\"@id\":\"https:\/\/gozz4all.com\/product\/romper-huispak-pink\/#primaryimage\",\"url\":\"https:\/\/gozz4all.com\/wp-content\/uploads\/2023\/10\/jumpy-roze.png\",\"contentUrl\":\"https:\/\/gozz4all.com\/wp-content\/uploads\/2023\/10\/jumpy-roze.png\",\"width\":1200,\"height\":1600,\"caption\":\"Romper-huispak Pink\"},{\"@type\":\"BreadcrumbList\",\"@id\":\"https:\/\/gozz4all.com\/product\/romper-huispak-pink\/#breadcrumb\",\"itemListElement\":[{\"@type\":\"ListItem\",\"position\":1,\"name\":\"Home\",\"item\":\"https:\/\/gozz4all.com\/\"},{\"@type\":\"ListItem\",\"position\":2,\"name\":\"Producten\",\"item\":\"https:\/\/gozz4all.com\/shop\/\"},{\"@type\":\"ListItem\",\"position\":3,\"name\":\"Romper-huispak Pink\"}]},{\"@type\":\"WebSite\",\"@id\":\"https:\/\/gozz4all.com\/fr\/#website\",\"url\":\"https:\/\/gozz4all.com\/fr\/\",\"name\":\"Gozz4All\",\"description\":\"Gozz4All\",\"publisher\":{\"@id\":\"https:\/\/gozz4all.com\/fr\/#organization\"},\"potentialAction\":[{\"@type\":\"SearchAction\",\"target\":{\"@type\":\"EntryPoint\",\"urlTemplate\":\"https:\/\/gozz4all.com\/fr\/?s={search_term_string}\"},\"query-input\":{\"@type\":\"PropertyValueSpecification\",\"valueRequired\":true,\"valueName\":\"search_term_string\"}}],\"inLanguage\":\"fr-FR\"},{\"@type\":\"Organization\",\"@id\":\"https:\/\/gozz4all.com\/fr\/#organization\",\"name\":\"Gozz4all\",\"url\":\"https:\/\/gozz4all.com\/fr\/\",\"logo\":{\"@type\":\"ImageObject\",\"inLanguage\":\"fr-FR\",\"@id\":\"https:\/\/gozz4all.com\/fr\/#\/schema\/logo\/image\/\",\"url\":\"https:\/\/gozz4all.com\/wp-content\/uploads\/2020\/04\/Logo-ask-for-better-one.png\",\"contentUrl\":\"https:\/\/gozz4all.com\/wp-content\/uploads\/2020\/04\/Logo-ask-for-better-one.png\",\"width\":146,\"height\":60,\"caption\":\"Gozz4all\"},\"image\":{\"@id\":\"https:\/\/gozz4all.com\/fr\/#\/schema\/logo\/image\/\"},\"sameAs\":[\"https:\/\/www.facebook.com\/gozz4all\/\",\"https:\/\/www.instagram.com\/gozz4allfashion\/?hl=nl\"]}]}<\/script>\n<!-- \/ Yoast SEO plugin. -->","yoast_head_json":{"title":"Romper-huispak Pink | Gozz4All","description":"Romper-huispak Pink. Kan ook dienen als onderkleding. Gozz4all- aangepaste kleding-smeer en plukgedrag- uitkleedgedrag- unisex","robots":{"index":"index","follow":"follow","max-snippet":"max-snippet:-1","max-image-preview":"max-image-preview:large","max-video-preview":"max-video-preview:-1"},"canonical":"https:\/\/gozz4all.com\/fr\/produit\/romper-huispak-pink\/","og_locale":"fr_FR","og_type":"article","og_title":"Romper-huispak Pink | Gozz4All","og_description":"Romper-huispak Pink. Kan ook dienen als onderkleding. Gozz4all- aangepaste kleding-smeer en plukgedrag- uitkleedgedrag- unisex","og_url":"https:\/\/gozz4all.com\/fr\/produit\/romper-huispak-pink\/","og_site_name":"Gozz4All","article_publisher":"https:\/\/www.facebook.com\/gozz4all\/","article_modified_time":"2025-08-13T09:01:32+00:00","og_image":[{"width":1200,"height":1600,"url":"https:\/\/gozz4all.com\/wp-content\/uploads\/2023\/10\/jumpy-roze.png","type":"image\/png"}],"twitter_card":"summary_large_image","twitter_misc":{"Dur\u00e9e de lecture estim\u00e9e":"1 minute"},"schema":{"@context":"https:\/\/schema.org","@graph":[{"@type":"WebPage","@id":"https:\/\/gozz4all.com\/product\/romper-huispak-pink\/","url":"https:\/\/gozz4all.com\/product\/romper-huispak-pink\/","name":"Romper-huispak Pink | Gozz4All","isPartOf":{"@id":"https:\/\/gozz4all.com\/fr\/#website"},"primaryImageOfPage":{"@id":"https:\/\/gozz4all.com\/product\/romper-huispak-pink\/#primaryimage"},"image":{"@id":"https:\/\/gozz4all.com\/product\/romper-huispak-pink\/#primaryimage"},"thumbnailUrl":"https:\/\/gozz4all.com\/wp-content\/uploads\/2023\/10\/jumpy-roze.png","datePublished":"2023-10-30T13:56:09+00:00","dateModified":"2025-08-13T09:01:32+00:00","description":"Romper-huispak Pink. Kan ook dienen als onderkleding. Gozz4all- aangepaste kleding-smeer en plukgedrag- uitkleedgedrag- unisex","breadcrumb":{"@id":"https:\/\/gozz4all.com\/product\/romper-huispak-pink\/#breadcrumb"},"inLanguage":"fr-FR","potentialAction":[{"@type":"ReadAction","target":["https:\/\/gozz4all.com\/product\/romper-huispak-pink\/"]}]},{"@type":"ImageObject","inLanguage":"fr-FR","@id":"https:\/\/gozz4all.com\/product\/romper-huispak-pink\/#primaryimage","url":"https:\/\/gozz4all.com\/wp-content\/uploads\/2023\/10\/jumpy-roze.png","contentUrl":"https:\/\/gozz4all.com\/wp-content\/uploads\/2023\/10\/jumpy-roze.png","width":1200,"height":1600,"caption":"Romper-huispak Pink"},{"@type":"BreadcrumbList","@id":"https:\/\/gozz4all.com\/product\/romper-huispak-pink\/#breadcrumb","itemListElement":[{"@type":"ListItem","position":1,"name":"Home","item":"https:\/\/gozz4all.com\/"},{"@type":"ListItem","position":2,"name":"Producten","item":"https:\/\/gozz4all.com\/shop\/"},{"@type":"ListItem","position":3,"name":"Romper-huispak Pink"}]},{"@type":"WebSite","@id":"https:\/\/gozz4all.com\/fr\/#website","url":"https:\/\/gozz4all.com\/fr\/","name":"Gozz4All","description":"Gozz4All","publisher":{"@id":"https:\/\/gozz4all.com\/fr\/#organization"},"potentialAction":[{"@type":"SearchAction","target":{"@type":"EntryPoint","urlTemplate":"https:\/\/gozz4all.com\/fr\/?s={search_term_string}"},"query-input":{"@type":"PropertyValueSpecification","valueRequired":true,"valueName":"search_term_string"}}],"inLanguage":"fr-FR"},{"@type":"Organization","@id":"https:\/\/gozz4all.com\/fr\/#organization","name":"Gozz4all","url":"https:\/\/gozz4all.com\/fr\/","logo":{"@type":"ImageObject","inLanguage":"fr-FR","@id":"https:\/\/gozz4all.com\/fr\/#\/schema\/logo\/image\/","url":"https:\/\/gozz4all.com\/wp-content\/uploads\/2020\/04\/Logo-ask-for-better-one.png","contentUrl":"https:\/\/gozz4all.com\/wp-content\/uploads\/2020\/04\/Logo-ask-for-better-one.png","width":146,"height":60,"caption":"Gozz4all"},"image":{"@id":"https:\/\/gozz4all.com\/fr\/#\/schema\/logo\/image\/"},"sameAs":["https:\/\/www.facebook.com\/gozz4all\/","https:\/\/www.instagram.com\/gozz4allfashion\/?hl=nl"]}]}},"_links":{"self":[{"href":"https:\/\/gozz4all.com\/fr\/wp-json\/wp\/v2\/product\/25815","targetHints":{"allow":["GET"]}}],"collection":[{"href":"https:\/\/gozz4all.com\/fr\/wp-json\/wp\/v2\/product"}],"about":[{"href":"https:\/\/gozz4all.com\/fr\/wp-json\/wp\/v2\/types\/product"}],"wp:featuredmedia":[{"embeddable":true,"href":"https:\/\/gozz4all.com\/fr\/wp-json\/wp\/v2\/media\/25799"}],"wp:attachment":[{"href":"https:\/\/gozz4all.com\/fr\/wp-json\/wp\/v2\/media?parent=25815"}],"wp:term":[{"taxonomy":"product_brand","embeddable":true,"href":"https:\/\/gozz4all.com\/fr\/wp-json\/wp\/v2\/product_brand?post=25815"},{"taxonomy":"product_cat","embeddable":true,"href":"https:\/\/gozz4all.com\/fr\/wp-json\/wp\/v2\/product_cat?post=25815"},{"taxonomy":"product_tag","embeddable":true,"href":"https:\/\/gozz4all.com\/fr\/wp-json\/wp\/v2\/product_tag?post=25815"}],"curies":[{"name":"wp","href":"https:\/\/api.w.org\/{rel}","templated":true}]}}