{"id":25610,"date":"2023-10-15T14:32:57","date_gmt":"2023-10-15T12:32:57","guid":{"rendered":"https:\/\/gozz4all.com\/?post_type=product&#038;p=25610"},"modified":"2025-08-14T09:51:26","modified_gmt":"2025-08-14T07:51:26","slug":"softshell-jas-aanpasbaar-fris-blauw","status":"publish","type":"product","link":"https:\/\/gozz4all.com\/fr\/product\/softshell-jas-aanpasbaar-fris-blauw\/","title":{"rendered":"Veste softshell adaptable-Bleu frais"},"content":{"rendered":"<p>Veste softshell adaptable-Bleu frais<br \/>\nLa veste softshell contient un mat\u00e9riau extensible qui assure un confort optimal et une grande libert\u00e9 de mouvement. L'utilisation d'une couche interm\u00e9diaire en PU rend la veste respirante et d\u00e9perlante.<br \/>\nElle se compose d'un certain nombre de couches \u00e9troitement tiss\u00e9es. Ainsi, la veste vous garde au chaud.<br \/>\nProt\u00e9gez-vous du vent et de la pluie fine avec nos diff\u00e9rents mod\u00e8les de softshells<br \/>\nNous vous proposons une large collection de vestes softshell tendance pour hommes, femmes et enfants, pour toutes les activit\u00e9s et dans toutes les couleurs.<br \/>\nFermeture \u00e0 glissi\u00e8re sur le devant et poches lat\u00e9rales. Possible avec capuche amovible.<br \/>\nLa capuche est munie d'un cordon de serrage qui peut \u00eatre resserr\u00e9 pour un bon ajustement.<br \/>\nPossibilit\u00e9 d'ajouter une fermeture \u00e9clair magn\u00e9tique \u00e0 l'avant.<br \/>\nDes fermetures \u00e0 glissi\u00e8re peuvent \u00e9galement \u00eatre pr\u00e9vues dans les manches pour faciliter l'enfilage et le d\u00e9senfilage. (Bas de la manche, du poignet \u00e0 l'aisselle).<br \/>\nPour une personne en fauteuil roulant, il est possible de laisser le dossier \u00e0 moiti\u00e9 ouvert, de mani\u00e8re \u00e0 ce qu'elle puisse s'asseoir confortablement.<br \/>\nLe bas de la veste et des manches est termin\u00e9 par un \u00e9troit ourlet \u00e9lastiqu\u00e9.<br \/>\nEn bas et \u00e0 l'int\u00e9rieur, il y a un \u00e9lastique suppl\u00e9mentaire qui permet de le tirer si n\u00e9cessaire pour qu'il s'ajuste bien.<a href=\"https:\/\/gozz4all.com\/fr\/volwassenen\/softshell-jas-aanpasbaar-fris-blauw\/\">Veste softshell adaptable-Bleu frais<\/a><\/p>\n<p>Choisissez la mati\u00e8re, les caract\u00e9ristiques ou la couleur de votre veste softshell pr\u00e9f\u00e9r\u00e9e. Chez Gozz, vous trouverez des vestes softshell pour l'\u00e9t\u00e9 et des vestes softshell pour l'hiver avec une doublure chaude.<br \/>\nVous pouvez opter pour une finition standard : il s'agit uniquement du sofshell sans doublure.<br \/>\nSi vous pr\u00e9f\u00e9rez avoir plus chaud, vous pouvez choisir la finition Micro fleece. Elle est merveilleusement douce et chaude.<br \/>\nIl est \u00e9galement possible de faire imprimer votre veste softshell. Demandez plus d'informations \u00e0 : info@gozz.be<br \/>\nInstructions de lavage : jusqu'\u00e0 60\u00b0.<br \/>\nPossibilit\u00e9 de s\u00e9cher dans le s\u00e8che-linge.<br \/>\nTenir compte du r\u00e9tr\u00e9cissement de 5%<\/p>","protected":false},"excerpt":{"rendered":"<p>Veste softshell adaptable-Bleu frais<br \/>\nLa veste softshell contient un mat\u00e9riau extensible qui assure un confort optimal et une grande libert\u00e9 de mouvement. L'utilisation d'une couche interm\u00e9diaire en PU rend la veste respirante et d\u00e9perlante.<br \/>\nElle se compose d'un certain nombre de couches \u00e9troitement tiss\u00e9es. Ainsi, la veste vous garde au chaud.<br \/>\nProt\u00e9gez-vous du vent et de la pluie fine avec nos diff\u00e9rents mod\u00e8les de softshells<br \/>\nNous vous proposons une large collection de vestes softshell tendance pour hommes, femmes et enfants, pour toutes les activit\u00e9s et dans toutes les couleurs.<br \/>\nFermeture \u00e0 glissi\u00e8re sur le devant et poches lat\u00e9rales. Possible avec capuche amovible.<br \/>\nLa capuche est munie d'un cordon de serrage qui peut \u00eatre resserr\u00e9 pour un bon ajustement.<br \/>\nPossibilit\u00e9 d'ajouter une fermeture \u00e9clair magn\u00e9tique \u00e0 l'avant.<br \/>\nDes fermetures \u00e0 glissi\u00e8re peuvent \u00e9galement \u00eatre pr\u00e9vues dans les manches pour faciliter l'enfilage et le d\u00e9senfilage. (Bas de la manche, du poignet \u00e0 l'aisselle).<br \/>\nPour une personne en fauteuil roulant, il est possible de laisser le dossier \u00e0 moiti\u00e9 ouvert, de mani\u00e8re \u00e0 ce qu'elle puisse s'asseoir confortablement.<br \/>\nLe bas de la veste et des manches est termin\u00e9 par un \u00e9troit ourlet \u00e9lastiqu\u00e9.<br \/>\nEn bas et \u00e0 l'int\u00e9rieur, il y a un \u00e9lastique suppl\u00e9mentaire qui permet de le tirer si n\u00e9cessaire pour qu'il s'ajuste bien.<br \/>\nLe site<br \/>\nChoisissez la mati\u00e8re, les caract\u00e9ristiques ou la couleur de votre veste softshell pr\u00e9f\u00e9r\u00e9e. Chez Gozz, vous trouverez des vestes softshell pour l'\u00e9t\u00e9 et des vestes softshell pour l'hiver avec une doublure chaude.<br \/>\nVous pouvez opter pour une finition standard : il s'agit uniquement du sofshell sans doublure.<br \/>\nSi vous pr\u00e9f\u00e9rez avoir plus chaud, vous pouvez choisir la finition Micro fleece. Elle est merveilleusement douce et chaude.<br \/>\nIl est \u00e9galement possible de faire imprimer votre veste softshell. Demandez plus d'informations \u00e0 : info@gozz.be<br \/>\nInstructions de lavage : jusqu'\u00e0 60\u00b0.<br \/>\nPossibilit\u00e9 de s\u00e9cher dans le s\u00e8che-linge.<br \/>\nTenir compte du r\u00e9tr\u00e9cissement de 5%<\/p>","protected":false},"featured_media":25611,"template":"","meta":[],"product_brand":[],"product_cat":[611,613,662,49],"product_tag":[],"class_list":{"0":"post-25610","1":"product","2":"type-product","3":"status-publish","4":"has-post-thumbnail","6":"product_cat-kids","7":"product_cat-volwassenen","8":"product_cat-kleding","9":"product_cat-rolstoel-capes-rolstoeljas-voetenzak","10":"pa_maat-4xl","11":"pa_maat-5xl","12":"pa_maat-128-134-2","13":"pa_maat-6xl","14":"pa_maat-140-146-2","15":"pa_maat-7xl","16":"pa_maat-152-158-2","17":"pa_maat-164-170-2","18":"pa_maat-2xl","19":"pa_maat-176-182-2","20":"pa_maat-3xl","21":"pa_maat-s-2","22":"pa_maat-xl-2","23":"pa_maat-m-2-en","24":"pa_maat-l-2-fr","25":"pa_model-afritsbare-capuchon","26":"pa_model-standaard","27":"pa_model-rits-in-de-mouwen","28":"pa_sluiting-standaard","29":"pa_sluiting-magnetische-rist-voorzijde","30":"pa_uitvoering-standaard-model","31":"pa_uitvoering-rugpand-enkel-bovenaan-schouders-met-velcrosluiting","32":"pif-has-gallery","34":"first","35":"instock","36":"taxable","37":"shipping-taxable","38":"purchasable","39":"product-type-variable"},"yoast_head":"<!-- This site is optimized with the Yoast SEO plugin v27.2 - https:\/\/yoast.com\/product\/yoast-seo-wordpress\/ -->\n<title>Softshell jas aanpasbaar-Fris blauw | Gozz4All<\/title>\n<meta name=\"description\" content=\"Softshell jas aanpasbaar-Fris blauw. Bescherm jezelf tegen de wind en koude met onze verschillende aanpasbare modellen softshell. Gozz4all.com\" \/>\n<meta name=\"robots\" content=\"index, follow, max-snippet:-1, max-image-preview:large, max-video-preview:-1\" \/>\n<link rel=\"canonical\" href=\"https:\/\/gozz4all.com\/fr\/produit\/softshell-jas-aanpasbaar-fris-blauw\/\" \/>\n<meta property=\"og:locale\" content=\"fr_FR\" \/>\n<meta property=\"og:type\" content=\"article\" \/>\n<meta property=\"og:title\" content=\"Softshell jas aanpasbaar-Fris blauw | Gozz4All\" \/>\n<meta property=\"og:description\" content=\"Softshell jas aanpasbaar-Fris blauw. Bescherm jezelf tegen de wind en koude met onze verschillende aanpasbare modellen softshell. Gozz4all.com\" \/>\n<meta property=\"og:url\" content=\"https:\/\/gozz4all.com\/fr\/produit\/softshell-jas-aanpasbaar-fris-blauw\/\" \/>\n<meta property=\"og:site_name\" content=\"Gozz4All\" \/>\n<meta property=\"article:publisher\" content=\"https:\/\/www.facebook.com\/gozz4all\/\" \/>\n<meta property=\"article:modified_time\" content=\"2025-08-14T07:51:26+00:00\" \/>\n<meta property=\"og:image\" content=\"https:\/\/gozz4all.com\/wp-content\/uploads\/2023\/10\/DSC_0062-687x1030.png\" \/>\n\t<meta property=\"og:image:width\" content=\"687\" \/>\n\t<meta property=\"og:image:height\" content=\"1030\" \/>\n\t<meta property=\"og:image:type\" content=\"image\/png\" \/>\n<meta name=\"twitter:card\" content=\"summary_large_image\" \/>\n<meta name=\"twitter:label1\" content=\"Dur\u00e9e de lecture estim\u00e9e\" \/>\n\t<meta name=\"twitter:data1\" content=\"2 minutes\" \/>\n<script type=\"application\/ld+json\" class=\"yoast-schema-graph\">{\"@context\":\"https:\/\/schema.org\",\"@graph\":[{\"@type\":\"WebPage\",\"@id\":\"https:\/\/gozz4all.com\/product\/softshell-jas-aanpasbaar-fris-blauw\/\",\"url\":\"https:\/\/gozz4all.com\/product\/softshell-jas-aanpasbaar-fris-blauw\/\",\"name\":\"Softshell jas aanpasbaar-Fris blauw | Gozz4All\",\"isPartOf\":{\"@id\":\"https:\/\/gozz4all.com\/fr\/#website\"},\"primaryImageOfPage\":{\"@id\":\"https:\/\/gozz4all.com\/product\/softshell-jas-aanpasbaar-fris-blauw\/#primaryimage\"},\"image\":{\"@id\":\"https:\/\/gozz4all.com\/product\/softshell-jas-aanpasbaar-fris-blauw\/#primaryimage\"},\"thumbnailUrl\":\"https:\/\/gozz4all.com\/wp-content\/uploads\/2023\/10\/DSC_0062.png\",\"datePublished\":\"2023-10-15T12:32:57+00:00\",\"dateModified\":\"2025-08-14T07:51:26+00:00\",\"description\":\"Softshell jas aanpasbaar-Fris blauw. Bescherm jezelf tegen de wind en koude met onze verschillende aanpasbare modellen softshell. Gozz4all.com\",\"breadcrumb\":{\"@id\":\"https:\/\/gozz4all.com\/product\/softshell-jas-aanpasbaar-fris-blauw\/#breadcrumb\"},\"inLanguage\":\"fr-FR\",\"potentialAction\":[{\"@type\":\"ReadAction\",\"target\":[\"https:\/\/gozz4all.com\/product\/softshell-jas-aanpasbaar-fris-blauw\/\"]}]},{\"@type\":\"ImageObject\",\"inLanguage\":\"fr-FR\",\"@id\":\"https:\/\/gozz4all.com\/product\/softshell-jas-aanpasbaar-fris-blauw\/#primaryimage\",\"url\":\"https:\/\/gozz4all.com\/wp-content\/uploads\/2023\/10\/DSC_0062.png\",\"contentUrl\":\"https:\/\/gozz4all.com\/wp-content\/uploads\/2023\/10\/DSC_0062.png\",\"width\":4000,\"height\":6000,\"caption\":\"Softshell jas aanpasbaar-Fris blauw\"},{\"@type\":\"BreadcrumbList\",\"@id\":\"https:\/\/gozz4all.com\/product\/softshell-jas-aanpasbaar-fris-blauw\/#breadcrumb\",\"itemListElement\":[{\"@type\":\"ListItem\",\"position\":1,\"name\":\"Home\",\"item\":\"https:\/\/gozz4all.com\/\"},{\"@type\":\"ListItem\",\"position\":2,\"name\":\"Producten\",\"item\":\"https:\/\/gozz4all.com\/shop\/\"},{\"@type\":\"ListItem\",\"position\":3,\"name\":\"Softshell jas aanpasbaar-Fris blauw\"}]},{\"@type\":\"WebSite\",\"@id\":\"https:\/\/gozz4all.com\/fr\/#website\",\"url\":\"https:\/\/gozz4all.com\/fr\/\",\"name\":\"Gozz4All\",\"description\":\"Gozz4All\",\"publisher\":{\"@id\":\"https:\/\/gozz4all.com\/fr\/#organization\"},\"potentialAction\":[{\"@type\":\"SearchAction\",\"target\":{\"@type\":\"EntryPoint\",\"urlTemplate\":\"https:\/\/gozz4all.com\/fr\/?s={search_term_string}\"},\"query-input\":{\"@type\":\"PropertyValueSpecification\",\"valueRequired\":true,\"valueName\":\"search_term_string\"}}],\"inLanguage\":\"fr-FR\"},{\"@type\":\"Organization\",\"@id\":\"https:\/\/gozz4all.com\/fr\/#organization\",\"name\":\"Gozz4all\",\"url\":\"https:\/\/gozz4all.com\/fr\/\",\"logo\":{\"@type\":\"ImageObject\",\"inLanguage\":\"fr-FR\",\"@id\":\"https:\/\/gozz4all.com\/fr\/#\/schema\/logo\/image\/\",\"url\":\"https:\/\/gozz4all.com\/wp-content\/uploads\/2020\/04\/Logo-ask-for-better-one.png\",\"contentUrl\":\"https:\/\/gozz4all.com\/wp-content\/uploads\/2020\/04\/Logo-ask-for-better-one.png\",\"width\":146,\"height\":60,\"caption\":\"Gozz4all\"},\"image\":{\"@id\":\"https:\/\/gozz4all.com\/fr\/#\/schema\/logo\/image\/\"},\"sameAs\":[\"https:\/\/www.facebook.com\/gozz4all\/\",\"https:\/\/www.instagram.com\/gozz4allfashion\/?hl=nl\"]}]}<\/script>\n<!-- \/ Yoast SEO plugin. -->","yoast_head_json":{"title":"Softshell jas aanpasbaar-Fris blauw | Gozz4All","description":"Softshell jas aanpasbaar-Fris blauw. Bescherm jezelf tegen de wind en koude met onze verschillende aanpasbare modellen softshell. Gozz4all.com","robots":{"index":"index","follow":"follow","max-snippet":"max-snippet:-1","max-image-preview":"max-image-preview:large","max-video-preview":"max-video-preview:-1"},"canonical":"https:\/\/gozz4all.com\/fr\/produit\/softshell-jas-aanpasbaar-fris-blauw\/","og_locale":"fr_FR","og_type":"article","og_title":"Softshell jas aanpasbaar-Fris blauw | Gozz4All","og_description":"Softshell jas aanpasbaar-Fris blauw. Bescherm jezelf tegen de wind en koude met onze verschillende aanpasbare modellen softshell. Gozz4all.com","og_url":"https:\/\/gozz4all.com\/fr\/produit\/softshell-jas-aanpasbaar-fris-blauw\/","og_site_name":"Gozz4All","article_publisher":"https:\/\/www.facebook.com\/gozz4all\/","article_modified_time":"2025-08-14T07:51:26+00:00","og_image":[{"width":687,"height":1030,"url":"https:\/\/gozz4all.com\/wp-content\/uploads\/2023\/10\/DSC_0062-687x1030.png","type":"image\/png"}],"twitter_card":"summary_large_image","twitter_misc":{"Dur\u00e9e de lecture estim\u00e9e":"2 minutes"},"schema":{"@context":"https:\/\/schema.org","@graph":[{"@type":"WebPage","@id":"https:\/\/gozz4all.com\/product\/softshell-jas-aanpasbaar-fris-blauw\/","url":"https:\/\/gozz4all.com\/product\/softshell-jas-aanpasbaar-fris-blauw\/","name":"Softshell jas aanpasbaar-Fris blauw | Gozz4All","isPartOf":{"@id":"https:\/\/gozz4all.com\/fr\/#website"},"primaryImageOfPage":{"@id":"https:\/\/gozz4all.com\/product\/softshell-jas-aanpasbaar-fris-blauw\/#primaryimage"},"image":{"@id":"https:\/\/gozz4all.com\/product\/softshell-jas-aanpasbaar-fris-blauw\/#primaryimage"},"thumbnailUrl":"https:\/\/gozz4all.com\/wp-content\/uploads\/2023\/10\/DSC_0062.png","datePublished":"2023-10-15T12:32:57+00:00","dateModified":"2025-08-14T07:51:26+00:00","description":"Softshell jas aanpasbaar-Fris blauw. Bescherm jezelf tegen de wind en koude met onze verschillende aanpasbare modellen softshell. Gozz4all.com","breadcrumb":{"@id":"https:\/\/gozz4all.com\/product\/softshell-jas-aanpasbaar-fris-blauw\/#breadcrumb"},"inLanguage":"fr-FR","potentialAction":[{"@type":"ReadAction","target":["https:\/\/gozz4all.com\/product\/softshell-jas-aanpasbaar-fris-blauw\/"]}]},{"@type":"ImageObject","inLanguage":"fr-FR","@id":"https:\/\/gozz4all.com\/product\/softshell-jas-aanpasbaar-fris-blauw\/#primaryimage","url":"https:\/\/gozz4all.com\/wp-content\/uploads\/2023\/10\/DSC_0062.png","contentUrl":"https:\/\/gozz4all.com\/wp-content\/uploads\/2023\/10\/DSC_0062.png","width":4000,"height":6000,"caption":"Softshell jas aanpasbaar-Fris blauw"},{"@type":"BreadcrumbList","@id":"https:\/\/gozz4all.com\/product\/softshell-jas-aanpasbaar-fris-blauw\/#breadcrumb","itemListElement":[{"@type":"ListItem","position":1,"name":"Home","item":"https:\/\/gozz4all.com\/"},{"@type":"ListItem","position":2,"name":"Producten","item":"https:\/\/gozz4all.com\/shop\/"},{"@type":"ListItem","position":3,"name":"Softshell jas aanpasbaar-Fris blauw"}]},{"@type":"WebSite","@id":"https:\/\/gozz4all.com\/fr\/#website","url":"https:\/\/gozz4all.com\/fr\/","name":"Gozz4All","description":"Gozz4All","publisher":{"@id":"https:\/\/gozz4all.com\/fr\/#organization"},"potentialAction":[{"@type":"SearchAction","target":{"@type":"EntryPoint","urlTemplate":"https:\/\/gozz4all.com\/fr\/?s={search_term_string}"},"query-input":{"@type":"PropertyValueSpecification","valueRequired":true,"valueName":"search_term_string"}}],"inLanguage":"fr-FR"},{"@type":"Organization","@id":"https:\/\/gozz4all.com\/fr\/#organization","name":"Gozz4all","url":"https:\/\/gozz4all.com\/fr\/","logo":{"@type":"ImageObject","inLanguage":"fr-FR","@id":"https:\/\/gozz4all.com\/fr\/#\/schema\/logo\/image\/","url":"https:\/\/gozz4all.com\/wp-content\/uploads\/2020\/04\/Logo-ask-for-better-one.png","contentUrl":"https:\/\/gozz4all.com\/wp-content\/uploads\/2020\/04\/Logo-ask-for-better-one.png","width":146,"height":60,"caption":"Gozz4all"},"image":{"@id":"https:\/\/gozz4all.com\/fr\/#\/schema\/logo\/image\/"},"sameAs":["https:\/\/www.facebook.com\/gozz4all\/","https:\/\/www.instagram.com\/gozz4allfashion\/?hl=nl"]}]}},"_links":{"self":[{"href":"https:\/\/gozz4all.com\/fr\/wp-json\/wp\/v2\/product\/25610","targetHints":{"allow":["GET"]}}],"collection":[{"href":"https:\/\/gozz4all.com\/fr\/wp-json\/wp\/v2\/product"}],"about":[{"href":"https:\/\/gozz4all.com\/fr\/wp-json\/wp\/v2\/types\/product"}],"wp:featuredmedia":[{"embeddable":true,"href":"https:\/\/gozz4all.com\/fr\/wp-json\/wp\/v2\/media\/25611"}],"wp:attachment":[{"href":"https:\/\/gozz4all.com\/fr\/wp-json\/wp\/v2\/media?parent=25610"}],"wp:term":[{"taxonomy":"product_brand","embeddable":true,"href":"https:\/\/gozz4all.com\/fr\/wp-json\/wp\/v2\/product_brand?post=25610"},{"taxonomy":"product_cat","embeddable":true,"href":"https:\/\/gozz4all.com\/fr\/wp-json\/wp\/v2\/product_cat?post=25610"},{"taxonomy":"product_tag","embeddable":true,"href":"https:\/\/gozz4all.com\/fr\/wp-json\/wp\/v2\/product_tag?post=25610"}],"curies":[{"name":"wp","href":"https:\/\/api.w.org\/{rel}","templated":true}]}}