{"id":25398,"date":"2023-10-12T14:32:17","date_gmt":"2023-10-12T12:32:17","guid":{"rendered":"https:\/\/gozz4all.com\/?post_type=product&#038;p=25398"},"modified":"2025-01-21T11:54:12","modified_gmt":"2025-01-21T09:54:12","slug":"pyjama-huispak-hansop-tractor","status":"publish","type":"product","link":"https:\/\/gozz4all.com\/fr\/product\/pyjama-huispak-hansop-tractor\/","title":{"rendered":"Pajama-maison-combinaison-hansop-Tracteur"},"content":{"rendered":"<p><strong>Description<\/strong><br \/>\n<a href=\"https:\/\/gozz4all.com\/fr\/slaapkledij-hansop-jumpy-onesie-huispak-anti-uitkleed-kleding\/hansop-jumpys-huispak\/\">Pyjama-combinaison-hansop-triangle bleu<\/a><br \/>\nPajama-maison-combinaison-hansop-Tracteur<br \/>\nIl s'agit d'une bonne \u00e9tape interm\u00e9diaire pour les personnes qui ont un comportement de d\u00e9shabillage et d'\u00e9talement.<\/p>\n<p>Comme la fermeture \u00e9clair se trouve dans le dos, la personne ne peut pas se d\u00e9shabiller toute seule.<\/p>\n<p>Au-dessus de la fermeture \u00e0 glissi\u00e8re se trouve un rabat de tissu qu'il faut d'abord replier avant de pouvoir ouvrir le pyjama. Cela rend la fermeture \u00e9clair plus difficile \u00e0 ouvrir.<\/p>\n<p>En outre, cette pi\u00e8ce de tissu emp\u00eache la fermeture \u00e9clair d'irriter le cou. Il ne pose aucun probl\u00e8me lorsqu'on s'allonge dessus.<\/p>\n<p>R\u00e9alis\u00e9 dans un agr\u00e9able tissu jersey en coton 95%, avec le label de qualit\u00e9 Oeko. Il est donc extensible.<\/p>\n<p>Cela ne convient pas aux personnes qui d\u00e9chirent vraiment. (Vous trouverez des v\u00eatements et des outils pour cela sur la page anti-arrachement de ce site).<\/p>\n<p>Il y a un espace suppl\u00e9mentaire pour le mat\u00e9riel d'incontinence, ce qui le rend tr\u00e8s confortable \u00e0 porter. Il est particuli\u00e8rement adapt\u00e9 aux personnes ayant un comportement impulsif, comme celles souffrant de la maladie d'Alzheimer ou de d\u00e9mence, car il emp\u00eache l'acc\u00e8s au mat\u00e9riel d'incontinence et \u00e9vite les d\u00e9shabillages intempestifs.<\/p>\n<p><strong>Convient pour\u00a0<\/strong><\/p>\n<ul>\n<li>les personnes ayant un comportement d\u00e9shabill\u00e9<\/li>\n<li>les personnes souffrant d'un handicap mental<\/li>\n<li>les personnes souffrant de probl\u00e8mes d'incontinence<\/li>\n<\/ul>\n<p><strong>Composition :<\/strong><br \/>\n95% Coton, 5% Elasthanne<\/p>","protected":false},"excerpt":{"rendered":"<p><strong>Description<\/strong><br \/>\nPajama-maison-combinaison-hansop-Tracteur<br \/>\nIl s'agit d'une bonne \u00e9tape interm\u00e9diaire pour les personnes qui ont un comportement de d\u00e9shabillage et d'\u00e9talement.<\/p>\n<p>Comme la fermeture \u00e9clair se trouve dans le dos, la personne ne peut pas se d\u00e9shabiller toute seule.<\/p>\n<p>Au-dessus de la fermeture \u00e0 glissi\u00e8re se trouve un rabat de tissu qu'il faut d'abord replier avant de pouvoir ouvrir le pyjama. Cela rend la fermeture \u00e9clair plus difficile \u00e0 ouvrir.<\/p>\n<p>En outre, cette pi\u00e8ce de tissu emp\u00eache la fermeture \u00e9clair d'irriter le cou. Il ne pose aucun probl\u00e8me lorsqu'on s'allonge dessus.<\/p>\n<p>R\u00e9alis\u00e9 dans un agr\u00e9able tissu jersey en coton 95%, avec le label de qualit\u00e9 Oeko. Il est donc extensible.<\/p>\n<p>Cela ne convient pas aux personnes qui d\u00e9chirent vraiment. (Vous trouverez des v\u00eatements et des outils pour cela sur la page anti-arrachement de ce site).<\/p>\n<p>Il y a un espace suppl\u00e9mentaire pour le mat\u00e9riel d'incontinence, ce qui le rend tr\u00e8s confortable \u00e0 porter. Il est particuli\u00e8rement adapt\u00e9 aux personnes ayant un comportement impulsif, comme celles souffrant de la maladie d'Alzheimer ou de d\u00e9mence, car il emp\u00eache l'acc\u00e8s au mat\u00e9riel d'incontinence et \u00e9vite les d\u00e9shabillages intempestifs.<\/p>\n<p><strong>Convient pour\u00a0<\/strong><\/p>\n<ul>\n<li>les personnes ayant un comportement d\u00e9shabill\u00e9<\/li>\n<li>les personnes souffrant d'un handicap mental<\/li>\n<li>les personnes souffrant de probl\u00e8mes d'incontinence<\/li>\n<\/ul>\n<p><strong>Composition :<\/strong><br \/>\n95% Coton, 5% Elasthanne<\/p>","protected":false},"featured_media":25427,"template":"","meta":[],"product_brand":[],"product_cat":[618,611,612,613,445,45],"product_tag":[],"class_list":{"0":"post-25398","1":"product","2":"type-product","3":"status-publish","4":"has-post-thumbnail","6":"product_cat-hansop-jumpys-huispak","7":"product_cat-kids","8":"product_cat-ouderen-dementie","9":"product_cat-volwassenen","10":"product_cat-new","11":"product_cat-slaapkledij-hansop-jumpy-onesie-huispak-anti-uitkleed-kleding","12":"pa_maat-128-134-2","13":"pa_maat-140-146-2","14":"pa_maat-152-158-2","15":"pa_maat-xxl","16":"pa_maat-4xl","17":"pa_maat-164-170-2","18":"pa_maat-l-2-fr","19":"pa_maat-176-182-2","20":"pa_maat-188-2","21":"pa_maat-s-2","22":"pa_maat-3xl","23":"pa_maat-m-2","24":"pa_maat-92-98","25":"pa_maat-xl-2","26":"pa_maat-104-110-2","27":"pa_maat-116-122-2","28":"pa_model-voeten","29":"pa_model-regular","30":"pa_uitvoering-sonde","31":"pa_uitvoering-stoma","32":"pa_uitvoering-side-open","33":"pa_uitvoering-verschoningsrits-tussen-de-benen","34":"pa_uitvoering-regular","36":"first","37":"outofstock","38":"featured","39":"taxable","40":"shipping-taxable","41":"product-type-simple"},"yoast_head":"<!-- This site is optimized with the Yoast SEO plugin v27.2 - https:\/\/yoast.com\/product\/yoast-seo-wordpress\/ -->\n<title>Pyjama-huispak-hansop-Tractor | Gozz4All<\/title>\n<meta name=\"description\" content=\"Pyjama-huispak-hansop-Tractor Smeer en uitkleedgedrag-dementie-incontinentie-aangepaste kleding-rits op de rug-Gozz4all-ongewenst uitkleden\" \/>\n<meta name=\"robots\" content=\"index, follow, max-snippet:-1, max-image-preview:large, max-video-preview:-1\" \/>\n<link rel=\"canonical\" href=\"https:\/\/gozz4all.com\/fr\/produit\/pyjama-huispak-hansop-tractor\/\" \/>\n<meta property=\"og:locale\" content=\"fr_FR\" \/>\n<meta property=\"og:type\" content=\"article\" \/>\n<meta property=\"og:title\" content=\"Pyjama-huispak-hansop-Tractor | Gozz4All\" \/>\n<meta property=\"og:description\" content=\"Pyjama-huispak-hansop-Tractor Smeer en uitkleedgedrag-dementie-incontinentie-aangepaste kleding-rits op de rug-Gozz4all-ongewenst uitkleden\" \/>\n<meta property=\"og:url\" content=\"https:\/\/gozz4all.com\/fr\/produit\/pyjama-huispak-hansop-tractor\/\" \/>\n<meta property=\"og:site_name\" content=\"Gozz4All\" \/>\n<meta property=\"article:publisher\" content=\"https:\/\/www.facebook.com\/gozz4all\/\" \/>\n<meta property=\"article:modified_time\" content=\"2025-01-21T09:54:12+00:00\" \/>\n<meta property=\"og:image\" content=\"https:\/\/gozz4all.com\/wp-content\/uploads\/2023\/10\/DSC_0521-scaled.jpg\" \/>\n\t<meta property=\"og:image:width\" content=\"1707\" \/>\n\t<meta property=\"og:image:height\" content=\"2560\" \/>\n\t<meta property=\"og:image:type\" content=\"image\/jpeg\" \/>\n<meta name=\"twitter:card\" content=\"summary_large_image\" \/>\n<meta name=\"twitter:label1\" content=\"Dur\u00e9e de lecture estim\u00e9e\" \/>\n\t<meta name=\"twitter:data1\" content=\"1 minute\" \/>\n<script type=\"application\/ld+json\" class=\"yoast-schema-graph\">{\"@context\":\"https:\/\/schema.org\",\"@graph\":[{\"@type\":\"WebPage\",\"@id\":\"https:\/\/gozz4all.com\/product\/pyjama-huispak-hansop-tractor\/\",\"url\":\"https:\/\/gozz4all.com\/product\/pyjama-huispak-hansop-tractor\/\",\"name\":\"Pyjama-huispak-hansop-Tractor | Gozz4All\",\"isPartOf\":{\"@id\":\"https:\/\/gozz4all.com\/fr\/#website\"},\"primaryImageOfPage\":{\"@id\":\"https:\/\/gozz4all.com\/product\/pyjama-huispak-hansop-tractor\/#primaryimage\"},\"image\":{\"@id\":\"https:\/\/gozz4all.com\/product\/pyjama-huispak-hansop-tractor\/#primaryimage\"},\"thumbnailUrl\":\"https:\/\/gozz4all.com\/wp-content\/uploads\/2023\/10\/DSC_0521-scaled.jpg\",\"datePublished\":\"2023-10-12T12:32:17+00:00\",\"dateModified\":\"2025-01-21T09:54:12+00:00\",\"description\":\"Pyjama-huispak-hansop-Tractor Smeer en uitkleedgedrag-dementie-incontinentie-aangepaste kleding-rits op de rug-Gozz4all-ongewenst uitkleden\",\"breadcrumb\":{\"@id\":\"https:\/\/gozz4all.com\/product\/pyjama-huispak-hansop-tractor\/#breadcrumb\"},\"inLanguage\":\"fr-FR\",\"potentialAction\":[{\"@type\":\"ReadAction\",\"target\":[\"https:\/\/gozz4all.com\/product\/pyjama-huispak-hansop-tractor\/\"]}]},{\"@type\":\"ImageObject\",\"inLanguage\":\"fr-FR\",\"@id\":\"https:\/\/gozz4all.com\/product\/pyjama-huispak-hansop-tractor\/#primaryimage\",\"url\":\"https:\/\/gozz4all.com\/wp-content\/uploads\/2023\/10\/DSC_0521-scaled.jpg\",\"contentUrl\":\"https:\/\/gozz4all.com\/wp-content\/uploads\/2023\/10\/DSC_0521-scaled.jpg\",\"width\":1707,\"height\":2560,\"caption\":\"Pyjama-huispak-hansop-Tractor\"},{\"@type\":\"BreadcrumbList\",\"@id\":\"https:\/\/gozz4all.com\/product\/pyjama-huispak-hansop-tractor\/#breadcrumb\",\"itemListElement\":[{\"@type\":\"ListItem\",\"position\":1,\"name\":\"Home\",\"item\":\"https:\/\/gozz4all.com\/\"},{\"@type\":\"ListItem\",\"position\":2,\"name\":\"Producten\",\"item\":\"https:\/\/gozz4all.com\/shop\/\"},{\"@type\":\"ListItem\",\"position\":3,\"name\":\"Pyjama-huispak-hansop-Tractor\"}]},{\"@type\":\"WebSite\",\"@id\":\"https:\/\/gozz4all.com\/fr\/#website\",\"url\":\"https:\/\/gozz4all.com\/fr\/\",\"name\":\"Gozz4All\",\"description\":\"Gozz4All\",\"publisher\":{\"@id\":\"https:\/\/gozz4all.com\/fr\/#organization\"},\"potentialAction\":[{\"@type\":\"SearchAction\",\"target\":{\"@type\":\"EntryPoint\",\"urlTemplate\":\"https:\/\/gozz4all.com\/fr\/?s={search_term_string}\"},\"query-input\":{\"@type\":\"PropertyValueSpecification\",\"valueRequired\":true,\"valueName\":\"search_term_string\"}}],\"inLanguage\":\"fr-FR\"},{\"@type\":\"Organization\",\"@id\":\"https:\/\/gozz4all.com\/fr\/#organization\",\"name\":\"Gozz4all\",\"url\":\"https:\/\/gozz4all.com\/fr\/\",\"logo\":{\"@type\":\"ImageObject\",\"inLanguage\":\"fr-FR\",\"@id\":\"https:\/\/gozz4all.com\/fr\/#\/schema\/logo\/image\/\",\"url\":\"https:\/\/gozz4all.com\/wp-content\/uploads\/2020\/04\/Logo-ask-for-better-one.png\",\"contentUrl\":\"https:\/\/gozz4all.com\/wp-content\/uploads\/2020\/04\/Logo-ask-for-better-one.png\",\"width\":146,\"height\":60,\"caption\":\"Gozz4all\"},\"image\":{\"@id\":\"https:\/\/gozz4all.com\/fr\/#\/schema\/logo\/image\/\"},\"sameAs\":[\"https:\/\/www.facebook.com\/gozz4all\/\",\"https:\/\/www.instagram.com\/gozz4allfashion\/?hl=nl\"]}]}<\/script>\n<!-- \/ Yoast SEO plugin. -->","yoast_head_json":{"title":"Pyjama-huispak-hansop-Tractor | Gozz4All","description":"Pyjama-huispak-hansop-Tractor Smeer en uitkleedgedrag-dementie-incontinentie-aangepaste kleding-rits op de rug-Gozz4all-ongewenst uitkleden","robots":{"index":"index","follow":"follow","max-snippet":"max-snippet:-1","max-image-preview":"max-image-preview:large","max-video-preview":"max-video-preview:-1"},"canonical":"https:\/\/gozz4all.com\/fr\/produit\/pyjama-huispak-hansop-tractor\/","og_locale":"fr_FR","og_type":"article","og_title":"Pyjama-huispak-hansop-Tractor | Gozz4All","og_description":"Pyjama-huispak-hansop-Tractor Smeer en uitkleedgedrag-dementie-incontinentie-aangepaste kleding-rits op de rug-Gozz4all-ongewenst uitkleden","og_url":"https:\/\/gozz4all.com\/fr\/produit\/pyjama-huispak-hansop-tractor\/","og_site_name":"Gozz4All","article_publisher":"https:\/\/www.facebook.com\/gozz4all\/","article_modified_time":"2025-01-21T09:54:12+00:00","og_image":[{"width":1707,"height":2560,"url":"https:\/\/gozz4all.com\/wp-content\/uploads\/2023\/10\/DSC_0521-scaled.jpg","type":"image\/jpeg"}],"twitter_card":"summary_large_image","twitter_misc":{"Dur\u00e9e de lecture estim\u00e9e":"1 minute"},"schema":{"@context":"https:\/\/schema.org","@graph":[{"@type":"WebPage","@id":"https:\/\/gozz4all.com\/product\/pyjama-huispak-hansop-tractor\/","url":"https:\/\/gozz4all.com\/product\/pyjama-huispak-hansop-tractor\/","name":"Pyjama-huispak-hansop-Tractor | Gozz4All","isPartOf":{"@id":"https:\/\/gozz4all.com\/fr\/#website"},"primaryImageOfPage":{"@id":"https:\/\/gozz4all.com\/product\/pyjama-huispak-hansop-tractor\/#primaryimage"},"image":{"@id":"https:\/\/gozz4all.com\/product\/pyjama-huispak-hansop-tractor\/#primaryimage"},"thumbnailUrl":"https:\/\/gozz4all.com\/wp-content\/uploads\/2023\/10\/DSC_0521-scaled.jpg","datePublished":"2023-10-12T12:32:17+00:00","dateModified":"2025-01-21T09:54:12+00:00","description":"Pyjama-huispak-hansop-Tractor Smeer en uitkleedgedrag-dementie-incontinentie-aangepaste kleding-rits op de rug-Gozz4all-ongewenst uitkleden","breadcrumb":{"@id":"https:\/\/gozz4all.com\/product\/pyjama-huispak-hansop-tractor\/#breadcrumb"},"inLanguage":"fr-FR","potentialAction":[{"@type":"ReadAction","target":["https:\/\/gozz4all.com\/product\/pyjama-huispak-hansop-tractor\/"]}]},{"@type":"ImageObject","inLanguage":"fr-FR","@id":"https:\/\/gozz4all.com\/product\/pyjama-huispak-hansop-tractor\/#primaryimage","url":"https:\/\/gozz4all.com\/wp-content\/uploads\/2023\/10\/DSC_0521-scaled.jpg","contentUrl":"https:\/\/gozz4all.com\/wp-content\/uploads\/2023\/10\/DSC_0521-scaled.jpg","width":1707,"height":2560,"caption":"Pyjama-huispak-hansop-Tractor"},{"@type":"BreadcrumbList","@id":"https:\/\/gozz4all.com\/product\/pyjama-huispak-hansop-tractor\/#breadcrumb","itemListElement":[{"@type":"ListItem","position":1,"name":"Home","item":"https:\/\/gozz4all.com\/"},{"@type":"ListItem","position":2,"name":"Producten","item":"https:\/\/gozz4all.com\/shop\/"},{"@type":"ListItem","position":3,"name":"Pyjama-huispak-hansop-Tractor"}]},{"@type":"WebSite","@id":"https:\/\/gozz4all.com\/fr\/#website","url":"https:\/\/gozz4all.com\/fr\/","name":"Gozz4All","description":"Gozz4All","publisher":{"@id":"https:\/\/gozz4all.com\/fr\/#organization"},"potentialAction":[{"@type":"SearchAction","target":{"@type":"EntryPoint","urlTemplate":"https:\/\/gozz4all.com\/fr\/?s={search_term_string}"},"query-input":{"@type":"PropertyValueSpecification","valueRequired":true,"valueName":"search_term_string"}}],"inLanguage":"fr-FR"},{"@type":"Organization","@id":"https:\/\/gozz4all.com\/fr\/#organization","name":"Gozz4all","url":"https:\/\/gozz4all.com\/fr\/","logo":{"@type":"ImageObject","inLanguage":"fr-FR","@id":"https:\/\/gozz4all.com\/fr\/#\/schema\/logo\/image\/","url":"https:\/\/gozz4all.com\/wp-content\/uploads\/2020\/04\/Logo-ask-for-better-one.png","contentUrl":"https:\/\/gozz4all.com\/wp-content\/uploads\/2020\/04\/Logo-ask-for-better-one.png","width":146,"height":60,"caption":"Gozz4all"},"image":{"@id":"https:\/\/gozz4all.com\/fr\/#\/schema\/logo\/image\/"},"sameAs":["https:\/\/www.facebook.com\/gozz4all\/","https:\/\/www.instagram.com\/gozz4allfashion\/?hl=nl"]}]}},"_links":{"self":[{"href":"https:\/\/gozz4all.com\/fr\/wp-json\/wp\/v2\/product\/25398","targetHints":{"allow":["GET"]}}],"collection":[{"href":"https:\/\/gozz4all.com\/fr\/wp-json\/wp\/v2\/product"}],"about":[{"href":"https:\/\/gozz4all.com\/fr\/wp-json\/wp\/v2\/types\/product"}],"wp:featuredmedia":[{"embeddable":true,"href":"https:\/\/gozz4all.com\/fr\/wp-json\/wp\/v2\/media\/25427"}],"wp:attachment":[{"href":"https:\/\/gozz4all.com\/fr\/wp-json\/wp\/v2\/media?parent=25398"}],"wp:term":[{"taxonomy":"product_brand","embeddable":true,"href":"https:\/\/gozz4all.com\/fr\/wp-json\/wp\/v2\/product_brand?post=25398"},{"taxonomy":"product_cat","embeddable":true,"href":"https:\/\/gozz4all.com\/fr\/wp-json\/wp\/v2\/product_cat?post=25398"},{"taxonomy":"product_tag","embeddable":true,"href":"https:\/\/gozz4all.com\/fr\/wp-json\/wp\/v2\/product_tag?post=25398"}],"curies":[{"name":"wp","href":"https:\/\/api.w.org\/{rel}","templated":true}]}}