{"id":25051,"date":"2023-02-23T15:58:49","date_gmt":"2023-02-23T13:58:49","guid":{"rendered":"https:\/\/gozz4all.com\/?post_type=product&#038;p=25051"},"modified":"2023-02-24T11:01:14","modified_gmt":"2023-02-24T09:01:14","slug":"regen-poncho-cape-blauw","status":"publish","type":"product","link":"https:\/\/gozz4all.com\/fr\/product\/regen-poncho-cape-blauw\/","title":{"rendered":"Cape poncho de pluie - bleu"},"content":{"rendered":"<p>Cape poncho de pluie - bleu<br \/>\nImperm\u00e9able et coupe-vent<br \/>\nJoli poncho - cape !<br \/>\nAinsi, vous avez bonne mine et vous restez bien au sec !<br \/>\nBravez facilement les averses en faisant du v\u00e9lo, en promenant le chien ou en pratiquant toutes sortes d'activit\u00e9s de plein air. Ce poncho unisexe tendance s'enfile rapidement et facilement par-dessus vos propres v\u00eatements, vous prot\u00e9geant ainsi du vent et de la pluie.<br \/>\nLe poncho imperm\u00e9able suppl\u00e9mentaire est dot\u00e9 d'une grande capuche qui peut \u00eatre ajust\u00e9e et qui est spacieuse, ce qui vous permet de vous d\u00e9placer librement.<br \/>\nEn outre, la cape poncho est dot\u00e9e d'une poche frontale pratique o\u00f9 vous pouvez, par exemple, ranger vos cl\u00e9s ou votre t\u00e9l\u00e9phone \u00e9tanche.<br \/>\nVous pouvez facilement ranger la cape et l'emporter partout.<br \/>\nLe s\u00e9chage est \u00e9galement rapide apr\u00e8s une averse.<\/p>\n<p>\u00c9galement facile \u00e0 utiliser pour les personnes en fauteuil roulant, le poncho est suffisamment long pour que le fauteuil roulant situ\u00e9 \u00e0 l'arri\u00e8re puisse \u00e9galement passer sous la cape et pour un scooter de mobilit\u00e9.<br \/>\nEn cas d'utilisation dans un fauteuil roulant, il est parfois plus facile de raccourcir le dos (entre le dos et le fauteuil). Cette option peut \u00eatre choisie et il suffit de l'indiquer lors de la commande.<\/p>\n<p>Lavable en machine \u00e0 40\u00b0 et si n\u00e9cessaire \u00e0 60\u00b0.<\/p>\n<p>Caract\u00e9ristiques :<br \/>\nImperm\u00e9able et coupe-vent<br \/>\nLa cagoule peut \u00eatre resserr\u00e9e \u00e0 l'aide des ficelles de mani\u00e8re \u00e0 ce qu'elle s'ajuste parfaitement \u00e0 votre visage.<br \/>\nFermeture \u00e0 glissi\u00e8re courte<br \/>\n1 poche frontale imperm\u00e9able o\u00f9 vous pouvez ranger beaucoup de choses.<\/p>","protected":false},"excerpt":{"rendered":"<p>Cape poncho de pluie - bleu<br \/>\nImperm\u00e9able et coupe-vent<br \/>\nJoli poncho - cape !<br \/>\nAinsi, vous avez bonne mine et vous restez bien au sec !<br \/>\nBravez facilement les averses en faisant du v\u00e9lo, en promenant le chien ou en pratiquant toutes sortes d'activit\u00e9s de plein air. Ce poncho unisexe tendance s'enfile rapidement et facilement par-dessus vos propres v\u00eatements, vous prot\u00e9geant ainsi du vent et de la pluie.<br \/>\nDe extra waterbestendige poncho heeft een grote capuchon die voorzien is van drukknopen en valt ruim, waardoor je vrij kunt bewegen.<br \/>\nEn outre, la cape poncho est dot\u00e9e d'une poche frontale pratique o\u00f9 vous pouvez, par exemple, ranger vos cl\u00e9s ou votre t\u00e9l\u00e9phone \u00e9tanche.<br \/>\nVous pouvez facilement ranger la cape et l'emporter partout.<br \/>\nLe s\u00e9chage est \u00e9galement rapide apr\u00e8s une averse.<\/p>\n<p>\u00c9galement facile \u00e0 utiliser pour les personnes en fauteuil roulant, le poncho est suffisamment long pour que le fauteuil roulant situ\u00e9 \u00e0 l'arri\u00e8re puisse \u00e9galement passer sous la cape et pour un scooter de mobilit\u00e9.<br \/>\nEn cas d'utilisation dans un fauteuil roulant, il est parfois plus facile de raccourcir le dos (entre le dos et le fauteuil). Cette option peut \u00eatre choisie et il suffit de l'indiquer lors de la commande.<\/p>\n<p>Lavable en machine \u00e0 40\u00b0 et si n\u00e9cessaire \u00e0 60\u00b0.<\/p>\n<p>Caract\u00e9ristiques :<br \/>\nImperm\u00e9able et coupe-vent<br \/>\nAfneembare capuchon dmv drukknopen, en kan aangetrokken door de touwtjes zodanig dat de capuchon mooi rond je gezicht aansluit.<br \/>\nFermeture \u00e0 glissi\u00e8re courte<br \/>\n1 poche frontale imperm\u00e9able o\u00f9 vous pouvez ranger beaucoup de choses.<\/p>","protected":false},"featured_media":25053,"template":"","meta":[],"product_brand":[],"product_cat":[611,613,662,49],"product_tag":[],"class_list":{"0":"post-25051","1":"product","2":"type-product","3":"status-publish","4":"has-post-thumbnail","6":"product_cat-kids","7":"product_cat-volwassenen","8":"product_cat-kleding","9":"product_cat-rolstoel-capes-rolstoeljas-voetenzak","10":"pa_maat-3xl","11":"pa_maat-128-134-2","12":"pa_maat-140-146-2","13":"pa_maat-152-158-2","14":"pa_maat-164-170-2","15":"pa_maat-4xl","16":"pa_maat-s-2","17":"pa_maat-5xl","18":"pa_maat-l-2","19":"pa_maat-m-2-en","20":"pa_maat-xl-2-fr","21":"pa_maat-2xl","22":"pa_uitvoering-rugpand-enkel-bovenaan-schouders-met-velcrosluiting","23":"pa_uitvoering-regular","24":"pif-has-gallery","26":"first","27":"instock","28":"featured","29":"taxable","30":"shipping-taxable","31":"purchasable","32":"product-type-variable"},"yoast_head":"<!-- This site is optimized with the Yoast SEO plugin v27.2 - https:\/\/yoast.com\/product\/yoast-seo-wordpress\/ -->\n<title>Regen poncho-cape- blauw-jassen &amp; capes<\/title>\n<meta name=\"description\" content=\"Regen poncho-cape- blauw. Water en winddichte poncho-cape met capuchon. Je trekt deze hippe unisex poncho snel en makkelijk aan over je eigen kleding waardoor je beschermd bent tegen wind en regen.\" \/>\n<meta name=\"robots\" content=\"index, follow, max-snippet:-1, max-image-preview:large, max-video-preview:-1\" \/>\n<link rel=\"canonical\" href=\"https:\/\/gozz4all.com\/fr\/kleding\/rolstoel-capes-rolstoeljas-voetenzak\/regen-poncho-cape-blauw\/\" \/>\n<meta property=\"og:locale\" content=\"fr_FR\" \/>\n<meta property=\"og:type\" content=\"article\" \/>\n<meta property=\"og:title\" content=\"Regen poncho-cape- blauw-jassen &amp; capes\" \/>\n<meta property=\"og:description\" content=\"Regen poncho-cape- blauw. Water en winddichte poncho-cape met capuchon. Je trekt deze hippe unisex poncho snel en makkelijk aan over je eigen kleding waardoor je beschermd bent tegen wind en regen.\" \/>\n<meta property=\"og:url\" content=\"https:\/\/gozz4all.com\/fr\/kleding\/rolstoel-capes-rolstoeljas-voetenzak\/regen-poncho-cape-blauw\/\" \/>\n<meta property=\"og:site_name\" content=\"Gozz4All\" \/>\n<meta property=\"article:publisher\" content=\"https:\/\/www.facebook.com\/gozz4all\/\" \/>\n<meta property=\"article:modified_time\" content=\"2023-02-24T09:01:14+00:00\" \/>\n<meta property=\"og:image\" content=\"https:\/\/gozz4all.com\/wp-content\/uploads\/2023\/02\/DSC_0436-scaled.jpg\" \/>\n\t<meta property=\"og:image:width\" content=\"1707\" \/>\n\t<meta property=\"og:image:height\" content=\"2560\" \/>\n\t<meta property=\"og:image:type\" content=\"image\/jpeg\" \/>\n<meta name=\"twitter:card\" content=\"summary_large_image\" \/>\n<meta name=\"twitter:label1\" content=\"Dur\u00e9e de lecture estim\u00e9e\" \/>\n\t<meta name=\"twitter:data1\" content=\"1 minute\" \/>\n<script type=\"application\/ld+json\" class=\"yoast-schema-graph\">{\"@context\":\"https:\/\/schema.org\",\"@graph\":[{\"@type\":\"WebPage\",\"@id\":\"https:\/\/gozz4all.com\/kleding\/rolstoel-capes-rolstoeljas-voetenzak\/regen-poncho-cape-blauw\/\",\"url\":\"https:\/\/gozz4all.com\/kleding\/rolstoel-capes-rolstoeljas-voetenzak\/regen-poncho-cape-blauw\/\",\"name\":\"Regen poncho-cape- blauw-jassen & capes\",\"isPartOf\":{\"@id\":\"https:\/\/gozz4all.com\/fr\/#website\"},\"primaryImageOfPage\":{\"@id\":\"https:\/\/gozz4all.com\/kleding\/rolstoel-capes-rolstoeljas-voetenzak\/regen-poncho-cape-blauw\/#primaryimage\"},\"image\":{\"@id\":\"https:\/\/gozz4all.com\/kleding\/rolstoel-capes-rolstoeljas-voetenzak\/regen-poncho-cape-blauw\/#primaryimage\"},\"thumbnailUrl\":\"https:\/\/gozz4all.com\/wp-content\/uploads\/2023\/02\/DSC_0436-scaled.jpg\",\"datePublished\":\"2023-02-23T13:58:49+00:00\",\"dateModified\":\"2023-02-24T09:01:14+00:00\",\"description\":\"Regen poncho-cape- blauw. Water en winddichte poncho-cape met capuchon. Je trekt deze hippe unisex poncho snel en makkelijk aan over je eigen kleding waardoor je beschermd bent tegen wind en regen.\",\"breadcrumb\":{\"@id\":\"https:\/\/gozz4all.com\/kleding\/rolstoel-capes-rolstoeljas-voetenzak\/regen-poncho-cape-blauw\/#breadcrumb\"},\"inLanguage\":\"fr-FR\",\"potentialAction\":[{\"@type\":\"ReadAction\",\"target\":[\"https:\/\/gozz4all.com\/kleding\/rolstoel-capes-rolstoeljas-voetenzak\/regen-poncho-cape-blauw\/\"]}]},{\"@type\":\"ImageObject\",\"inLanguage\":\"fr-FR\",\"@id\":\"https:\/\/gozz4all.com\/kleding\/rolstoel-capes-rolstoeljas-voetenzak\/regen-poncho-cape-blauw\/#primaryimage\",\"url\":\"https:\/\/gozz4all.com\/wp-content\/uploads\/2023\/02\/DSC_0436-scaled.jpg\",\"contentUrl\":\"https:\/\/gozz4all.com\/wp-content\/uploads\/2023\/02\/DSC_0436-scaled.jpg\",\"width\":1707,\"height\":2560,\"caption\":\"Regen poncho-cape- blauw. Water en winddichte poncho-cape met afneembare capuchon. Je trekt deze hippe unisex poncho snel en makkelijk aan over je eigen kleding waardoor je beschermd bent tegen wind en regen.\"},{\"@type\":\"BreadcrumbList\",\"@id\":\"https:\/\/gozz4all.com\/kleding\/rolstoel-capes-rolstoeljas-voetenzak\/regen-poncho-cape-blauw\/#breadcrumb\",\"itemListElement\":[{\"@type\":\"ListItem\",\"position\":1,\"name\":\"Home\",\"item\":\"https:\/\/gozz4all.com\/\"},{\"@type\":\"ListItem\",\"position\":2,\"name\":\"Producten\",\"item\":\"https:\/\/gozz4all.com\/shop\/\"},{\"@type\":\"ListItem\",\"position\":3,\"name\":\"Regen poncho-cape- blauw\"}]},{\"@type\":\"WebSite\",\"@id\":\"https:\/\/gozz4all.com\/fr\/#website\",\"url\":\"https:\/\/gozz4all.com\/fr\/\",\"name\":\"Gozz4All\",\"description\":\"Gozz4All\",\"publisher\":{\"@id\":\"https:\/\/gozz4all.com\/fr\/#organization\"},\"potentialAction\":[{\"@type\":\"SearchAction\",\"target\":{\"@type\":\"EntryPoint\",\"urlTemplate\":\"https:\/\/gozz4all.com\/fr\/?s={search_term_string}\"},\"query-input\":{\"@type\":\"PropertyValueSpecification\",\"valueRequired\":true,\"valueName\":\"search_term_string\"}}],\"inLanguage\":\"fr-FR\"},{\"@type\":\"Organization\",\"@id\":\"https:\/\/gozz4all.com\/fr\/#organization\",\"name\":\"Gozz4all\",\"url\":\"https:\/\/gozz4all.com\/fr\/\",\"logo\":{\"@type\":\"ImageObject\",\"inLanguage\":\"fr-FR\",\"@id\":\"https:\/\/gozz4all.com\/fr\/#\/schema\/logo\/image\/\",\"url\":\"https:\/\/gozz4all.com\/wp-content\/uploads\/2020\/04\/Logo-ask-for-better-one.png\",\"contentUrl\":\"https:\/\/gozz4all.com\/wp-content\/uploads\/2020\/04\/Logo-ask-for-better-one.png\",\"width\":146,\"height\":60,\"caption\":\"Gozz4all\"},\"image\":{\"@id\":\"https:\/\/gozz4all.com\/fr\/#\/schema\/logo\/image\/\"},\"sameAs\":[\"https:\/\/www.facebook.com\/gozz4all\/\",\"https:\/\/www.instagram.com\/gozz4allfashion\/?hl=nl\"]}]}<\/script>\n<!-- \/ Yoast SEO plugin. -->","yoast_head_json":{"title":"Regen poncho-cape- blauw-jassen & capes","description":"Regen poncho-cape- blauw. Water en winddichte poncho-cape met capuchon. Je trekt deze hippe unisex poncho snel en makkelijk aan over je eigen kleding waardoor je beschermd bent tegen wind en regen.","robots":{"index":"index","follow":"follow","max-snippet":"max-snippet:-1","max-image-preview":"max-image-preview:large","max-video-preview":"max-video-preview:-1"},"canonical":"https:\/\/gozz4all.com\/fr\/kleding\/rolstoel-capes-rolstoeljas-voetenzak\/regen-poncho-cape-blauw\/","og_locale":"fr_FR","og_type":"article","og_title":"Regen poncho-cape- blauw-jassen & capes","og_description":"Regen poncho-cape- blauw. Water en winddichte poncho-cape met capuchon. Je trekt deze hippe unisex poncho snel en makkelijk aan over je eigen kleding waardoor je beschermd bent tegen wind en regen.","og_url":"https:\/\/gozz4all.com\/fr\/kleding\/rolstoel-capes-rolstoeljas-voetenzak\/regen-poncho-cape-blauw\/","og_site_name":"Gozz4All","article_publisher":"https:\/\/www.facebook.com\/gozz4all\/","article_modified_time":"2023-02-24T09:01:14+00:00","og_image":[{"width":1707,"height":2560,"url":"https:\/\/gozz4all.com\/wp-content\/uploads\/2023\/02\/DSC_0436-scaled.jpg","type":"image\/jpeg"}],"twitter_card":"summary_large_image","twitter_misc":{"Dur\u00e9e de lecture estim\u00e9e":"1 minute"},"schema":{"@context":"https:\/\/schema.org","@graph":[{"@type":"WebPage","@id":"https:\/\/gozz4all.com\/kleding\/rolstoel-capes-rolstoeljas-voetenzak\/regen-poncho-cape-blauw\/","url":"https:\/\/gozz4all.com\/kleding\/rolstoel-capes-rolstoeljas-voetenzak\/regen-poncho-cape-blauw\/","name":"Regen poncho-cape- blauw-jassen & capes","isPartOf":{"@id":"https:\/\/gozz4all.com\/fr\/#website"},"primaryImageOfPage":{"@id":"https:\/\/gozz4all.com\/kleding\/rolstoel-capes-rolstoeljas-voetenzak\/regen-poncho-cape-blauw\/#primaryimage"},"image":{"@id":"https:\/\/gozz4all.com\/kleding\/rolstoel-capes-rolstoeljas-voetenzak\/regen-poncho-cape-blauw\/#primaryimage"},"thumbnailUrl":"https:\/\/gozz4all.com\/wp-content\/uploads\/2023\/02\/DSC_0436-scaled.jpg","datePublished":"2023-02-23T13:58:49+00:00","dateModified":"2023-02-24T09:01:14+00:00","description":"Regen poncho-cape- blauw. Water en winddichte poncho-cape met capuchon. Je trekt deze hippe unisex poncho snel en makkelijk aan over je eigen kleding waardoor je beschermd bent tegen wind en regen.","breadcrumb":{"@id":"https:\/\/gozz4all.com\/kleding\/rolstoel-capes-rolstoeljas-voetenzak\/regen-poncho-cape-blauw\/#breadcrumb"},"inLanguage":"fr-FR","potentialAction":[{"@type":"ReadAction","target":["https:\/\/gozz4all.com\/kleding\/rolstoel-capes-rolstoeljas-voetenzak\/regen-poncho-cape-blauw\/"]}]},{"@type":"ImageObject","inLanguage":"fr-FR","@id":"https:\/\/gozz4all.com\/kleding\/rolstoel-capes-rolstoeljas-voetenzak\/regen-poncho-cape-blauw\/#primaryimage","url":"https:\/\/gozz4all.com\/wp-content\/uploads\/2023\/02\/DSC_0436-scaled.jpg","contentUrl":"https:\/\/gozz4all.com\/wp-content\/uploads\/2023\/02\/DSC_0436-scaled.jpg","width":1707,"height":2560,"caption":"Regen poncho-cape- blauw. Water en winddichte poncho-cape met afneembare capuchon. Je trekt deze hippe unisex poncho snel en makkelijk aan over je eigen kleding waardoor je beschermd bent tegen wind en regen."},{"@type":"BreadcrumbList","@id":"https:\/\/gozz4all.com\/kleding\/rolstoel-capes-rolstoeljas-voetenzak\/regen-poncho-cape-blauw\/#breadcrumb","itemListElement":[{"@type":"ListItem","position":1,"name":"Home","item":"https:\/\/gozz4all.com\/"},{"@type":"ListItem","position":2,"name":"Producten","item":"https:\/\/gozz4all.com\/shop\/"},{"@type":"ListItem","position":3,"name":"Regen poncho-cape- blauw"}]},{"@type":"WebSite","@id":"https:\/\/gozz4all.com\/fr\/#website","url":"https:\/\/gozz4all.com\/fr\/","name":"Gozz4All","description":"Gozz4All","publisher":{"@id":"https:\/\/gozz4all.com\/fr\/#organization"},"potentialAction":[{"@type":"SearchAction","target":{"@type":"EntryPoint","urlTemplate":"https:\/\/gozz4all.com\/fr\/?s={search_term_string}"},"query-input":{"@type":"PropertyValueSpecification","valueRequired":true,"valueName":"search_term_string"}}],"inLanguage":"fr-FR"},{"@type":"Organization","@id":"https:\/\/gozz4all.com\/fr\/#organization","name":"Gozz4all","url":"https:\/\/gozz4all.com\/fr\/","logo":{"@type":"ImageObject","inLanguage":"fr-FR","@id":"https:\/\/gozz4all.com\/fr\/#\/schema\/logo\/image\/","url":"https:\/\/gozz4all.com\/wp-content\/uploads\/2020\/04\/Logo-ask-for-better-one.png","contentUrl":"https:\/\/gozz4all.com\/wp-content\/uploads\/2020\/04\/Logo-ask-for-better-one.png","width":146,"height":60,"caption":"Gozz4all"},"image":{"@id":"https:\/\/gozz4all.com\/fr\/#\/schema\/logo\/image\/"},"sameAs":["https:\/\/www.facebook.com\/gozz4all\/","https:\/\/www.instagram.com\/gozz4allfashion\/?hl=nl"]}]}},"_links":{"self":[{"href":"https:\/\/gozz4all.com\/fr\/wp-json\/wp\/v2\/product\/25051","targetHints":{"allow":["GET"]}}],"collection":[{"href":"https:\/\/gozz4all.com\/fr\/wp-json\/wp\/v2\/product"}],"about":[{"href":"https:\/\/gozz4all.com\/fr\/wp-json\/wp\/v2\/types\/product"}],"wp:featuredmedia":[{"embeddable":true,"href":"https:\/\/gozz4all.com\/fr\/wp-json\/wp\/v2\/media\/25053"}],"wp:attachment":[{"href":"https:\/\/gozz4all.com\/fr\/wp-json\/wp\/v2\/media?parent=25051"}],"wp:term":[{"taxonomy":"product_brand","embeddable":true,"href":"https:\/\/gozz4all.com\/fr\/wp-json\/wp\/v2\/product_brand?post=25051"},{"taxonomy":"product_cat","embeddable":true,"href":"https:\/\/gozz4all.com\/fr\/wp-json\/wp\/v2\/product_cat?post=25051"},{"taxonomy":"product_tag","embeddable":true,"href":"https:\/\/gozz4all.com\/fr\/wp-json\/wp\/v2\/product_tag?post=25051"}],"curies":[{"name":"wp","href":"https:\/\/api.w.org\/{rel}","templated":true}]}}