{"id":24766,"date":"2023-01-22T14:40:56","date_gmt":"2023-01-22T12:40:56","guid":{"rendered":"https:\/\/gozz4all.com\/?post_type=product&#038;p=24766"},"modified":"2023-01-22T14:52:35","modified_gmt":"2023-01-22T12:52:35","slug":"winterjas-unisex-rolstoel-tot-5xl-grijs","status":"publish","type":"product","link":"https:\/\/gozz4all.com\/fr\/product\/winterjas-unisex-rolstoel-tot-5xl-grijs\/","title":{"rendered":"Winterjas unisex-rolstoel &#8211; tot 5xl grijs"},"content":{"rendered":"<p><strong>Description :<\/strong><br \/>\n<a href=\"https:\/\/gozz4all.com\/fr\/new\/rolstoeljas-unisex-tot-5xl-kopie\/\">Veste de fauteuil roulant unisexe \u00e0 5xl rouge<\/a><br \/>\nWinterjas unisex-rolstoel &#8211; tot 5xl grijs<br \/>\nVeste sportive imperm\u00e9able et coupe-vent, id\u00e9ale pour l'hiver et les mi-saisons.<\/p>\n<p>Het standaard model heeft een gewone ritssluiting aan de voorzijde en is op de rugzijde gesloten, U kan naargelang de noden Uw aanpassingen ingeven. Dit geeft geen extra kost!<br \/>\nEnkel voor de mouwen met rits is er een kleine meer kost.<br \/>\nDit model heeft 2 steekzakken op de voorzijde en is met een kraagje.<\/p>\n<p>La fonctionnalit\u00e9 peut \u00eatre adapt\u00e9e pour l'ouverture des vestes des fauteuils roulants. \u00c0 l'arri\u00e8re, il peut \u00eatre \u00e9quip\u00e9 d'une fermeture velcro et \u00eatre enti\u00e8rement ouvert.<br \/>\nCela permet d'habiller facilement la veste sur le devant.<\/p>\n<p>La fermeture \u00e0 glissi\u00e8re \u00e0 l'avant peut \u00e9galement \u00eatre ouverte \u00e0 fond, de sorte que cette veste peut \u00eatre enfil\u00e9e en deux parties. Les bras peuvent \u00eatre gliss\u00e9s un par un et fix\u00e9s \u00e0 l'aide de la fermeture \u00e0 glissi\u00e8re et du Velcro \u00e0 l'arri\u00e8re. Les personnes moins mobiles peuvent s'habiller et se d\u00e9shabiller confortablement et en quelques minutes gr\u00e2ce \u00e0 ces vestes pour fauteuils roulants.<br \/>\nVous pouvez \u00e9galement opter pour des fermetures \u00e9clair au niveau des manches. Elle est destin\u00e9e aux personnes dont les mouvements des bras sont tr\u00e8s limit\u00e9s. <\/p>\n<p>Les mat\u00e9riaux sont de tr\u00e8s bonne qualit\u00e9 et l\u00e9gers \u00e0 porter. Tous les mat\u00e9riaux sont certifi\u00e9s OEKO TEX.<br \/>\nLe rembourrage incorpor\u00e9 dans la veste a la propri\u00e9t\u00e9 de maintenir la temp\u00e9rature du corps. Tous les tissus sont respirants, de sorte que lorsque vous portez la veste, le corps ne transpire pas et ne se sent pas mouill\u00e9.<\/p>\n<p>Comfortabele jas met een casual look, geschikt voor een groot gedeelte van het jaar.<\/p>\n<p><strong>adaptations sp\u00e9ciales : veuillez les transmettre par e-mail :<\/strong><br \/>\nSluiting aan de voor- of achterzijde ( zie 3de foto)<br \/>\nPour les utilisateurs de fauteuils roulants, la longueur du dossier peut \u00eatre d\u00e9termin\u00e9e librement pour s'adapter aux besoins de chacun ou au type de fauteuil roulant.<\/p>\n<p><strong>Composition :<br \/>\n<\/strong>100% Polyester avec rembourrage thermique.<\/p>","protected":false},"excerpt":{"rendered":"<p><strong>Description :<\/strong><br \/>\nRolstoeljas unisex-tot 5xl:<br \/>\nVeste sportive imperm\u00e9able et coupe-vent, id\u00e9ale pour l'hiver et les mi-saisons.<\/p>\n<p>Het standaard model heeft een gewone ritssluiting aan de voorzijde en is op de rugzijde gesloten, U kan naargelang de noden Uw aanpassingen ingeven. Dit geeft geen extra kost!<br \/>\nEnkel voor de mouwen met rits is er een kleine meer kost.<br \/>\nDit model heeft 2 steekzakken op de voorzijde en is met een kraagje.<\/p>\n<p>La fonctionnalit\u00e9 peut \u00eatre adapt\u00e9e pour l'ouverture des vestes des fauteuils roulants. \u00c0 l'arri\u00e8re, il peut \u00eatre \u00e9quip\u00e9 d'une fermeture velcro et \u00eatre enti\u00e8rement ouvert.<br \/>\nCela permet d'habiller facilement la veste sur le devant.<\/p>\n<p>La fermeture \u00e0 glissi\u00e8re \u00e0 l'avant peut \u00e9galement \u00eatre ouverte \u00e0 fond, de sorte que cette veste peut \u00eatre enfil\u00e9e en deux parties. Les bras peuvent \u00eatre gliss\u00e9s un par un et fix\u00e9s \u00e0 l'aide de la fermeture \u00e0 glissi\u00e8re et du Velcro \u00e0 l'arri\u00e8re. Les personnes moins mobiles peuvent s'habiller et se d\u00e9shabiller confortablement et en quelques minutes gr\u00e2ce \u00e0 ces vestes pour fauteuils roulants.<br \/>\nVous pouvez \u00e9galement opter pour des fermetures \u00e9clair au niveau des manches. Elle est destin\u00e9e aux personnes dont les mouvements des bras sont tr\u00e8s limit\u00e9s. <\/p>\n<p>Les mat\u00e9riaux sont de tr\u00e8s bonne qualit\u00e9 et l\u00e9gers \u00e0 porter. Tous les mat\u00e9riaux sont certifi\u00e9s OEKO TEX.<br \/>\nLe rembourrage incorpor\u00e9 dans la veste a la propri\u00e9t\u00e9 de maintenir la temp\u00e9rature du corps. Tous les tissus sont respirants, de sorte que lorsque vous portez la veste, le corps ne transpire pas et ne se sent pas mouill\u00e9.<\/p>\n<p>Comfortabele jas met een casual look, geschikt voor een groot gedeelte van het jaar.<\/p>\n<p><strong>Aanpassingen ( Gelieve deze door te geven bij opmerkingen):<\/strong><br \/>\nSluiting aan de voor- of achterzijde ( zie 3de foto)<br \/>\nPour les utilisateurs de fauteuils roulants, la longueur du dossier peut \u00eatre d\u00e9termin\u00e9e librement pour s'adapter aux besoins de chacun ou au type de fauteuil roulant.<\/p>\n<p><strong>Composition :<br \/>\n<\/strong>100% Polyester avec rembourrage thermique.<\/p>","protected":false},"featured_media":24789,"template":"","meta":[],"product_brand":[],"product_cat":[612,613,445,49],"product_tag":[745,746],"class_list":{"0":"post-24766","1":"product","2":"type-product","3":"status-publish","4":"has-post-thumbnail","6":"product_cat-ouderen-dementie","7":"product_cat-volwassenen","8":"product_cat-new","9":"product_cat-rolstoel-capes-rolstoeljas-voetenzak","10":"product_tag-rolstoeljas-tussenseizoen-winter","11":"product_tag-aangepast","12":"pa_maat-s-2","13":"pa_maat-m-2","14":"pa_maat-4xl","15":"pa_maat-l-2","16":"pa_maat-5xl","17":"pa_maat-xl-2","18":"pa_maat-140-146-2","19":"pa_maat-2xl","20":"pa_maat-152-158-2","21":"pa_maat-3xl","22":"pa_maat-164-170-2","23":"pa_sluiting-magnetische-rist-voorzijde","24":"pa_sluiting-schouder-pand-van-30cm-sluit-met-velcro-rest-rug-open","25":"pa_sluiting-velcro-sluiting-dichte-rug","26":"pa_sluiting-standaard","27":"pa_uitvoering-regular","28":"pa_uitvoering-ritsen-in-de-mouwen","29":"pif-has-gallery","31":"first","32":"instock","33":"taxable","34":"shipping-taxable","35":"purchasable","36":"product-type-variable"},"yoast_head":"<!-- This site is optimized with the Yoast SEO plugin v27.2 - https:\/\/yoast.com\/product\/yoast-seo-wordpress\/ -->\n<title>Winterjas unisex-rolstoel - tot 5xl grijs | Gozz4All<\/title>\n<meta name=\"description\" content=\"Winterjas unisex-rolstoel - tot 5xl grijs Sportieve water- en winddichte jas, winter en tussenseizoenen. U kan naargelang de noden Uw aanpassingen ingeven.\" \/>\n<meta name=\"robots\" content=\"index, follow, max-snippet:-1, max-image-preview:large, max-video-preview:-1\" \/>\n<link rel=\"canonical\" href=\"https:\/\/gozz4all.com\/fr\/new\/rolstoeljas-unisex-tot-5xl-rood-kopie\/\" \/>\n<meta property=\"og:locale\" content=\"fr_FR\" \/>\n<meta property=\"og:type\" content=\"article\" \/>\n<meta property=\"og:title\" content=\"Winterjas unisex-rolstoel - tot 5xl grijs | Gozz4All\" \/>\n<meta property=\"og:description\" content=\"Winterjas unisex-rolstoel - tot 5xl grijs Sportieve water- en winddichte jas, winter en tussenseizoenen. U kan naargelang de noden Uw aanpassingen ingeven.\" \/>\n<meta property=\"og:url\" content=\"https:\/\/gozz4all.com\/fr\/new\/rolstoeljas-unisex-tot-5xl-rood-kopie\/\" \/>\n<meta property=\"og:site_name\" content=\"Gozz4All\" \/>\n<meta property=\"article:publisher\" content=\"https:\/\/www.facebook.com\/gozz4all\/\" \/>\n<meta property=\"article:modified_time\" content=\"2023-01-22T12:52:35+00:00\" \/>\n<meta property=\"og:image\" content=\"https:\/\/gozz4all.com\/wp-content\/uploads\/2023\/01\/DSC_0155-687x1030.png\" \/>\n\t<meta property=\"og:image:width\" content=\"687\" \/>\n\t<meta property=\"og:image:height\" content=\"1030\" \/>\n\t<meta property=\"og:image:type\" content=\"image\/png\" \/>\n<meta name=\"twitter:card\" content=\"summary_large_image\" \/>\n<script type=\"application\/ld+json\" class=\"yoast-schema-graph\">{\"@context\":\"https:\/\/schema.org\",\"@graph\":[{\"@type\":\"WebPage\",\"@id\":\"https:\/\/gozz4all.com\/new\/rolstoeljas-unisex-tot-5xl-rood-kopie\/\",\"url\":\"https:\/\/gozz4all.com\/new\/rolstoeljas-unisex-tot-5xl-rood-kopie\/\",\"name\":\"Winterjas unisex-rolstoel - tot 5xl grijs | Gozz4All\",\"isPartOf\":{\"@id\":\"https:\/\/gozz4all.com\/fr\/#website\"},\"primaryImageOfPage\":{\"@id\":\"https:\/\/gozz4all.com\/new\/rolstoeljas-unisex-tot-5xl-rood-kopie\/#primaryimage\"},\"image\":{\"@id\":\"https:\/\/gozz4all.com\/new\/rolstoeljas-unisex-tot-5xl-rood-kopie\/#primaryimage\"},\"thumbnailUrl\":\"https:\/\/gozz4all.com\/wp-content\/uploads\/2023\/01\/DSC_0155.png\",\"datePublished\":\"2023-01-22T12:40:56+00:00\",\"dateModified\":\"2023-01-22T12:52:35+00:00\",\"description\":\"Winterjas unisex-rolstoel - tot 5xl grijs Sportieve water- en winddichte jas, winter en tussenseizoenen. U kan naargelang de noden Uw aanpassingen ingeven.\",\"breadcrumb\":{\"@id\":\"https:\/\/gozz4all.com\/new\/rolstoeljas-unisex-tot-5xl-rood-kopie\/#breadcrumb\"},\"inLanguage\":\"fr-FR\",\"potentialAction\":[{\"@type\":\"ReadAction\",\"target\":[\"https:\/\/gozz4all.com\/new\/rolstoeljas-unisex-tot-5xl-rood-kopie\/\"]}]},{\"@type\":\"ImageObject\",\"inLanguage\":\"fr-FR\",\"@id\":\"https:\/\/gozz4all.com\/new\/rolstoeljas-unisex-tot-5xl-rood-kopie\/#primaryimage\",\"url\":\"https:\/\/gozz4all.com\/wp-content\/uploads\/2023\/01\/DSC_0155.png\",\"contentUrl\":\"https:\/\/gozz4all.com\/wp-content\/uploads\/2023\/01\/DSC_0155.png\",\"width\":4000,\"height\":6000,\"caption\":\"Winterjas unisex-rolstoel - tot 5xl grijs Sportieve water- en winddichte jas, winter en tussenseizoenen. U kan naargelang de noden Uw aanpassingen ingeven.\"},{\"@type\":\"BreadcrumbList\",\"@id\":\"https:\/\/gozz4all.com\/new\/rolstoeljas-unisex-tot-5xl-rood-kopie\/#breadcrumb\",\"itemListElement\":[{\"@type\":\"ListItem\",\"position\":1,\"name\":\"Home\",\"item\":\"https:\/\/gozz4all.com\/\"},{\"@type\":\"ListItem\",\"position\":2,\"name\":\"Producten\",\"item\":\"https:\/\/gozz4all.com\/shop\/\"},{\"@type\":\"ListItem\",\"position\":3,\"name\":\"Winterjas unisex-rolstoel &#8211; tot 5xl grijs\"}]},{\"@type\":\"WebSite\",\"@id\":\"https:\/\/gozz4all.com\/fr\/#website\",\"url\":\"https:\/\/gozz4all.com\/fr\/\",\"name\":\"Gozz4All\",\"description\":\"Gozz4All\",\"publisher\":{\"@id\":\"https:\/\/gozz4all.com\/fr\/#organization\"},\"potentialAction\":[{\"@type\":\"SearchAction\",\"target\":{\"@type\":\"EntryPoint\",\"urlTemplate\":\"https:\/\/gozz4all.com\/fr\/?s={search_term_string}\"},\"query-input\":{\"@type\":\"PropertyValueSpecification\",\"valueRequired\":true,\"valueName\":\"search_term_string\"}}],\"inLanguage\":\"fr-FR\"},{\"@type\":\"Organization\",\"@id\":\"https:\/\/gozz4all.com\/fr\/#organization\",\"name\":\"Gozz4all\",\"url\":\"https:\/\/gozz4all.com\/fr\/\",\"logo\":{\"@type\":\"ImageObject\",\"inLanguage\":\"fr-FR\",\"@id\":\"https:\/\/gozz4all.com\/fr\/#\/schema\/logo\/image\/\",\"url\":\"https:\/\/gozz4all.com\/wp-content\/uploads\/2020\/04\/Logo-ask-for-better-one.png\",\"contentUrl\":\"https:\/\/gozz4all.com\/wp-content\/uploads\/2020\/04\/Logo-ask-for-better-one.png\",\"width\":146,\"height\":60,\"caption\":\"Gozz4all\"},\"image\":{\"@id\":\"https:\/\/gozz4all.com\/fr\/#\/schema\/logo\/image\/\"},\"sameAs\":[\"https:\/\/www.facebook.com\/gozz4all\/\",\"https:\/\/www.instagram.com\/gozz4allfashion\/?hl=nl\"]}]}<\/script>\n<!-- \/ Yoast SEO plugin. -->","yoast_head_json":{"title":"Winterjas unisex-rolstoel - tot 5xl grijs | Gozz4All","description":"Winterjas unisex-rolstoel - tot 5xl grijs Sportieve water- en winddichte jas, winter en tussenseizoenen. U kan naargelang de noden Uw aanpassingen ingeven.","robots":{"index":"index","follow":"follow","max-snippet":"max-snippet:-1","max-image-preview":"max-image-preview:large","max-video-preview":"max-video-preview:-1"},"canonical":"https:\/\/gozz4all.com\/fr\/new\/rolstoeljas-unisex-tot-5xl-rood-kopie\/","og_locale":"fr_FR","og_type":"article","og_title":"Winterjas unisex-rolstoel - tot 5xl grijs | Gozz4All","og_description":"Winterjas unisex-rolstoel - tot 5xl grijs Sportieve water- en winddichte jas, winter en tussenseizoenen. U kan naargelang de noden Uw aanpassingen ingeven.","og_url":"https:\/\/gozz4all.com\/fr\/new\/rolstoeljas-unisex-tot-5xl-rood-kopie\/","og_site_name":"Gozz4All","article_publisher":"https:\/\/www.facebook.com\/gozz4all\/","article_modified_time":"2023-01-22T12:52:35+00:00","og_image":[{"width":687,"height":1030,"url":"https:\/\/gozz4all.com\/wp-content\/uploads\/2023\/01\/DSC_0155-687x1030.png","type":"image\/png"}],"twitter_card":"summary_large_image","schema":{"@context":"https:\/\/schema.org","@graph":[{"@type":"WebPage","@id":"https:\/\/gozz4all.com\/new\/rolstoeljas-unisex-tot-5xl-rood-kopie\/","url":"https:\/\/gozz4all.com\/new\/rolstoeljas-unisex-tot-5xl-rood-kopie\/","name":"Winterjas unisex-rolstoel - tot 5xl grijs | Gozz4All","isPartOf":{"@id":"https:\/\/gozz4all.com\/fr\/#website"},"primaryImageOfPage":{"@id":"https:\/\/gozz4all.com\/new\/rolstoeljas-unisex-tot-5xl-rood-kopie\/#primaryimage"},"image":{"@id":"https:\/\/gozz4all.com\/new\/rolstoeljas-unisex-tot-5xl-rood-kopie\/#primaryimage"},"thumbnailUrl":"https:\/\/gozz4all.com\/wp-content\/uploads\/2023\/01\/DSC_0155.png","datePublished":"2023-01-22T12:40:56+00:00","dateModified":"2023-01-22T12:52:35+00:00","description":"Winterjas unisex-rolstoel - tot 5xl grijs Sportieve water- en winddichte jas, winter en tussenseizoenen. U kan naargelang de noden Uw aanpassingen ingeven.","breadcrumb":{"@id":"https:\/\/gozz4all.com\/new\/rolstoeljas-unisex-tot-5xl-rood-kopie\/#breadcrumb"},"inLanguage":"fr-FR","potentialAction":[{"@type":"ReadAction","target":["https:\/\/gozz4all.com\/new\/rolstoeljas-unisex-tot-5xl-rood-kopie\/"]}]},{"@type":"ImageObject","inLanguage":"fr-FR","@id":"https:\/\/gozz4all.com\/new\/rolstoeljas-unisex-tot-5xl-rood-kopie\/#primaryimage","url":"https:\/\/gozz4all.com\/wp-content\/uploads\/2023\/01\/DSC_0155.png","contentUrl":"https:\/\/gozz4all.com\/wp-content\/uploads\/2023\/01\/DSC_0155.png","width":4000,"height":6000,"caption":"Winterjas unisex-rolstoel - tot 5xl grijs Sportieve water- en winddichte jas, winter en tussenseizoenen. U kan naargelang de noden Uw aanpassingen ingeven."},{"@type":"BreadcrumbList","@id":"https:\/\/gozz4all.com\/new\/rolstoeljas-unisex-tot-5xl-rood-kopie\/#breadcrumb","itemListElement":[{"@type":"ListItem","position":1,"name":"Home","item":"https:\/\/gozz4all.com\/"},{"@type":"ListItem","position":2,"name":"Producten","item":"https:\/\/gozz4all.com\/shop\/"},{"@type":"ListItem","position":3,"name":"Winterjas unisex-rolstoel &#8211; tot 5xl grijs"}]},{"@type":"WebSite","@id":"https:\/\/gozz4all.com\/fr\/#website","url":"https:\/\/gozz4all.com\/fr\/","name":"Gozz4All","description":"Gozz4All","publisher":{"@id":"https:\/\/gozz4all.com\/fr\/#organization"},"potentialAction":[{"@type":"SearchAction","target":{"@type":"EntryPoint","urlTemplate":"https:\/\/gozz4all.com\/fr\/?s={search_term_string}"},"query-input":{"@type":"PropertyValueSpecification","valueRequired":true,"valueName":"search_term_string"}}],"inLanguage":"fr-FR"},{"@type":"Organization","@id":"https:\/\/gozz4all.com\/fr\/#organization","name":"Gozz4all","url":"https:\/\/gozz4all.com\/fr\/","logo":{"@type":"ImageObject","inLanguage":"fr-FR","@id":"https:\/\/gozz4all.com\/fr\/#\/schema\/logo\/image\/","url":"https:\/\/gozz4all.com\/wp-content\/uploads\/2020\/04\/Logo-ask-for-better-one.png","contentUrl":"https:\/\/gozz4all.com\/wp-content\/uploads\/2020\/04\/Logo-ask-for-better-one.png","width":146,"height":60,"caption":"Gozz4all"},"image":{"@id":"https:\/\/gozz4all.com\/fr\/#\/schema\/logo\/image\/"},"sameAs":["https:\/\/www.facebook.com\/gozz4all\/","https:\/\/www.instagram.com\/gozz4allfashion\/?hl=nl"]}]}},"_links":{"self":[{"href":"https:\/\/gozz4all.com\/fr\/wp-json\/wp\/v2\/product\/24766","targetHints":{"allow":["GET"]}}],"collection":[{"href":"https:\/\/gozz4all.com\/fr\/wp-json\/wp\/v2\/product"}],"about":[{"href":"https:\/\/gozz4all.com\/fr\/wp-json\/wp\/v2\/types\/product"}],"wp:featuredmedia":[{"embeddable":true,"href":"https:\/\/gozz4all.com\/fr\/wp-json\/wp\/v2\/media\/24789"}],"wp:attachment":[{"href":"https:\/\/gozz4all.com\/fr\/wp-json\/wp\/v2\/media?parent=24766"}],"wp:term":[{"taxonomy":"product_brand","embeddable":true,"href":"https:\/\/gozz4all.com\/fr\/wp-json\/wp\/v2\/product_brand?post=24766"},{"taxonomy":"product_cat","embeddable":true,"href":"https:\/\/gozz4all.com\/fr\/wp-json\/wp\/v2\/product_cat?post=24766"},{"taxonomy":"product_tag","embeddable":true,"href":"https:\/\/gozz4all.com\/fr\/wp-json\/wp\/v2\/product_tag?post=24766"}],"curies":[{"name":"wp","href":"https:\/\/api.w.org\/{rel}","templated":true}]}}