{"id":24308,"date":"2022-11-15T12:53:18","date_gmt":"2022-11-15T10:53:18","guid":{"rendered":"https:\/\/gozz4all.com\/?post_type=product&#038;p=24308"},"modified":"2022-11-16T17:57:57","modified_gmt":"2022-11-16T15:57:57","slug":"rolstoelcape-grote-maten-tot-5xl-softshell","status":"publish","type":"product","link":"https:\/\/gozz4all.com\/fr\/product\/rolstoelcape-grote-maten-tot-5xl-softshell\/","title":{"rendered":"Cape pour fauteuil roulant grandes tailles jusqu'\u00e0 5xl softshell"},"content":{"rendered":"<p><strong>Description :<\/strong><br \/>\nCape pour fauteuil roulant grandes tailles jusqu'\u00e0 5xl softshell<br \/>\nVeste sportive imperm\u00e9able et coupe-vent, id\u00e9ale pour l'hiver et les mi-saisons.<\/p>\n<p>Le mod\u00e8le standard a un zip frontal de 20cm, Vous pouvez entrer vos ajustements selon vos besoins.<br \/>\nIl est \u00e9galement possible d'y ajouter un capot.<\/p>\n<p>La fonctionnalit\u00e9 peut \u00eatre adapt\u00e9e pour l'ouverture des vestes des fauteuils roulants. \u00c0 l'arri\u00e8re, il peut \u00eatre \u00e9quip\u00e9 d'une fermeture velcro et \u00eatre enti\u00e8rement ouvert.<br \/>\nCela permet d'habiller facilement la veste sur le devant.<\/p>\n<p>La fermeture \u00e0 glissi\u00e8re \u00e0 l'avant peut \u00e9galement \u00eatre ouverte \u00e0 fond, de sorte que cette veste peut \u00eatre enfil\u00e9e en deux parties. Les bras peuvent \u00eatre gliss\u00e9s un par un et fix\u00e9s \u00e0 l'aide de la fermeture \u00e0 glissi\u00e8re et du Velcro \u00e0 l'arri\u00e8re. Les personnes moins mobiles peuvent s'habiller et se d\u00e9shabiller confortablement et en quelques minutes gr\u00e2ce \u00e0 ces vestes pour fauteuils roulants.<br \/>\nVous pouvez \u00e9galement opter pour des fermetures \u00e9clair au niveau des manches. Elle est destin\u00e9e aux personnes dont les mouvements des bras sont tr\u00e8s limit\u00e9s. <\/p>\n<p>Les mat\u00e9riaux sont de tr\u00e8s bonne qualit\u00e9 et l\u00e9gers \u00e0 porter. Tous les mat\u00e9riaux sont certifi\u00e9s OEKO TEX.<br \/>\nLe rembourrage incorpor\u00e9 dans la veste a la propri\u00e9t\u00e9 de maintenir la temp\u00e9rature du corps. Tous les tissus sont respirants, de sorte que lorsque vous portez la veste, le corps ne transpire pas et ne se sent pas mouill\u00e9.<\/p>\n<p>Cape confortable \u00e0 l'allure d\u00e9contract\u00e9e, convenant \u00e0 une grande partie de l'ann\u00e9e.<\/p>\n<p><strong>adaptations sp\u00e9ciales : veuillez les transmettre par e-mail :<\/strong><br \/>\nFermeture avant ou arri\u00e8re<br \/>\nPour les utilisateurs de fauteuils roulants, la longueur du dossier peut \u00eatre d\u00e9termin\u00e9e librement pour s'adapter aux besoins de chacun ou au type de fauteuil roulant.<\/p>\n<p><strong>Composition :<br \/>\n<\/strong>100% Polyester avec rembourrage thermique.<\/p>","protected":false},"excerpt":{"rendered":"<p><strong>Description :<\/strong><br \/>\nCape pour fauteuil roulant grandes tailles jusqu'\u00e0 5xl softshell<br \/>\nVeste sportive imperm\u00e9able et coupe-vent, id\u00e9ale pour l'hiver et les mi-saisons.<\/p>\n<p>Le mod\u00e8le standard a un zip frontal de 20cm, Vous pouvez entrer vos ajustements selon vos besoins.<br \/>\nIl est \u00e9galement possible d'y ajouter un capot.<\/p>\n<p>La fonctionnalit\u00e9 peut \u00eatre adapt\u00e9e pour l'ouverture des vestes des fauteuils roulants. \u00c0 l'arri\u00e8re, il peut \u00eatre \u00e9quip\u00e9 d'une fermeture velcro et \u00eatre enti\u00e8rement ouvert.<br \/>\nCela permet d'habiller facilement la veste sur le devant.<\/p>\n<p>La fermeture \u00e0 glissi\u00e8re \u00e0 l'avant peut \u00e9galement \u00eatre ouverte \u00e0 fond, de sorte que cette veste peut \u00eatre enfil\u00e9e en deux parties. Les bras peuvent \u00eatre gliss\u00e9s un par un et fix\u00e9s \u00e0 l'aide de la fermeture \u00e0 glissi\u00e8re et du Velcro \u00e0 l'arri\u00e8re. Les personnes moins mobiles peuvent s'habiller et se d\u00e9shabiller confortablement et en quelques minutes gr\u00e2ce \u00e0 ces vestes pour fauteuils roulants.<br \/>\nVous pouvez \u00e9galement opter pour des fermetures \u00e9clair au niveau des manches. Elle est destin\u00e9e aux personnes dont les mouvements des bras sont tr\u00e8s limit\u00e9s. <\/p>\n<p>Les mat\u00e9riaux sont de tr\u00e8s bonne qualit\u00e9 et l\u00e9gers \u00e0 porter. Tous les mat\u00e9riaux sont certifi\u00e9s OEKO TEX.<br \/>\nLe rembourrage incorpor\u00e9 dans la veste a la propri\u00e9t\u00e9 de maintenir la temp\u00e9rature du corps. Tous les tissus sont respirants, de sorte que lorsque vous portez la veste, le corps ne transpire pas et ne se sent pas mouill\u00e9.<\/p>\n<p>Cape confortable \u00e0 l'allure d\u00e9contract\u00e9e, convenant \u00e0 une grande partie de l'ann\u00e9e.<\/p>\n<p><strong>adaptations sp\u00e9ciales : veuillez les transmettre par e-mail :<\/strong><br \/>\nFermeture avant ou arri\u00e8re<br \/>\nPour les utilisateurs de fauteuils roulants, la longueur du dossier peut \u00eatre d\u00e9termin\u00e9e librement pour s'adapter aux besoins de chacun ou au type de fauteuil roulant.<\/p>\n<p><strong>Composition :<br \/>\n<\/strong>100% Polyester avec rembourrage thermique.<\/p>","protected":false},"featured_media":24261,"template":"","meta":[],"product_brand":[],"product_cat":[612,613,611,445,49],"product_tag":[753],"class_list":{"0":"post-24308","1":"product","2":"type-product","3":"status-publish","4":"has-post-thumbnail","6":"product_cat-ouderen-dementie","7":"product_cat-volwassenen","8":"product_cat-kids","9":"product_cat-new","10":"product_cat-rolstoel-capes-rolstoeljas-voetenzak","11":"product_tag-rolstoelcape","12":"pa_maat-104-110-2","13":"pa_maat-116-122-2","14":"pa_maat-128-134-2","15":"pa_maat-140-146-2","16":"pa_maat-152-158-2","17":"pa_maat-164-170-2","18":"pa_maat-4xl","19":"pa_maat-176-182-2","20":"pa_maat-5xl","21":"pa_maat-s-2","22":"pa_maat-2xl","23":"pa_maat-m-2","24":"pa_maat-3xl","25":"pa_maat-l-2","26":"pa_maat-xl-2","27":"pa_model-capuchon-met-drukknopen-bevestigen-aan-de-cape","28":"pa_model-standaard","29":"pa_model-2-delig","30":"pa_sluiting-rits-voorzijde-volledig-jas-gedeelte","31":"pa_sluiting-standaard","32":"pa_sluiting-rugpand-enkel-boven-aan-schouders-met-velcrosluiting","33":"pa_sluiting-rits-in-de-mouwen-tot-aan-de-oksel","34":"pa_uitvoering-regular","35":"pa_uitvoering-wanten-aan-de-mouw","36":"pif-has-gallery","38":"first","39":"instock","40":"taxable","41":"shipping-taxable","42":"purchasable","43":"product-type-variable"},"yoast_head":"<!-- This site is optimized with the Yoast SEO plugin v27.2 - https:\/\/yoast.com\/product\/yoast-seo-wordpress\/ -->\n<title>Rolstoelcape grote maten-tot 5xl softshell | Gozz4All<\/title>\n<meta name=\"description\" content=\"Rolstoelcape grote maten-tot 5xl softshell. Comfortabele cape met een casual look, geschikt voor een groot gedeelte van het jaar. Gozz4all.com\" \/>\n<meta name=\"robots\" content=\"index, follow, max-snippet:-1, max-image-preview:large, max-video-preview:-1\" \/>\n<link rel=\"canonical\" href=\"https:\/\/gozz4all.com\/fr\/new\/rolstoelcape-unisex-tot-5xl-oker-geel-kopie\/\" \/>\n<meta property=\"og:locale\" content=\"fr_FR\" \/>\n<meta property=\"og:type\" content=\"article\" \/>\n<meta property=\"og:title\" content=\"Rolstoelcape grote maten-tot 5xl softshell | Gozz4All\" \/>\n<meta property=\"og:description\" content=\"Rolstoelcape grote maten-tot 5xl softshell. Comfortabele cape met een casual look, geschikt voor een groot gedeelte van het jaar. Gozz4all.com\" \/>\n<meta property=\"og:url\" content=\"https:\/\/gozz4all.com\/fr\/new\/rolstoelcape-unisex-tot-5xl-oker-geel-kopie\/\" \/>\n<meta property=\"og:site_name\" content=\"Gozz4All\" \/>\n<meta property=\"article:publisher\" content=\"https:\/\/www.facebook.com\/gozz4all\/\" \/>\n<meta property=\"article:modified_time\" content=\"2022-11-16T15:57:57+00:00\" \/>\n<meta property=\"og:image\" content=\"https:\/\/gozz4all.com\/wp-content\/uploads\/2017\/12\/DSC_0064-scaled.jpg\" \/>\n\t<meta property=\"og:image:width\" content=\"1707\" \/>\n\t<meta property=\"og:image:height\" content=\"2560\" \/>\n\t<meta property=\"og:image:type\" content=\"image\/jpeg\" \/>\n<meta name=\"twitter:card\" content=\"summary_large_image\" \/>\n<meta name=\"twitter:label1\" content=\"Dur\u00e9e de lecture estim\u00e9e\" \/>\n\t<meta name=\"twitter:data1\" content=\"1 minute\" \/>\n<script type=\"application\/ld+json\" class=\"yoast-schema-graph\">{\"@context\":\"https:\/\/schema.org\",\"@graph\":[{\"@type\":\"WebPage\",\"@id\":\"https:\/\/gozz4all.com\/new\/rolstoelcape-unisex-tot-5xl-oker-geel-kopie\/\",\"url\":\"https:\/\/gozz4all.com\/new\/rolstoelcape-unisex-tot-5xl-oker-geel-kopie\/\",\"name\":\"Rolstoelcape grote maten-tot 5xl softshell | Gozz4All\",\"isPartOf\":{\"@id\":\"https:\/\/gozz4all.com\/fr\/#website\"},\"primaryImageOfPage\":{\"@id\":\"https:\/\/gozz4all.com\/new\/rolstoelcape-unisex-tot-5xl-oker-geel-kopie\/#primaryimage\"},\"image\":{\"@id\":\"https:\/\/gozz4all.com\/new\/rolstoelcape-unisex-tot-5xl-oker-geel-kopie\/#primaryimage\"},\"thumbnailUrl\":\"https:\/\/gozz4all.com\/wp-content\/uploads\/2017\/12\/DSC_0064-scaled.jpg\",\"datePublished\":\"2022-11-15T10:53:18+00:00\",\"dateModified\":\"2022-11-16T15:57:57+00:00\",\"description\":\"Rolstoelcape grote maten-tot 5xl softshell. Comfortabele cape met een casual look, geschikt voor een groot gedeelte van het jaar. Gozz4all.com\",\"breadcrumb\":{\"@id\":\"https:\/\/gozz4all.com\/new\/rolstoelcape-unisex-tot-5xl-oker-geel-kopie\/#breadcrumb\"},\"inLanguage\":\"fr-FR\",\"potentialAction\":[{\"@type\":\"ReadAction\",\"target\":[\"https:\/\/gozz4all.com\/new\/rolstoelcape-unisex-tot-5xl-oker-geel-kopie\/\"]}]},{\"@type\":\"ImageObject\",\"inLanguage\":\"fr-FR\",\"@id\":\"https:\/\/gozz4all.com\/new\/rolstoelcape-unisex-tot-5xl-oker-geel-kopie\/#primaryimage\",\"url\":\"https:\/\/gozz4all.com\/wp-content\/uploads\/2017\/12\/DSC_0064-scaled.jpg\",\"contentUrl\":\"https:\/\/gozz4all.com\/wp-content\/uploads\/2017\/12\/DSC_0064-scaled.jpg\",\"width\":1707,\"height\":2560,\"caption\":\"rolstoelcape-grote-maten-tot-5xl-softshell\"},{\"@type\":\"BreadcrumbList\",\"@id\":\"https:\/\/gozz4all.com\/new\/rolstoelcape-unisex-tot-5xl-oker-geel-kopie\/#breadcrumb\",\"itemListElement\":[{\"@type\":\"ListItem\",\"position\":1,\"name\":\"Home\",\"item\":\"https:\/\/gozz4all.com\/\"},{\"@type\":\"ListItem\",\"position\":2,\"name\":\"Producten\",\"item\":\"https:\/\/gozz4all.com\/shop\/\"},{\"@type\":\"ListItem\",\"position\":3,\"name\":\"Rolstoelcape grote maten-tot 5xl softshell\"}]},{\"@type\":\"WebSite\",\"@id\":\"https:\/\/gozz4all.com\/fr\/#website\",\"url\":\"https:\/\/gozz4all.com\/fr\/\",\"name\":\"Gozz4All\",\"description\":\"Gozz4All\",\"publisher\":{\"@id\":\"https:\/\/gozz4all.com\/fr\/#organization\"},\"potentialAction\":[{\"@type\":\"SearchAction\",\"target\":{\"@type\":\"EntryPoint\",\"urlTemplate\":\"https:\/\/gozz4all.com\/fr\/?s={search_term_string}\"},\"query-input\":{\"@type\":\"PropertyValueSpecification\",\"valueRequired\":true,\"valueName\":\"search_term_string\"}}],\"inLanguage\":\"fr-FR\"},{\"@type\":\"Organization\",\"@id\":\"https:\/\/gozz4all.com\/fr\/#organization\",\"name\":\"Gozz4all\",\"url\":\"https:\/\/gozz4all.com\/fr\/\",\"logo\":{\"@type\":\"ImageObject\",\"inLanguage\":\"fr-FR\",\"@id\":\"https:\/\/gozz4all.com\/fr\/#\/schema\/logo\/image\/\",\"url\":\"https:\/\/gozz4all.com\/wp-content\/uploads\/2020\/04\/Logo-ask-for-better-one.png\",\"contentUrl\":\"https:\/\/gozz4all.com\/wp-content\/uploads\/2020\/04\/Logo-ask-for-better-one.png\",\"width\":146,\"height\":60,\"caption\":\"Gozz4all\"},\"image\":{\"@id\":\"https:\/\/gozz4all.com\/fr\/#\/schema\/logo\/image\/\"},\"sameAs\":[\"https:\/\/www.facebook.com\/gozz4all\/\",\"https:\/\/www.instagram.com\/gozz4allfashion\/?hl=nl\"]}]}<\/script>\n<!-- \/ Yoast SEO plugin. -->","yoast_head_json":{"title":"Rolstoelcape grote maten-tot 5xl softshell | Gozz4All","description":"Rolstoelcape grote maten-tot 5xl softshell. Comfortabele cape met een casual look, geschikt voor een groot gedeelte van het jaar. Gozz4all.com","robots":{"index":"index","follow":"follow","max-snippet":"max-snippet:-1","max-image-preview":"max-image-preview:large","max-video-preview":"max-video-preview:-1"},"canonical":"https:\/\/gozz4all.com\/fr\/new\/rolstoelcape-unisex-tot-5xl-oker-geel-kopie\/","og_locale":"fr_FR","og_type":"article","og_title":"Rolstoelcape grote maten-tot 5xl softshell | Gozz4All","og_description":"Rolstoelcape grote maten-tot 5xl softshell. Comfortabele cape met een casual look, geschikt voor een groot gedeelte van het jaar. Gozz4all.com","og_url":"https:\/\/gozz4all.com\/fr\/new\/rolstoelcape-unisex-tot-5xl-oker-geel-kopie\/","og_site_name":"Gozz4All","article_publisher":"https:\/\/www.facebook.com\/gozz4all\/","article_modified_time":"2022-11-16T15:57:57+00:00","og_image":[{"width":1707,"height":2560,"url":"https:\/\/gozz4all.com\/wp-content\/uploads\/2017\/12\/DSC_0064-scaled.jpg","type":"image\/jpeg"}],"twitter_card":"summary_large_image","twitter_misc":{"Dur\u00e9e de lecture estim\u00e9e":"1 minute"},"schema":{"@context":"https:\/\/schema.org","@graph":[{"@type":"WebPage","@id":"https:\/\/gozz4all.com\/new\/rolstoelcape-unisex-tot-5xl-oker-geel-kopie\/","url":"https:\/\/gozz4all.com\/new\/rolstoelcape-unisex-tot-5xl-oker-geel-kopie\/","name":"Rolstoelcape grote maten-tot 5xl softshell | Gozz4All","isPartOf":{"@id":"https:\/\/gozz4all.com\/fr\/#website"},"primaryImageOfPage":{"@id":"https:\/\/gozz4all.com\/new\/rolstoelcape-unisex-tot-5xl-oker-geel-kopie\/#primaryimage"},"image":{"@id":"https:\/\/gozz4all.com\/new\/rolstoelcape-unisex-tot-5xl-oker-geel-kopie\/#primaryimage"},"thumbnailUrl":"https:\/\/gozz4all.com\/wp-content\/uploads\/2017\/12\/DSC_0064-scaled.jpg","datePublished":"2022-11-15T10:53:18+00:00","dateModified":"2022-11-16T15:57:57+00:00","description":"Rolstoelcape grote maten-tot 5xl softshell. Comfortabele cape met een casual look, geschikt voor een groot gedeelte van het jaar. Gozz4all.com","breadcrumb":{"@id":"https:\/\/gozz4all.com\/new\/rolstoelcape-unisex-tot-5xl-oker-geel-kopie\/#breadcrumb"},"inLanguage":"fr-FR","potentialAction":[{"@type":"ReadAction","target":["https:\/\/gozz4all.com\/new\/rolstoelcape-unisex-tot-5xl-oker-geel-kopie\/"]}]},{"@type":"ImageObject","inLanguage":"fr-FR","@id":"https:\/\/gozz4all.com\/new\/rolstoelcape-unisex-tot-5xl-oker-geel-kopie\/#primaryimage","url":"https:\/\/gozz4all.com\/wp-content\/uploads\/2017\/12\/DSC_0064-scaled.jpg","contentUrl":"https:\/\/gozz4all.com\/wp-content\/uploads\/2017\/12\/DSC_0064-scaled.jpg","width":1707,"height":2560,"caption":"rolstoelcape-grote-maten-tot-5xl-softshell"},{"@type":"BreadcrumbList","@id":"https:\/\/gozz4all.com\/new\/rolstoelcape-unisex-tot-5xl-oker-geel-kopie\/#breadcrumb","itemListElement":[{"@type":"ListItem","position":1,"name":"Home","item":"https:\/\/gozz4all.com\/"},{"@type":"ListItem","position":2,"name":"Producten","item":"https:\/\/gozz4all.com\/shop\/"},{"@type":"ListItem","position":3,"name":"Rolstoelcape grote maten-tot 5xl softshell"}]},{"@type":"WebSite","@id":"https:\/\/gozz4all.com\/fr\/#website","url":"https:\/\/gozz4all.com\/fr\/","name":"Gozz4All","description":"Gozz4All","publisher":{"@id":"https:\/\/gozz4all.com\/fr\/#organization"},"potentialAction":[{"@type":"SearchAction","target":{"@type":"EntryPoint","urlTemplate":"https:\/\/gozz4all.com\/fr\/?s={search_term_string}"},"query-input":{"@type":"PropertyValueSpecification","valueRequired":true,"valueName":"search_term_string"}}],"inLanguage":"fr-FR"},{"@type":"Organization","@id":"https:\/\/gozz4all.com\/fr\/#organization","name":"Gozz4all","url":"https:\/\/gozz4all.com\/fr\/","logo":{"@type":"ImageObject","inLanguage":"fr-FR","@id":"https:\/\/gozz4all.com\/fr\/#\/schema\/logo\/image\/","url":"https:\/\/gozz4all.com\/wp-content\/uploads\/2020\/04\/Logo-ask-for-better-one.png","contentUrl":"https:\/\/gozz4all.com\/wp-content\/uploads\/2020\/04\/Logo-ask-for-better-one.png","width":146,"height":60,"caption":"Gozz4all"},"image":{"@id":"https:\/\/gozz4all.com\/fr\/#\/schema\/logo\/image\/"},"sameAs":["https:\/\/www.facebook.com\/gozz4all\/","https:\/\/www.instagram.com\/gozz4allfashion\/?hl=nl"]}]}},"_links":{"self":[{"href":"https:\/\/gozz4all.com\/fr\/wp-json\/wp\/v2\/product\/24308","targetHints":{"allow":["GET"]}}],"collection":[{"href":"https:\/\/gozz4all.com\/fr\/wp-json\/wp\/v2\/product"}],"about":[{"href":"https:\/\/gozz4all.com\/fr\/wp-json\/wp\/v2\/types\/product"}],"wp:featuredmedia":[{"embeddable":true,"href":"https:\/\/gozz4all.com\/fr\/wp-json\/wp\/v2\/media\/24261"}],"wp:attachment":[{"href":"https:\/\/gozz4all.com\/fr\/wp-json\/wp\/v2\/media?parent=24308"}],"wp:term":[{"taxonomy":"product_brand","embeddable":true,"href":"https:\/\/gozz4all.com\/fr\/wp-json\/wp\/v2\/product_brand?post=24308"},{"taxonomy":"product_cat","embeddable":true,"href":"https:\/\/gozz4all.com\/fr\/wp-json\/wp\/v2\/product_cat?post=24308"},{"taxonomy":"product_tag","embeddable":true,"href":"https:\/\/gozz4all.com\/fr\/wp-json\/wp\/v2\/product_tag?post=24308"}],"curies":[{"name":"wp","href":"https:\/\/api.w.org\/{rel}","templated":true}]}}