{"id":23914,"date":"2022-11-14T17:36:10","date_gmt":"2022-11-14T15:36:10","guid":{"rendered":"https:\/\/gozz4all.com\/?post_type=product&#038;p=23914"},"modified":"2025-10-22T14:12:25","modified_gmt":"2025-10-22T12:12:25","slug":"sale-slaapzak-110-116-dodores","status":"publish","type":"product","link":"https:\/\/gozz4all.com\/fr\/product\/sale-slaapzak-110-116-dodores\/","title":{"rendered":"SALE! Slaapzak 110-116 dodores"},"content":{"rendered":"<p>SALE! Slaapzak 110-116 dodores<br \/>\nIl s'agit d'un nouveau mod\u00e8le qui n'a \u00e9t\u00e9 utilis\u00e9 que pour les photos.<br \/>\nEen soepele slaapzak met zonder mouwen, met voering roze badstof.<br \/>\nDeze heeft een rits die sluit van beneden naar boven<\/p>\n<p>Il peut \u00eatre utilis\u00e9 pour tous les \u00e2ges en cas de comportement de d\u00e9shabillage ou si une couette ou un drap ne sont pas tol\u00e9r\u00e9s, ils sont encore chauds.<\/p>\n<p>Cela donne plus de repos et un meilleur sommeil.<\/p>\n<p>\u00c9quip\u00e9 d'une solide fermeture \u00e9clair de la marque Kroko.<\/p>\n<p>Il ne s'agit pas d'un tissu anti-d\u00e9chirure.<\/p>\n<p>Tient compte du r\u00e9tr\u00e9cissement 5%<\/p>\n<p>Doublure : facultative<br \/>\nInstructions de lavage : 40\u00b0 ou 60\u00b0 (si n\u00e9cessaire)<br \/>\nPeut \u00eatre lav\u00e9e fr\u00e9quemment.<\/p>","protected":false},"excerpt":{"rendered":"<p>SALE! Slaapzak 110-116 dodores<br \/>\nDit is een NIEUW model en enkel gebuikt voor foto&#8217;s.<br \/>\nEen soepele slaapzak met zonder mouwen, met badstof voering.<br \/>\nDeze heeft een rits die sluit van beneden naar boven<\/p>\n<p>Il peut \u00eatre utilis\u00e9 pour tous les \u00e2ges en cas de comportement de d\u00e9shabillage ou si une couette ou un drap ne sont pas tol\u00e9r\u00e9s, ils sont encore chauds.<\/p>\n<p>Cela donne plus de repos et un meilleur sommeil.<\/p>\n<p>\u00c9quip\u00e9 d'une solide fermeture \u00e9clair de la marque Kroko.<\/p>\n<p>Il ne s'agit pas d'un tissu anti-d\u00e9chirure.<\/p>\n<p>Tient compte du r\u00e9tr\u00e9cissement 5%<\/p>\n<p>Doublure : facultative<br \/>\nInstructions de lavage : 40\u00b0 ou 60\u00b0 (si n\u00e9cessaire)<br \/>\nPeut \u00eatre lav\u00e9e fr\u00e9quemment.<\/p>","protected":false},"featured_media":23915,"template":"","meta":[],"product_brand":[],"product_cat":[675,456],"product_tag":[],"class_list":{"0":"post-23914","1":"product","2":"type-product","3":"status-publish","4":"has-post-thumbnail","6":"product_cat-sale-dit-is-nieuwe-kleding-dus-niet-gebruikt","7":"product_cat-slaapzakken-in-grote-maten-tot-en-met-maat-xxl-kan-voor-alle-leeftijden-gebruikt-worden-smeergedrag-en-uitkleedgedrag-of-indien-er-geen-dekbed-of-laken-verdragen-wordt","8":"pif-has-gallery","10":"first","11":"instock","12":"sale","13":"taxable","14":"shipping-taxable","15":"purchasable","16":"product-type-simple"},"yoast_head":"<!-- This site is optimized with the Yoast SEO plugin v27.2 - https:\/\/yoast.com\/product\/yoast-seo-wordpress\/ -->\n<title>SALE! Slaapzak 110-116 dodores | Gozz4All<\/title>\n<meta name=\"description\" content=\"SALE! Slaapzak 110-116 dodores. Dit is een nieuw model en is enkel gebruikt voor foto&#039;s. Een soepele slaapzak zonder mouwen. Voering in microfleece. Gozz4all.com\" \/>\n<meta name=\"robots\" content=\"index, follow, max-snippet:-1, max-image-preview:large, max-video-preview:-1\" \/>\n<link rel=\"canonical\" href=\"https:\/\/gozz4all.com\/fr\/produit\/sale-slaapzak-110-116-dodores\/\" \/>\n<meta property=\"og:locale\" content=\"fr_FR\" \/>\n<meta property=\"og:type\" content=\"article\" \/>\n<meta property=\"og:title\" content=\"SALE! Slaapzak 110-116 dodores | Gozz4All\" \/>\n<meta property=\"og:description\" content=\"SALE! Slaapzak 110-116 dodores. Dit is een nieuw model en is enkel gebruikt voor foto&#039;s. Een soepele slaapzak zonder mouwen. Voering in microfleece. Gozz4all.com\" \/>\n<meta property=\"og:url\" content=\"https:\/\/gozz4all.com\/fr\/produit\/sale-slaapzak-110-116-dodores\/\" \/>\n<meta property=\"og:site_name\" content=\"Gozz4All\" \/>\n<meta property=\"article:publisher\" content=\"https:\/\/www.facebook.com\/gozz4all\/\" \/>\n<meta property=\"article:modified_time\" content=\"2025-10-22T12:12:25+00:00\" \/>\n<meta property=\"og:image\" content=\"https:\/\/gozz4all.com\/wp-content\/uploads\/2022\/11\/DSC_0077-687x1030.png\" \/>\n\t<meta property=\"og:image:width\" content=\"687\" \/>\n\t<meta property=\"og:image:height\" content=\"1030\" \/>\n\t<meta property=\"og:image:type\" content=\"image\/png\" \/>\n<meta name=\"twitter:card\" content=\"summary_large_image\" \/>\n<script type=\"application\/ld+json\" class=\"yoast-schema-graph\">{\"@context\":\"https:\/\/schema.org\",\"@graph\":[{\"@type\":\"WebPage\",\"@id\":\"https:\/\/gozz4all.com\/product\/sale-slaapzak-110-116-dodores\/\",\"url\":\"https:\/\/gozz4all.com\/product\/sale-slaapzak-110-116-dodores\/\",\"name\":\"SALE! Slaapzak 110-116 dodores | Gozz4All\",\"isPartOf\":{\"@id\":\"https:\/\/gozz4all.com\/fr\/#website\"},\"primaryImageOfPage\":{\"@id\":\"https:\/\/gozz4all.com\/product\/sale-slaapzak-110-116-dodores\/#primaryimage\"},\"image\":{\"@id\":\"https:\/\/gozz4all.com\/product\/sale-slaapzak-110-116-dodores\/#primaryimage\"},\"thumbnailUrl\":\"https:\/\/gozz4all.com\/wp-content\/uploads\/2022\/11\/DSC_0077.png\",\"datePublished\":\"2022-11-14T15:36:10+00:00\",\"dateModified\":\"2025-10-22T12:12:25+00:00\",\"description\":\"SALE! Slaapzak 110-116 dodores. Dit is een nieuw model en is enkel gebruikt voor foto's. Een soepele slaapzak zonder mouwen. Voering in microfleece. Gozz4all.com\",\"breadcrumb\":{\"@id\":\"https:\/\/gozz4all.com\/product\/sale-slaapzak-110-116-dodores\/#breadcrumb\"},\"inLanguage\":\"fr-FR\",\"potentialAction\":[{\"@type\":\"ReadAction\",\"target\":[\"https:\/\/gozz4all.com\/product\/sale-slaapzak-110-116-dodores\/\"]}]},{\"@type\":\"ImageObject\",\"inLanguage\":\"fr-FR\",\"@id\":\"https:\/\/gozz4all.com\/product\/sale-slaapzak-110-116-dodores\/#primaryimage\",\"url\":\"https:\/\/gozz4all.com\/wp-content\/uploads\/2022\/11\/DSC_0077.png\",\"contentUrl\":\"https:\/\/gozz4all.com\/wp-content\/uploads\/2022\/11\/DSC_0077.png\",\"width\":4000,\"height\":6000},{\"@type\":\"BreadcrumbList\",\"@id\":\"https:\/\/gozz4all.com\/product\/sale-slaapzak-110-116-dodores\/#breadcrumb\",\"itemListElement\":[{\"@type\":\"ListItem\",\"position\":1,\"name\":\"Home\",\"item\":\"https:\/\/gozz4all.com\/\"},{\"@type\":\"ListItem\",\"position\":2,\"name\":\"Producten\",\"item\":\"https:\/\/gozz4all.com\/shop\/\"},{\"@type\":\"ListItem\",\"position\":3,\"name\":\"SALE! Slaapzak 110-116 dodores\"}]},{\"@type\":\"WebSite\",\"@id\":\"https:\/\/gozz4all.com\/fr\/#website\",\"url\":\"https:\/\/gozz4all.com\/fr\/\",\"name\":\"Gozz4All\",\"description\":\"Gozz4All\",\"publisher\":{\"@id\":\"https:\/\/gozz4all.com\/fr\/#organization\"},\"potentialAction\":[{\"@type\":\"SearchAction\",\"target\":{\"@type\":\"EntryPoint\",\"urlTemplate\":\"https:\/\/gozz4all.com\/fr\/?s={search_term_string}\"},\"query-input\":{\"@type\":\"PropertyValueSpecification\",\"valueRequired\":true,\"valueName\":\"search_term_string\"}}],\"inLanguage\":\"fr-FR\"},{\"@type\":\"Organization\",\"@id\":\"https:\/\/gozz4all.com\/fr\/#organization\",\"name\":\"Gozz4all\",\"url\":\"https:\/\/gozz4all.com\/fr\/\",\"logo\":{\"@type\":\"ImageObject\",\"inLanguage\":\"fr-FR\",\"@id\":\"https:\/\/gozz4all.com\/fr\/#\/schema\/logo\/image\/\",\"url\":\"https:\/\/gozz4all.com\/wp-content\/uploads\/2020\/04\/Logo-ask-for-better-one.png\",\"contentUrl\":\"https:\/\/gozz4all.com\/wp-content\/uploads\/2020\/04\/Logo-ask-for-better-one.png\",\"width\":146,\"height\":60,\"caption\":\"Gozz4all\"},\"image\":{\"@id\":\"https:\/\/gozz4all.com\/fr\/#\/schema\/logo\/image\/\"},\"sameAs\":[\"https:\/\/www.facebook.com\/gozz4all\/\",\"https:\/\/www.instagram.com\/gozz4allfashion\/?hl=nl\"]}]}<\/script>\n<!-- \/ Yoast SEO plugin. -->","yoast_head_json":{"title":"SALE! Slaapzak 110-116 dodores | Gozz4All","description":"SALE! Slaapzak 110-116 dodores. Dit is een nieuw model en is enkel gebruikt voor foto's. Een soepele slaapzak zonder mouwen. Voering in microfleece. Gozz4all.com","robots":{"index":"index","follow":"follow","max-snippet":"max-snippet:-1","max-image-preview":"max-image-preview:large","max-video-preview":"max-video-preview:-1"},"canonical":"https:\/\/gozz4all.com\/fr\/produit\/sale-slaapzak-110-116-dodores\/","og_locale":"fr_FR","og_type":"article","og_title":"SALE! Slaapzak 110-116 dodores | Gozz4All","og_description":"SALE! Slaapzak 110-116 dodores. Dit is een nieuw model en is enkel gebruikt voor foto's. Een soepele slaapzak zonder mouwen. Voering in microfleece. Gozz4all.com","og_url":"https:\/\/gozz4all.com\/fr\/produit\/sale-slaapzak-110-116-dodores\/","og_site_name":"Gozz4All","article_publisher":"https:\/\/www.facebook.com\/gozz4all\/","article_modified_time":"2025-10-22T12:12:25+00:00","og_image":[{"width":687,"height":1030,"url":"https:\/\/gozz4all.com\/wp-content\/uploads\/2022\/11\/DSC_0077-687x1030.png","type":"image\/png"}],"twitter_card":"summary_large_image","schema":{"@context":"https:\/\/schema.org","@graph":[{"@type":"WebPage","@id":"https:\/\/gozz4all.com\/product\/sale-slaapzak-110-116-dodores\/","url":"https:\/\/gozz4all.com\/product\/sale-slaapzak-110-116-dodores\/","name":"SALE! Slaapzak 110-116 dodores | Gozz4All","isPartOf":{"@id":"https:\/\/gozz4all.com\/fr\/#website"},"primaryImageOfPage":{"@id":"https:\/\/gozz4all.com\/product\/sale-slaapzak-110-116-dodores\/#primaryimage"},"image":{"@id":"https:\/\/gozz4all.com\/product\/sale-slaapzak-110-116-dodores\/#primaryimage"},"thumbnailUrl":"https:\/\/gozz4all.com\/wp-content\/uploads\/2022\/11\/DSC_0077.png","datePublished":"2022-11-14T15:36:10+00:00","dateModified":"2025-10-22T12:12:25+00:00","description":"SALE! Slaapzak 110-116 dodores. Dit is een nieuw model en is enkel gebruikt voor foto's. Een soepele slaapzak zonder mouwen. Voering in microfleece. Gozz4all.com","breadcrumb":{"@id":"https:\/\/gozz4all.com\/product\/sale-slaapzak-110-116-dodores\/#breadcrumb"},"inLanguage":"fr-FR","potentialAction":[{"@type":"ReadAction","target":["https:\/\/gozz4all.com\/product\/sale-slaapzak-110-116-dodores\/"]}]},{"@type":"ImageObject","inLanguage":"fr-FR","@id":"https:\/\/gozz4all.com\/product\/sale-slaapzak-110-116-dodores\/#primaryimage","url":"https:\/\/gozz4all.com\/wp-content\/uploads\/2022\/11\/DSC_0077.png","contentUrl":"https:\/\/gozz4all.com\/wp-content\/uploads\/2022\/11\/DSC_0077.png","width":4000,"height":6000},{"@type":"BreadcrumbList","@id":"https:\/\/gozz4all.com\/product\/sale-slaapzak-110-116-dodores\/#breadcrumb","itemListElement":[{"@type":"ListItem","position":1,"name":"Home","item":"https:\/\/gozz4all.com\/"},{"@type":"ListItem","position":2,"name":"Producten","item":"https:\/\/gozz4all.com\/shop\/"},{"@type":"ListItem","position":3,"name":"SALE! Slaapzak 110-116 dodores"}]},{"@type":"WebSite","@id":"https:\/\/gozz4all.com\/fr\/#website","url":"https:\/\/gozz4all.com\/fr\/","name":"Gozz4All","description":"Gozz4All","publisher":{"@id":"https:\/\/gozz4all.com\/fr\/#organization"},"potentialAction":[{"@type":"SearchAction","target":{"@type":"EntryPoint","urlTemplate":"https:\/\/gozz4all.com\/fr\/?s={search_term_string}"},"query-input":{"@type":"PropertyValueSpecification","valueRequired":true,"valueName":"search_term_string"}}],"inLanguage":"fr-FR"},{"@type":"Organization","@id":"https:\/\/gozz4all.com\/fr\/#organization","name":"Gozz4all","url":"https:\/\/gozz4all.com\/fr\/","logo":{"@type":"ImageObject","inLanguage":"fr-FR","@id":"https:\/\/gozz4all.com\/fr\/#\/schema\/logo\/image\/","url":"https:\/\/gozz4all.com\/wp-content\/uploads\/2020\/04\/Logo-ask-for-better-one.png","contentUrl":"https:\/\/gozz4all.com\/wp-content\/uploads\/2020\/04\/Logo-ask-for-better-one.png","width":146,"height":60,"caption":"Gozz4all"},"image":{"@id":"https:\/\/gozz4all.com\/fr\/#\/schema\/logo\/image\/"},"sameAs":["https:\/\/www.facebook.com\/gozz4all\/","https:\/\/www.instagram.com\/gozz4allfashion\/?hl=nl"]}]}},"_links":{"self":[{"href":"https:\/\/gozz4all.com\/fr\/wp-json\/wp\/v2\/product\/23914","targetHints":{"allow":["GET"]}}],"collection":[{"href":"https:\/\/gozz4all.com\/fr\/wp-json\/wp\/v2\/product"}],"about":[{"href":"https:\/\/gozz4all.com\/fr\/wp-json\/wp\/v2\/types\/product"}],"wp:featuredmedia":[{"embeddable":true,"href":"https:\/\/gozz4all.com\/fr\/wp-json\/wp\/v2\/media\/23915"}],"wp:attachment":[{"href":"https:\/\/gozz4all.com\/fr\/wp-json\/wp\/v2\/media?parent=23914"}],"wp:term":[{"taxonomy":"product_brand","embeddable":true,"href":"https:\/\/gozz4all.com\/fr\/wp-json\/wp\/v2\/product_brand?post=23914"},{"taxonomy":"product_cat","embeddable":true,"href":"https:\/\/gozz4all.com\/fr\/wp-json\/wp\/v2\/product_cat?post=23914"},{"taxonomy":"product_tag","embeddable":true,"href":"https:\/\/gozz4all.com\/fr\/wp-json\/wp\/v2\/product_tag?post=23914"}],"curies":[{"name":"wp","href":"https:\/\/api.w.org\/{rel}","templated":true}]}}