{"id":23912,"date":"2022-11-14T17:16:47","date_gmt":"2022-11-14T15:16:47","guid":{"rendered":"https:\/\/gozz4all.com\/?post_type=product&#038;p=23912"},"modified":"2025-02-12T16:13:32","modified_gmt":"2025-02-12T14:13:32","slug":"sale-slaapzak-104-110-geel-bloempje-velours","status":"publish","type":"product","link":"https:\/\/gozz4all.com\/fr\/product\/sale-slaapzak-104-110-geel-bloempje-velours\/","title":{"rendered":"VENTE ! Sac de couchage 104-110 velours fleur jaune"},"content":{"rendered":"<p>VENTE ! Sac de couchage 104-110 velours fleur jaune<br \/>\nIl s'agit d'un nouveau mod\u00e8le qui n'a \u00e9t\u00e9 utilis\u00e9 que pour les photos.<br \/>\nUn sac de couchage flexible sans manches avec une doublure en velours.<br \/>\nIl est dot\u00e9 d'une fermeture \u00e0 glissi\u00e8re sur le devant qui se ferme de bas en haut.<\/p>\n<p>Il peut \u00eatre utilis\u00e9 pour tous les \u00e2ges en cas de comportement de d\u00e9shabillage ou si une couette ou un drap ne sont pas tol\u00e9r\u00e9s, ils sont encore chauds.<\/p>\n<p>Cela donne plus de repos et un meilleur sommeil.<\/p>\n<p>\u00c9quip\u00e9 d'une solide fermeture \u00e9clair de la marque Kroko.<\/p>\n<p>Il ne s'agit pas d'un tissu anti-d\u00e9chirure.<\/p>\n<p>Tient compte du r\u00e9tr\u00e9cissement 5%<\/p>\n<p>Doublure : facultative<br \/>\nInstructions de lavage : 40\u00b0 ou 60\u00b0 (si n\u00e9cessaire)<br \/>\nPeut \u00eatre lav\u00e9e fr\u00e9quemment.<\/p>","protected":false},"excerpt":{"rendered":"<p>SALE! Slaapzak 110 geel bloempje velours<br \/>\nDit is een NIEUW model en enkel gebuikt voor foto&#8217;s.<br \/>\nUn sac de couchage flexible sans manches avec une doublure en velours.<br \/>\nDeze heeft een rits vooraan die sluit van beneden naar boven.<\/p>\n<p>Il peut \u00eatre utilis\u00e9 pour tous les \u00e2ges en cas de comportement de d\u00e9shabillage ou si une couette ou un drap ne sont pas tol\u00e9r\u00e9s, ils sont encore chauds.<\/p>\n<p>Cela donne plus de repos et un meilleur sommeil.<\/p>\n<p>\u00c9quip\u00e9 d'une solide fermeture \u00e9clair de la marque Kroko.<\/p>\n<p>Il ne s'agit pas d'un tissu anti-d\u00e9chirure.<\/p>\n<p>Tient compte du r\u00e9tr\u00e9cissement 5%<\/p>\n<p>Doublure : facultative<br \/>\nInstructions de lavage : 40\u00b0 ou 60\u00b0 (si n\u00e9cessaire)<br \/>\nPeut \u00eatre lav\u00e9e fr\u00e9quemment.<\/p>","protected":false},"featured_media":17466,"template":"","meta":[],"product_brand":[],"product_cat":[675,456],"product_tag":[],"class_list":{"0":"post-23912","1":"product","2":"type-product","3":"status-publish","4":"has-post-thumbnail","6":"product_cat-sale-dit-is-nieuwe-kleding-dus-niet-gebruikt","7":"product_cat-slaapzakken-in-grote-maten-tot-en-met-maat-xxl-kan-voor-alle-leeftijden-gebruikt-worden-smeergedrag-en-uitkleedgedrag-of-indien-er-geen-dekbed-of-laken-verdragen-wordt","8":"pif-has-gallery","10":"first","11":"instock","12":"sale","13":"taxable","14":"shipping-taxable","15":"purchasable","16":"product-type-simple"},"yoast_head":"<!-- This site is optimized with the Yoast SEO plugin v27.2 - https:\/\/yoast.com\/product\/yoast-seo-wordpress\/ -->\n<title>SALE! Slaapzak 104-110 geel bloempje velours | Gozz4All<\/title>\n<meta name=\"description\" content=\"SALE! Slaapzak 104-110 geel bloempje velours. Dit is een nieuw model en is enkel gebruikt voor foto&#039;s. Een soepele slaapzak zonder mouwen. Voering in velours. Gozz4all.com\" \/>\n<meta name=\"robots\" content=\"index, follow, max-snippet:-1, max-image-preview:large, max-video-preview:-1\" \/>\n<link rel=\"canonical\" href=\"https:\/\/gozz4all.com\/fr\/produit\/sale-slaapzak-104-110-geel-bloempje-velours\/\" \/>\n<meta property=\"og:locale\" content=\"fr_FR\" \/>\n<meta property=\"og:type\" content=\"article\" \/>\n<meta property=\"og:title\" content=\"SALE! Slaapzak 104-110 geel bloempje velours | Gozz4All\" \/>\n<meta property=\"og:description\" content=\"SALE! Slaapzak 104-110 geel bloempje velours. Dit is een nieuw model en is enkel gebruikt voor foto&#039;s. Een soepele slaapzak zonder mouwen. Voering in velours. Gozz4all.com\" \/>\n<meta property=\"og:url\" content=\"https:\/\/gozz4all.com\/fr\/produit\/sale-slaapzak-104-110-geel-bloempje-velours\/\" \/>\n<meta property=\"og:site_name\" content=\"Gozz4All\" \/>\n<meta property=\"article:publisher\" content=\"https:\/\/www.facebook.com\/gozz4all\/\" \/>\n<meta property=\"article:modified_time\" content=\"2025-02-12T14:13:32+00:00\" \/>\n<meta property=\"og:image\" content=\"https:\/\/gozz4all.com\/wp-content\/uploads\/2022\/04\/Slaapzak-geel-bloem.jpg\" \/>\n\t<meta property=\"og:image:width\" content=\"419\" \/>\n\t<meta property=\"og:image:height\" content=\"595\" \/>\n\t<meta property=\"og:image:type\" content=\"image\/jpeg\" \/>\n<meta name=\"twitter:card\" content=\"summary_large_image\" \/>\n<meta name=\"twitter:label1\" content=\"Dur\u00e9e de lecture estim\u00e9e\" \/>\n\t<meta name=\"twitter:data1\" content=\"1 minute\" \/>\n<script type=\"application\/ld+json\" class=\"yoast-schema-graph\">{\"@context\":\"https:\/\/schema.org\",\"@graph\":[{\"@type\":\"WebPage\",\"@id\":\"https:\/\/gozz4all.com\/product\/sale-slaapzak-104-110-geel-bloempje-velours\/\",\"url\":\"https:\/\/gozz4all.com\/product\/sale-slaapzak-104-110-geel-bloempje-velours\/\",\"name\":\"SALE! Slaapzak 104-110 geel bloempje velours | Gozz4All\",\"isPartOf\":{\"@id\":\"https:\/\/gozz4all.com\/fr\/#website\"},\"primaryImageOfPage\":{\"@id\":\"https:\/\/gozz4all.com\/product\/sale-slaapzak-104-110-geel-bloempje-velours\/#primaryimage\"},\"image\":{\"@id\":\"https:\/\/gozz4all.com\/product\/sale-slaapzak-104-110-geel-bloempje-velours\/#primaryimage\"},\"thumbnailUrl\":\"https:\/\/gozz4all.com\/wp-content\/uploads\/2022\/04\/Slaapzak-geel-bloem.jpg\",\"datePublished\":\"2022-11-14T15:16:47+00:00\",\"dateModified\":\"2025-02-12T14:13:32+00:00\",\"description\":\"SALE! Slaapzak 104-110 geel bloempje velours. Dit is een nieuw model en is enkel gebruikt voor foto's. Een soepele slaapzak zonder mouwen. Voering in velours. Gozz4all.com\",\"breadcrumb\":{\"@id\":\"https:\/\/gozz4all.com\/product\/sale-slaapzak-104-110-geel-bloempje-velours\/#breadcrumb\"},\"inLanguage\":\"fr-FR\",\"potentialAction\":[{\"@type\":\"ReadAction\",\"target\":[\"https:\/\/gozz4all.com\/product\/sale-slaapzak-104-110-geel-bloempje-velours\/\"]}]},{\"@type\":\"ImageObject\",\"inLanguage\":\"fr-FR\",\"@id\":\"https:\/\/gozz4all.com\/product\/sale-slaapzak-104-110-geel-bloempje-velours\/#primaryimage\",\"url\":\"https:\/\/gozz4all.com\/wp-content\/uploads\/2022\/04\/Slaapzak-geel-bloem.jpg\",\"contentUrl\":\"https:\/\/gozz4all.com\/wp-content\/uploads\/2022\/04\/Slaapzak-geel-bloem.jpg\",\"width\":419,\"height\":595},{\"@type\":\"BreadcrumbList\",\"@id\":\"https:\/\/gozz4all.com\/product\/sale-slaapzak-104-110-geel-bloempje-velours\/#breadcrumb\",\"itemListElement\":[{\"@type\":\"ListItem\",\"position\":1,\"name\":\"Home\",\"item\":\"https:\/\/gozz4all.com\/\"},{\"@type\":\"ListItem\",\"position\":2,\"name\":\"Producten\",\"item\":\"https:\/\/gozz4all.com\/shop\/\"},{\"@type\":\"ListItem\",\"position\":3,\"name\":\"SALE! Slaapzak 104-110 geel bloempje velours\"}]},{\"@type\":\"WebSite\",\"@id\":\"https:\/\/gozz4all.com\/fr\/#website\",\"url\":\"https:\/\/gozz4all.com\/fr\/\",\"name\":\"Gozz4All\",\"description\":\"Gozz4All\",\"publisher\":{\"@id\":\"https:\/\/gozz4all.com\/fr\/#organization\"},\"potentialAction\":[{\"@type\":\"SearchAction\",\"target\":{\"@type\":\"EntryPoint\",\"urlTemplate\":\"https:\/\/gozz4all.com\/fr\/?s={search_term_string}\"},\"query-input\":{\"@type\":\"PropertyValueSpecification\",\"valueRequired\":true,\"valueName\":\"search_term_string\"}}],\"inLanguage\":\"fr-FR\"},{\"@type\":\"Organization\",\"@id\":\"https:\/\/gozz4all.com\/fr\/#organization\",\"name\":\"Gozz4all\",\"url\":\"https:\/\/gozz4all.com\/fr\/\",\"logo\":{\"@type\":\"ImageObject\",\"inLanguage\":\"fr-FR\",\"@id\":\"https:\/\/gozz4all.com\/fr\/#\/schema\/logo\/image\/\",\"url\":\"https:\/\/gozz4all.com\/wp-content\/uploads\/2020\/04\/Logo-ask-for-better-one.png\",\"contentUrl\":\"https:\/\/gozz4all.com\/wp-content\/uploads\/2020\/04\/Logo-ask-for-better-one.png\",\"width\":146,\"height\":60,\"caption\":\"Gozz4all\"},\"image\":{\"@id\":\"https:\/\/gozz4all.com\/fr\/#\/schema\/logo\/image\/\"},\"sameAs\":[\"https:\/\/www.facebook.com\/gozz4all\/\",\"https:\/\/www.instagram.com\/gozz4allfashion\/?hl=nl\"]}]}<\/script>\n<!-- \/ Yoast SEO plugin. -->","yoast_head_json":{"title":"SALE! Slaapzak 104-110 geel bloempje velours | Gozz4All","description":"SALE! Slaapzak 104-110 geel bloempje velours. Dit is een nieuw model en is enkel gebruikt voor foto's. Een soepele slaapzak zonder mouwen. Voering in velours. Gozz4all.com","robots":{"index":"index","follow":"follow","max-snippet":"max-snippet:-1","max-image-preview":"max-image-preview:large","max-video-preview":"max-video-preview:-1"},"canonical":"https:\/\/gozz4all.com\/fr\/produit\/sale-slaapzak-104-110-geel-bloempje-velours\/","og_locale":"fr_FR","og_type":"article","og_title":"SALE! Slaapzak 104-110 geel bloempje velours | Gozz4All","og_description":"SALE! Slaapzak 104-110 geel bloempje velours. Dit is een nieuw model en is enkel gebruikt voor foto's. Een soepele slaapzak zonder mouwen. Voering in velours. Gozz4all.com","og_url":"https:\/\/gozz4all.com\/fr\/produit\/sale-slaapzak-104-110-geel-bloempje-velours\/","og_site_name":"Gozz4All","article_publisher":"https:\/\/www.facebook.com\/gozz4all\/","article_modified_time":"2025-02-12T14:13:32+00:00","og_image":[{"width":419,"height":595,"url":"https:\/\/gozz4all.com\/wp-content\/uploads\/2022\/04\/Slaapzak-geel-bloem.jpg","type":"image\/jpeg"}],"twitter_card":"summary_large_image","twitter_misc":{"Dur\u00e9e de lecture estim\u00e9e":"1 minute"},"schema":{"@context":"https:\/\/schema.org","@graph":[{"@type":"WebPage","@id":"https:\/\/gozz4all.com\/product\/sale-slaapzak-104-110-geel-bloempje-velours\/","url":"https:\/\/gozz4all.com\/product\/sale-slaapzak-104-110-geel-bloempje-velours\/","name":"SALE! Slaapzak 104-110 geel bloempje velours | Gozz4All","isPartOf":{"@id":"https:\/\/gozz4all.com\/fr\/#website"},"primaryImageOfPage":{"@id":"https:\/\/gozz4all.com\/product\/sale-slaapzak-104-110-geel-bloempje-velours\/#primaryimage"},"image":{"@id":"https:\/\/gozz4all.com\/product\/sale-slaapzak-104-110-geel-bloempje-velours\/#primaryimage"},"thumbnailUrl":"https:\/\/gozz4all.com\/wp-content\/uploads\/2022\/04\/Slaapzak-geel-bloem.jpg","datePublished":"2022-11-14T15:16:47+00:00","dateModified":"2025-02-12T14:13:32+00:00","description":"SALE! Slaapzak 104-110 geel bloempje velours. Dit is een nieuw model en is enkel gebruikt voor foto's. Een soepele slaapzak zonder mouwen. Voering in velours. Gozz4all.com","breadcrumb":{"@id":"https:\/\/gozz4all.com\/product\/sale-slaapzak-104-110-geel-bloempje-velours\/#breadcrumb"},"inLanguage":"fr-FR","potentialAction":[{"@type":"ReadAction","target":["https:\/\/gozz4all.com\/product\/sale-slaapzak-104-110-geel-bloempje-velours\/"]}]},{"@type":"ImageObject","inLanguage":"fr-FR","@id":"https:\/\/gozz4all.com\/product\/sale-slaapzak-104-110-geel-bloempje-velours\/#primaryimage","url":"https:\/\/gozz4all.com\/wp-content\/uploads\/2022\/04\/Slaapzak-geel-bloem.jpg","contentUrl":"https:\/\/gozz4all.com\/wp-content\/uploads\/2022\/04\/Slaapzak-geel-bloem.jpg","width":419,"height":595},{"@type":"BreadcrumbList","@id":"https:\/\/gozz4all.com\/product\/sale-slaapzak-104-110-geel-bloempje-velours\/#breadcrumb","itemListElement":[{"@type":"ListItem","position":1,"name":"Home","item":"https:\/\/gozz4all.com\/"},{"@type":"ListItem","position":2,"name":"Producten","item":"https:\/\/gozz4all.com\/shop\/"},{"@type":"ListItem","position":3,"name":"SALE! Slaapzak 104-110 geel bloempje velours"}]},{"@type":"WebSite","@id":"https:\/\/gozz4all.com\/fr\/#website","url":"https:\/\/gozz4all.com\/fr\/","name":"Gozz4All","description":"Gozz4All","publisher":{"@id":"https:\/\/gozz4all.com\/fr\/#organization"},"potentialAction":[{"@type":"SearchAction","target":{"@type":"EntryPoint","urlTemplate":"https:\/\/gozz4all.com\/fr\/?s={search_term_string}"},"query-input":{"@type":"PropertyValueSpecification","valueRequired":true,"valueName":"search_term_string"}}],"inLanguage":"fr-FR"},{"@type":"Organization","@id":"https:\/\/gozz4all.com\/fr\/#organization","name":"Gozz4all","url":"https:\/\/gozz4all.com\/fr\/","logo":{"@type":"ImageObject","inLanguage":"fr-FR","@id":"https:\/\/gozz4all.com\/fr\/#\/schema\/logo\/image\/","url":"https:\/\/gozz4all.com\/wp-content\/uploads\/2020\/04\/Logo-ask-for-better-one.png","contentUrl":"https:\/\/gozz4all.com\/wp-content\/uploads\/2020\/04\/Logo-ask-for-better-one.png","width":146,"height":60,"caption":"Gozz4all"},"image":{"@id":"https:\/\/gozz4all.com\/fr\/#\/schema\/logo\/image\/"},"sameAs":["https:\/\/www.facebook.com\/gozz4all\/","https:\/\/www.instagram.com\/gozz4allfashion\/?hl=nl"]}]}},"_links":{"self":[{"href":"https:\/\/gozz4all.com\/fr\/wp-json\/wp\/v2\/product\/23912","targetHints":{"allow":["GET"]}}],"collection":[{"href":"https:\/\/gozz4all.com\/fr\/wp-json\/wp\/v2\/product"}],"about":[{"href":"https:\/\/gozz4all.com\/fr\/wp-json\/wp\/v2\/types\/product"}],"wp:featuredmedia":[{"embeddable":true,"href":"https:\/\/gozz4all.com\/fr\/wp-json\/wp\/v2\/media\/17466"}],"wp:attachment":[{"href":"https:\/\/gozz4all.com\/fr\/wp-json\/wp\/v2\/media?parent=23912"}],"wp:term":[{"taxonomy":"product_brand","embeddable":true,"href":"https:\/\/gozz4all.com\/fr\/wp-json\/wp\/v2\/product_brand?post=23912"},{"taxonomy":"product_cat","embeddable":true,"href":"https:\/\/gozz4all.com\/fr\/wp-json\/wp\/v2\/product_cat?post=23912"},{"taxonomy":"product_tag","embeddable":true,"href":"https:\/\/gozz4all.com\/fr\/wp-json\/wp\/v2\/product_tag?post=23912"}],"curies":[{"name":"wp","href":"https:\/\/api.w.org\/{rel}","templated":true}]}}