{"id":23482,"date":"2022-11-02T15:21:42","date_gmt":"2022-11-02T13:21:42","guid":{"rendered":"https:\/\/gozz4all.com\/?post_type=product&#038;p=23482"},"modified":"2022-11-02T15:35:58","modified_gmt":"2022-11-02T13:35:58","slug":"stretch-broek-vrouw-ook-grote-maten-beige","status":"publish","type":"product","link":"https:\/\/gozz4all.com\/fr\/product\/stretch-broek-vrouw-ook-grote-maten-beige\/","title":{"rendered":"Pantalon stretch femme - \u00e9galement grandes tailles beige"},"content":{"rendered":"<p>Pantalon stretch femme - \u00e9galement grandes tailles beige<br \/>\nPantalon stretch souple tr\u00e8s confortable ! Un look d\u00e9contract\u00e9 avec juste un peu plus d'attitude !<\/p>\n<p>Mits kleine aanpassingen is het mogelijk dat vrouwen zichzelf comfortabel kunnen kleden of aan- en uitgekleed kunnen worden.<br \/>\n\u00c0 premi\u00e8re vue, ces pantalons ressemblent alors \u00e0 des pantalons ordinaires, mais ils peuvent \u00eatre assembl\u00e9s et \u00e9quip\u00e9s de fermetures \u00e9clair suppl\u00e9mentaires en haut et\/ou en bas pour tout faciliter.<br \/>\nFermeture \u00e9clair au bas de la jambe pour faciliter l'enfilage du pantalon. Cela permet au pantalon de s'ouvrir en bas par une fermeture \u00e9clair de 20 cm. La fermeture \u00e9clair se trouve \u00e0 l'int\u00e9rieur du pantalon.<br \/>\nEn haut se trouve le pantalon standard normal avec un \u00e9lastique, \u00e0 l'int\u00e9rieur du pantalon vous trouverez un bouton \u00e0 l'arri\u00e8re \u00e0 gauche et \u00e0 droite de sorte que l'\u00e9lastique a le serrage d\u00e9sir\u00e9.<br \/>\nEr kan ook gekozen worden voor bovenaan links en rechts een rits erin te voorzien, zodat deze gemakkelijk en verder open te doen is. Deze optie wordt meer gebruikt bij personen die rolstoel gebonden, bedlegerig, of gekatheteriseerd moeten worden. <\/p>\n<p>Deze broeken zijn altijd standaard aan de achterzijde iets hoger gemaakt. 2 broek zakken vooraan en achteraan.<br \/>\nLa poche arri\u00e8re peut \u00eatre omise en option. Parce que ceux-ci ne sont pas confortables pour tout le monde.<\/p>\n<p>Si d'autres besoins subsistent, n'h\u00e9sitez pas \u00e0 nous en faire part par e-mail info@gozz.be et nous travaillerons avec vous pour trouver une solution.<\/p>\n<p>Tous les tissus sont certifi\u00e9s OEKO TEX<br \/>\n97% Coton<br \/>\n 3% EA<br \/>\nInstructions de lavage :<br \/>\nLaver d'abord avec un rin\u00e7age court, ensuite il peut \u00eatre lav\u00e9 jusqu'\u00e0 60\u00b0.<br \/>\nPeut \u00e9galement \u00eatre s\u00e9ch\u00e9 au s\u00e8che-linge<br \/>\nTenir compte du r\u00e9tr\u00e9cissement de 2%<\/p>","protected":false},"excerpt":{"rendered":"<p>Stretch vrouwen broek<br \/>\nPantalon stretch souple tr\u00e8s confortable ! Un look d\u00e9contract\u00e9 avec juste un peu plus d'attitude !<\/p>\n<p>Mits kleine aanpassingen is het mogelijk dat vrouwen zichzelf comfortabel kunnen kleden of aan- en uitgekleed kunnen worden.<br \/>\n\u00c0 premi\u00e8re vue, ces pantalons ressemblent alors \u00e0 des pantalons ordinaires, mais ils peuvent \u00eatre assembl\u00e9s et \u00e9quip\u00e9s de fermetures \u00e9clair suppl\u00e9mentaires en haut et\/ou en bas pour tout faciliter.<br \/>\nFermeture \u00e9clair au bas de la jambe pour faciliter l'enfilage du pantalon. Cela permet au pantalon de s'ouvrir en bas par une fermeture \u00e9clair de 20 cm. La fermeture \u00e9clair se trouve \u00e0 l'int\u00e9rieur du pantalon.<br \/>\nEn haut se trouve le pantalon standard normal avec un \u00e9lastique, \u00e0 l'int\u00e9rieur du pantalon vous trouverez un bouton \u00e0 l'arri\u00e8re \u00e0 gauche et \u00e0 droite de sorte que l'\u00e9lastique a le serrage d\u00e9sir\u00e9.<br \/>\nEr kan ook gekozen worden voor bovenaan links en rechts een rits erin te voorzien, zodat deze gemakkelijk en verder open te doen is. Deze optie wordt meer gebruikt bij personen die rolstoel gebonden, bedlegerig, of gekatheteriseerd worden.<\/p>\n<p>Deze broeken zijn altijd standaard aan de achterzijde iets hoger gemaakt. 2 broek zakken vooraan en achteraan.<br \/>\nLa poche arri\u00e8re peut \u00eatre omise en option. Parce que ceux-ci ne sont pas confortables pour tout le monde.<\/p>\n<p>Si d'autres besoins subsistent, n'h\u00e9sitez pas \u00e0 nous en faire part par e-mail info@gozz.be et nous travaillerons avec vous pour trouver une solution.<\/p>\n<p>Tous les tissus sont certifi\u00e9s OEKO TEX<br \/>\n97% Coton<br \/>\n 3% EA<br \/>\nInstructions de lavage :<br \/>\nLaver d'abord avec un rin\u00e7age court, ensuite il peut \u00eatre lav\u00e9 jusqu'\u00e0 60\u00b0.<br \/>\nPeut \u00e9galement \u00eatre s\u00e9ch\u00e9 au s\u00e8che-linge<br \/>\nTenir compte du r\u00e9tr\u00e9cissement de 2%<\/p>","protected":false},"featured_media":23516,"template":"","meta":[],"product_brand":[],"product_cat":[612,613,662,445,455,48],"product_tag":[],"class_list":{"0":"post-23482","1":"product","2":"type-product","3":"status-publish","4":"has-post-thumbnail","6":"product_cat-ouderen-dementie","7":"product_cat-volwassenen","8":"product_cat-kleding","9":"product_cat-new","10":"product_cat-bovenkledij","11":"product_cat-broeken","12":"pa_kleur-grijs","13":"pa_kleur-donkerblauw","14":"pa_maat-small","15":"pa_maat-5xl","16":"pa_maat-medium","17":"pa_maat-large","18":"pa_maat-xl-2","19":"pa_maat-146-152-2","20":"pa_maat-2xl","21":"pa_maat-3xl","22":"pa_maat-158-164","23":"pa_maat-170-176","24":"pa_maat-4xl","25":"pa_model-geen-broekzakken-achteraan","26":"pa_model-standaard","27":"pa_sluiting-rits-onderaan-de-benen-binnezijde","28":"pa_sluiting-rits-bovenaan-links-en-rechts-20-cm","29":"pa_sluiting-standaard","30":"pif-has-gallery","32":"first","33":"instock","34":"taxable","35":"shipping-taxable","36":"purchasable","37":"product-type-variable"},"yoast_head":"<!-- This site is optimized with the Yoast SEO plugin v27.2 - https:\/\/yoast.com\/product\/yoast-seo-wordpress\/ -->\n<title>Stretch broek vrouw -ook grote maten beige | Gozz4All<\/title>\n<meta name=\"description\" content=\"Stretch broek vrouw -ook grote maten beige. Een hele comfortabele soepele stretch broek! Casual look met toch net dat tikkeltje meer uitstraling!\" \/>\n<meta name=\"robots\" content=\"index, follow, max-snippet:-1, max-image-preview:large, max-video-preview:-1\" \/>\n<link rel=\"canonical\" href=\"https:\/\/gozz4all.com\/fr\/kleding\/broeken\/stretch-broek-vrouw-tot-maat-8-xl-kopie\/\" \/>\n<meta property=\"og:locale\" content=\"fr_FR\" \/>\n<meta property=\"og:type\" content=\"article\" \/>\n<meta property=\"og:title\" content=\"Stretch broek vrouw -ook grote maten beige | Gozz4All\" \/>\n<meta property=\"og:description\" content=\"Stretch broek vrouw -ook grote maten beige. Een hele comfortabele soepele stretch broek! Casual look met toch net dat tikkeltje meer uitstraling!\" \/>\n<meta property=\"og:url\" content=\"https:\/\/gozz4all.com\/fr\/kleding\/broeken\/stretch-broek-vrouw-tot-maat-8-xl-kopie\/\" \/>\n<meta property=\"og:site_name\" content=\"Gozz4All\" \/>\n<meta property=\"article:publisher\" content=\"https:\/\/www.facebook.com\/gozz4all\/\" \/>\n<meta property=\"article:modified_time\" content=\"2022-11-02T13:35:58+00:00\" \/>\n<meta property=\"og:image\" content=\"https:\/\/gozz4all.com\/wp-content\/uploads\/2022\/11\/DSC_0944-687x1030.png\" \/>\n\t<meta property=\"og:image:width\" content=\"687\" \/>\n\t<meta property=\"og:image:height\" content=\"1030\" \/>\n\t<meta property=\"og:image:type\" content=\"image\/png\" \/>\n<meta name=\"twitter:card\" content=\"summary_large_image\" \/>\n<meta name=\"twitter:label1\" content=\"Dur\u00e9e de lecture estim\u00e9e\" \/>\n\t<meta name=\"twitter:data1\" content=\"1 minute\" \/>\n<script type=\"application\/ld+json\" class=\"yoast-schema-graph\">{\"@context\":\"https:\/\/schema.org\",\"@graph\":[{\"@type\":\"WebPage\",\"@id\":\"https:\/\/gozz4all.com\/kleding\/broeken\/stretch-broek-vrouw-tot-maat-8-xl-kopie\/\",\"url\":\"https:\/\/gozz4all.com\/kleding\/broeken\/stretch-broek-vrouw-tot-maat-8-xl-kopie\/\",\"name\":\"Stretch broek vrouw -ook grote maten beige | Gozz4All\",\"isPartOf\":{\"@id\":\"https:\/\/gozz4all.com\/fr\/#website\"},\"primaryImageOfPage\":{\"@id\":\"https:\/\/gozz4all.com\/kleding\/broeken\/stretch-broek-vrouw-tot-maat-8-xl-kopie\/#primaryimage\"},\"image\":{\"@id\":\"https:\/\/gozz4all.com\/kleding\/broeken\/stretch-broek-vrouw-tot-maat-8-xl-kopie\/#primaryimage\"},\"thumbnailUrl\":\"https:\/\/gozz4all.com\/wp-content\/uploads\/2022\/11\/DSC_0944.png\",\"datePublished\":\"2022-11-02T13:21:42+00:00\",\"dateModified\":\"2022-11-02T13:35:58+00:00\",\"description\":\"Stretch broek vrouw -ook grote maten beige. Een hele comfortabele soepele stretch broek! Casual look met toch net dat tikkeltje meer uitstraling!\",\"breadcrumb\":{\"@id\":\"https:\/\/gozz4all.com\/kleding\/broeken\/stretch-broek-vrouw-tot-maat-8-xl-kopie\/#breadcrumb\"},\"inLanguage\":\"fr-FR\",\"potentialAction\":[{\"@type\":\"ReadAction\",\"target\":[\"https:\/\/gozz4all.com\/kleding\/broeken\/stretch-broek-vrouw-tot-maat-8-xl-kopie\/\"]}]},{\"@type\":\"ImageObject\",\"inLanguage\":\"fr-FR\",\"@id\":\"https:\/\/gozz4all.com\/kleding\/broeken\/stretch-broek-vrouw-tot-maat-8-xl-kopie\/#primaryimage\",\"url\":\"https:\/\/gozz4all.com\/wp-content\/uploads\/2022\/11\/DSC_0944.png\",\"contentUrl\":\"https:\/\/gozz4all.com\/wp-content\/uploads\/2022\/11\/DSC_0944.png\",\"width\":4000,\"height\":6000,\"caption\":\"stretch-broek-vrouw-tot-maat-8-xl-beige\"},{\"@type\":\"BreadcrumbList\",\"@id\":\"https:\/\/gozz4all.com\/kleding\/broeken\/stretch-broek-vrouw-tot-maat-8-xl-kopie\/#breadcrumb\",\"itemListElement\":[{\"@type\":\"ListItem\",\"position\":1,\"name\":\"Home\",\"item\":\"https:\/\/gozz4all.com\/\"},{\"@type\":\"ListItem\",\"position\":2,\"name\":\"Producten\",\"item\":\"https:\/\/gozz4all.com\/shop\/\"},{\"@type\":\"ListItem\",\"position\":3,\"name\":\"Stretch broek vrouw -ook grote maten beige\"}]},{\"@type\":\"WebSite\",\"@id\":\"https:\/\/gozz4all.com\/fr\/#website\",\"url\":\"https:\/\/gozz4all.com\/fr\/\",\"name\":\"Gozz4All\",\"description\":\"Gozz4All\",\"publisher\":{\"@id\":\"https:\/\/gozz4all.com\/fr\/#organization\"},\"potentialAction\":[{\"@type\":\"SearchAction\",\"target\":{\"@type\":\"EntryPoint\",\"urlTemplate\":\"https:\/\/gozz4all.com\/fr\/?s={search_term_string}\"},\"query-input\":{\"@type\":\"PropertyValueSpecification\",\"valueRequired\":true,\"valueName\":\"search_term_string\"}}],\"inLanguage\":\"fr-FR\"},{\"@type\":\"Organization\",\"@id\":\"https:\/\/gozz4all.com\/fr\/#organization\",\"name\":\"Gozz4all\",\"url\":\"https:\/\/gozz4all.com\/fr\/\",\"logo\":{\"@type\":\"ImageObject\",\"inLanguage\":\"fr-FR\",\"@id\":\"https:\/\/gozz4all.com\/fr\/#\/schema\/logo\/image\/\",\"url\":\"https:\/\/gozz4all.com\/wp-content\/uploads\/2020\/04\/Logo-ask-for-better-one.png\",\"contentUrl\":\"https:\/\/gozz4all.com\/wp-content\/uploads\/2020\/04\/Logo-ask-for-better-one.png\",\"width\":146,\"height\":60,\"caption\":\"Gozz4all\"},\"image\":{\"@id\":\"https:\/\/gozz4all.com\/fr\/#\/schema\/logo\/image\/\"},\"sameAs\":[\"https:\/\/www.facebook.com\/gozz4all\/\",\"https:\/\/www.instagram.com\/gozz4allfashion\/?hl=nl\"]}]}<\/script>\n<!-- \/ Yoast SEO plugin. -->","yoast_head_json":{"title":"Stretch broek vrouw -ook grote maten beige | Gozz4All","description":"Stretch broek vrouw -ook grote maten beige. Een hele comfortabele soepele stretch broek! Casual look met toch net dat tikkeltje meer uitstraling!","robots":{"index":"index","follow":"follow","max-snippet":"max-snippet:-1","max-image-preview":"max-image-preview:large","max-video-preview":"max-video-preview:-1"},"canonical":"https:\/\/gozz4all.com\/fr\/kleding\/broeken\/stretch-broek-vrouw-tot-maat-8-xl-kopie\/","og_locale":"fr_FR","og_type":"article","og_title":"Stretch broek vrouw -ook grote maten beige | Gozz4All","og_description":"Stretch broek vrouw -ook grote maten beige. Een hele comfortabele soepele stretch broek! Casual look met toch net dat tikkeltje meer uitstraling!","og_url":"https:\/\/gozz4all.com\/fr\/kleding\/broeken\/stretch-broek-vrouw-tot-maat-8-xl-kopie\/","og_site_name":"Gozz4All","article_publisher":"https:\/\/www.facebook.com\/gozz4all\/","article_modified_time":"2022-11-02T13:35:58+00:00","og_image":[{"width":687,"height":1030,"url":"https:\/\/gozz4all.com\/wp-content\/uploads\/2022\/11\/DSC_0944-687x1030.png","type":"image\/png"}],"twitter_card":"summary_large_image","twitter_misc":{"Dur\u00e9e de lecture estim\u00e9e":"1 minute"},"schema":{"@context":"https:\/\/schema.org","@graph":[{"@type":"WebPage","@id":"https:\/\/gozz4all.com\/kleding\/broeken\/stretch-broek-vrouw-tot-maat-8-xl-kopie\/","url":"https:\/\/gozz4all.com\/kleding\/broeken\/stretch-broek-vrouw-tot-maat-8-xl-kopie\/","name":"Stretch broek vrouw -ook grote maten beige | Gozz4All","isPartOf":{"@id":"https:\/\/gozz4all.com\/fr\/#website"},"primaryImageOfPage":{"@id":"https:\/\/gozz4all.com\/kleding\/broeken\/stretch-broek-vrouw-tot-maat-8-xl-kopie\/#primaryimage"},"image":{"@id":"https:\/\/gozz4all.com\/kleding\/broeken\/stretch-broek-vrouw-tot-maat-8-xl-kopie\/#primaryimage"},"thumbnailUrl":"https:\/\/gozz4all.com\/wp-content\/uploads\/2022\/11\/DSC_0944.png","datePublished":"2022-11-02T13:21:42+00:00","dateModified":"2022-11-02T13:35:58+00:00","description":"Stretch broek vrouw -ook grote maten beige. Een hele comfortabele soepele stretch broek! Casual look met toch net dat tikkeltje meer uitstraling!","breadcrumb":{"@id":"https:\/\/gozz4all.com\/kleding\/broeken\/stretch-broek-vrouw-tot-maat-8-xl-kopie\/#breadcrumb"},"inLanguage":"fr-FR","potentialAction":[{"@type":"ReadAction","target":["https:\/\/gozz4all.com\/kleding\/broeken\/stretch-broek-vrouw-tot-maat-8-xl-kopie\/"]}]},{"@type":"ImageObject","inLanguage":"fr-FR","@id":"https:\/\/gozz4all.com\/kleding\/broeken\/stretch-broek-vrouw-tot-maat-8-xl-kopie\/#primaryimage","url":"https:\/\/gozz4all.com\/wp-content\/uploads\/2022\/11\/DSC_0944.png","contentUrl":"https:\/\/gozz4all.com\/wp-content\/uploads\/2022\/11\/DSC_0944.png","width":4000,"height":6000,"caption":"stretch-broek-vrouw-tot-maat-8-xl-beige"},{"@type":"BreadcrumbList","@id":"https:\/\/gozz4all.com\/kleding\/broeken\/stretch-broek-vrouw-tot-maat-8-xl-kopie\/#breadcrumb","itemListElement":[{"@type":"ListItem","position":1,"name":"Home","item":"https:\/\/gozz4all.com\/"},{"@type":"ListItem","position":2,"name":"Producten","item":"https:\/\/gozz4all.com\/shop\/"},{"@type":"ListItem","position":3,"name":"Stretch broek vrouw -ook grote maten beige"}]},{"@type":"WebSite","@id":"https:\/\/gozz4all.com\/fr\/#website","url":"https:\/\/gozz4all.com\/fr\/","name":"Gozz4All","description":"Gozz4All","publisher":{"@id":"https:\/\/gozz4all.com\/fr\/#organization"},"potentialAction":[{"@type":"SearchAction","target":{"@type":"EntryPoint","urlTemplate":"https:\/\/gozz4all.com\/fr\/?s={search_term_string}"},"query-input":{"@type":"PropertyValueSpecification","valueRequired":true,"valueName":"search_term_string"}}],"inLanguage":"fr-FR"},{"@type":"Organization","@id":"https:\/\/gozz4all.com\/fr\/#organization","name":"Gozz4all","url":"https:\/\/gozz4all.com\/fr\/","logo":{"@type":"ImageObject","inLanguage":"fr-FR","@id":"https:\/\/gozz4all.com\/fr\/#\/schema\/logo\/image\/","url":"https:\/\/gozz4all.com\/wp-content\/uploads\/2020\/04\/Logo-ask-for-better-one.png","contentUrl":"https:\/\/gozz4all.com\/wp-content\/uploads\/2020\/04\/Logo-ask-for-better-one.png","width":146,"height":60,"caption":"Gozz4all"},"image":{"@id":"https:\/\/gozz4all.com\/fr\/#\/schema\/logo\/image\/"},"sameAs":["https:\/\/www.facebook.com\/gozz4all\/","https:\/\/www.instagram.com\/gozz4allfashion\/?hl=nl"]}]}},"_links":{"self":[{"href":"https:\/\/gozz4all.com\/fr\/wp-json\/wp\/v2\/product\/23482","targetHints":{"allow":["GET"]}}],"collection":[{"href":"https:\/\/gozz4all.com\/fr\/wp-json\/wp\/v2\/product"}],"about":[{"href":"https:\/\/gozz4all.com\/fr\/wp-json\/wp\/v2\/types\/product"}],"wp:featuredmedia":[{"embeddable":true,"href":"https:\/\/gozz4all.com\/fr\/wp-json\/wp\/v2\/media\/23516"}],"wp:attachment":[{"href":"https:\/\/gozz4all.com\/fr\/wp-json\/wp\/v2\/media?parent=23482"}],"wp:term":[{"taxonomy":"product_brand","embeddable":true,"href":"https:\/\/gozz4all.com\/fr\/wp-json\/wp\/v2\/product_brand?post=23482"},{"taxonomy":"product_cat","embeddable":true,"href":"https:\/\/gozz4all.com\/fr\/wp-json\/wp\/v2\/product_cat?post=23482"},{"taxonomy":"product_tag","embeddable":true,"href":"https:\/\/gozz4all.com\/fr\/wp-json\/wp\/v2\/product_tag?post=23482"}],"curies":[{"name":"wp","href":"https:\/\/api.w.org\/{rel}","templated":true}]}}