{"id":23380,"date":"2022-10-31T17:46:16","date_gmt":"2022-10-31T15:46:16","guid":{"rendered":"https:\/\/gozz4all.com\/?post_type=product&#038;p=23380"},"modified":"2022-10-31T19:10:35","modified_gmt":"2022-10-31T17:10:35","slug":"hemd-heren-tot-maat-8-xl-streep","status":"publish","type":"product","link":"https:\/\/gozz4all.com\/fr\/product\/hemd-heren-tot-maat-8-xl-streep\/","title":{"rendered":"Chemise pour hommes jusqu'\u00e0 la taille 8 XL \u00e0 rayures"},"content":{"rendered":"<p>Chemise pour hommes jusqu'\u00e0 la taille 8 XL \u00e0 rayures <\/p>\n<p>Met dit overhemd maak je altijd een stijlvolle, casual indruk. Het overhemd heeft een  rechte pasvorm die om je bovenlichaam valt.<br \/>\nJe kunt het overhemd stijlvol combineren met eender welke broek&#8230; jeans, velours, gekleed en onder een trui of vest.<\/p>\n<p>Geen borstzakje<\/p>\n<p>Instructions de lavage :<br \/>\nEerste x in een korte spoelwas op 30 \u00b0<br \/>\nNadien mag deze op 40\u00b0 gewassen worden.<br \/>\nTenir compte du r\u00e9tr\u00e9cissement de 5%<\/p>\n<p>97% katoen<br \/>\n3 % EA<\/p>","protected":false},"excerpt":{"rendered":"<p>Hemd heren tot maat 8 XL streep Met dit overhemd maak je altijd een stijlvolle, casual indruk. Het overhemd heeft een rechte pasvorm die om je bovenlichaam valt. Je kunt het overhemd stijlvol combineren met eender welke broek&#8230; jeans, velours, gekleed en onder een trui of vest. Geen borstzakje Wasvoorschriften: Eerste x in een korte [&hellip;]<\/p>\n","protected":false},"featured_media":23271,"template":"","meta":[],"product_brand":[],"product_cat":[612,613,662,445,455],"product_tag":[],"class_list":{"0":"post-23380","1":"product","2":"type-product","3":"status-publish","4":"has-post-thumbnail","6":"product_cat-ouderen-dementie","7":"product_cat-volwassenen","8":"product_cat-kleding","9":"product_cat-new","10":"product_cat-bovenkledij","11":"pa_maat-large","12":"pa_maat-8xl","13":"pa_maat-146-152-2","14":"pa_maat-2xl","15":"pa_maat-3xl","16":"pa_maat-xl-2-fr","17":"pa_maat-158-164","18":"pa_maat-170-176","19":"pa_maat-4xl","20":"pa_maat-5xl","21":"pa_maat-small","22":"pa_maat-6xl","23":"pa_maat-medium","24":"pa_maat-7xl","26":"first","27":"instock","28":"taxable","29":"shipping-taxable","30":"purchasable","31":"product-type-variable"},"yoast_head":"<!-- This site is optimized with the Yoast SEO plugin v27.2 - https:\/\/yoast.com\/product\/yoast-seo-wordpress\/ -->\n<title>Hemd heren tot maat 8 XL streep | Gozz4All<\/title>\n<meta name=\"description\" content=\"Hemd heren tot maat 8 XL streep. Je kunt het overhemd stijlvol combineren met eender welke broek... jeans, velours, gekleed en onder een trui of vest.\" \/>\n<meta name=\"robots\" content=\"index, follow, max-snippet:-1, max-image-preview:large, max-video-preview:-1\" \/>\n<link rel=\"canonical\" href=\"https:\/\/gozz4all.com\/fr\/volwassenen\/hemd-heren-tot-maat-8-xl-streep\/\" \/>\n<meta property=\"og:locale\" content=\"fr_FR\" \/>\n<meta property=\"og:type\" content=\"article\" \/>\n<meta property=\"og:title\" content=\"Hemd heren tot maat 8 XL streep | Gozz4All\" \/>\n<meta property=\"og:description\" content=\"Hemd heren tot maat 8 XL streep. Je kunt het overhemd stijlvol combineren met eender welke broek... jeans, velours, gekleed en onder een trui of vest.\" \/>\n<meta property=\"og:url\" content=\"https:\/\/gozz4all.com\/fr\/volwassenen\/hemd-heren-tot-maat-8-xl-streep\/\" \/>\n<meta property=\"og:site_name\" content=\"Gozz4All\" \/>\n<meta property=\"article:publisher\" content=\"https:\/\/www.facebook.com\/gozz4all\/\" \/>\n<meta property=\"article:modified_time\" content=\"2022-10-31T17:10:35+00:00\" \/>\n<meta property=\"og:image\" content=\"https:\/\/gozz4all.com\/wp-content\/uploads\/2022\/10\/DSC_1000-scaled.jpg\" \/>\n\t<meta property=\"og:image:width\" content=\"2560\" \/>\n\t<meta property=\"og:image:height\" content=\"1707\" \/>\n\t<meta property=\"og:image:type\" content=\"image\/jpeg\" \/>\n<meta name=\"twitter:card\" content=\"summary_large_image\" \/>\n<script type=\"application\/ld+json\" class=\"yoast-schema-graph\">{\"@context\":\"https:\/\/schema.org\",\"@graph\":[{\"@type\":\"WebPage\",\"@id\":\"https:\/\/gozz4all.com\/volwassenen\/hemd-heren-tot-maat-8-xl-streep\/\",\"url\":\"https:\/\/gozz4all.com\/volwassenen\/hemd-heren-tot-maat-8-xl-streep\/\",\"name\":\"Hemd heren tot maat 8 XL streep | Gozz4All\",\"isPartOf\":{\"@id\":\"https:\/\/gozz4all.com\/fr\/#website\"},\"primaryImageOfPage\":{\"@id\":\"https:\/\/gozz4all.com\/volwassenen\/hemd-heren-tot-maat-8-xl-streep\/#primaryimage\"},\"image\":{\"@id\":\"https:\/\/gozz4all.com\/volwassenen\/hemd-heren-tot-maat-8-xl-streep\/#primaryimage\"},\"thumbnailUrl\":\"https:\/\/gozz4all.com\/wp-content\/uploads\/2022\/10\/DSC_1000-scaled.jpg\",\"datePublished\":\"2022-10-31T15:46:16+00:00\",\"dateModified\":\"2022-10-31T17:10:35+00:00\",\"description\":\"Hemd heren tot maat 8 XL streep. Je kunt het overhemd stijlvol combineren met eender welke broek... jeans, velours, gekleed en onder een trui of vest.\",\"breadcrumb\":{\"@id\":\"https:\/\/gozz4all.com\/volwassenen\/hemd-heren-tot-maat-8-xl-streep\/#breadcrumb\"},\"inLanguage\":\"fr-FR\",\"potentialAction\":[{\"@type\":\"ReadAction\",\"target\":[\"https:\/\/gozz4all.com\/volwassenen\/hemd-heren-tot-maat-8-xl-streep\/\"]}]},{\"@type\":\"ImageObject\",\"inLanguage\":\"fr-FR\",\"@id\":\"https:\/\/gozz4all.com\/volwassenen\/hemd-heren-tot-maat-8-xl-streep\/#primaryimage\",\"url\":\"https:\/\/gozz4all.com\/wp-content\/uploads\/2022\/10\/DSC_1000-scaled.jpg\",\"contentUrl\":\"https:\/\/gozz4all.com\/wp-content\/uploads\/2022\/10\/DSC_1000-scaled.jpg\",\"width\":2560,\"height\":1707,\"caption\":\"hemd-heren-tot-maat-8-xl-streep\"},{\"@type\":\"BreadcrumbList\",\"@id\":\"https:\/\/gozz4all.com\/volwassenen\/hemd-heren-tot-maat-8-xl-streep\/#breadcrumb\",\"itemListElement\":[{\"@type\":\"ListItem\",\"position\":1,\"name\":\"Home\",\"item\":\"https:\/\/gozz4all.com\/\"},{\"@type\":\"ListItem\",\"position\":2,\"name\":\"Producten\",\"item\":\"https:\/\/gozz4all.com\/shop\/\"},{\"@type\":\"ListItem\",\"position\":3,\"name\":\"Hemd heren tot maat 8 XL streep\"}]},{\"@type\":\"WebSite\",\"@id\":\"https:\/\/gozz4all.com\/fr\/#website\",\"url\":\"https:\/\/gozz4all.com\/fr\/\",\"name\":\"Gozz4All\",\"description\":\"Gozz4All\",\"publisher\":{\"@id\":\"https:\/\/gozz4all.com\/fr\/#organization\"},\"potentialAction\":[{\"@type\":\"SearchAction\",\"target\":{\"@type\":\"EntryPoint\",\"urlTemplate\":\"https:\/\/gozz4all.com\/fr\/?s={search_term_string}\"},\"query-input\":{\"@type\":\"PropertyValueSpecification\",\"valueRequired\":true,\"valueName\":\"search_term_string\"}}],\"inLanguage\":\"fr-FR\"},{\"@type\":\"Organization\",\"@id\":\"https:\/\/gozz4all.com\/fr\/#organization\",\"name\":\"Gozz4all\",\"url\":\"https:\/\/gozz4all.com\/fr\/\",\"logo\":{\"@type\":\"ImageObject\",\"inLanguage\":\"fr-FR\",\"@id\":\"https:\/\/gozz4all.com\/fr\/#\/schema\/logo\/image\/\",\"url\":\"https:\/\/gozz4all.com\/wp-content\/uploads\/2020\/04\/Logo-ask-for-better-one.png\",\"contentUrl\":\"https:\/\/gozz4all.com\/wp-content\/uploads\/2020\/04\/Logo-ask-for-better-one.png\",\"width\":146,\"height\":60,\"caption\":\"Gozz4all\"},\"image\":{\"@id\":\"https:\/\/gozz4all.com\/fr\/#\/schema\/logo\/image\/\"},\"sameAs\":[\"https:\/\/www.facebook.com\/gozz4all\/\",\"https:\/\/www.instagram.com\/gozz4allfashion\/?hl=nl\"]}]}<\/script>\n<!-- \/ Yoast SEO plugin. -->","yoast_head_json":{"title":"Hemd heren tot maat 8 XL streep | Gozz4All","description":"Hemd heren tot maat 8 XL streep. Je kunt het overhemd stijlvol combineren met eender welke broek... jeans, velours, gekleed en onder een trui of vest.","robots":{"index":"index","follow":"follow","max-snippet":"max-snippet:-1","max-image-preview":"max-image-preview:large","max-video-preview":"max-video-preview:-1"},"canonical":"https:\/\/gozz4all.com\/fr\/volwassenen\/hemd-heren-tot-maat-8-xl-streep\/","og_locale":"fr_FR","og_type":"article","og_title":"Hemd heren tot maat 8 XL streep | Gozz4All","og_description":"Hemd heren tot maat 8 XL streep. Je kunt het overhemd stijlvol combineren met eender welke broek... jeans, velours, gekleed en onder een trui of vest.","og_url":"https:\/\/gozz4all.com\/fr\/volwassenen\/hemd-heren-tot-maat-8-xl-streep\/","og_site_name":"Gozz4All","article_publisher":"https:\/\/www.facebook.com\/gozz4all\/","article_modified_time":"2022-10-31T17:10:35+00:00","og_image":[{"width":2560,"height":1707,"url":"https:\/\/gozz4all.com\/wp-content\/uploads\/2022\/10\/DSC_1000-scaled.jpg","type":"image\/jpeg"}],"twitter_card":"summary_large_image","schema":{"@context":"https:\/\/schema.org","@graph":[{"@type":"WebPage","@id":"https:\/\/gozz4all.com\/volwassenen\/hemd-heren-tot-maat-8-xl-streep\/","url":"https:\/\/gozz4all.com\/volwassenen\/hemd-heren-tot-maat-8-xl-streep\/","name":"Hemd heren tot maat 8 XL streep | Gozz4All","isPartOf":{"@id":"https:\/\/gozz4all.com\/fr\/#website"},"primaryImageOfPage":{"@id":"https:\/\/gozz4all.com\/volwassenen\/hemd-heren-tot-maat-8-xl-streep\/#primaryimage"},"image":{"@id":"https:\/\/gozz4all.com\/volwassenen\/hemd-heren-tot-maat-8-xl-streep\/#primaryimage"},"thumbnailUrl":"https:\/\/gozz4all.com\/wp-content\/uploads\/2022\/10\/DSC_1000-scaled.jpg","datePublished":"2022-10-31T15:46:16+00:00","dateModified":"2022-10-31T17:10:35+00:00","description":"Hemd heren tot maat 8 XL streep. Je kunt het overhemd stijlvol combineren met eender welke broek... jeans, velours, gekleed en onder een trui of vest.","breadcrumb":{"@id":"https:\/\/gozz4all.com\/volwassenen\/hemd-heren-tot-maat-8-xl-streep\/#breadcrumb"},"inLanguage":"fr-FR","potentialAction":[{"@type":"ReadAction","target":["https:\/\/gozz4all.com\/volwassenen\/hemd-heren-tot-maat-8-xl-streep\/"]}]},{"@type":"ImageObject","inLanguage":"fr-FR","@id":"https:\/\/gozz4all.com\/volwassenen\/hemd-heren-tot-maat-8-xl-streep\/#primaryimage","url":"https:\/\/gozz4all.com\/wp-content\/uploads\/2022\/10\/DSC_1000-scaled.jpg","contentUrl":"https:\/\/gozz4all.com\/wp-content\/uploads\/2022\/10\/DSC_1000-scaled.jpg","width":2560,"height":1707,"caption":"hemd-heren-tot-maat-8-xl-streep"},{"@type":"BreadcrumbList","@id":"https:\/\/gozz4all.com\/volwassenen\/hemd-heren-tot-maat-8-xl-streep\/#breadcrumb","itemListElement":[{"@type":"ListItem","position":1,"name":"Home","item":"https:\/\/gozz4all.com\/"},{"@type":"ListItem","position":2,"name":"Producten","item":"https:\/\/gozz4all.com\/shop\/"},{"@type":"ListItem","position":3,"name":"Hemd heren tot maat 8 XL streep"}]},{"@type":"WebSite","@id":"https:\/\/gozz4all.com\/fr\/#website","url":"https:\/\/gozz4all.com\/fr\/","name":"Gozz4All","description":"Gozz4All","publisher":{"@id":"https:\/\/gozz4all.com\/fr\/#organization"},"potentialAction":[{"@type":"SearchAction","target":{"@type":"EntryPoint","urlTemplate":"https:\/\/gozz4all.com\/fr\/?s={search_term_string}"},"query-input":{"@type":"PropertyValueSpecification","valueRequired":true,"valueName":"search_term_string"}}],"inLanguage":"fr-FR"},{"@type":"Organization","@id":"https:\/\/gozz4all.com\/fr\/#organization","name":"Gozz4all","url":"https:\/\/gozz4all.com\/fr\/","logo":{"@type":"ImageObject","inLanguage":"fr-FR","@id":"https:\/\/gozz4all.com\/fr\/#\/schema\/logo\/image\/","url":"https:\/\/gozz4all.com\/wp-content\/uploads\/2020\/04\/Logo-ask-for-better-one.png","contentUrl":"https:\/\/gozz4all.com\/wp-content\/uploads\/2020\/04\/Logo-ask-for-better-one.png","width":146,"height":60,"caption":"Gozz4all"},"image":{"@id":"https:\/\/gozz4all.com\/fr\/#\/schema\/logo\/image\/"},"sameAs":["https:\/\/www.facebook.com\/gozz4all\/","https:\/\/www.instagram.com\/gozz4allfashion\/?hl=nl"]}]}},"_links":{"self":[{"href":"https:\/\/gozz4all.com\/fr\/wp-json\/wp\/v2\/product\/23380","targetHints":{"allow":["GET"]}}],"collection":[{"href":"https:\/\/gozz4all.com\/fr\/wp-json\/wp\/v2\/product"}],"about":[{"href":"https:\/\/gozz4all.com\/fr\/wp-json\/wp\/v2\/types\/product"}],"wp:featuredmedia":[{"embeddable":true,"href":"https:\/\/gozz4all.com\/fr\/wp-json\/wp\/v2\/media\/23271"}],"wp:attachment":[{"href":"https:\/\/gozz4all.com\/fr\/wp-json\/wp\/v2\/media?parent=23380"}],"wp:term":[{"taxonomy":"product_brand","embeddable":true,"href":"https:\/\/gozz4all.com\/fr\/wp-json\/wp\/v2\/product_brand?post=23380"},{"taxonomy":"product_cat","embeddable":true,"href":"https:\/\/gozz4all.com\/fr\/wp-json\/wp\/v2\/product_cat?post=23380"},{"taxonomy":"product_tag","embeddable":true,"href":"https:\/\/gozz4all.com\/fr\/wp-json\/wp\/v2\/product_tag?post=23380"}],"curies":[{"name":"wp","href":"https:\/\/api.w.org\/{rel}","templated":true}]}}