{"id":22119,"date":"2022-09-28T16:08:22","date_gmt":"2022-09-28T14:08:22","guid":{"rendered":"https:\/\/gozz4all.com\/?post_type=product&#038;p=22119"},"modified":"2022-11-11T12:28:48","modified_gmt":"2022-11-11T10:28:48","slug":"slaapzak-grote-maten-anti-scheur-cordura","status":"publish","type":"product","link":"https:\/\/gozz4all.com\/fr\/product\/slaapzak-grote-maten-anti-scheur-cordura\/","title":{"rendered":"sac de couchage-grandes tailles-antid\u00e9chirure"},"content":{"rendered":"<p><a href=\"https:\/\/gozz4all.com\/fr\/categorie-produit\/slaapzakken\/\">Sac de couchage grandes tailles<\/a>-sans manche- mi-saison :<\/p>\n<p>sac de couchage-grandes tailles-antid\u00e9chirure<br \/>\nUn sac de couchage flexible disponible sans manches, avec des manches courtes ou longues.<\/p>\n<p>Il peut \u00eatre utilis\u00e9 pour tous les \u00e2ges en cas de comportement de d\u00e9shabillage ou si une couette ou un drap ne sont pas tol\u00e9r\u00e9s, ils sont encore chauds.<\/p>\n<p>Cela donne plus de repos et un meilleur sommeil.<\/p>\n<p>De rits is aan de voorzijde en sluit van onder naar boven.<\/p>\n<p>Des boutons-pression permettent de raccourcir le sac de couchage si n\u00e9cessaire.<\/p>\n<p>\u00c9quip\u00e9 d'une solide fermeture \u00e9clair de la marque Kroko.<\/p>\n<p>C'est un tissu anti-d\u00e9chirure.<\/p>\n<p>Tient compte du r\u00e9tr\u00e9cissement 5%<br \/>\nCe n'est PAS un tissu extensible !<\/p>\n<p>Composition :<\/p>\n<p>Tissu : Cordura<\/p>\n<p>Doublure : facultative<br \/>\nInstructions de lavage : 40\u00b0 ou 60\u00b0 (si n\u00e9cessaire)<br \/>\nPeut \u00eatre lav\u00e9e fr\u00e9quemment.<\/p>","protected":false},"excerpt":{"rendered":"<p>slaapzak-grote-maten-anti scheur:<\/p>\n<p>Un sac de couchage flexible disponible sans manches, avec des manches courtes ou longues.<\/p>\n<p>Il peut \u00eatre utilis\u00e9 pour tous les \u00e2ges en cas de comportement de d\u00e9shabillage ou si une couette ou un drap ne sont pas tol\u00e9r\u00e9s, ils sont encore chauds.<\/p>\n<p>Cela donne plus de repos et un meilleur sommeil.<\/p>\n<p>La fermeture \u00e9clair peut se trouver \u00e0 l'avant ou \u00e0 l'arri\u00e8re et se ferme de bas en haut.<\/p>\n<p>\u00c9quip\u00e9 d'une solide fermeture \u00e9clair de la marque Kroko.<\/p>\n<p>C'est un tissu anti-d\u00e9chirure.<br \/>\nDit is GEEN stretch stof<\/p>\n<p>Tient compte du r\u00e9tr\u00e9cissement 5%<\/p>\n<p>Composition :<\/p>\n<p>Tissu : Cordura<\/p>\n<p>Voering:Naar keuze<\/p>","protected":false},"featured_media":23901,"template":"","meta":[],"product_brand":[],"product_cat":[619,709,611,612,613,45,456,471,254],"product_tag":[],"class_list":{"0":"post-22119","1":"product","2":"type-product","3":"status-publish","4":"has-post-thumbnail","6":"product_cat-slaapkleding","7":"product_cat-fixatie","8":"product_cat-kids","9":"product_cat-ouderen-dementie","10":"product_cat-volwassenen","11":"product_cat-slaapkledij-hansop-jumpy-onesie-huispak-anti-uitkleed-kleding","12":"product_cat-slaapzakken-in-grote-maten-tot-en-met-maat-xxl-kan-voor-alle-leeftijden-gebruikt-worden-smeergedrag-en-uitkleedgedrag-of-indien-er-geen-dekbed-of-laken-verdragen-wordt","13":"product_cat-anti-scheur-assortiment","14":"product_cat-hulpmiddelen","15":"pa_maat-176-182-2","16":"pa_maat-188-2","17":"pa_maat-s-2","18":"pa_maat-xl-2","19":"pa_maat-92-98","20":"pa_maat-xxl","21":"pa_maat-104-110-2","22":"pa_maat-l-2-en","23":"pa_maat-116-122-2","24":"pa_maat-m-2-fr","25":"pa_maat-128-134-2","26":"pa_maat-xxxl-1","27":"pa_maat-140-146-2","28":"pa_maat-xxxl-2","29":"pa_maat-152-158-2","30":"pa_maat-164-170-2","31":"pa_sluiting-rits-van-onder-naar-boven","32":"pa_sluiting-rits-van-boven-naar-beneden","33":"pif-has-gallery","35":"first","36":"instock","37":"taxable","38":"shipping-taxable","39":"purchasable","40":"product-type-variable"},"yoast_head":"<!-- This site is optimized with the Yoast SEO plugin v27.2 - https:\/\/yoast.com\/product\/yoast-seo-wordpress\/ -->\n<title>slaapzak-grote-maten-anti scheur | Gozz4All<\/title>\n<meta name=\"description\" content=\"slaapzak-grote-maten-anti scheur-Cordura-rustige nachten-smeer en uitkleedgedrag- aangename en betere slaap-Gozz4all.com\" \/>\n<meta name=\"robots\" content=\"index, follow, max-snippet:-1, max-image-preview:large, max-video-preview:-1\" \/>\n<link rel=\"canonical\" href=\"https:\/\/gozz4all.com\/fr\/slaapkledij-hansop-jumpy-onesie-huispak-anti-uitkleed-kleding\/slaapzakken-in-grote-maten-tot-en-met-maat-xxl-kan-voor-alle-leeftijden-gebruikt-worden-smeergedrag-en-uitkleedgedrag-of-indien-er-geen-dekbed-of-laken-verdragen-wordt\/slaapzak-grote-maten-zonder-mouw-tussenseizoen-turquoise-kopie\/\" \/>\n<meta property=\"og:locale\" content=\"fr_FR\" \/>\n<meta property=\"og:type\" content=\"article\" \/>\n<meta property=\"og:title\" content=\"slaapzak-grote-maten-anti scheur | Gozz4All\" \/>\n<meta property=\"og:description\" content=\"slaapzak-grote-maten-anti scheur-Cordura-rustige nachten-smeer en uitkleedgedrag- aangename en betere slaap-Gozz4all.com\" \/>\n<meta property=\"og:url\" content=\"https:\/\/gozz4all.com\/fr\/slaapkledij-hansop-jumpy-onesie-huispak-anti-uitkleed-kleding\/slaapzakken-in-grote-maten-tot-en-met-maat-xxl-kan-voor-alle-leeftijden-gebruikt-worden-smeergedrag-en-uitkleedgedrag-of-indien-er-geen-dekbed-of-laken-verdragen-wordt\/slaapzak-grote-maten-zonder-mouw-tussenseizoen-turquoise-kopie\/\" \/>\n<meta property=\"og:site_name\" content=\"Gozz4All\" \/>\n<meta property=\"article:publisher\" content=\"https:\/\/www.facebook.com\/gozz4all\/\" \/>\n<meta property=\"article:modified_time\" content=\"2022-11-11T10:28:48+00:00\" \/>\n<meta property=\"og:image\" content=\"https:\/\/gozz4all.com\/wp-content\/uploads\/2022\/11\/DSC_0088-scaled.jpg\" \/>\n\t<meta property=\"og:image:width\" content=\"1707\" \/>\n\t<meta property=\"og:image:height\" content=\"2560\" \/>\n\t<meta property=\"og:image:type\" content=\"image\/jpeg\" \/>\n<meta name=\"twitter:card\" content=\"summary_large_image\" \/>\n<meta name=\"twitter:label1\" content=\"Dur\u00e9e de lecture estim\u00e9e\" \/>\n\t<meta name=\"twitter:data1\" content=\"1 minute\" \/>\n<script type=\"application\/ld+json\" class=\"yoast-schema-graph\">{\"@context\":\"https:\/\/schema.org\",\"@graph\":[{\"@type\":\"WebPage\",\"@id\":\"https:\/\/gozz4all.com\/slaapkledij-hansop-jumpy-onesie-huispak-anti-uitkleed-kleding\/slaapzakken-in-grote-maten-tot-en-met-maat-xxl-kan-voor-alle-leeftijden-gebruikt-worden-smeergedrag-en-uitkleedgedrag-of-indien-er-geen-dekbed-of-laken-verdragen-wordt\/slaapzak-grote-maten-zonder-mouw-tussenseizoen-turquoise-kopie\/\",\"url\":\"https:\/\/gozz4all.com\/slaapkledij-hansop-jumpy-onesie-huispak-anti-uitkleed-kleding\/slaapzakken-in-grote-maten-tot-en-met-maat-xxl-kan-voor-alle-leeftijden-gebruikt-worden-smeergedrag-en-uitkleedgedrag-of-indien-er-geen-dekbed-of-laken-verdragen-wordt\/slaapzak-grote-maten-zonder-mouw-tussenseizoen-turquoise-kopie\/\",\"name\":\"slaapzak-grote-maten-anti scheur | Gozz4All\",\"isPartOf\":{\"@id\":\"https:\/\/gozz4all.com\/fr\/#website\"},\"primaryImageOfPage\":{\"@id\":\"https:\/\/gozz4all.com\/slaapkledij-hansop-jumpy-onesie-huispak-anti-uitkleed-kleding\/slaapzakken-in-grote-maten-tot-en-met-maat-xxl-kan-voor-alle-leeftijden-gebruikt-worden-smeergedrag-en-uitkleedgedrag-of-indien-er-geen-dekbed-of-laken-verdragen-wordt\/slaapzak-grote-maten-zonder-mouw-tussenseizoen-turquoise-kopie\/#primaryimage\"},\"image\":{\"@id\":\"https:\/\/gozz4all.com\/slaapkledij-hansop-jumpy-onesie-huispak-anti-uitkleed-kleding\/slaapzakken-in-grote-maten-tot-en-met-maat-xxl-kan-voor-alle-leeftijden-gebruikt-worden-smeergedrag-en-uitkleedgedrag-of-indien-er-geen-dekbed-of-laken-verdragen-wordt\/slaapzak-grote-maten-zonder-mouw-tussenseizoen-turquoise-kopie\/#primaryimage\"},\"thumbnailUrl\":\"https:\/\/gozz4all.com\/wp-content\/uploads\/2022\/11\/DSC_0088-scaled.jpg\",\"datePublished\":\"2022-09-28T14:08:22+00:00\",\"dateModified\":\"2022-11-11T10:28:48+00:00\",\"description\":\"slaapzak-grote-maten-anti scheur-Cordura-rustige nachten-smeer en uitkleedgedrag- aangename en betere slaap-Gozz4all.com\",\"breadcrumb\":{\"@id\":\"https:\/\/gozz4all.com\/slaapkledij-hansop-jumpy-onesie-huispak-anti-uitkleed-kleding\/slaapzakken-in-grote-maten-tot-en-met-maat-xxl-kan-voor-alle-leeftijden-gebruikt-worden-smeergedrag-en-uitkleedgedrag-of-indien-er-geen-dekbed-of-laken-verdragen-wordt\/slaapzak-grote-maten-zonder-mouw-tussenseizoen-turquoise-kopie\/#breadcrumb\"},\"inLanguage\":\"fr-FR\",\"potentialAction\":[{\"@type\":\"ReadAction\",\"target\":[\"https:\/\/gozz4all.com\/slaapkledij-hansop-jumpy-onesie-huispak-anti-uitkleed-kleding\/slaapzakken-in-grote-maten-tot-en-met-maat-xxl-kan-voor-alle-leeftijden-gebruikt-worden-smeergedrag-en-uitkleedgedrag-of-indien-er-geen-dekbed-of-laken-verdragen-wordt\/slaapzak-grote-maten-zonder-mouw-tussenseizoen-turquoise-kopie\/\"]}]},{\"@type\":\"ImageObject\",\"inLanguage\":\"fr-FR\",\"@id\":\"https:\/\/gozz4all.com\/slaapkledij-hansop-jumpy-onesie-huispak-anti-uitkleed-kleding\/slaapzakken-in-grote-maten-tot-en-met-maat-xxl-kan-voor-alle-leeftijden-gebruikt-worden-smeergedrag-en-uitkleedgedrag-of-indien-er-geen-dekbed-of-laken-verdragen-wordt\/slaapzak-grote-maten-zonder-mouw-tussenseizoen-turquoise-kopie\/#primaryimage\",\"url\":\"https:\/\/gozz4all.com\/wp-content\/uploads\/2022\/11\/DSC_0088-scaled.jpg\",\"contentUrl\":\"https:\/\/gozz4all.com\/wp-content\/uploads\/2022\/11\/DSC_0088-scaled.jpg\",\"width\":1707,\"height\":2560,\"caption\":\"SALE! Slaapzak 158 anti scheur winter\"},{\"@type\":\"BreadcrumbList\",\"@id\":\"https:\/\/gozz4all.com\/slaapkledij-hansop-jumpy-onesie-huispak-anti-uitkleed-kleding\/slaapzakken-in-grote-maten-tot-en-met-maat-xxl-kan-voor-alle-leeftijden-gebruikt-worden-smeergedrag-en-uitkleedgedrag-of-indien-er-geen-dekbed-of-laken-verdragen-wordt\/slaapzak-grote-maten-zonder-mouw-tussenseizoen-turquoise-kopie\/#breadcrumb\",\"itemListElement\":[{\"@type\":\"ListItem\",\"position\":1,\"name\":\"Home\",\"item\":\"https:\/\/gozz4all.com\/\"},{\"@type\":\"ListItem\",\"position\":2,\"name\":\"Producten\",\"item\":\"https:\/\/gozz4all.com\/shop\/\"},{\"@type\":\"ListItem\",\"position\":3,\"name\":\"slaapzak-grote-maten-anti scheur\"}]},{\"@type\":\"WebSite\",\"@id\":\"https:\/\/gozz4all.com\/fr\/#website\",\"url\":\"https:\/\/gozz4all.com\/fr\/\",\"name\":\"Gozz4All\",\"description\":\"Gozz4All\",\"publisher\":{\"@id\":\"https:\/\/gozz4all.com\/fr\/#organization\"},\"potentialAction\":[{\"@type\":\"SearchAction\",\"target\":{\"@type\":\"EntryPoint\",\"urlTemplate\":\"https:\/\/gozz4all.com\/fr\/?s={search_term_string}\"},\"query-input\":{\"@type\":\"PropertyValueSpecification\",\"valueRequired\":true,\"valueName\":\"search_term_string\"}}],\"inLanguage\":\"fr-FR\"},{\"@type\":\"Organization\",\"@id\":\"https:\/\/gozz4all.com\/fr\/#organization\",\"name\":\"Gozz4all\",\"url\":\"https:\/\/gozz4all.com\/fr\/\",\"logo\":{\"@type\":\"ImageObject\",\"inLanguage\":\"fr-FR\",\"@id\":\"https:\/\/gozz4all.com\/fr\/#\/schema\/logo\/image\/\",\"url\":\"https:\/\/gozz4all.com\/wp-content\/uploads\/2020\/04\/Logo-ask-for-better-one.png\",\"contentUrl\":\"https:\/\/gozz4all.com\/wp-content\/uploads\/2020\/04\/Logo-ask-for-better-one.png\",\"width\":146,\"height\":60,\"caption\":\"Gozz4all\"},\"image\":{\"@id\":\"https:\/\/gozz4all.com\/fr\/#\/schema\/logo\/image\/\"},\"sameAs\":[\"https:\/\/www.facebook.com\/gozz4all\/\",\"https:\/\/www.instagram.com\/gozz4allfashion\/?hl=nl\"]}]}<\/script>\n<!-- \/ Yoast SEO plugin. -->","yoast_head_json":{"title":"slaapzak-grote-maten-anti scheur | Gozz4All","description":"slaapzak-grote-maten-anti scheur-Cordura-rustige nachten-smeer en uitkleedgedrag- aangename en betere slaap-Gozz4all.com","robots":{"index":"index","follow":"follow","max-snippet":"max-snippet:-1","max-image-preview":"max-image-preview:large","max-video-preview":"max-video-preview:-1"},"canonical":"https:\/\/gozz4all.com\/fr\/slaapkledij-hansop-jumpy-onesie-huispak-anti-uitkleed-kleding\/slaapzakken-in-grote-maten-tot-en-met-maat-xxl-kan-voor-alle-leeftijden-gebruikt-worden-smeergedrag-en-uitkleedgedrag-of-indien-er-geen-dekbed-of-laken-verdragen-wordt\/slaapzak-grote-maten-zonder-mouw-tussenseizoen-turquoise-kopie\/","og_locale":"fr_FR","og_type":"article","og_title":"slaapzak-grote-maten-anti scheur | Gozz4All","og_description":"slaapzak-grote-maten-anti scheur-Cordura-rustige nachten-smeer en uitkleedgedrag- aangename en betere slaap-Gozz4all.com","og_url":"https:\/\/gozz4all.com\/fr\/slaapkledij-hansop-jumpy-onesie-huispak-anti-uitkleed-kleding\/slaapzakken-in-grote-maten-tot-en-met-maat-xxl-kan-voor-alle-leeftijden-gebruikt-worden-smeergedrag-en-uitkleedgedrag-of-indien-er-geen-dekbed-of-laken-verdragen-wordt\/slaapzak-grote-maten-zonder-mouw-tussenseizoen-turquoise-kopie\/","og_site_name":"Gozz4All","article_publisher":"https:\/\/www.facebook.com\/gozz4all\/","article_modified_time":"2022-11-11T10:28:48+00:00","og_image":[{"width":1707,"height":2560,"url":"https:\/\/gozz4all.com\/wp-content\/uploads\/2022\/11\/DSC_0088-scaled.jpg","type":"image\/jpeg"}],"twitter_card":"summary_large_image","twitter_misc":{"Dur\u00e9e de lecture estim\u00e9e":"1 minute"},"schema":{"@context":"https:\/\/schema.org","@graph":[{"@type":"WebPage","@id":"https:\/\/gozz4all.com\/slaapkledij-hansop-jumpy-onesie-huispak-anti-uitkleed-kleding\/slaapzakken-in-grote-maten-tot-en-met-maat-xxl-kan-voor-alle-leeftijden-gebruikt-worden-smeergedrag-en-uitkleedgedrag-of-indien-er-geen-dekbed-of-laken-verdragen-wordt\/slaapzak-grote-maten-zonder-mouw-tussenseizoen-turquoise-kopie\/","url":"https:\/\/gozz4all.com\/slaapkledij-hansop-jumpy-onesie-huispak-anti-uitkleed-kleding\/slaapzakken-in-grote-maten-tot-en-met-maat-xxl-kan-voor-alle-leeftijden-gebruikt-worden-smeergedrag-en-uitkleedgedrag-of-indien-er-geen-dekbed-of-laken-verdragen-wordt\/slaapzak-grote-maten-zonder-mouw-tussenseizoen-turquoise-kopie\/","name":"slaapzak-grote-maten-anti scheur | Gozz4All","isPartOf":{"@id":"https:\/\/gozz4all.com\/fr\/#website"},"primaryImageOfPage":{"@id":"https:\/\/gozz4all.com\/slaapkledij-hansop-jumpy-onesie-huispak-anti-uitkleed-kleding\/slaapzakken-in-grote-maten-tot-en-met-maat-xxl-kan-voor-alle-leeftijden-gebruikt-worden-smeergedrag-en-uitkleedgedrag-of-indien-er-geen-dekbed-of-laken-verdragen-wordt\/slaapzak-grote-maten-zonder-mouw-tussenseizoen-turquoise-kopie\/#primaryimage"},"image":{"@id":"https:\/\/gozz4all.com\/slaapkledij-hansop-jumpy-onesie-huispak-anti-uitkleed-kleding\/slaapzakken-in-grote-maten-tot-en-met-maat-xxl-kan-voor-alle-leeftijden-gebruikt-worden-smeergedrag-en-uitkleedgedrag-of-indien-er-geen-dekbed-of-laken-verdragen-wordt\/slaapzak-grote-maten-zonder-mouw-tussenseizoen-turquoise-kopie\/#primaryimage"},"thumbnailUrl":"https:\/\/gozz4all.com\/wp-content\/uploads\/2022\/11\/DSC_0088-scaled.jpg","datePublished":"2022-09-28T14:08:22+00:00","dateModified":"2022-11-11T10:28:48+00:00","description":"slaapzak-grote-maten-anti scheur-Cordura-rustige nachten-smeer en uitkleedgedrag- aangename en betere slaap-Gozz4all.com","breadcrumb":{"@id":"https:\/\/gozz4all.com\/slaapkledij-hansop-jumpy-onesie-huispak-anti-uitkleed-kleding\/slaapzakken-in-grote-maten-tot-en-met-maat-xxl-kan-voor-alle-leeftijden-gebruikt-worden-smeergedrag-en-uitkleedgedrag-of-indien-er-geen-dekbed-of-laken-verdragen-wordt\/slaapzak-grote-maten-zonder-mouw-tussenseizoen-turquoise-kopie\/#breadcrumb"},"inLanguage":"fr-FR","potentialAction":[{"@type":"ReadAction","target":["https:\/\/gozz4all.com\/slaapkledij-hansop-jumpy-onesie-huispak-anti-uitkleed-kleding\/slaapzakken-in-grote-maten-tot-en-met-maat-xxl-kan-voor-alle-leeftijden-gebruikt-worden-smeergedrag-en-uitkleedgedrag-of-indien-er-geen-dekbed-of-laken-verdragen-wordt\/slaapzak-grote-maten-zonder-mouw-tussenseizoen-turquoise-kopie\/"]}]},{"@type":"ImageObject","inLanguage":"fr-FR","@id":"https:\/\/gozz4all.com\/slaapkledij-hansop-jumpy-onesie-huispak-anti-uitkleed-kleding\/slaapzakken-in-grote-maten-tot-en-met-maat-xxl-kan-voor-alle-leeftijden-gebruikt-worden-smeergedrag-en-uitkleedgedrag-of-indien-er-geen-dekbed-of-laken-verdragen-wordt\/slaapzak-grote-maten-zonder-mouw-tussenseizoen-turquoise-kopie\/#primaryimage","url":"https:\/\/gozz4all.com\/wp-content\/uploads\/2022\/11\/DSC_0088-scaled.jpg","contentUrl":"https:\/\/gozz4all.com\/wp-content\/uploads\/2022\/11\/DSC_0088-scaled.jpg","width":1707,"height":2560,"caption":"SALE! Slaapzak 158 anti scheur winter"},{"@type":"BreadcrumbList","@id":"https:\/\/gozz4all.com\/slaapkledij-hansop-jumpy-onesie-huispak-anti-uitkleed-kleding\/slaapzakken-in-grote-maten-tot-en-met-maat-xxl-kan-voor-alle-leeftijden-gebruikt-worden-smeergedrag-en-uitkleedgedrag-of-indien-er-geen-dekbed-of-laken-verdragen-wordt\/slaapzak-grote-maten-zonder-mouw-tussenseizoen-turquoise-kopie\/#breadcrumb","itemListElement":[{"@type":"ListItem","position":1,"name":"Home","item":"https:\/\/gozz4all.com\/"},{"@type":"ListItem","position":2,"name":"Producten","item":"https:\/\/gozz4all.com\/shop\/"},{"@type":"ListItem","position":3,"name":"slaapzak-grote-maten-anti scheur"}]},{"@type":"WebSite","@id":"https:\/\/gozz4all.com\/fr\/#website","url":"https:\/\/gozz4all.com\/fr\/","name":"Gozz4All","description":"Gozz4All","publisher":{"@id":"https:\/\/gozz4all.com\/fr\/#organization"},"potentialAction":[{"@type":"SearchAction","target":{"@type":"EntryPoint","urlTemplate":"https:\/\/gozz4all.com\/fr\/?s={search_term_string}"},"query-input":{"@type":"PropertyValueSpecification","valueRequired":true,"valueName":"search_term_string"}}],"inLanguage":"fr-FR"},{"@type":"Organization","@id":"https:\/\/gozz4all.com\/fr\/#organization","name":"Gozz4all","url":"https:\/\/gozz4all.com\/fr\/","logo":{"@type":"ImageObject","inLanguage":"fr-FR","@id":"https:\/\/gozz4all.com\/fr\/#\/schema\/logo\/image\/","url":"https:\/\/gozz4all.com\/wp-content\/uploads\/2020\/04\/Logo-ask-for-better-one.png","contentUrl":"https:\/\/gozz4all.com\/wp-content\/uploads\/2020\/04\/Logo-ask-for-better-one.png","width":146,"height":60,"caption":"Gozz4all"},"image":{"@id":"https:\/\/gozz4all.com\/fr\/#\/schema\/logo\/image\/"},"sameAs":["https:\/\/www.facebook.com\/gozz4all\/","https:\/\/www.instagram.com\/gozz4allfashion\/?hl=nl"]}]}},"_links":{"self":[{"href":"https:\/\/gozz4all.com\/fr\/wp-json\/wp\/v2\/product\/22119","targetHints":{"allow":["GET"]}}],"collection":[{"href":"https:\/\/gozz4all.com\/fr\/wp-json\/wp\/v2\/product"}],"about":[{"href":"https:\/\/gozz4all.com\/fr\/wp-json\/wp\/v2\/types\/product"}],"wp:featuredmedia":[{"embeddable":true,"href":"https:\/\/gozz4all.com\/fr\/wp-json\/wp\/v2\/media\/23901"}],"wp:attachment":[{"href":"https:\/\/gozz4all.com\/fr\/wp-json\/wp\/v2\/media?parent=22119"}],"wp:term":[{"taxonomy":"product_brand","embeddable":true,"href":"https:\/\/gozz4all.com\/fr\/wp-json\/wp\/v2\/product_brand?post=22119"},{"taxonomy":"product_cat","embeddable":true,"href":"https:\/\/gozz4all.com\/fr\/wp-json\/wp\/v2\/product_cat?post=22119"},{"taxonomy":"product_tag","embeddable":true,"href":"https:\/\/gozz4all.com\/fr\/wp-json\/wp\/v2\/product_tag?post=22119"}],"curies":[{"name":"wp","href":"https:\/\/api.w.org\/{rel}","templated":true}]}}