{"id":21632,"date":"2022-09-27T14:53:47","date_gmt":"2022-09-27T12:53:47","guid":{"rendered":"https:\/\/gozz4all.com\/?post_type=product&#038;p=21632"},"modified":"2022-09-27T14:57:16","modified_gmt":"2022-09-27T12:57:16","slug":"dames-pyjama-grote-maten-mintstip","status":"publish","type":"product","link":"https:\/\/gozz4all.com\/fr\/product\/dames-pyjama-grote-maten-mintstip\/","title":{"rendered":"Pyjamas pour femmes-grandes tailles-Mint&amp;stip"},"content":{"rendered":"<p>Pyjama femme-grandes tailles-Mint&amp;stip :<\/p>\n<p>Ce pyjama 2 pi\u00e8ces se compose d'un t-shirt avec des boutons-pression sur le devant pour pouvoir l'enfiler facilement par-dessus la t\u00eate.<\/p>\n<p>Choix de manches longues ou courtes, en fonction de ce que vous aimez faire pour dormir.<\/p>\n<p>Le pantalon de ce pyjama a un \u00e9lastique en haut et peut \u00eatre fait avec des jambes longues ou courtes.<\/p>\n<p>De m\u00eame, certaines modifications peuvent \u00eatre choisies, telles que : fermeture \u00e9clair entre les jambes.<\/p>\n<p>Le pyjama est fabriqu\u00e9 dans un tissu jersey doux certifi\u00e9 Oeko, en coton 95% et 5 % d'\u00e9lasthanne.<\/p>\n<p>Applicable \u00e0 : - Tous les \u00e2ges<\/p>\n<p>- Personnes souffrant d'un handicap physique<\/p>\n<p>- Toute personne qui aime dormir confortablement :-)<\/p>\n<p>Avez-vous des questions sur les ajustements possibles ? <a href=\"mailto:info@gozz4all.be\">info@gozz4all.be<\/a>Nous sommes heureux de vous aider !<\/p>\n<p>Lavable \u00e0 60% et peut \u00eatre lav\u00e9 fr\u00e9quemment.<\/p>\n<p>Tenez compte d'un r\u00e9tr\u00e9cissement de 3%.<\/p>","protected":false},"excerpt":{"rendered":"<p>Dames pyjama-grote maten-bruin&#038;streep : voor elke leeftijd-2delig-Gozz4all kan de nodige aanpassingen voorzien-lange of korte mouwen-korte of lange pijpen:<\/p>\n<p>Ce pyjama 2 pi\u00e8ces se compose d'un t-shirt avec des boutons-pression sur le devant pour pouvoir l'enfiler facilement par-dessus la t\u00eate.<\/p>\n<p>Choix de manches longues ou courtes, en fonction de ce que vous aimez faire pour dormir.<\/p>\n<p>Le pantalon de ce pyjama a un \u00e9lastique en haut et peut \u00eatre fait avec des jambes longues ou courtes.<\/p>\n<p>De m\u00eame, certaines modifications peuvent \u00eatre choisies, telles que : fermeture \u00e9clair entre les jambes.<\/p>\n<p>Le pyjama est fabriqu\u00e9 dans un tissu jersey doux certifi\u00e9 Oeko, en coton 95% et 5 % d'\u00e9lasthanne.<\/p>\n<p>Applicable \u00e0 : - Tous les \u00e2ges<\/p>\n<p>- Personnes souffrant d'un handicap physique<\/p>\n<p>- Toute personne qui aime dormir confortablement :-)<\/p>\n<p>Lavable \u00e0 60% et peut \u00eatre lav\u00e9 fr\u00e9quemment.<\/p>\n<p>Tenez compte d'un r\u00e9tr\u00e9cissement de 3%.<\/p>","protected":false},"featured_media":21713,"template":"","meta":[],"product_brand":[],"product_cat":[611,612,613,619,45],"product_tag":[],"class_list":{"0":"post-21632","1":"product","2":"type-product","3":"status-publish","4":"has-post-thumbnail","6":"product_cat-kids","7":"product_cat-ouderen-dementie","8":"product_cat-volwassenen","9":"product_cat-slaapkleding","10":"product_cat-slaapkledij-hansop-jumpy-onesie-huispak-anti-uitkleed-kleding","11":"pa_maat-small","12":"pa_maat-medium","13":"pa_maat-large","14":"pa_maat-extra-large","15":"pa_maat-146-152-2","16":"pa_maat-152-158-2","17":"pa_maat-2xl","18":"pa_maat-128-134-2-en","19":"pa_maat-3xl","20":"pa_maat-164-170-2-en","21":"pa_sluiting-standaard","22":"pa_sluiting-rits-tussen-de-benen","23":"pa_uitvoering-lange-broek","24":"pa_uitvoering-korte-broek","26":"first","27":"instock","28":"taxable","29":"shipping-taxable","30":"purchasable","31":"product-type-variable"},"yoast_head":"<!-- This site is optimized with the Yoast SEO plugin v27.2 - https:\/\/yoast.com\/product\/yoast-seo-wordpress\/ -->\n<title>Dames pyjama-grote maten-Mint&amp;stip | Gozz4All<\/title>\n<meta name=\"description\" content=\"Dames pyjama-grote maten-Mint&amp;stip : voor elke leeftijd-2delig-Gozz4all kan de nodige aanpassingen voorzien-lange of korte mouwen-korte of lange pijpen\" \/>\n<meta name=\"robots\" content=\"index, follow, max-snippet:-1, max-image-preview:large, max-video-preview:-1\" \/>\n<link rel=\"canonical\" href=\"https:\/\/gozz4all.com\/fr\/slaapkledij-hansop-jumpy-onesie-huispak-anti-uitkleed-kleding\/heren-pyjama-grote-maten-bruinstreep-kopie\/\" \/>\n<meta property=\"og:locale\" content=\"fr_FR\" \/>\n<meta property=\"og:type\" content=\"article\" \/>\n<meta property=\"og:title\" content=\"Dames pyjama-grote maten-Mint&amp;stip | Gozz4All\" \/>\n<meta property=\"og:description\" content=\"Dames pyjama-grote maten-Mint&amp;stip : voor elke leeftijd-2delig-Gozz4all kan de nodige aanpassingen voorzien-lange of korte mouwen-korte of lange pijpen\" \/>\n<meta property=\"og:url\" content=\"https:\/\/gozz4all.com\/fr\/slaapkledij-hansop-jumpy-onesie-huispak-anti-uitkleed-kleding\/heren-pyjama-grote-maten-bruinstreep-kopie\/\" \/>\n<meta property=\"og:site_name\" content=\"Gozz4All\" \/>\n<meta property=\"article:publisher\" content=\"https:\/\/www.facebook.com\/gozz4all\/\" \/>\n<meta property=\"article:modified_time\" content=\"2022-09-27T12:57:16+00:00\" \/>\n<meta property=\"og:image\" content=\"https:\/\/gozz4all.com\/wp-content\/uploads\/2022\/09\/DSC_0638-scaled.jpg\" \/>\n\t<meta property=\"og:image:width\" content=\"1707\" \/>\n\t<meta property=\"og:image:height\" content=\"2560\" \/>\n\t<meta property=\"og:image:type\" content=\"image\/jpeg\" \/>\n<meta name=\"twitter:card\" content=\"summary_large_image\" \/>\n<meta name=\"twitter:label1\" content=\"Dur\u00e9e de lecture estim\u00e9e\" \/>\n\t<meta name=\"twitter:data1\" content=\"1 minute\" \/>\n<script type=\"application\/ld+json\" class=\"yoast-schema-graph\">{\"@context\":\"https:\/\/schema.org\",\"@graph\":[{\"@type\":\"WebPage\",\"@id\":\"https:\/\/gozz4all.com\/slaapkledij-hansop-jumpy-onesie-huispak-anti-uitkleed-kleding\/heren-pyjama-grote-maten-bruinstreep-kopie\/\",\"url\":\"https:\/\/gozz4all.com\/slaapkledij-hansop-jumpy-onesie-huispak-anti-uitkleed-kleding\/heren-pyjama-grote-maten-bruinstreep-kopie\/\",\"name\":\"Dames pyjama-grote maten-Mint&stip | Gozz4All\",\"isPartOf\":{\"@id\":\"https:\/\/gozz4all.com\/fr\/#website\"},\"primaryImageOfPage\":{\"@id\":\"https:\/\/gozz4all.com\/slaapkledij-hansop-jumpy-onesie-huispak-anti-uitkleed-kleding\/heren-pyjama-grote-maten-bruinstreep-kopie\/#primaryimage\"},\"image\":{\"@id\":\"https:\/\/gozz4all.com\/slaapkledij-hansop-jumpy-onesie-huispak-anti-uitkleed-kleding\/heren-pyjama-grote-maten-bruinstreep-kopie\/#primaryimage\"},\"thumbnailUrl\":\"https:\/\/gozz4all.com\/wp-content\/uploads\/2022\/09\/DSC_0638-scaled.jpg\",\"datePublished\":\"2022-09-27T12:53:47+00:00\",\"dateModified\":\"2022-09-27T12:57:16+00:00\",\"description\":\"Dames pyjama-grote maten-Mint&stip : voor elke leeftijd-2delig-Gozz4all kan de nodige aanpassingen voorzien-lange of korte mouwen-korte of lange pijpen\",\"breadcrumb\":{\"@id\":\"https:\/\/gozz4all.com\/slaapkledij-hansop-jumpy-onesie-huispak-anti-uitkleed-kleding\/heren-pyjama-grote-maten-bruinstreep-kopie\/#breadcrumb\"},\"inLanguage\":\"fr-FR\",\"potentialAction\":[{\"@type\":\"ReadAction\",\"target\":[\"https:\/\/gozz4all.com\/slaapkledij-hansop-jumpy-onesie-huispak-anti-uitkleed-kleding\/heren-pyjama-grote-maten-bruinstreep-kopie\/\"]}]},{\"@type\":\"ImageObject\",\"inLanguage\":\"fr-FR\",\"@id\":\"https:\/\/gozz4all.com\/slaapkledij-hansop-jumpy-onesie-huispak-anti-uitkleed-kleding\/heren-pyjama-grote-maten-bruinstreep-kopie\/#primaryimage\",\"url\":\"https:\/\/gozz4all.com\/wp-content\/uploads\/2022\/09\/DSC_0638-scaled.jpg\",\"contentUrl\":\"https:\/\/gozz4all.com\/wp-content\/uploads\/2022\/09\/DSC_0638-scaled.jpg\",\"width\":1707,\"height\":2560,\"caption\":\"Dames-pyjama-grote-maten-mint&stip\"},{\"@type\":\"BreadcrumbList\",\"@id\":\"https:\/\/gozz4all.com\/slaapkledij-hansop-jumpy-onesie-huispak-anti-uitkleed-kleding\/heren-pyjama-grote-maten-bruinstreep-kopie\/#breadcrumb\",\"itemListElement\":[{\"@type\":\"ListItem\",\"position\":1,\"name\":\"Home\",\"item\":\"https:\/\/gozz4all.com\/\"},{\"@type\":\"ListItem\",\"position\":2,\"name\":\"Producten\",\"item\":\"https:\/\/gozz4all.com\/shop\/\"},{\"@type\":\"ListItem\",\"position\":3,\"name\":\"Dames pyjama-grote maten-Mint&#038;stip\"}]},{\"@type\":\"WebSite\",\"@id\":\"https:\/\/gozz4all.com\/fr\/#website\",\"url\":\"https:\/\/gozz4all.com\/fr\/\",\"name\":\"Gozz4All\",\"description\":\"Gozz4All\",\"publisher\":{\"@id\":\"https:\/\/gozz4all.com\/fr\/#organization\"},\"potentialAction\":[{\"@type\":\"SearchAction\",\"target\":{\"@type\":\"EntryPoint\",\"urlTemplate\":\"https:\/\/gozz4all.com\/fr\/?s={search_term_string}\"},\"query-input\":{\"@type\":\"PropertyValueSpecification\",\"valueRequired\":true,\"valueName\":\"search_term_string\"}}],\"inLanguage\":\"fr-FR\"},{\"@type\":\"Organization\",\"@id\":\"https:\/\/gozz4all.com\/fr\/#organization\",\"name\":\"Gozz4all\",\"url\":\"https:\/\/gozz4all.com\/fr\/\",\"logo\":{\"@type\":\"ImageObject\",\"inLanguage\":\"fr-FR\",\"@id\":\"https:\/\/gozz4all.com\/fr\/#\/schema\/logo\/image\/\",\"url\":\"https:\/\/gozz4all.com\/wp-content\/uploads\/2020\/04\/Logo-ask-for-better-one.png\",\"contentUrl\":\"https:\/\/gozz4all.com\/wp-content\/uploads\/2020\/04\/Logo-ask-for-better-one.png\",\"width\":146,\"height\":60,\"caption\":\"Gozz4all\"},\"image\":{\"@id\":\"https:\/\/gozz4all.com\/fr\/#\/schema\/logo\/image\/\"},\"sameAs\":[\"https:\/\/www.facebook.com\/gozz4all\/\",\"https:\/\/www.instagram.com\/gozz4allfashion\/?hl=nl\"]}]}<\/script>\n<!-- \/ Yoast SEO plugin. -->","yoast_head_json":{"title":"Dames pyjama-grote maten-Mint&stip | Gozz4All","description":"Dames pyjama-grote maten-Mint&stip : voor elke leeftijd-2delig-Gozz4all kan de nodige aanpassingen voorzien-lange of korte mouwen-korte of lange pijpen","robots":{"index":"index","follow":"follow","max-snippet":"max-snippet:-1","max-image-preview":"max-image-preview:large","max-video-preview":"max-video-preview:-1"},"canonical":"https:\/\/gozz4all.com\/fr\/slaapkledij-hansop-jumpy-onesie-huispak-anti-uitkleed-kleding\/heren-pyjama-grote-maten-bruinstreep-kopie\/","og_locale":"fr_FR","og_type":"article","og_title":"Dames pyjama-grote maten-Mint&stip | Gozz4All","og_description":"Dames pyjama-grote maten-Mint&stip : voor elke leeftijd-2delig-Gozz4all kan de nodige aanpassingen voorzien-lange of korte mouwen-korte of lange pijpen","og_url":"https:\/\/gozz4all.com\/fr\/slaapkledij-hansop-jumpy-onesie-huispak-anti-uitkleed-kleding\/heren-pyjama-grote-maten-bruinstreep-kopie\/","og_site_name":"Gozz4All","article_publisher":"https:\/\/www.facebook.com\/gozz4all\/","article_modified_time":"2022-09-27T12:57:16+00:00","og_image":[{"width":1707,"height":2560,"url":"https:\/\/gozz4all.com\/wp-content\/uploads\/2022\/09\/DSC_0638-scaled.jpg","type":"image\/jpeg"}],"twitter_card":"summary_large_image","twitter_misc":{"Dur\u00e9e de lecture estim\u00e9e":"1 minute"},"schema":{"@context":"https:\/\/schema.org","@graph":[{"@type":"WebPage","@id":"https:\/\/gozz4all.com\/slaapkledij-hansop-jumpy-onesie-huispak-anti-uitkleed-kleding\/heren-pyjama-grote-maten-bruinstreep-kopie\/","url":"https:\/\/gozz4all.com\/slaapkledij-hansop-jumpy-onesie-huispak-anti-uitkleed-kleding\/heren-pyjama-grote-maten-bruinstreep-kopie\/","name":"Dames pyjama-grote maten-Mint&stip | Gozz4All","isPartOf":{"@id":"https:\/\/gozz4all.com\/fr\/#website"},"primaryImageOfPage":{"@id":"https:\/\/gozz4all.com\/slaapkledij-hansop-jumpy-onesie-huispak-anti-uitkleed-kleding\/heren-pyjama-grote-maten-bruinstreep-kopie\/#primaryimage"},"image":{"@id":"https:\/\/gozz4all.com\/slaapkledij-hansop-jumpy-onesie-huispak-anti-uitkleed-kleding\/heren-pyjama-grote-maten-bruinstreep-kopie\/#primaryimage"},"thumbnailUrl":"https:\/\/gozz4all.com\/wp-content\/uploads\/2022\/09\/DSC_0638-scaled.jpg","datePublished":"2022-09-27T12:53:47+00:00","dateModified":"2022-09-27T12:57:16+00:00","description":"Dames pyjama-grote maten-Mint&stip : voor elke leeftijd-2delig-Gozz4all kan de nodige aanpassingen voorzien-lange of korte mouwen-korte of lange pijpen","breadcrumb":{"@id":"https:\/\/gozz4all.com\/slaapkledij-hansop-jumpy-onesie-huispak-anti-uitkleed-kleding\/heren-pyjama-grote-maten-bruinstreep-kopie\/#breadcrumb"},"inLanguage":"fr-FR","potentialAction":[{"@type":"ReadAction","target":["https:\/\/gozz4all.com\/slaapkledij-hansop-jumpy-onesie-huispak-anti-uitkleed-kleding\/heren-pyjama-grote-maten-bruinstreep-kopie\/"]}]},{"@type":"ImageObject","inLanguage":"fr-FR","@id":"https:\/\/gozz4all.com\/slaapkledij-hansop-jumpy-onesie-huispak-anti-uitkleed-kleding\/heren-pyjama-grote-maten-bruinstreep-kopie\/#primaryimage","url":"https:\/\/gozz4all.com\/wp-content\/uploads\/2022\/09\/DSC_0638-scaled.jpg","contentUrl":"https:\/\/gozz4all.com\/wp-content\/uploads\/2022\/09\/DSC_0638-scaled.jpg","width":1707,"height":2560,"caption":"Dames-pyjama-grote-maten-mint&stip"},{"@type":"BreadcrumbList","@id":"https:\/\/gozz4all.com\/slaapkledij-hansop-jumpy-onesie-huispak-anti-uitkleed-kleding\/heren-pyjama-grote-maten-bruinstreep-kopie\/#breadcrumb","itemListElement":[{"@type":"ListItem","position":1,"name":"Home","item":"https:\/\/gozz4all.com\/"},{"@type":"ListItem","position":2,"name":"Producten","item":"https:\/\/gozz4all.com\/shop\/"},{"@type":"ListItem","position":3,"name":"Dames pyjama-grote maten-Mint&#038;stip"}]},{"@type":"WebSite","@id":"https:\/\/gozz4all.com\/fr\/#website","url":"https:\/\/gozz4all.com\/fr\/","name":"Gozz4All","description":"Gozz4All","publisher":{"@id":"https:\/\/gozz4all.com\/fr\/#organization"},"potentialAction":[{"@type":"SearchAction","target":{"@type":"EntryPoint","urlTemplate":"https:\/\/gozz4all.com\/fr\/?s={search_term_string}"},"query-input":{"@type":"PropertyValueSpecification","valueRequired":true,"valueName":"search_term_string"}}],"inLanguage":"fr-FR"},{"@type":"Organization","@id":"https:\/\/gozz4all.com\/fr\/#organization","name":"Gozz4all","url":"https:\/\/gozz4all.com\/fr\/","logo":{"@type":"ImageObject","inLanguage":"fr-FR","@id":"https:\/\/gozz4all.com\/fr\/#\/schema\/logo\/image\/","url":"https:\/\/gozz4all.com\/wp-content\/uploads\/2020\/04\/Logo-ask-for-better-one.png","contentUrl":"https:\/\/gozz4all.com\/wp-content\/uploads\/2020\/04\/Logo-ask-for-better-one.png","width":146,"height":60,"caption":"Gozz4all"},"image":{"@id":"https:\/\/gozz4all.com\/fr\/#\/schema\/logo\/image\/"},"sameAs":["https:\/\/www.facebook.com\/gozz4all\/","https:\/\/www.instagram.com\/gozz4allfashion\/?hl=nl"]}]}},"_links":{"self":[{"href":"https:\/\/gozz4all.com\/fr\/wp-json\/wp\/v2\/product\/21632","targetHints":{"allow":["GET"]}}],"collection":[{"href":"https:\/\/gozz4all.com\/fr\/wp-json\/wp\/v2\/product"}],"about":[{"href":"https:\/\/gozz4all.com\/fr\/wp-json\/wp\/v2\/types\/product"}],"wp:featuredmedia":[{"embeddable":true,"href":"https:\/\/gozz4all.com\/fr\/wp-json\/wp\/v2\/media\/21713"}],"wp:attachment":[{"href":"https:\/\/gozz4all.com\/fr\/wp-json\/wp\/v2\/media?parent=21632"}],"wp:term":[{"taxonomy":"product_brand","embeddable":true,"href":"https:\/\/gozz4all.com\/fr\/wp-json\/wp\/v2\/product_brand?post=21632"},{"taxonomy":"product_cat","embeddable":true,"href":"https:\/\/gozz4all.com\/fr\/wp-json\/wp\/v2\/product_cat?post=21632"},{"taxonomy":"product_tag","embeddable":true,"href":"https:\/\/gozz4all.com\/fr\/wp-json\/wp\/v2\/product_tag?post=21632"}],"curies":[{"name":"wp","href":"https:\/\/api.w.org\/{rel}","templated":true}]}}