{"id":21064,"date":"2022-09-24T19:59:06","date_gmt":"2022-09-24T17:59:06","guid":{"rendered":"https:\/\/gozz4all.com\/?post_type=product&#038;p=21064"},"modified":"2022-12-02T16:08:41","modified_gmt":"2022-12-02T14:08:41","slug":"slaapzak-grote-maten-zonder-mouw-tussenseizoen-turquoise","status":"publish","type":"product","link":"https:\/\/gozz4all.com\/fr\/product\/slaapzak-grote-maten-zonder-mouw-tussenseizoen-turquoise\/","title":{"rendered":"Sac de couchage grandes tailles-sans manche-mi-saison-turquoise"},"content":{"rendered":"<p><a href=\"https:\/\/gozz4all.com\/fr\/categorie-produit\/slaapzakken\/\">Sac de couchage grandes tailles<\/a>-sans manche- mi-saison :<\/p>\n<p>Un sac de couchage flexible disponible sans manches, avec des manches courtes ou longues.<\/p>\n<p>Il peut \u00eatre utilis\u00e9 pour tous les \u00e2ges en cas de comportement de d\u00e9shabillage ou si une couette ou un drap ne sont pas tol\u00e9r\u00e9s, ils sont encore chauds.<\/p>\n<p>Cela donne plus de repos et un meilleur sommeil.<\/p>\n<p>La fermeture \u00e9clair peut se trouver \u00e0 l'avant ou \u00e0 l'arri\u00e8re et se ferme de bas en haut.<\/p>\n<p>Avec diff\u00e9rentes \u00e9paisseurs de rembourrage thermique en fonction de la saison. Vous pouvez les choisir librement.<\/p>\n<p>Des boutons-pression permettent de raccourcir le sac de couchage si n\u00e9cessaire.<\/p>\n<p>\u00c9quip\u00e9 d'une solide fermeture \u00e9clair de la marque Kroko.<\/p>\n<p>Il ne s'agit pas d'un tissu anti-d\u00e9chirement.<\/p>\n<p>Tient compte du r\u00e9tr\u00e9cissement 5%<\/p>\n<p>Composition :<\/p>\n<p>Stof: 100% Microfiber<\/p>\n<p>Doublure : facultative<br \/>\nInstructions de lavage : 40\u00b0 ou 60\u00b0 (si n\u00e9cessaire)<br \/>\nPeut \u00eatre lav\u00e9e fr\u00e9quemment.<\/p>","protected":false},"excerpt":{"rendered":"<p>Slaapzak grote maten-zonder mouw-tussenseizoen:<\/p>\n<p>Un sac de couchage flexible disponible sans manches, avec des manches courtes ou longues.<\/p>\n<p>Il peut \u00eatre utilis\u00e9 pour tous les \u00e2ges en cas de comportement de d\u00e9shabillage ou si une couette ou un drap ne sont pas tol\u00e9r\u00e9s, ils sont encore chauds.<\/p>\n<p>Cela donne plus de repos et un meilleur sommeil.<\/p>\n<p>La fermeture \u00e9clair peut se trouver \u00e0 l'avant ou \u00e0 l'arri\u00e8re et se ferme de bas en haut.<\/p>\n<p>Avec diff\u00e9rentes \u00e9paisseurs de rembourrage thermique en fonction de la saison. Vous pouvez les choisir librement.<\/p>\n<p>\u00c9quip\u00e9 d'une solide fermeture \u00e9clair de la marque Kroko.<\/p>\n<p>Il ne s'agit pas d'un tissu anti-d\u00e9chirement.<\/p>\n<p>Tient compte du r\u00e9tr\u00e9cissement 5%<\/p>\n<p>Composition :<\/p>\n<p>Stof: Microfiber<\/p>\n<p>Voering:Naar keuze<\/p>","protected":false},"featured_media":21001,"template":"","meta":[],"product_brand":[],"product_cat":[612,613,619,611,45,456],"product_tag":[],"class_list":{"0":"post-21064","1":"product","2":"type-product","3":"status-publish","4":"has-post-thumbnail","6":"product_cat-ouderen-dementie","7":"product_cat-volwassenen","8":"product_cat-slaapkleding","9":"product_cat-kids","10":"product_cat-slaapkledij-hansop-jumpy-onesie-huispak-anti-uitkleed-kleding","11":"product_cat-slaapzakken-in-grote-maten-tot-en-met-maat-xxl-kan-voor-alle-leeftijden-gebruikt-worden-smeergedrag-en-uitkleedgedrag-of-indien-er-geen-dekbed-of-laken-verdragen-wordt","12":"pa_dikte-vulling-herfst-winter","13":"pa_dikte-vulling-lente-zomer","14":"pa_maat-152-158-2","15":"pa_maat-164-170-2","16":"pa_maat-176-182-2","17":"pa_maat-188-2","18":"pa_maat-s-2","19":"pa_maat-xl-2","20":"pa_maat-92-98","21":"pa_maat-xxl","22":"pa_maat-104-110-2","23":"pa_maat-l-2-en","24":"pa_maat-116-122-2","25":"pa_maat-xxxl-1","26":"pa_maat-m-2-fr","27":"pa_maat-128-134-2","28":"pa_maat-xxxl-2","29":"pa_maat-140-146-2","30":"pa_sluiting-rits-van-onder-naar-boven","31":"pa_sluiting-rits-van-boven-naar-beneden","32":"pif-has-gallery","34":"first","35":"instock","36":"taxable","37":"shipping-taxable","38":"purchasable","39":"product-type-variable"},"yoast_head":"<!-- This site is optimized with the Yoast SEO plugin v27.2 - https:\/\/yoast.com\/product\/yoast-seo-wordpress\/ -->\n<title>Slaapzak grote maten-zonder mouw-tussenseizoen-turquoise | Gozz4All<\/title>\n<meta name=\"description\" content=\"Slaapzak grote maten-zonder mouw-tussenseizoen-rustige nachten-smeer en uitkleedgedrag- aangename en betere slaap-Gozz4all.com-dikte vulling te kiezen\" \/>\n<meta name=\"robots\" content=\"index, follow, max-snippet:-1, max-image-preview:large, max-video-preview:-1\" \/>\n<link rel=\"canonical\" href=\"https:\/\/gozz4all.com\/fr\/slaapkledij-hansop-jumpy-onesie-huispak-anti-uitkleed-kleding\/slaapzakken-in-grote-maten-tot-en-met-maat-xxl-kan-voor-alle-leeftijden-gebruikt-worden-smeergedrag-en-uitkleedgedrag-of-indien-er-geen-dekbed-of-laken-verdragen-wordt\/slaapzak-grote-maten-zonder-mouw-tussenseizoen-pastel-groen-kopie\/\" \/>\n<meta property=\"og:locale\" content=\"fr_FR\" \/>\n<meta property=\"og:type\" content=\"article\" \/>\n<meta property=\"og:title\" content=\"Slaapzak grote maten-zonder mouw-tussenseizoen-turquoise | Gozz4All\" \/>\n<meta property=\"og:description\" content=\"Slaapzak grote maten-zonder mouw-tussenseizoen-rustige nachten-smeer en uitkleedgedrag- aangename en betere slaap-Gozz4all.com-dikte vulling te kiezen\" \/>\n<meta property=\"og:url\" content=\"https:\/\/gozz4all.com\/fr\/slaapkledij-hansop-jumpy-onesie-huispak-anti-uitkleed-kleding\/slaapzakken-in-grote-maten-tot-en-met-maat-xxl-kan-voor-alle-leeftijden-gebruikt-worden-smeergedrag-en-uitkleedgedrag-of-indien-er-geen-dekbed-of-laken-verdragen-wordt\/slaapzak-grote-maten-zonder-mouw-tussenseizoen-pastel-groen-kopie\/\" \/>\n<meta property=\"og:site_name\" content=\"Gozz4All\" \/>\n<meta property=\"article:publisher\" content=\"https:\/\/www.facebook.com\/gozz4all\/\" \/>\n<meta property=\"article:modified_time\" content=\"2022-12-02T14:08:41+00:00\" \/>\n<meta property=\"og:image\" content=\"https:\/\/gozz4all.com\/wp-content\/uploads\/2022\/09\/DSC_0653-scaled.jpg\" \/>\n\t<meta property=\"og:image:width\" content=\"1707\" \/>\n\t<meta property=\"og:image:height\" content=\"2560\" \/>\n\t<meta property=\"og:image:type\" content=\"image\/jpeg\" \/>\n<meta name=\"twitter:card\" content=\"summary_large_image\" \/>\n<meta name=\"twitter:label1\" content=\"Dur\u00e9e de lecture estim\u00e9e\" \/>\n\t<meta name=\"twitter:data1\" content=\"1 minute\" \/>\n<script type=\"application\/ld+json\" class=\"yoast-schema-graph\">{\"@context\":\"https:\/\/schema.org\",\"@graph\":[{\"@type\":\"WebPage\",\"@id\":\"https:\/\/gozz4all.com\/slaapkledij-hansop-jumpy-onesie-huispak-anti-uitkleed-kleding\/slaapzakken-in-grote-maten-tot-en-met-maat-xxl-kan-voor-alle-leeftijden-gebruikt-worden-smeergedrag-en-uitkleedgedrag-of-indien-er-geen-dekbed-of-laken-verdragen-wordt\/slaapzak-grote-maten-zonder-mouw-tussenseizoen-pastel-groen-kopie\/\",\"url\":\"https:\/\/gozz4all.com\/slaapkledij-hansop-jumpy-onesie-huispak-anti-uitkleed-kleding\/slaapzakken-in-grote-maten-tot-en-met-maat-xxl-kan-voor-alle-leeftijden-gebruikt-worden-smeergedrag-en-uitkleedgedrag-of-indien-er-geen-dekbed-of-laken-verdragen-wordt\/slaapzak-grote-maten-zonder-mouw-tussenseizoen-pastel-groen-kopie\/\",\"name\":\"Slaapzak grote maten-zonder mouw-tussenseizoen-turquoise | Gozz4All\",\"isPartOf\":{\"@id\":\"https:\/\/gozz4all.com\/fr\/#website\"},\"primaryImageOfPage\":{\"@id\":\"https:\/\/gozz4all.com\/slaapkledij-hansop-jumpy-onesie-huispak-anti-uitkleed-kleding\/slaapzakken-in-grote-maten-tot-en-met-maat-xxl-kan-voor-alle-leeftijden-gebruikt-worden-smeergedrag-en-uitkleedgedrag-of-indien-er-geen-dekbed-of-laken-verdragen-wordt\/slaapzak-grote-maten-zonder-mouw-tussenseizoen-pastel-groen-kopie\/#primaryimage\"},\"image\":{\"@id\":\"https:\/\/gozz4all.com\/slaapkledij-hansop-jumpy-onesie-huispak-anti-uitkleed-kleding\/slaapzakken-in-grote-maten-tot-en-met-maat-xxl-kan-voor-alle-leeftijden-gebruikt-worden-smeergedrag-en-uitkleedgedrag-of-indien-er-geen-dekbed-of-laken-verdragen-wordt\/slaapzak-grote-maten-zonder-mouw-tussenseizoen-pastel-groen-kopie\/#primaryimage\"},\"thumbnailUrl\":\"https:\/\/gozz4all.com\/wp-content\/uploads\/2022\/09\/DSC_0653-scaled.jpg\",\"datePublished\":\"2022-09-24T17:59:06+00:00\",\"dateModified\":\"2022-12-02T14:08:41+00:00\",\"description\":\"Slaapzak grote maten-zonder mouw-tussenseizoen-rustige nachten-smeer en uitkleedgedrag- aangename en betere slaap-Gozz4all.com-dikte vulling te kiezen\",\"breadcrumb\":{\"@id\":\"https:\/\/gozz4all.com\/slaapkledij-hansop-jumpy-onesie-huispak-anti-uitkleed-kleding\/slaapzakken-in-grote-maten-tot-en-met-maat-xxl-kan-voor-alle-leeftijden-gebruikt-worden-smeergedrag-en-uitkleedgedrag-of-indien-er-geen-dekbed-of-laken-verdragen-wordt\/slaapzak-grote-maten-zonder-mouw-tussenseizoen-pastel-groen-kopie\/#breadcrumb\"},\"inLanguage\":\"fr-FR\",\"potentialAction\":[{\"@type\":\"ReadAction\",\"target\":[\"https:\/\/gozz4all.com\/slaapkledij-hansop-jumpy-onesie-huispak-anti-uitkleed-kleding\/slaapzakken-in-grote-maten-tot-en-met-maat-xxl-kan-voor-alle-leeftijden-gebruikt-worden-smeergedrag-en-uitkleedgedrag-of-indien-er-geen-dekbed-of-laken-verdragen-wordt\/slaapzak-grote-maten-zonder-mouw-tussenseizoen-pastel-groen-kopie\/\"]}]},{\"@type\":\"ImageObject\",\"inLanguage\":\"fr-FR\",\"@id\":\"https:\/\/gozz4all.com\/slaapkledij-hansop-jumpy-onesie-huispak-anti-uitkleed-kleding\/slaapzakken-in-grote-maten-tot-en-met-maat-xxl-kan-voor-alle-leeftijden-gebruikt-worden-smeergedrag-en-uitkleedgedrag-of-indien-er-geen-dekbed-of-laken-verdragen-wordt\/slaapzak-grote-maten-zonder-mouw-tussenseizoen-pastel-groen-kopie\/#primaryimage\",\"url\":\"https:\/\/gozz4all.com\/wp-content\/uploads\/2022\/09\/DSC_0653-scaled.jpg\",\"contentUrl\":\"https:\/\/gozz4all.com\/wp-content\/uploads\/2022\/09\/DSC_0653-scaled.jpg\",\"width\":1707,\"height\":2560,\"caption\":\"slaapzak-grote-maten-zonder-mouw\"},{\"@type\":\"BreadcrumbList\",\"@id\":\"https:\/\/gozz4all.com\/slaapkledij-hansop-jumpy-onesie-huispak-anti-uitkleed-kleding\/slaapzakken-in-grote-maten-tot-en-met-maat-xxl-kan-voor-alle-leeftijden-gebruikt-worden-smeergedrag-en-uitkleedgedrag-of-indien-er-geen-dekbed-of-laken-verdragen-wordt\/slaapzak-grote-maten-zonder-mouw-tussenseizoen-pastel-groen-kopie\/#breadcrumb\",\"itemListElement\":[{\"@type\":\"ListItem\",\"position\":1,\"name\":\"Home\",\"item\":\"https:\/\/gozz4all.com\/\"},{\"@type\":\"ListItem\",\"position\":2,\"name\":\"Producten\",\"item\":\"https:\/\/gozz4all.com\/shop\/\"},{\"@type\":\"ListItem\",\"position\":3,\"name\":\"Slaapzak grote maten-zonder mouw-tussenseizoen-turquoise\"}]},{\"@type\":\"WebSite\",\"@id\":\"https:\/\/gozz4all.com\/fr\/#website\",\"url\":\"https:\/\/gozz4all.com\/fr\/\",\"name\":\"Gozz4All\",\"description\":\"Gozz4All\",\"publisher\":{\"@id\":\"https:\/\/gozz4all.com\/fr\/#organization\"},\"potentialAction\":[{\"@type\":\"SearchAction\",\"target\":{\"@type\":\"EntryPoint\",\"urlTemplate\":\"https:\/\/gozz4all.com\/fr\/?s={search_term_string}\"},\"query-input\":{\"@type\":\"PropertyValueSpecification\",\"valueRequired\":true,\"valueName\":\"search_term_string\"}}],\"inLanguage\":\"fr-FR\"},{\"@type\":\"Organization\",\"@id\":\"https:\/\/gozz4all.com\/fr\/#organization\",\"name\":\"Gozz4all\",\"url\":\"https:\/\/gozz4all.com\/fr\/\",\"logo\":{\"@type\":\"ImageObject\",\"inLanguage\":\"fr-FR\",\"@id\":\"https:\/\/gozz4all.com\/fr\/#\/schema\/logo\/image\/\",\"url\":\"https:\/\/gozz4all.com\/wp-content\/uploads\/2020\/04\/Logo-ask-for-better-one.png\",\"contentUrl\":\"https:\/\/gozz4all.com\/wp-content\/uploads\/2020\/04\/Logo-ask-for-better-one.png\",\"width\":146,\"height\":60,\"caption\":\"Gozz4all\"},\"image\":{\"@id\":\"https:\/\/gozz4all.com\/fr\/#\/schema\/logo\/image\/\"},\"sameAs\":[\"https:\/\/www.facebook.com\/gozz4all\/\",\"https:\/\/www.instagram.com\/gozz4allfashion\/?hl=nl\"]}]}<\/script>\n<!-- \/ Yoast SEO plugin. -->","yoast_head_json":{"title":"Slaapzak grote maten-zonder mouw-tussenseizoen-turquoise | Gozz4All","description":"Slaapzak grote maten-zonder mouw-tussenseizoen-rustige nachten-smeer en uitkleedgedrag- aangename en betere slaap-Gozz4all.com-dikte vulling te kiezen","robots":{"index":"index","follow":"follow","max-snippet":"max-snippet:-1","max-image-preview":"max-image-preview:large","max-video-preview":"max-video-preview:-1"},"canonical":"https:\/\/gozz4all.com\/fr\/slaapkledij-hansop-jumpy-onesie-huispak-anti-uitkleed-kleding\/slaapzakken-in-grote-maten-tot-en-met-maat-xxl-kan-voor-alle-leeftijden-gebruikt-worden-smeergedrag-en-uitkleedgedrag-of-indien-er-geen-dekbed-of-laken-verdragen-wordt\/slaapzak-grote-maten-zonder-mouw-tussenseizoen-pastel-groen-kopie\/","og_locale":"fr_FR","og_type":"article","og_title":"Slaapzak grote maten-zonder mouw-tussenseizoen-turquoise | Gozz4All","og_description":"Slaapzak grote maten-zonder mouw-tussenseizoen-rustige nachten-smeer en uitkleedgedrag- aangename en betere slaap-Gozz4all.com-dikte vulling te kiezen","og_url":"https:\/\/gozz4all.com\/fr\/slaapkledij-hansop-jumpy-onesie-huispak-anti-uitkleed-kleding\/slaapzakken-in-grote-maten-tot-en-met-maat-xxl-kan-voor-alle-leeftijden-gebruikt-worden-smeergedrag-en-uitkleedgedrag-of-indien-er-geen-dekbed-of-laken-verdragen-wordt\/slaapzak-grote-maten-zonder-mouw-tussenseizoen-pastel-groen-kopie\/","og_site_name":"Gozz4All","article_publisher":"https:\/\/www.facebook.com\/gozz4all\/","article_modified_time":"2022-12-02T14:08:41+00:00","og_image":[{"width":1707,"height":2560,"url":"https:\/\/gozz4all.com\/wp-content\/uploads\/2022\/09\/DSC_0653-scaled.jpg","type":"image\/jpeg"}],"twitter_card":"summary_large_image","twitter_misc":{"Dur\u00e9e de lecture estim\u00e9e":"1 minute"},"schema":{"@context":"https:\/\/schema.org","@graph":[{"@type":"WebPage","@id":"https:\/\/gozz4all.com\/slaapkledij-hansop-jumpy-onesie-huispak-anti-uitkleed-kleding\/slaapzakken-in-grote-maten-tot-en-met-maat-xxl-kan-voor-alle-leeftijden-gebruikt-worden-smeergedrag-en-uitkleedgedrag-of-indien-er-geen-dekbed-of-laken-verdragen-wordt\/slaapzak-grote-maten-zonder-mouw-tussenseizoen-pastel-groen-kopie\/","url":"https:\/\/gozz4all.com\/slaapkledij-hansop-jumpy-onesie-huispak-anti-uitkleed-kleding\/slaapzakken-in-grote-maten-tot-en-met-maat-xxl-kan-voor-alle-leeftijden-gebruikt-worden-smeergedrag-en-uitkleedgedrag-of-indien-er-geen-dekbed-of-laken-verdragen-wordt\/slaapzak-grote-maten-zonder-mouw-tussenseizoen-pastel-groen-kopie\/","name":"Slaapzak grote maten-zonder mouw-tussenseizoen-turquoise | Gozz4All","isPartOf":{"@id":"https:\/\/gozz4all.com\/fr\/#website"},"primaryImageOfPage":{"@id":"https:\/\/gozz4all.com\/slaapkledij-hansop-jumpy-onesie-huispak-anti-uitkleed-kleding\/slaapzakken-in-grote-maten-tot-en-met-maat-xxl-kan-voor-alle-leeftijden-gebruikt-worden-smeergedrag-en-uitkleedgedrag-of-indien-er-geen-dekbed-of-laken-verdragen-wordt\/slaapzak-grote-maten-zonder-mouw-tussenseizoen-pastel-groen-kopie\/#primaryimage"},"image":{"@id":"https:\/\/gozz4all.com\/slaapkledij-hansop-jumpy-onesie-huispak-anti-uitkleed-kleding\/slaapzakken-in-grote-maten-tot-en-met-maat-xxl-kan-voor-alle-leeftijden-gebruikt-worden-smeergedrag-en-uitkleedgedrag-of-indien-er-geen-dekbed-of-laken-verdragen-wordt\/slaapzak-grote-maten-zonder-mouw-tussenseizoen-pastel-groen-kopie\/#primaryimage"},"thumbnailUrl":"https:\/\/gozz4all.com\/wp-content\/uploads\/2022\/09\/DSC_0653-scaled.jpg","datePublished":"2022-09-24T17:59:06+00:00","dateModified":"2022-12-02T14:08:41+00:00","description":"Slaapzak grote maten-zonder mouw-tussenseizoen-rustige nachten-smeer en uitkleedgedrag- aangename en betere slaap-Gozz4all.com-dikte vulling te kiezen","breadcrumb":{"@id":"https:\/\/gozz4all.com\/slaapkledij-hansop-jumpy-onesie-huispak-anti-uitkleed-kleding\/slaapzakken-in-grote-maten-tot-en-met-maat-xxl-kan-voor-alle-leeftijden-gebruikt-worden-smeergedrag-en-uitkleedgedrag-of-indien-er-geen-dekbed-of-laken-verdragen-wordt\/slaapzak-grote-maten-zonder-mouw-tussenseizoen-pastel-groen-kopie\/#breadcrumb"},"inLanguage":"fr-FR","potentialAction":[{"@type":"ReadAction","target":["https:\/\/gozz4all.com\/slaapkledij-hansop-jumpy-onesie-huispak-anti-uitkleed-kleding\/slaapzakken-in-grote-maten-tot-en-met-maat-xxl-kan-voor-alle-leeftijden-gebruikt-worden-smeergedrag-en-uitkleedgedrag-of-indien-er-geen-dekbed-of-laken-verdragen-wordt\/slaapzak-grote-maten-zonder-mouw-tussenseizoen-pastel-groen-kopie\/"]}]},{"@type":"ImageObject","inLanguage":"fr-FR","@id":"https:\/\/gozz4all.com\/slaapkledij-hansop-jumpy-onesie-huispak-anti-uitkleed-kleding\/slaapzakken-in-grote-maten-tot-en-met-maat-xxl-kan-voor-alle-leeftijden-gebruikt-worden-smeergedrag-en-uitkleedgedrag-of-indien-er-geen-dekbed-of-laken-verdragen-wordt\/slaapzak-grote-maten-zonder-mouw-tussenseizoen-pastel-groen-kopie\/#primaryimage","url":"https:\/\/gozz4all.com\/wp-content\/uploads\/2022\/09\/DSC_0653-scaled.jpg","contentUrl":"https:\/\/gozz4all.com\/wp-content\/uploads\/2022\/09\/DSC_0653-scaled.jpg","width":1707,"height":2560,"caption":"slaapzak-grote-maten-zonder-mouw"},{"@type":"BreadcrumbList","@id":"https:\/\/gozz4all.com\/slaapkledij-hansop-jumpy-onesie-huispak-anti-uitkleed-kleding\/slaapzakken-in-grote-maten-tot-en-met-maat-xxl-kan-voor-alle-leeftijden-gebruikt-worden-smeergedrag-en-uitkleedgedrag-of-indien-er-geen-dekbed-of-laken-verdragen-wordt\/slaapzak-grote-maten-zonder-mouw-tussenseizoen-pastel-groen-kopie\/#breadcrumb","itemListElement":[{"@type":"ListItem","position":1,"name":"Home","item":"https:\/\/gozz4all.com\/"},{"@type":"ListItem","position":2,"name":"Producten","item":"https:\/\/gozz4all.com\/shop\/"},{"@type":"ListItem","position":3,"name":"Slaapzak grote maten-zonder mouw-tussenseizoen-turquoise"}]},{"@type":"WebSite","@id":"https:\/\/gozz4all.com\/fr\/#website","url":"https:\/\/gozz4all.com\/fr\/","name":"Gozz4All","description":"Gozz4All","publisher":{"@id":"https:\/\/gozz4all.com\/fr\/#organization"},"potentialAction":[{"@type":"SearchAction","target":{"@type":"EntryPoint","urlTemplate":"https:\/\/gozz4all.com\/fr\/?s={search_term_string}"},"query-input":{"@type":"PropertyValueSpecification","valueRequired":true,"valueName":"search_term_string"}}],"inLanguage":"fr-FR"},{"@type":"Organization","@id":"https:\/\/gozz4all.com\/fr\/#organization","name":"Gozz4all","url":"https:\/\/gozz4all.com\/fr\/","logo":{"@type":"ImageObject","inLanguage":"fr-FR","@id":"https:\/\/gozz4all.com\/fr\/#\/schema\/logo\/image\/","url":"https:\/\/gozz4all.com\/wp-content\/uploads\/2020\/04\/Logo-ask-for-better-one.png","contentUrl":"https:\/\/gozz4all.com\/wp-content\/uploads\/2020\/04\/Logo-ask-for-better-one.png","width":146,"height":60,"caption":"Gozz4all"},"image":{"@id":"https:\/\/gozz4all.com\/fr\/#\/schema\/logo\/image\/"},"sameAs":["https:\/\/www.facebook.com\/gozz4all\/","https:\/\/www.instagram.com\/gozz4allfashion\/?hl=nl"]}]}},"_links":{"self":[{"href":"https:\/\/gozz4all.com\/fr\/wp-json\/wp\/v2\/product\/21064","targetHints":{"allow":["GET"]}}],"collection":[{"href":"https:\/\/gozz4all.com\/fr\/wp-json\/wp\/v2\/product"}],"about":[{"href":"https:\/\/gozz4all.com\/fr\/wp-json\/wp\/v2\/types\/product"}],"wp:featuredmedia":[{"embeddable":true,"href":"https:\/\/gozz4all.com\/fr\/wp-json\/wp\/v2\/media\/21001"}],"wp:attachment":[{"href":"https:\/\/gozz4all.com\/fr\/wp-json\/wp\/v2\/media?parent=21064"}],"wp:term":[{"taxonomy":"product_brand","embeddable":true,"href":"https:\/\/gozz4all.com\/fr\/wp-json\/wp\/v2\/product_brand?post=21064"},{"taxonomy":"product_cat","embeddable":true,"href":"https:\/\/gozz4all.com\/fr\/wp-json\/wp\/v2\/product_cat?post=21064"},{"taxonomy":"product_tag","embeddable":true,"href":"https:\/\/gozz4all.com\/fr\/wp-json\/wp\/v2\/product_tag?post=21064"}],"curies":[{"name":"wp","href":"https:\/\/api.w.org\/{rel}","templated":true}]}}