{"id":20196,"date":"2022-09-09T16:00:41","date_gmt":"2022-09-09T14:00:41","guid":{"rendered":"https:\/\/gozz4all.com\/?post_type=product&#038;p=20196"},"modified":"2024-06-12T12:07:41","modified_gmt":"2024-06-12T10:07:41","slug":"sonde-pads-mickey-button-pads-in-blik","status":"publish","type":"product","link":"https:\/\/gozz4all.com\/fr\/product\/sonde-pads-mickey-button-pads-in-blik\/","title":{"rendered":"Tampons de sonde - Tampons de bouton Mickey en fer blanc"},"content":{"rendered":"<p><strong>Des sondes pour capter l'humidit\u00e9.<br \/>\n<\/strong>Au lieu de jetables, vous trouverez ici des serviettes r\u00e9utilisables dans toutes sortes de designs amusants.<br \/>\n<span style=\"font-size: 16px; font-style: normal; font-weight: 400;\">Emball\u00e9 par 12 pi\u00e8ces dans une jolie bo\u00eete de rangement. De cette fa\u00e7on, ils restent toujours ensemble. Et il est super agr\u00e9able \u00e0 regarder !<\/span><\/p>\n<p><span style=\"font-size: 16px; font-style: normal; font-weight: 400;\">Il peut \u00eatre utilis\u00e9 avec : le bouton Mickey, le bouton G.<\/span><\/p>\n<p><strong>Options :<\/strong><br \/>\n- avec ou sans bouton pression<br \/>\n- 2 couches :\u00a0 <span style=\"font-size: 16px; font-style: normal; font-weight: 400;\">\u00a0<\/span><span style=\"font-size: 16px; font-style: normal; font-weight: 400;\">1 couche en coton 100% et une couche extra douce \u00e9galement en coton 100% pour minimiser les irritations de la peau.<br \/>\n<\/span><span style=\"font-size: 16px;\">- Ou 3 couches : <\/span>Avec 3 couches, il y a une couche de flanelle (100 coton %) au milieu qui est extra absorbante !<\/p>","protected":false},"excerpt":{"rendered":"<p>Sonde voeding pads om het vocht op te vangen.<\/p>\n<p>Au lieu de jetables, vous trouverez ici des serviettes r\u00e9utilisables dans toutes sortes de designs amusants.<\/p>\n<p>Er is keuze met of zonder drukknoop en\u00a0 2 laags of 3 laags.<\/p>\n<p>2 lagen is : 1 laag in 100 % katoen en een extra zachte laag ook in 100% katoen om de huid zo weinig mogelijk te irriteren.<\/p>\n<p>Avec 3 couches, il y a une couche de flanelle (100 coton %) au milieu qui est extra absorbante !<\/p>\n<p>Kan\u00a0 gebruikt worden bij : Mickey Button , G- Button<\/p>\n<p>Verpakt in een leuk opbergblik, zodat alles mooi bij elkaar blijft.<\/p>\n<p>&nbsp;<\/p>","protected":false},"featured_media":20201,"template":"","meta":[],"product_brand":[],"product_cat":[611,612,812,613,254],"product_tag":[624,625,626],"class_list":{"0":"post-20196","1":"product","2":"type-product","3":"status-publish","4":"has-post-thumbnail","6":"product_cat-kids","7":"product_cat-ouderen-dementie","8":"product_cat-sondepads","9":"product_cat-volwassenen","10":"product_cat-hulpmiddelen","11":"product_tag-sonde-pads","12":"product_tag-g-button","13":"product_tag-cover-mickey-button","14":"pa_model-jongen","15":"pa_model-meisje","16":"pa_model-man","17":"pa_model-vrouw","18":"pa_sluiting-drukknoop","19":"pa_sluiting-zonder-drukknoop","20":"pa_uitvoering-3-laags","21":"pa_uitvoering-2-laags","22":"pif-has-gallery","24":"first","25":"instock","26":"featured","27":"taxable","28":"shipping-taxable","29":"purchasable","30":"product-type-variable"},"yoast_head":"<!-- This site is optimized with the Yoast SEO plugin v27.2 - https:\/\/yoast.com\/product\/yoast-seo-wordpress\/ -->\n<title>Sonde pads-Mickey button pads in blik | Gozz4All<\/title>\n<meta name=\"description\" content=\"Sonde pads-G cover pads- Mickey button pads- In plaats van wegwerp vind U hier de herbruikbare pads in allerlei leuke uitvoeringen. Met of zonder drukknoop, 2-of 3 laags.\" \/>\n<meta name=\"robots\" content=\"index, follow, max-snippet:-1, max-image-preview:large, max-video-preview:-1\" \/>\n<link rel=\"canonical\" href=\"https:\/\/gozz4all.com\/fr\/produit\/sonde-pads-mickey-button-pads-in-blik\/\" \/>\n<meta property=\"og:locale\" content=\"fr_FR\" \/>\n<meta property=\"og:type\" content=\"article\" \/>\n<meta property=\"og:title\" content=\"Sonde pads-Mickey button pads in blik | Gozz4All\" \/>\n<meta property=\"og:description\" content=\"Sonde pads-G cover pads- Mickey button pads- In plaats van wegwerp vind U hier de herbruikbare pads in allerlei leuke uitvoeringen. Met of zonder drukknoop, 2-of 3 laags.\" \/>\n<meta property=\"og:url\" content=\"https:\/\/gozz4all.com\/fr\/produit\/sonde-pads-mickey-button-pads-in-blik\/\" \/>\n<meta property=\"og:site_name\" content=\"Gozz4All\" \/>\n<meta property=\"article:publisher\" content=\"https:\/\/www.facebook.com\/gozz4all\/\" \/>\n<meta property=\"article:modified_time\" content=\"2024-06-12T10:07:41+00:00\" \/>\n<meta property=\"og:image\" content=\"https:\/\/gozz4all.com\/wp-content\/uploads\/2022\/09\/Pads-1-met-blik-e1662734235780.png\" \/>\n\t<meta property=\"og:image:width\" content=\"1024\" \/>\n\t<meta property=\"og:image:height\" content=\"768\" \/>\n\t<meta property=\"og:image:type\" content=\"image\/png\" \/>\n<meta name=\"twitter:card\" content=\"summary_large_image\" \/>\n<meta name=\"twitter:label1\" content=\"Dur\u00e9e de lecture estim\u00e9e\" \/>\n\t<meta name=\"twitter:data1\" content=\"1 minute\" \/>\n<script type=\"application\/ld+json\" class=\"yoast-schema-graph\">{\"@context\":\"https:\/\/schema.org\",\"@graph\":[{\"@type\":\"WebPage\",\"@id\":\"https:\/\/gozz4all.com\/product\/sonde-pads-mickey-button-pads-in-blik\/\",\"url\":\"https:\/\/gozz4all.com\/product\/sonde-pads-mickey-button-pads-in-blik\/\",\"name\":\"Sonde pads-Mickey button pads in blik | Gozz4All\",\"isPartOf\":{\"@id\":\"https:\/\/gozz4all.com\/fr\/#website\"},\"primaryImageOfPage\":{\"@id\":\"https:\/\/gozz4all.com\/product\/sonde-pads-mickey-button-pads-in-blik\/#primaryimage\"},\"image\":{\"@id\":\"https:\/\/gozz4all.com\/product\/sonde-pads-mickey-button-pads-in-blik\/#primaryimage\"},\"thumbnailUrl\":\"https:\/\/gozz4all.com\/wp-content\/uploads\/2022\/09\/Pads-1-met-blik-e1662734235780.png\",\"datePublished\":\"2022-09-09T14:00:41+00:00\",\"dateModified\":\"2024-06-12T10:07:41+00:00\",\"description\":\"Sonde pads-G cover pads- Mickey button pads- In plaats van wegwerp vind U hier de herbruikbare pads in allerlei leuke uitvoeringen. Met of zonder drukknoop, 2-of 3 laags.\",\"breadcrumb\":{\"@id\":\"https:\/\/gozz4all.com\/product\/sonde-pads-mickey-button-pads-in-blik\/#breadcrumb\"},\"inLanguage\":\"fr-FR\",\"potentialAction\":[{\"@type\":\"ReadAction\",\"target\":[\"https:\/\/gozz4all.com\/product\/sonde-pads-mickey-button-pads-in-blik\/\"]}]},{\"@type\":\"ImageObject\",\"inLanguage\":\"fr-FR\",\"@id\":\"https:\/\/gozz4all.com\/product\/sonde-pads-mickey-button-pads-in-blik\/#primaryimage\",\"url\":\"https:\/\/gozz4all.com\/wp-content\/uploads\/2022\/09\/Pads-1-met-blik-e1662734235780.png\",\"contentUrl\":\"https:\/\/gozz4all.com\/wp-content\/uploads\/2022\/09\/Pads-1-met-blik-e1662734235780.png\",\"width\":1024,\"height\":768},{\"@type\":\"BreadcrumbList\",\"@id\":\"https:\/\/gozz4all.com\/product\/sonde-pads-mickey-button-pads-in-blik\/#breadcrumb\",\"itemListElement\":[{\"@type\":\"ListItem\",\"position\":1,\"name\":\"Home\",\"item\":\"https:\/\/gozz4all.com\/\"},{\"@type\":\"ListItem\",\"position\":2,\"name\":\"Producten\",\"item\":\"https:\/\/gozz4all.com\/shop\/\"},{\"@type\":\"ListItem\",\"position\":3,\"name\":\"Sonde pads-Mickey button pads in blik\"}]},{\"@type\":\"WebSite\",\"@id\":\"https:\/\/gozz4all.com\/fr\/#website\",\"url\":\"https:\/\/gozz4all.com\/fr\/\",\"name\":\"Gozz4All\",\"description\":\"Gozz4All\",\"publisher\":{\"@id\":\"https:\/\/gozz4all.com\/fr\/#organization\"},\"potentialAction\":[{\"@type\":\"SearchAction\",\"target\":{\"@type\":\"EntryPoint\",\"urlTemplate\":\"https:\/\/gozz4all.com\/fr\/?s={search_term_string}\"},\"query-input\":{\"@type\":\"PropertyValueSpecification\",\"valueRequired\":true,\"valueName\":\"search_term_string\"}}],\"inLanguage\":\"fr-FR\"},{\"@type\":\"Organization\",\"@id\":\"https:\/\/gozz4all.com\/fr\/#organization\",\"name\":\"Gozz4all\",\"url\":\"https:\/\/gozz4all.com\/fr\/\",\"logo\":{\"@type\":\"ImageObject\",\"inLanguage\":\"fr-FR\",\"@id\":\"https:\/\/gozz4all.com\/fr\/#\/schema\/logo\/image\/\",\"url\":\"https:\/\/gozz4all.com\/wp-content\/uploads\/2020\/04\/Logo-ask-for-better-one.png\",\"contentUrl\":\"https:\/\/gozz4all.com\/wp-content\/uploads\/2020\/04\/Logo-ask-for-better-one.png\",\"width\":146,\"height\":60,\"caption\":\"Gozz4all\"},\"image\":{\"@id\":\"https:\/\/gozz4all.com\/fr\/#\/schema\/logo\/image\/\"},\"sameAs\":[\"https:\/\/www.facebook.com\/gozz4all\/\",\"https:\/\/www.instagram.com\/gozz4allfashion\/?hl=nl\"]}]}<\/script>\n<!-- \/ Yoast SEO plugin. -->","yoast_head_json":{"title":"Sonde pads-Mickey button pads in blik | Gozz4All","description":"Sonde pads-G cover pads- Mickey button pads- In plaats van wegwerp vind U hier de herbruikbare pads in allerlei leuke uitvoeringen. Met of zonder drukknoop, 2-of 3 laags.","robots":{"index":"index","follow":"follow","max-snippet":"max-snippet:-1","max-image-preview":"max-image-preview:large","max-video-preview":"max-video-preview:-1"},"canonical":"https:\/\/gozz4all.com\/fr\/produit\/sonde-pads-mickey-button-pads-in-blik\/","og_locale":"fr_FR","og_type":"article","og_title":"Sonde pads-Mickey button pads in blik | Gozz4All","og_description":"Sonde pads-G cover pads- Mickey button pads- In plaats van wegwerp vind U hier de herbruikbare pads in allerlei leuke uitvoeringen. Met of zonder drukknoop, 2-of 3 laags.","og_url":"https:\/\/gozz4all.com\/fr\/produit\/sonde-pads-mickey-button-pads-in-blik\/","og_site_name":"Gozz4All","article_publisher":"https:\/\/www.facebook.com\/gozz4all\/","article_modified_time":"2024-06-12T10:07:41+00:00","og_image":[{"width":1024,"height":768,"url":"https:\/\/gozz4all.com\/wp-content\/uploads\/2022\/09\/Pads-1-met-blik-e1662734235780.png","type":"image\/png"}],"twitter_card":"summary_large_image","twitter_misc":{"Dur\u00e9e de lecture estim\u00e9e":"1 minute"},"schema":{"@context":"https:\/\/schema.org","@graph":[{"@type":"WebPage","@id":"https:\/\/gozz4all.com\/product\/sonde-pads-mickey-button-pads-in-blik\/","url":"https:\/\/gozz4all.com\/product\/sonde-pads-mickey-button-pads-in-blik\/","name":"Sonde pads-Mickey button pads in blik | Gozz4All","isPartOf":{"@id":"https:\/\/gozz4all.com\/fr\/#website"},"primaryImageOfPage":{"@id":"https:\/\/gozz4all.com\/product\/sonde-pads-mickey-button-pads-in-blik\/#primaryimage"},"image":{"@id":"https:\/\/gozz4all.com\/product\/sonde-pads-mickey-button-pads-in-blik\/#primaryimage"},"thumbnailUrl":"https:\/\/gozz4all.com\/wp-content\/uploads\/2022\/09\/Pads-1-met-blik-e1662734235780.png","datePublished":"2022-09-09T14:00:41+00:00","dateModified":"2024-06-12T10:07:41+00:00","description":"Sonde pads-G cover pads- Mickey button pads- In plaats van wegwerp vind U hier de herbruikbare pads in allerlei leuke uitvoeringen. Met of zonder drukknoop, 2-of 3 laags.","breadcrumb":{"@id":"https:\/\/gozz4all.com\/product\/sonde-pads-mickey-button-pads-in-blik\/#breadcrumb"},"inLanguage":"fr-FR","potentialAction":[{"@type":"ReadAction","target":["https:\/\/gozz4all.com\/product\/sonde-pads-mickey-button-pads-in-blik\/"]}]},{"@type":"ImageObject","inLanguage":"fr-FR","@id":"https:\/\/gozz4all.com\/product\/sonde-pads-mickey-button-pads-in-blik\/#primaryimage","url":"https:\/\/gozz4all.com\/wp-content\/uploads\/2022\/09\/Pads-1-met-blik-e1662734235780.png","contentUrl":"https:\/\/gozz4all.com\/wp-content\/uploads\/2022\/09\/Pads-1-met-blik-e1662734235780.png","width":1024,"height":768},{"@type":"BreadcrumbList","@id":"https:\/\/gozz4all.com\/product\/sonde-pads-mickey-button-pads-in-blik\/#breadcrumb","itemListElement":[{"@type":"ListItem","position":1,"name":"Home","item":"https:\/\/gozz4all.com\/"},{"@type":"ListItem","position":2,"name":"Producten","item":"https:\/\/gozz4all.com\/shop\/"},{"@type":"ListItem","position":3,"name":"Sonde pads-Mickey button pads in blik"}]},{"@type":"WebSite","@id":"https:\/\/gozz4all.com\/fr\/#website","url":"https:\/\/gozz4all.com\/fr\/","name":"Gozz4All","description":"Gozz4All","publisher":{"@id":"https:\/\/gozz4all.com\/fr\/#organization"},"potentialAction":[{"@type":"SearchAction","target":{"@type":"EntryPoint","urlTemplate":"https:\/\/gozz4all.com\/fr\/?s={search_term_string}"},"query-input":{"@type":"PropertyValueSpecification","valueRequired":true,"valueName":"search_term_string"}}],"inLanguage":"fr-FR"},{"@type":"Organization","@id":"https:\/\/gozz4all.com\/fr\/#organization","name":"Gozz4all","url":"https:\/\/gozz4all.com\/fr\/","logo":{"@type":"ImageObject","inLanguage":"fr-FR","@id":"https:\/\/gozz4all.com\/fr\/#\/schema\/logo\/image\/","url":"https:\/\/gozz4all.com\/wp-content\/uploads\/2020\/04\/Logo-ask-for-better-one.png","contentUrl":"https:\/\/gozz4all.com\/wp-content\/uploads\/2020\/04\/Logo-ask-for-better-one.png","width":146,"height":60,"caption":"Gozz4all"},"image":{"@id":"https:\/\/gozz4all.com\/fr\/#\/schema\/logo\/image\/"},"sameAs":["https:\/\/www.facebook.com\/gozz4all\/","https:\/\/www.instagram.com\/gozz4allfashion\/?hl=nl"]}]}},"_links":{"self":[{"href":"https:\/\/gozz4all.com\/fr\/wp-json\/wp\/v2\/product\/20196","targetHints":{"allow":["GET"]}}],"collection":[{"href":"https:\/\/gozz4all.com\/fr\/wp-json\/wp\/v2\/product"}],"about":[{"href":"https:\/\/gozz4all.com\/fr\/wp-json\/wp\/v2\/types\/product"}],"wp:featuredmedia":[{"embeddable":true,"href":"https:\/\/gozz4all.com\/fr\/wp-json\/wp\/v2\/media\/20201"}],"wp:attachment":[{"href":"https:\/\/gozz4all.com\/fr\/wp-json\/wp\/v2\/media?parent=20196"}],"wp:term":[{"taxonomy":"product_brand","embeddable":true,"href":"https:\/\/gozz4all.com\/fr\/wp-json\/wp\/v2\/product_brand?post=20196"},{"taxonomy":"product_cat","embeddable":true,"href":"https:\/\/gozz4all.com\/fr\/wp-json\/wp\/v2\/product_cat?post=20196"},{"taxonomy":"product_tag","embeddable":true,"href":"https:\/\/gozz4all.com\/fr\/wp-json\/wp\/v2\/product_tag?post=20196"}],"curies":[{"name":"wp","href":"https:\/\/api.w.org\/{rel}","templated":true}]}}