{"id":20110,"date":"2022-09-06T18:54:37","date_gmt":"2022-09-06T16:54:37","guid":{"rendered":"https:\/\/gozz4all.com\/?post_type=product&#038;p=20110"},"modified":"2022-09-21T14:15:05","modified_gmt":"2022-09-21T12:15:05","slug":"fixatieband-universeel-rolstoel-stoel","status":"publish","type":"product","link":"https:\/\/gozz4all.com\/fr\/product\/fixatieband-universeel-rolstoel-stoel\/","title":{"rendered":"Sangle de fixation pour fauteuil roulant universel"},"content":{"rendered":"<p>Cette sangle de fixation est sp\u00e9cialement con\u00e7ue pour les personnes qui ont des difficult\u00e9s \u00e0 rester droites dans leur fauteuil roulant ou leur chaise.\u00a0<span style=\"font-weight: 400;\">Le site <\/span><a href=\"https:\/\/gozz4all.com\/fr\/hulpmiddelen\/\"><span style=\"font-weight: 400;\">fixation <\/span><\/a><a href=\"https:\/\/gozz4all.com\/fr\/kleding\/\"><span style=\"font-weight: 400;\">v\u00eatements<\/span><\/a><span style=\"font-weight: 400;\"> pour les personnes handicap\u00e9es est \u00e9galement utilis\u00e9 pour les prot\u00e9ger en cas de fugue. <\/span><\/p>\n<p><span style=\"font-weight: 400;\">Le groupe <\/span><span style=\"font-weight: 400;\">vous fait vous sentir en s\u00e9curit\u00e9 et a un effet calmant. <\/span><span style=\"font-weight: 400;\">De plus, ces v\u00eatements pour personnes handicap\u00e9es sont disponibles dans des couleurs vari\u00e9es et \u00e0 la mode qui leur donnent un bel aspect ! La veste de fixation est lavable \u00e0 60\u00b0 et disponible en diff\u00e9rentes tailles. Vous cherchez <a href=\"https:\/\/gozz4all.com\/fr\/maatwerk-product-nodig\/\">sur mesure<\/a>? <a href=\"https:\/\/gozz4all.com\/fr\/contact\/\">Faites-nous savoir<\/a>.\u00a0 <\/span><\/p>\n<h2>Sangle de fixation<\/h2>\n<p>Ce dispositif permettra \u00e0 une personne de rester assise en toute s\u00e9curit\u00e9. <span style=\"font-weight: 400;\">Les v\u00eatements de contention pour les personnes handicap\u00e9es garantissent qu'elles ne peuvent pas faire de mouvements incontr\u00f4l\u00e9s. Cela \u00e9vite \u00e0 la personne de perdre l'\u00e9quilibre ou de se cogner lorsqu'elle se l\u00e8ve alors qu'elle n'a plus les capacit\u00e9s physiques ou psychologiques n\u00e9cessaires pour le faire.<\/span><\/p>\n<p>Cette sangle de fixation se ferme \u00e0 l'arri\u00e8re par une fermeture \u00e9clair. Elle peut \u00eatre attach\u00e9e en 3 points diff\u00e9rents, selon le fauteuil, la chaise roulante dans laquelle ils se trouvent. Il peut donc \u00eatre utilis\u00e9 sur ou dans plusieurs chaises.<\/p>\n<h2>Informations sur le produit<\/h2>\n<p>Ce produit est fabriqu\u00e9 \u00e0 partir d'un coton lourd et r\u00e9sistant. Veuillez noter qu'il ne s'agit pas d'un \u00e9tirement !<\/p>\n<ul>\n<li>Lavable \u00e0 60\u00b0.<\/li>\n<li>Sangle \u00e0 attacher autour du si\u00e8ge =<\/li>\n<li>Position 1 : 62,5 cm<\/li>\n<li>Position 2 : 56,5 cm<\/li>\n<li>Position 3 : 50,5 cm<\/li>\n<li>Disponible en diff\u00e9rentes tailles et couleurs<\/li>\n<\/ul>\n<p><strong>L'apparence est \u00e9galement agr\u00e9able gr\u00e2ce aux couleurs \u00e0 la mode. Peut \u00e9galement \u00eatre fabriqu\u00e9 en cordura\/anti-d\u00e9chirure.\u00a0<\/strong><strong>Si un dispositif anti-d\u00e9chirement est n\u00e9cessaire, ou tout autre ajustement, n'h\u00e9sitez pas \u00e0 envoyer un courriel pour plus d'informations \u00e0 info@gozz.be.<\/strong><\/p>\n<p>Utilis\u00e9 chez les personnes avec :<\/p>\n<ul>\n<li>Probl\u00e8mes physiques<\/li>\n<li>Probl\u00e8mes psychologiques<\/li>\n<li>L'envie de fuir<\/li>\n<li>Probl\u00e8mes d'\u00e9quilibre<\/li>\n<li>D\u00e9mence<\/li>\n<\/ul>\n<p>&nbsp;<\/p>","protected":false},"excerpt":{"rendered":"<p>Cette sangle de fixation est sp\u00e9cialement con\u00e7ue pour les personnes qui ont des difficult\u00e9s \u00e0 rester droites dans leur fauteuil roulant ou leur chaise.<\/p>\n<p>Il est \u00e9galement utilis\u00e9 pour prot\u00e9ger les personnes contre l'envie de fuir.<\/p>\n<p>Il donne un sentiment de s\u00e9curit\u00e9 et a un effet calmant.<\/p>\n<p>Ce dispositif permet \u00e0 une personne de rester assise en toute s\u00e9curit\u00e9, en l'emp\u00eachant de perdre l'\u00e9quilibre en raison de mouvements incontr\u00f4l\u00e9s ou de se blesser en essayant de quitter un si\u00e8ge\/chaise ou un fauteuil roulant alors qu'elle n'a plus les capacit\u00e9s physiques et mentales appropri\u00e9es pour le faire.<\/p>\n<p>Cette sangle de fixation se ferme \u00e0 l'arri\u00e8re par une fermeture \u00e9clair. Elle peut \u00eatre attach\u00e9e en 3 points diff\u00e9rents, selon le fauteuil, la chaise roulante dans laquelle ils se trouvent. Il peut donc \u00eatre utilis\u00e9 sur ou dans plusieurs chaises.<\/p>\n<p>Gemaakt uit een sterke zware Katoen. Dit is geen stretch!<\/p>\n<p><strong>Il est \u00e9galement agr\u00e9able dans les couleurs \u00e0 la mode. Peut \u00e9galement \u00eatre fabriqu\u00e9 en Cordura\/antid\u00e9chirure.<\/strong><\/p>\n<p><strong>Si un dispositif anti-d\u00e9chirement est n\u00e9cessaire, ou tout autre ajustement, n'h\u00e9sitez pas \u00e0 envoyer un courriel pour plus d'informations \u00e0 info@gozz.be.<\/strong><\/p>\n<p>Utilis\u00e9 sur des personnes avec :<\/p>\n<ul>\n<li>Probl\u00e8mes physiques<\/li>\n<li>Probl\u00e8mes psychologiques<\/li>\n<li>L'envie de fuir<\/li>\n<li>Probl\u00e8mes d'\u00e9quilibre<\/li>\n<li>D\u00e9mence<\/li>\n<\/ul>\n<p>Lavable \u00e0 60\u00b0.<\/p>\n<p>Sangle \u00e0 attacher autour du si\u00e8ge =<\/p>\n<p>Position 1 : 62,5 cm<\/p>\n<p>Position 2 : 56,5 cm<\/p>\n<p>Position 3 : 50,5 cm<\/p>\n<p>Disponible en diff\u00e9rentes tailles et couleurs.<\/p>","protected":false},"featured_media":20149,"template":"","meta":[],"product_brand":[],"product_cat":[611,612,613,709,445,254],"product_tag":[],"class_list":{"0":"post-20110","1":"product","2":"type-product","3":"status-publish","4":"has-post-thumbnail","6":"product_cat-kids","7":"product_cat-ouderen-dementie","8":"product_cat-volwassenen","9":"product_cat-fixatie","10":"product_cat-new","11":"product_cat-hulpmiddelen","12":"pa_maat-large","13":"pa_maat-146-152-2","14":"pa_maat-164-170-2","15":"pa_maat-176-182-2","16":"pa_maat-xl-2","17":"pa_maat-xxl-en","18":"pa_maat-134-140","19":"pa_maat-small","20":"pa_maat-medium","21":"pif-has-gallery","23":"first","24":"instock","25":"taxable","26":"shipping-taxable","27":"purchasable","28":"product-type-variable"},"yoast_head":"<!-- This site is optimized with the Yoast SEO plugin v27.2 - https:\/\/yoast.com\/product\/yoast-seo-wordpress\/ -->\n<title>Fixatieband universeel rolstoel-stoel | Gozz4All<\/title>\n<meta name=\"description\" content=\"fixatieband-universeel-rolstoel-stoel-Fysieke en psychische problemen-dementie-evenwicht problemen-wegloop drang-veiligheid-Gozz4all-universeel gebruik\" \/>\n<meta name=\"robots\" content=\"index, follow, max-snippet:-1, max-image-preview:large, max-video-preview:-1\" \/>\n<link rel=\"canonical\" href=\"https:\/\/gozz4all.com\/fr\/volwassenen\/fixatieband-universeel-rolstoel-stoel\/\" \/>\n<meta property=\"og:locale\" content=\"fr_FR\" \/>\n<meta property=\"og:type\" content=\"article\" \/>\n<meta property=\"og:title\" content=\"Fixatieband universeel rolstoel-stoel | Gozz4All\" \/>\n<meta property=\"og:description\" content=\"fixatieband-universeel-rolstoel-stoel-Fysieke en psychische problemen-dementie-evenwicht problemen-wegloop drang-veiligheid-Gozz4all-universeel gebruik\" \/>\n<meta property=\"og:url\" content=\"https:\/\/gozz4all.com\/fr\/volwassenen\/fixatieband-universeel-rolstoel-stoel\/\" \/>\n<meta property=\"og:site_name\" content=\"Gozz4All\" \/>\n<meta property=\"article:publisher\" content=\"https:\/\/www.facebook.com\/gozz4all\/\" \/>\n<meta property=\"article:modified_time\" content=\"2022-09-21T12:15:05+00:00\" \/>\n<meta property=\"og:image\" content=\"https:\/\/gozz4all.com\/wp-content\/uploads\/2022\/09\/DSC_0076-scaled.jpg\" \/>\n\t<meta property=\"og:image:width\" content=\"2560\" \/>\n\t<meta property=\"og:image:height\" content=\"1707\" \/>\n\t<meta property=\"og:image:type\" content=\"image\/jpeg\" \/>\n<meta name=\"twitter:card\" content=\"summary_large_image\" \/>\n<meta name=\"twitter:label1\" content=\"Dur\u00e9e de lecture estim\u00e9e\" \/>\n\t<meta name=\"twitter:data1\" content=\"1 minute\" \/>\n<script type=\"application\/ld+json\" class=\"yoast-schema-graph\">{\"@context\":\"https:\/\/schema.org\",\"@graph\":[{\"@type\":\"WebPage\",\"@id\":\"https:\/\/gozz4all.com\/volwassenen\/fixatieband-universeel-rolstoel-stoel\/\",\"url\":\"https:\/\/gozz4all.com\/volwassenen\/fixatieband-universeel-rolstoel-stoel\/\",\"name\":\"Fixatieband universeel rolstoel-stoel | Gozz4All\",\"isPartOf\":{\"@id\":\"https:\/\/gozz4all.com\/fr\/#website\"},\"primaryImageOfPage\":{\"@id\":\"https:\/\/gozz4all.com\/volwassenen\/fixatieband-universeel-rolstoel-stoel\/#primaryimage\"},\"image\":{\"@id\":\"https:\/\/gozz4all.com\/volwassenen\/fixatieband-universeel-rolstoel-stoel\/#primaryimage\"},\"thumbnailUrl\":\"https:\/\/gozz4all.com\/wp-content\/uploads\/2022\/09\/DSC_0076-scaled.jpg\",\"datePublished\":\"2022-09-06T16:54:37+00:00\",\"dateModified\":\"2022-09-21T12:15:05+00:00\",\"description\":\"fixatieband-universeel-rolstoel-stoel-Fysieke en psychische problemen-dementie-evenwicht problemen-wegloop drang-veiligheid-Gozz4all-universeel gebruik\",\"breadcrumb\":{\"@id\":\"https:\/\/gozz4all.com\/volwassenen\/fixatieband-universeel-rolstoel-stoel\/#breadcrumb\"},\"inLanguage\":\"fr-FR\",\"potentialAction\":[{\"@type\":\"ReadAction\",\"target\":[\"https:\/\/gozz4all.com\/volwassenen\/fixatieband-universeel-rolstoel-stoel\/\"]}]},{\"@type\":\"ImageObject\",\"inLanguage\":\"fr-FR\",\"@id\":\"https:\/\/gozz4all.com\/volwassenen\/fixatieband-universeel-rolstoel-stoel\/#primaryimage\",\"url\":\"https:\/\/gozz4all.com\/wp-content\/uploads\/2022\/09\/DSC_0076-scaled.jpg\",\"contentUrl\":\"https:\/\/gozz4all.com\/wp-content\/uploads\/2022\/09\/DSC_0076-scaled.jpg\",\"width\":2560,\"height\":1707},{\"@type\":\"BreadcrumbList\",\"@id\":\"https:\/\/gozz4all.com\/volwassenen\/fixatieband-universeel-rolstoel-stoel\/#breadcrumb\",\"itemListElement\":[{\"@type\":\"ListItem\",\"position\":1,\"name\":\"Home\",\"item\":\"https:\/\/gozz4all.com\/\"},{\"@type\":\"ListItem\",\"position\":2,\"name\":\"Producten\",\"item\":\"https:\/\/gozz4all.com\/shop\/\"},{\"@type\":\"ListItem\",\"position\":3,\"name\":\"Fixatieband universeel rolstoel-stoel\"}]},{\"@type\":\"WebSite\",\"@id\":\"https:\/\/gozz4all.com\/fr\/#website\",\"url\":\"https:\/\/gozz4all.com\/fr\/\",\"name\":\"Gozz4All\",\"description\":\"Gozz4All\",\"publisher\":{\"@id\":\"https:\/\/gozz4all.com\/fr\/#organization\"},\"potentialAction\":[{\"@type\":\"SearchAction\",\"target\":{\"@type\":\"EntryPoint\",\"urlTemplate\":\"https:\/\/gozz4all.com\/fr\/?s={search_term_string}\"},\"query-input\":{\"@type\":\"PropertyValueSpecification\",\"valueRequired\":true,\"valueName\":\"search_term_string\"}}],\"inLanguage\":\"fr-FR\"},{\"@type\":\"Organization\",\"@id\":\"https:\/\/gozz4all.com\/fr\/#organization\",\"name\":\"Gozz4all\",\"url\":\"https:\/\/gozz4all.com\/fr\/\",\"logo\":{\"@type\":\"ImageObject\",\"inLanguage\":\"fr-FR\",\"@id\":\"https:\/\/gozz4all.com\/fr\/#\/schema\/logo\/image\/\",\"url\":\"https:\/\/gozz4all.com\/wp-content\/uploads\/2020\/04\/Logo-ask-for-better-one.png\",\"contentUrl\":\"https:\/\/gozz4all.com\/wp-content\/uploads\/2020\/04\/Logo-ask-for-better-one.png\",\"width\":146,\"height\":60,\"caption\":\"Gozz4all\"},\"image\":{\"@id\":\"https:\/\/gozz4all.com\/fr\/#\/schema\/logo\/image\/\"},\"sameAs\":[\"https:\/\/www.facebook.com\/gozz4all\/\",\"https:\/\/www.instagram.com\/gozz4allfashion\/?hl=nl\"]}]}<\/script>\n<!-- \/ Yoast SEO plugin. -->","yoast_head_json":{"title":"Fixatieband universeel rolstoel-stoel | Gozz4All","description":"fixatieband-universeel-rolstoel-stoel-Fysieke en psychische problemen-dementie-evenwicht problemen-wegloop drang-veiligheid-Gozz4all-universeel gebruik","robots":{"index":"index","follow":"follow","max-snippet":"max-snippet:-1","max-image-preview":"max-image-preview:large","max-video-preview":"max-video-preview:-1"},"canonical":"https:\/\/gozz4all.com\/fr\/volwassenen\/fixatieband-universeel-rolstoel-stoel\/","og_locale":"fr_FR","og_type":"article","og_title":"Fixatieband universeel rolstoel-stoel | Gozz4All","og_description":"fixatieband-universeel-rolstoel-stoel-Fysieke en psychische problemen-dementie-evenwicht problemen-wegloop drang-veiligheid-Gozz4all-universeel gebruik","og_url":"https:\/\/gozz4all.com\/fr\/volwassenen\/fixatieband-universeel-rolstoel-stoel\/","og_site_name":"Gozz4All","article_publisher":"https:\/\/www.facebook.com\/gozz4all\/","article_modified_time":"2022-09-21T12:15:05+00:00","og_image":[{"width":2560,"height":1707,"url":"https:\/\/gozz4all.com\/wp-content\/uploads\/2022\/09\/DSC_0076-scaled.jpg","type":"image\/jpeg"}],"twitter_card":"summary_large_image","twitter_misc":{"Dur\u00e9e de lecture estim\u00e9e":"1 minute"},"schema":{"@context":"https:\/\/schema.org","@graph":[{"@type":"WebPage","@id":"https:\/\/gozz4all.com\/volwassenen\/fixatieband-universeel-rolstoel-stoel\/","url":"https:\/\/gozz4all.com\/volwassenen\/fixatieband-universeel-rolstoel-stoel\/","name":"Fixatieband universeel rolstoel-stoel | Gozz4All","isPartOf":{"@id":"https:\/\/gozz4all.com\/fr\/#website"},"primaryImageOfPage":{"@id":"https:\/\/gozz4all.com\/volwassenen\/fixatieband-universeel-rolstoel-stoel\/#primaryimage"},"image":{"@id":"https:\/\/gozz4all.com\/volwassenen\/fixatieband-universeel-rolstoel-stoel\/#primaryimage"},"thumbnailUrl":"https:\/\/gozz4all.com\/wp-content\/uploads\/2022\/09\/DSC_0076-scaled.jpg","datePublished":"2022-09-06T16:54:37+00:00","dateModified":"2022-09-21T12:15:05+00:00","description":"fixatieband-universeel-rolstoel-stoel-Fysieke en psychische problemen-dementie-evenwicht problemen-wegloop drang-veiligheid-Gozz4all-universeel gebruik","breadcrumb":{"@id":"https:\/\/gozz4all.com\/volwassenen\/fixatieband-universeel-rolstoel-stoel\/#breadcrumb"},"inLanguage":"fr-FR","potentialAction":[{"@type":"ReadAction","target":["https:\/\/gozz4all.com\/volwassenen\/fixatieband-universeel-rolstoel-stoel\/"]}]},{"@type":"ImageObject","inLanguage":"fr-FR","@id":"https:\/\/gozz4all.com\/volwassenen\/fixatieband-universeel-rolstoel-stoel\/#primaryimage","url":"https:\/\/gozz4all.com\/wp-content\/uploads\/2022\/09\/DSC_0076-scaled.jpg","contentUrl":"https:\/\/gozz4all.com\/wp-content\/uploads\/2022\/09\/DSC_0076-scaled.jpg","width":2560,"height":1707},{"@type":"BreadcrumbList","@id":"https:\/\/gozz4all.com\/volwassenen\/fixatieband-universeel-rolstoel-stoel\/#breadcrumb","itemListElement":[{"@type":"ListItem","position":1,"name":"Home","item":"https:\/\/gozz4all.com\/"},{"@type":"ListItem","position":2,"name":"Producten","item":"https:\/\/gozz4all.com\/shop\/"},{"@type":"ListItem","position":3,"name":"Fixatieband universeel rolstoel-stoel"}]},{"@type":"WebSite","@id":"https:\/\/gozz4all.com\/fr\/#website","url":"https:\/\/gozz4all.com\/fr\/","name":"Gozz4All","description":"Gozz4All","publisher":{"@id":"https:\/\/gozz4all.com\/fr\/#organization"},"potentialAction":[{"@type":"SearchAction","target":{"@type":"EntryPoint","urlTemplate":"https:\/\/gozz4all.com\/fr\/?s={search_term_string}"},"query-input":{"@type":"PropertyValueSpecification","valueRequired":true,"valueName":"search_term_string"}}],"inLanguage":"fr-FR"},{"@type":"Organization","@id":"https:\/\/gozz4all.com\/fr\/#organization","name":"Gozz4all","url":"https:\/\/gozz4all.com\/fr\/","logo":{"@type":"ImageObject","inLanguage":"fr-FR","@id":"https:\/\/gozz4all.com\/fr\/#\/schema\/logo\/image\/","url":"https:\/\/gozz4all.com\/wp-content\/uploads\/2020\/04\/Logo-ask-for-better-one.png","contentUrl":"https:\/\/gozz4all.com\/wp-content\/uploads\/2020\/04\/Logo-ask-for-better-one.png","width":146,"height":60,"caption":"Gozz4all"},"image":{"@id":"https:\/\/gozz4all.com\/fr\/#\/schema\/logo\/image\/"},"sameAs":["https:\/\/www.facebook.com\/gozz4all\/","https:\/\/www.instagram.com\/gozz4allfashion\/?hl=nl"]}]}},"_links":{"self":[{"href":"https:\/\/gozz4all.com\/fr\/wp-json\/wp\/v2\/product\/20110","targetHints":{"allow":["GET"]}}],"collection":[{"href":"https:\/\/gozz4all.com\/fr\/wp-json\/wp\/v2\/product"}],"about":[{"href":"https:\/\/gozz4all.com\/fr\/wp-json\/wp\/v2\/types\/product"}],"wp:featuredmedia":[{"embeddable":true,"href":"https:\/\/gozz4all.com\/fr\/wp-json\/wp\/v2\/media\/20149"}],"wp:attachment":[{"href":"https:\/\/gozz4all.com\/fr\/wp-json\/wp\/v2\/media?parent=20110"}],"wp:term":[{"taxonomy":"product_brand","embeddable":true,"href":"https:\/\/gozz4all.com\/fr\/wp-json\/wp\/v2\/product_brand?post=20110"},{"taxonomy":"product_cat","embeddable":true,"href":"https:\/\/gozz4all.com\/fr\/wp-json\/wp\/v2\/product_cat?post=20110"},{"taxonomy":"product_tag","embeddable":true,"href":"https:\/\/gozz4all.com\/fr\/wp-json\/wp\/v2\/product_tag?post=20110"}],"curies":[{"name":"wp","href":"https:\/\/api.w.org\/{rel}","templated":true}]}}