{"id":20031,"date":"2022-09-06T17:00:32","date_gmt":"2022-09-06T15:00:32","guid":{"rendered":"https:\/\/gozz4all.com\/?post_type=product&#038;p=20031"},"modified":"2022-09-21T14:15:12","modified_gmt":"2022-09-21T12:15:12","slug":"fixatie-vest-stoel-universeel-fysieke-en-psychische-problemen-dementie-evenwicht-problemen-wegloop-drang-veiligheid","status":"publish","type":"product","link":"https:\/\/gozz4all.com\/fr\/product\/fixatie-vest-stoel-universeel-fysieke-en-psychische-problemen-dementie-evenwicht-problemen-wegloop-drang-veiligheid\/","title":{"rendered":"Gilet de fixation universel"},"content":{"rendered":"<p>Ce gilet de retenue est sp\u00e9cialement con\u00e7u pour les personnes qui ont des difficult\u00e9s \u00e0 s'asseoir en position verticale dans un fauteuil roulant ou sur une chaise. Il est \u00e9galement utilis\u00e9 pour prot\u00e9ger les personnes qui ont l'envie de s'enfuir. Il procure un sentiment de s\u00e9curit\u00e9 et a un effet calmant. Ce dispositif de retenue permet \u00e0 une personne de rester assise en toute s\u00e9curit\u00e9, en l'emp\u00eachant de perdre l'\u00e9quilibre en raison de mouvements incontr\u00f4l\u00e9s ou de se blesser en essayant de quitter la chaise ou le fauteuil roulant alors qu'elle n'a plus les capacit\u00e9s physiques et mentales appropri\u00e9es.<\/p>\n<p>Ce gilet \/ T-shirt de fixation s'enfile sur la t\u00eate comme un T-shirt et y ressemble \u00e9galement. Ce v\u00eatement de fixation se ferme \u00e0 l'arri\u00e8re par une fermeture \u00e9clair et peut \u00eatre attach\u00e9 en 3 points diff\u00e9rents, en fonction de la chaise, du fauteuil roulant dans lequel ils sont assis. Il peut donc \u00eatre utilis\u00e9 sur ou dans plusieurs chaises.<\/p>\n<p>Le produit est fabriqu\u00e9 dans un tissu Jersey r\u00e9sistant, qui s'\u00e9tire \u00e9galement avec le corps, permettant ainsi des mouvements limit\u00e9s.<\/p>\n<p><strong>Il est \u00e9galement agr\u00e9able dans les couleurs \u00e0 la mode. Le T-shirt de fixation peut \u00e9galement \u00eatre r\u00e9alis\u00e9 en Cordura\/antid\u00e9chirure. <\/strong><strong>Si un dispositif anti-d\u00e9chirement est n\u00e9cessaire, ou tout autre ajustement, n'h\u00e9sitez pas \u00e0 envoyer un courriel pour plus d'informations \u00e0 info@gozz.be.<\/strong><\/p>\n<p>Utilis\u00e9 chez les personnes avec :<\/p>\n<ul>\n<li>Probl\u00e8mes physiques<\/li>\n<li>Probl\u00e8mes psychologiques<\/li>\n<li>L'envie de fuir<\/li>\n<li>Probl\u00e8mes d'\u00e9quilibre<\/li>\n<li>D\u00e9mence<\/li>\n<\/ul>\n<h2>Sp\u00e9cifications<\/h2>\n<ul>\n<li>Lavable \u00e0 60\u00b0.<\/li>\n<li>Sangle \u00e0 attacher autour du si\u00e8ge =<\/li>\n<li>Position 1 : 62,5 cm<\/li>\n<li>Position 2 : 56,5 cm<\/li>\n<li>Position 3 : 50,5 cm<\/li>\n<li>Disponible en diff\u00e9rentes tailles et couleurs<\/li>\n<\/ul>","protected":false},"excerpt":{"rendered":"<p>Ce gilet de retenue est sp\u00e9cialement con\u00e7u pour les personnes qui ont des difficult\u00e9s \u00e0 s'asseoir en position verticale dans un fauteuil roulant ou sur une chaise.<\/p>\n<p>Teven wordt deze ook gebruikt om personen te beschermen bij wegloop drang.<\/p>\n<p>Il donne un sentiment de s\u00e9curit\u00e9 et a un effet calmant.<\/p>\n<p>Ce dispositif permet \u00e0 une personne de rester assise en toute s\u00e9curit\u00e9, en l'emp\u00eachant de perdre l'\u00e9quilibre en raison de mouvements incontr\u00f4l\u00e9s ou de se blesser en essayant de quitter un si\u00e8ge\/chaise ou un fauteuil roulant alors qu'elle n'a plus les capacit\u00e9s physiques et mentales appropri\u00e9es pour le faire.<\/p>\n<p>Dit vestje &#8211; T-shirt, wordt aangedaan over het hoofd zoals een T-shirt en ziet er ook zo uit.<\/p>\n<p>Ce gilet de fixation se ferme \u00e0 l'arri\u00e8re par une fermeture \u00e9clair. Il peut \u00eatre fix\u00e9 en 3 points diff\u00e9rents, en fonction de la chaise, du fauteuil roulant dans lequel ils sont assis. Il peut donc \u00eatre utilis\u00e9 sur ou dans plusieurs chaises.<\/p>\n<p>Fabriqu\u00e9 dans un tissu jersey r\u00e9sistant, qui s'\u00e9tire \u00e9galement avec le corps et permet donc des mouvements limit\u00e9s.<\/p>\n<p>Ziet er ook nog leuk uit in modieuze kleuren.<\/p>\n<p><strong>Kan ook gemaakt worden in Cordura\/anti-scheur.<\/strong><\/p>\n<p><strong>Si un dispositif anti-d\u00e9chirement est n\u00e9cessaire, ou tout autre ajustement, n'h\u00e9sitez pas \u00e0 envoyer un courriel pour plus d'informations \u00e0 info@gozz.be.<\/strong><\/p>\n<p>Utilis\u00e9 sur des personnes avec :<\/p>\n<ul>\n<li>Probl\u00e8mes physiques<\/li>\n<li>Probl\u00e8mes psychologiques<\/li>\n<li>L'envie de fuir<\/li>\n<li>Probl\u00e8mes d'\u00e9quilibre<\/li>\n<li>D\u00e9mence<\/li>\n<\/ul>\n<p>Lavable \u00e0 60\u00b0.<\/p>\n<p>Sangle \u00e0 attacher autour du si\u00e8ge =<\/p>\n<p>Position 1 : 62,5 cm<\/p>\n<p>Position 2 : 56,5 cm<\/p>\n<p>Position 3 : 50,5 cm<\/p>\n<p>Disponible en diff\u00e9rentes tailles et couleurs.<\/p>","protected":false},"featured_media":20106,"template":"","meta":[],"product_brand":[],"product_cat":[709,611,612,613,445,254],"product_tag":[],"class_list":{"0":"post-20031","1":"product","2":"type-product","3":"status-publish","4":"has-post-thumbnail","6":"product_cat-fixatie","7":"product_cat-kids","8":"product_cat-ouderen-dementie","9":"product_cat-volwassenen","10":"product_cat-new","11":"product_cat-hulpmiddelen","12":"pa_kleur-oker-choco","13":"pa_kleur-brique-oker","14":"pa_kleur-felgroen-donkermint","15":"pa_kleur-appelgroen-donkergroen","16":"pa_maat-134-140","17":"pa_maat-small","18":"pa_maat-medium","19":"pa_maat-large","20":"pa_maat-146-152-2","21":"pa_maat-164-170-2","22":"pa_maat-176-182-2","23":"pa_maat-xl-2","24":"pa_maat-xxl-en","25":"pif-has-gallery","27":"first","28":"instock","29":"taxable","30":"shipping-taxable","31":"purchasable","32":"product-type-variable"},"yoast_head":"<!-- This site is optimized with the Yoast SEO plugin v27.2 - https:\/\/yoast.com\/product\/yoast-seo-wordpress\/ -->\n<title>Fixatie vest universeel | Gozz4All<\/title>\n<meta name=\"description\" content=\"fixatie-vest-stoel-Universeel- Fysieke en psychische problemen-dementie-evenwicht problemen-wegloop drang-veiligheid-Gozz4all-universeel gebruik\" \/>\n<meta name=\"robots\" content=\"index, follow, max-snippet:-1, max-image-preview:large, max-video-preview:-1\" \/>\n<link rel=\"canonical\" href=\"https:\/\/gozz4all.com\/fr\/volwassenen\/fixatie-vest-stoel-universeel-fysieke-en-psychische-problemen-dementie-evenwicht-problemen-wegloop-drang-veiligheid\/\" \/>\n<meta property=\"og:locale\" content=\"fr_FR\" \/>\n<meta property=\"og:type\" content=\"article\" \/>\n<meta property=\"og:title\" content=\"Fixatie vest universeel | Gozz4All\" \/>\n<meta property=\"og:description\" content=\"fixatie-vest-stoel-Universeel- Fysieke en psychische problemen-dementie-evenwicht problemen-wegloop drang-veiligheid-Gozz4all-universeel gebruik\" \/>\n<meta property=\"og:url\" content=\"https:\/\/gozz4all.com\/fr\/volwassenen\/fixatie-vest-stoel-universeel-fysieke-en-psychische-problemen-dementie-evenwicht-problemen-wegloop-drang-veiligheid\/\" \/>\n<meta property=\"og:site_name\" content=\"Gozz4All\" \/>\n<meta property=\"article:publisher\" content=\"https:\/\/www.facebook.com\/gozz4all\/\" \/>\n<meta property=\"article:modified_time\" content=\"2022-09-21T12:15:12+00:00\" \/>\n<meta property=\"og:image\" content=\"https:\/\/gozz4all.com\/wp-content\/uploads\/2022\/09\/DSC_0909-scaled.jpg\" \/>\n\t<meta property=\"og:image:width\" content=\"2560\" \/>\n\t<meta property=\"og:image:height\" content=\"1707\" \/>\n\t<meta property=\"og:image:type\" content=\"image\/jpeg\" \/>\n<meta name=\"twitter:card\" content=\"summary_large_image\" \/>\n<meta name=\"twitter:label1\" content=\"Dur\u00e9e de lecture estim\u00e9e\" \/>\n\t<meta name=\"twitter:data1\" content=\"1 minute\" \/>\n<script type=\"application\/ld+json\" class=\"yoast-schema-graph\">{\"@context\":\"https:\/\/schema.org\",\"@graph\":[{\"@type\":\"WebPage\",\"@id\":\"https:\/\/gozz4all.com\/volwassenen\/fixatie-vest-stoel-universeel-fysieke-en-psychische-problemen-dementie-evenwicht-problemen-wegloop-drang-veiligheid\/\",\"url\":\"https:\/\/gozz4all.com\/volwassenen\/fixatie-vest-stoel-universeel-fysieke-en-psychische-problemen-dementie-evenwicht-problemen-wegloop-drang-veiligheid\/\",\"name\":\"Fixatie vest universeel | Gozz4All\",\"isPartOf\":{\"@id\":\"https:\/\/gozz4all.com\/fr\/#website\"},\"primaryImageOfPage\":{\"@id\":\"https:\/\/gozz4all.com\/volwassenen\/fixatie-vest-stoel-universeel-fysieke-en-psychische-problemen-dementie-evenwicht-problemen-wegloop-drang-veiligheid\/#primaryimage\"},\"image\":{\"@id\":\"https:\/\/gozz4all.com\/volwassenen\/fixatie-vest-stoel-universeel-fysieke-en-psychische-problemen-dementie-evenwicht-problemen-wegloop-drang-veiligheid\/#primaryimage\"},\"thumbnailUrl\":\"https:\/\/gozz4all.com\/wp-content\/uploads\/2022\/09\/DSC_0909-scaled.jpg\",\"datePublished\":\"2022-09-06T15:00:32+00:00\",\"dateModified\":\"2022-09-21T12:15:12+00:00\",\"description\":\"fixatie-vest-stoel-Universeel- Fysieke en psychische problemen-dementie-evenwicht problemen-wegloop drang-veiligheid-Gozz4all-universeel gebruik\",\"breadcrumb\":{\"@id\":\"https:\/\/gozz4all.com\/volwassenen\/fixatie-vest-stoel-universeel-fysieke-en-psychische-problemen-dementie-evenwicht-problemen-wegloop-drang-veiligheid\/#breadcrumb\"},\"inLanguage\":\"fr-FR\",\"potentialAction\":[{\"@type\":\"ReadAction\",\"target\":[\"https:\/\/gozz4all.com\/volwassenen\/fixatie-vest-stoel-universeel-fysieke-en-psychische-problemen-dementie-evenwicht-problemen-wegloop-drang-veiligheid\/\"]}]},{\"@type\":\"ImageObject\",\"inLanguage\":\"fr-FR\",\"@id\":\"https:\/\/gozz4all.com\/volwassenen\/fixatie-vest-stoel-universeel-fysieke-en-psychische-problemen-dementie-evenwicht-problemen-wegloop-drang-veiligheid\/#primaryimage\",\"url\":\"https:\/\/gozz4all.com\/wp-content\/uploads\/2022\/09\/DSC_0909-scaled.jpg\",\"contentUrl\":\"https:\/\/gozz4all.com\/wp-content\/uploads\/2022\/09\/DSC_0909-scaled.jpg\",\"width\":2560,\"height\":1707},{\"@type\":\"BreadcrumbList\",\"@id\":\"https:\/\/gozz4all.com\/volwassenen\/fixatie-vest-stoel-universeel-fysieke-en-psychische-problemen-dementie-evenwicht-problemen-wegloop-drang-veiligheid\/#breadcrumb\",\"itemListElement\":[{\"@type\":\"ListItem\",\"position\":1,\"name\":\"Home\",\"item\":\"https:\/\/gozz4all.com\/\"},{\"@type\":\"ListItem\",\"position\":2,\"name\":\"Producten\",\"item\":\"https:\/\/gozz4all.com\/shop\/\"},{\"@type\":\"ListItem\",\"position\":3,\"name\":\"Fixatie vest universeel\"}]},{\"@type\":\"WebSite\",\"@id\":\"https:\/\/gozz4all.com\/fr\/#website\",\"url\":\"https:\/\/gozz4all.com\/fr\/\",\"name\":\"Gozz4All\",\"description\":\"Gozz4All\",\"publisher\":{\"@id\":\"https:\/\/gozz4all.com\/fr\/#organization\"},\"potentialAction\":[{\"@type\":\"SearchAction\",\"target\":{\"@type\":\"EntryPoint\",\"urlTemplate\":\"https:\/\/gozz4all.com\/fr\/?s={search_term_string}\"},\"query-input\":{\"@type\":\"PropertyValueSpecification\",\"valueRequired\":true,\"valueName\":\"search_term_string\"}}],\"inLanguage\":\"fr-FR\"},{\"@type\":\"Organization\",\"@id\":\"https:\/\/gozz4all.com\/fr\/#organization\",\"name\":\"Gozz4all\",\"url\":\"https:\/\/gozz4all.com\/fr\/\",\"logo\":{\"@type\":\"ImageObject\",\"inLanguage\":\"fr-FR\",\"@id\":\"https:\/\/gozz4all.com\/fr\/#\/schema\/logo\/image\/\",\"url\":\"https:\/\/gozz4all.com\/wp-content\/uploads\/2020\/04\/Logo-ask-for-better-one.png\",\"contentUrl\":\"https:\/\/gozz4all.com\/wp-content\/uploads\/2020\/04\/Logo-ask-for-better-one.png\",\"width\":146,\"height\":60,\"caption\":\"Gozz4all\"},\"image\":{\"@id\":\"https:\/\/gozz4all.com\/fr\/#\/schema\/logo\/image\/\"},\"sameAs\":[\"https:\/\/www.facebook.com\/gozz4all\/\",\"https:\/\/www.instagram.com\/gozz4allfashion\/?hl=nl\"]}]}<\/script>\n<!-- \/ Yoast SEO plugin. -->","yoast_head_json":{"title":"Fixatie vest universeel | Gozz4All","description":"fixatie-vest-stoel-Universeel- Fysieke en psychische problemen-dementie-evenwicht problemen-wegloop drang-veiligheid-Gozz4all-universeel gebruik","robots":{"index":"index","follow":"follow","max-snippet":"max-snippet:-1","max-image-preview":"max-image-preview:large","max-video-preview":"max-video-preview:-1"},"canonical":"https:\/\/gozz4all.com\/fr\/volwassenen\/fixatie-vest-stoel-universeel-fysieke-en-psychische-problemen-dementie-evenwicht-problemen-wegloop-drang-veiligheid\/","og_locale":"fr_FR","og_type":"article","og_title":"Fixatie vest universeel | Gozz4All","og_description":"fixatie-vest-stoel-Universeel- Fysieke en psychische problemen-dementie-evenwicht problemen-wegloop drang-veiligheid-Gozz4all-universeel gebruik","og_url":"https:\/\/gozz4all.com\/fr\/volwassenen\/fixatie-vest-stoel-universeel-fysieke-en-psychische-problemen-dementie-evenwicht-problemen-wegloop-drang-veiligheid\/","og_site_name":"Gozz4All","article_publisher":"https:\/\/www.facebook.com\/gozz4all\/","article_modified_time":"2022-09-21T12:15:12+00:00","og_image":[{"width":2560,"height":1707,"url":"https:\/\/gozz4all.com\/wp-content\/uploads\/2022\/09\/DSC_0909-scaled.jpg","type":"image\/jpeg"}],"twitter_card":"summary_large_image","twitter_misc":{"Dur\u00e9e de lecture estim\u00e9e":"1 minute"},"schema":{"@context":"https:\/\/schema.org","@graph":[{"@type":"WebPage","@id":"https:\/\/gozz4all.com\/volwassenen\/fixatie-vest-stoel-universeel-fysieke-en-psychische-problemen-dementie-evenwicht-problemen-wegloop-drang-veiligheid\/","url":"https:\/\/gozz4all.com\/volwassenen\/fixatie-vest-stoel-universeel-fysieke-en-psychische-problemen-dementie-evenwicht-problemen-wegloop-drang-veiligheid\/","name":"Fixatie vest universeel | Gozz4All","isPartOf":{"@id":"https:\/\/gozz4all.com\/fr\/#website"},"primaryImageOfPage":{"@id":"https:\/\/gozz4all.com\/volwassenen\/fixatie-vest-stoel-universeel-fysieke-en-psychische-problemen-dementie-evenwicht-problemen-wegloop-drang-veiligheid\/#primaryimage"},"image":{"@id":"https:\/\/gozz4all.com\/volwassenen\/fixatie-vest-stoel-universeel-fysieke-en-psychische-problemen-dementie-evenwicht-problemen-wegloop-drang-veiligheid\/#primaryimage"},"thumbnailUrl":"https:\/\/gozz4all.com\/wp-content\/uploads\/2022\/09\/DSC_0909-scaled.jpg","datePublished":"2022-09-06T15:00:32+00:00","dateModified":"2022-09-21T12:15:12+00:00","description":"fixatie-vest-stoel-Universeel- Fysieke en psychische problemen-dementie-evenwicht problemen-wegloop drang-veiligheid-Gozz4all-universeel gebruik","breadcrumb":{"@id":"https:\/\/gozz4all.com\/volwassenen\/fixatie-vest-stoel-universeel-fysieke-en-psychische-problemen-dementie-evenwicht-problemen-wegloop-drang-veiligheid\/#breadcrumb"},"inLanguage":"fr-FR","potentialAction":[{"@type":"ReadAction","target":["https:\/\/gozz4all.com\/volwassenen\/fixatie-vest-stoel-universeel-fysieke-en-psychische-problemen-dementie-evenwicht-problemen-wegloop-drang-veiligheid\/"]}]},{"@type":"ImageObject","inLanguage":"fr-FR","@id":"https:\/\/gozz4all.com\/volwassenen\/fixatie-vest-stoel-universeel-fysieke-en-psychische-problemen-dementie-evenwicht-problemen-wegloop-drang-veiligheid\/#primaryimage","url":"https:\/\/gozz4all.com\/wp-content\/uploads\/2022\/09\/DSC_0909-scaled.jpg","contentUrl":"https:\/\/gozz4all.com\/wp-content\/uploads\/2022\/09\/DSC_0909-scaled.jpg","width":2560,"height":1707},{"@type":"BreadcrumbList","@id":"https:\/\/gozz4all.com\/volwassenen\/fixatie-vest-stoel-universeel-fysieke-en-psychische-problemen-dementie-evenwicht-problemen-wegloop-drang-veiligheid\/#breadcrumb","itemListElement":[{"@type":"ListItem","position":1,"name":"Home","item":"https:\/\/gozz4all.com\/"},{"@type":"ListItem","position":2,"name":"Producten","item":"https:\/\/gozz4all.com\/shop\/"},{"@type":"ListItem","position":3,"name":"Fixatie vest universeel"}]},{"@type":"WebSite","@id":"https:\/\/gozz4all.com\/fr\/#website","url":"https:\/\/gozz4all.com\/fr\/","name":"Gozz4All","description":"Gozz4All","publisher":{"@id":"https:\/\/gozz4all.com\/fr\/#organization"},"potentialAction":[{"@type":"SearchAction","target":{"@type":"EntryPoint","urlTemplate":"https:\/\/gozz4all.com\/fr\/?s={search_term_string}"},"query-input":{"@type":"PropertyValueSpecification","valueRequired":true,"valueName":"search_term_string"}}],"inLanguage":"fr-FR"},{"@type":"Organization","@id":"https:\/\/gozz4all.com\/fr\/#organization","name":"Gozz4all","url":"https:\/\/gozz4all.com\/fr\/","logo":{"@type":"ImageObject","inLanguage":"fr-FR","@id":"https:\/\/gozz4all.com\/fr\/#\/schema\/logo\/image\/","url":"https:\/\/gozz4all.com\/wp-content\/uploads\/2020\/04\/Logo-ask-for-better-one.png","contentUrl":"https:\/\/gozz4all.com\/wp-content\/uploads\/2020\/04\/Logo-ask-for-better-one.png","width":146,"height":60,"caption":"Gozz4all"},"image":{"@id":"https:\/\/gozz4all.com\/fr\/#\/schema\/logo\/image\/"},"sameAs":["https:\/\/www.facebook.com\/gozz4all\/","https:\/\/www.instagram.com\/gozz4allfashion\/?hl=nl"]}]}},"_links":{"self":[{"href":"https:\/\/gozz4all.com\/fr\/wp-json\/wp\/v2\/product\/20031","targetHints":{"allow":["GET"]}}],"collection":[{"href":"https:\/\/gozz4all.com\/fr\/wp-json\/wp\/v2\/product"}],"about":[{"href":"https:\/\/gozz4all.com\/fr\/wp-json\/wp\/v2\/types\/product"}],"wp:featuredmedia":[{"embeddable":true,"href":"https:\/\/gozz4all.com\/fr\/wp-json\/wp\/v2\/media\/20106"}],"wp:attachment":[{"href":"https:\/\/gozz4all.com\/fr\/wp-json\/wp\/v2\/media?parent=20031"}],"wp:term":[{"taxonomy":"product_brand","embeddable":true,"href":"https:\/\/gozz4all.com\/fr\/wp-json\/wp\/v2\/product_brand?post=20031"},{"taxonomy":"product_cat","embeddable":true,"href":"https:\/\/gozz4all.com\/fr\/wp-json\/wp\/v2\/product_cat?post=20031"},{"taxonomy":"product_tag","embeddable":true,"href":"https:\/\/gozz4all.com\/fr\/wp-json\/wp\/v2\/product_tag?post=20031"}],"curies":[{"name":"wp","href":"https:\/\/api.w.org\/{rel}","templated":true}]}}