{"id":19953,"date":"2022-09-05T16:30:21","date_gmt":"2022-09-05T14:30:21","guid":{"rendered":"https:\/\/gozz4all.com\/?post_type=product&#038;p=19953"},"modified":"2022-09-05T16:32:34","modified_gmt":"2022-09-05T14:32:34","slug":"body-romper-alle-leeftijden-gebroken-wit","status":"publish","type":"product","link":"https:\/\/gozz4all.com\/fr\/product\/body-romper-alle-leeftijden-gebroken-wit\/","title":{"rendered":"Body\/Romper tous les \u00e2ges - Off white"},"content":{"rendered":"<p><strong>Description<br \/>\n<\/strong>Corps confortable de haute qualit\u00e9.<\/p>\n<p>Disponible en grandes tailles et pour les couches.<\/p>\n<p>Se ferme par 3 solides boutons-pression en acier inoxydable entre les jambes.<\/p>\n<p>Gr\u00e2ce \u00e0 sa bonne qualit\u00e9, il peut \u00eatre lav\u00e9 de nombreuses fois.<\/p>\n<p>Utilis\u00e9 sur des personnes avec :<\/p>\n<p>Incontinence<\/p>\n<p>D\u00e9shabillage<\/p>\n<p>Comportement en mati\u00e8re de lubrification<\/p>\n<p><strong>Versions<\/strong><br \/>\nDiff\u00e9rentes longueurs de manches<\/p>\n<p><strong>Composition<\/strong><br \/>\n95% Coton, 5% Elastan<\/p>\n<p>Instructions de lavage : 60\u00b0.<\/p>\n<p>Peut \u00eatre s\u00e9ch\u00e9 au s\u00e8che-linge<\/p>","protected":false},"excerpt":{"rendered":"<p><strong>Description<br \/>\n<\/strong>Corps confortable de haute qualit\u00e9.<\/p>\n<p>Disponible en grandes tailles et pour les couches.<\/p>\n<p>Se ferme par 3 solides boutons-pression en acier inoxydable entre les jambes.<\/p>\n<p>Door de goede kwaliteit kan deze dagelijks gewassen worden!<\/p>\n<p>Utilis\u00e9 sur des personnes avec :<\/p>\n<p>Incontinence<\/p>\n<p>D\u00e9shabillage<\/p>\n<p>Comportement en mati\u00e8re de lubrification<\/p>\n<p><strong>Versions<\/strong><br \/>\nDiff\u00e9rentes longueurs de manches<\/p>\n<p><strong>Composition<\/strong><br \/>\n95% Coton, 5% Elastan<\/p>\n<p>Lavable \u00e0 60\u00b0.<\/p>\n<p>Kan in de droogmachine.<\/p>","protected":false},"featured_media":19865,"template":"","meta":[],"product_brand":[],"product_cat":[611,612,613,445,50],"product_tag":[],"class_list":{"0":"post-19953","1":"product","2":"type-product","3":"status-publish","4":"has-post-thumbnail","6":"product_cat-kids","7":"product_cat-ouderen-dementie","8":"product_cat-volwassenen","9":"product_cat-new","10":"product_cat-body-romper","11":"pa_maat-116-122-2","12":"pa_maat-xxl-fr","13":"pa_maat-128-134-2","14":"pa_maat-140-146-2","15":"pa_maat-152-158-2","16":"pa_maat-164-170-2","17":"pa_maat-176-182-2","18":"pa_maat-188-2","19":"pa_maat-l-2-en","20":"pa_maat-m-2-fr","21":"pa_maat-92-98","22":"pa_maat-s-2-de","23":"pa_maat-104-110-2","24":"pa_maat-xl-2-en","26":"first","27":"instock","28":"taxable","29":"shipping-taxable","30":"purchasable","31":"product-type-variable"},"yoast_head":"<!-- This site is optimized with the Yoast SEO plugin v27.2 - https:\/\/yoast.com\/product\/yoast-seo-wordpress\/ -->\n<title>Body\/Romper alle leeftijden- Gebroken wit | Gozz4All<\/title>\n<meta name=\"description\" content=\"Body\/Romper alle leeftijden- gebroken wit- Geschikte body om te dragen met een luier. Deze kan gekocht worden met lange, korte of mouwloos. Mogelijk opening voor stoma of sonde. Gozz4all\" \/>\n<meta name=\"robots\" content=\"index, follow, max-snippet:-1, max-image-preview:large, max-video-preview:-1\" \/>\n<link rel=\"canonical\" href=\"https:\/\/gozz4all.com\/fr\/kleding\/bodys\/body-romper-alle-leeftijden-gebroken-wit\/\" \/>\n<meta property=\"og:locale\" content=\"fr_FR\" \/>\n<meta property=\"og:type\" content=\"article\" \/>\n<meta property=\"og:title\" content=\"Body\/Romper alle leeftijden- Gebroken wit | Gozz4All\" \/>\n<meta property=\"og:description\" content=\"Body\/Romper alle leeftijden- gebroken wit- Geschikte body om te dragen met een luier. Deze kan gekocht worden met lange, korte of mouwloos. Mogelijk opening voor stoma of sonde. Gozz4all\" \/>\n<meta property=\"og:url\" content=\"https:\/\/gozz4all.com\/fr\/kleding\/bodys\/body-romper-alle-leeftijden-gebroken-wit\/\" \/>\n<meta property=\"og:site_name\" content=\"Gozz4All\" \/>\n<meta property=\"article:publisher\" content=\"https:\/\/www.facebook.com\/gozz4all\/\" \/>\n<meta property=\"article:modified_time\" content=\"2022-09-05T14:32:34+00:00\" \/>\n<meta property=\"og:image\" content=\"https:\/\/gozz4all.com\/wp-content\/uploads\/2022\/09\/DSC_0354-scaled.jpg\" \/>\n\t<meta property=\"og:image:width\" content=\"1707\" \/>\n\t<meta property=\"og:image:height\" content=\"2560\" \/>\n\t<meta property=\"og:image:type\" content=\"image\/jpeg\" \/>\n<meta name=\"twitter:card\" content=\"summary_large_image\" \/>\n<script type=\"application\/ld+json\" class=\"yoast-schema-graph\">{\"@context\":\"https:\/\/schema.org\",\"@graph\":[{\"@type\":\"WebPage\",\"@id\":\"https:\/\/gozz4all.com\/kleding\/bodys\/body-romper-alle-leeftijden-gebroken-wit\/\",\"url\":\"https:\/\/gozz4all.com\/kleding\/bodys\/body-romper-alle-leeftijden-gebroken-wit\/\",\"name\":\"Body\/Romper alle leeftijden- Gebroken wit | Gozz4All\",\"isPartOf\":{\"@id\":\"https:\/\/gozz4all.com\/fr\/#website\"},\"primaryImageOfPage\":{\"@id\":\"https:\/\/gozz4all.com\/kleding\/bodys\/body-romper-alle-leeftijden-gebroken-wit\/#primaryimage\"},\"image\":{\"@id\":\"https:\/\/gozz4all.com\/kleding\/bodys\/body-romper-alle-leeftijden-gebroken-wit\/#primaryimage\"},\"thumbnailUrl\":\"https:\/\/gozz4all.com\/wp-content\/uploads\/2022\/09\/DSC_0354-scaled.jpg\",\"datePublished\":\"2022-09-05T14:30:21+00:00\",\"dateModified\":\"2022-09-05T14:32:34+00:00\",\"description\":\"Body\/Romper alle leeftijden- gebroken wit- Geschikte body om te dragen met een luier. Deze kan gekocht worden met lange, korte of mouwloos. Mogelijk opening voor stoma of sonde. Gozz4all\",\"breadcrumb\":{\"@id\":\"https:\/\/gozz4all.com\/kleding\/bodys\/body-romper-alle-leeftijden-gebroken-wit\/#breadcrumb\"},\"inLanguage\":\"fr-FR\",\"potentialAction\":[{\"@type\":\"ReadAction\",\"target\":[\"https:\/\/gozz4all.com\/kleding\/bodys\/body-romper-alle-leeftijden-gebroken-wit\/\"]}]},{\"@type\":\"ImageObject\",\"inLanguage\":\"fr-FR\",\"@id\":\"https:\/\/gozz4all.com\/kleding\/bodys\/body-romper-alle-leeftijden-gebroken-wit\/#primaryimage\",\"url\":\"https:\/\/gozz4all.com\/wp-content\/uploads\/2022\/09\/DSC_0354-scaled.jpg\",\"contentUrl\":\"https:\/\/gozz4all.com\/wp-content\/uploads\/2022\/09\/DSC_0354-scaled.jpg\",\"width\":1707,\"height\":2560},{\"@type\":\"BreadcrumbList\",\"@id\":\"https:\/\/gozz4all.com\/kleding\/bodys\/body-romper-alle-leeftijden-gebroken-wit\/#breadcrumb\",\"itemListElement\":[{\"@type\":\"ListItem\",\"position\":1,\"name\":\"Home\",\"item\":\"https:\/\/gozz4all.com\/\"},{\"@type\":\"ListItem\",\"position\":2,\"name\":\"Producten\",\"item\":\"https:\/\/gozz4all.com\/shop\/\"},{\"@type\":\"ListItem\",\"position\":3,\"name\":\"Body\/Romper alle leeftijden- Gebroken wit\"}]},{\"@type\":\"WebSite\",\"@id\":\"https:\/\/gozz4all.com\/fr\/#website\",\"url\":\"https:\/\/gozz4all.com\/fr\/\",\"name\":\"Gozz4All\",\"description\":\"Gozz4All\",\"publisher\":{\"@id\":\"https:\/\/gozz4all.com\/fr\/#organization\"},\"potentialAction\":[{\"@type\":\"SearchAction\",\"target\":{\"@type\":\"EntryPoint\",\"urlTemplate\":\"https:\/\/gozz4all.com\/fr\/?s={search_term_string}\"},\"query-input\":{\"@type\":\"PropertyValueSpecification\",\"valueRequired\":true,\"valueName\":\"search_term_string\"}}],\"inLanguage\":\"fr-FR\"},{\"@type\":\"Organization\",\"@id\":\"https:\/\/gozz4all.com\/fr\/#organization\",\"name\":\"Gozz4all\",\"url\":\"https:\/\/gozz4all.com\/fr\/\",\"logo\":{\"@type\":\"ImageObject\",\"inLanguage\":\"fr-FR\",\"@id\":\"https:\/\/gozz4all.com\/fr\/#\/schema\/logo\/image\/\",\"url\":\"https:\/\/gozz4all.com\/wp-content\/uploads\/2020\/04\/Logo-ask-for-better-one.png\",\"contentUrl\":\"https:\/\/gozz4all.com\/wp-content\/uploads\/2020\/04\/Logo-ask-for-better-one.png\",\"width\":146,\"height\":60,\"caption\":\"Gozz4all\"},\"image\":{\"@id\":\"https:\/\/gozz4all.com\/fr\/#\/schema\/logo\/image\/\"},\"sameAs\":[\"https:\/\/www.facebook.com\/gozz4all\/\",\"https:\/\/www.instagram.com\/gozz4allfashion\/?hl=nl\"]}]}<\/script>\n<!-- \/ Yoast SEO plugin. -->","yoast_head_json":{"title":"Body\/Romper alle leeftijden- Gebroken wit | Gozz4All","description":"Body\/Romper alle leeftijden- gebroken wit- Geschikte body om te dragen met een luier. Deze kan gekocht worden met lange, korte of mouwloos. Mogelijk opening voor stoma of sonde. Gozz4all","robots":{"index":"index","follow":"follow","max-snippet":"max-snippet:-1","max-image-preview":"max-image-preview:large","max-video-preview":"max-video-preview:-1"},"canonical":"https:\/\/gozz4all.com\/fr\/kleding\/bodys\/body-romper-alle-leeftijden-gebroken-wit\/","og_locale":"fr_FR","og_type":"article","og_title":"Body\/Romper alle leeftijden- Gebroken wit | Gozz4All","og_description":"Body\/Romper alle leeftijden- gebroken wit- Geschikte body om te dragen met een luier. Deze kan gekocht worden met lange, korte of mouwloos. Mogelijk opening voor stoma of sonde. Gozz4all","og_url":"https:\/\/gozz4all.com\/fr\/kleding\/bodys\/body-romper-alle-leeftijden-gebroken-wit\/","og_site_name":"Gozz4All","article_publisher":"https:\/\/www.facebook.com\/gozz4all\/","article_modified_time":"2022-09-05T14:32:34+00:00","og_image":[{"width":1707,"height":2560,"url":"https:\/\/gozz4all.com\/wp-content\/uploads\/2022\/09\/DSC_0354-scaled.jpg","type":"image\/jpeg"}],"twitter_card":"summary_large_image","schema":{"@context":"https:\/\/schema.org","@graph":[{"@type":"WebPage","@id":"https:\/\/gozz4all.com\/kleding\/bodys\/body-romper-alle-leeftijden-gebroken-wit\/","url":"https:\/\/gozz4all.com\/kleding\/bodys\/body-romper-alle-leeftijden-gebroken-wit\/","name":"Body\/Romper alle leeftijden- Gebroken wit | Gozz4All","isPartOf":{"@id":"https:\/\/gozz4all.com\/fr\/#website"},"primaryImageOfPage":{"@id":"https:\/\/gozz4all.com\/kleding\/bodys\/body-romper-alle-leeftijden-gebroken-wit\/#primaryimage"},"image":{"@id":"https:\/\/gozz4all.com\/kleding\/bodys\/body-romper-alle-leeftijden-gebroken-wit\/#primaryimage"},"thumbnailUrl":"https:\/\/gozz4all.com\/wp-content\/uploads\/2022\/09\/DSC_0354-scaled.jpg","datePublished":"2022-09-05T14:30:21+00:00","dateModified":"2022-09-05T14:32:34+00:00","description":"Body\/Romper alle leeftijden- gebroken wit- Geschikte body om te dragen met een luier. Deze kan gekocht worden met lange, korte of mouwloos. Mogelijk opening voor stoma of sonde. Gozz4all","breadcrumb":{"@id":"https:\/\/gozz4all.com\/kleding\/bodys\/body-romper-alle-leeftijden-gebroken-wit\/#breadcrumb"},"inLanguage":"fr-FR","potentialAction":[{"@type":"ReadAction","target":["https:\/\/gozz4all.com\/kleding\/bodys\/body-romper-alle-leeftijden-gebroken-wit\/"]}]},{"@type":"ImageObject","inLanguage":"fr-FR","@id":"https:\/\/gozz4all.com\/kleding\/bodys\/body-romper-alle-leeftijden-gebroken-wit\/#primaryimage","url":"https:\/\/gozz4all.com\/wp-content\/uploads\/2022\/09\/DSC_0354-scaled.jpg","contentUrl":"https:\/\/gozz4all.com\/wp-content\/uploads\/2022\/09\/DSC_0354-scaled.jpg","width":1707,"height":2560},{"@type":"BreadcrumbList","@id":"https:\/\/gozz4all.com\/kleding\/bodys\/body-romper-alle-leeftijden-gebroken-wit\/#breadcrumb","itemListElement":[{"@type":"ListItem","position":1,"name":"Home","item":"https:\/\/gozz4all.com\/"},{"@type":"ListItem","position":2,"name":"Producten","item":"https:\/\/gozz4all.com\/shop\/"},{"@type":"ListItem","position":3,"name":"Body\/Romper alle leeftijden- Gebroken wit"}]},{"@type":"WebSite","@id":"https:\/\/gozz4all.com\/fr\/#website","url":"https:\/\/gozz4all.com\/fr\/","name":"Gozz4All","description":"Gozz4All","publisher":{"@id":"https:\/\/gozz4all.com\/fr\/#organization"},"potentialAction":[{"@type":"SearchAction","target":{"@type":"EntryPoint","urlTemplate":"https:\/\/gozz4all.com\/fr\/?s={search_term_string}"},"query-input":{"@type":"PropertyValueSpecification","valueRequired":true,"valueName":"search_term_string"}}],"inLanguage":"fr-FR"},{"@type":"Organization","@id":"https:\/\/gozz4all.com\/fr\/#organization","name":"Gozz4all","url":"https:\/\/gozz4all.com\/fr\/","logo":{"@type":"ImageObject","inLanguage":"fr-FR","@id":"https:\/\/gozz4all.com\/fr\/#\/schema\/logo\/image\/","url":"https:\/\/gozz4all.com\/wp-content\/uploads\/2020\/04\/Logo-ask-for-better-one.png","contentUrl":"https:\/\/gozz4all.com\/wp-content\/uploads\/2020\/04\/Logo-ask-for-better-one.png","width":146,"height":60,"caption":"Gozz4all"},"image":{"@id":"https:\/\/gozz4all.com\/fr\/#\/schema\/logo\/image\/"},"sameAs":["https:\/\/www.facebook.com\/gozz4all\/","https:\/\/www.instagram.com\/gozz4allfashion\/?hl=nl"]}]}},"_links":{"self":[{"href":"https:\/\/gozz4all.com\/fr\/wp-json\/wp\/v2\/product\/19953","targetHints":{"allow":["GET"]}}],"collection":[{"href":"https:\/\/gozz4all.com\/fr\/wp-json\/wp\/v2\/product"}],"about":[{"href":"https:\/\/gozz4all.com\/fr\/wp-json\/wp\/v2\/types\/product"}],"wp:featuredmedia":[{"embeddable":true,"href":"https:\/\/gozz4all.com\/fr\/wp-json\/wp\/v2\/media\/19865"}],"wp:attachment":[{"href":"https:\/\/gozz4all.com\/fr\/wp-json\/wp\/v2\/media?parent=19953"}],"wp:term":[{"taxonomy":"product_brand","embeddable":true,"href":"https:\/\/gozz4all.com\/fr\/wp-json\/wp\/v2\/product_brand?post=19953"},{"taxonomy":"product_cat","embeddable":true,"href":"https:\/\/gozz4all.com\/fr\/wp-json\/wp\/v2\/product_cat?post=19953"},{"taxonomy":"product_tag","embeddable":true,"href":"https:\/\/gozz4all.com\/fr\/wp-json\/wp\/v2\/product_tag?post=19953"}],"curies":[{"name":"wp","href":"https:\/\/api.w.org\/{rel}","templated":true}]}}