{"id":19806,"date":"2022-09-01T19:19:01","date_gmt":"2022-09-01T17:19:01","guid":{"rendered":"https:\/\/gozz4all.com\/?post_type=product&#038;p=19806"},"modified":"2022-09-08T10:34:28","modified_gmt":"2022-09-08T08:34:28","slug":"hoofdkussen-anti-scheur-cordura-scheur-en-plukgedrag-dwangmatig-gedrag","status":"publish","type":"product","link":"https:\/\/gozz4all.com\/fr\/product\/hoofdkussen-anti-scheur-cordura-scheur-en-plukgedrag-dwangmatig-gedrag\/","title":{"rendered":"Oreiller anti-d\u00e9chirure - Cordura"},"content":{"rendered":"<p>Un bon oreiller semi-souple avec une housse Cordura tr\u00e8s r\u00e9sistante.<\/p>\n<p>Il s'agit d'une solution pour les personnes qui essaient de d\u00e9chirer ou de cueillir de mani\u00e8re compulsive, par ennui la nuit parce qu'elles restent souvent \u00e9veill\u00e9es ou simplement parce qu'elles en ont l'envie incontr\u00f4lable.<\/p>\n<p>Parce qu'il est plus solide et doublement cousu, le d\u00e9clenchement est moindre et ils ne risquent pas de cueillir ou de d\u00e9chirer le coussin.<\/p>\n<p>Le tissu Cordura est solide, mais reste respirant.<\/p>\n<p>Les tissus Cordura sont fabriqu\u00e9s \u00e0 partir d'un <a title=\"Nylon\" href=\"https:\/\/nl.wikipedia.org\/wiki\/Nylon\">nylon 6,6<\/a>&#8211;<a class=\"mw-redirect\" title=\"Mati\u00e8res premi\u00e8res textiles\" href=\"https:\/\/nl.wikipedia.org\/wiki\/Textiele_grondstoffen\">fibres<\/a>\u00a0et sa caract\u00e9ristique g\u00e9n\u00e9rale est de pouvoir supporter de lourdes charges.<\/p>\n<p>Ce tissu est utilis\u00e9 pour les valises, les sacs \u00e0 dos, les chaussures et les v\u00eatements militaires. Le mat\u00e9riau est r\u00e9sistant \u00e0 l'abrasion (usure par frottement), \u00e0 la d\u00e9chirure et peut supporter une manipulation brutale.<\/p>\n<p>Lavable \u00e0 60\u00b0.<\/p>\n<p>Convient aux personnes ayant :<\/p>\n<p>-comportement compulsif<\/p>\n<p>-comportement d\u00e9chirant<\/p>\n<p>-Comportement de s\u00e9lection<\/p>\n<p>Dimensions : 40 cm x 60 cm<\/p>\n<p>&nbsp;<\/p>","protected":false},"excerpt":{"rendered":"<p>Un bon oreiller semi-souple avec une housse Cordura tr\u00e8s r\u00e9sistante.<\/p>\n<p>Il s'agit d'une solution pour les personnes qui essaient de d\u00e9chirer ou de cueillir de mani\u00e8re compulsive, par ennui la nuit parce qu'elles restent souvent \u00e9veill\u00e9es ou simplement parce qu'elles en ont l'envie incontr\u00f4lable.<\/p>\n<p>Parce qu'il est plus solide et doublement cousu, le d\u00e9clenchement est moindre et ils ne risquent pas de cueillir ou de d\u00e9chirer le coussin.<\/p>\n<p>Le tissu Cordura est solide, mais reste respirant.<\/p>\n<p>Les tissus Cordura sont fabriqu\u00e9s \u00e0 partir d'un <a title=\"Nylon\" href=\"https:\/\/nl.wikipedia.org\/wiki\/Nylon\">nylon 6,6<\/a>&#8211;<a class=\"mw-redirect\" title=\"Mati\u00e8res premi\u00e8res textiles\" href=\"https:\/\/nl.wikipedia.org\/wiki\/Textiele_grondstoffen\">fibres<\/a>\u00a0et sa caract\u00e9ristique g\u00e9n\u00e9rale est de pouvoir supporter de lourdes charges.<\/p>\n<p>Ce tissu est utilis\u00e9 pour les valises, les sacs \u00e0 dos, les chaussures et les v\u00eatements militaires. Le mat\u00e9riau est r\u00e9sistant \u00e0 l'abrasion (usure par frottement), \u00e0 la d\u00e9chirure et peut supporter une manipulation brutale.<\/p>\n<p>Vulling: 100% poly<\/p>\n<p>Lavable \u00e0 60\u00b0.<\/p>\n<p>Convient aux personnes ayant :<\/p>\n<p>-comportement compulsif<\/p>\n<p>-comportement d\u00e9chirant<\/p>\n<p>-Comportement de s\u00e9lection<\/p>\n<p>Dimensions : 40 cm x 60 cm<\/p>","protected":false},"featured_media":19807,"template":"","meta":[],"product_brand":[],"product_cat":[471,254],"product_tag":[],"class_list":{"0":"post-19806","1":"product","2":"type-product","3":"status-publish","4":"has-post-thumbnail","6":"product_cat-anti-scheur-assortiment","7":"product_cat-hulpmiddelen","9":"first","10":"instock","11":"taxable","12":"shipping-taxable","13":"product-type-simple"},"yoast_head":"<!-- This site is optimized with the Yoast SEO plugin v27.2 - https:\/\/yoast.com\/product\/yoast-seo-wordpress\/ -->\n<title>Hoofdkussen anti pluk\/scheur - Cordura | Gozz4All<\/title>\n<meta name=\"robots\" content=\"index, follow, max-snippet:-1, max-image-preview:large, max-video-preview:-1\" \/>\n<link rel=\"canonical\" href=\"https:\/\/gozz4all.com\/fr\/anti-scheur-assortiment\/hoofdkussen-anti-scheur-cordura-scheur-en-plukgedrag-dwangmatig-gedrag\/\" \/>\n<meta property=\"og:locale\" content=\"fr_FR\" \/>\n<meta property=\"og:type\" content=\"article\" \/>\n<meta property=\"og:title\" content=\"Hoofdkussen anti pluk\/scheur - Cordura | Gozz4All\" \/>\n<meta property=\"og:description\" content=\"Een goed halfzacht hoofdkussen met extra sterk Cordura als hoes.  Dit is een oplossing voor personen die dwangmatig proberen te scheuren of te plukken, uit verveling s&#039;nachts doordat ze vaak wakker liggen of gewoon de oncontroleerbare drang hebben.  Omdat deze toch sterker is en dubbel gestikt, word de trigger minder en gaan ze het kussen niet meer plukken of scheuren.  Cordura stof is sterk, maar blijft wel luchtdoorlatend en ademend.  De Cordura stoffen worden uit een nylon 6,6-vezels\u00a0gemaakt en het algemene kenmerk is dat de stof tegen zware belastingen bestand is.  De stof wordt gebruikt voor koffers, rugzakken, schoenen en militaire kleding. Het materiaal is bestand tegen abrasieve invloeden (slijtage door schuren), scheuren en bestendig tegen ruwe behandeling.  Vulling: 100% poly  Wasbaar op 60\u00b0  Geschikt voor personen met:  -dwangmatig gedrag  -scheurgedrag  -Plukgedrag  Afmeting: 40 cm x 60 cm\" \/>\n<meta property=\"og:url\" content=\"https:\/\/gozz4all.com\/fr\/anti-scheur-assortiment\/hoofdkussen-anti-scheur-cordura-scheur-en-plukgedrag-dwangmatig-gedrag\/\" \/>\n<meta property=\"og:site_name\" content=\"Gozz4All\" \/>\n<meta property=\"article:publisher\" content=\"https:\/\/www.facebook.com\/gozz4all\/\" \/>\n<meta property=\"article:modified_time\" content=\"2022-09-08T08:34:28+00:00\" \/>\n<meta property=\"og:image\" content=\"https:\/\/gozz4all.com\/wp-content\/uploads\/2022\/08\/DSC_1007-scaled.jpg\" \/>\n\t<meta property=\"og:image:width\" content=\"2560\" \/>\n\t<meta property=\"og:image:height\" content=\"1707\" \/>\n\t<meta property=\"og:image:type\" content=\"image\/jpeg\" \/>\n<meta name=\"twitter:card\" content=\"summary_large_image\" \/>\n<meta name=\"twitter:label1\" content=\"Dur\u00e9e de lecture estim\u00e9e\" \/>\n\t<meta name=\"twitter:data1\" content=\"1 minute\" \/>\n<script type=\"application\/ld+json\" class=\"yoast-schema-graph\">{\"@context\":\"https:\/\/schema.org\",\"@graph\":[{\"@type\":\"WebPage\",\"@id\":\"https:\/\/gozz4all.com\/anti-scheur-assortiment\/hoofdkussen-anti-scheur-cordura-scheur-en-plukgedrag-dwangmatig-gedrag\/\",\"url\":\"https:\/\/gozz4all.com\/anti-scheur-assortiment\/hoofdkussen-anti-scheur-cordura-scheur-en-plukgedrag-dwangmatig-gedrag\/\",\"name\":\"Hoofdkussen anti pluk\/scheur - Cordura | Gozz4All\",\"isPartOf\":{\"@id\":\"https:\/\/gozz4all.com\/fr\/#website\"},\"primaryImageOfPage\":{\"@id\":\"https:\/\/gozz4all.com\/anti-scheur-assortiment\/hoofdkussen-anti-scheur-cordura-scheur-en-plukgedrag-dwangmatig-gedrag\/#primaryimage\"},\"image\":{\"@id\":\"https:\/\/gozz4all.com\/anti-scheur-assortiment\/hoofdkussen-anti-scheur-cordura-scheur-en-plukgedrag-dwangmatig-gedrag\/#primaryimage\"},\"thumbnailUrl\":\"https:\/\/gozz4all.com\/wp-content\/uploads\/2022\/08\/DSC_1007-scaled.jpg\",\"datePublished\":\"2022-09-01T17:19:01+00:00\",\"dateModified\":\"2022-09-08T08:34:28+00:00\",\"breadcrumb\":{\"@id\":\"https:\/\/gozz4all.com\/anti-scheur-assortiment\/hoofdkussen-anti-scheur-cordura-scheur-en-plukgedrag-dwangmatig-gedrag\/#breadcrumb\"},\"inLanguage\":\"fr-FR\",\"potentialAction\":[{\"@type\":\"ReadAction\",\"target\":[\"https:\/\/gozz4all.com\/anti-scheur-assortiment\/hoofdkussen-anti-scheur-cordura-scheur-en-plukgedrag-dwangmatig-gedrag\/\"]}]},{\"@type\":\"ImageObject\",\"inLanguage\":\"fr-FR\",\"@id\":\"https:\/\/gozz4all.com\/anti-scheur-assortiment\/hoofdkussen-anti-scheur-cordura-scheur-en-plukgedrag-dwangmatig-gedrag\/#primaryimage\",\"url\":\"https:\/\/gozz4all.com\/wp-content\/uploads\/2022\/08\/DSC_1007-scaled.jpg\",\"contentUrl\":\"https:\/\/gozz4all.com\/wp-content\/uploads\/2022\/08\/DSC_1007-scaled.jpg\",\"width\":2560,\"height\":1707},{\"@type\":\"BreadcrumbList\",\"@id\":\"https:\/\/gozz4all.com\/anti-scheur-assortiment\/hoofdkussen-anti-scheur-cordura-scheur-en-plukgedrag-dwangmatig-gedrag\/#breadcrumb\",\"itemListElement\":[{\"@type\":\"ListItem\",\"position\":1,\"name\":\"Home\",\"item\":\"https:\/\/gozz4all.com\/\"},{\"@type\":\"ListItem\",\"position\":2,\"name\":\"Producten\",\"item\":\"https:\/\/gozz4all.com\/shop\/\"},{\"@type\":\"ListItem\",\"position\":3,\"name\":\"Hoofdkussen anti pluk\/scheur &#8211; Cordura\"}]},{\"@type\":\"WebSite\",\"@id\":\"https:\/\/gozz4all.com\/fr\/#website\",\"url\":\"https:\/\/gozz4all.com\/fr\/\",\"name\":\"Gozz4All\",\"description\":\"Gozz4All\",\"publisher\":{\"@id\":\"https:\/\/gozz4all.com\/fr\/#organization\"},\"potentialAction\":[{\"@type\":\"SearchAction\",\"target\":{\"@type\":\"EntryPoint\",\"urlTemplate\":\"https:\/\/gozz4all.com\/fr\/?s={search_term_string}\"},\"query-input\":{\"@type\":\"PropertyValueSpecification\",\"valueRequired\":true,\"valueName\":\"search_term_string\"}}],\"inLanguage\":\"fr-FR\"},{\"@type\":\"Organization\",\"@id\":\"https:\/\/gozz4all.com\/fr\/#organization\",\"name\":\"Gozz4all\",\"url\":\"https:\/\/gozz4all.com\/fr\/\",\"logo\":{\"@type\":\"ImageObject\",\"inLanguage\":\"fr-FR\",\"@id\":\"https:\/\/gozz4all.com\/fr\/#\/schema\/logo\/image\/\",\"url\":\"https:\/\/gozz4all.com\/wp-content\/uploads\/2020\/04\/Logo-ask-for-better-one.png\",\"contentUrl\":\"https:\/\/gozz4all.com\/wp-content\/uploads\/2020\/04\/Logo-ask-for-better-one.png\",\"width\":146,\"height\":60,\"caption\":\"Gozz4all\"},\"image\":{\"@id\":\"https:\/\/gozz4all.com\/fr\/#\/schema\/logo\/image\/\"},\"sameAs\":[\"https:\/\/www.facebook.com\/gozz4all\/\",\"https:\/\/www.instagram.com\/gozz4allfashion\/?hl=nl\"]}]}<\/script>\n<!-- \/ Yoast SEO plugin. -->","yoast_head_json":{"title":"Hoofdkussen anti pluk\/scheur - Cordura | Gozz4All","robots":{"index":"index","follow":"follow","max-snippet":"max-snippet:-1","max-image-preview":"max-image-preview:large","max-video-preview":"max-video-preview:-1"},"canonical":"https:\/\/gozz4all.com\/fr\/anti-scheur-assortiment\/hoofdkussen-anti-scheur-cordura-scheur-en-plukgedrag-dwangmatig-gedrag\/","og_locale":"fr_FR","og_type":"article","og_title":"Hoofdkussen anti pluk\/scheur - Cordura | Gozz4All","og_description":"Een goed halfzacht hoofdkussen met extra sterk Cordura als hoes.  Dit is een oplossing voor personen die dwangmatig proberen te scheuren of te plukken, uit verveling s'nachts doordat ze vaak wakker liggen of gewoon de oncontroleerbare drang hebben.  Omdat deze toch sterker is en dubbel gestikt, word de trigger minder en gaan ze het kussen niet meer plukken of scheuren.  Cordura stof is sterk, maar blijft wel luchtdoorlatend en ademend.  De Cordura stoffen worden uit een nylon 6,6-vezels\u00a0gemaakt en het algemene kenmerk is dat de stof tegen zware belastingen bestand is.  De stof wordt gebruikt voor koffers, rugzakken, schoenen en militaire kleding. Het materiaal is bestand tegen abrasieve invloeden (slijtage door schuren), scheuren en bestendig tegen ruwe behandeling.  Vulling: 100% poly  Wasbaar op 60\u00b0  Geschikt voor personen met:  -dwangmatig gedrag  -scheurgedrag  -Plukgedrag  Afmeting: 40 cm x 60 cm","og_url":"https:\/\/gozz4all.com\/fr\/anti-scheur-assortiment\/hoofdkussen-anti-scheur-cordura-scheur-en-plukgedrag-dwangmatig-gedrag\/","og_site_name":"Gozz4All","article_publisher":"https:\/\/www.facebook.com\/gozz4all\/","article_modified_time":"2022-09-08T08:34:28+00:00","og_image":[{"width":2560,"height":1707,"url":"https:\/\/gozz4all.com\/wp-content\/uploads\/2022\/08\/DSC_1007-scaled.jpg","type":"image\/jpeg"}],"twitter_card":"summary_large_image","twitter_misc":{"Dur\u00e9e de lecture estim\u00e9e":"1 minute"},"schema":{"@context":"https:\/\/schema.org","@graph":[{"@type":"WebPage","@id":"https:\/\/gozz4all.com\/anti-scheur-assortiment\/hoofdkussen-anti-scheur-cordura-scheur-en-plukgedrag-dwangmatig-gedrag\/","url":"https:\/\/gozz4all.com\/anti-scheur-assortiment\/hoofdkussen-anti-scheur-cordura-scheur-en-plukgedrag-dwangmatig-gedrag\/","name":"Hoofdkussen anti pluk\/scheur - Cordura | Gozz4All","isPartOf":{"@id":"https:\/\/gozz4all.com\/fr\/#website"},"primaryImageOfPage":{"@id":"https:\/\/gozz4all.com\/anti-scheur-assortiment\/hoofdkussen-anti-scheur-cordura-scheur-en-plukgedrag-dwangmatig-gedrag\/#primaryimage"},"image":{"@id":"https:\/\/gozz4all.com\/anti-scheur-assortiment\/hoofdkussen-anti-scheur-cordura-scheur-en-plukgedrag-dwangmatig-gedrag\/#primaryimage"},"thumbnailUrl":"https:\/\/gozz4all.com\/wp-content\/uploads\/2022\/08\/DSC_1007-scaled.jpg","datePublished":"2022-09-01T17:19:01+00:00","dateModified":"2022-09-08T08:34:28+00:00","breadcrumb":{"@id":"https:\/\/gozz4all.com\/anti-scheur-assortiment\/hoofdkussen-anti-scheur-cordura-scheur-en-plukgedrag-dwangmatig-gedrag\/#breadcrumb"},"inLanguage":"fr-FR","potentialAction":[{"@type":"ReadAction","target":["https:\/\/gozz4all.com\/anti-scheur-assortiment\/hoofdkussen-anti-scheur-cordura-scheur-en-plukgedrag-dwangmatig-gedrag\/"]}]},{"@type":"ImageObject","inLanguage":"fr-FR","@id":"https:\/\/gozz4all.com\/anti-scheur-assortiment\/hoofdkussen-anti-scheur-cordura-scheur-en-plukgedrag-dwangmatig-gedrag\/#primaryimage","url":"https:\/\/gozz4all.com\/wp-content\/uploads\/2022\/08\/DSC_1007-scaled.jpg","contentUrl":"https:\/\/gozz4all.com\/wp-content\/uploads\/2022\/08\/DSC_1007-scaled.jpg","width":2560,"height":1707},{"@type":"BreadcrumbList","@id":"https:\/\/gozz4all.com\/anti-scheur-assortiment\/hoofdkussen-anti-scheur-cordura-scheur-en-plukgedrag-dwangmatig-gedrag\/#breadcrumb","itemListElement":[{"@type":"ListItem","position":1,"name":"Home","item":"https:\/\/gozz4all.com\/"},{"@type":"ListItem","position":2,"name":"Producten","item":"https:\/\/gozz4all.com\/shop\/"},{"@type":"ListItem","position":3,"name":"Hoofdkussen anti pluk\/scheur &#8211; Cordura"}]},{"@type":"WebSite","@id":"https:\/\/gozz4all.com\/fr\/#website","url":"https:\/\/gozz4all.com\/fr\/","name":"Gozz4All","description":"Gozz4All","publisher":{"@id":"https:\/\/gozz4all.com\/fr\/#organization"},"potentialAction":[{"@type":"SearchAction","target":{"@type":"EntryPoint","urlTemplate":"https:\/\/gozz4all.com\/fr\/?s={search_term_string}"},"query-input":{"@type":"PropertyValueSpecification","valueRequired":true,"valueName":"search_term_string"}}],"inLanguage":"fr-FR"},{"@type":"Organization","@id":"https:\/\/gozz4all.com\/fr\/#organization","name":"Gozz4all","url":"https:\/\/gozz4all.com\/fr\/","logo":{"@type":"ImageObject","inLanguage":"fr-FR","@id":"https:\/\/gozz4all.com\/fr\/#\/schema\/logo\/image\/","url":"https:\/\/gozz4all.com\/wp-content\/uploads\/2020\/04\/Logo-ask-for-better-one.png","contentUrl":"https:\/\/gozz4all.com\/wp-content\/uploads\/2020\/04\/Logo-ask-for-better-one.png","width":146,"height":60,"caption":"Gozz4all"},"image":{"@id":"https:\/\/gozz4all.com\/fr\/#\/schema\/logo\/image\/"},"sameAs":["https:\/\/www.facebook.com\/gozz4all\/","https:\/\/www.instagram.com\/gozz4allfashion\/?hl=nl"]}]}},"_links":{"self":[{"href":"https:\/\/gozz4all.com\/fr\/wp-json\/wp\/v2\/product\/19806","targetHints":{"allow":["GET"]}}],"collection":[{"href":"https:\/\/gozz4all.com\/fr\/wp-json\/wp\/v2\/product"}],"about":[{"href":"https:\/\/gozz4all.com\/fr\/wp-json\/wp\/v2\/types\/product"}],"wp:featuredmedia":[{"embeddable":true,"href":"https:\/\/gozz4all.com\/fr\/wp-json\/wp\/v2\/media\/19807"}],"wp:attachment":[{"href":"https:\/\/gozz4all.com\/fr\/wp-json\/wp\/v2\/media?parent=19806"}],"wp:term":[{"taxonomy":"product_brand","embeddable":true,"href":"https:\/\/gozz4all.com\/fr\/wp-json\/wp\/v2\/product_brand?post=19806"},{"taxonomy":"product_cat","embeddable":true,"href":"https:\/\/gozz4all.com\/fr\/wp-json\/wp\/v2\/product_cat?post=19806"},{"taxonomy":"product_tag","embeddable":true,"href":"https:\/\/gozz4all.com\/fr\/wp-json\/wp\/v2\/product_tag?post=19806"}],"curies":[{"name":"wp","href":"https:\/\/api.w.org\/{rel}","templated":true}]}}