{"id":19798,"date":"2022-08-30T12:45:09","date_gmt":"2022-08-30T10:45:09","guid":{"rendered":"https:\/\/gozz4all.com\/?post_type=product&#038;p=19798"},"modified":"2022-09-02T14:32:47","modified_gmt":"2022-09-02T12:32:47","slug":"verzwaringsdeken-therapeutisch-deken-antischeur-cordura-7-kg-ontspanning-rustgevend","status":"publish","type":"product","link":"https:\/\/gozz4all.com\/fr\/product\/verzwaringsdeken-therapeutisch-deken-antischeur-cordura-7-kg-ontspanning-rustgevend\/","title":{"rendered":"Couverture d'agression\/ couverture th\u00e9rapeutique\/ anti-d\u00e9chirure 7kg"},"content":{"rendered":"<p>Il est certainement important d'avoir un bon sommeil, tant pour la personne qui a des probl\u00e8mes de sommeil que pour la personne qui s'occupe d'elle.<\/p>\n<p>Quelques heures de repos dans la journ\u00e9e peuvent faire toute la diff\u00e9rence.<\/p>\n<p>Cette couverture est fabriqu\u00e9e avec des perles de verre, qui servent de remplissage et sont bien r\u00e9parties afin qu'elles ne vous g\u00eanent pas pendant votre sommeil.<\/p>\n<p>Cela donne une sensation tr\u00e8s agr\u00e9able et un sentiment de s\u00e9curit\u00e9, de calme et de relaxation.<\/p>\n<p>Autour de cette couverture, une housse en Cordura a \u00e9t\u00e9 r\u00e9alis\u00e9e.  Ce tissu est tr\u00e8s r\u00e9sistant et il est difficile pour les personnes ayant un comportement de d\u00e9chirement compulsif de le prendre et de le d\u00e9chirer.<\/p>\n<p>Les tissus Cordura sont fabriqu\u00e9s \u00e0 partir d'un <a title=\"Nylon\" href=\"https:\/\/nl.wikipedia.org\/wiki\/Nylon\">nylon 6,6<\/a>&#8211;<a class=\"mw-redirect\" title=\"Mati\u00e8res premi\u00e8res textiles\" href=\"https:\/\/nl.wikipedia.org\/wiki\/Textiele_grondstoffen\">fibres<\/a>\u00a0et sa caract\u00e9ristique g\u00e9n\u00e9rale est de pouvoir supporter de lourdes charges.<\/p>\n<p>Ce tissu est utilis\u00e9 pour les valises, les sacs \u00e0 dos, les chaussures et les v\u00eatements militaires. Le mat\u00e9riau est r\u00e9sistant \u00e0 l'abrasion (usure par frottement), \u00e0 la d\u00e9chirure et peut supporter une manipulation brutale.<\/p>\n<p>Celle-ci est cousue deux fois pour plus de solidit\u00e9 et est donc \u00e9galement fix\u00e9e \u00e0 la couverture.<\/p>\n<p><strong>Caract\u00e9ristiques :<\/strong><\/p>\n<p>Production de s\u00e9rotonine et de m\u00e9latonine<br \/>\nDoux et confortable<br \/>\nAgr\u00e9able en cas de douleurs musculaires<br \/>\nAssure une relaxation optimale<br \/>\n4 saisons<br \/>\nHypoallerg\u00e9nique<\/p>\n<p><strong>Des avantages av\u00e9r\u00e9s :<\/strong><\/p>\n<p>Une couverture lest\u00e9e procure un certain nombre de bienfaits av\u00e9r\u00e9s. Le poids vous aide \u00e0 mieux vous d\u00e9tendre et fait produire \u00e0 votre corps de la s\u00e9rotonine et de la m\u00e9latonine. La s\u00e9rotonine est une hormone du bonheur et r\u00e9duit l'anxi\u00e9t\u00e9, tandis que la m\u00e9latonine donne envie de dormir \u00e0 la tomb\u00e9e de la nuit.<\/p>\n<p>Taille : 200 x 140 cm<\/p>\n<p>7KG<\/p>\n<p>Il convient \u00e0 toutes les saisons car il est compos\u00e9 de fibres de polyester et de coton. Cela permet \u00e0 la couverture de rester respirante et a\u00e9r\u00e9e.<\/p>\n<p>Instructions de lavage : 30\u00b0 et s\u00e9chage naturel<\/p>\n<p><strong>\u00a0<\/strong><\/p>","protected":false},"excerpt":{"rendered":"<p>Il est certainement important d'avoir un bon sommeil, tant pour la personne qui a des probl\u00e8mes de sommeil que pour la personne qui s'occupe d'elle.<\/p>\n<p>Quelques heures de repos dans la journ\u00e9e peuvent faire toute la diff\u00e9rence.<\/p>\n<p>Cette couverture est fabriqu\u00e9e avec des perles de verre, qui servent de remplissage et sont bien r\u00e9parties afin qu'elles ne vous g\u00eanent pas pendant votre sommeil.<\/p>\n<p>Cela donne une sensation tr\u00e8s agr\u00e9able et un sentiment de s\u00e9curit\u00e9, de calme et de relaxation.<\/p>\n<p>Rond deze deken is een hoes van Cordura gemaakt? deze stof is zeer sterk en maakt het moeilijk voor personen met een dwangmatig scheurgedrag om het te plukken en of te scheuren.<\/p>\n<p>Les tissus Cordura sont fabriqu\u00e9s \u00e0 partir d'un <a title=\"Nylon\" href=\"https:\/\/nl.wikipedia.org\/wiki\/Nylon\">nylon 6,6<\/a>&#8211;<a class=\"mw-redirect\" title=\"Mati\u00e8res premi\u00e8res textiles\" href=\"https:\/\/nl.wikipedia.org\/wiki\/Textiele_grondstoffen\">fibres<\/a>\u00a0et sa caract\u00e9ristique g\u00e9n\u00e9rale est de pouvoir supporter de lourdes charges.<\/p>\n<p>Ce tissu est utilis\u00e9 pour les valises, les sacs \u00e0 dos, les chaussures et les v\u00eatements militaires. Le mat\u00e9riau est r\u00e9sistant \u00e0 l'abrasion (usure par frottement), \u00e0 la d\u00e9chirure et peut supporter une manipulation brutale.<\/p>\n<p>Celle-ci est cousue deux fois pour plus de solidit\u00e9 et est donc \u00e9galement fix\u00e9e \u00e0 la couverture.<\/p>\n<p><strong>Caract\u00e9ristiques :<\/strong><\/p>\n<p>Production de s\u00e9rotonine et de m\u00e9latonine<br \/>\nDoux et confortable<br \/>\nAgr\u00e9able en cas de douleurs musculaires<br \/>\nAssure une relaxation optimale<br \/>\nAll-season<br \/>\nHypoallerg\u00e9nique<\/p>\n<p><strong>Des avantages av\u00e9r\u00e9s :<\/strong><\/p>\n<p>Une couverture lest\u00e9e procure un certain nombre de bienfaits av\u00e9r\u00e9s. Le poids vous aide \u00e0 mieux vous d\u00e9tendre et fait produire \u00e0 votre corps de la s\u00e9rotonine et de la m\u00e9latonine. La s\u00e9rotonine est une hormone du bonheur et r\u00e9duit l'anxi\u00e9t\u00e9, tandis que la m\u00e9latonine donne envie de dormir \u00e0 la tomb\u00e9e de la nuit.<\/p>\n<p>Taille : 200 x 140 cm<\/p>\n<p>7KG<\/p>\n<p>Il convient \u00e0 toutes les saisons car il est compos\u00e9 de fibres de polyester et de coton. Cela permet \u00e0 la couverture de rester respirante et a\u00e9r\u00e9e.<\/p>\n<p>Instructions de lavage : 30\u00b0 et s\u00e9chage naturel<\/p>","protected":false},"featured_media":19799,"template":"","meta":[],"product_brand":[],"product_cat":[611,612,613,445,471,254],"product_tag":[],"class_list":{"0":"post-19798","1":"product","2":"type-product","3":"status-publish","4":"has-post-thumbnail","6":"product_cat-kids","7":"product_cat-ouderen-dementie","8":"product_cat-volwassenen","9":"product_cat-new","10":"product_cat-anti-scheur-assortiment","11":"product_cat-hulpmiddelen","12":"pif-has-gallery","14":"first","15":"instock","16":"taxable","17":"shipping-taxable","18":"purchasable","19":"product-type-simple"},"yoast_head":"<!-- This site is optimized with the Yoast SEO plugin v27.2 - https:\/\/yoast.com\/product\/yoast-seo-wordpress\/ -->\n<title>Verzwaringsdeken\/therapeutisch deken\/anti scheur 7kg | Gozz4All<\/title>\n<meta name=\"description\" content=\"verzwaringsdeken- therapeutisch deken- antischeur- 7 kg-ontspanning\/rust- hoes in Cordura stof-anti scheur-smeer gedrag-anti pluk- autoagressie-Gozz4all\" \/>\n<meta name=\"robots\" content=\"index, follow, max-snippet:-1, max-image-preview:large, max-video-preview:-1\" \/>\n<link rel=\"canonical\" href=\"https:\/\/gozz4all.com\/fr\/volwassenen\/verzwaringsdeken-therapeutisch-deken-antischeur-cordura-7-kg-ontspanning-rustgevend\/\" \/>\n<meta property=\"og:locale\" content=\"fr_FR\" \/>\n<meta property=\"og:type\" content=\"article\" \/>\n<meta property=\"og:title\" content=\"Verzwaringsdeken\/therapeutisch deken\/anti scheur 7kg | Gozz4All\" \/>\n<meta property=\"og:description\" content=\"verzwaringsdeken- therapeutisch deken- antischeur- 7 kg-ontspanning\/rust- hoes in Cordura stof-anti scheur-smeer gedrag-anti pluk- autoagressie-Gozz4all\" \/>\n<meta property=\"og:url\" content=\"https:\/\/gozz4all.com\/fr\/volwassenen\/verzwaringsdeken-therapeutisch-deken-antischeur-cordura-7-kg-ontspanning-rustgevend\/\" \/>\n<meta property=\"og:site_name\" content=\"Gozz4All\" \/>\n<meta property=\"article:publisher\" content=\"https:\/\/www.facebook.com\/gozz4all\/\" \/>\n<meta property=\"article:modified_time\" content=\"2022-09-02T12:32:47+00:00\" \/>\n<meta property=\"og:image\" content=\"https:\/\/gozz4all.com\/wp-content\/uploads\/2022\/08\/DSC_1166-scaled.jpg\" \/>\n\t<meta property=\"og:image:width\" content=\"2560\" \/>\n\t<meta property=\"og:image:height\" content=\"1707\" \/>\n\t<meta property=\"og:image:type\" content=\"image\/jpeg\" \/>\n<meta name=\"twitter:card\" content=\"summary_large_image\" \/>\n<meta name=\"twitter:label1\" content=\"Dur\u00e9e de lecture estim\u00e9e\" \/>\n\t<meta name=\"twitter:data1\" content=\"1 minute\" \/>\n<script type=\"application\/ld+json\" class=\"yoast-schema-graph\">{\"@context\":\"https:\/\/schema.org\",\"@graph\":[{\"@type\":\"WebPage\",\"@id\":\"https:\/\/gozz4all.com\/volwassenen\/verzwaringsdeken-therapeutisch-deken-antischeur-cordura-7-kg-ontspanning-rustgevend\/\",\"url\":\"https:\/\/gozz4all.com\/volwassenen\/verzwaringsdeken-therapeutisch-deken-antischeur-cordura-7-kg-ontspanning-rustgevend\/\",\"name\":\"Verzwaringsdeken\/therapeutisch deken\/anti scheur 7kg | Gozz4All\",\"isPartOf\":{\"@id\":\"https:\/\/gozz4all.com\/fr\/#website\"},\"primaryImageOfPage\":{\"@id\":\"https:\/\/gozz4all.com\/volwassenen\/verzwaringsdeken-therapeutisch-deken-antischeur-cordura-7-kg-ontspanning-rustgevend\/#primaryimage\"},\"image\":{\"@id\":\"https:\/\/gozz4all.com\/volwassenen\/verzwaringsdeken-therapeutisch-deken-antischeur-cordura-7-kg-ontspanning-rustgevend\/#primaryimage\"},\"thumbnailUrl\":\"https:\/\/gozz4all.com\/wp-content\/uploads\/2022\/08\/DSC_1166-scaled.jpg\",\"datePublished\":\"2022-08-30T10:45:09+00:00\",\"dateModified\":\"2022-09-02T12:32:47+00:00\",\"description\":\"verzwaringsdeken- therapeutisch deken- antischeur- 7 kg-ontspanning\/rust- hoes in Cordura stof-anti scheur-smeer gedrag-anti pluk- autoagressie-Gozz4all\",\"breadcrumb\":{\"@id\":\"https:\/\/gozz4all.com\/volwassenen\/verzwaringsdeken-therapeutisch-deken-antischeur-cordura-7-kg-ontspanning-rustgevend\/#breadcrumb\"},\"inLanguage\":\"fr-FR\",\"potentialAction\":[{\"@type\":\"ReadAction\",\"target\":[\"https:\/\/gozz4all.com\/volwassenen\/verzwaringsdeken-therapeutisch-deken-antischeur-cordura-7-kg-ontspanning-rustgevend\/\"]}]},{\"@type\":\"ImageObject\",\"inLanguage\":\"fr-FR\",\"@id\":\"https:\/\/gozz4all.com\/volwassenen\/verzwaringsdeken-therapeutisch-deken-antischeur-cordura-7-kg-ontspanning-rustgevend\/#primaryimage\",\"url\":\"https:\/\/gozz4all.com\/wp-content\/uploads\/2022\/08\/DSC_1166-scaled.jpg\",\"contentUrl\":\"https:\/\/gozz4all.com\/wp-content\/uploads\/2022\/08\/DSC_1166-scaled.jpg\",\"width\":2560,\"height\":1707},{\"@type\":\"BreadcrumbList\",\"@id\":\"https:\/\/gozz4all.com\/volwassenen\/verzwaringsdeken-therapeutisch-deken-antischeur-cordura-7-kg-ontspanning-rustgevend\/#breadcrumb\",\"itemListElement\":[{\"@type\":\"ListItem\",\"position\":1,\"name\":\"Home\",\"item\":\"https:\/\/gozz4all.com\/\"},{\"@type\":\"ListItem\",\"position\":2,\"name\":\"Producten\",\"item\":\"https:\/\/gozz4all.com\/shop\/\"},{\"@type\":\"ListItem\",\"position\":3,\"name\":\"Verzwaringsdeken\/therapeutisch deken\/anti scheur 7kg\"}]},{\"@type\":\"WebSite\",\"@id\":\"https:\/\/gozz4all.com\/fr\/#website\",\"url\":\"https:\/\/gozz4all.com\/fr\/\",\"name\":\"Gozz4All\",\"description\":\"Gozz4All\",\"publisher\":{\"@id\":\"https:\/\/gozz4all.com\/fr\/#organization\"},\"potentialAction\":[{\"@type\":\"SearchAction\",\"target\":{\"@type\":\"EntryPoint\",\"urlTemplate\":\"https:\/\/gozz4all.com\/fr\/?s={search_term_string}\"},\"query-input\":{\"@type\":\"PropertyValueSpecification\",\"valueRequired\":true,\"valueName\":\"search_term_string\"}}],\"inLanguage\":\"fr-FR\"},{\"@type\":\"Organization\",\"@id\":\"https:\/\/gozz4all.com\/fr\/#organization\",\"name\":\"Gozz4all\",\"url\":\"https:\/\/gozz4all.com\/fr\/\",\"logo\":{\"@type\":\"ImageObject\",\"inLanguage\":\"fr-FR\",\"@id\":\"https:\/\/gozz4all.com\/fr\/#\/schema\/logo\/image\/\",\"url\":\"https:\/\/gozz4all.com\/wp-content\/uploads\/2020\/04\/Logo-ask-for-better-one.png\",\"contentUrl\":\"https:\/\/gozz4all.com\/wp-content\/uploads\/2020\/04\/Logo-ask-for-better-one.png\",\"width\":146,\"height\":60,\"caption\":\"Gozz4all\"},\"image\":{\"@id\":\"https:\/\/gozz4all.com\/fr\/#\/schema\/logo\/image\/\"},\"sameAs\":[\"https:\/\/www.facebook.com\/gozz4all\/\",\"https:\/\/www.instagram.com\/gozz4allfashion\/?hl=nl\"]}]}<\/script>\n<!-- \/ Yoast SEO plugin. -->","yoast_head_json":{"title":"Verzwaringsdeken\/therapeutisch deken\/anti scheur 7kg | Gozz4All","description":"verzwaringsdeken- therapeutisch deken- antischeur- 7 kg-ontspanning\/rust- hoes in Cordura stof-anti scheur-smeer gedrag-anti pluk- autoagressie-Gozz4all","robots":{"index":"index","follow":"follow","max-snippet":"max-snippet:-1","max-image-preview":"max-image-preview:large","max-video-preview":"max-video-preview:-1"},"canonical":"https:\/\/gozz4all.com\/fr\/volwassenen\/verzwaringsdeken-therapeutisch-deken-antischeur-cordura-7-kg-ontspanning-rustgevend\/","og_locale":"fr_FR","og_type":"article","og_title":"Verzwaringsdeken\/therapeutisch deken\/anti scheur 7kg | Gozz4All","og_description":"verzwaringsdeken- therapeutisch deken- antischeur- 7 kg-ontspanning\/rust- hoes in Cordura stof-anti scheur-smeer gedrag-anti pluk- autoagressie-Gozz4all","og_url":"https:\/\/gozz4all.com\/fr\/volwassenen\/verzwaringsdeken-therapeutisch-deken-antischeur-cordura-7-kg-ontspanning-rustgevend\/","og_site_name":"Gozz4All","article_publisher":"https:\/\/www.facebook.com\/gozz4all\/","article_modified_time":"2022-09-02T12:32:47+00:00","og_image":[{"width":2560,"height":1707,"url":"https:\/\/gozz4all.com\/wp-content\/uploads\/2022\/08\/DSC_1166-scaled.jpg","type":"image\/jpeg"}],"twitter_card":"summary_large_image","twitter_misc":{"Dur\u00e9e de lecture estim\u00e9e":"1 minute"},"schema":{"@context":"https:\/\/schema.org","@graph":[{"@type":"WebPage","@id":"https:\/\/gozz4all.com\/volwassenen\/verzwaringsdeken-therapeutisch-deken-antischeur-cordura-7-kg-ontspanning-rustgevend\/","url":"https:\/\/gozz4all.com\/volwassenen\/verzwaringsdeken-therapeutisch-deken-antischeur-cordura-7-kg-ontspanning-rustgevend\/","name":"Verzwaringsdeken\/therapeutisch deken\/anti scheur 7kg | Gozz4All","isPartOf":{"@id":"https:\/\/gozz4all.com\/fr\/#website"},"primaryImageOfPage":{"@id":"https:\/\/gozz4all.com\/volwassenen\/verzwaringsdeken-therapeutisch-deken-antischeur-cordura-7-kg-ontspanning-rustgevend\/#primaryimage"},"image":{"@id":"https:\/\/gozz4all.com\/volwassenen\/verzwaringsdeken-therapeutisch-deken-antischeur-cordura-7-kg-ontspanning-rustgevend\/#primaryimage"},"thumbnailUrl":"https:\/\/gozz4all.com\/wp-content\/uploads\/2022\/08\/DSC_1166-scaled.jpg","datePublished":"2022-08-30T10:45:09+00:00","dateModified":"2022-09-02T12:32:47+00:00","description":"verzwaringsdeken- therapeutisch deken- antischeur- 7 kg-ontspanning\/rust- hoes in Cordura stof-anti scheur-smeer gedrag-anti pluk- autoagressie-Gozz4all","breadcrumb":{"@id":"https:\/\/gozz4all.com\/volwassenen\/verzwaringsdeken-therapeutisch-deken-antischeur-cordura-7-kg-ontspanning-rustgevend\/#breadcrumb"},"inLanguage":"fr-FR","potentialAction":[{"@type":"ReadAction","target":["https:\/\/gozz4all.com\/volwassenen\/verzwaringsdeken-therapeutisch-deken-antischeur-cordura-7-kg-ontspanning-rustgevend\/"]}]},{"@type":"ImageObject","inLanguage":"fr-FR","@id":"https:\/\/gozz4all.com\/volwassenen\/verzwaringsdeken-therapeutisch-deken-antischeur-cordura-7-kg-ontspanning-rustgevend\/#primaryimage","url":"https:\/\/gozz4all.com\/wp-content\/uploads\/2022\/08\/DSC_1166-scaled.jpg","contentUrl":"https:\/\/gozz4all.com\/wp-content\/uploads\/2022\/08\/DSC_1166-scaled.jpg","width":2560,"height":1707},{"@type":"BreadcrumbList","@id":"https:\/\/gozz4all.com\/volwassenen\/verzwaringsdeken-therapeutisch-deken-antischeur-cordura-7-kg-ontspanning-rustgevend\/#breadcrumb","itemListElement":[{"@type":"ListItem","position":1,"name":"Home","item":"https:\/\/gozz4all.com\/"},{"@type":"ListItem","position":2,"name":"Producten","item":"https:\/\/gozz4all.com\/shop\/"},{"@type":"ListItem","position":3,"name":"Verzwaringsdeken\/therapeutisch deken\/anti scheur 7kg"}]},{"@type":"WebSite","@id":"https:\/\/gozz4all.com\/fr\/#website","url":"https:\/\/gozz4all.com\/fr\/","name":"Gozz4All","description":"Gozz4All","publisher":{"@id":"https:\/\/gozz4all.com\/fr\/#organization"},"potentialAction":[{"@type":"SearchAction","target":{"@type":"EntryPoint","urlTemplate":"https:\/\/gozz4all.com\/fr\/?s={search_term_string}"},"query-input":{"@type":"PropertyValueSpecification","valueRequired":true,"valueName":"search_term_string"}}],"inLanguage":"fr-FR"},{"@type":"Organization","@id":"https:\/\/gozz4all.com\/fr\/#organization","name":"Gozz4all","url":"https:\/\/gozz4all.com\/fr\/","logo":{"@type":"ImageObject","inLanguage":"fr-FR","@id":"https:\/\/gozz4all.com\/fr\/#\/schema\/logo\/image\/","url":"https:\/\/gozz4all.com\/wp-content\/uploads\/2020\/04\/Logo-ask-for-better-one.png","contentUrl":"https:\/\/gozz4all.com\/wp-content\/uploads\/2020\/04\/Logo-ask-for-better-one.png","width":146,"height":60,"caption":"Gozz4all"},"image":{"@id":"https:\/\/gozz4all.com\/fr\/#\/schema\/logo\/image\/"},"sameAs":["https:\/\/www.facebook.com\/gozz4all\/","https:\/\/www.instagram.com\/gozz4allfashion\/?hl=nl"]}]}},"_links":{"self":[{"href":"https:\/\/gozz4all.com\/fr\/wp-json\/wp\/v2\/product\/19798","targetHints":{"allow":["GET"]}}],"collection":[{"href":"https:\/\/gozz4all.com\/fr\/wp-json\/wp\/v2\/product"}],"about":[{"href":"https:\/\/gozz4all.com\/fr\/wp-json\/wp\/v2\/types\/product"}],"wp:featuredmedia":[{"embeddable":true,"href":"https:\/\/gozz4all.com\/fr\/wp-json\/wp\/v2\/media\/19799"}],"wp:attachment":[{"href":"https:\/\/gozz4all.com\/fr\/wp-json\/wp\/v2\/media?parent=19798"}],"wp:term":[{"taxonomy":"product_brand","embeddable":true,"href":"https:\/\/gozz4all.com\/fr\/wp-json\/wp\/v2\/product_brand?post=19798"},{"taxonomy":"product_cat","embeddable":true,"href":"https:\/\/gozz4all.com\/fr\/wp-json\/wp\/v2\/product_cat?post=19798"},{"taxonomy":"product_tag","embeddable":true,"href":"https:\/\/gozz4all.com\/fr\/wp-json\/wp\/v2\/product_tag?post=19798"}],"curies":[{"name":"wp","href":"https:\/\/api.w.org\/{rel}","templated":true}]}}