{"id":19515,"date":"2022-08-27T13:16:13","date_gmt":"2022-08-27T11:16:13","guid":{"rendered":"https:\/\/gozz4all.com\/?post_type=product&#038;p=19515"},"modified":"2022-08-27T20:42:48","modified_gmt":"2022-08-27T18:42:48","slug":"voetenzak-rolstoel-scootmobiel-buggy-softshell-microfiber","status":"publish","type":"product","link":"https:\/\/gozz4all.com\/fr\/product\/voetenzak-rolstoel-scootmobiel-buggy-softshell-microfiber\/","title":{"rendered":"Footmuff- fauteuil roulant-scooter-buggy coquelicot"},"content":{"rendered":"<p>Description : Une jolie chanceli\u00e8re confortable, agr\u00e9able et chaude \u00e0 porter.<\/p>\n<p>Cette chanceli\u00e8re s'ouvre du bas vers le c\u00f4t\u00e9. Ainsi, la chanceli\u00e8re peut \u00eatre plac\u00e9e ouverte dans le fauteuil roulant, la poussette ou le scooter de mobilit\u00e9. Une fois que la personne s'est assise dedans, il suffit de la fermer avec une fermeture \u00e9clair.<\/p>\n<p>De cette fa\u00e7on, la chanceli\u00e8re reste en place et il n'y a pas de zones froides sur le dos ou le si\u00e8ge.<\/p>\n<p>Cette chanceli\u00e8re peut \u00eatre utilis\u00e9e partout, dans la poussette, le scooter de mobilit\u00e9 ou le fauteuil roulant.<\/p>\n<p>L'arri\u00e8re est plus haut de +\/- 15 cm que l'avant.<\/p>\n<p>Cette chanceli\u00e8re est fabriqu\u00e9e dans un tissu molletonn\u00e9 en microfibre tr\u00e8s doux \u00e0 l'int\u00e9rieur.<\/p>\n<p>A l'ext\u00e9rieur, une belle Softshell. L'\u00e9paisseur de la garniture peut \u00eatre choisie en fonction de la saison ou des besoins de chacun. (entre la couche de tissu int\u00e9rieure et ext\u00e9rieure)<\/p>\n<p>\u00c9quip\u00e9 d'une solide fermeture \u00e9clair de la marque Kroko.<\/p>\n<p>Il y a un cordon de serrage en haut pour le resserrer si n\u00e9cessaire.<\/p>\n<p>Disponible en diff\u00e9rentes tailles.<\/p>\n<p>Repousse l'eau et la salet\u00e9<\/p>\n<p>Facilement lavable \u00e0 60\u00b0.<\/p>\n<p>Si d'autres ajustements sont n\u00e9cessaires, vous pouvez toujours nous contacter ou envoyer un e-mail \u00e0 info@gozz.be.<\/p>","protected":false},"excerpt":{"rendered":"<p>Description : Une jolie chanceli\u00e8re confortable, agr\u00e9able et chaude \u00e0 porter.<\/p>\n<p>Cette chanceli\u00e8re s'ouvre du bas vers le c\u00f4t\u00e9. Ainsi, la chanceli\u00e8re peut \u00eatre plac\u00e9e ouverte dans le fauteuil roulant, la poussette ou le scooter de mobilit\u00e9. Une fois que la personne s'est assise dedans, il suffit de la fermer avec une fermeture \u00e9clair.<\/p>\n<p>De cette fa\u00e7on, la chanceli\u00e8re reste en place et il n'y a pas de zones froides sur le dos ou le si\u00e8ge.<\/p>\n<p>Cette chanceli\u00e8re peut \u00eatre utilis\u00e9e partout, dans la poussette, le scooter de mobilit\u00e9 ou le fauteuil roulant.<\/p>\n<p>L'arri\u00e8re est plus haut de +\/- 15 cm que l'avant.<\/p>\n<p>Cette chanceli\u00e8re est fabriqu\u00e9e dans un tissu molletonn\u00e9 en microfibre tr\u00e8s doux \u00e0 l'int\u00e9rieur.<\/p>\n<p>Aan de buitenzijde een leuke softshell stof\u00a0 . Er kan naargelang het seizoen of de noden van de persoon, gekozen worden voor de dikte van de vulling. (tussen binnen en buitenste stoflaag)<\/p>\n<p>\u00c9quip\u00e9 d'une solide fermeture \u00e9clair de la marque Kroko.<\/p>\n<p>Il y a un cordon de serrage en haut pour le resserrer si n\u00e9cessaire.<\/p>\n<p>Repousse l'eau et la salet\u00e9<\/p>\n<p>Disponible en diff\u00e9rentes tailles.<\/p>\n<p>Facilement lavable \u00e0 60\u00b0.<\/p>\n<p>Si d'autres ajustements sont n\u00e9cessaires, vous pouvez toujours nous contacter ou envoyer un e-mail \u00e0 info@gozz.be.<\/p>","protected":false},"featured_media":19517,"template":"","meta":[],"product_brand":[],"product_cat":[611,612,613,49],"product_tag":[],"class_list":{"0":"post-19515","1":"product","2":"type-product","3":"status-publish","4":"has-post-thumbnail","6":"product_cat-kids","7":"product_cat-ouderen-dementie","8":"product_cat-volwassenen","9":"product_cat-rolstoel-capes-rolstoeljas-voetenzak","10":"pa_dikte-vulling-lente-zomer","11":"pa_dikte-vulling-herfst-winter","12":"pa_maat-small","13":"pa_maat-medium","14":"pa_maat-large","15":"pa_maat-extra-large","16":"pif-has-gallery","18":"first","19":"instock","20":"taxable","21":"shipping-taxable","22":"purchasable","23":"product-type-variable"},"yoast_head":"<!-- This site is optimized with the Yoast SEO plugin v27.2 - https:\/\/yoast.com\/product\/yoast-seo-wordpress\/ -->\n<title>Voetenzak-rolstoel-scootmobiel-buggy klaproos | Gozz4All<\/title>\n<meta name=\"description\" content=\"Voetenzak-rolstoel-scootmobiel-buggy-softshell-Microfiber-Gozz4all- vuil en waterafstotend-sterke rits-zij en onderkant kan volledig open.\" \/>\n<meta name=\"robots\" content=\"index, follow, max-snippet:-1, max-image-preview:large, max-video-preview:-1\" \/>\n<link rel=\"canonical\" href=\"https:\/\/gozz4all.com\/fr\/kleding\/jassen\/voetenzak-rolstoel-scootmobiel-buggy-softshell-microfiber\/\" \/>\n<meta property=\"og:locale\" content=\"fr_FR\" \/>\n<meta property=\"og:type\" content=\"article\" \/>\n<meta property=\"og:title\" content=\"Voetenzak-rolstoel-scootmobiel-buggy klaproos | Gozz4All\" \/>\n<meta property=\"og:description\" content=\"Voetenzak-rolstoel-scootmobiel-buggy-softshell-Microfiber-Gozz4all- vuil en waterafstotend-sterke rits-zij en onderkant kan volledig open.\" \/>\n<meta property=\"og:url\" content=\"https:\/\/gozz4all.com\/fr\/kleding\/jassen\/voetenzak-rolstoel-scootmobiel-buggy-softshell-microfiber\/\" \/>\n<meta property=\"og:site_name\" content=\"Gozz4All\" \/>\n<meta property=\"article:publisher\" content=\"https:\/\/www.facebook.com\/gozz4all\/\" \/>\n<meta property=\"article:modified_time\" content=\"2022-08-27T18:42:48+00:00\" \/>\n<meta property=\"og:image\" content=\"https:\/\/gozz4all.com\/wp-content\/uploads\/2022\/08\/DSC_0107-scaled.jpg\" \/>\n\t<meta property=\"og:image:width\" content=\"1707\" \/>\n\t<meta property=\"og:image:height\" content=\"2560\" \/>\n\t<meta property=\"og:image:type\" content=\"image\/jpeg\" \/>\n<meta name=\"twitter:card\" content=\"summary_large_image\" \/>\n<meta name=\"twitter:label1\" content=\"Dur\u00e9e de lecture estim\u00e9e\" \/>\n\t<meta name=\"twitter:data1\" content=\"1 minute\" \/>\n<script type=\"application\/ld+json\" class=\"yoast-schema-graph\">{\"@context\":\"https:\/\/schema.org\",\"@graph\":[{\"@type\":\"WebPage\",\"@id\":\"https:\/\/gozz4all.com\/kleding\/jassen\/voetenzak-rolstoel-scootmobiel-buggy-softshell-microfiber\/\",\"url\":\"https:\/\/gozz4all.com\/kleding\/jassen\/voetenzak-rolstoel-scootmobiel-buggy-softshell-microfiber\/\",\"name\":\"Voetenzak-rolstoel-scootmobiel-buggy klaproos | Gozz4All\",\"isPartOf\":{\"@id\":\"https:\/\/gozz4all.com\/fr\/#website\"},\"primaryImageOfPage\":{\"@id\":\"https:\/\/gozz4all.com\/kleding\/jassen\/voetenzak-rolstoel-scootmobiel-buggy-softshell-microfiber\/#primaryimage\"},\"image\":{\"@id\":\"https:\/\/gozz4all.com\/kleding\/jassen\/voetenzak-rolstoel-scootmobiel-buggy-softshell-microfiber\/#primaryimage\"},\"thumbnailUrl\":\"https:\/\/gozz4all.com\/wp-content\/uploads\/2022\/08\/DSC_0107-scaled.jpg\",\"datePublished\":\"2022-08-27T11:16:13+00:00\",\"dateModified\":\"2022-08-27T18:42:48+00:00\",\"description\":\"Voetenzak-rolstoel-scootmobiel-buggy-softshell-Microfiber-Gozz4all- vuil en waterafstotend-sterke rits-zij en onderkant kan volledig open.\",\"breadcrumb\":{\"@id\":\"https:\/\/gozz4all.com\/kleding\/jassen\/voetenzak-rolstoel-scootmobiel-buggy-softshell-microfiber\/#breadcrumb\"},\"inLanguage\":\"fr-FR\",\"potentialAction\":[{\"@type\":\"ReadAction\",\"target\":[\"https:\/\/gozz4all.com\/kleding\/jassen\/voetenzak-rolstoel-scootmobiel-buggy-softshell-microfiber\/\"]}]},{\"@type\":\"ImageObject\",\"inLanguage\":\"fr-FR\",\"@id\":\"https:\/\/gozz4all.com\/kleding\/jassen\/voetenzak-rolstoel-scootmobiel-buggy-softshell-microfiber\/#primaryimage\",\"url\":\"https:\/\/gozz4all.com\/wp-content\/uploads\/2022\/08\/DSC_0107-scaled.jpg\",\"contentUrl\":\"https:\/\/gozz4all.com\/wp-content\/uploads\/2022\/08\/DSC_0107-scaled.jpg\",\"width\":1707,\"height\":2560},{\"@type\":\"BreadcrumbList\",\"@id\":\"https:\/\/gozz4all.com\/kleding\/jassen\/voetenzak-rolstoel-scootmobiel-buggy-softshell-microfiber\/#breadcrumb\",\"itemListElement\":[{\"@type\":\"ListItem\",\"position\":1,\"name\":\"Home\",\"item\":\"https:\/\/gozz4all.com\/\"},{\"@type\":\"ListItem\",\"position\":2,\"name\":\"Producten\",\"item\":\"https:\/\/gozz4all.com\/shop\/\"},{\"@type\":\"ListItem\",\"position\":3,\"name\":\"Voetenzak-rolstoel-scootmobiel-buggy klaproos\"}]},{\"@type\":\"WebSite\",\"@id\":\"https:\/\/gozz4all.com\/fr\/#website\",\"url\":\"https:\/\/gozz4all.com\/fr\/\",\"name\":\"Gozz4All\",\"description\":\"Gozz4All\",\"publisher\":{\"@id\":\"https:\/\/gozz4all.com\/fr\/#organization\"},\"potentialAction\":[{\"@type\":\"SearchAction\",\"target\":{\"@type\":\"EntryPoint\",\"urlTemplate\":\"https:\/\/gozz4all.com\/fr\/?s={search_term_string}\"},\"query-input\":{\"@type\":\"PropertyValueSpecification\",\"valueRequired\":true,\"valueName\":\"search_term_string\"}}],\"inLanguage\":\"fr-FR\"},{\"@type\":\"Organization\",\"@id\":\"https:\/\/gozz4all.com\/fr\/#organization\",\"name\":\"Gozz4all\",\"url\":\"https:\/\/gozz4all.com\/fr\/\",\"logo\":{\"@type\":\"ImageObject\",\"inLanguage\":\"fr-FR\",\"@id\":\"https:\/\/gozz4all.com\/fr\/#\/schema\/logo\/image\/\",\"url\":\"https:\/\/gozz4all.com\/wp-content\/uploads\/2020\/04\/Logo-ask-for-better-one.png\",\"contentUrl\":\"https:\/\/gozz4all.com\/wp-content\/uploads\/2020\/04\/Logo-ask-for-better-one.png\",\"width\":146,\"height\":60,\"caption\":\"Gozz4all\"},\"image\":{\"@id\":\"https:\/\/gozz4all.com\/fr\/#\/schema\/logo\/image\/\"},\"sameAs\":[\"https:\/\/www.facebook.com\/gozz4all\/\",\"https:\/\/www.instagram.com\/gozz4allfashion\/?hl=nl\"]}]}<\/script>\n<!-- \/ Yoast SEO plugin. -->","yoast_head_json":{"title":"Voetenzak-rolstoel-scootmobiel-buggy klaproos | Gozz4All","description":"Voetenzak-rolstoel-scootmobiel-buggy-softshell-Microfiber-Gozz4all- vuil en waterafstotend-sterke rits-zij en onderkant kan volledig open.","robots":{"index":"index","follow":"follow","max-snippet":"max-snippet:-1","max-image-preview":"max-image-preview:large","max-video-preview":"max-video-preview:-1"},"canonical":"https:\/\/gozz4all.com\/fr\/kleding\/jassen\/voetenzak-rolstoel-scootmobiel-buggy-softshell-microfiber\/","og_locale":"fr_FR","og_type":"article","og_title":"Voetenzak-rolstoel-scootmobiel-buggy klaproos | Gozz4All","og_description":"Voetenzak-rolstoel-scootmobiel-buggy-softshell-Microfiber-Gozz4all- vuil en waterafstotend-sterke rits-zij en onderkant kan volledig open.","og_url":"https:\/\/gozz4all.com\/fr\/kleding\/jassen\/voetenzak-rolstoel-scootmobiel-buggy-softshell-microfiber\/","og_site_name":"Gozz4All","article_publisher":"https:\/\/www.facebook.com\/gozz4all\/","article_modified_time":"2022-08-27T18:42:48+00:00","og_image":[{"width":1707,"height":2560,"url":"https:\/\/gozz4all.com\/wp-content\/uploads\/2022\/08\/DSC_0107-scaled.jpg","type":"image\/jpeg"}],"twitter_card":"summary_large_image","twitter_misc":{"Dur\u00e9e de lecture estim\u00e9e":"1 minute"},"schema":{"@context":"https:\/\/schema.org","@graph":[{"@type":"WebPage","@id":"https:\/\/gozz4all.com\/kleding\/jassen\/voetenzak-rolstoel-scootmobiel-buggy-softshell-microfiber\/","url":"https:\/\/gozz4all.com\/kleding\/jassen\/voetenzak-rolstoel-scootmobiel-buggy-softshell-microfiber\/","name":"Voetenzak-rolstoel-scootmobiel-buggy klaproos | Gozz4All","isPartOf":{"@id":"https:\/\/gozz4all.com\/fr\/#website"},"primaryImageOfPage":{"@id":"https:\/\/gozz4all.com\/kleding\/jassen\/voetenzak-rolstoel-scootmobiel-buggy-softshell-microfiber\/#primaryimage"},"image":{"@id":"https:\/\/gozz4all.com\/kleding\/jassen\/voetenzak-rolstoel-scootmobiel-buggy-softshell-microfiber\/#primaryimage"},"thumbnailUrl":"https:\/\/gozz4all.com\/wp-content\/uploads\/2022\/08\/DSC_0107-scaled.jpg","datePublished":"2022-08-27T11:16:13+00:00","dateModified":"2022-08-27T18:42:48+00:00","description":"Voetenzak-rolstoel-scootmobiel-buggy-softshell-Microfiber-Gozz4all- vuil en waterafstotend-sterke rits-zij en onderkant kan volledig open.","breadcrumb":{"@id":"https:\/\/gozz4all.com\/kleding\/jassen\/voetenzak-rolstoel-scootmobiel-buggy-softshell-microfiber\/#breadcrumb"},"inLanguage":"fr-FR","potentialAction":[{"@type":"ReadAction","target":["https:\/\/gozz4all.com\/kleding\/jassen\/voetenzak-rolstoel-scootmobiel-buggy-softshell-microfiber\/"]}]},{"@type":"ImageObject","inLanguage":"fr-FR","@id":"https:\/\/gozz4all.com\/kleding\/jassen\/voetenzak-rolstoel-scootmobiel-buggy-softshell-microfiber\/#primaryimage","url":"https:\/\/gozz4all.com\/wp-content\/uploads\/2022\/08\/DSC_0107-scaled.jpg","contentUrl":"https:\/\/gozz4all.com\/wp-content\/uploads\/2022\/08\/DSC_0107-scaled.jpg","width":1707,"height":2560},{"@type":"BreadcrumbList","@id":"https:\/\/gozz4all.com\/kleding\/jassen\/voetenzak-rolstoel-scootmobiel-buggy-softshell-microfiber\/#breadcrumb","itemListElement":[{"@type":"ListItem","position":1,"name":"Home","item":"https:\/\/gozz4all.com\/"},{"@type":"ListItem","position":2,"name":"Producten","item":"https:\/\/gozz4all.com\/shop\/"},{"@type":"ListItem","position":3,"name":"Voetenzak-rolstoel-scootmobiel-buggy klaproos"}]},{"@type":"WebSite","@id":"https:\/\/gozz4all.com\/fr\/#website","url":"https:\/\/gozz4all.com\/fr\/","name":"Gozz4All","description":"Gozz4All","publisher":{"@id":"https:\/\/gozz4all.com\/fr\/#organization"},"potentialAction":[{"@type":"SearchAction","target":{"@type":"EntryPoint","urlTemplate":"https:\/\/gozz4all.com\/fr\/?s={search_term_string}"},"query-input":{"@type":"PropertyValueSpecification","valueRequired":true,"valueName":"search_term_string"}}],"inLanguage":"fr-FR"},{"@type":"Organization","@id":"https:\/\/gozz4all.com\/fr\/#organization","name":"Gozz4all","url":"https:\/\/gozz4all.com\/fr\/","logo":{"@type":"ImageObject","inLanguage":"fr-FR","@id":"https:\/\/gozz4all.com\/fr\/#\/schema\/logo\/image\/","url":"https:\/\/gozz4all.com\/wp-content\/uploads\/2020\/04\/Logo-ask-for-better-one.png","contentUrl":"https:\/\/gozz4all.com\/wp-content\/uploads\/2020\/04\/Logo-ask-for-better-one.png","width":146,"height":60,"caption":"Gozz4all"},"image":{"@id":"https:\/\/gozz4all.com\/fr\/#\/schema\/logo\/image\/"},"sameAs":["https:\/\/www.facebook.com\/gozz4all\/","https:\/\/www.instagram.com\/gozz4allfashion\/?hl=nl"]}]}},"_links":{"self":[{"href":"https:\/\/gozz4all.com\/fr\/wp-json\/wp\/v2\/product\/19515","targetHints":{"allow":["GET"]}}],"collection":[{"href":"https:\/\/gozz4all.com\/fr\/wp-json\/wp\/v2\/product"}],"about":[{"href":"https:\/\/gozz4all.com\/fr\/wp-json\/wp\/v2\/types\/product"}],"wp:featuredmedia":[{"embeddable":true,"href":"https:\/\/gozz4all.com\/fr\/wp-json\/wp\/v2\/media\/19517"}],"wp:attachment":[{"href":"https:\/\/gozz4all.com\/fr\/wp-json\/wp\/v2\/media?parent=19515"}],"wp:term":[{"taxonomy":"product_brand","embeddable":true,"href":"https:\/\/gozz4all.com\/fr\/wp-json\/wp\/v2\/product_brand?post=19515"},{"taxonomy":"product_cat","embeddable":true,"href":"https:\/\/gozz4all.com\/fr\/wp-json\/wp\/v2\/product_cat?post=19515"},{"taxonomy":"product_tag","embeddable":true,"href":"https:\/\/gozz4all.com\/fr\/wp-json\/wp\/v2\/product_tag?post=19515"}],"curies":[{"name":"wp","href":"https:\/\/api.w.org\/{rel}","templated":true}]}}