{"id":18524,"date":"2022-06-12T13:21:39","date_gmt":"2022-06-12T11:21:39","guid":{"rendered":"https:\/\/gozz4all.com\/?post_type=product&#038;p=18524"},"modified":"2022-08-26T16:42:21","modified_gmt":"2022-08-26T14:42:21","slug":"jurk-met-broekje-uitkleedgedrag-smeer-en-plukgedrag-onderaan-body-vastgemaakt-met-broekje-tijdbesparend","status":"publish","type":"product","link":"https:\/\/gozz4all.com\/fr\/product\/jurk-met-broekje-uitkleedgedrag-smeer-en-plukgedrag-onderaan-body-vastgemaakt-met-broekje-tijdbesparend\/","title":{"rendered":"robe-robe avec pantalon fantaisie rouge"},"content":{"rendered":"<p>Super mignonne robe de printemps\/\u00e9t\u00e9.<\/p>\n<p>Pouvoir enfin remettre une robe de chambre, sans qu'ils ne puissent faire leur frottage\/\u00e9pilation.<\/p>\n<p>Une robe ample avec, en dessous, un pantalon court qui s'adapte bien aux fesses\/aux chevilles.<\/p>\n<p>Il y a une fermeture \u00e9clair \u00e0 l'arri\u00e8re de la robe pour l'enfiler et l'enlever.<\/p>\n<p>Dans un tissu extensible de bonne qualit\u00e9.<\/p>\n<p>95% Coton , 5 % El<\/p>\n<p>Tunique : 100% Viscose<\/p>\n<p>Comportement de graissage et de d\u00e9shabillage<\/p>\n<p>Certaines personnes ont des probl\u00e8mes de d\u00e9shabillage ou de comportement lubrifiant. Ils ne peuvent rien y faire, c'est un besoin qu'ils ont.<\/p>\n<p>Cette robe les emp\u00eache d'avoir cette envie, car s'il n'y a pas de d\u00e9clencheur, l'envie dispara\u00eet.<\/p>\n<p>Cela permet de gagner beaucoup de temps et de se sentir plus en s\u00e9curit\u00e9.<\/p>","protected":false},"excerpt":{"rendered":"<p>Super mignonne robe de printemps\/\u00e9t\u00e9.<\/p>\n<p>Pouvoir enfin remettre une robe de chambre, sans qu'ils ne puissent faire leur frottage\/\u00e9pilation.<\/p>\n<p>Une robe ample avec, en dessous, un pantalon court qui s'adapte bien aux fesses\/aux chevilles.<\/p>\n<p>Il y a une fermeture \u00e9clair \u00e0 l'arri\u00e8re de la robe pour l'enfiler et l'enlever.<\/p>\n<p>Dans un tissu extensible de bonne qualit\u00e9.<\/p>\n<p>95% Coton , 5 % El<\/p>\n<p>Tunique : 100% Viscose<\/p>\n<p>Comportement de graissage et de d\u00e9shabillage<\/p>\n<p>Certaines personnes ont des probl\u00e8mes de d\u00e9shabillage ou de comportement lubrifiant. Ils ne peuvent rien y faire, c'est un besoin qu'ils ont.<\/p>\n<p>Cette robe les emp\u00eache d'avoir cette envie, car s'il n'y a pas de d\u00e9clencheur, l'envie dispara\u00eet.<\/p>\n<p>Cela permet de gagner beaucoup de temps et de se sentir plus en s\u00e9curit\u00e9.<\/p>","protected":false},"featured_media":18535,"template":"","meta":[],"product_brand":[],"product_cat":[611,613,445,455,476],"product_tag":[],"class_list":{"0":"post-18524","1":"product","2":"type-product","3":"status-publish","4":"has-post-thumbnail","6":"product_cat-kids","7":"product_cat-volwassenen","8":"product_cat-new","9":"product_cat-bovenkledij","10":"product_cat-jurk-kleedje-dress-op-maat","11":"pa_maat-140-146-2","12":"pa_maat-152-158-2","13":"pa_maat-164-170-2-fr","14":"pa_maat-176-182-2-fr","15":"pa_maat-128-134-2-de","16":"pa_maat-l-2-en","17":"pa_maat-m-2-fr","18":"pa_maat-s-2-fr","19":"pa_maat-xl-2-fr","20":"pa_maat-xxl-de","21":"pif-has-gallery","23":"first","24":"instock","25":"taxable","26":"shipping-taxable","27":"purchasable","28":"product-type-variable"},"yoast_head":"<!-- This site is optimized with the Yoast SEO plugin v27.2 - https:\/\/yoast.com\/product\/yoast-seo-wordpress\/ -->\n<title>jurk-kleedje met broekje fantasy red | Gozz4All<\/title>\n<meta name=\"description\" content=\"Jurk met onderaan body die zijn vastgemaakt aan elkaar met korte broek- pluk en smeergedrag, uitkleeddrang- Gozz4all- eindelijk weer een kleedje aan!\" \/>\n<meta name=\"robots\" content=\"index, follow, max-snippet:-1, max-image-preview:large, max-video-preview:-1\" \/>\n<link rel=\"canonical\" href=\"https:\/\/gozz4all.com\/fr\/volwassenen\/jurk-met-broekje-uitkleedgedrag-smeer-en-plukgedrag-onderaan-body-vastgemaakt-met-broekje-tijdbesparend\/\" \/>\n<meta property=\"og:locale\" content=\"fr_FR\" \/>\n<meta property=\"og:type\" content=\"article\" \/>\n<meta property=\"og:title\" content=\"jurk-kleedje met broekje fantasy red | Gozz4All\" \/>\n<meta property=\"og:description\" content=\"Jurk met onderaan body die zijn vastgemaakt aan elkaar met korte broek- pluk en smeergedrag, uitkleeddrang- Gozz4all- eindelijk weer een kleedje aan!\" \/>\n<meta property=\"og:url\" content=\"https:\/\/gozz4all.com\/fr\/volwassenen\/jurk-met-broekje-uitkleedgedrag-smeer-en-plukgedrag-onderaan-body-vastgemaakt-met-broekje-tijdbesparend\/\" \/>\n<meta property=\"og:site_name\" content=\"Gozz4All\" \/>\n<meta property=\"article:publisher\" content=\"https:\/\/www.facebook.com\/gozz4all\/\" \/>\n<meta property=\"article:modified_time\" content=\"2022-08-26T14:42:21+00:00\" \/>\n<meta property=\"og:image\" content=\"https:\/\/gozz4all.com\/wp-content\/uploads\/2022\/06\/DSC_0633.jpg\" \/>\n\t<meta property=\"og:image:width\" content=\"800\" \/>\n\t<meta property=\"og:image:height\" content=\"1200\" \/>\n\t<meta property=\"og:image:type\" content=\"image\/jpeg\" \/>\n<meta name=\"twitter:card\" content=\"summary_large_image\" \/>\n<meta name=\"twitter:label1\" content=\"Dur\u00e9e de lecture estim\u00e9e\" \/>\n\t<meta name=\"twitter:data1\" content=\"1 minute\" \/>\n<script type=\"application\/ld+json\" class=\"yoast-schema-graph\">{\"@context\":\"https:\/\/schema.org\",\"@graph\":[{\"@type\":\"WebPage\",\"@id\":\"https:\/\/gozz4all.com\/volwassenen\/jurk-met-broekje-uitkleedgedrag-smeer-en-plukgedrag-onderaan-body-vastgemaakt-met-broekje-tijdbesparend\/\",\"url\":\"https:\/\/gozz4all.com\/volwassenen\/jurk-met-broekje-uitkleedgedrag-smeer-en-plukgedrag-onderaan-body-vastgemaakt-met-broekje-tijdbesparend\/\",\"name\":\"jurk-kleedje met broekje fantasy red | Gozz4All\",\"isPartOf\":{\"@id\":\"https:\/\/gozz4all.com\/fr\/#website\"},\"primaryImageOfPage\":{\"@id\":\"https:\/\/gozz4all.com\/volwassenen\/jurk-met-broekje-uitkleedgedrag-smeer-en-plukgedrag-onderaan-body-vastgemaakt-met-broekje-tijdbesparend\/#primaryimage\"},\"image\":{\"@id\":\"https:\/\/gozz4all.com\/volwassenen\/jurk-met-broekje-uitkleedgedrag-smeer-en-plukgedrag-onderaan-body-vastgemaakt-met-broekje-tijdbesparend\/#primaryimage\"},\"thumbnailUrl\":\"https:\/\/gozz4all.com\/wp-content\/uploads\/2022\/06\/DSC_0633.jpg\",\"datePublished\":\"2022-06-12T11:21:39+00:00\",\"dateModified\":\"2022-08-26T14:42:21+00:00\",\"description\":\"Jurk met onderaan body die zijn vastgemaakt aan elkaar met korte broek- pluk en smeergedrag, uitkleeddrang- Gozz4all- eindelijk weer een kleedje aan!\",\"breadcrumb\":{\"@id\":\"https:\/\/gozz4all.com\/volwassenen\/jurk-met-broekje-uitkleedgedrag-smeer-en-plukgedrag-onderaan-body-vastgemaakt-met-broekje-tijdbesparend\/#breadcrumb\"},\"inLanguage\":\"fr-FR\",\"potentialAction\":[{\"@type\":\"ReadAction\",\"target\":[\"https:\/\/gozz4all.com\/volwassenen\/jurk-met-broekje-uitkleedgedrag-smeer-en-plukgedrag-onderaan-body-vastgemaakt-met-broekje-tijdbesparend\/\"]}]},{\"@type\":\"ImageObject\",\"inLanguage\":\"fr-FR\",\"@id\":\"https:\/\/gozz4all.com\/volwassenen\/jurk-met-broekje-uitkleedgedrag-smeer-en-plukgedrag-onderaan-body-vastgemaakt-met-broekje-tijdbesparend\/#primaryimage\",\"url\":\"https:\/\/gozz4all.com\/wp-content\/uploads\/2022\/06\/DSC_0633.jpg\",\"contentUrl\":\"https:\/\/gozz4all.com\/wp-content\/uploads\/2022\/06\/DSC_0633.jpg\",\"width\":800,\"height\":1200},{\"@type\":\"BreadcrumbList\",\"@id\":\"https:\/\/gozz4all.com\/volwassenen\/jurk-met-broekje-uitkleedgedrag-smeer-en-plukgedrag-onderaan-body-vastgemaakt-met-broekje-tijdbesparend\/#breadcrumb\",\"itemListElement\":[{\"@type\":\"ListItem\",\"position\":1,\"name\":\"Home\",\"item\":\"https:\/\/gozz4all.com\/\"},{\"@type\":\"ListItem\",\"position\":2,\"name\":\"Producten\",\"item\":\"https:\/\/gozz4all.com\/shop\/\"},{\"@type\":\"ListItem\",\"position\":3,\"name\":\"jurk-kleedje met broekje fantasy red\"}]},{\"@type\":\"WebSite\",\"@id\":\"https:\/\/gozz4all.com\/fr\/#website\",\"url\":\"https:\/\/gozz4all.com\/fr\/\",\"name\":\"Gozz4All\",\"description\":\"Gozz4All\",\"publisher\":{\"@id\":\"https:\/\/gozz4all.com\/fr\/#organization\"},\"potentialAction\":[{\"@type\":\"SearchAction\",\"target\":{\"@type\":\"EntryPoint\",\"urlTemplate\":\"https:\/\/gozz4all.com\/fr\/?s={search_term_string}\"},\"query-input\":{\"@type\":\"PropertyValueSpecification\",\"valueRequired\":true,\"valueName\":\"search_term_string\"}}],\"inLanguage\":\"fr-FR\"},{\"@type\":\"Organization\",\"@id\":\"https:\/\/gozz4all.com\/fr\/#organization\",\"name\":\"Gozz4all\",\"url\":\"https:\/\/gozz4all.com\/fr\/\",\"logo\":{\"@type\":\"ImageObject\",\"inLanguage\":\"fr-FR\",\"@id\":\"https:\/\/gozz4all.com\/fr\/#\/schema\/logo\/image\/\",\"url\":\"https:\/\/gozz4all.com\/wp-content\/uploads\/2020\/04\/Logo-ask-for-better-one.png\",\"contentUrl\":\"https:\/\/gozz4all.com\/wp-content\/uploads\/2020\/04\/Logo-ask-for-better-one.png\",\"width\":146,\"height\":60,\"caption\":\"Gozz4all\"},\"image\":{\"@id\":\"https:\/\/gozz4all.com\/fr\/#\/schema\/logo\/image\/\"},\"sameAs\":[\"https:\/\/www.facebook.com\/gozz4all\/\",\"https:\/\/www.instagram.com\/gozz4allfashion\/?hl=nl\"]}]}<\/script>\n<!-- \/ Yoast SEO plugin. -->","yoast_head_json":{"title":"jurk-kleedje met broekje fantasy red | Gozz4All","description":"Jurk met onderaan body die zijn vastgemaakt aan elkaar met korte broek- pluk en smeergedrag, uitkleeddrang- Gozz4all- eindelijk weer een kleedje aan!","robots":{"index":"index","follow":"follow","max-snippet":"max-snippet:-1","max-image-preview":"max-image-preview:large","max-video-preview":"max-video-preview:-1"},"canonical":"https:\/\/gozz4all.com\/fr\/volwassenen\/jurk-met-broekje-uitkleedgedrag-smeer-en-plukgedrag-onderaan-body-vastgemaakt-met-broekje-tijdbesparend\/","og_locale":"fr_FR","og_type":"article","og_title":"jurk-kleedje met broekje fantasy red | Gozz4All","og_description":"Jurk met onderaan body die zijn vastgemaakt aan elkaar met korte broek- pluk en smeergedrag, uitkleeddrang- Gozz4all- eindelijk weer een kleedje aan!","og_url":"https:\/\/gozz4all.com\/fr\/volwassenen\/jurk-met-broekje-uitkleedgedrag-smeer-en-plukgedrag-onderaan-body-vastgemaakt-met-broekje-tijdbesparend\/","og_site_name":"Gozz4All","article_publisher":"https:\/\/www.facebook.com\/gozz4all\/","article_modified_time":"2022-08-26T14:42:21+00:00","og_image":[{"width":800,"height":1200,"url":"https:\/\/gozz4all.com\/wp-content\/uploads\/2022\/06\/DSC_0633.jpg","type":"image\/jpeg"}],"twitter_card":"summary_large_image","twitter_misc":{"Dur\u00e9e de lecture estim\u00e9e":"1 minute"},"schema":{"@context":"https:\/\/schema.org","@graph":[{"@type":"WebPage","@id":"https:\/\/gozz4all.com\/volwassenen\/jurk-met-broekje-uitkleedgedrag-smeer-en-plukgedrag-onderaan-body-vastgemaakt-met-broekje-tijdbesparend\/","url":"https:\/\/gozz4all.com\/volwassenen\/jurk-met-broekje-uitkleedgedrag-smeer-en-plukgedrag-onderaan-body-vastgemaakt-met-broekje-tijdbesparend\/","name":"jurk-kleedje met broekje fantasy red | Gozz4All","isPartOf":{"@id":"https:\/\/gozz4all.com\/fr\/#website"},"primaryImageOfPage":{"@id":"https:\/\/gozz4all.com\/volwassenen\/jurk-met-broekje-uitkleedgedrag-smeer-en-plukgedrag-onderaan-body-vastgemaakt-met-broekje-tijdbesparend\/#primaryimage"},"image":{"@id":"https:\/\/gozz4all.com\/volwassenen\/jurk-met-broekje-uitkleedgedrag-smeer-en-plukgedrag-onderaan-body-vastgemaakt-met-broekje-tijdbesparend\/#primaryimage"},"thumbnailUrl":"https:\/\/gozz4all.com\/wp-content\/uploads\/2022\/06\/DSC_0633.jpg","datePublished":"2022-06-12T11:21:39+00:00","dateModified":"2022-08-26T14:42:21+00:00","description":"Jurk met onderaan body die zijn vastgemaakt aan elkaar met korte broek- pluk en smeergedrag, uitkleeddrang- Gozz4all- eindelijk weer een kleedje aan!","breadcrumb":{"@id":"https:\/\/gozz4all.com\/volwassenen\/jurk-met-broekje-uitkleedgedrag-smeer-en-plukgedrag-onderaan-body-vastgemaakt-met-broekje-tijdbesparend\/#breadcrumb"},"inLanguage":"fr-FR","potentialAction":[{"@type":"ReadAction","target":["https:\/\/gozz4all.com\/volwassenen\/jurk-met-broekje-uitkleedgedrag-smeer-en-plukgedrag-onderaan-body-vastgemaakt-met-broekje-tijdbesparend\/"]}]},{"@type":"ImageObject","inLanguage":"fr-FR","@id":"https:\/\/gozz4all.com\/volwassenen\/jurk-met-broekje-uitkleedgedrag-smeer-en-plukgedrag-onderaan-body-vastgemaakt-met-broekje-tijdbesparend\/#primaryimage","url":"https:\/\/gozz4all.com\/wp-content\/uploads\/2022\/06\/DSC_0633.jpg","contentUrl":"https:\/\/gozz4all.com\/wp-content\/uploads\/2022\/06\/DSC_0633.jpg","width":800,"height":1200},{"@type":"BreadcrumbList","@id":"https:\/\/gozz4all.com\/volwassenen\/jurk-met-broekje-uitkleedgedrag-smeer-en-plukgedrag-onderaan-body-vastgemaakt-met-broekje-tijdbesparend\/#breadcrumb","itemListElement":[{"@type":"ListItem","position":1,"name":"Home","item":"https:\/\/gozz4all.com\/"},{"@type":"ListItem","position":2,"name":"Producten","item":"https:\/\/gozz4all.com\/shop\/"},{"@type":"ListItem","position":3,"name":"jurk-kleedje met broekje fantasy red"}]},{"@type":"WebSite","@id":"https:\/\/gozz4all.com\/fr\/#website","url":"https:\/\/gozz4all.com\/fr\/","name":"Gozz4All","description":"Gozz4All","publisher":{"@id":"https:\/\/gozz4all.com\/fr\/#organization"},"potentialAction":[{"@type":"SearchAction","target":{"@type":"EntryPoint","urlTemplate":"https:\/\/gozz4all.com\/fr\/?s={search_term_string}"},"query-input":{"@type":"PropertyValueSpecification","valueRequired":true,"valueName":"search_term_string"}}],"inLanguage":"fr-FR"},{"@type":"Organization","@id":"https:\/\/gozz4all.com\/fr\/#organization","name":"Gozz4all","url":"https:\/\/gozz4all.com\/fr\/","logo":{"@type":"ImageObject","inLanguage":"fr-FR","@id":"https:\/\/gozz4all.com\/fr\/#\/schema\/logo\/image\/","url":"https:\/\/gozz4all.com\/wp-content\/uploads\/2020\/04\/Logo-ask-for-better-one.png","contentUrl":"https:\/\/gozz4all.com\/wp-content\/uploads\/2020\/04\/Logo-ask-for-better-one.png","width":146,"height":60,"caption":"Gozz4all"},"image":{"@id":"https:\/\/gozz4all.com\/fr\/#\/schema\/logo\/image\/"},"sameAs":["https:\/\/www.facebook.com\/gozz4all\/","https:\/\/www.instagram.com\/gozz4allfashion\/?hl=nl"]}]}},"_links":{"self":[{"href":"https:\/\/gozz4all.com\/fr\/wp-json\/wp\/v2\/product\/18524","targetHints":{"allow":["GET"]}}],"collection":[{"href":"https:\/\/gozz4all.com\/fr\/wp-json\/wp\/v2\/product"}],"about":[{"href":"https:\/\/gozz4all.com\/fr\/wp-json\/wp\/v2\/types\/product"}],"wp:featuredmedia":[{"embeddable":true,"href":"https:\/\/gozz4all.com\/fr\/wp-json\/wp\/v2\/media\/18535"}],"wp:attachment":[{"href":"https:\/\/gozz4all.com\/fr\/wp-json\/wp\/v2\/media?parent=18524"}],"wp:term":[{"taxonomy":"product_brand","embeddable":true,"href":"https:\/\/gozz4all.com\/fr\/wp-json\/wp\/v2\/product_brand?post=18524"},{"taxonomy":"product_cat","embeddable":true,"href":"https:\/\/gozz4all.com\/fr\/wp-json\/wp\/v2\/product_cat?post=18524"},{"taxonomy":"product_tag","embeddable":true,"href":"https:\/\/gozz4all.com\/fr\/wp-json\/wp\/v2\/product_tag?post=18524"}],"curies":[{"name":"wp","href":"https:\/\/api.w.org\/{rel}","templated":true}]}}