{"id":18291,"date":"2022-06-11T13:25:03","date_gmt":"2022-06-11T11:25:03","guid":{"rendered":"https:\/\/gozz4all.com\/?post_type=product&#038;p=18291"},"modified":"2025-01-21T12:26:36","modified_gmt":"2025-01-21T10:26:36","slug":"pyjama-huispak-jumpy-hansop-fiets-mint","status":"publish","type":"product","link":"https:\/\/gozz4all.com\/fr\/product\/pyjama-huispak-jumpy-hansop-fiets-mint\/","title":{"rendered":"Pyjama-suit-jumpy-hansop bicycle mint"},"content":{"rendered":"<p><strong>Description<\/strong><\/p>\n<p>Il s'agit d'une bonne \u00e9tape interm\u00e9diaire pour les personnes qui ont un comportement de d\u00e9shabillage et d'\u00e9talement.<\/p>\n<p>Comme la fermeture \u00e9clair se trouve dans le dos, la personne ne peut pas se d\u00e9shabiller toute seule.<\/p>\n<p>Au-dessus de la fermeture \u00e0 glissi\u00e8re se trouve un rabat de tissu qu'il faut d'abord replier avant de pouvoir ouvrir le pyjama. Cela rend la fermeture \u00e9clair plus difficile \u00e0 ouvrir.<\/p>\n<p>En outre, cette pi\u00e8ce de tissu emp\u00eache la fermeture \u00e9clair d'irriter le cou. Il ne pose aucun probl\u00e8me lorsqu'on s'allonge dessus.<\/p>\n<p>R\u00e9alis\u00e9 dans un agr\u00e9able tissu jersey en coton 95%, avec le label de qualit\u00e9 Oeko. Il est donc extensible.<\/p>\n<p>Cela ne convient pas aux personnes qui d\u00e9chirent vraiment. (Vous trouverez des v\u00eatements et des outils pour cela sur la page anti-arrachement de ce site).<\/p>\n<p>Il y a un espace suppl\u00e9mentaire pour le mat\u00e9riel d'incontinence, ce qui le rend tr\u00e8s confortable \u00e0 porter. Il est particuli\u00e8rement adapt\u00e9 aux personnes ayant un comportement impulsif, comme celles souffrant de la maladie d'Alzheimer ou de d\u00e9mence, car il emp\u00eache l'acc\u00e8s au mat\u00e9riel d'incontinence et \u00e9vite les d\u00e9shabillages intempestifs.<\/p>\n<p><strong>Convient pour\u00a0<\/strong><\/p>\n<ul>\n<li>les personnes ayant un comportement d\u00e9shabill\u00e9<\/li>\n<li>les personnes souffrant d'un handicap mental<\/li>\n<li>les personnes souffrant de probl\u00e8mes d'incontinence<\/li>\n<\/ul>\n<p><strong>Composition :<\/strong><br \/>\n95% Coton, 5% Elasthanne<\/p>","protected":false},"excerpt":{"rendered":"<p><strong>Description<\/strong><br \/>\nEen comfortabele Jumpy, dat zowel overdag als s&#8217;nachts gedragen kan worden. De stretchstof is van hoge kwaliteit.<br \/>\nComme la fermeture \u00e9clair se trouve dans le dos, la personne ne peut pas se d\u00e9shabiller toute seule.<\/p>\n<p><strong>Convient pour\u00a0<\/strong><\/p>\n<ul>\n<li>les personnes ayant un comportement d\u00e9shabill\u00e9<\/li>\n<li>les personnes souffrant d'un handicap mental<\/li>\n<li>les personnes souffrant de probl\u00e8mes d'incontinence<\/li>\n<\/ul>\n<p><strong>Composition :<\/strong><br \/>\n95% Coton, 5% Elasthanne<\/p>","protected":false},"featured_media":18304,"template":"","meta":[],"product_brand":[],"product_cat":[611,612,613,618,45],"product_tag":[],"class_list":{"0":"post-18291","1":"product","2":"type-product","3":"status-publish","4":"has-post-thumbnail","6":"product_cat-kids","7":"product_cat-ouderen-dementie","8":"product_cat-volwassenen","9":"product_cat-hansop-jumpys-huispak","10":"product_cat-slaapkledij-hansop-jumpy-onesie-huispak-anti-uitkleed-kleding","11":"pa_maat-140-146-2","12":"pa_maat-152-158-2","13":"pa_maat-xxl","14":"pa_maat-164-170-2","15":"pa_maat-l-2-fr","16":"pa_maat-176-182-2","17":"pa_maat-188-2","18":"pa_maat-s-2","19":"pa_maat-m-2","20":"pa_maat-92-98","21":"pa_maat-xl-2","22":"pa_maat-104-110-2","23":"pa_maat-116-122-2","24":"pa_maat-128-134-2","25":"pa_uitvoering-side-open","26":"pa_uitvoering-verschoningsrits-tussen-de-benen","27":"pa_uitvoering-regular","28":"pa_uitvoering-sonde","29":"pa_uitvoering-stoma","31":"first","32":"outofstock","33":"featured","34":"taxable","35":"shipping-taxable","36":"product-type-simple"},"yoast_head":"<!-- This site is optimized with the Yoast SEO plugin v27.2 - https:\/\/yoast.com\/product\/yoast-seo-wordpress\/ -->\n<title>Pyjama-huispak-jumpy-hansop fiets mint | Gozz4All<\/title>\n<meta name=\"description\" content=\"Pyjama-hansop-jumpy-huispak-smeer en uitkleedgedrag-dementie-incontinentie-aangepaste kleding-rits op de rug-Gozz4allongewenst uitkleden\" \/>\n<meta name=\"robots\" content=\"index, follow, max-snippet:-1, max-image-preview:large, max-video-preview:-1\" \/>\n<link rel=\"canonical\" href=\"https:\/\/gozz4all.com\/fr\/produit\/pyjama-huispak-jumpy-hansop-fiets-mint\/\" \/>\n<meta property=\"og:locale\" content=\"fr_FR\" \/>\n<meta property=\"og:type\" content=\"article\" \/>\n<meta property=\"og:title\" content=\"Pyjama-huispak-jumpy-hansop fiets mint | Gozz4All\" \/>\n<meta property=\"og:description\" content=\"Pyjama-hansop-jumpy-huispak-smeer en uitkleedgedrag-dementie-incontinentie-aangepaste kleding-rits op de rug-Gozz4allongewenst uitkleden\" \/>\n<meta property=\"og:url\" content=\"https:\/\/gozz4all.com\/fr\/produit\/pyjama-huispak-jumpy-hansop-fiets-mint\/\" \/>\n<meta property=\"og:site_name\" content=\"Gozz4All\" \/>\n<meta property=\"article:publisher\" content=\"https:\/\/www.facebook.com\/gozz4all\/\" \/>\n<meta property=\"article:modified_time\" content=\"2025-01-21T10:26:36+00:00\" \/>\n<meta property=\"og:image\" content=\"https:\/\/gozz4all.com\/wp-content\/uploads\/2022\/06\/DSC_0512.jpg\" \/>\n\t<meta property=\"og:image:width\" content=\"800\" \/>\n\t<meta property=\"og:image:height\" content=\"1200\" \/>\n\t<meta property=\"og:image:type\" content=\"image\/jpeg\" \/>\n<meta name=\"twitter:card\" content=\"summary_large_image\" \/>\n<meta name=\"twitter:label1\" content=\"Dur\u00e9e de lecture estim\u00e9e\" \/>\n\t<meta name=\"twitter:data1\" content=\"1 minute\" \/>\n<script type=\"application\/ld+json\" class=\"yoast-schema-graph\">{\"@context\":\"https:\/\/schema.org\",\"@graph\":[{\"@type\":\"WebPage\",\"@id\":\"https:\/\/gozz4all.com\/product\/pyjama-huispak-jumpy-hansop-fiets-mint\/\",\"url\":\"https:\/\/gozz4all.com\/product\/pyjama-huispak-jumpy-hansop-fiets-mint\/\",\"name\":\"Pyjama-huispak-jumpy-hansop fiets mint | Gozz4All\",\"isPartOf\":{\"@id\":\"https:\/\/gozz4all.com\/fr\/#website\"},\"primaryImageOfPage\":{\"@id\":\"https:\/\/gozz4all.com\/product\/pyjama-huispak-jumpy-hansop-fiets-mint\/#primaryimage\"},\"image\":{\"@id\":\"https:\/\/gozz4all.com\/product\/pyjama-huispak-jumpy-hansop-fiets-mint\/#primaryimage\"},\"thumbnailUrl\":\"https:\/\/gozz4all.com\/wp-content\/uploads\/2022\/06\/DSC_0512.jpg\",\"datePublished\":\"2022-06-11T11:25:03+00:00\",\"dateModified\":\"2025-01-21T10:26:36+00:00\",\"description\":\"Pyjama-hansop-jumpy-huispak-smeer en uitkleedgedrag-dementie-incontinentie-aangepaste kleding-rits op de rug-Gozz4allongewenst uitkleden\",\"breadcrumb\":{\"@id\":\"https:\/\/gozz4all.com\/product\/pyjama-huispak-jumpy-hansop-fiets-mint\/#breadcrumb\"},\"inLanguage\":\"fr-FR\",\"potentialAction\":[{\"@type\":\"ReadAction\",\"target\":[\"https:\/\/gozz4all.com\/product\/pyjama-huispak-jumpy-hansop-fiets-mint\/\"]}]},{\"@type\":\"ImageObject\",\"inLanguage\":\"fr-FR\",\"@id\":\"https:\/\/gozz4all.com\/product\/pyjama-huispak-jumpy-hansop-fiets-mint\/#primaryimage\",\"url\":\"https:\/\/gozz4all.com\/wp-content\/uploads\/2022\/06\/DSC_0512.jpg\",\"contentUrl\":\"https:\/\/gozz4all.com\/wp-content\/uploads\/2022\/06\/DSC_0512.jpg\",\"width\":800,\"height\":1200},{\"@type\":\"BreadcrumbList\",\"@id\":\"https:\/\/gozz4all.com\/product\/pyjama-huispak-jumpy-hansop-fiets-mint\/#breadcrumb\",\"itemListElement\":[{\"@type\":\"ListItem\",\"position\":1,\"name\":\"Home\",\"item\":\"https:\/\/gozz4all.com\/\"},{\"@type\":\"ListItem\",\"position\":2,\"name\":\"Producten\",\"item\":\"https:\/\/gozz4all.com\/shop\/\"},{\"@type\":\"ListItem\",\"position\":3,\"name\":\"Pyjama-huispak-jumpy-hansop fiets mint\"}]},{\"@type\":\"WebSite\",\"@id\":\"https:\/\/gozz4all.com\/fr\/#website\",\"url\":\"https:\/\/gozz4all.com\/fr\/\",\"name\":\"Gozz4All\",\"description\":\"Gozz4All\",\"publisher\":{\"@id\":\"https:\/\/gozz4all.com\/fr\/#organization\"},\"potentialAction\":[{\"@type\":\"SearchAction\",\"target\":{\"@type\":\"EntryPoint\",\"urlTemplate\":\"https:\/\/gozz4all.com\/fr\/?s={search_term_string}\"},\"query-input\":{\"@type\":\"PropertyValueSpecification\",\"valueRequired\":true,\"valueName\":\"search_term_string\"}}],\"inLanguage\":\"fr-FR\"},{\"@type\":\"Organization\",\"@id\":\"https:\/\/gozz4all.com\/fr\/#organization\",\"name\":\"Gozz4all\",\"url\":\"https:\/\/gozz4all.com\/fr\/\",\"logo\":{\"@type\":\"ImageObject\",\"inLanguage\":\"fr-FR\",\"@id\":\"https:\/\/gozz4all.com\/fr\/#\/schema\/logo\/image\/\",\"url\":\"https:\/\/gozz4all.com\/wp-content\/uploads\/2020\/04\/Logo-ask-for-better-one.png\",\"contentUrl\":\"https:\/\/gozz4all.com\/wp-content\/uploads\/2020\/04\/Logo-ask-for-better-one.png\",\"width\":146,\"height\":60,\"caption\":\"Gozz4all\"},\"image\":{\"@id\":\"https:\/\/gozz4all.com\/fr\/#\/schema\/logo\/image\/\"},\"sameAs\":[\"https:\/\/www.facebook.com\/gozz4all\/\",\"https:\/\/www.instagram.com\/gozz4allfashion\/?hl=nl\"]}]}<\/script>\n<!-- \/ Yoast SEO plugin. -->","yoast_head_json":{"title":"Pyjama-huispak-jumpy-hansop fiets mint | Gozz4All","description":"Pyjama-hansop-jumpy-huispak-smeer en uitkleedgedrag-dementie-incontinentie-aangepaste kleding-rits op de rug-Gozz4allongewenst uitkleden","robots":{"index":"index","follow":"follow","max-snippet":"max-snippet:-1","max-image-preview":"max-image-preview:large","max-video-preview":"max-video-preview:-1"},"canonical":"https:\/\/gozz4all.com\/fr\/produit\/pyjama-huispak-jumpy-hansop-fiets-mint\/","og_locale":"fr_FR","og_type":"article","og_title":"Pyjama-huispak-jumpy-hansop fiets mint | Gozz4All","og_description":"Pyjama-hansop-jumpy-huispak-smeer en uitkleedgedrag-dementie-incontinentie-aangepaste kleding-rits op de rug-Gozz4allongewenst uitkleden","og_url":"https:\/\/gozz4all.com\/fr\/produit\/pyjama-huispak-jumpy-hansop-fiets-mint\/","og_site_name":"Gozz4All","article_publisher":"https:\/\/www.facebook.com\/gozz4all\/","article_modified_time":"2025-01-21T10:26:36+00:00","og_image":[{"width":800,"height":1200,"url":"https:\/\/gozz4all.com\/wp-content\/uploads\/2022\/06\/DSC_0512.jpg","type":"image\/jpeg"}],"twitter_card":"summary_large_image","twitter_misc":{"Dur\u00e9e de lecture estim\u00e9e":"1 minute"},"schema":{"@context":"https:\/\/schema.org","@graph":[{"@type":"WebPage","@id":"https:\/\/gozz4all.com\/product\/pyjama-huispak-jumpy-hansop-fiets-mint\/","url":"https:\/\/gozz4all.com\/product\/pyjama-huispak-jumpy-hansop-fiets-mint\/","name":"Pyjama-huispak-jumpy-hansop fiets mint | Gozz4All","isPartOf":{"@id":"https:\/\/gozz4all.com\/fr\/#website"},"primaryImageOfPage":{"@id":"https:\/\/gozz4all.com\/product\/pyjama-huispak-jumpy-hansop-fiets-mint\/#primaryimage"},"image":{"@id":"https:\/\/gozz4all.com\/product\/pyjama-huispak-jumpy-hansop-fiets-mint\/#primaryimage"},"thumbnailUrl":"https:\/\/gozz4all.com\/wp-content\/uploads\/2022\/06\/DSC_0512.jpg","datePublished":"2022-06-11T11:25:03+00:00","dateModified":"2025-01-21T10:26:36+00:00","description":"Pyjama-hansop-jumpy-huispak-smeer en uitkleedgedrag-dementie-incontinentie-aangepaste kleding-rits op de rug-Gozz4allongewenst uitkleden","breadcrumb":{"@id":"https:\/\/gozz4all.com\/product\/pyjama-huispak-jumpy-hansop-fiets-mint\/#breadcrumb"},"inLanguage":"fr-FR","potentialAction":[{"@type":"ReadAction","target":["https:\/\/gozz4all.com\/product\/pyjama-huispak-jumpy-hansop-fiets-mint\/"]}]},{"@type":"ImageObject","inLanguage":"fr-FR","@id":"https:\/\/gozz4all.com\/product\/pyjama-huispak-jumpy-hansop-fiets-mint\/#primaryimage","url":"https:\/\/gozz4all.com\/wp-content\/uploads\/2022\/06\/DSC_0512.jpg","contentUrl":"https:\/\/gozz4all.com\/wp-content\/uploads\/2022\/06\/DSC_0512.jpg","width":800,"height":1200},{"@type":"BreadcrumbList","@id":"https:\/\/gozz4all.com\/product\/pyjama-huispak-jumpy-hansop-fiets-mint\/#breadcrumb","itemListElement":[{"@type":"ListItem","position":1,"name":"Home","item":"https:\/\/gozz4all.com\/"},{"@type":"ListItem","position":2,"name":"Producten","item":"https:\/\/gozz4all.com\/shop\/"},{"@type":"ListItem","position":3,"name":"Pyjama-huispak-jumpy-hansop fiets mint"}]},{"@type":"WebSite","@id":"https:\/\/gozz4all.com\/fr\/#website","url":"https:\/\/gozz4all.com\/fr\/","name":"Gozz4All","description":"Gozz4All","publisher":{"@id":"https:\/\/gozz4all.com\/fr\/#organization"},"potentialAction":[{"@type":"SearchAction","target":{"@type":"EntryPoint","urlTemplate":"https:\/\/gozz4all.com\/fr\/?s={search_term_string}"},"query-input":{"@type":"PropertyValueSpecification","valueRequired":true,"valueName":"search_term_string"}}],"inLanguage":"fr-FR"},{"@type":"Organization","@id":"https:\/\/gozz4all.com\/fr\/#organization","name":"Gozz4all","url":"https:\/\/gozz4all.com\/fr\/","logo":{"@type":"ImageObject","inLanguage":"fr-FR","@id":"https:\/\/gozz4all.com\/fr\/#\/schema\/logo\/image\/","url":"https:\/\/gozz4all.com\/wp-content\/uploads\/2020\/04\/Logo-ask-for-better-one.png","contentUrl":"https:\/\/gozz4all.com\/wp-content\/uploads\/2020\/04\/Logo-ask-for-better-one.png","width":146,"height":60,"caption":"Gozz4all"},"image":{"@id":"https:\/\/gozz4all.com\/fr\/#\/schema\/logo\/image\/"},"sameAs":["https:\/\/www.facebook.com\/gozz4all\/","https:\/\/www.instagram.com\/gozz4allfashion\/?hl=nl"]}]}},"_links":{"self":[{"href":"https:\/\/gozz4all.com\/fr\/wp-json\/wp\/v2\/product\/18291","targetHints":{"allow":["GET"]}}],"collection":[{"href":"https:\/\/gozz4all.com\/fr\/wp-json\/wp\/v2\/product"}],"about":[{"href":"https:\/\/gozz4all.com\/fr\/wp-json\/wp\/v2\/types\/product"}],"wp:featuredmedia":[{"embeddable":true,"href":"https:\/\/gozz4all.com\/fr\/wp-json\/wp\/v2\/media\/18304"}],"wp:attachment":[{"href":"https:\/\/gozz4all.com\/fr\/wp-json\/wp\/v2\/media?parent=18291"}],"wp:term":[{"taxonomy":"product_brand","embeddable":true,"href":"https:\/\/gozz4all.com\/fr\/wp-json\/wp\/v2\/product_brand?post=18291"},{"taxonomy":"product_cat","embeddable":true,"href":"https:\/\/gozz4all.com\/fr\/wp-json\/wp\/v2\/product_cat?post=18291"},{"taxonomy":"product_tag","embeddable":true,"href":"https:\/\/gozz4all.com\/fr\/wp-json\/wp\/v2\/product_tag?post=18291"}],"curies":[{"name":"wp","href":"https:\/\/api.w.org\/{rel}","templated":true}]}}