{"id":18113,"date":"2022-05-22T14:41:30","date_gmt":"2022-05-22T12:41:30","guid":{"rendered":"https:\/\/gozz4all.com\/?post_type=product&#038;p=18113"},"modified":"2022-09-02T15:29:31","modified_gmt":"2022-09-02T13:29:31","slug":"antischeur-t-shirt-plukgedrag-scheurgedrag-autoagressie-cordura-stof-terugbetaling-vaph","status":"publish","type":"product","link":"https:\/\/gozz4all.com\/fr\/product\/antischeur-t-shirt-plukgedrag-scheurgedrag-autoagressie-cordura-stof-terugbetaling-vaph\/","title":{"rendered":"T-shirt anti-odeur camel"},"content":{"rendered":"<p>Ce T-shirt anti-d\u00e9chirure est fabriqu\u00e9 dans un tissu souple et r\u00e9sistant, le Cordura, et convient \u00e0 ceux qui enl\u00e8vent constamment leurs v\u00eatements, les d\u00e9chirent ou les mordent.<\/p>\n<p>Pour garantir la solidit\u00e9, toutes les coutures sont cousues \u00e0 plusieurs endroits.<\/p>\n<p>Le mod\u00e8le peut \u00eatre \u00e9quip\u00e9 de manches courtes ou longues.<\/p>\n<p>Il y a une courte fermeture \u00e9clair \u00e0 l'arri\u00e8re pour pouvoir l'enfiler sur la t\u00eate.<\/p>\n<p>Si une fermeture \u00e9clair dorsale compl\u00e8te est requise, vous pouvez \u00e9galement l'indiquer dans le choix des options.<\/p>\n<p>Il y a un cordon de serrage au bas du t-shirt pour que vous puissiez l'enfiler. Si c'est une g\u00e2chette trop importante, vous pouvez aussi commander sans cela et ce sera juste une coupe droite.<\/p>\n<p>Les tissus Cordura sont fabriqu\u00e9s \u00e0 partir d'un <a title=\"Nylon\" href=\"https:\/\/nl.wikipedia.org\/wiki\/Nylon\">nylon 6,6<\/a>&#8211;<a class=\"mw-redirect\" title=\"Mati\u00e8res premi\u00e8res textiles\" href=\"https:\/\/nl.wikipedia.org\/wiki\/Textiele_grondstoffen\">fibres<\/a>\u00a0et sa caract\u00e9ristique g\u00e9n\u00e9rale est de pouvoir supporter de lourdes charges.<\/p>\n<p>Ce tissu est utilis\u00e9 pour les valises, les sacs \u00e0 dos, les chaussures et les v\u00eatements militaires. Le mat\u00e9riau est r\u00e9sistant \u00e0 l'abrasion (usure par frottement), \u00e0 la d\u00e9chirure et peut supporter une manipulation brutale.<\/p>\n<p>Si des ajustements suppl\u00e9mentaires sont n\u00e9cessaires, veuillez envoyer un e-mail \u00e0 info@gozz.be, et nous serons heureux de vous aider.<\/p>\n<p>Les prix indiqu\u00e9s ici incluent la TVA !<\/p>\n<p><strong>Cet article peut \u00e9galement \u00eatre rembours\u00e9 par la VAPH.<\/strong><\/p>\n<p><strong><br \/>\n<\/strong>Mat\u00e9riau respirant et r\u00e9sistant aux d\u00e9chirures<br \/>\nCoutures doubles renforc\u00e9es Pour les patients tr\u00e8s agit\u00e9s avec :<br \/>\ncomportement compulsif de d\u00e9shabillage<br \/>\ncomportement de d\u00e9chirement et d'arrachage<br \/>\nAuto-agression<\/p>\n<p>Ce T-shirt doit \u00eatre lav\u00e9\/rinc\u00e9 \u00e0 30\u00b0 pour la premi\u00e8re fois. Ensuite, il peut \u00eatre lav\u00e9 \u00e0 60\u00b0 et mis au s\u00e8che-linge.<\/p>","protected":false},"excerpt":{"rendered":"<p>Ce T-shirt anti-d\u00e9chirure est fabriqu\u00e9 dans un tissu souple et r\u00e9sistant, le Cordura, et convient \u00e0 ceux qui enl\u00e8vent constamment leurs v\u00eatements, les d\u00e9chirent ou les mordent.<\/p>\n<p>Les tissus Cordura sont fabriqu\u00e9s \u00e0 partir d'un <a title=\"Nylon\" href=\"https:\/\/nl.wikipedia.org\/wiki\/Nylon\">nylon 6,6<\/a>&#8211;<a class=\"mw-redirect\" title=\"Mati\u00e8res premi\u00e8res textiles\" href=\"https:\/\/nl.wikipedia.org\/wiki\/Textiele_grondstoffen\">fibres<\/a>\u00a0et sa caract\u00e9ristique g\u00e9n\u00e9rale est de pouvoir supporter de lourdes charges.<\/p>\n<p>Ce tissu est utilis\u00e9 pour les valises, les sacs \u00e0 dos, les chaussures et les v\u00eatements militaires. Le mat\u00e9riau est r\u00e9sistant \u00e0 l'abrasion (usure par frottement), \u00e0 la d\u00e9chirure et peut supporter une manipulation brutale.<\/p>\n<p>Pour garantir la solidit\u00e9, toutes les coutures sont cousues \u00e0 plusieurs endroits.<\/p>\n<p>Het model kan met korte of lange mouwen voorzien worden<\/p>\n<p>Il y a une courte fermeture \u00e9clair \u00e0 l'arri\u00e8re pour pouvoir l'enfiler sur la t\u00eate.<\/p>\n<p>Indien er een volledige rits aan de achterzijde nodig is, geeft U dit door in de opmerkingen.<\/p>\n<p>Il y a un cordon de serrage au bas du t-shirt pour que vous puissiez l'enfiler. Si c'est une g\u00e2chette trop importante, vous pouvez aussi commander sans cela et ce sera juste une coupe droite.<\/p>\n<p>Si des ajustements suppl\u00e9mentaires sont n\u00e9cessaires, veuillez envoyer un e-mail \u00e0 info@gozz.be, et nous serons heureux de vous aider.<\/p>\n<p>Les prix indiqu\u00e9s ici incluent la TVA !<\/p>\n<p><strong>Cet article peut \u00e9galement \u00eatre rembours\u00e9 par la VAPH.<\/strong><\/p>\n<p><strong><br \/>\n<\/strong>Mat\u00e9riau respirant et r\u00e9sistant aux d\u00e9chirures<br \/>\nCoutures doubles renforc\u00e9es Pour les patients tr\u00e8s agit\u00e9s avec :<br \/>\ncomportement compulsif de d\u00e9shabillage<br \/>\ncomportement de d\u00e9chirement et d'arrachage<br \/>\nAuto-agression<\/p>\n<p>Ce T-shirt doit \u00eatre lav\u00e9\/rinc\u00e9 \u00e0 30\u00b0 pour la premi\u00e8re fois. Ensuite, il peut \u00eatre lav\u00e9 \u00e0 60\u00b0 et mis au s\u00e8che-linge.<\/p>","protected":false},"featured_media":18136,"template":"","meta":[],"product_brand":[],"product_cat":[611,612,613,445,455,471],"product_tag":[],"class_list":{"0":"post-18113","1":"product","2":"type-product","3":"status-publish","4":"has-post-thumbnail","6":"product_cat-kids","7":"product_cat-ouderen-dementie","8":"product_cat-volwassenen","9":"product_cat-new","10":"product_cat-bovenkledij","11":"product_cat-anti-scheur-assortiment","12":"pa_maat-104-110-2","13":"pa_maat-116-122-2","14":"pa_maat-small","15":"pa_maat-176-182-2","16":"pa_maat-medium","17":"pa_maat-128-134-2-en","18":"pa_maat-large","19":"pa_maat-164-170-2-en","20":"pa_maat-extra-large","21":"pa_maat-140-146-2-fr","22":"pa_maat-152-158-2-fr","23":"pa_sluiting-korte-rits-achterzijde","24":"pa_sluiting-volledige-rits-achterzijde","26":"first","27":"instock","28":"taxable","29":"shipping-taxable","30":"purchasable","31":"product-type-variable"},"yoast_head":"<!-- This site is optimized with the Yoast SEO plugin v27.2 - https:\/\/yoast.com\/product\/yoast-seo-wordpress\/ -->\n<title>Antischeur T-shirt camel | Gozz4All<\/title>\n<meta name=\"description\" content=\"Anti scheurpak-extra sterke Cordura stof die geschikt is voor personen die hun kleding kapot scheuren of hierin bijten. Gozz4all - VAPH terugbetaling\" \/>\n<meta name=\"robots\" content=\"index, follow, max-snippet:-1, max-image-preview:large, max-video-preview:-1\" \/>\n<link rel=\"canonical\" href=\"https:\/\/gozz4all.com\/fr\/anti-scheur-assortiment\/antischeur-t-shirt-plukgedrag-scheurgedrag-autoagressie-cordura-stof-terugbetaling-vaph\/\" \/>\n<meta property=\"og:locale\" content=\"fr_FR\" \/>\n<meta property=\"og:type\" content=\"article\" \/>\n<meta property=\"og:title\" content=\"Antischeur T-shirt camel | Gozz4All\" \/>\n<meta property=\"og:description\" content=\"Anti scheurpak-extra sterke Cordura stof die geschikt is voor personen die hun kleding kapot scheuren of hierin bijten. Gozz4all - VAPH terugbetaling\" \/>\n<meta property=\"og:url\" content=\"https:\/\/gozz4all.com\/fr\/anti-scheur-assortiment\/antischeur-t-shirt-plukgedrag-scheurgedrag-autoagressie-cordura-stof-terugbetaling-vaph\/\" \/>\n<meta property=\"og:site_name\" content=\"Gozz4All\" \/>\n<meta property=\"article:publisher\" content=\"https:\/\/www.facebook.com\/gozz4all\/\" \/>\n<meta property=\"article:modified_time\" content=\"2022-09-02T13:29:31+00:00\" \/>\n<meta property=\"og:image\" content=\"https:\/\/gozz4all.com\/wp-content\/uploads\/2022\/05\/DSC_0489.jpg\" \/>\n\t<meta property=\"og:image:width\" content=\"1200\" \/>\n\t<meta property=\"og:image:height\" content=\"800\" \/>\n\t<meta property=\"og:image:type\" content=\"image\/jpeg\" \/>\n<meta name=\"twitter:card\" content=\"summary_large_image\" \/>\n<meta name=\"twitter:label1\" content=\"Dur\u00e9e de lecture estim\u00e9e\" \/>\n\t<meta name=\"twitter:data1\" content=\"1 minute\" \/>\n<script type=\"application\/ld+json\" class=\"yoast-schema-graph\">{\"@context\":\"https:\/\/schema.org\",\"@graph\":[{\"@type\":\"WebPage\",\"@id\":\"https:\/\/gozz4all.com\/anti-scheur-assortiment\/antischeur-t-shirt-plukgedrag-scheurgedrag-autoagressie-cordura-stof-terugbetaling-vaph\/\",\"url\":\"https:\/\/gozz4all.com\/anti-scheur-assortiment\/antischeur-t-shirt-plukgedrag-scheurgedrag-autoagressie-cordura-stof-terugbetaling-vaph\/\",\"name\":\"Antischeur T-shirt camel | Gozz4All\",\"isPartOf\":{\"@id\":\"https:\/\/gozz4all.com\/fr\/#website\"},\"primaryImageOfPage\":{\"@id\":\"https:\/\/gozz4all.com\/anti-scheur-assortiment\/antischeur-t-shirt-plukgedrag-scheurgedrag-autoagressie-cordura-stof-terugbetaling-vaph\/#primaryimage\"},\"image\":{\"@id\":\"https:\/\/gozz4all.com\/anti-scheur-assortiment\/antischeur-t-shirt-plukgedrag-scheurgedrag-autoagressie-cordura-stof-terugbetaling-vaph\/#primaryimage\"},\"thumbnailUrl\":\"https:\/\/gozz4all.com\/wp-content\/uploads\/2022\/05\/DSC_0489.jpg\",\"datePublished\":\"2022-05-22T12:41:30+00:00\",\"dateModified\":\"2022-09-02T13:29:31+00:00\",\"description\":\"Anti scheurpak-extra sterke Cordura stof die geschikt is voor personen die hun kleding kapot scheuren of hierin bijten. Gozz4all - VAPH terugbetaling\",\"breadcrumb\":{\"@id\":\"https:\/\/gozz4all.com\/anti-scheur-assortiment\/antischeur-t-shirt-plukgedrag-scheurgedrag-autoagressie-cordura-stof-terugbetaling-vaph\/#breadcrumb\"},\"inLanguage\":\"fr-FR\",\"potentialAction\":[{\"@type\":\"ReadAction\",\"target\":[\"https:\/\/gozz4all.com\/anti-scheur-assortiment\/antischeur-t-shirt-plukgedrag-scheurgedrag-autoagressie-cordura-stof-terugbetaling-vaph\/\"]}]},{\"@type\":\"ImageObject\",\"inLanguage\":\"fr-FR\",\"@id\":\"https:\/\/gozz4all.com\/anti-scheur-assortiment\/antischeur-t-shirt-plukgedrag-scheurgedrag-autoagressie-cordura-stof-terugbetaling-vaph\/#primaryimage\",\"url\":\"https:\/\/gozz4all.com\/wp-content\/uploads\/2022\/05\/DSC_0489.jpg\",\"contentUrl\":\"https:\/\/gozz4all.com\/wp-content\/uploads\/2022\/05\/DSC_0489.jpg\",\"width\":1200,\"height\":800},{\"@type\":\"BreadcrumbList\",\"@id\":\"https:\/\/gozz4all.com\/anti-scheur-assortiment\/antischeur-t-shirt-plukgedrag-scheurgedrag-autoagressie-cordura-stof-terugbetaling-vaph\/#breadcrumb\",\"itemListElement\":[{\"@type\":\"ListItem\",\"position\":1,\"name\":\"Home\",\"item\":\"https:\/\/gozz4all.com\/\"},{\"@type\":\"ListItem\",\"position\":2,\"name\":\"Producten\",\"item\":\"https:\/\/gozz4all.com\/shop\/\"},{\"@type\":\"ListItem\",\"position\":3,\"name\":\"Antischeur T-shirt camel\"}]},{\"@type\":\"WebSite\",\"@id\":\"https:\/\/gozz4all.com\/fr\/#website\",\"url\":\"https:\/\/gozz4all.com\/fr\/\",\"name\":\"Gozz4All\",\"description\":\"Gozz4All\",\"publisher\":{\"@id\":\"https:\/\/gozz4all.com\/fr\/#organization\"},\"potentialAction\":[{\"@type\":\"SearchAction\",\"target\":{\"@type\":\"EntryPoint\",\"urlTemplate\":\"https:\/\/gozz4all.com\/fr\/?s={search_term_string}\"},\"query-input\":{\"@type\":\"PropertyValueSpecification\",\"valueRequired\":true,\"valueName\":\"search_term_string\"}}],\"inLanguage\":\"fr-FR\"},{\"@type\":\"Organization\",\"@id\":\"https:\/\/gozz4all.com\/fr\/#organization\",\"name\":\"Gozz4all\",\"url\":\"https:\/\/gozz4all.com\/fr\/\",\"logo\":{\"@type\":\"ImageObject\",\"inLanguage\":\"fr-FR\",\"@id\":\"https:\/\/gozz4all.com\/fr\/#\/schema\/logo\/image\/\",\"url\":\"https:\/\/gozz4all.com\/wp-content\/uploads\/2020\/04\/Logo-ask-for-better-one.png\",\"contentUrl\":\"https:\/\/gozz4all.com\/wp-content\/uploads\/2020\/04\/Logo-ask-for-better-one.png\",\"width\":146,\"height\":60,\"caption\":\"Gozz4all\"},\"image\":{\"@id\":\"https:\/\/gozz4all.com\/fr\/#\/schema\/logo\/image\/\"},\"sameAs\":[\"https:\/\/www.facebook.com\/gozz4all\/\",\"https:\/\/www.instagram.com\/gozz4allfashion\/?hl=nl\"]}]}<\/script>\n<!-- \/ Yoast SEO plugin. -->","yoast_head_json":{"title":"Antischeur T-shirt camel | Gozz4All","description":"Anti scheurpak-extra sterke Cordura stof die geschikt is voor personen die hun kleding kapot scheuren of hierin bijten. Gozz4all - VAPH terugbetaling","robots":{"index":"index","follow":"follow","max-snippet":"max-snippet:-1","max-image-preview":"max-image-preview:large","max-video-preview":"max-video-preview:-1"},"canonical":"https:\/\/gozz4all.com\/fr\/anti-scheur-assortiment\/antischeur-t-shirt-plukgedrag-scheurgedrag-autoagressie-cordura-stof-terugbetaling-vaph\/","og_locale":"fr_FR","og_type":"article","og_title":"Antischeur T-shirt camel | Gozz4All","og_description":"Anti scheurpak-extra sterke Cordura stof die geschikt is voor personen die hun kleding kapot scheuren of hierin bijten. Gozz4all - VAPH terugbetaling","og_url":"https:\/\/gozz4all.com\/fr\/anti-scheur-assortiment\/antischeur-t-shirt-plukgedrag-scheurgedrag-autoagressie-cordura-stof-terugbetaling-vaph\/","og_site_name":"Gozz4All","article_publisher":"https:\/\/www.facebook.com\/gozz4all\/","article_modified_time":"2022-09-02T13:29:31+00:00","og_image":[{"width":1200,"height":800,"url":"https:\/\/gozz4all.com\/wp-content\/uploads\/2022\/05\/DSC_0489.jpg","type":"image\/jpeg"}],"twitter_card":"summary_large_image","twitter_misc":{"Dur\u00e9e de lecture estim\u00e9e":"1 minute"},"schema":{"@context":"https:\/\/schema.org","@graph":[{"@type":"WebPage","@id":"https:\/\/gozz4all.com\/anti-scheur-assortiment\/antischeur-t-shirt-plukgedrag-scheurgedrag-autoagressie-cordura-stof-terugbetaling-vaph\/","url":"https:\/\/gozz4all.com\/anti-scheur-assortiment\/antischeur-t-shirt-plukgedrag-scheurgedrag-autoagressie-cordura-stof-terugbetaling-vaph\/","name":"Antischeur T-shirt camel | Gozz4All","isPartOf":{"@id":"https:\/\/gozz4all.com\/fr\/#website"},"primaryImageOfPage":{"@id":"https:\/\/gozz4all.com\/anti-scheur-assortiment\/antischeur-t-shirt-plukgedrag-scheurgedrag-autoagressie-cordura-stof-terugbetaling-vaph\/#primaryimage"},"image":{"@id":"https:\/\/gozz4all.com\/anti-scheur-assortiment\/antischeur-t-shirt-plukgedrag-scheurgedrag-autoagressie-cordura-stof-terugbetaling-vaph\/#primaryimage"},"thumbnailUrl":"https:\/\/gozz4all.com\/wp-content\/uploads\/2022\/05\/DSC_0489.jpg","datePublished":"2022-05-22T12:41:30+00:00","dateModified":"2022-09-02T13:29:31+00:00","description":"Anti scheurpak-extra sterke Cordura stof die geschikt is voor personen die hun kleding kapot scheuren of hierin bijten. Gozz4all - VAPH terugbetaling","breadcrumb":{"@id":"https:\/\/gozz4all.com\/anti-scheur-assortiment\/antischeur-t-shirt-plukgedrag-scheurgedrag-autoagressie-cordura-stof-terugbetaling-vaph\/#breadcrumb"},"inLanguage":"fr-FR","potentialAction":[{"@type":"ReadAction","target":["https:\/\/gozz4all.com\/anti-scheur-assortiment\/antischeur-t-shirt-plukgedrag-scheurgedrag-autoagressie-cordura-stof-terugbetaling-vaph\/"]}]},{"@type":"ImageObject","inLanguage":"fr-FR","@id":"https:\/\/gozz4all.com\/anti-scheur-assortiment\/antischeur-t-shirt-plukgedrag-scheurgedrag-autoagressie-cordura-stof-terugbetaling-vaph\/#primaryimage","url":"https:\/\/gozz4all.com\/wp-content\/uploads\/2022\/05\/DSC_0489.jpg","contentUrl":"https:\/\/gozz4all.com\/wp-content\/uploads\/2022\/05\/DSC_0489.jpg","width":1200,"height":800},{"@type":"BreadcrumbList","@id":"https:\/\/gozz4all.com\/anti-scheur-assortiment\/antischeur-t-shirt-plukgedrag-scheurgedrag-autoagressie-cordura-stof-terugbetaling-vaph\/#breadcrumb","itemListElement":[{"@type":"ListItem","position":1,"name":"Home","item":"https:\/\/gozz4all.com\/"},{"@type":"ListItem","position":2,"name":"Producten","item":"https:\/\/gozz4all.com\/shop\/"},{"@type":"ListItem","position":3,"name":"Antischeur T-shirt camel"}]},{"@type":"WebSite","@id":"https:\/\/gozz4all.com\/fr\/#website","url":"https:\/\/gozz4all.com\/fr\/","name":"Gozz4All","description":"Gozz4All","publisher":{"@id":"https:\/\/gozz4all.com\/fr\/#organization"},"potentialAction":[{"@type":"SearchAction","target":{"@type":"EntryPoint","urlTemplate":"https:\/\/gozz4all.com\/fr\/?s={search_term_string}"},"query-input":{"@type":"PropertyValueSpecification","valueRequired":true,"valueName":"search_term_string"}}],"inLanguage":"fr-FR"},{"@type":"Organization","@id":"https:\/\/gozz4all.com\/fr\/#organization","name":"Gozz4all","url":"https:\/\/gozz4all.com\/fr\/","logo":{"@type":"ImageObject","inLanguage":"fr-FR","@id":"https:\/\/gozz4all.com\/fr\/#\/schema\/logo\/image\/","url":"https:\/\/gozz4all.com\/wp-content\/uploads\/2020\/04\/Logo-ask-for-better-one.png","contentUrl":"https:\/\/gozz4all.com\/wp-content\/uploads\/2020\/04\/Logo-ask-for-better-one.png","width":146,"height":60,"caption":"Gozz4all"},"image":{"@id":"https:\/\/gozz4all.com\/fr\/#\/schema\/logo\/image\/"},"sameAs":["https:\/\/www.facebook.com\/gozz4all\/","https:\/\/www.instagram.com\/gozz4allfashion\/?hl=nl"]}]}},"_links":{"self":[{"href":"https:\/\/gozz4all.com\/fr\/wp-json\/wp\/v2\/product\/18113","targetHints":{"allow":["GET"]}}],"collection":[{"href":"https:\/\/gozz4all.com\/fr\/wp-json\/wp\/v2\/product"}],"about":[{"href":"https:\/\/gozz4all.com\/fr\/wp-json\/wp\/v2\/types\/product"}],"wp:featuredmedia":[{"embeddable":true,"href":"https:\/\/gozz4all.com\/fr\/wp-json\/wp\/v2\/media\/18136"}],"wp:attachment":[{"href":"https:\/\/gozz4all.com\/fr\/wp-json\/wp\/v2\/media?parent=18113"}],"wp:term":[{"taxonomy":"product_brand","embeddable":true,"href":"https:\/\/gozz4all.com\/fr\/wp-json\/wp\/v2\/product_brand?post=18113"},{"taxonomy":"product_cat","embeddable":true,"href":"https:\/\/gozz4all.com\/fr\/wp-json\/wp\/v2\/product_cat?post=18113"},{"taxonomy":"product_tag","embeddable":true,"href":"https:\/\/gozz4all.com\/fr\/wp-json\/wp\/v2\/product_tag?post=18113"}],"curies":[{"name":"wp","href":"https:\/\/api.w.org\/{rel}","templated":true}]}}