{"id":17803,"date":"2022-04-25T18:37:10","date_gmt":"2022-04-25T16:37:10","guid":{"rendered":"https:\/\/gozz4all.com\/?post_type=product&#038;p=17803"},"modified":"2023-02-15T17:43:37","modified_gmt":"2023-02-15T15:43:37","slug":"fixatiedeken-verpleegdeken-grote-en-kleine-maten-lila","status":"publish","type":"product","link":"https:\/\/gozz4all.com\/fr\/product\/fixatiedeken-verpleegdeken-grote-en-kleine-maten-lila\/","title":{"rendered":"Couverture de fixation - couverture de soins grande et petite taille lilas"},"content":{"rendered":"<p>Couverture de fixation - couverture de soins grande et petite taille lilas<br \/>\nCette couverture d'allaitement sert de <strong>fixateur de lumi\u00e8re<\/strong>. <span style=\"font-size: 16px; font-style: normal; font-weight: 400;\">La personne est allong\u00e9e sous le drap-housse, a une libert\u00e9 de mouvement raisonnable, mais ne peut pas en sortir. Ce site<\/span><span style=\"font-size: 16px; font-style: normal; font-weight: 400;\"> emp\u00eache de se d\u00e9couvrir, de tomber du lit, de s'automutiler, de tirer le mat\u00e9riel d'incontinence et de quitter le lit de mani\u00e8re ind\u00e9sirable. Un \u00e9quilibre id\u00e9al entre protection et libert\u00e9 de mouvement.\u00a0<\/span><\/p>\n<p><strong><span style=\"font-size: 16px; font-style: normal;\">Convient pour :\u00a0<\/span><\/strong><\/p>\n<ul>\n<li><span style=\"font-size: 16px; font-style: normal; font-weight: 400;\">o<\/span><span style=\"font-size: 16px; font-style: normal; font-weight: 400;\">dormeurs agit\u00e9s <\/span><\/li>\n<li>les personnes souffrant d'un handicap mental.<\/li>\n<li>les personnes atteintes de d\u00e9mence<\/li>\n<\/ul>\n<p><strong>Caract\u00e9ristiques g\u00e9n\u00e9rales<\/strong><\/p>\n<ul>\n<li>C'est un drap-housse qui se transforme en jersey.<\/li>\n<li>La feuille de protection est munie d'une fermeture \u00e9clair solide avec fermeture \u00e0 l'extr\u00e9mit\u00e9 du pied.<\/li>\n<li>Des ouvertures lat\u00e9rales permettent l'utilisation de sondes et de tubes.<\/li>\n<li><span style=\"font-size: 16px; font-style: normal; font-weight: 400;\">Il est \u00e9quip\u00e9 de brancards en bas.<\/span><\/li>\n<\/ul>\n<p><strong>Caract\u00e9ristiques du produit<\/strong><\/p>\n<ul>\n<li>Dimensions : 90 cm par 200 cm<\/li>\n<li>Composition 95% coton et 5% \u00e9lasthanne<\/li>\n<li>Lavable \u00e0 60\u00b0C.<\/li>\n<\/ul>","protected":false},"excerpt":{"rendered":"<p>Cette couverture d'allaitement sert de <strong>fixateur de lumi\u00e8re<\/strong>. <span style=\"font-size: 16px; font-style: normal; font-weight: 400;\">La personne est allong\u00e9e sous le drap-housse, a une libert\u00e9 de mouvement raisonnable, mais ne peut pas en sortir. Ce site<\/span><span style=\"font-size: 16px; font-style: normal; font-weight: 400;\"> emp\u00eache de se d\u00e9couvrir, de tomber du lit, de s'automutiler, de tirer le mat\u00e9riel d'incontinence et de quitter le lit de mani\u00e8re ind\u00e9sirable. Un \u00e9quilibre id\u00e9al entre protection et libert\u00e9 de mouvement.\u00a0<\/span><\/p>\n<p><strong><span style=\"font-size: 16px; font-style: normal;\">Convient pour :\u00a0<\/span><\/strong><\/p>\n<ul>\n<li><span style=\"font-size: 16px; font-style: normal; font-weight: 400;\">o<\/span><span style=\"font-size: 16px; font-style: normal; font-weight: 400;\">dormeurs agit\u00e9s <\/span><\/li>\n<li>les personnes souffrant d'un handicap mental.<\/li>\n<li>les personnes atteintes de d\u00e9mence<\/li>\n<\/ul>\n<p><strong>Caract\u00e9ristiques g\u00e9n\u00e9rales<\/strong><\/p>\n<ul>\n<li>C'est un drap-housse qui se transforme en jersey.<\/li>\n<li>La feuille de protection est munie d'une fermeture \u00e9clair solide avec fermeture \u00e0 l'extr\u00e9mit\u00e9 du pied.<\/li>\n<li>Des ouvertures lat\u00e9rales permettent l'utilisation de sondes et de tubes.<\/li>\n<li><span style=\"font-size: 16px; font-style: normal; font-weight: 400;\">Il est \u00e9quip\u00e9 de brancards en bas.<\/span><\/li>\n<\/ul>\n<p><strong>Caract\u00e9ristiques du produit<\/strong><\/p>\n<ul>\n<li>Dimensions : 90 cm par 200 cm<\/li>\n<li>Composition 95% coton et 5% \u00e9lasthanne<\/li>\n<li>Lavable \u00e0 60\u00b0C.<\/li>\n<\/ul>","protected":false},"featured_media":17806,"template":"","meta":[],"product_brand":[],"product_cat":[612,613,684,254],"product_tag":[],"class_list":{"0":"post-17803","1":"product","2":"type-product","3":"status-publish","4":"has-post-thumbnail","6":"product_cat-ouderen-dementie","7":"product_cat-volwassenen","8":"product_cat-verpleegdeken","9":"product_cat-hulpmiddelen","10":"pa_maat-164-170-2-de","11":"pa_maat-l-2-en","12":"pa_maat-m-2-en","13":"pa_maat-s-2-en","14":"pa_maat-xxxl","15":"pa_maat-152-158-2","16":"pa_maat-164-170-2","17":"pa_maat-xl-2","18":"pa_maat-xxl","19":"pa_maat-140-146-2-de","20":"pif-has-gallery","22":"first","23":"instock","24":"taxable","25":"shipping-taxable","26":"purchasable","27":"product-type-variable"},"yoast_head":"<!-- This site is optimized with the Yoast SEO plugin v27.2 - https:\/\/yoast.com\/product\/yoast-seo-wordpress\/ -->\n<title>Fixatiedeken-Verpleegdeken grote en kleine maten lila-Hulpmiddel<\/title>\n<meta name=\"description\" content=\"Fixatiedeken-Verpleegdeken grote en kleine maten lila.Dit licht fixatiemiddel voorkomt uit bed vallen, zelfverminking, ongewenst uit bed gaan.\" \/>\n<meta name=\"robots\" content=\"index, follow, max-snippet:-1, max-image-preview:large, max-video-preview:-1\" \/>\n<link rel=\"canonical\" href=\"https:\/\/gozz4all.com\/fr\/hulpmiddelen\/verpleegdeken\/verpleegdeken-lila\/\" \/>\n<meta property=\"og:locale\" content=\"fr_FR\" \/>\n<meta property=\"og:type\" content=\"article\" \/>\n<meta property=\"og:title\" content=\"Fixatiedeken-Verpleegdeken grote en kleine maten lila-Hulpmiddel\" \/>\n<meta property=\"og:description\" content=\"Fixatiedeken-Verpleegdeken grote en kleine maten lila.Dit licht fixatiemiddel voorkomt uit bed vallen, zelfverminking, ongewenst uit bed gaan.\" \/>\n<meta property=\"og:url\" content=\"https:\/\/gozz4all.com\/fr\/hulpmiddelen\/verpleegdeken\/verpleegdeken-lila\/\" \/>\n<meta property=\"og:site_name\" content=\"Gozz4All\" \/>\n<meta property=\"article:publisher\" content=\"https:\/\/www.facebook.com\/gozz4all\/\" \/>\n<meta property=\"article:modified_time\" content=\"2023-02-15T15:43:37+00:00\" \/>\n<meta property=\"og:image\" content=\"https:\/\/gozz4all.com\/wp-content\/uploads\/2022\/04\/DSC_0263.jpg\" \/>\n\t<meta property=\"og:image:width\" content=\"800\" \/>\n\t<meta property=\"og:image:height\" content=\"1200\" \/>\n\t<meta property=\"og:image:type\" content=\"image\/jpeg\" \/>\n<meta name=\"twitter:card\" content=\"summary_large_image\" \/>\n<meta name=\"twitter:label1\" content=\"Dur\u00e9e de lecture estim\u00e9e\" \/>\n\t<meta name=\"twitter:data1\" content=\"1 minute\" \/>\n<script type=\"application\/ld+json\" class=\"yoast-schema-graph\">{\"@context\":\"https:\/\/schema.org\",\"@graph\":[{\"@type\":\"WebPage\",\"@id\":\"https:\/\/gozz4all.com\/hulpmiddelen\/verpleegdeken\/verpleegdeken-lila\/\",\"url\":\"https:\/\/gozz4all.com\/hulpmiddelen\/verpleegdeken\/verpleegdeken-lila\/\",\"name\":\"Fixatiedeken-Verpleegdeken grote en kleine maten lila-Hulpmiddel\",\"isPartOf\":{\"@id\":\"https:\/\/gozz4all.com\/fr\/#website\"},\"primaryImageOfPage\":{\"@id\":\"https:\/\/gozz4all.com\/hulpmiddelen\/verpleegdeken\/verpleegdeken-lila\/#primaryimage\"},\"image\":{\"@id\":\"https:\/\/gozz4all.com\/hulpmiddelen\/verpleegdeken\/verpleegdeken-lila\/#primaryimage\"},\"thumbnailUrl\":\"https:\/\/gozz4all.com\/wp-content\/uploads\/2022\/04\/DSC_0263.jpg\",\"datePublished\":\"2022-04-25T16:37:10+00:00\",\"dateModified\":\"2023-02-15T15:43:37+00:00\",\"description\":\"Fixatiedeken-Verpleegdeken grote en kleine maten lila.Dit licht fixatiemiddel voorkomt uit bed vallen, zelfverminking, ongewenst uit bed gaan.\",\"breadcrumb\":{\"@id\":\"https:\/\/gozz4all.com\/hulpmiddelen\/verpleegdeken\/verpleegdeken-lila\/#breadcrumb\"},\"inLanguage\":\"fr-FR\",\"potentialAction\":[{\"@type\":\"ReadAction\",\"target\":[\"https:\/\/gozz4all.com\/hulpmiddelen\/verpleegdeken\/verpleegdeken-lila\/\"]}]},{\"@type\":\"ImageObject\",\"inLanguage\":\"fr-FR\",\"@id\":\"https:\/\/gozz4all.com\/hulpmiddelen\/verpleegdeken\/verpleegdeken-lila\/#primaryimage\",\"url\":\"https:\/\/gozz4all.com\/wp-content\/uploads\/2022\/04\/DSC_0263.jpg\",\"contentUrl\":\"https:\/\/gozz4all.com\/wp-content\/uploads\/2022\/04\/DSC_0263.jpg\",\"width\":800,\"height\":1200,\"caption\":\"Fixatiedeken-Verpleegdeken grote en kleine maten lila.Dit licht fixatiemiddel voorkomt uit bed vallen, zelfverminking, ongewenst uit bed gaan.\"},{\"@type\":\"BreadcrumbList\",\"@id\":\"https:\/\/gozz4all.com\/hulpmiddelen\/verpleegdeken\/verpleegdeken-lila\/#breadcrumb\",\"itemListElement\":[{\"@type\":\"ListItem\",\"position\":1,\"name\":\"Home\",\"item\":\"https:\/\/gozz4all.com\/\"},{\"@type\":\"ListItem\",\"position\":2,\"name\":\"Producten\",\"item\":\"https:\/\/gozz4all.com\/shop\/\"},{\"@type\":\"ListItem\",\"position\":3,\"name\":\"Fixatiedeken-Verpleegdeken grote en kleine maten lila\"}]},{\"@type\":\"WebSite\",\"@id\":\"https:\/\/gozz4all.com\/fr\/#website\",\"url\":\"https:\/\/gozz4all.com\/fr\/\",\"name\":\"Gozz4All\",\"description\":\"Gozz4All\",\"publisher\":{\"@id\":\"https:\/\/gozz4all.com\/fr\/#organization\"},\"potentialAction\":[{\"@type\":\"SearchAction\",\"target\":{\"@type\":\"EntryPoint\",\"urlTemplate\":\"https:\/\/gozz4all.com\/fr\/?s={search_term_string}\"},\"query-input\":{\"@type\":\"PropertyValueSpecification\",\"valueRequired\":true,\"valueName\":\"search_term_string\"}}],\"inLanguage\":\"fr-FR\"},{\"@type\":\"Organization\",\"@id\":\"https:\/\/gozz4all.com\/fr\/#organization\",\"name\":\"Gozz4all\",\"url\":\"https:\/\/gozz4all.com\/fr\/\",\"logo\":{\"@type\":\"ImageObject\",\"inLanguage\":\"fr-FR\",\"@id\":\"https:\/\/gozz4all.com\/fr\/#\/schema\/logo\/image\/\",\"url\":\"https:\/\/gozz4all.com\/wp-content\/uploads\/2020\/04\/Logo-ask-for-better-one.png\",\"contentUrl\":\"https:\/\/gozz4all.com\/wp-content\/uploads\/2020\/04\/Logo-ask-for-better-one.png\",\"width\":146,\"height\":60,\"caption\":\"Gozz4all\"},\"image\":{\"@id\":\"https:\/\/gozz4all.com\/fr\/#\/schema\/logo\/image\/\"},\"sameAs\":[\"https:\/\/www.facebook.com\/gozz4all\/\",\"https:\/\/www.instagram.com\/gozz4allfashion\/?hl=nl\"]}]}<\/script>\n<!-- \/ Yoast SEO plugin. -->","yoast_head_json":{"title":"Fixatiedeken-Verpleegdeken grote en kleine maten lila-Hulpmiddel","description":"Fixatiedeken-Verpleegdeken grote en kleine maten lila.Dit licht fixatiemiddel voorkomt uit bed vallen, zelfverminking, ongewenst uit bed gaan.","robots":{"index":"index","follow":"follow","max-snippet":"max-snippet:-1","max-image-preview":"max-image-preview:large","max-video-preview":"max-video-preview:-1"},"canonical":"https:\/\/gozz4all.com\/fr\/hulpmiddelen\/verpleegdeken\/verpleegdeken-lila\/","og_locale":"fr_FR","og_type":"article","og_title":"Fixatiedeken-Verpleegdeken grote en kleine maten lila-Hulpmiddel","og_description":"Fixatiedeken-Verpleegdeken grote en kleine maten lila.Dit licht fixatiemiddel voorkomt uit bed vallen, zelfverminking, ongewenst uit bed gaan.","og_url":"https:\/\/gozz4all.com\/fr\/hulpmiddelen\/verpleegdeken\/verpleegdeken-lila\/","og_site_name":"Gozz4All","article_publisher":"https:\/\/www.facebook.com\/gozz4all\/","article_modified_time":"2023-02-15T15:43:37+00:00","og_image":[{"width":800,"height":1200,"url":"https:\/\/gozz4all.com\/wp-content\/uploads\/2022\/04\/DSC_0263.jpg","type":"image\/jpeg"}],"twitter_card":"summary_large_image","twitter_misc":{"Dur\u00e9e de lecture estim\u00e9e":"1 minute"},"schema":{"@context":"https:\/\/schema.org","@graph":[{"@type":"WebPage","@id":"https:\/\/gozz4all.com\/hulpmiddelen\/verpleegdeken\/verpleegdeken-lila\/","url":"https:\/\/gozz4all.com\/hulpmiddelen\/verpleegdeken\/verpleegdeken-lila\/","name":"Fixatiedeken-Verpleegdeken grote en kleine maten lila-Hulpmiddel","isPartOf":{"@id":"https:\/\/gozz4all.com\/fr\/#website"},"primaryImageOfPage":{"@id":"https:\/\/gozz4all.com\/hulpmiddelen\/verpleegdeken\/verpleegdeken-lila\/#primaryimage"},"image":{"@id":"https:\/\/gozz4all.com\/hulpmiddelen\/verpleegdeken\/verpleegdeken-lila\/#primaryimage"},"thumbnailUrl":"https:\/\/gozz4all.com\/wp-content\/uploads\/2022\/04\/DSC_0263.jpg","datePublished":"2022-04-25T16:37:10+00:00","dateModified":"2023-02-15T15:43:37+00:00","description":"Fixatiedeken-Verpleegdeken grote en kleine maten lila.Dit licht fixatiemiddel voorkomt uit bed vallen, zelfverminking, ongewenst uit bed gaan.","breadcrumb":{"@id":"https:\/\/gozz4all.com\/hulpmiddelen\/verpleegdeken\/verpleegdeken-lila\/#breadcrumb"},"inLanguage":"fr-FR","potentialAction":[{"@type":"ReadAction","target":["https:\/\/gozz4all.com\/hulpmiddelen\/verpleegdeken\/verpleegdeken-lila\/"]}]},{"@type":"ImageObject","inLanguage":"fr-FR","@id":"https:\/\/gozz4all.com\/hulpmiddelen\/verpleegdeken\/verpleegdeken-lila\/#primaryimage","url":"https:\/\/gozz4all.com\/wp-content\/uploads\/2022\/04\/DSC_0263.jpg","contentUrl":"https:\/\/gozz4all.com\/wp-content\/uploads\/2022\/04\/DSC_0263.jpg","width":800,"height":1200,"caption":"Fixatiedeken-Verpleegdeken grote en kleine maten lila.Dit licht fixatiemiddel voorkomt uit bed vallen, zelfverminking, ongewenst uit bed gaan."},{"@type":"BreadcrumbList","@id":"https:\/\/gozz4all.com\/hulpmiddelen\/verpleegdeken\/verpleegdeken-lila\/#breadcrumb","itemListElement":[{"@type":"ListItem","position":1,"name":"Home","item":"https:\/\/gozz4all.com\/"},{"@type":"ListItem","position":2,"name":"Producten","item":"https:\/\/gozz4all.com\/shop\/"},{"@type":"ListItem","position":3,"name":"Fixatiedeken-Verpleegdeken grote en kleine maten lila"}]},{"@type":"WebSite","@id":"https:\/\/gozz4all.com\/fr\/#website","url":"https:\/\/gozz4all.com\/fr\/","name":"Gozz4All","description":"Gozz4All","publisher":{"@id":"https:\/\/gozz4all.com\/fr\/#organization"},"potentialAction":[{"@type":"SearchAction","target":{"@type":"EntryPoint","urlTemplate":"https:\/\/gozz4all.com\/fr\/?s={search_term_string}"},"query-input":{"@type":"PropertyValueSpecification","valueRequired":true,"valueName":"search_term_string"}}],"inLanguage":"fr-FR"},{"@type":"Organization","@id":"https:\/\/gozz4all.com\/fr\/#organization","name":"Gozz4all","url":"https:\/\/gozz4all.com\/fr\/","logo":{"@type":"ImageObject","inLanguage":"fr-FR","@id":"https:\/\/gozz4all.com\/fr\/#\/schema\/logo\/image\/","url":"https:\/\/gozz4all.com\/wp-content\/uploads\/2020\/04\/Logo-ask-for-better-one.png","contentUrl":"https:\/\/gozz4all.com\/wp-content\/uploads\/2020\/04\/Logo-ask-for-better-one.png","width":146,"height":60,"caption":"Gozz4all"},"image":{"@id":"https:\/\/gozz4all.com\/fr\/#\/schema\/logo\/image\/"},"sameAs":["https:\/\/www.facebook.com\/gozz4all\/","https:\/\/www.instagram.com\/gozz4allfashion\/?hl=nl"]}]}},"_links":{"self":[{"href":"https:\/\/gozz4all.com\/fr\/wp-json\/wp\/v2\/product\/17803","targetHints":{"allow":["GET"]}}],"collection":[{"href":"https:\/\/gozz4all.com\/fr\/wp-json\/wp\/v2\/product"}],"about":[{"href":"https:\/\/gozz4all.com\/fr\/wp-json\/wp\/v2\/types\/product"}],"wp:featuredmedia":[{"embeddable":true,"href":"https:\/\/gozz4all.com\/fr\/wp-json\/wp\/v2\/media\/17806"}],"wp:attachment":[{"href":"https:\/\/gozz4all.com\/fr\/wp-json\/wp\/v2\/media?parent=17803"}],"wp:term":[{"taxonomy":"product_brand","embeddable":true,"href":"https:\/\/gozz4all.com\/fr\/wp-json\/wp\/v2\/product_brand?post=17803"},{"taxonomy":"product_cat","embeddable":true,"href":"https:\/\/gozz4all.com\/fr\/wp-json\/wp\/v2\/product_cat?post=17803"},{"taxonomy":"product_tag","embeddable":true,"href":"https:\/\/gozz4all.com\/fr\/wp-json\/wp\/v2\/product_tag?post=17803"}],"curies":[{"name":"wp","href":"https:\/\/api.w.org\/{rel}","templated":true}]}}