{"id":17800,"date":"2022-04-25T18:35:27","date_gmt":"2022-04-25T16:35:27","guid":{"rendered":"https:\/\/gozz4all.com\/?post_type=product&#038;p=17800"},"modified":"2023-02-15T17:51:42","modified_gmt":"2023-02-15T15:51:42","slug":"fixatiedeken-verpleegdeken-grote-en-kleine-maten-mokka","status":"publish","type":"product","link":"https:\/\/gozz4all.com\/fr\/product\/fixatiedeken-verpleegdeken-grote-en-kleine-maten-mokka\/","title":{"rendered":"Couverture de fixation-couverture de soins grandes et petites tailles-mocca"},"content":{"rendered":"<p><span style=\"font-size: 17.6px; font-style: normal; font-weight: bold;\">Cr\u00e9ez un lieu de repos et de s\u00e9curit\u00e9 avec une libert\u00e9 de mouvement physique aussi grande que possible.<br \/>\n<\/span><span style=\"font-size: 16px;\">Cette couverture d'allaitement sert de <\/span><strong style=\"font-size: 16px;\">fixateur de lumi\u00e8re<\/strong><span style=\"font-size: 16px;\">. <\/span><span style=\"font-size: 16px; font-style: normal; font-weight: 400;\">La personne est allong\u00e9e sous le drap-housse et ne peut pas en sortir toute seule.<br \/>\n<\/span><span style=\"font-size: 16px; font-style: normal; font-weight: 400;\">En outre<\/span><span style=\"font-size: 16px; font-style: normal; font-weight: 400;\"> \u00e9vite de se d\u00e9couvrir, de tomber du lit et de d\u00e9chirer le mat\u00e9riel d'incontinence. Un \u00e9quilibre id\u00e9al entre protection et libert\u00e9 de mouvement.\u00a0<\/span><\/p>\n<p><strong><span style=\"font-size: 16px; font-style: normal;\">Convient pour :\u00a0<\/span><\/strong><\/p>\n<ul>\n<li><span style=\"font-size: 16px; font-style: normal; font-weight: 400;\">o<\/span><span style=\"font-size: 16px; font-style: normal; font-weight: 400;\">dormeurs agit\u00e9s <\/span><\/li>\n<li>les personnes souffrant d'un handicap mental.<\/li>\n<li>les personnes atteintes de d\u00e9mence<\/li>\n<\/ul>\n<p><strong>Caract\u00e9ristiques g\u00e9n\u00e9rales<\/strong><\/p>\n<ul>\n<li>C'est un drap-housse qui se transforme en jersey.<\/li>\n<li>La feuille de protection est munie d'une fermeture \u00e9clair solide avec fermeture \u00e0 l'extr\u00e9mit\u00e9 du pied.<\/li>\n<li>Des ouvertures lat\u00e9rales permettent l'utilisation de sondes et de tubes.<\/li>\n<li><span style=\"font-size: 16px; font-style: normal; font-weight: 400;\">Il est \u00e9quip\u00e9 de brancards en bas.<\/span><\/li>\n<\/ul>\n<p><strong>Caract\u00e9ristiques du produit<\/strong><\/p>\n<ul>\n<li>Dimensions : 90 cm par 200 cm<\/li>\n<li>Composition 95% coton et 5% \u00e9lasthanne<\/li>\n<li>Lavable \u00e0 60\u00b0C.<\/li>\n<\/ul>","protected":false},"excerpt":{"rendered":"<p>Cette couverture d'allaitement sert de <strong>fixateur de lumi\u00e8re<\/strong>. <span style=\"font-size: 16px; font-style: normal; font-weight: 400;\">La personne est allong\u00e9e sous le drap-housse, a une libert\u00e9 de mouvement raisonnable, mais ne peut pas en sortir. Ce site<\/span><span style=\"font-size: 16px; font-style: normal; font-weight: 400;\"> emp\u00eache de se d\u00e9couvrir, de tomber du lit, de s'automutiler, de tirer le mat\u00e9riel d'incontinence et de quitter le lit de mani\u00e8re ind\u00e9sirable. Un \u00e9quilibre id\u00e9al entre protection et libert\u00e9 de mouvement.\u00a0<\/span><\/p>\n<p><strong><span style=\"font-size: 16px; font-style: normal;\">Convient pour :\u00a0<\/span><\/strong><\/p>\n<ul>\n<li><span style=\"font-size: 16px; font-style: normal; font-weight: 400;\">o<\/span><span style=\"font-size: 16px; font-style: normal; font-weight: 400;\">dormeurs agit\u00e9s <\/span><\/li>\n<li>les personnes souffrant d'un handicap mental.<\/li>\n<li>les personnes atteintes de d\u00e9mence<\/li>\n<\/ul>\n<p><strong>Caract\u00e9ristiques g\u00e9n\u00e9rales<\/strong><\/p>\n<ul>\n<li>C'est un drap-housse qui se transforme en jersey.<\/li>\n<li>La feuille de protection est munie d'une fermeture \u00e9clair solide avec fermeture \u00e0 l'extr\u00e9mit\u00e9 du pied.<\/li>\n<li>Des ouvertures lat\u00e9rales permettent l'utilisation de sondes et de tubes.<\/li>\n<li><span style=\"font-size: 16px; font-style: normal; font-weight: 400;\">Il est \u00e9quip\u00e9 de brancards en bas.<\/span><\/li>\n<\/ul>\n<p><strong>Caract\u00e9ristiques du produit<\/strong><\/p>\n<ul>\n<li>Dimensions : 90 cm par 200 cm<\/li>\n<li>Composition 95% coton et 5% \u00e9lasthanne<\/li>\n<li>Lavable \u00e0 60\u00b0C.<\/li>\n<\/ul>","protected":false},"featured_media":17801,"template":"","meta":[],"product_brand":[],"product_cat":[612,613,684,254],"product_tag":[],"class_list":{"0":"post-17800","1":"product","2":"type-product","3":"status-publish","4":"has-post-thumbnail","6":"product_cat-ouderen-dementie","7":"product_cat-volwassenen","8":"product_cat-verpleegdeken","9":"product_cat-hulpmiddelen","10":"pa_maat-extra-small","11":"pa_maat-xxl","12":"pa_maat-xxxl","13":"pa_maat-small","14":"pa_maat-medium","15":"pa_maat-large","16":"pa_maat-extra-large","17":"pif-has-gallery","19":"first","20":"instock","21":"taxable","22":"shipping-taxable","23":"purchasable","24":"product-type-variable"},"yoast_head":"<!-- This site is optimized with the Yoast SEO plugin v27.2 - https:\/\/yoast.com\/product\/yoast-seo-wordpress\/ -->\n<title>Fixatiedeken-Verpleegdeken grote en kleine maten-mokka<\/title>\n<meta name=\"description\" content=\"Fixatiedeken-Verpleegdeken grote en kleine maten-mokka. Dit licht fixatiemiddel voorkomt uit bed vallen, zelfverminking, ongewenst uit bed gaan.\" \/>\n<meta name=\"robots\" content=\"index, follow, max-snippet:-1, max-image-preview:large, max-video-preview:-1\" \/>\n<link rel=\"canonical\" href=\"https:\/\/gozz4all.com\/fr\/hulpmiddelen\/verpleegdeken\/verpleegdeken-camel\/\" \/>\n<meta property=\"og:locale\" content=\"fr_FR\" \/>\n<meta property=\"og:type\" content=\"article\" \/>\n<meta property=\"og:title\" content=\"Fixatiedeken-Verpleegdeken grote en kleine maten-mokka\" \/>\n<meta property=\"og:description\" content=\"Fixatiedeken-Verpleegdeken grote en kleine maten-mokka. Dit licht fixatiemiddel voorkomt uit bed vallen, zelfverminking, ongewenst uit bed gaan.\" \/>\n<meta property=\"og:url\" content=\"https:\/\/gozz4all.com\/fr\/hulpmiddelen\/verpleegdeken\/verpleegdeken-camel\/\" \/>\n<meta property=\"og:site_name\" content=\"Gozz4All\" \/>\n<meta property=\"article:publisher\" content=\"https:\/\/www.facebook.com\/gozz4all\/\" \/>\n<meta property=\"article:modified_time\" content=\"2023-02-15T15:51:42+00:00\" \/>\n<meta property=\"og:image\" content=\"https:\/\/gozz4all.com\/wp-content\/uploads\/2022\/04\/DSC_0249.jpg\" \/>\n\t<meta property=\"og:image:width\" content=\"1200\" \/>\n\t<meta property=\"og:image:height\" content=\"800\" \/>\n\t<meta property=\"og:image:type\" content=\"image\/jpeg\" \/>\n<meta name=\"twitter:card\" content=\"summary_large_image\" \/>\n<meta name=\"twitter:label1\" content=\"Dur\u00e9e de lecture estim\u00e9e\" \/>\n\t<meta name=\"twitter:data1\" content=\"1 minute\" \/>\n<script type=\"application\/ld+json\" class=\"yoast-schema-graph\">{\"@context\":\"https:\/\/schema.org\",\"@graph\":[{\"@type\":\"WebPage\",\"@id\":\"https:\/\/gozz4all.com\/hulpmiddelen\/verpleegdeken\/verpleegdeken-camel\/\",\"url\":\"https:\/\/gozz4all.com\/hulpmiddelen\/verpleegdeken\/verpleegdeken-camel\/\",\"name\":\"Fixatiedeken-Verpleegdeken grote en kleine maten-mokka\",\"isPartOf\":{\"@id\":\"https:\/\/gozz4all.com\/fr\/#website\"},\"primaryImageOfPage\":{\"@id\":\"https:\/\/gozz4all.com\/hulpmiddelen\/verpleegdeken\/verpleegdeken-camel\/#primaryimage\"},\"image\":{\"@id\":\"https:\/\/gozz4all.com\/hulpmiddelen\/verpleegdeken\/verpleegdeken-camel\/#primaryimage\"},\"thumbnailUrl\":\"https:\/\/gozz4all.com\/wp-content\/uploads\/2022\/04\/DSC_0249.jpg\",\"datePublished\":\"2022-04-25T16:35:27+00:00\",\"dateModified\":\"2023-02-15T15:51:42+00:00\",\"description\":\"Fixatiedeken-Verpleegdeken grote en kleine maten-mokka. Dit licht fixatiemiddel voorkomt uit bed vallen, zelfverminking, ongewenst uit bed gaan.\",\"breadcrumb\":{\"@id\":\"https:\/\/gozz4all.com\/hulpmiddelen\/verpleegdeken\/verpleegdeken-camel\/#breadcrumb\"},\"inLanguage\":\"fr-FR\",\"potentialAction\":[{\"@type\":\"ReadAction\",\"target\":[\"https:\/\/gozz4all.com\/hulpmiddelen\/verpleegdeken\/verpleegdeken-camel\/\"]}]},{\"@type\":\"ImageObject\",\"inLanguage\":\"fr-FR\",\"@id\":\"https:\/\/gozz4all.com\/hulpmiddelen\/verpleegdeken\/verpleegdeken-camel\/#primaryimage\",\"url\":\"https:\/\/gozz4all.com\/wp-content\/uploads\/2022\/04\/DSC_0249.jpg\",\"contentUrl\":\"https:\/\/gozz4all.com\/wp-content\/uploads\/2022\/04\/DSC_0249.jpg\",\"width\":1200,\"height\":800,\"caption\":\"Fixatiedeken-Verpleegdeken grote en kleine maten-mokka. Dit licht fixatiemiddel voorkomt uit bed vallen, zelfverminking, ongewenst uit bed gaan.\"},{\"@type\":\"BreadcrumbList\",\"@id\":\"https:\/\/gozz4all.com\/hulpmiddelen\/verpleegdeken\/verpleegdeken-camel\/#breadcrumb\",\"itemListElement\":[{\"@type\":\"ListItem\",\"position\":1,\"name\":\"Home\",\"item\":\"https:\/\/gozz4all.com\/\"},{\"@type\":\"ListItem\",\"position\":2,\"name\":\"Producten\",\"item\":\"https:\/\/gozz4all.com\/shop\/\"},{\"@type\":\"ListItem\",\"position\":3,\"name\":\"Fixatiedeken-Verpleegdeken grote en kleine maten-mokka\"}]},{\"@type\":\"WebSite\",\"@id\":\"https:\/\/gozz4all.com\/fr\/#website\",\"url\":\"https:\/\/gozz4all.com\/fr\/\",\"name\":\"Gozz4All\",\"description\":\"Gozz4All\",\"publisher\":{\"@id\":\"https:\/\/gozz4all.com\/fr\/#organization\"},\"potentialAction\":[{\"@type\":\"SearchAction\",\"target\":{\"@type\":\"EntryPoint\",\"urlTemplate\":\"https:\/\/gozz4all.com\/fr\/?s={search_term_string}\"},\"query-input\":{\"@type\":\"PropertyValueSpecification\",\"valueRequired\":true,\"valueName\":\"search_term_string\"}}],\"inLanguage\":\"fr-FR\"},{\"@type\":\"Organization\",\"@id\":\"https:\/\/gozz4all.com\/fr\/#organization\",\"name\":\"Gozz4all\",\"url\":\"https:\/\/gozz4all.com\/fr\/\",\"logo\":{\"@type\":\"ImageObject\",\"inLanguage\":\"fr-FR\",\"@id\":\"https:\/\/gozz4all.com\/fr\/#\/schema\/logo\/image\/\",\"url\":\"https:\/\/gozz4all.com\/wp-content\/uploads\/2020\/04\/Logo-ask-for-better-one.png\",\"contentUrl\":\"https:\/\/gozz4all.com\/wp-content\/uploads\/2020\/04\/Logo-ask-for-better-one.png\",\"width\":146,\"height\":60,\"caption\":\"Gozz4all\"},\"image\":{\"@id\":\"https:\/\/gozz4all.com\/fr\/#\/schema\/logo\/image\/\"},\"sameAs\":[\"https:\/\/www.facebook.com\/gozz4all\/\",\"https:\/\/www.instagram.com\/gozz4allfashion\/?hl=nl\"]}]}<\/script>\n<!-- \/ Yoast SEO plugin. -->","yoast_head_json":{"title":"Couverture de fixation-couverture de soins grandes et petites tailles-mocca","description":"Fixatiedeken-Verpleegdeken grote en kleine maten-mokka. Dit licht fixatiemiddel voorkomt uit bed vallen, zelfverminking, ongewenst uit bed gaan.","robots":{"index":"index","follow":"follow","max-snippet":"max-snippet:-1","max-image-preview":"max-image-preview:large","max-video-preview":"max-video-preview:-1"},"canonical":"https:\/\/gozz4all.com\/fr\/hulpmiddelen\/verpleegdeken\/verpleegdeken-camel\/","og_locale":"fr_FR","og_type":"article","og_title":"Fixatiedeken-Verpleegdeken grote en kleine maten-mokka","og_description":"Fixatiedeken-Verpleegdeken grote en kleine maten-mokka. Dit licht fixatiemiddel voorkomt uit bed vallen, zelfverminking, ongewenst uit bed gaan.","og_url":"https:\/\/gozz4all.com\/fr\/hulpmiddelen\/verpleegdeken\/verpleegdeken-camel\/","og_site_name":"Gozz4All","article_publisher":"https:\/\/www.facebook.com\/gozz4all\/","article_modified_time":"2023-02-15T15:51:42+00:00","og_image":[{"width":1200,"height":800,"url":"https:\/\/gozz4all.com\/wp-content\/uploads\/2022\/04\/DSC_0249.jpg","type":"image\/jpeg"}],"twitter_card":"summary_large_image","twitter_misc":{"Dur\u00e9e de lecture estim\u00e9e":"1 minute"},"schema":{"@context":"https:\/\/schema.org","@graph":[{"@type":"WebPage","@id":"https:\/\/gozz4all.com\/hulpmiddelen\/verpleegdeken\/verpleegdeken-camel\/","url":"https:\/\/gozz4all.com\/hulpmiddelen\/verpleegdeken\/verpleegdeken-camel\/","name":"Couverture de fixation-couverture de soins grandes et petites tailles-mocca","isPartOf":{"@id":"https:\/\/gozz4all.com\/fr\/#website"},"primaryImageOfPage":{"@id":"https:\/\/gozz4all.com\/hulpmiddelen\/verpleegdeken\/verpleegdeken-camel\/#primaryimage"},"image":{"@id":"https:\/\/gozz4all.com\/hulpmiddelen\/verpleegdeken\/verpleegdeken-camel\/#primaryimage"},"thumbnailUrl":"https:\/\/gozz4all.com\/wp-content\/uploads\/2022\/04\/DSC_0249.jpg","datePublished":"2022-04-25T16:35:27+00:00","dateModified":"2023-02-15T15:51:42+00:00","description":"Fixatiedeken-Verpleegdeken grote en kleine maten-mokka. Dit licht fixatiemiddel voorkomt uit bed vallen, zelfverminking, ongewenst uit bed gaan.","breadcrumb":{"@id":"https:\/\/gozz4all.com\/hulpmiddelen\/verpleegdeken\/verpleegdeken-camel\/#breadcrumb"},"inLanguage":"fr-FR","potentialAction":[{"@type":"ReadAction","target":["https:\/\/gozz4all.com\/hulpmiddelen\/verpleegdeken\/verpleegdeken-camel\/"]}]},{"@type":"ImageObject","inLanguage":"fr-FR","@id":"https:\/\/gozz4all.com\/hulpmiddelen\/verpleegdeken\/verpleegdeken-camel\/#primaryimage","url":"https:\/\/gozz4all.com\/wp-content\/uploads\/2022\/04\/DSC_0249.jpg","contentUrl":"https:\/\/gozz4all.com\/wp-content\/uploads\/2022\/04\/DSC_0249.jpg","width":1200,"height":800,"caption":"Fixatiedeken-Verpleegdeken grote en kleine maten-mokka. Dit licht fixatiemiddel voorkomt uit bed vallen, zelfverminking, ongewenst uit bed gaan."},{"@type":"BreadcrumbList","@id":"https:\/\/gozz4all.com\/hulpmiddelen\/verpleegdeken\/verpleegdeken-camel\/#breadcrumb","itemListElement":[{"@type":"ListItem","position":1,"name":"Home","item":"https:\/\/gozz4all.com\/"},{"@type":"ListItem","position":2,"name":"Producten","item":"https:\/\/gozz4all.com\/shop\/"},{"@type":"ListItem","position":3,"name":"Fixatiedeken-Verpleegdeken grote en kleine maten-mokka"}]},{"@type":"WebSite","@id":"https:\/\/gozz4all.com\/fr\/#website","url":"https:\/\/gozz4all.com\/fr\/","name":"Gozz4All","description":"Gozz4All","publisher":{"@id":"https:\/\/gozz4all.com\/fr\/#organization"},"potentialAction":[{"@type":"SearchAction","target":{"@type":"EntryPoint","urlTemplate":"https:\/\/gozz4all.com\/fr\/?s={search_term_string}"},"query-input":{"@type":"PropertyValueSpecification","valueRequired":true,"valueName":"search_term_string"}}],"inLanguage":"fr-FR"},{"@type":"Organization","@id":"https:\/\/gozz4all.com\/fr\/#organization","name":"Gozz4all","url":"https:\/\/gozz4all.com\/fr\/","logo":{"@type":"ImageObject","inLanguage":"fr-FR","@id":"https:\/\/gozz4all.com\/fr\/#\/schema\/logo\/image\/","url":"https:\/\/gozz4all.com\/wp-content\/uploads\/2020\/04\/Logo-ask-for-better-one.png","contentUrl":"https:\/\/gozz4all.com\/wp-content\/uploads\/2020\/04\/Logo-ask-for-better-one.png","width":146,"height":60,"caption":"Gozz4all"},"image":{"@id":"https:\/\/gozz4all.com\/fr\/#\/schema\/logo\/image\/"},"sameAs":["https:\/\/www.facebook.com\/gozz4all\/","https:\/\/www.instagram.com\/gozz4allfashion\/?hl=nl"]}]}},"_links":{"self":[{"href":"https:\/\/gozz4all.com\/fr\/wp-json\/wp\/v2\/product\/17800","targetHints":{"allow":["GET"]}}],"collection":[{"href":"https:\/\/gozz4all.com\/fr\/wp-json\/wp\/v2\/product"}],"about":[{"href":"https:\/\/gozz4all.com\/fr\/wp-json\/wp\/v2\/types\/product"}],"wp:featuredmedia":[{"embeddable":true,"href":"https:\/\/gozz4all.com\/fr\/wp-json\/wp\/v2\/media\/17801"}],"wp:attachment":[{"href":"https:\/\/gozz4all.com\/fr\/wp-json\/wp\/v2\/media?parent=17800"}],"wp:term":[{"taxonomy":"product_brand","embeddable":true,"href":"https:\/\/gozz4all.com\/fr\/wp-json\/wp\/v2\/product_brand?post=17800"},{"taxonomy":"product_cat","embeddable":true,"href":"https:\/\/gozz4all.com\/fr\/wp-json\/wp\/v2\/product_cat?post=17800"},{"taxonomy":"product_tag","embeddable":true,"href":"https:\/\/gozz4all.com\/fr\/wp-json\/wp\/v2\/product_tag?post=17800"}],"curies":[{"name":"wp","href":"https:\/\/api.w.org\/{rel}","templated":true}]}}