{"id":16496,"date":"2022-03-28T15:37:51","date_gmt":"2022-03-28T13:37:51","guid":{"rendered":"https:\/\/gozz4all.com\/?post_type=product&#038;p=16496"},"modified":"2022-08-24T13:16:36","modified_gmt":"2022-08-24T11:16:36","slug":"slab-sjaal-special-bib-velours-superzacht-en-absorberend-waterafstotende-achterzijde-slikproblemen-overmatig-speekselverlies","status":"publish","type":"product","link":"https:\/\/gozz4all.com\/fr\/product\/slab-sjaal-special-bib-velours-superzacht-en-absorberend-waterafstotende-achterzijde-slikproblemen-overmatig-speekselverlies\/","title":{"rendered":"Bavoir en velours de ch\u00e2le - vert menthe"},"content":{"rendered":"<p><strong>\u00c9charpe super douce en tissu velours<\/strong><\/p>\n<p>Ils sont super absorbants, repoussent la salet\u00e9, sont imperm\u00e9ables et s\u00e8chent rapidement.<\/p>\n<p>Ils offrent une protection optimale aux v\u00eatements et sont \u00e9galement agr\u00e9ables \u00e0 regarder.<\/p>\n<p>Les \u00e9charpes en dalle sont fabriqu\u00e9es avec un avant en velours qui ne bouloche pas et un arri\u00e8re imperm\u00e9able.<\/p>\n<ul>\n<li>Pour les personnes souffrant de salivation excessive<\/li>\n<li>Personnes ayant des probl\u00e8mes de d\u00e9glutition<\/li>\n<\/ul>\n<p>Nos bavoirs peuvent \u00eatre fabriqu\u00e9s en diff\u00e9rentes tailles et couleurs.<\/p>\n<p>Fermeture \u00e0 l'arri\u00e8re par boutons-pression.<\/p>\n<p>Gr\u00e2ce \u00e0 son support imperm\u00e9able, le port de ce bavoir garantit qu'aucune humidit\u00e9 ne peut p\u00e9n\u00e9trer. Pour que les v\u00eatements restent propres et bien rang\u00e9s !<\/p>\n<p>Il est totalement imperm\u00e9able mais reste respirant.<\/p>\n<p>Si vous souhaitez qu'il soit plus large ou plus long, veuillez envoyer un courriel \u00e0 l'adresse suivante <strong>info@gozz.be<\/strong> pour que nous puissions le regarder ensemble.<\/p>\n<p>-&gt; N'irrite pas<br \/>\n-&gt; Lavable en plusieurs fois \u00e0 60\u00b0C<br \/>\n-&gt; Disponible en diff\u00e9rentes tailles<\/p>\n<p><strong>Composition :<br \/>\n<\/strong>100% PE<\/p>","protected":false},"excerpt":{"rendered":"<p><strong>\u00c9charpe super douce en tissu velours<\/strong><\/p>\n<p>Ils sont super absorbants, repoussent la salet\u00e9, sont imperm\u00e9ables et s\u00e8chent rapidement.<\/p>\n<p>Ils offrent une protection optimale aux v\u00eatements et sont \u00e9galement agr\u00e9ables \u00e0 regarder.<\/p>\n<p>Les \u00e9charpes en dalle sont fabriqu\u00e9es avec un avant en velours qui ne bouloche pas et un arri\u00e8re imperm\u00e9able.<\/p>\n<ul>\n<li>Pour les personnes souffrant de salivation excessive<\/li>\n<li>Personnes ayant des probl\u00e8mes de d\u00e9glutition<\/li>\n<\/ul>\n<p>Nos bavoirs peuvent \u00eatre fabriqu\u00e9s en diff\u00e9rentes tailles et couleurs.<\/p>\n<p>Fermeture \u00e0 l'arri\u00e8re par boutons-pression.<\/p>\n<p>Gr\u00e2ce \u00e0 son support imperm\u00e9able, le port de ce bavoir garantit qu'aucune humidit\u00e9 ne peut p\u00e9n\u00e9trer. Pour que les v\u00eatements restent propres et bien rang\u00e9s !<\/p>\n<p>Il est totalement imperm\u00e9able mais reste respirant.<\/p>\n<p>Si vous souhaitez qu'il soit plus large ou plus long, veuillez envoyer un courriel \u00e0 l'adresse suivante <strong>info@gozz.be<\/strong> pour que nous puissions le regarder ensemble.<\/p>\n<p>-&gt; N'irrite pas<br \/>\n-&gt; Lavable en plusieurs fois \u00e0 60\u00b0C<br \/>\n-&gt; Disponible en diff\u00e9rentes tailles<\/p>\n<p><strong>Composition :<br \/>\n<\/strong>100% PE<\/p>","protected":false},"featured_media":16501,"template":"","meta":[],"product_brand":[],"product_cat":[611,612,613,445,47],"product_tag":[],"class_list":{"0":"post-16496","1":"product","2":"type-product","3":"status-publish","4":"has-post-thumbnail","6":"product_cat-kids","7":"product_cat-ouderen-dementie","8":"product_cat-volwassenen","9":"product_cat-new","10":"product_cat-slabbetjes","11":"pa_maat-s-2","12":"pa_maat-m-2","13":"pa_maat-l-2","14":"pif-has-gallery","16":"first","17":"instock","18":"taxable","19":"shipping-taxable","20":"purchasable","21":"product-type-variable","22":"has-default-attributes"},"yoast_head":"<!-- This site is optimized with the Yoast SEO plugin v27.2 - https:\/\/yoast.com\/product\/yoast-seo-wordpress\/ -->\n<title>Slab sjaal-velours- mint groen | Gozz4All<\/title>\n<meta name=\"description\" content=\"slab sjaal special bib- velours - superzacht en absorberend-waterafstotende achterzijde-slikproblemen-overmatig speekselverlies\" \/>\n<meta name=\"robots\" content=\"index, follow, max-snippet:-1, max-image-preview:large, max-video-preview:-1\" \/>\n<link rel=\"canonical\" href=\"https:\/\/gozz4all.com\/fr\/volwassenen\/slab-sjaal-special-bib-velours-superzacht-en-absorberend-waterafstotende-achterzijde-slikproblemen-overmatig-speekselverlies\/\" \/>\n<meta property=\"og:locale\" content=\"fr_FR\" \/>\n<meta property=\"og:type\" content=\"article\" \/>\n<meta property=\"og:title\" content=\"Slab sjaal-velours- mint groen | Gozz4All\" \/>\n<meta property=\"og:description\" content=\"slab sjaal special bib- velours - superzacht en absorberend-waterafstotende achterzijde-slikproblemen-overmatig speekselverlies\" \/>\n<meta property=\"og:url\" content=\"https:\/\/gozz4all.com\/fr\/volwassenen\/slab-sjaal-special-bib-velours-superzacht-en-absorberend-waterafstotende-achterzijde-slikproblemen-overmatig-speekselverlies\/\" \/>\n<meta property=\"og:site_name\" content=\"Gozz4All\" \/>\n<meta property=\"article:publisher\" content=\"https:\/\/www.facebook.com\/gozz4all\/\" \/>\n<meta property=\"article:modified_time\" content=\"2022-08-24T11:16:36+00:00\" \/>\n<meta property=\"og:image\" content=\"https:\/\/gozz4all.com\/wp-content\/uploads\/2022\/03\/slab-sjaal-pastel-groen-1.jpg\" \/>\n\t<meta property=\"og:image:width\" content=\"1200\" \/>\n\t<meta property=\"og:image:height\" content=\"846\" \/>\n\t<meta property=\"og:image:type\" content=\"image\/jpeg\" \/>\n<meta name=\"twitter:card\" content=\"summary_large_image\" \/>\n<script type=\"application\/ld+json\" class=\"yoast-schema-graph\">{\"@context\":\"https:\/\/schema.org\",\"@graph\":[{\"@type\":\"WebPage\",\"@id\":\"https:\/\/gozz4all.com\/volwassenen\/slab-sjaal-special-bib-velours-superzacht-en-absorberend-waterafstotende-achterzijde-slikproblemen-overmatig-speekselverlies\/\",\"url\":\"https:\/\/gozz4all.com\/volwassenen\/slab-sjaal-special-bib-velours-superzacht-en-absorberend-waterafstotende-achterzijde-slikproblemen-overmatig-speekselverlies\/\",\"name\":\"Slab sjaal-velours- mint groen | Gozz4All\",\"isPartOf\":{\"@id\":\"https:\/\/gozz4all.com\/fr\/#website\"},\"primaryImageOfPage\":{\"@id\":\"https:\/\/gozz4all.com\/volwassenen\/slab-sjaal-special-bib-velours-superzacht-en-absorberend-waterafstotende-achterzijde-slikproblemen-overmatig-speekselverlies\/#primaryimage\"},\"image\":{\"@id\":\"https:\/\/gozz4all.com\/volwassenen\/slab-sjaal-special-bib-velours-superzacht-en-absorberend-waterafstotende-achterzijde-slikproblemen-overmatig-speekselverlies\/#primaryimage\"},\"thumbnailUrl\":\"https:\/\/gozz4all.com\/wp-content\/uploads\/2022\/03\/slab-sjaal-pastel-groen-1.jpg\",\"datePublished\":\"2022-03-28T13:37:51+00:00\",\"dateModified\":\"2022-08-24T11:16:36+00:00\",\"description\":\"slab sjaal special bib- velours - superzacht en absorberend-waterafstotende achterzijde-slikproblemen-overmatig speekselverlies\",\"breadcrumb\":{\"@id\":\"https:\/\/gozz4all.com\/volwassenen\/slab-sjaal-special-bib-velours-superzacht-en-absorberend-waterafstotende-achterzijde-slikproblemen-overmatig-speekselverlies\/#breadcrumb\"},\"inLanguage\":\"fr-FR\",\"potentialAction\":[{\"@type\":\"ReadAction\",\"target\":[\"https:\/\/gozz4all.com\/volwassenen\/slab-sjaal-special-bib-velours-superzacht-en-absorberend-waterafstotende-achterzijde-slikproblemen-overmatig-speekselverlies\/\"]}]},{\"@type\":\"ImageObject\",\"inLanguage\":\"fr-FR\",\"@id\":\"https:\/\/gozz4all.com\/volwassenen\/slab-sjaal-special-bib-velours-superzacht-en-absorberend-waterafstotende-achterzijde-slikproblemen-overmatig-speekselverlies\/#primaryimage\",\"url\":\"https:\/\/gozz4all.com\/wp-content\/uploads\/2022\/03\/slab-sjaal-pastel-groen-1.jpg\",\"contentUrl\":\"https:\/\/gozz4all.com\/wp-content\/uploads\/2022\/03\/slab-sjaal-pastel-groen-1.jpg\",\"width\":1200,\"height\":846},{\"@type\":\"BreadcrumbList\",\"@id\":\"https:\/\/gozz4all.com\/volwassenen\/slab-sjaal-special-bib-velours-superzacht-en-absorberend-waterafstotende-achterzijde-slikproblemen-overmatig-speekselverlies\/#breadcrumb\",\"itemListElement\":[{\"@type\":\"ListItem\",\"position\":1,\"name\":\"Home\",\"item\":\"https:\/\/gozz4all.com\/\"},{\"@type\":\"ListItem\",\"position\":2,\"name\":\"Producten\",\"item\":\"https:\/\/gozz4all.com\/shop\/\"},{\"@type\":\"ListItem\",\"position\":3,\"name\":\"Slab sjaal-velours- mint groen\"}]},{\"@type\":\"WebSite\",\"@id\":\"https:\/\/gozz4all.com\/fr\/#website\",\"url\":\"https:\/\/gozz4all.com\/fr\/\",\"name\":\"Gozz4All\",\"description\":\"Gozz4All\",\"publisher\":{\"@id\":\"https:\/\/gozz4all.com\/fr\/#organization\"},\"potentialAction\":[{\"@type\":\"SearchAction\",\"target\":{\"@type\":\"EntryPoint\",\"urlTemplate\":\"https:\/\/gozz4all.com\/fr\/?s={search_term_string}\"},\"query-input\":{\"@type\":\"PropertyValueSpecification\",\"valueRequired\":true,\"valueName\":\"search_term_string\"}}],\"inLanguage\":\"fr-FR\"},{\"@type\":\"Organization\",\"@id\":\"https:\/\/gozz4all.com\/fr\/#organization\",\"name\":\"Gozz4all\",\"url\":\"https:\/\/gozz4all.com\/fr\/\",\"logo\":{\"@type\":\"ImageObject\",\"inLanguage\":\"fr-FR\",\"@id\":\"https:\/\/gozz4all.com\/fr\/#\/schema\/logo\/image\/\",\"url\":\"https:\/\/gozz4all.com\/wp-content\/uploads\/2020\/04\/Logo-ask-for-better-one.png\",\"contentUrl\":\"https:\/\/gozz4all.com\/wp-content\/uploads\/2020\/04\/Logo-ask-for-better-one.png\",\"width\":146,\"height\":60,\"caption\":\"Gozz4all\"},\"image\":{\"@id\":\"https:\/\/gozz4all.com\/fr\/#\/schema\/logo\/image\/\"},\"sameAs\":[\"https:\/\/www.facebook.com\/gozz4all\/\",\"https:\/\/www.instagram.com\/gozz4allfashion\/?hl=nl\"]}]}<\/script>\n<!-- \/ Yoast SEO plugin. -->","yoast_head_json":{"title":"Slab sjaal-velours- mint groen | Gozz4All","description":"slab sjaal special bib- velours - superzacht en absorberend-waterafstotende achterzijde-slikproblemen-overmatig speekselverlies","robots":{"index":"index","follow":"follow","max-snippet":"max-snippet:-1","max-image-preview":"max-image-preview:large","max-video-preview":"max-video-preview:-1"},"canonical":"https:\/\/gozz4all.com\/fr\/volwassenen\/slab-sjaal-special-bib-velours-superzacht-en-absorberend-waterafstotende-achterzijde-slikproblemen-overmatig-speekselverlies\/","og_locale":"fr_FR","og_type":"article","og_title":"Slab sjaal-velours- mint groen | Gozz4All","og_description":"slab sjaal special bib- velours - superzacht en absorberend-waterafstotende achterzijde-slikproblemen-overmatig speekselverlies","og_url":"https:\/\/gozz4all.com\/fr\/volwassenen\/slab-sjaal-special-bib-velours-superzacht-en-absorberend-waterafstotende-achterzijde-slikproblemen-overmatig-speekselverlies\/","og_site_name":"Gozz4All","article_publisher":"https:\/\/www.facebook.com\/gozz4all\/","article_modified_time":"2022-08-24T11:16:36+00:00","og_image":[{"width":1200,"height":846,"url":"https:\/\/gozz4all.com\/wp-content\/uploads\/2022\/03\/slab-sjaal-pastel-groen-1.jpg","type":"image\/jpeg"}],"twitter_card":"summary_large_image","schema":{"@context":"https:\/\/schema.org","@graph":[{"@type":"WebPage","@id":"https:\/\/gozz4all.com\/volwassenen\/slab-sjaal-special-bib-velours-superzacht-en-absorberend-waterafstotende-achterzijde-slikproblemen-overmatig-speekselverlies\/","url":"https:\/\/gozz4all.com\/volwassenen\/slab-sjaal-special-bib-velours-superzacht-en-absorberend-waterafstotende-achterzijde-slikproblemen-overmatig-speekselverlies\/","name":"Slab sjaal-velours- mint groen | Gozz4All","isPartOf":{"@id":"https:\/\/gozz4all.com\/fr\/#website"},"primaryImageOfPage":{"@id":"https:\/\/gozz4all.com\/volwassenen\/slab-sjaal-special-bib-velours-superzacht-en-absorberend-waterafstotende-achterzijde-slikproblemen-overmatig-speekselverlies\/#primaryimage"},"image":{"@id":"https:\/\/gozz4all.com\/volwassenen\/slab-sjaal-special-bib-velours-superzacht-en-absorberend-waterafstotende-achterzijde-slikproblemen-overmatig-speekselverlies\/#primaryimage"},"thumbnailUrl":"https:\/\/gozz4all.com\/wp-content\/uploads\/2022\/03\/slab-sjaal-pastel-groen-1.jpg","datePublished":"2022-03-28T13:37:51+00:00","dateModified":"2022-08-24T11:16:36+00:00","description":"slab sjaal special bib- velours - superzacht en absorberend-waterafstotende achterzijde-slikproblemen-overmatig speekselverlies","breadcrumb":{"@id":"https:\/\/gozz4all.com\/volwassenen\/slab-sjaal-special-bib-velours-superzacht-en-absorberend-waterafstotende-achterzijde-slikproblemen-overmatig-speekselverlies\/#breadcrumb"},"inLanguage":"fr-FR","potentialAction":[{"@type":"ReadAction","target":["https:\/\/gozz4all.com\/volwassenen\/slab-sjaal-special-bib-velours-superzacht-en-absorberend-waterafstotende-achterzijde-slikproblemen-overmatig-speekselverlies\/"]}]},{"@type":"ImageObject","inLanguage":"fr-FR","@id":"https:\/\/gozz4all.com\/volwassenen\/slab-sjaal-special-bib-velours-superzacht-en-absorberend-waterafstotende-achterzijde-slikproblemen-overmatig-speekselverlies\/#primaryimage","url":"https:\/\/gozz4all.com\/wp-content\/uploads\/2022\/03\/slab-sjaal-pastel-groen-1.jpg","contentUrl":"https:\/\/gozz4all.com\/wp-content\/uploads\/2022\/03\/slab-sjaal-pastel-groen-1.jpg","width":1200,"height":846},{"@type":"BreadcrumbList","@id":"https:\/\/gozz4all.com\/volwassenen\/slab-sjaal-special-bib-velours-superzacht-en-absorberend-waterafstotende-achterzijde-slikproblemen-overmatig-speekselverlies\/#breadcrumb","itemListElement":[{"@type":"ListItem","position":1,"name":"Home","item":"https:\/\/gozz4all.com\/"},{"@type":"ListItem","position":2,"name":"Producten","item":"https:\/\/gozz4all.com\/shop\/"},{"@type":"ListItem","position":3,"name":"Slab sjaal-velours- mint groen"}]},{"@type":"WebSite","@id":"https:\/\/gozz4all.com\/fr\/#website","url":"https:\/\/gozz4all.com\/fr\/","name":"Gozz4All","description":"Gozz4All","publisher":{"@id":"https:\/\/gozz4all.com\/fr\/#organization"},"potentialAction":[{"@type":"SearchAction","target":{"@type":"EntryPoint","urlTemplate":"https:\/\/gozz4all.com\/fr\/?s={search_term_string}"},"query-input":{"@type":"PropertyValueSpecification","valueRequired":true,"valueName":"search_term_string"}}],"inLanguage":"fr-FR"},{"@type":"Organization","@id":"https:\/\/gozz4all.com\/fr\/#organization","name":"Gozz4all","url":"https:\/\/gozz4all.com\/fr\/","logo":{"@type":"ImageObject","inLanguage":"fr-FR","@id":"https:\/\/gozz4all.com\/fr\/#\/schema\/logo\/image\/","url":"https:\/\/gozz4all.com\/wp-content\/uploads\/2020\/04\/Logo-ask-for-better-one.png","contentUrl":"https:\/\/gozz4all.com\/wp-content\/uploads\/2020\/04\/Logo-ask-for-better-one.png","width":146,"height":60,"caption":"Gozz4all"},"image":{"@id":"https:\/\/gozz4all.com\/fr\/#\/schema\/logo\/image\/"},"sameAs":["https:\/\/www.facebook.com\/gozz4all\/","https:\/\/www.instagram.com\/gozz4allfashion\/?hl=nl"]}]}},"_links":{"self":[{"href":"https:\/\/gozz4all.com\/fr\/wp-json\/wp\/v2\/product\/16496","targetHints":{"allow":["GET"]}}],"collection":[{"href":"https:\/\/gozz4all.com\/fr\/wp-json\/wp\/v2\/product"}],"about":[{"href":"https:\/\/gozz4all.com\/fr\/wp-json\/wp\/v2\/types\/product"}],"wp:featuredmedia":[{"embeddable":true,"href":"https:\/\/gozz4all.com\/fr\/wp-json\/wp\/v2\/media\/16501"}],"wp:attachment":[{"href":"https:\/\/gozz4all.com\/fr\/wp-json\/wp\/v2\/media?parent=16496"}],"wp:term":[{"taxonomy":"product_brand","embeddable":true,"href":"https:\/\/gozz4all.com\/fr\/wp-json\/wp\/v2\/product_brand?post=16496"},{"taxonomy":"product_cat","embeddable":true,"href":"https:\/\/gozz4all.com\/fr\/wp-json\/wp\/v2\/product_cat?post=16496"},{"taxonomy":"product_tag","embeddable":true,"href":"https:\/\/gozz4all.com\/fr\/wp-json\/wp\/v2\/product_tag?post=16496"}],"curies":[{"name":"wp","href":"https:\/\/api.w.org\/{rel}","templated":true}]}}