{"id":15684,"date":"2021-12-08T13:05:44","date_gmt":"2021-12-08T11:05:44","guid":{"rendered":"https:\/\/gozz4all.com\/?post_type=product&#038;p=15684"},"modified":"2022-03-04T11:05:31","modified_gmt":"2022-03-04T09:05:31","slug":"bomberjack-leopard","status":"publish","type":"product","link":"https:\/\/gozz4all.com\/fr\/product\/bomberjack-leopard\/","title":{"rendered":"Veste bomber Leopard"},"content":{"rendered":"<p><strong>Description :<\/strong><br \/>\nCette veste robuste en tissu souple est facile \u00e0 enfiler et \u00e0 enlever. Fini avec 2 poches et une doublure douce \u00e0 l'int\u00e9rieur.<\/p>\n<p><strong>Ajustement :<\/strong><br \/>\nFermeture avec <em>fermeture \u00e9clair magn\u00e9tique<\/em> qui offre un confort suppl\u00e9mentaire lors de l'enfilage de la veste.<\/p>\n<p>&nbsp;<\/p>","protected":false},"excerpt":{"rendered":"<p>Beschrijving: Dit stoere jasje in soepele stof is vlot aan- en uit te doen. Afgewerkt met\u00a0 2 zakken en een zachte voering aan de binnenzijde. Aanpassing: Sluiting met magnetische rits die zorgt voor extra comfort bij het aandoen van de jas. &nbsp;<\/p>","protected":false},"featured_media":15699,"template":"","meta":[],"product_brand":[],"product_cat":[611,613,445,49],"product_tag":[],"class_list":{"0":"post-15684","1":"product","2":"type-product","3":"status-publish","4":"has-post-thumbnail","6":"product_cat-kids","7":"product_cat-volwassenen","8":"product_cat-new","9":"product_cat-rolstoel-capes-rolstoeljas-voetenzak","10":"pa_maat-s-2","11":"pa_maat-xxl","12":"pa_maat-140-146-2-en","13":"pa_maat-92-98","14":"pa_maat-l-2-en","15":"pa_maat-104-110-2","16":"pa_maat-m-2-de","17":"pa_maat-116-122-2","18":"pa_maat-xl-2-en","19":"pa_maat-128-134-2","20":"pa_maat-152-158-2","21":"pa_maat-164-170-2","22":"pa_maat-176-182-2","23":"pa_maat-188-2","24":"pif-has-gallery","26":"first","27":"instock","28":"taxable","29":"shipping-taxable","30":"purchasable","31":"product-type-variable"},"yoast_head":"<!-- This site is optimized with the Yoast SEO plugin v27.2 - https:\/\/yoast.com\/product\/yoast-seo-wordpress\/ -->\n<title>Bomberjack Leopard | Gozz4All<\/title>\n<meta name=\"robots\" content=\"index, follow, max-snippet:-1, max-image-preview:large, max-video-preview:-1\" \/>\n<link rel=\"canonical\" href=\"https:\/\/gozz4all.com\/fr\/kleding\/jassen\/bomberjack-leopard\/\" \/>\n<meta property=\"og:locale\" content=\"fr_FR\" \/>\n<meta property=\"og:type\" content=\"article\" \/>\n<meta property=\"og:title\" content=\"Bomberjack Leopard | Gozz4All\" \/>\n<meta property=\"og:description\" content=\"Beschrijving: Dit stoere jasje in soepele stof is vlot aan- en uit te doen. Afgewerkt met\u00a0 2 zakken en een zachte voering aan de binnenzijde. Aanpassing: Sluiting met magnetische rits die zorgt voor extra comfort bij het aandoen van de jas. &nbsp;\" \/>\n<meta property=\"og:url\" content=\"https:\/\/gozz4all.com\/fr\/kleding\/jassen\/bomberjack-leopard\/\" \/>\n<meta property=\"og:site_name\" content=\"Gozz4All\" \/>\n<meta property=\"article:publisher\" content=\"https:\/\/www.facebook.com\/gozz4all\/\" \/>\n<meta property=\"article:modified_time\" content=\"2022-03-04T09:05:31+00:00\" \/>\n<meta property=\"og:image\" content=\"https:\/\/gozz4all.com\/wp-content\/uploads\/2021\/12\/Bomberjacket-Leopard.jpg\" \/>\n\t<meta property=\"og:image:width\" content=\"900\" \/>\n\t<meta property=\"og:image:height\" content=\"1200\" \/>\n\t<meta property=\"og:image:type\" content=\"image\/jpeg\" \/>\n<meta name=\"twitter:card\" content=\"summary_large_image\" \/>\n<meta name=\"twitter:label1\" content=\"Dur\u00e9e de lecture estim\u00e9e\" \/>\n\t<meta name=\"twitter:data1\" content=\"1 minute\" \/>\n<script type=\"application\/ld+json\" class=\"yoast-schema-graph\">{\"@context\":\"https:\/\/schema.org\",\"@graph\":[{\"@type\":\"WebPage\",\"@id\":\"https:\/\/gozz4all.com\/kleding\/jassen\/bomberjack-leopard\/\",\"url\":\"https:\/\/gozz4all.com\/kleding\/jassen\/bomberjack-leopard\/\",\"name\":\"Bomberjack Leopard | Gozz4All\",\"isPartOf\":{\"@id\":\"https:\/\/gozz4all.com\/fr\/#website\"},\"primaryImageOfPage\":{\"@id\":\"https:\/\/gozz4all.com\/kleding\/jassen\/bomberjack-leopard\/#primaryimage\"},\"image\":{\"@id\":\"https:\/\/gozz4all.com\/kleding\/jassen\/bomberjack-leopard\/#primaryimage\"},\"thumbnailUrl\":\"https:\/\/gozz4all.com\/wp-content\/uploads\/2021\/12\/Bomberjacket-Leopard.jpg\",\"datePublished\":\"2021-12-08T11:05:44+00:00\",\"dateModified\":\"2022-03-04T09:05:31+00:00\",\"breadcrumb\":{\"@id\":\"https:\/\/gozz4all.com\/kleding\/jassen\/bomberjack-leopard\/#breadcrumb\"},\"inLanguage\":\"fr-FR\",\"potentialAction\":[{\"@type\":\"ReadAction\",\"target\":[\"https:\/\/gozz4all.com\/kleding\/jassen\/bomberjack-leopard\/\"]}]},{\"@type\":\"ImageObject\",\"inLanguage\":\"fr-FR\",\"@id\":\"https:\/\/gozz4all.com\/kleding\/jassen\/bomberjack-leopard\/#primaryimage\",\"url\":\"https:\/\/gozz4all.com\/wp-content\/uploads\/2021\/12\/Bomberjacket-Leopard.jpg\",\"contentUrl\":\"https:\/\/gozz4all.com\/wp-content\/uploads\/2021\/12\/Bomberjacket-Leopard.jpg\",\"width\":900,\"height\":1200},{\"@type\":\"BreadcrumbList\",\"@id\":\"https:\/\/gozz4all.com\/kleding\/jassen\/bomberjack-leopard\/#breadcrumb\",\"itemListElement\":[{\"@type\":\"ListItem\",\"position\":1,\"name\":\"Home\",\"item\":\"https:\/\/gozz4all.com\/\"},{\"@type\":\"ListItem\",\"position\":2,\"name\":\"Producten\",\"item\":\"https:\/\/gozz4all.com\/shop\/\"},{\"@type\":\"ListItem\",\"position\":3,\"name\":\"Bomberjack Leopard\"}]},{\"@type\":\"WebSite\",\"@id\":\"https:\/\/gozz4all.com\/fr\/#website\",\"url\":\"https:\/\/gozz4all.com\/fr\/\",\"name\":\"Gozz4All\",\"description\":\"Gozz4All\",\"publisher\":{\"@id\":\"https:\/\/gozz4all.com\/fr\/#organization\"},\"potentialAction\":[{\"@type\":\"SearchAction\",\"target\":{\"@type\":\"EntryPoint\",\"urlTemplate\":\"https:\/\/gozz4all.com\/fr\/?s={search_term_string}\"},\"query-input\":{\"@type\":\"PropertyValueSpecification\",\"valueRequired\":true,\"valueName\":\"search_term_string\"}}],\"inLanguage\":\"fr-FR\"},{\"@type\":\"Organization\",\"@id\":\"https:\/\/gozz4all.com\/fr\/#organization\",\"name\":\"Gozz4all\",\"url\":\"https:\/\/gozz4all.com\/fr\/\",\"logo\":{\"@type\":\"ImageObject\",\"inLanguage\":\"fr-FR\",\"@id\":\"https:\/\/gozz4all.com\/fr\/#\/schema\/logo\/image\/\",\"url\":\"https:\/\/gozz4all.com\/wp-content\/uploads\/2020\/04\/Logo-ask-for-better-one.png\",\"contentUrl\":\"https:\/\/gozz4all.com\/wp-content\/uploads\/2020\/04\/Logo-ask-for-better-one.png\",\"width\":146,\"height\":60,\"caption\":\"Gozz4all\"},\"image\":{\"@id\":\"https:\/\/gozz4all.com\/fr\/#\/schema\/logo\/image\/\"},\"sameAs\":[\"https:\/\/www.facebook.com\/gozz4all\/\",\"https:\/\/www.instagram.com\/gozz4allfashion\/?hl=nl\"]}]}<\/script>\n<!-- \/ Yoast SEO plugin. -->","yoast_head_json":{"title":"Bomberjack Leopard | Gozz4All","robots":{"index":"index","follow":"follow","max-snippet":"max-snippet:-1","max-image-preview":"max-image-preview:large","max-video-preview":"max-video-preview:-1"},"canonical":"https:\/\/gozz4all.com\/fr\/kleding\/jassen\/bomberjack-leopard\/","og_locale":"fr_FR","og_type":"article","og_title":"Bomberjack Leopard | Gozz4All","og_description":"Beschrijving: Dit stoere jasje in soepele stof is vlot aan- en uit te doen. Afgewerkt met\u00a0 2 zakken en een zachte voering aan de binnenzijde. Aanpassing: Sluiting met magnetische rits die zorgt voor extra comfort bij het aandoen van de jas. &nbsp;","og_url":"https:\/\/gozz4all.com\/fr\/kleding\/jassen\/bomberjack-leopard\/","og_site_name":"Gozz4All","article_publisher":"https:\/\/www.facebook.com\/gozz4all\/","article_modified_time":"2022-03-04T09:05:31+00:00","og_image":[{"width":900,"height":1200,"url":"https:\/\/gozz4all.com\/wp-content\/uploads\/2021\/12\/Bomberjacket-Leopard.jpg","type":"image\/jpeg"}],"twitter_card":"summary_large_image","twitter_misc":{"Dur\u00e9e de lecture estim\u00e9e":"1 minute"},"schema":{"@context":"https:\/\/schema.org","@graph":[{"@type":"WebPage","@id":"https:\/\/gozz4all.com\/kleding\/jassen\/bomberjack-leopard\/","url":"https:\/\/gozz4all.com\/kleding\/jassen\/bomberjack-leopard\/","name":"Bomberjack Leopard | Gozz4All","isPartOf":{"@id":"https:\/\/gozz4all.com\/fr\/#website"},"primaryImageOfPage":{"@id":"https:\/\/gozz4all.com\/kleding\/jassen\/bomberjack-leopard\/#primaryimage"},"image":{"@id":"https:\/\/gozz4all.com\/kleding\/jassen\/bomberjack-leopard\/#primaryimage"},"thumbnailUrl":"https:\/\/gozz4all.com\/wp-content\/uploads\/2021\/12\/Bomberjacket-Leopard.jpg","datePublished":"2021-12-08T11:05:44+00:00","dateModified":"2022-03-04T09:05:31+00:00","breadcrumb":{"@id":"https:\/\/gozz4all.com\/kleding\/jassen\/bomberjack-leopard\/#breadcrumb"},"inLanguage":"fr-FR","potentialAction":[{"@type":"ReadAction","target":["https:\/\/gozz4all.com\/kleding\/jassen\/bomberjack-leopard\/"]}]},{"@type":"ImageObject","inLanguage":"fr-FR","@id":"https:\/\/gozz4all.com\/kleding\/jassen\/bomberjack-leopard\/#primaryimage","url":"https:\/\/gozz4all.com\/wp-content\/uploads\/2021\/12\/Bomberjacket-Leopard.jpg","contentUrl":"https:\/\/gozz4all.com\/wp-content\/uploads\/2021\/12\/Bomberjacket-Leopard.jpg","width":900,"height":1200},{"@type":"BreadcrumbList","@id":"https:\/\/gozz4all.com\/kleding\/jassen\/bomberjack-leopard\/#breadcrumb","itemListElement":[{"@type":"ListItem","position":1,"name":"Home","item":"https:\/\/gozz4all.com\/"},{"@type":"ListItem","position":2,"name":"Producten","item":"https:\/\/gozz4all.com\/shop\/"},{"@type":"ListItem","position":3,"name":"Bomberjack Leopard"}]},{"@type":"WebSite","@id":"https:\/\/gozz4all.com\/fr\/#website","url":"https:\/\/gozz4all.com\/fr\/","name":"Gozz4All","description":"Gozz4All","publisher":{"@id":"https:\/\/gozz4all.com\/fr\/#organization"},"potentialAction":[{"@type":"SearchAction","target":{"@type":"EntryPoint","urlTemplate":"https:\/\/gozz4all.com\/fr\/?s={search_term_string}"},"query-input":{"@type":"PropertyValueSpecification","valueRequired":true,"valueName":"search_term_string"}}],"inLanguage":"fr-FR"},{"@type":"Organization","@id":"https:\/\/gozz4all.com\/fr\/#organization","name":"Gozz4all","url":"https:\/\/gozz4all.com\/fr\/","logo":{"@type":"ImageObject","inLanguage":"fr-FR","@id":"https:\/\/gozz4all.com\/fr\/#\/schema\/logo\/image\/","url":"https:\/\/gozz4all.com\/wp-content\/uploads\/2020\/04\/Logo-ask-for-better-one.png","contentUrl":"https:\/\/gozz4all.com\/wp-content\/uploads\/2020\/04\/Logo-ask-for-better-one.png","width":146,"height":60,"caption":"Gozz4all"},"image":{"@id":"https:\/\/gozz4all.com\/fr\/#\/schema\/logo\/image\/"},"sameAs":["https:\/\/www.facebook.com\/gozz4all\/","https:\/\/www.instagram.com\/gozz4allfashion\/?hl=nl"]}]}},"_links":{"self":[{"href":"https:\/\/gozz4all.com\/fr\/wp-json\/wp\/v2\/product\/15684","targetHints":{"allow":["GET"]}}],"collection":[{"href":"https:\/\/gozz4all.com\/fr\/wp-json\/wp\/v2\/product"}],"about":[{"href":"https:\/\/gozz4all.com\/fr\/wp-json\/wp\/v2\/types\/product"}],"wp:featuredmedia":[{"embeddable":true,"href":"https:\/\/gozz4all.com\/fr\/wp-json\/wp\/v2\/media\/15699"}],"wp:attachment":[{"href":"https:\/\/gozz4all.com\/fr\/wp-json\/wp\/v2\/media?parent=15684"}],"wp:term":[{"taxonomy":"product_brand","embeddable":true,"href":"https:\/\/gozz4all.com\/fr\/wp-json\/wp\/v2\/product_brand?post=15684"},{"taxonomy":"product_cat","embeddable":true,"href":"https:\/\/gozz4all.com\/fr\/wp-json\/wp\/v2\/product_cat?post=15684"},{"taxonomy":"product_tag","embeddable":true,"href":"https:\/\/gozz4all.com\/fr\/wp-json\/wp\/v2\/product_tag?post=15684"}],"curies":[{"name":"wp","href":"https:\/\/api.w.org\/{rel}","templated":true}]}}