{"id":13972,"date":"2020-09-24T19:25:43","date_gmt":"2020-09-24T17:25:43","guid":{"rendered":"https:\/\/gozz4all.com\/?post_type=product&#038;p=13972"},"modified":"2022-09-02T15:55:45","modified_gmt":"2022-09-02T13:55:45","slug":"antischeur-laken-pluk-en-scheurgedrag","status":"publish","type":"product","link":"https:\/\/gozz4all.com\/fr\/product\/antischeur-laken-pluk-en-scheurgedrag\/","title":{"rendered":"Feuille anti-odeur"},"content":{"rendered":"<p>Description :<\/p>\n<p>La feuille anti-d\u00e9chirure de GOZZ est sp\u00e9cialement con\u00e7ue pour ceux qui pr\u00e9sentent un comportement intensif de d\u00e9chirure et\/ou de morsure. Il est fabriqu\u00e9 en cordura tr\u00e8s r\u00e9sistant avec des renforts suppl\u00e9mentaires l\u00e0 o\u00f9 c'est n\u00e9cessaire.<\/p>\n<p>Les tissus Cordura sont fabriqu\u00e9s \u00e0 partir d'un <a title=\"Nylon\" href=\"https:\/\/nl.wikipedia.org\/wiki\/Nylon\">nylon 6,6<\/a>&#8211;<a class=\"mw-redirect\" title=\"Mati\u00e8res premi\u00e8res textiles\" href=\"https:\/\/nl.wikipedia.org\/wiki\/Textiele_grondstoffen\">fibres<\/a>\u00a0et sa caract\u00e9ristique g\u00e9n\u00e9rale est de pouvoir supporter de lourdes charges.<\/p>\n<p>Ce tissu est utilis\u00e9 pour les valises, les sacs \u00e0 dos, les chaussures et les v\u00eatements militaires. Le mat\u00e9riau est r\u00e9sistant \u00e0 l'abrasion (usure par frottement), \u00e0 la d\u00e9chirure et peut supporter une manipulation brutale.<\/p>\n<ul>\n<li>Dimension : 120\u00d7220<\/li>\n<li>Composition : Cordura<\/li>\n<li>Couleur : bleu fonc\u00e9<\/li>\n<li>En stock : Disponible dans les 2 semaines<\/li>\n<\/ul>\n<p>Convient pour :<\/p>\n<ul>\n<li>Personnes souffrant d'un handicap mental<\/li>\n<li>Les personnes pr\u00e9sentant des probl\u00e8mes de comportement sp\u00e9cifiques tels que les comportements de d\u00e9chirure et de morsure.<\/li>\n<\/ul>","protected":false},"excerpt":{"rendered":"<p>Beschrijving: Het antischeurlaken van GOZZ is specifiek geschikt voor zij die intensief scheur- en\/of bijtgedrag vertonen. Deze is gemaakt uit een extra sterke cordura met extra versteviging daar waar het nodig is. De Cordura stoffen worden uit een nylon 6,6&#8211;vezels\u00a0gemaakt en het algemene kenmerk is dat de stof tegen zware belastingen bestand is. De stof [&hellip;]<\/p>\n","protected":false},"featured_media":13973,"template":"","meta":[],"product_brand":[],"product_cat":[611,612,613,471],"product_tag":[],"class_list":{"0":"post-13972","1":"product","2":"type-product","3":"status-publish","4":"has-post-thumbnail","6":"product_cat-kids","7":"product_cat-ouderen-dementie","8":"product_cat-volwassenen","9":"product_cat-anti-scheur-assortiment","11":"first","12":"instock","13":"taxable","14":"shipping-taxable","15":"purchasable","16":"product-type-simple"},"yoast_head":"<!-- This site is optimized with the Yoast SEO plugin v27.2 - https:\/\/yoast.com\/product\/yoast-seo-wordpress\/ -->\n<title>Antischeur laken | Gozz4All<\/title>\n<meta name=\"description\" content=\"antischeur-laken-pluk en scheurgedrag-personen met dwangmatig gedrag-Gozz4all-autoagressie-Cordura- extra sterke stof\" \/>\n<meta name=\"robots\" content=\"index, follow, max-snippet:-1, max-image-preview:large, max-video-preview:-1\" \/>\n<link rel=\"canonical\" href=\"https:\/\/gozz4all.com\/fr\/anti-scheur-assortiment\/antischeur-laken-pluk-en-scheurgedrag\/\" \/>\n<meta property=\"og:locale\" content=\"fr_FR\" \/>\n<meta property=\"og:type\" content=\"article\" \/>\n<meta property=\"og:title\" content=\"Antischeur laken | Gozz4All\" \/>\n<meta property=\"og:description\" content=\"antischeur-laken-pluk en scheurgedrag-personen met dwangmatig gedrag-Gozz4all-autoagressie-Cordura- extra sterke stof\" \/>\n<meta property=\"og:url\" content=\"https:\/\/gozz4all.com\/fr\/anti-scheur-assortiment\/antischeur-laken-pluk-en-scheurgedrag\/\" \/>\n<meta property=\"og:site_name\" content=\"Gozz4All\" \/>\n<meta property=\"article:publisher\" content=\"https:\/\/www.facebook.com\/gozz4all\/\" \/>\n<meta property=\"article:modified_time\" content=\"2022-09-02T13:55:45+00:00\" \/>\n<meta property=\"og:image\" content=\"https:\/\/gozz4all.com\/wp-content\/uploads\/2020\/09\/laken-cordura.jpg\" \/>\n\t<meta property=\"og:image:width\" content=\"680\" \/>\n\t<meta property=\"og:image:height\" content=\"680\" \/>\n\t<meta property=\"og:image:type\" content=\"image\/jpeg\" \/>\n<meta name=\"twitter:card\" content=\"summary_large_image\" \/>\n<meta name=\"twitter:label1\" content=\"Dur\u00e9e de lecture estim\u00e9e\" \/>\n\t<meta name=\"twitter:data1\" content=\"1 minute\" \/>\n<script type=\"application\/ld+json\" class=\"yoast-schema-graph\">{\"@context\":\"https:\/\/schema.org\",\"@graph\":[{\"@type\":\"WebPage\",\"@id\":\"https:\/\/gozz4all.com\/anti-scheur-assortiment\/antischeur-laken-pluk-en-scheurgedrag\/\",\"url\":\"https:\/\/gozz4all.com\/anti-scheur-assortiment\/antischeur-laken-pluk-en-scheurgedrag\/\",\"name\":\"Antischeur laken | Gozz4All\",\"isPartOf\":{\"@id\":\"https:\/\/gozz4all.com\/fr\/#website\"},\"primaryImageOfPage\":{\"@id\":\"https:\/\/gozz4all.com\/anti-scheur-assortiment\/antischeur-laken-pluk-en-scheurgedrag\/#primaryimage\"},\"image\":{\"@id\":\"https:\/\/gozz4all.com\/anti-scheur-assortiment\/antischeur-laken-pluk-en-scheurgedrag\/#primaryimage\"},\"thumbnailUrl\":\"https:\/\/gozz4all.com\/wp-content\/uploads\/2020\/09\/laken-cordura.jpg\",\"datePublished\":\"2020-09-24T17:25:43+00:00\",\"dateModified\":\"2022-09-02T13:55:45+00:00\",\"description\":\"antischeur-laken-pluk en scheurgedrag-personen met dwangmatig gedrag-Gozz4all-autoagressie-Cordura- extra sterke stof\",\"breadcrumb\":{\"@id\":\"https:\/\/gozz4all.com\/anti-scheur-assortiment\/antischeur-laken-pluk-en-scheurgedrag\/#breadcrumb\"},\"inLanguage\":\"fr-FR\",\"potentialAction\":[{\"@type\":\"ReadAction\",\"target\":[\"https:\/\/gozz4all.com\/anti-scheur-assortiment\/antischeur-laken-pluk-en-scheurgedrag\/\"]}]},{\"@type\":\"ImageObject\",\"inLanguage\":\"fr-FR\",\"@id\":\"https:\/\/gozz4all.com\/anti-scheur-assortiment\/antischeur-laken-pluk-en-scheurgedrag\/#primaryimage\",\"url\":\"https:\/\/gozz4all.com\/wp-content\/uploads\/2020\/09\/laken-cordura.jpg\",\"contentUrl\":\"https:\/\/gozz4all.com\/wp-content\/uploads\/2020\/09\/laken-cordura.jpg\",\"width\":680,\"height\":680},{\"@type\":\"BreadcrumbList\",\"@id\":\"https:\/\/gozz4all.com\/anti-scheur-assortiment\/antischeur-laken-pluk-en-scheurgedrag\/#breadcrumb\",\"itemListElement\":[{\"@type\":\"ListItem\",\"position\":1,\"name\":\"Home\",\"item\":\"https:\/\/gozz4all.com\/\"},{\"@type\":\"ListItem\",\"position\":2,\"name\":\"Producten\",\"item\":\"https:\/\/gozz4all.com\/shop\/\"},{\"@type\":\"ListItem\",\"position\":3,\"name\":\"Antischeur laken\"}]},{\"@type\":\"WebSite\",\"@id\":\"https:\/\/gozz4all.com\/fr\/#website\",\"url\":\"https:\/\/gozz4all.com\/fr\/\",\"name\":\"Gozz4All\",\"description\":\"Gozz4All\",\"publisher\":{\"@id\":\"https:\/\/gozz4all.com\/fr\/#organization\"},\"potentialAction\":[{\"@type\":\"SearchAction\",\"target\":{\"@type\":\"EntryPoint\",\"urlTemplate\":\"https:\/\/gozz4all.com\/fr\/?s={search_term_string}\"},\"query-input\":{\"@type\":\"PropertyValueSpecification\",\"valueRequired\":true,\"valueName\":\"search_term_string\"}}],\"inLanguage\":\"fr-FR\"},{\"@type\":\"Organization\",\"@id\":\"https:\/\/gozz4all.com\/fr\/#organization\",\"name\":\"Gozz4all\",\"url\":\"https:\/\/gozz4all.com\/fr\/\",\"logo\":{\"@type\":\"ImageObject\",\"inLanguage\":\"fr-FR\",\"@id\":\"https:\/\/gozz4all.com\/fr\/#\/schema\/logo\/image\/\",\"url\":\"https:\/\/gozz4all.com\/wp-content\/uploads\/2020\/04\/Logo-ask-for-better-one.png\",\"contentUrl\":\"https:\/\/gozz4all.com\/wp-content\/uploads\/2020\/04\/Logo-ask-for-better-one.png\",\"width\":146,\"height\":60,\"caption\":\"Gozz4all\"},\"image\":{\"@id\":\"https:\/\/gozz4all.com\/fr\/#\/schema\/logo\/image\/\"},\"sameAs\":[\"https:\/\/www.facebook.com\/gozz4all\/\",\"https:\/\/www.instagram.com\/gozz4allfashion\/?hl=nl\"]}]}<\/script>\n<!-- \/ Yoast SEO plugin. -->","yoast_head_json":{"title":"Antischeur laken | Gozz4All","description":"antischeur-laken-pluk en scheurgedrag-personen met dwangmatig gedrag-Gozz4all-autoagressie-Cordura- extra sterke stof","robots":{"index":"index","follow":"follow","max-snippet":"max-snippet:-1","max-image-preview":"max-image-preview:large","max-video-preview":"max-video-preview:-1"},"canonical":"https:\/\/gozz4all.com\/fr\/anti-scheur-assortiment\/antischeur-laken-pluk-en-scheurgedrag\/","og_locale":"fr_FR","og_type":"article","og_title":"Antischeur laken | Gozz4All","og_description":"antischeur-laken-pluk en scheurgedrag-personen met dwangmatig gedrag-Gozz4all-autoagressie-Cordura- extra sterke stof","og_url":"https:\/\/gozz4all.com\/fr\/anti-scheur-assortiment\/antischeur-laken-pluk-en-scheurgedrag\/","og_site_name":"Gozz4All","article_publisher":"https:\/\/www.facebook.com\/gozz4all\/","article_modified_time":"2022-09-02T13:55:45+00:00","og_image":[{"width":680,"height":680,"url":"https:\/\/gozz4all.com\/wp-content\/uploads\/2020\/09\/laken-cordura.jpg","type":"image\/jpeg"}],"twitter_card":"summary_large_image","twitter_misc":{"Dur\u00e9e de lecture estim\u00e9e":"1 minute"},"schema":{"@context":"https:\/\/schema.org","@graph":[{"@type":"WebPage","@id":"https:\/\/gozz4all.com\/anti-scheur-assortiment\/antischeur-laken-pluk-en-scheurgedrag\/","url":"https:\/\/gozz4all.com\/anti-scheur-assortiment\/antischeur-laken-pluk-en-scheurgedrag\/","name":"Antischeur laken | Gozz4All","isPartOf":{"@id":"https:\/\/gozz4all.com\/fr\/#website"},"primaryImageOfPage":{"@id":"https:\/\/gozz4all.com\/anti-scheur-assortiment\/antischeur-laken-pluk-en-scheurgedrag\/#primaryimage"},"image":{"@id":"https:\/\/gozz4all.com\/anti-scheur-assortiment\/antischeur-laken-pluk-en-scheurgedrag\/#primaryimage"},"thumbnailUrl":"https:\/\/gozz4all.com\/wp-content\/uploads\/2020\/09\/laken-cordura.jpg","datePublished":"2020-09-24T17:25:43+00:00","dateModified":"2022-09-02T13:55:45+00:00","description":"antischeur-laken-pluk en scheurgedrag-personen met dwangmatig gedrag-Gozz4all-autoagressie-Cordura- extra sterke stof","breadcrumb":{"@id":"https:\/\/gozz4all.com\/anti-scheur-assortiment\/antischeur-laken-pluk-en-scheurgedrag\/#breadcrumb"},"inLanguage":"fr-FR","potentialAction":[{"@type":"ReadAction","target":["https:\/\/gozz4all.com\/anti-scheur-assortiment\/antischeur-laken-pluk-en-scheurgedrag\/"]}]},{"@type":"ImageObject","inLanguage":"fr-FR","@id":"https:\/\/gozz4all.com\/anti-scheur-assortiment\/antischeur-laken-pluk-en-scheurgedrag\/#primaryimage","url":"https:\/\/gozz4all.com\/wp-content\/uploads\/2020\/09\/laken-cordura.jpg","contentUrl":"https:\/\/gozz4all.com\/wp-content\/uploads\/2020\/09\/laken-cordura.jpg","width":680,"height":680},{"@type":"BreadcrumbList","@id":"https:\/\/gozz4all.com\/anti-scheur-assortiment\/antischeur-laken-pluk-en-scheurgedrag\/#breadcrumb","itemListElement":[{"@type":"ListItem","position":1,"name":"Home","item":"https:\/\/gozz4all.com\/"},{"@type":"ListItem","position":2,"name":"Producten","item":"https:\/\/gozz4all.com\/shop\/"},{"@type":"ListItem","position":3,"name":"Antischeur laken"}]},{"@type":"WebSite","@id":"https:\/\/gozz4all.com\/fr\/#website","url":"https:\/\/gozz4all.com\/fr\/","name":"Gozz4All","description":"Gozz4All","publisher":{"@id":"https:\/\/gozz4all.com\/fr\/#organization"},"potentialAction":[{"@type":"SearchAction","target":{"@type":"EntryPoint","urlTemplate":"https:\/\/gozz4all.com\/fr\/?s={search_term_string}"},"query-input":{"@type":"PropertyValueSpecification","valueRequired":true,"valueName":"search_term_string"}}],"inLanguage":"fr-FR"},{"@type":"Organization","@id":"https:\/\/gozz4all.com\/fr\/#organization","name":"Gozz4all","url":"https:\/\/gozz4all.com\/fr\/","logo":{"@type":"ImageObject","inLanguage":"fr-FR","@id":"https:\/\/gozz4all.com\/fr\/#\/schema\/logo\/image\/","url":"https:\/\/gozz4all.com\/wp-content\/uploads\/2020\/04\/Logo-ask-for-better-one.png","contentUrl":"https:\/\/gozz4all.com\/wp-content\/uploads\/2020\/04\/Logo-ask-for-better-one.png","width":146,"height":60,"caption":"Gozz4all"},"image":{"@id":"https:\/\/gozz4all.com\/fr\/#\/schema\/logo\/image\/"},"sameAs":["https:\/\/www.facebook.com\/gozz4all\/","https:\/\/www.instagram.com\/gozz4allfashion\/?hl=nl"]}]}},"_links":{"self":[{"href":"https:\/\/gozz4all.com\/fr\/wp-json\/wp\/v2\/product\/13972","targetHints":{"allow":["GET"]}}],"collection":[{"href":"https:\/\/gozz4all.com\/fr\/wp-json\/wp\/v2\/product"}],"about":[{"href":"https:\/\/gozz4all.com\/fr\/wp-json\/wp\/v2\/types\/product"}],"wp:featuredmedia":[{"embeddable":true,"href":"https:\/\/gozz4all.com\/fr\/wp-json\/wp\/v2\/media\/13973"}],"wp:attachment":[{"href":"https:\/\/gozz4all.com\/fr\/wp-json\/wp\/v2\/media?parent=13972"}],"wp:term":[{"taxonomy":"product_brand","embeddable":true,"href":"https:\/\/gozz4all.com\/fr\/wp-json\/wp\/v2\/product_brand?post=13972"},{"taxonomy":"product_cat","embeddable":true,"href":"https:\/\/gozz4all.com\/fr\/wp-json\/wp\/v2\/product_cat?post=13972"},{"taxonomy":"product_tag","embeddable":true,"href":"https:\/\/gozz4all.com\/fr\/wp-json\/wp\/v2\/product_tag?post=13972"}],"curies":[{"name":"wp","href":"https:\/\/api.w.org\/{rel}","templated":true}]}}