{"id":13966,"date":"2020-09-24T19:14:49","date_gmt":"2020-09-24T17:14:49","guid":{"rendered":"https:\/\/gozz4all.com\/?post_type=product&#038;p=13966"},"modified":"2023-03-01T16:22:27","modified_gmt":"2023-03-01T14:22:27","slug":"antischeur-hoeslaken-antischeur-matrashoes-cordura-extra-sterk-dwangmatig-gedrag-autoagressie","status":"publish","type":"product","link":"https:\/\/gozz4all.com\/fr\/product\/antischeur-hoeslaken-antischeur-matrashoes-cordura-extra-sterk-dwangmatig-gedrag-autoagressie\/","title":{"rendered":"Drap-housse anti-odeur - housse de matelas anti-odeur"},"content":{"rendered":"<p>Drap-housse anti-odeur - housse de matelas anti-odeur<br \/>\n<span style=\"color: #000000;\">Description : <\/span><\/p>\n<p><span style=\"color: #000000;\">La feuille de couverture anti-bouchon GOZZ convient aux personnes ayant un comportement intense de d\u00e9chirure et\/ou de morsure. Il est fabriqu\u00e9 dans une qualit\u00e9 de cordura tr\u00e8s solide et renforc\u00e9 l\u00e0 o\u00f9 c'est n\u00e9cessaire.\u00a0<\/span><\/p>\n<ul>\n<li>Composition : Cordura<\/li>\n<li>Couleur : bleu fonc\u00e9<\/li>\n<li>En stock : Disponible dans les 3 semaines<\/li>\n<p>Het hoeslaken bestaat uit een boven en onderkant. De onderzijde legt men onder de matras, de bovenzijde op de matras en kan zo aan elkaar worden vastgemaakt met een sterke rits. Aan het einde van de rits is een flapje voorzien die over de trekker van de rits kan en zo met een slotje kan worden vastgemaakt. (slotje kan mee worden besteld)<br \/>\nDoordat de boven en onderzijde volledig van elkaar kunnen, is het mogelijk om enkel de bovenzijde te wassen.\n<\/ul>\n<p>De Cordura stoffen worden uit een gemaakt en het algemene kenmerk is dat de stof tegen zware belastingen bestand is.<\/p>\n<p>Ce tissu est utilis\u00e9 pour les valises, les sacs \u00e0 dos, les chaussures et les v\u00eatements militaires. Le mat\u00e9riau est r\u00e9sistant \u00e0 l'abrasion (usure par frottement), \u00e0 la d\u00e9chirure et peut supporter une manipulation brutale.<br \/>\nSTRENGTH RETENTION:Even after exposure to regular wear and tear, CORDURA\u00ae Denim Fabric retains its strength better than conventional cotton denim, keeping jeans looking new longer.<br \/>\nABRASION RESISTANCE:CORDURA\u00ae Denim Fabric is engineered with a blend of cotton and INVISTA T420 nylon 6,6 fiber, a military-grade fiber that provides additional abrasion resistance without sacrificing comfort.<\/p>\n<p>Convient pour :<\/p>\n<ul>\n<li>Personnes souffrant d'un handicap mental<\/li>\n<li>Les personnes pr\u00e9sentant des probl\u00e8mes de comportement sp\u00e9cifiques, tels que des comportements de d\u00e9chirure et de morsure, ou d'agressivit\u00e9.<\/li>\n<\/ul>","protected":false},"excerpt":{"rendered":"<p>Drap-housse anti-odeur - housse de matelas anti-odeur<br \/>\n<span style=\"color: #000000;\">Description : <\/span><\/p>\n<p><span style=\"color: #000000;\">La feuille de couverture anti-bouchon GOZZ convient aux personnes ayant un comportement intense de d\u00e9chirure et\/ou de morsure. Il est fabriqu\u00e9 dans une qualit\u00e9 de cordura tr\u00e8s solide et renforc\u00e9 l\u00e0 o\u00f9 c'est n\u00e9cessaire.\u00a0<\/span><\/p>\n<ul>\n<li>Composition : Cordura<\/li>\n<li>Couleur : bleu fonc\u00e9<\/li>\n<li>En stock : Disponible dans les 3 semaines<\/li>\n<p>Het hoeslaken bestaat uit een boven en onderkant. De onderzijde legt men onder de matras, de bovenzijde op de matras en kan zo aan elkaar worden vastgemaakt met een sterke rits. Aan het einde van de rits is een flapje voorzien die over de trekker van de rits kan en zo met een slotje kan worden vastgemaakt. (slotje kan mee worden besteld)<br \/>\nDoordat de boven en onderzijde volledig van elkaar kunnen, is het mogelijk om enkel de bovenzijde te wassen.<\/p>\n<\/ul>\n<p>Les tissus Cordura sont fabriqu\u00e9s \u00e0 partir d'un <a title=\"Nylon\" href=\"https:\/\/nl.wikipedia.org\/wiki\/Nylon\">nylon 6,6<\/a>&#8211;<a class=\"mw-redirect\" title=\"Mati\u00e8res premi\u00e8res textiles\" href=\"https:\/\/nl.wikipedia.org\/wiki\/Textiele_grondstoffen\">fibres<\/a>\u00a0et sa caract\u00e9ristique g\u00e9n\u00e9rale est de pouvoir supporter de lourdes charges.<\/p>\n<p>Ce tissu est utilis\u00e9 pour les valises, les sacs \u00e0 dos, les chaussures et les v\u00eatements militaires. Le mat\u00e9riau est r\u00e9sistant \u00e0 l'abrasion (usure par frottement), \u00e0 la d\u00e9chirure et peut supporter une manipulation brutale.<\/p>\n<p>Convient pour :<\/p>\n<ul>\n<li>Personnes souffrant d'un handicap mental<\/li>\n<li>Les personnes pr\u00e9sentant des probl\u00e8mes de comportement sp\u00e9cifiques, tels que des comportements de d\u00e9chirure et de morsure, ou d'agressivit\u00e9.<\/li>\n<\/ul>","protected":false},"featured_media":13967,"template":"","meta":[],"product_brand":[],"product_cat":[611,612,613,471],"product_tag":[],"class_list":{"0":"post-13966","1":"product","2":"type-product","3":"status-publish","4":"has-post-thumbnail","6":"product_cat-kids","7":"product_cat-ouderen-dementie","8":"product_cat-volwassenen","9":"product_cat-anti-scheur-assortiment","10":"pa_sluiting-standaard","11":"pa_sluiting-zweeds-slot","12":"pif-has-gallery","14":"first","15":"instock","16":"taxable","17":"shipping-taxable","18":"purchasable","19":"product-type-variable"},"yoast_head":"<!-- This site is optimized with the Yoast SEO plugin v27.2 - https:\/\/yoast.com\/product\/yoast-seo-wordpress\/ -->\n<title>Antischeur hoeslaken- antischeur matrashoes extra sterk- Cordura<\/title>\n<meta name=\"description\" content=\"Antischeur hoeslaken- antischeur matrashoes Cordura- Extra sterk- dwangmatig gedrag-autoagressie-Gozz4all- verschillende maten te kiezen\" \/>\n<meta name=\"robots\" content=\"index, follow, max-snippet:-1, max-image-preview:large, max-video-preview:-1\" \/>\n<link rel=\"canonical\" href=\"https:\/\/gozz4all.com\/fr\/anti-scheur-assortiment\/hoeslaken-anti-scheur-plukgedrag-cordura-extra-sterk-dwangmatig-gedrag-autoagressie\/\" \/>\n<meta property=\"og:locale\" content=\"fr_FR\" \/>\n<meta property=\"og:type\" content=\"article\" \/>\n<meta property=\"og:title\" content=\"Antischeur hoeslaken- antischeur matrashoes extra sterk- Cordura\" \/>\n<meta property=\"og:description\" content=\"Antischeur hoeslaken- antischeur matrashoes Cordura- Extra sterk- dwangmatig gedrag-autoagressie-Gozz4all- verschillende maten te kiezen\" \/>\n<meta property=\"og:url\" content=\"https:\/\/gozz4all.com\/fr\/anti-scheur-assortiment\/hoeslaken-anti-scheur-plukgedrag-cordura-extra-sterk-dwangmatig-gedrag-autoagressie\/\" \/>\n<meta property=\"og:site_name\" content=\"Gozz4All\" \/>\n<meta property=\"article:publisher\" content=\"https:\/\/www.facebook.com\/gozz4all\/\" \/>\n<meta property=\"article:modified_time\" content=\"2023-03-01T14:22:27+00:00\" \/>\n<meta property=\"og:image\" content=\"https:\/\/gozz4all.com\/wp-content\/uploads\/2020\/09\/IMG_20200924_190709.jpg\" \/>\n\t<meta property=\"og:image:width\" content=\"1200\" \/>\n\t<meta property=\"og:image:height\" content=\"900\" \/>\n\t<meta property=\"og:image:type\" content=\"image\/jpeg\" \/>\n<meta name=\"twitter:card\" content=\"summary_large_image\" \/>\n<meta name=\"twitter:label1\" content=\"Dur\u00e9e de lecture estim\u00e9e\" \/>\n\t<meta name=\"twitter:data1\" content=\"1 minute\" \/>\n<script type=\"application\/ld+json\" class=\"yoast-schema-graph\">{\"@context\":\"https:\/\/schema.org\",\"@graph\":[{\"@type\":\"WebPage\",\"@id\":\"https:\/\/gozz4all.com\/anti-scheur-assortiment\/hoeslaken-anti-scheur-plukgedrag-cordura-extra-sterk-dwangmatig-gedrag-autoagressie\/\",\"url\":\"https:\/\/gozz4all.com\/anti-scheur-assortiment\/hoeslaken-anti-scheur-plukgedrag-cordura-extra-sterk-dwangmatig-gedrag-autoagressie\/\",\"name\":\"Antischeur hoeslaken- antischeur matrashoes extra sterk- Cordura\",\"isPartOf\":{\"@id\":\"https:\/\/gozz4all.com\/fr\/#website\"},\"primaryImageOfPage\":{\"@id\":\"https:\/\/gozz4all.com\/anti-scheur-assortiment\/hoeslaken-anti-scheur-plukgedrag-cordura-extra-sterk-dwangmatig-gedrag-autoagressie\/#primaryimage\"},\"image\":{\"@id\":\"https:\/\/gozz4all.com\/anti-scheur-assortiment\/hoeslaken-anti-scheur-plukgedrag-cordura-extra-sterk-dwangmatig-gedrag-autoagressie\/#primaryimage\"},\"thumbnailUrl\":\"https:\/\/gozz4all.com\/wp-content\/uploads\/2020\/09\/IMG_20200924_190709.jpg\",\"datePublished\":\"2020-09-24T17:14:49+00:00\",\"dateModified\":\"2023-03-01T14:22:27+00:00\",\"description\":\"Antischeur hoeslaken- antischeur matrashoes Cordura- Extra sterk- dwangmatig gedrag-autoagressie-Gozz4all- verschillende maten te kiezen\",\"breadcrumb\":{\"@id\":\"https:\/\/gozz4all.com\/anti-scheur-assortiment\/hoeslaken-anti-scheur-plukgedrag-cordura-extra-sterk-dwangmatig-gedrag-autoagressie\/#breadcrumb\"},\"inLanguage\":\"fr-FR\",\"potentialAction\":[{\"@type\":\"ReadAction\",\"target\":[\"https:\/\/gozz4all.com\/anti-scheur-assortiment\/hoeslaken-anti-scheur-plukgedrag-cordura-extra-sterk-dwangmatig-gedrag-autoagressie\/\"]}]},{\"@type\":\"ImageObject\",\"inLanguage\":\"fr-FR\",\"@id\":\"https:\/\/gozz4all.com\/anti-scheur-assortiment\/hoeslaken-anti-scheur-plukgedrag-cordura-extra-sterk-dwangmatig-gedrag-autoagressie\/#primaryimage\",\"url\":\"https:\/\/gozz4all.com\/wp-content\/uploads\/2020\/09\/IMG_20200924_190709.jpg\",\"contentUrl\":\"https:\/\/gozz4all.com\/wp-content\/uploads\/2020\/09\/IMG_20200924_190709.jpg\",\"width\":1200,\"height\":900,\"caption\":\"Antischeur hoeslaken- antischeur matrashoes\"},{\"@type\":\"BreadcrumbList\",\"@id\":\"https:\/\/gozz4all.com\/anti-scheur-assortiment\/hoeslaken-anti-scheur-plukgedrag-cordura-extra-sterk-dwangmatig-gedrag-autoagressie\/#breadcrumb\",\"itemListElement\":[{\"@type\":\"ListItem\",\"position\":1,\"name\":\"Home\",\"item\":\"https:\/\/gozz4all.com\/\"},{\"@type\":\"ListItem\",\"position\":2,\"name\":\"Producten\",\"item\":\"https:\/\/gozz4all.com\/shop\/\"},{\"@type\":\"ListItem\",\"position\":3,\"name\":\"Antischeur hoeslaken- antischeur matrashoes\"}]},{\"@type\":\"WebSite\",\"@id\":\"https:\/\/gozz4all.com\/fr\/#website\",\"url\":\"https:\/\/gozz4all.com\/fr\/\",\"name\":\"Gozz4All\",\"description\":\"Gozz4All\",\"publisher\":{\"@id\":\"https:\/\/gozz4all.com\/fr\/#organization\"},\"potentialAction\":[{\"@type\":\"SearchAction\",\"target\":{\"@type\":\"EntryPoint\",\"urlTemplate\":\"https:\/\/gozz4all.com\/fr\/?s={search_term_string}\"},\"query-input\":{\"@type\":\"PropertyValueSpecification\",\"valueRequired\":true,\"valueName\":\"search_term_string\"}}],\"inLanguage\":\"fr-FR\"},{\"@type\":\"Organization\",\"@id\":\"https:\/\/gozz4all.com\/fr\/#organization\",\"name\":\"Gozz4all\",\"url\":\"https:\/\/gozz4all.com\/fr\/\",\"logo\":{\"@type\":\"ImageObject\",\"inLanguage\":\"fr-FR\",\"@id\":\"https:\/\/gozz4all.com\/fr\/#\/schema\/logo\/image\/\",\"url\":\"https:\/\/gozz4all.com\/wp-content\/uploads\/2020\/04\/Logo-ask-for-better-one.png\",\"contentUrl\":\"https:\/\/gozz4all.com\/wp-content\/uploads\/2020\/04\/Logo-ask-for-better-one.png\",\"width\":146,\"height\":60,\"caption\":\"Gozz4all\"},\"image\":{\"@id\":\"https:\/\/gozz4all.com\/fr\/#\/schema\/logo\/image\/\"},\"sameAs\":[\"https:\/\/www.facebook.com\/gozz4all\/\",\"https:\/\/www.instagram.com\/gozz4allfashion\/?hl=nl\"]}]}<\/script>\n<!-- \/ Yoast SEO plugin. -->","yoast_head_json":{"title":"Antischeur hoeslaken- antischeur matrashoes extra sterk- Cordura","description":"Antischeur hoeslaken- antischeur matrashoes Cordura- Extra sterk- dwangmatig gedrag-autoagressie-Gozz4all- verschillende maten te kiezen","robots":{"index":"index","follow":"follow","max-snippet":"max-snippet:-1","max-image-preview":"max-image-preview:large","max-video-preview":"max-video-preview:-1"},"canonical":"https:\/\/gozz4all.com\/fr\/anti-scheur-assortiment\/hoeslaken-anti-scheur-plukgedrag-cordura-extra-sterk-dwangmatig-gedrag-autoagressie\/","og_locale":"fr_FR","og_type":"article","og_title":"Antischeur hoeslaken- antischeur matrashoes extra sterk- Cordura","og_description":"Antischeur hoeslaken- antischeur matrashoes Cordura- Extra sterk- dwangmatig gedrag-autoagressie-Gozz4all- verschillende maten te kiezen","og_url":"https:\/\/gozz4all.com\/fr\/anti-scheur-assortiment\/hoeslaken-anti-scheur-plukgedrag-cordura-extra-sterk-dwangmatig-gedrag-autoagressie\/","og_site_name":"Gozz4All","article_publisher":"https:\/\/www.facebook.com\/gozz4all\/","article_modified_time":"2023-03-01T14:22:27+00:00","og_image":[{"width":1200,"height":900,"url":"https:\/\/gozz4all.com\/wp-content\/uploads\/2020\/09\/IMG_20200924_190709.jpg","type":"image\/jpeg"}],"twitter_card":"summary_large_image","twitter_misc":{"Dur\u00e9e de lecture estim\u00e9e":"1 minute"},"schema":{"@context":"https:\/\/schema.org","@graph":[{"@type":"WebPage","@id":"https:\/\/gozz4all.com\/anti-scheur-assortiment\/hoeslaken-anti-scheur-plukgedrag-cordura-extra-sterk-dwangmatig-gedrag-autoagressie\/","url":"https:\/\/gozz4all.com\/anti-scheur-assortiment\/hoeslaken-anti-scheur-plukgedrag-cordura-extra-sterk-dwangmatig-gedrag-autoagressie\/","name":"Antischeur hoeslaken- antischeur matrashoes extra sterk- Cordura","isPartOf":{"@id":"https:\/\/gozz4all.com\/fr\/#website"},"primaryImageOfPage":{"@id":"https:\/\/gozz4all.com\/anti-scheur-assortiment\/hoeslaken-anti-scheur-plukgedrag-cordura-extra-sterk-dwangmatig-gedrag-autoagressie\/#primaryimage"},"image":{"@id":"https:\/\/gozz4all.com\/anti-scheur-assortiment\/hoeslaken-anti-scheur-plukgedrag-cordura-extra-sterk-dwangmatig-gedrag-autoagressie\/#primaryimage"},"thumbnailUrl":"https:\/\/gozz4all.com\/wp-content\/uploads\/2020\/09\/IMG_20200924_190709.jpg","datePublished":"2020-09-24T17:14:49+00:00","dateModified":"2023-03-01T14:22:27+00:00","description":"Antischeur hoeslaken- antischeur matrashoes Cordura- Extra sterk- dwangmatig gedrag-autoagressie-Gozz4all- verschillende maten te kiezen","breadcrumb":{"@id":"https:\/\/gozz4all.com\/anti-scheur-assortiment\/hoeslaken-anti-scheur-plukgedrag-cordura-extra-sterk-dwangmatig-gedrag-autoagressie\/#breadcrumb"},"inLanguage":"fr-FR","potentialAction":[{"@type":"ReadAction","target":["https:\/\/gozz4all.com\/anti-scheur-assortiment\/hoeslaken-anti-scheur-plukgedrag-cordura-extra-sterk-dwangmatig-gedrag-autoagressie\/"]}]},{"@type":"ImageObject","inLanguage":"fr-FR","@id":"https:\/\/gozz4all.com\/anti-scheur-assortiment\/hoeslaken-anti-scheur-plukgedrag-cordura-extra-sterk-dwangmatig-gedrag-autoagressie\/#primaryimage","url":"https:\/\/gozz4all.com\/wp-content\/uploads\/2020\/09\/IMG_20200924_190709.jpg","contentUrl":"https:\/\/gozz4all.com\/wp-content\/uploads\/2020\/09\/IMG_20200924_190709.jpg","width":1200,"height":900,"caption":"Antischeur hoeslaken- antischeur matrashoes"},{"@type":"BreadcrumbList","@id":"https:\/\/gozz4all.com\/anti-scheur-assortiment\/hoeslaken-anti-scheur-plukgedrag-cordura-extra-sterk-dwangmatig-gedrag-autoagressie\/#breadcrumb","itemListElement":[{"@type":"ListItem","position":1,"name":"Home","item":"https:\/\/gozz4all.com\/"},{"@type":"ListItem","position":2,"name":"Producten","item":"https:\/\/gozz4all.com\/shop\/"},{"@type":"ListItem","position":3,"name":"Antischeur hoeslaken- antischeur matrashoes"}]},{"@type":"WebSite","@id":"https:\/\/gozz4all.com\/fr\/#website","url":"https:\/\/gozz4all.com\/fr\/","name":"Gozz4All","description":"Gozz4All","publisher":{"@id":"https:\/\/gozz4all.com\/fr\/#organization"},"potentialAction":[{"@type":"SearchAction","target":{"@type":"EntryPoint","urlTemplate":"https:\/\/gozz4all.com\/fr\/?s={search_term_string}"},"query-input":{"@type":"PropertyValueSpecification","valueRequired":true,"valueName":"search_term_string"}}],"inLanguage":"fr-FR"},{"@type":"Organization","@id":"https:\/\/gozz4all.com\/fr\/#organization","name":"Gozz4all","url":"https:\/\/gozz4all.com\/fr\/","logo":{"@type":"ImageObject","inLanguage":"fr-FR","@id":"https:\/\/gozz4all.com\/fr\/#\/schema\/logo\/image\/","url":"https:\/\/gozz4all.com\/wp-content\/uploads\/2020\/04\/Logo-ask-for-better-one.png","contentUrl":"https:\/\/gozz4all.com\/wp-content\/uploads\/2020\/04\/Logo-ask-for-better-one.png","width":146,"height":60,"caption":"Gozz4all"},"image":{"@id":"https:\/\/gozz4all.com\/fr\/#\/schema\/logo\/image\/"},"sameAs":["https:\/\/www.facebook.com\/gozz4all\/","https:\/\/www.instagram.com\/gozz4allfashion\/?hl=nl"]}]}},"_links":{"self":[{"href":"https:\/\/gozz4all.com\/fr\/wp-json\/wp\/v2\/product\/13966","targetHints":{"allow":["GET"]}}],"collection":[{"href":"https:\/\/gozz4all.com\/fr\/wp-json\/wp\/v2\/product"}],"about":[{"href":"https:\/\/gozz4all.com\/fr\/wp-json\/wp\/v2\/types\/product"}],"wp:featuredmedia":[{"embeddable":true,"href":"https:\/\/gozz4all.com\/fr\/wp-json\/wp\/v2\/media\/13967"}],"wp:attachment":[{"href":"https:\/\/gozz4all.com\/fr\/wp-json\/wp\/v2\/media?parent=13966"}],"wp:term":[{"taxonomy":"product_brand","embeddable":true,"href":"https:\/\/gozz4all.com\/fr\/wp-json\/wp\/v2\/product_brand?post=13966"},{"taxonomy":"product_cat","embeddable":true,"href":"https:\/\/gozz4all.com\/fr\/wp-json\/wp\/v2\/product_cat?post=13966"},{"taxonomy":"product_tag","embeddable":true,"href":"https:\/\/gozz4all.com\/fr\/wp-json\/wp\/v2\/product_tag?post=13966"}],"curies":[{"name":"wp","href":"https:\/\/api.w.org\/{rel}","templated":true}]}}