{"id":1160,"date":"2017-09-06T12:47:00","date_gmt":"2017-09-06T10:47:00","guid":{"rendered":"http:\/\/gozz.testomgeving.website\/product\/badpak-met-rokje-roodgrijs\/"},"modified":"2022-03-04T12:39:20","modified_gmt":"2022-03-04T10:39:20","slug":"badpak-hanna","status":"publish","type":"product","link":"https:\/\/gozz4all.com\/fr\/product\/badpak-hanna\/","title":{"rendered":"Costume de bain Hanna"},"content":{"rendered":"<p>Avec ce maillot de bain, vous pouvez profiter sans souci de votre baignade hebdomadaire ou de vos vacances annuelles \u00e0 la plage. Ce maillot de bain avec culotte d'incontinence est facile \u00e0 fermer gr\u00e2ce \u00e0 la fermeture \u00e9clair \u00e0 l'arri\u00e8re. La largeur des bretelles et la longueur de la jupe peuvent \u00eatre ajust\u00e9es \u00e0 votre convenance.<\/p>\n<p><strong>Composition :<\/strong><\/p>\n<p>Polyamide 80%, \u00e9lasthanne 20%<\/p>","protected":false},"excerpt":{"rendered":"<p>Met dit badpak kan je zorgeloos genieten van je wekelijkse zwempartij of je jaarlijkse strandvakantie. Dit badpak met incontinentiebroekje is eenvoudig te sluiten met behulp van de rits aan de achterzijde. De breedte van de schouderbandjes en de lengte van het rokje kan naar ieders wens aangepast worden. Samenstelling: 80% Polyamide, 20% Elastaan<\/p>","protected":false},"featured_media":8746,"template":"","meta":[],"product_brand":[],"product_cat":[611,613,51],"product_tag":[],"class_list":{"0":"post-1160","1":"product","2":"type-product","3":"status-publish","4":"has-post-thumbnail","6":"product_cat-kids","7":"product_cat-volwassenen","8":"product_cat-zwemkledij","9":"pa_maat-188-2","10":"pa_maat-s-2","11":"pa_maat-m-2","12":"pa_maat-l-2","13":"pa_maat-104-110-2","14":"pa_maat-xl-2","15":"pa_maat-116-122-2","16":"pa_maat-92-98-2","17":"pa_maat-128-134-2","18":"pa_maat-xxl","19":"pa_maat-140-146-2","20":"pa_maat-152-158-2","21":"pa_maat-164-170-2","22":"pa_maat-176-182-2","24":"first","25":"instock","26":"taxable","27":"shipping-taxable","28":"purchasable","29":"product-type-variable"},"yoast_head":"<!-- This site is optimized with the Yoast SEO plugin v27.2 - https:\/\/yoast.com\/product\/yoast-seo-wordpress\/ -->\n<title>Badpak Hanna | Gozz4All<\/title>\n<meta name=\"robots\" content=\"index, follow, max-snippet:-1, max-image-preview:large, max-video-preview:-1\" \/>\n<link rel=\"canonical\" href=\"https:\/\/gozz4all.com\/fr\/zwemkledij\/badpak-hanna\/\" \/>\n<meta property=\"og:locale\" content=\"fr_FR\" \/>\n<meta property=\"og:type\" content=\"article\" \/>\n<meta property=\"og:title\" content=\"Badpak Hanna | Gozz4All\" \/>\n<meta property=\"og:description\" content=\"Met dit badpak kan je zorgeloos genieten van je wekelijkse zwempartij of je jaarlijkse strandvakantie. Dit badpak met incontinentiebroekje is eenvoudig te sluiten met behulp van de rits aan de achterzijde. De breedte van de schouderbandjes en de lengte van het rokje kan naar ieders wens aangepast worden. Samenstelling: 80% Polyamide, 20% Elastaan\" \/>\n<meta property=\"og:url\" content=\"https:\/\/gozz4all.com\/fr\/zwemkledij\/badpak-hanna\/\" \/>\n<meta property=\"og:site_name\" content=\"Gozz4All\" \/>\n<meta property=\"article:publisher\" content=\"https:\/\/www.facebook.com\/gozz4all\/\" \/>\n<meta property=\"article:modified_time\" content=\"2022-03-04T10:39:20+00:00\" \/>\n<meta property=\"og:image\" content=\"https:\/\/gozz4all.com\/wp-content\/uploads\/2017\/09\/badpak.jpg\" \/>\n\t<meta property=\"og:image:width\" content=\"1200\" \/>\n\t<meta property=\"og:image:height\" content=\"1200\" \/>\n\t<meta property=\"og:image:type\" content=\"image\/jpeg\" \/>\n<meta name=\"twitter:card\" content=\"summary_large_image\" \/>\n<script type=\"application\/ld+json\" class=\"yoast-schema-graph\">{\"@context\":\"https:\/\/schema.org\",\"@graph\":[{\"@type\":\"WebPage\",\"@id\":\"https:\/\/gozz4all.com\/fr\/zwemkledij\/badpak-hanna\/\",\"url\":\"https:\/\/gozz4all.com\/fr\/zwemkledij\/badpak-hanna\/\",\"name\":\"Badpak Hanna | Gozz4All\",\"isPartOf\":{\"@id\":\"https:\/\/gozz4all.com\/fr\/#website\"},\"primaryImageOfPage\":{\"@id\":\"https:\/\/gozz4all.com\/fr\/zwemkledij\/badpak-hanna\/#primaryimage\"},\"image\":{\"@id\":\"https:\/\/gozz4all.com\/fr\/zwemkledij\/badpak-hanna\/#primaryimage\"},\"thumbnailUrl\":\"https:\/\/gozz4all.com\/wp-content\/uploads\/2017\/09\/badpak.jpg\",\"datePublished\":\"2017-09-06T10:47:00+00:00\",\"dateModified\":\"2022-03-04T10:39:20+00:00\",\"breadcrumb\":{\"@id\":\"https:\/\/gozz4all.com\/fr\/zwemkledij\/badpak-hanna\/#breadcrumb\"},\"inLanguage\":\"fr-FR\",\"potentialAction\":[{\"@type\":\"ReadAction\",\"target\":[\"https:\/\/gozz4all.com\/fr\/zwemkledij\/badpak-hanna\/\"]}]},{\"@type\":\"ImageObject\",\"inLanguage\":\"fr-FR\",\"@id\":\"https:\/\/gozz4all.com\/fr\/zwemkledij\/badpak-hanna\/#primaryimage\",\"url\":\"https:\/\/gozz4all.com\/wp-content\/uploads\/2017\/09\/badpak.jpg\",\"contentUrl\":\"https:\/\/gozz4all.com\/wp-content\/uploads\/2017\/09\/badpak.jpg\",\"width\":1200,\"height\":1200},{\"@type\":\"BreadcrumbList\",\"@id\":\"https:\/\/gozz4all.com\/fr\/zwemkledij\/badpak-hanna\/#breadcrumb\",\"itemListElement\":[{\"@type\":\"ListItem\",\"position\":1,\"name\":\"Home\",\"item\":\"https:\/\/gozz4all.com\/\"},{\"@type\":\"ListItem\",\"position\":2,\"name\":\"Producten\",\"item\":\"https:\/\/gozz4all.com\/shop\/\"},{\"@type\":\"ListItem\",\"position\":3,\"name\":\"Badpak Hanna\"}]},{\"@type\":\"WebSite\",\"@id\":\"https:\/\/gozz4all.com\/fr\/#website\",\"url\":\"https:\/\/gozz4all.com\/fr\/\",\"name\":\"Gozz4All\",\"description\":\"Gozz4All\",\"publisher\":{\"@id\":\"https:\/\/gozz4all.com\/fr\/#organization\"},\"potentialAction\":[{\"@type\":\"SearchAction\",\"target\":{\"@type\":\"EntryPoint\",\"urlTemplate\":\"https:\/\/gozz4all.com\/fr\/?s={search_term_string}\"},\"query-input\":{\"@type\":\"PropertyValueSpecification\",\"valueRequired\":true,\"valueName\":\"search_term_string\"}}],\"inLanguage\":\"fr-FR\"},{\"@type\":\"Organization\",\"@id\":\"https:\/\/gozz4all.com\/fr\/#organization\",\"name\":\"Gozz4all\",\"url\":\"https:\/\/gozz4all.com\/fr\/\",\"logo\":{\"@type\":\"ImageObject\",\"inLanguage\":\"fr-FR\",\"@id\":\"https:\/\/gozz4all.com\/fr\/#\/schema\/logo\/image\/\",\"url\":\"https:\/\/gozz4all.com\/wp-content\/uploads\/2020\/04\/Logo-ask-for-better-one.png\",\"contentUrl\":\"https:\/\/gozz4all.com\/wp-content\/uploads\/2020\/04\/Logo-ask-for-better-one.png\",\"width\":146,\"height\":60,\"caption\":\"Gozz4all\"},\"image\":{\"@id\":\"https:\/\/gozz4all.com\/fr\/#\/schema\/logo\/image\/\"},\"sameAs\":[\"https:\/\/www.facebook.com\/gozz4all\/\",\"https:\/\/www.instagram.com\/gozz4allfashion\/?hl=nl\"]}]}<\/script>\n<!-- \/ Yoast SEO plugin. -->","yoast_head_json":{"title":"Badpak Hanna | Gozz4All","robots":{"index":"index","follow":"follow","max-snippet":"max-snippet:-1","max-image-preview":"max-image-preview:large","max-video-preview":"max-video-preview:-1"},"canonical":"https:\/\/gozz4all.com\/fr\/zwemkledij\/badpak-hanna\/","og_locale":"fr_FR","og_type":"article","og_title":"Badpak Hanna | Gozz4All","og_description":"Met dit badpak kan je zorgeloos genieten van je wekelijkse zwempartij of je jaarlijkse strandvakantie. Dit badpak met incontinentiebroekje is eenvoudig te sluiten met behulp van de rits aan de achterzijde. De breedte van de schouderbandjes en de lengte van het rokje kan naar ieders wens aangepast worden. Samenstelling: 80% Polyamide, 20% Elastaan","og_url":"https:\/\/gozz4all.com\/fr\/zwemkledij\/badpak-hanna\/","og_site_name":"Gozz4All","article_publisher":"https:\/\/www.facebook.com\/gozz4all\/","article_modified_time":"2022-03-04T10:39:20+00:00","og_image":[{"width":1200,"height":1200,"url":"https:\/\/gozz4all.com\/wp-content\/uploads\/2017\/09\/badpak.jpg","type":"image\/jpeg"}],"twitter_card":"summary_large_image","schema":{"@context":"https:\/\/schema.org","@graph":[{"@type":"WebPage","@id":"https:\/\/gozz4all.com\/fr\/zwemkledij\/badpak-hanna\/","url":"https:\/\/gozz4all.com\/fr\/zwemkledij\/badpak-hanna\/","name":"Badpak Hanna | Gozz4All","isPartOf":{"@id":"https:\/\/gozz4all.com\/fr\/#website"},"primaryImageOfPage":{"@id":"https:\/\/gozz4all.com\/fr\/zwemkledij\/badpak-hanna\/#primaryimage"},"image":{"@id":"https:\/\/gozz4all.com\/fr\/zwemkledij\/badpak-hanna\/#primaryimage"},"thumbnailUrl":"https:\/\/gozz4all.com\/wp-content\/uploads\/2017\/09\/badpak.jpg","datePublished":"2017-09-06T10:47:00+00:00","dateModified":"2022-03-04T10:39:20+00:00","breadcrumb":{"@id":"https:\/\/gozz4all.com\/fr\/zwemkledij\/badpak-hanna\/#breadcrumb"},"inLanguage":"fr-FR","potentialAction":[{"@type":"ReadAction","target":["https:\/\/gozz4all.com\/fr\/zwemkledij\/badpak-hanna\/"]}]},{"@type":"ImageObject","inLanguage":"fr-FR","@id":"https:\/\/gozz4all.com\/fr\/zwemkledij\/badpak-hanna\/#primaryimage","url":"https:\/\/gozz4all.com\/wp-content\/uploads\/2017\/09\/badpak.jpg","contentUrl":"https:\/\/gozz4all.com\/wp-content\/uploads\/2017\/09\/badpak.jpg","width":1200,"height":1200},{"@type":"BreadcrumbList","@id":"https:\/\/gozz4all.com\/fr\/zwemkledij\/badpak-hanna\/#breadcrumb","itemListElement":[{"@type":"ListItem","position":1,"name":"Home","item":"https:\/\/gozz4all.com\/"},{"@type":"ListItem","position":2,"name":"Producten","item":"https:\/\/gozz4all.com\/shop\/"},{"@type":"ListItem","position":3,"name":"Badpak Hanna"}]},{"@type":"WebSite","@id":"https:\/\/gozz4all.com\/fr\/#website","url":"https:\/\/gozz4all.com\/fr\/","name":"Gozz4All","description":"Gozz4All","publisher":{"@id":"https:\/\/gozz4all.com\/fr\/#organization"},"potentialAction":[{"@type":"SearchAction","target":{"@type":"EntryPoint","urlTemplate":"https:\/\/gozz4all.com\/fr\/?s={search_term_string}"},"query-input":{"@type":"PropertyValueSpecification","valueRequired":true,"valueName":"search_term_string"}}],"inLanguage":"fr-FR"},{"@type":"Organization","@id":"https:\/\/gozz4all.com\/fr\/#organization","name":"Gozz4all","url":"https:\/\/gozz4all.com\/fr\/","logo":{"@type":"ImageObject","inLanguage":"fr-FR","@id":"https:\/\/gozz4all.com\/fr\/#\/schema\/logo\/image\/","url":"https:\/\/gozz4all.com\/wp-content\/uploads\/2020\/04\/Logo-ask-for-better-one.png","contentUrl":"https:\/\/gozz4all.com\/wp-content\/uploads\/2020\/04\/Logo-ask-for-better-one.png","width":146,"height":60,"caption":"Gozz4all"},"image":{"@id":"https:\/\/gozz4all.com\/fr\/#\/schema\/logo\/image\/"},"sameAs":["https:\/\/www.facebook.com\/gozz4all\/","https:\/\/www.instagram.com\/gozz4allfashion\/?hl=nl"]}]}},"_links":{"self":[{"href":"https:\/\/gozz4all.com\/fr\/wp-json\/wp\/v2\/product\/1160","targetHints":{"allow":["GET"]}}],"collection":[{"href":"https:\/\/gozz4all.com\/fr\/wp-json\/wp\/v2\/product"}],"about":[{"href":"https:\/\/gozz4all.com\/fr\/wp-json\/wp\/v2\/types\/product"}],"wp:featuredmedia":[{"embeddable":true,"href":"https:\/\/gozz4all.com\/fr\/wp-json\/wp\/v2\/media\/8746"}],"wp:attachment":[{"href":"https:\/\/gozz4all.com\/fr\/wp-json\/wp\/v2\/media?parent=1160"}],"wp:term":[{"taxonomy":"product_brand","embeddable":true,"href":"https:\/\/gozz4all.com\/fr\/wp-json\/wp\/v2\/product_brand?post=1160"},{"taxonomy":"product_cat","embeddable":true,"href":"https:\/\/gozz4all.com\/fr\/wp-json\/wp\/v2\/product_cat?post=1160"},{"taxonomy":"product_tag","embeddable":true,"href":"https:\/\/gozz4all.com\/fr\/wp-json\/wp\/v2\/product_tag?post=1160"}],"curies":[{"name":"wp","href":"https:\/\/api.w.org\/{rel}","templated":true}]}}