{"id":7380,"date":"2018-05-22T15:28:51","date_gmt":"2018-05-22T13:28:51","guid":{"rendered":"http:\/\/gozz.testomgeving.website\/?page_id=7380"},"modified":"2025-05-27T16:11:06","modified_gmt":"2025-05-27T14:11:06","slug":"privacy-verklaring","status":"publish","type":"page","link":"https:\/\/gozz4all.com\/fr\/privacy-verklaring\/","title":{"rendered":"D\u00e9claration de confidentialit\u00e9"},"content":{"rendered":"<div data-elementor-type=\"wp-page\" data-elementor-id=\"7380\" class=\"elementor elementor-7380\" data-elementor-post-type=\"page\">\n\t\t\t\t\t\t<section class=\"elementor-section elementor-top-section elementor-element elementor-element-811c646 elementor-section-boxed elementor-section-height-default elementor-section-height-default\" data-id=\"811c646\" data-element_type=\"section\" data-e-type=\"section\" data-settings=\"{&quot;background_background&quot;:&quot;classic&quot;}\">\n\t\t\t\t\t\t<div class=\"elementor-container elementor-column-gap-default\">\n\t\t\t\t\t<div class=\"elementor-column elementor-col-100 elementor-top-column elementor-element elementor-element-1a9c415\" data-id=\"1a9c415\" data-element_type=\"column\" data-e-type=\"column\">\n\t\t\t<div class=\"elementor-widget-wrap elementor-element-populated\">\n\t\t\t\t\t\t<div class=\"elementor-element elementor-element-ac964c4 elementor-widget__width-initial elementor-widget elementor-widget-heading\" data-id=\"ac964c4\" data-element_type=\"widget\" data-e-type=\"widget\" data-widget_type=\"heading.default\">\n\t\t\t\t<div class=\"elementor-widget-container\">\n\t\t\t\t\t<h1 class=\"elementor-heading-title elementor-size-default\">D\u00e9claration de confidentialit\u00e9<\/h1>\t\t\t\t<\/div>\n\t\t\t\t<\/div>\n\t\t\t\t\t<\/div>\n\t\t<\/div>\n\t\t\t\t\t<\/div>\n\t\t<\/section>\n\t\t\t\t<section class=\"elementor-section elementor-top-section elementor-element elementor-element-455707f8 elementor-section-boxed elementor-section-height-default elementor-section-height-default\" data-id=\"455707f8\" data-element_type=\"section\" data-e-type=\"section\">\n\t\t\t\t\t\t<div class=\"elementor-container elementor-column-gap-default\">\n\t\t\t\t\t<div class=\"elementor-column elementor-col-100 elementor-top-column elementor-element elementor-element-3bf9a4ef\" data-id=\"3bf9a4ef\" data-element_type=\"column\" data-e-type=\"column\">\n\t\t\t<div class=\"elementor-widget-wrap elementor-element-populated\">\n\t\t\t\t\t\t<div class=\"elementor-element elementor-element-3708beb5 elementor-widget elementor-widget-text-editor\" data-id=\"3708beb5\" data-element_type=\"widget\" data-e-type=\"widget\" data-widget_type=\"text-editor.default\">\n\t\t\t\t<div class=\"elementor-widget-container\">\n\t\t\t\t\t\t\t\t\t<p>\u00a0<\/p><h1>\u00c0 propos de notre politique de confidentialit\u00e9<\/h1><p>Gozz bvba geeft veel om uw privacy. Wij verwerken daarom uitsluitend gegevens die wij nodig hebben voor (het verbeteren van) onze dienstverlening en gaan zorgvuldig om met de informatie die wij over u en uw gebruik van onze diensten hebben verzameld. Wij stellen uw gegevens nooit voor commerci\u00eble doelstellingen ter beschikking aan derden.<\/p><p>Dit privacybeleid is van toepassing op het gebruik van de website en de daarop ontsloten dienstverlening van Gozz bvba. De ingangsdatum voor de geldigheid van deze voorwaarden is 23\/05\/2018, met het publiceren van een nieuwe versie vervalt de geldigheid van alle voorgaande versies. Dit privacybeleid beschrijft welke gegevens over u door ons worden verzameld, waar deze gegevens voor worden gebruikt en met wie en onder welke voorwaarden deze gegevens eventueel met derden kunnen worden gedeeld. Ook leggen wij aan u uit op welke wijze wij uw gegevens opslaan en hoe wij uw gegevens tegen misbruik beschermen en welke rechten u heeft met betrekking tot de door u aan ons verstrekte persoonsgegevens.<\/p><p>Als u vragen heeft over ons privacybeleid kunt u contact opnemen met onze contactpersoon voor privacyzaken, u vindt de contactgegevens aan het einde van ons privacybeleid.<\/p><h1>A propos du traitement des donn\u00e9es<\/h1><p>Vous pouvez lire ci-dessous comment nous traitons vos donn\u00e9es, o\u00f9 nous les stockons (ou les faisons stocker), quelles techniques de s\u00e9curit\u00e9 nous utilisons et qui a acc\u00e8s aux donn\u00e9es.<\/p><h2>Logiciel de boutique en ligne<\/h2><h3>WooCommerce<\/h3><p>Onze webwinkel is ontwikkeld met software van WooCommerce, wij hebben voor onze webhosting gekozen voor myH2Oservers. Persoonsgegevens die u ten behoeve van onze dienstverlening aan ons beschikbaar stelt, worden met deze partij gedeeld. myH2Oservers heeft toegang tot uw gegevens om ons (technische) ondersteuning te bieden, zij zullen uw gegevens nooit gebruiken voor een ander doel. myH2Oservers is op basis van de overeenkomst die wij met hen hebben gesloten verplicht om passende beveiligingsmaatregelen te nemen. Deze beveiligingsmaatregelen bestaan uit de toepassing van SSL-encryptie en een sterk wachtwoordbeleid.<\/p><p>Er worden regelmatig back-ups gemaakt om verlies van data te voorkomen.<\/p><h3>WooCommerce<\/h3><p>Notre boutique est d\u00e9velopp\u00e9e avec le logiciel WooCommerce, nous h\u00e9bergeons notre boutique sur un serveur sous notre propre gestion. Nous disposons de mesures techniques et organisationnelles appropri\u00e9es pour pr\u00e9venir autant que possible les abus, la perte et la corruption de donn\u00e9es. Ces mesures de s\u00e9curit\u00e9 comprennent l'utilisation du cryptage SSL et une politique de mots de passe forts. Des sauvegardes r\u00e9guli\u00e8res sont effectu\u00e9es pour \u00e9viter la perte de donn\u00e9es.<\/p><h3>H\u00e9bergement web myH2Oservers<\/h3><p>Nous achetons des services d'h\u00e9bergement web \u00e0 H2Oservers. myH2Oservers traite les donn\u00e9es personnelles en notre nom et n'utilise pas vos donn\u00e9es \u00e0 ses propres fins. Toutefois, cette partie peut recueillir des m\u00e9tadonn\u00e9es sur l'utilisation des services, qui ne sont pas des donn\u00e9es \u00e0 caract\u00e8re personnel. Il ne s'agit pas de donn\u00e9es personnelles. myH2Oservers dispose de mesures techniques et organisationnelles appropri\u00e9es pour pr\u00e9venir la perte et l'utilisation non autoris\u00e9e de vos donn\u00e9es personnelles. myH2Oservers est sous contrat de confidentialit\u00e9.<\/p><h2>E-mail et listes de diffusion<\/h2><h3>MailChimp<\/h3><p>Notre site web utilise MailChimp, un tiers qui g\u00e8re le trafic de courrier \u00e9lectronique de notre site web et l'envoi de toute lettre d'information. Tous les e-mails de confirmation que vous recevez \u00e0 partir de notre site web et de nos formulaires web sont envoy\u00e9s par les serveurs de MailChimp. MailChimp n'utilisera jamais votre nom et votre adresse \u00e9lectronique \u00e0 ses propres fins. Au bas de chaque courriel envoy\u00e9 automatiquement par notre site web, vous trouverez un lien de \"d\u00e9sinscription\". Si vous cliquez dessus, vous ne recevrez plus d'e-mails de notre site web. Vos donn\u00e9es personnelles sont stock\u00e9es en toute s\u00e9curit\u00e9 par MailChimp. MailChimp utilise des cookies et d'autres technologies Internet qui permettent de savoir si les e-mails sont ouverts et lus. MailChimp se r\u00e9serve le droit d'utiliser vos donn\u00e9es pour am\u00e9liorer le service et, dans ce cadre, de partager des informations avec des tiers.<\/p><h3>Office365<\/h3><p>Nous utilisons les services d'Office365 pour le trafic r\u00e9gulier de nos e-mails professionnels. Cette partie a pris des mesures techniques et organisationnelles appropri\u00e9es pour emp\u00eacher l'abus, la perte et la corruption de vos et de nos donn\u00e9es. Office365 n'a pas acc\u00e8s \u00e0 notre bo\u00eete aux lettres et nous traitons tout notre trafic de courrier \u00e9lectronique de mani\u00e8re confidentielle.<\/p><h2>Processeurs de paiement<\/h2><h3>Mollie<\/h3><p>Voor het afhandelen van een (deel van) de betalingen in onze webwinkel maken wij gebruik van het platform van Mollie. Mollie verwerkt uw naam, adres en woonplaatsgegevens en uw betaalgegevens zoals uw bankrekening- of creditcardnummer. Mollie heeft passende technische en organisatorische maatregelen genomen om uw persoonsgegevens te beschermen. Mollie behoudt zich het recht voor uw gegevens te gebruiken om de<\/p><p>dienstverlening verder te verbeteren en in het kader daarvan (geanonimiseerde) gegevens met derden te delen. Alle hierboven genoemde waarborgen met betrekking tot de bescherming van uw persoonsgegevens zijn eveneens van toepassing op de onderdelen van Mollie\u2019s dienstverlening waarvoor zij derden inschakelen. Mollie bewaart uw gegevens niet langer dan op grond van de wettelijke termijnen is toegestaan.<\/p><p><strong>Critiques<\/strong><\/p><h2>Exp\u00e9dition et logistique<\/h2><h3>PostNL<\/h3><p>Lorsque vous passez une commande chez nous, il nous incombe de vous livrer votre colis. Nous utilisons les services de PostNL pour effectuer les livraisons. Il est donc n\u00e9cessaire que nous communiquions votre nom, votre adresse et votre lieu de r\u00e9sidence \u00e0 PostNL. PostNL n'utilisera ces donn\u00e9es que pour l'ex\u00e9cution de l'accord. Si PostNL engage des sous-traitants, PostNL mettra \u00e9galement vos donn\u00e9es \u00e0 la disposition de ces parties.<\/p><h3>DHL<\/h3><p>Si vous passez une commande chez nous, c'est \u00e0 nous de vous livrer votre colis. Nous utilisons les services de DHL pour effectuer les livraisons. Il est donc n\u00e9cessaire que nous communiquions votre nom, votre adresse et votre lieu de r\u00e9sidence \u00e0 DHL. DHL n'utilisera ces donn\u00e9es que pour l'ex\u00e9cution du contrat. Dans le cas o\u00f9 DHL fait appel \u00e0 des sous-traitants, DHL mettra \u00e9galement vos donn\u00e9es \u00e0 la disposition de ces parties.<\/p><h3>BPost<\/h3><p>Lorsque vous passez une commande chez nous, il nous incombe de vous livrer votre colis. Nous utilisons les services de BPost pour effectuer les livraisons. Il est donc n\u00e9cessaire que nous leur communiquions votre nom, votre adresse et votre lieu de r\u00e9sidence. BPost utilise ces informations uniquement dans le but d'ex\u00e9cuter l'accord. Dans le cas o\u00f9 BPost fait appel \u00e0 des sous-traitants, elle mettra \u00e9galement vos donn\u00e9es \u00e0 la disposition de ces derniers.<\/p><h1>Objectif du traitement des donn\u00e9es<\/h1><h2>Finalit\u00e9 g\u00e9n\u00e9rale du traitement<\/h2><p>Nous utilisons vos donn\u00e9es exclusivement dans le but de fournir nos services. Cela signifie que la finalit\u00e9 du traitement est toujours directement li\u00e9e \u00e0 la mission que vous fournissez. Nous n'utilisons pas vos donn\u00e9es \u00e0 des fins de marketing (cibl\u00e9). Si vous partagez des informations avec nous et que nous utilisons ces informations pour vous contacter ult\u00e9rieurement, autrement qu'\u00e0 votre demande, nous vous demanderons votre autorisation explicite. Vos donn\u00e9es ne seront pas partag\u00e9es avec des tiers, sauf pour r\u00e9pondre aux obligations comptables et administratives. Ces tiers sont tous tenus au secret par un accord entre eux et nous ou par un serment ou une obligation l\u00e9gale.<\/p><h2>Donn\u00e9es collect\u00e9es automatiquement<\/h2><p>Les donn\u00e9es collect\u00e9es automatiquement par notre site web sont trait\u00e9es dans le but d'am\u00e9liorer encore nos services. Ces donn\u00e9es (par exemple, votre adresse IP, votre navigateur web et votre syst\u00e8me d'exploitation) ne sont pas des donn\u00e9es \u00e0 caract\u00e8re personnel.<\/p><h2>Coop\u00e9ration dans les enqu\u00eates fiscales et p\u00e9nales<\/h2><p>Dans certains cas, Gozz bvba peut \u00eatre contraint par une obligation l\u00e9gale de partager vos donn\u00e9es dans le cadre d'une enqu\u00eate gouvernementale fiscale ou criminelle. Dans un tel cas, nous serons contraints de partager vos donn\u00e9es, mais nous r\u00e9sisterons \u00e0 le faire dans les limites des possibilit\u00e9s offertes par la loi.<\/p><h2>P\u00e9riodes de stockage<\/h2><p>Wij bewaren uw gegevens zolang u cli\u00ebnt van ons bent. Dit betekent dat wij uw klantprofiel bewaren totdat u aangeeft dat u niet langer van onze diensten gebruik wenst te maken. Als u dit bij ons aangeeft zullen wij dit tevens opvatten als een vergeetverzoek. Op grond van toepasselijke administratieve verplichtingen dienen wij facturen met uw<\/p><p>(persoons)gegevens te bewaren, deze gegevens zullen wij dus voor zolang de toepasselijke termijn loopt bewaren. Medewerkers hebben echter geen toegang meer tot uw cli\u00ebntprofiel en documenten die wij naar aanleiding van uw opdracht hebben vervaardigd.<\/p><h1>Vos droits<\/h1><p>Op grond van de geldende Nederlandse en Europese wetgeving heeft u als betrokkene bepaalde rechten met betrekking tot de persoonsgegevens die door of namens ons worden verwerkt. Wij leggen u hieronder uit welke rechten dit zijn en hoe u zich op deze rechten kunt beroepen.<\/p><p>In beginsel sturen wij om misbruik te voorkomen afschriften en kopie\u00ebn van uw gegevens enkel naar uw bij ons reeds bekende e-mailadres. In het geval dat u de gegevens op een ander e-mailadres of bijvoorbeeld per post wenst te ontvangen, zullen wij u vragen zich te legitimeren. Wij houden een administratie bij van afgehandelde verzoeken, in het geval van een vergeetverzoek administreren wij geanonimiseerde gegevens. Alle afschriften en kopie\u00ebn van gegevens ontvangt u in de machineleesbare gegevensindeling die wij binnen onze systemen hanteren.<\/p><p>U heeft te allen tijde het recht om een klacht in te dienen bij de Autoriteit Persoonsgegevens als u vermoedt dat wij uw persoonsgegevens op een verkeerde manier gebruiken.<\/p><h2>Droit d'inspection<\/h2><p>Vous avez toujours le droit de consulter les donn\u00e9es que nous traitons ou avons trait\u00e9es et qui vous concernent ou peuvent \u00eatre retrac\u00e9es. Vous pouvez adresser une demande \u00e0 cet effet \u00e0 notre personne de contact pour les questions de confidentialit\u00e9. Vous recevrez une r\u00e9ponse \u00e0 votre demande dans les 30 jours. Si votre demande est accept\u00e9e, nous vous enverrons une copie de toutes les donn\u00e9es \u00e0 l'adresse \u00e9lectronique que nous avons enregistr\u00e9e, ainsi qu'une liste des processeurs d\u00e9tenant ces donn\u00e9es, et la cat\u00e9gorie sous laquelle nous les avons stock\u00e9es.<\/p><h2>Droit de rectification<\/h2><p>Vous avez toujours le droit de faire modifier les donn\u00e9es que nous traitons, qui vous concernent ou qui peuvent \u00eatre retrac\u00e9es jusqu'\u00e0 vous. Vous pouvez adresser une demande \u00e0 cet effet \u00e0 notre personne de contact pour les questions de confidentialit\u00e9. Vous recevrez une r\u00e9ponse \u00e0 votre demande dans les 30 jours. Si votre demande est accept\u00e9e, nous vous enverrons, \u00e0 l'adresse \u00e9lectronique que nous avons enregistr\u00e9e, une confirmation de la modification des donn\u00e9es.<\/p><h2>Droit \u00e0 la limitation du traitement<\/h2><p>Vous avez toujours le droit de restreindre les donn\u00e9es que nous traitons ou faisons traiter et qui vous concernent ou peuvent \u00eatre retrac\u00e9es. Vous pouvez adresser une demande \u00e0 cet effet \u00e0 notre personne de contact pour les questions de confidentialit\u00e9. Vous recevrez une r\u00e9ponse \u00e0 votre demande dans les 30 jours. Si votre demande est accept\u00e9e, nous vous enverrons une confirmation \u00e0 l'adresse \u00e9lectronique que vous avez fournie, indiquant que les donn\u00e9es ne seront plus trait\u00e9es jusqu'\u00e0 ce que vous leviez la restriction.<\/p><h2>Droit de transf\u00e9rabilit\u00e9<\/h2><p>Vous avez toujours le droit de faire ex\u00e9cuter par un tiers les donn\u00e9es que nous traitons et qui se rapportent \u00e0 votre personne ou qui peuvent \u00eatre retrac\u00e9es jusqu'\u00e0 vous. Vous pouvez adresser une demande \u00e0 cet effet \u00e0 notre personne de contact pour les questions de confidentialit\u00e9. Vous recevrez une r\u00e9ponse \u00e0 votre demande dans les 30 jours. Si votre demande est accept\u00e9e, nous vous enverrons, \u00e0 l'adresse \u00e9lectronique que vous nous avez fournie, des copies ou des copies de toutes les donn\u00e9es vous concernant que nous avons trait\u00e9es ou qui ont \u00e9t\u00e9 trait\u00e9es en notre nom par d'autres responsables du traitement ou des tiers. Selon toute vraisemblance, nous ne serons pas en mesure de continuer \u00e0 fournir des services dans un tel cas, car l'interconnexion s\u00e9curis\u00e9e des fichiers de donn\u00e9es ne peut plus \u00eatre garantie.<\/p><h2>Droit d'opposition et autres droits<\/h2><p>U heeft in voorkomende gevallen het recht bezwaar te maken tegen de verwerking van uw persoonsgegevens door of in opdracht van Gozz bvba. Als u bezwaar maakt zullen wij onmiddellijk de gegevensverwerking staken in afwachting van de afhandeling van uw bezwaar. Is uw bezwaar gegrond dat zullen wij afschriften en\/of kopie\u00ebn van gegevens die wij (laten) verwerken aan u ter beschikking stellen en daarna de verwerking blijvend staken.<\/p><p>U heeft bovendien het recht om niet aan geautomatiseerde individuele besluitvorming of profiling te worden onderworpen. Wij verwerken uw gegevens niet op zodanige wijze dat dit recht van toepassing is. Bent u van mening dat dit wel zo is, neem dan contact op met onze contactpersoon voor privacyzaken.<\/p><h1>Cookies<\/h1><h2>Google Analytics<\/h2><p>Par le biais de notre site web, des cookies de la soci\u00e9t\u00e9 am\u00e9ricaine Google sont plac\u00e9s dans le cadre du service \"Analytics\". Nous utilisons ce service pour suivre et obtenir des rapports sur la fa\u00e7on dont les visiteurs utilisent le site web. Ce sous-traitant peut \u00eatre oblig\u00e9, en vertu des lois et r\u00e8glements applicables, de donner acc\u00e8s \u00e0 ces donn\u00e9es. Nous n'avons pas autoris\u00e9 Google \u00e0 utiliser les informations d'analyse obtenues pour d'autres services Google.<\/p><h2>Cookies de tiers<\/h2><p>Dans le cas o\u00f9 des solutions logicielles tierces utilisent des cookies, cela est indiqu\u00e9 dans la pr\u00e9sente d\u00e9claration de confidentialit\u00e9.<\/p><h1>Modifications de la politique de confidentialit\u00e9<\/h1><p>Nous nous r\u00e9servons le droit de modifier notre politique de confidentialit\u00e9 \u00e0 tout moment. Toutefois, vous trouverez toujours la version la plus r\u00e9cente sur cette page. Si la nouvelle politique de confidentialit\u00e9 affecte la mani\u00e8re dont nous traitons d\u00e9j\u00e0 les donn\u00e9es vous concernant, nous vous en informerons par e-mail.<\/p><h1>Coordonn\u00e9es de contact<\/h1><h2>Gozz bvba<\/h2><p>Polderstraat 70a<\/p><p>2990 Wuustwezel<\/p><p>Belgi\u00eb<\/p><p><strong>T<\/strong> (+32) 496 16 99 08<\/p><p><strong>E<\/strong> <a href=\"mailto:info@gozz.be\">info@gozz.be<\/a><\/p><p>BTW: BE 0660597318<\/p><h2>Personne de contact pour les questions de confidentialit\u00e9<\/h2><p>Cindy Konings<\/p>\t\t\t\t\t\t\t\t<\/div>\n\t\t\t\t<\/div>\n\t\t\t\t\t<\/div>\n\t\t<\/div>\n\t\t\t\t\t<\/div>\n\t\t<\/section>\n\t\t\t\t<\/div>","protected":false},"excerpt":{"rendered":"<p>\u00a0 Over ons privacybeleid Gozz bvba geeft veel om uw privacy. Wij verwerken daarom uitsluitend gegevens die wij nodig hebben voor (het verbeteren van) onze dienstverlening en gaan zorgvuldig om met de informatie die wij over u en uw gebruik van onze diensten hebben verzameld. Wij stellen uw gegevens nooit voor commerci\u00eble doelstellingen ter beschikking [&hellip;]<\/p>\n","protected":false},"author":16,"featured_media":0,"parent":0,"menu_order":0,"comment_status":"closed","ping_status":"closed","template":"elementor_header_footer","meta":{"footnotes":""},"class_list":["post-7380","page","type-page","status-publish","hentry"],"yoast_head":"<!-- This site is optimized with the Yoast SEO plugin v27.2 - https:\/\/yoast.com\/product\/yoast-seo-wordpress\/ -->\n<title>Privacy verklaring | Gozz4All<\/title>\n<meta name=\"robots\" content=\"index, follow, max-snippet:-1, max-image-preview:large, max-video-preview:-1\" \/>\n<link rel=\"canonical\" href=\"https:\/\/gozz4all.com\/fr\/privacy-verklaring\/\" \/>\n<meta property=\"og:locale\" content=\"fr_FR\" \/>\n<meta property=\"og:type\" content=\"article\" \/>\n<meta property=\"og:title\" content=\"Privacy verklaring | Gozz4All\" \/>\n<meta property=\"og:description\" content=\"\u00a0 Over ons privacybeleid Gozz bvba geeft veel om uw privacy. Wij verwerken daarom uitsluitend gegevens die wij nodig hebben voor (het verbeteren van) onze dienstverlening en gaan zorgvuldig om met de informatie die wij over u en uw gebruik van onze diensten hebben verzameld. Wij stellen uw gegevens nooit voor commerci\u00eble doelstellingen ter beschikking [&hellip;]\" \/>\n<meta property=\"og:url\" content=\"https:\/\/gozz4all.com\/fr\/privacy-verklaring\/\" \/>\n<meta property=\"og:site_name\" content=\"Gozz4All\" \/>\n<meta property=\"article:publisher\" content=\"https:\/\/www.facebook.com\/gozz4all\/\" \/>\n<meta property=\"article:modified_time\" content=\"2025-05-27T14:11:06+00:00\" \/>\n<meta name=\"twitter:card\" content=\"summary_large_image\" \/>\n<meta name=\"twitter:label1\" content=\"Dur\u00e9e de lecture estim\u00e9e\" \/>\n\t<meta name=\"twitter:data1\" content=\"11 minutes\" \/>\n<script type=\"application\/ld+json\" class=\"yoast-schema-graph\">{\"@context\":\"https:\/\/schema.org\",\"@graph\":[{\"@type\":\"WebPage\",\"@id\":\"https:\/\/gozz4all.com\/privacy-verklaring\/\",\"url\":\"https:\/\/gozz4all.com\/privacy-verklaring\/\",\"name\":\"Privacy verklaring | Gozz4All\",\"isPartOf\":{\"@id\":\"https:\/\/gozz4all.com\/fr\/#website\"},\"datePublished\":\"2018-05-22T13:28:51+00:00\",\"dateModified\":\"2025-05-27T14:11:06+00:00\",\"breadcrumb\":{\"@id\":\"https:\/\/gozz4all.com\/privacy-verklaring\/#breadcrumb\"},\"inLanguage\":\"fr-FR\",\"potentialAction\":[{\"@type\":\"ReadAction\",\"target\":[\"https:\/\/gozz4all.com\/privacy-verklaring\/\"]}]},{\"@type\":\"BreadcrumbList\",\"@id\":\"https:\/\/gozz4all.com\/privacy-verklaring\/#breadcrumb\",\"itemListElement\":[{\"@type\":\"ListItem\",\"position\":1,\"name\":\"Home\",\"item\":\"https:\/\/gozz4all.com\/\"},{\"@type\":\"ListItem\",\"position\":2,\"name\":\"Privacy verklaring\"}]},{\"@type\":\"WebSite\",\"@id\":\"https:\/\/gozz4all.com\/fr\/#website\",\"url\":\"https:\/\/gozz4all.com\/fr\/\",\"name\":\"Gozz4All\",\"description\":\"Gozz4All\",\"publisher\":{\"@id\":\"https:\/\/gozz4all.com\/fr\/#organization\"},\"potentialAction\":[{\"@type\":\"SearchAction\",\"target\":{\"@type\":\"EntryPoint\",\"urlTemplate\":\"https:\/\/gozz4all.com\/fr\/?s={search_term_string}\"},\"query-input\":{\"@type\":\"PropertyValueSpecification\",\"valueRequired\":true,\"valueName\":\"search_term_string\"}}],\"inLanguage\":\"fr-FR\"},{\"@type\":\"Organization\",\"@id\":\"https:\/\/gozz4all.com\/fr\/#organization\",\"name\":\"Gozz4all\",\"url\":\"https:\/\/gozz4all.com\/fr\/\",\"logo\":{\"@type\":\"ImageObject\",\"inLanguage\":\"fr-FR\",\"@id\":\"https:\/\/gozz4all.com\/fr\/#\/schema\/logo\/image\/\",\"url\":\"https:\/\/gozz4all.com\/wp-content\/uploads\/2020\/04\/Logo-ask-for-better-one.png\",\"contentUrl\":\"https:\/\/gozz4all.com\/wp-content\/uploads\/2020\/04\/Logo-ask-for-better-one.png\",\"width\":146,\"height\":60,\"caption\":\"Gozz4all\"},\"image\":{\"@id\":\"https:\/\/gozz4all.com\/fr\/#\/schema\/logo\/image\/\"},\"sameAs\":[\"https:\/\/www.facebook.com\/gozz4all\/\",\"https:\/\/www.instagram.com\/gozz4allfashion\/?hl=nl\"]}]}<\/script>\n<!-- \/ Yoast SEO plugin. -->","yoast_head_json":{"title":"Privacy verklaring | Gozz4All","robots":{"index":"index","follow":"follow","max-snippet":"max-snippet:-1","max-image-preview":"max-image-preview:large","max-video-preview":"max-video-preview:-1"},"canonical":"https:\/\/gozz4all.com\/fr\/privacy-verklaring\/","og_locale":"fr_FR","og_type":"article","og_title":"Privacy verklaring | Gozz4All","og_description":"\u00a0 Over ons privacybeleid Gozz bvba geeft veel om uw privacy. Wij verwerken daarom uitsluitend gegevens die wij nodig hebben voor (het verbeteren van) onze dienstverlening en gaan zorgvuldig om met de informatie die wij over u en uw gebruik van onze diensten hebben verzameld. Wij stellen uw gegevens nooit voor commerci\u00eble doelstellingen ter beschikking [&hellip;]","og_url":"https:\/\/gozz4all.com\/fr\/privacy-verklaring\/","og_site_name":"Gozz4All","article_publisher":"https:\/\/www.facebook.com\/gozz4all\/","article_modified_time":"2025-05-27T14:11:06+00:00","twitter_card":"summary_large_image","twitter_misc":{"Dur\u00e9e de lecture estim\u00e9e":"11 minutes"},"schema":{"@context":"https:\/\/schema.org","@graph":[{"@type":"WebPage","@id":"https:\/\/gozz4all.com\/privacy-verklaring\/","url":"https:\/\/gozz4all.com\/privacy-verklaring\/","name":"Privacy verklaring | Gozz4All","isPartOf":{"@id":"https:\/\/gozz4all.com\/fr\/#website"},"datePublished":"2018-05-22T13:28:51+00:00","dateModified":"2025-05-27T14:11:06+00:00","breadcrumb":{"@id":"https:\/\/gozz4all.com\/privacy-verklaring\/#breadcrumb"},"inLanguage":"fr-FR","potentialAction":[{"@type":"ReadAction","target":["https:\/\/gozz4all.com\/privacy-verklaring\/"]}]},{"@type":"BreadcrumbList","@id":"https:\/\/gozz4all.com\/privacy-verklaring\/#breadcrumb","itemListElement":[{"@type":"ListItem","position":1,"name":"Home","item":"https:\/\/gozz4all.com\/"},{"@type":"ListItem","position":2,"name":"Privacy verklaring"}]},{"@type":"WebSite","@id":"https:\/\/gozz4all.com\/fr\/#website","url":"https:\/\/gozz4all.com\/fr\/","name":"Gozz4All","description":"Gozz4All","publisher":{"@id":"https:\/\/gozz4all.com\/fr\/#organization"},"potentialAction":[{"@type":"SearchAction","target":{"@type":"EntryPoint","urlTemplate":"https:\/\/gozz4all.com\/fr\/?s={search_term_string}"},"query-input":{"@type":"PropertyValueSpecification","valueRequired":true,"valueName":"search_term_string"}}],"inLanguage":"fr-FR"},{"@type":"Organization","@id":"https:\/\/gozz4all.com\/fr\/#organization","name":"Gozz4all","url":"https:\/\/gozz4all.com\/fr\/","logo":{"@type":"ImageObject","inLanguage":"fr-FR","@id":"https:\/\/gozz4all.com\/fr\/#\/schema\/logo\/image\/","url":"https:\/\/gozz4all.com\/wp-content\/uploads\/2020\/04\/Logo-ask-for-better-one.png","contentUrl":"https:\/\/gozz4all.com\/wp-content\/uploads\/2020\/04\/Logo-ask-for-better-one.png","width":146,"height":60,"caption":"Gozz4all"},"image":{"@id":"https:\/\/gozz4all.com\/fr\/#\/schema\/logo\/image\/"},"sameAs":["https:\/\/www.facebook.com\/gozz4all\/","https:\/\/www.instagram.com\/gozz4allfashion\/?hl=nl"]}]}},"_links":{"self":[{"href":"https:\/\/gozz4all.com\/fr\/wp-json\/wp\/v2\/pages\/7380","targetHints":{"allow":["GET"]}}],"collection":[{"href":"https:\/\/gozz4all.com\/fr\/wp-json\/wp\/v2\/pages"}],"about":[{"href":"https:\/\/gozz4all.com\/fr\/wp-json\/wp\/v2\/types\/page"}],"author":[{"embeddable":true,"href":"https:\/\/gozz4all.com\/fr\/wp-json\/wp\/v2\/users\/16"}],"replies":[{"embeddable":true,"href":"https:\/\/gozz4all.com\/fr\/wp-json\/wp\/v2\/comments?post=7380"}],"version-history":[{"count":9,"href":"https:\/\/gozz4all.com\/fr\/wp-json\/wp\/v2\/pages\/7380\/revisions"}],"predecessor-version":[{"id":26604,"href":"https:\/\/gozz4all.com\/fr\/wp-json\/wp\/v2\/pages\/7380\/revisions\/26604"}],"wp:attachment":[{"href":"https:\/\/gozz4all.com\/fr\/wp-json\/wp\/v2\/media?parent=7380"}],"curies":[{"name":"wp","href":"https:\/\/api.w.org\/{rel}","templated":true}]}}