{"id":19116,"date":"2022-08-10T14:38:10","date_gmt":"2022-08-10T12:38:10","guid":{"rendered":"https:\/\/gozz4all.com\/?page_id=19116"},"modified":"2022-08-10T14:39:34","modified_gmt":"2022-08-10T12:39:34","slug":"plukpakken-op-maat","status":"publish","type":"page","link":"https:\/\/gozz4all.com\/fr\/plukpakken-op-maat\/","title":{"rendered":"Costumes sur mesure"},"content":{"rendered":"<div data-elementor-type=\"wp-page\" data-elementor-id=\"19116\" class=\"elementor elementor-19116\" data-elementor-post-type=\"page\">\n\t\t\t\t\t\t<section class=\"elementor-section elementor-top-section elementor-element elementor-element-835e772 elementor-section-boxed elementor-section-height-default elementor-section-height-default\" data-id=\"835e772\" data-element_type=\"section\" data-e-type=\"section\" data-settings=\"{&quot;background_background&quot;:&quot;classic&quot;}\">\n\t\t\t\t\t\t<div class=\"elementor-container elementor-column-gap-default\">\n\t\t\t\t\t<div class=\"elementor-column elementor-col-100 elementor-top-column elementor-element elementor-element-3b44b2c\" data-id=\"3b44b2c\" data-element_type=\"column\" data-e-type=\"column\">\n\t\t\t<div class=\"elementor-widget-wrap elementor-element-populated\">\n\t\t\t\t\t\t<div class=\"elementor-element elementor-element-1ddcf54 elementor-widget__width-initial elementor-widget elementor-widget-heading\" data-id=\"1ddcf54\" data-element_type=\"widget\" data-e-type=\"widget\" data-widget_type=\"heading.default\">\n\t\t\t\t<div class=\"elementor-widget-container\">\n\t\t\t\t\t<h1 class=\"elementor-heading-title elementor-size-default\">Costumes sur mesure<\/h1>\t\t\t\t<\/div>\n\t\t\t\t<\/div>\n\t\t\t\t\t<\/div>\n\t\t<\/div>\n\t\t\t\t\t<\/div>\n\t\t<\/section>\n\t\t\t\t<section class=\"elementor-section elementor-top-section elementor-element elementor-element-f547a4f elementor-section-boxed elementor-section-height-default elementor-section-height-default\" data-id=\"f547a4f\" data-element_type=\"section\" data-e-type=\"section\">\n\t\t\t\t\t\t<div class=\"elementor-container elementor-column-gap-default\">\n\t\t\t\t\t<div class=\"elementor-column elementor-col-100 elementor-top-column elementor-element elementor-element-b8a6a1b\" data-id=\"b8a6a1b\" data-element_type=\"column\" data-e-type=\"column\">\n\t\t\t<div class=\"elementor-widget-wrap elementor-element-populated\">\n\t\t\t\t\t\t<section class=\"elementor-section elementor-inner-section elementor-element elementor-element-bdbe171 elementor-section-boxed elementor-section-height-default elementor-section-height-default\" data-id=\"bdbe171\" data-element_type=\"section\" data-e-type=\"section\">\n\t\t\t\t\t\t<div class=\"elementor-container elementor-column-gap-default\">\n\t\t\t\t\t<div class=\"elementor-column elementor-col-100 elementor-inner-column elementor-element elementor-element-dbc4e5b\" data-id=\"dbc4e5b\" data-element_type=\"column\" data-e-type=\"column\">\n\t\t\t<div class=\"elementor-widget-wrap elementor-element-populated\">\n\t\t\t\t\t\t<div class=\"elementor-element elementor-element-f4d8f3a elementor-widget elementor-widget-text-editor\" data-id=\"f4d8f3a\" data-element_type=\"widget\" data-e-type=\"widget\" data-widget_type=\"text-editor.default\">\n\t\t\t\t<div class=\"elementor-widget-container\">\n\t\t\t\t\t\t\t\t\t<p><span style=\"font-weight: 400;\">Vous \u00eates \u00e0 la recherche d'un costume de cueillette de bonne qualit\u00e9 ? Gozz4all se fera un plaisir de vous aider. Nous sommes sp\u00e9cialis\u00e9s dans la confection de v\u00eatements sur mesure pour tous ceux qui en ont besoin. Nous pouvons \u00e9galement personnaliser enti\u00e8rement votre costume de cueilleur.\u00a0<\/span><\/p><h2><span style=\"font-weight: 400;\">Qu'est-ce qu'un costume de crochet ?<\/span><\/h2><p><span style=\"font-weight: 400;\">Une combinaison anti-frottement est une tenue qui emp\u00eache de \"frotter\" les sous-v\u00eatements, les couches ou les produits d'incontinence. Elle est principalement utilis\u00e9e par le personnel infirmier ou les soignants. Gr\u00e2ce \u00e0 la fermeture \u00e9clair situ\u00e9e dans le dos, la combinaison ne peut pas \u00eatre retir\u00e9e. Les combinaisons sont fabriqu\u00e9es de mani\u00e8re \u00e0 ce que la fermeture \u00e9clair ne puisse pas causer d'irritation dans le dos.\u00a0<\/span><\/p><h2><span style=\"font-weight: 400;\">Autres d\u00e9signations<\/span><\/h2><p><span style=\"font-weight: 400;\">Il existe plusieurs noms pour d\u00e9signer un costume de piquet. Dans le langage courant, on l'appelle aussi combinaison en caoutchouc ou hansop. Outre le fait qu'ils emp\u00eachent les gens de se gratter, ils sont \u00e9galement utilis\u00e9s par les personnes qui n'aiment pas dormir le dos nu et donc froid. Vous vous grattez beaucoup pendant la nuit ? Dans ce cas, un hansop peut \u00e9galement \u00eatre utilis\u00e9 pour pr\u00e9venir les blessures.\u00a0<\/span><\/p><h2><span style=\"font-weight: 400;\">V\u00eatements sur mesure<\/span><\/h2><p><span style=\"font-weight: 400;\">Gozz4all est heureux de vous aider \u00e0 personnaliser vos costumes. Contactez-nous sans engagement, nous r\u00e9fl\u00e9chirons avec vous. Outre ces costumes, nous pouvons \u00e9galement vous aider pour d'autres v\u00eatements sur mesure. Pensez aux v\u00eatements pour personnes en fauteuil roulant, aux couvertures d'allaitement ou aux v\u00eatements anti-d\u00e9chirure. Notre \u00e9quipe de sp\u00e9cialistes est \u00e0 votre service, \u00e0 domicile ou dans l'un de nos points de vente.\u00a0<\/span><\/p><h2><span style=\"font-weight: 400;\">Visite \u00e0 domicile<\/span><\/h2><p><span style=\"font-weight: 400;\">Saviez-vous que Gozz4all se rend \u00e9galement \u00e0 votre domicile ? Vous n'avez pas la possibilit\u00e9 de vous rendre dans l'un de nos points de vente ? Aucun probl\u00e8me ! Nos sp\u00e9cialistes se rendent volontiers chez vous pour vous confectionner les plus beaux v\u00eatements. Nous pouvons ainsi servir tout le monde. Vous souhaitez prendre rendez-vous ? Prenez contact avec nous via <\/span><a href=\"tel:+32 49 61 69 908\"><span style=\"font-weight: 400;\">+32 49 61 69 908<\/span><\/a><span style=\"font-weight: 400;\"> ou par courrier \u00e9lectronique \u00e0 l'adresse suivante <\/span><a href=\"mailto:info@gozz.be\"><span style=\"font-weight: 400;\">info@gozz.be<\/span><\/a><span style=\"font-weight: 400;\">. Vous pr\u00e9f\u00e9rez un contact direct via Whatsapp ? Vous pouvez \u00e9galement le faire en appuyant sur l'ic\u00f4ne \u00e0 droite. Notre coll\u00e8gue vous attend.\u00a0<\/span><\/p><p><span style=\"font-weight: 400;\">Vous n'\u00eates pas bien dans votre peau ? Gozz y rem\u00e9die ! <\/span><\/p>\t\t\t\t\t\t\t\t<\/div>\n\t\t\t\t<\/div>\n\t\t\t\t\t<\/div>\n\t\t<\/div>\n\t\t\t\t\t<\/div>\n\t\t<\/section>\n\t\t\t\t\t<\/div>\n\t\t<\/div>\n\t\t\t\t\t<\/div>\n\t\t<\/section>\n\t\t\t\t<\/div>","protected":false},"excerpt":{"rendered":"<p>Bent u op zoek naar goede, kwalitatieve plukpakken? Gozz4all helpt u graag verder. Wij zijn gespecialiseerd in het maken van kleding op maat voor een ieder die dit nodig heeft. Ook uw plukpak kunnen wij volledig op maat samenstellen.\u00a0 Wat is een plukpak Een plukpak is een outfit die voorkomt dat er aan ondergoed, luiers [&hellip;]<\/p>\n","protected":false},"author":16,"featured_media":0,"parent":0,"menu_order":0,"comment_status":"closed","ping_status":"closed","template":"","meta":{"footnotes":""},"class_list":["post-19116","page","type-page","status-publish","hentry"],"yoast_head":"<!-- This site is optimized with the Yoast SEO plugin v27.2 - https:\/\/yoast.com\/product\/yoast-seo-wordpress\/ -->\n<title>Maatwerk plukpak nodig? | Gozz4all<\/title>\n<meta name=\"description\" content=\"Bent u op zoek naar een maatwerk plukpak? Gozz4all helpt u graag verder. Bekijk onze site en bestel uw producten direct via de online shop.\" \/>\n<meta name=\"robots\" content=\"index, follow, max-snippet:-1, max-image-preview:large, max-video-preview:-1\" \/>\n<link rel=\"canonical\" href=\"https:\/\/gozz4all.com\/fr\/plukpakken-op-maat\/\" \/>\n<meta property=\"og:locale\" content=\"fr_FR\" \/>\n<meta property=\"og:type\" content=\"article\" \/>\n<meta property=\"og:title\" content=\"Maatwerk plukpak nodig? | Gozz4all\" \/>\n<meta property=\"og:description\" content=\"Bent u op zoek naar een maatwerk plukpak? Gozz4all helpt u graag verder. Bekijk onze site en bestel uw producten direct via de online shop.\" \/>\n<meta property=\"og:url\" content=\"https:\/\/gozz4all.com\/fr\/plukpakken-op-maat\/\" \/>\n<meta property=\"og:site_name\" content=\"Gozz4All\" \/>\n<meta property=\"article:publisher\" content=\"https:\/\/www.facebook.com\/gozz4all\/\" \/>\n<meta property=\"article:modified_time\" content=\"2022-08-10T12:39:34+00:00\" \/>\n<meta name=\"twitter:card\" content=\"summary_large_image\" \/>\n<meta name=\"twitter:label1\" content=\"Dur\u00e9e de lecture estim\u00e9e\" \/>\n\t<meta name=\"twitter:data1\" content=\"2 minutes\" \/>\n<script type=\"application\/ld+json\" class=\"yoast-schema-graph\">{\"@context\":\"https:\/\/schema.org\",\"@graph\":[{\"@type\":\"WebPage\",\"@id\":\"https:\/\/gozz4all.com\/fr\/plukpakken-op-maat\/\",\"url\":\"https:\/\/gozz4all.com\/fr\/plukpakken-op-maat\/\",\"name\":\"Maatwerk plukpak nodig? | Gozz4all\",\"isPartOf\":{\"@id\":\"https:\/\/gozz4all.com\/fr\/#website\"},\"datePublished\":\"2022-08-10T12:38:10+00:00\",\"dateModified\":\"2022-08-10T12:39:34+00:00\",\"description\":\"Bent u op zoek naar een maatwerk plukpak? Gozz4all helpt u graag verder. Bekijk onze site en bestel uw producten direct via de online shop.\",\"breadcrumb\":{\"@id\":\"https:\/\/gozz4all.com\/fr\/plukpakken-op-maat\/#breadcrumb\"},\"inLanguage\":\"fr-FR\",\"potentialAction\":[{\"@type\":\"ReadAction\",\"target\":[\"https:\/\/gozz4all.com\/fr\/plukpakken-op-maat\/\"]}]},{\"@type\":\"BreadcrumbList\",\"@id\":\"https:\/\/gozz4all.com\/fr\/plukpakken-op-maat\/#breadcrumb\",\"itemListElement\":[{\"@type\":\"ListItem\",\"position\":1,\"name\":\"Home\",\"item\":\"https:\/\/gozz4all.com\/\"},{\"@type\":\"ListItem\",\"position\":2,\"name\":\"Plukpakken op maat\"}]},{\"@type\":\"WebSite\",\"@id\":\"https:\/\/gozz4all.com\/fr\/#website\",\"url\":\"https:\/\/gozz4all.com\/fr\/\",\"name\":\"Gozz4All\",\"description\":\"Gozz4All\",\"publisher\":{\"@id\":\"https:\/\/gozz4all.com\/fr\/#organization\"},\"potentialAction\":[{\"@type\":\"SearchAction\",\"target\":{\"@type\":\"EntryPoint\",\"urlTemplate\":\"https:\/\/gozz4all.com\/fr\/?s={search_term_string}\"},\"query-input\":{\"@type\":\"PropertyValueSpecification\",\"valueRequired\":true,\"valueName\":\"search_term_string\"}}],\"inLanguage\":\"fr-FR\"},{\"@type\":\"Organization\",\"@id\":\"https:\/\/gozz4all.com\/fr\/#organization\",\"name\":\"Gozz4all\",\"url\":\"https:\/\/gozz4all.com\/fr\/\",\"logo\":{\"@type\":\"ImageObject\",\"inLanguage\":\"fr-FR\",\"@id\":\"https:\/\/gozz4all.com\/fr\/#\/schema\/logo\/image\/\",\"url\":\"https:\/\/gozz4all.com\/wp-content\/uploads\/2020\/04\/Logo-ask-for-better-one.png\",\"contentUrl\":\"https:\/\/gozz4all.com\/wp-content\/uploads\/2020\/04\/Logo-ask-for-better-one.png\",\"width\":146,\"height\":60,\"caption\":\"Gozz4all\"},\"image\":{\"@id\":\"https:\/\/gozz4all.com\/fr\/#\/schema\/logo\/image\/\"},\"sameAs\":[\"https:\/\/www.facebook.com\/gozz4all\/\",\"https:\/\/www.instagram.com\/gozz4allfashion\/?hl=nl\"]}]}<\/script>\n<!-- \/ Yoast SEO plugin. -->","yoast_head_json":{"title":"Maatwerk plukpak nodig? | Gozz4all","description":"Bent u op zoek naar een maatwerk plukpak? Gozz4all helpt u graag verder. Bekijk onze site en bestel uw producten direct via de online shop.","robots":{"index":"index","follow":"follow","max-snippet":"max-snippet:-1","max-image-preview":"max-image-preview:large","max-video-preview":"max-video-preview:-1"},"canonical":"https:\/\/gozz4all.com\/fr\/plukpakken-op-maat\/","og_locale":"fr_FR","og_type":"article","og_title":"Maatwerk plukpak nodig? | Gozz4all","og_description":"Bent u op zoek naar een maatwerk plukpak? Gozz4all helpt u graag verder. Bekijk onze site en bestel uw producten direct via de online shop.","og_url":"https:\/\/gozz4all.com\/fr\/plukpakken-op-maat\/","og_site_name":"Gozz4All","article_publisher":"https:\/\/www.facebook.com\/gozz4all\/","article_modified_time":"2022-08-10T12:39:34+00:00","twitter_card":"summary_large_image","twitter_misc":{"Dur\u00e9e de lecture estim\u00e9e":"2 minutes"},"schema":{"@context":"https:\/\/schema.org","@graph":[{"@type":"WebPage","@id":"https:\/\/gozz4all.com\/fr\/plukpakken-op-maat\/","url":"https:\/\/gozz4all.com\/fr\/plukpakken-op-maat\/","name":"Maatwerk plukpak nodig? | Gozz4all","isPartOf":{"@id":"https:\/\/gozz4all.com\/fr\/#website"},"datePublished":"2022-08-10T12:38:10+00:00","dateModified":"2022-08-10T12:39:34+00:00","description":"Bent u op zoek naar een maatwerk plukpak? Gozz4all helpt u graag verder. Bekijk onze site en bestel uw producten direct via de online shop.","breadcrumb":{"@id":"https:\/\/gozz4all.com\/fr\/plukpakken-op-maat\/#breadcrumb"},"inLanguage":"fr-FR","potentialAction":[{"@type":"ReadAction","target":["https:\/\/gozz4all.com\/fr\/plukpakken-op-maat\/"]}]},{"@type":"BreadcrumbList","@id":"https:\/\/gozz4all.com\/fr\/plukpakken-op-maat\/#breadcrumb","itemListElement":[{"@type":"ListItem","position":1,"name":"Home","item":"https:\/\/gozz4all.com\/"},{"@type":"ListItem","position":2,"name":"Plukpakken op maat"}]},{"@type":"WebSite","@id":"https:\/\/gozz4all.com\/fr\/#website","url":"https:\/\/gozz4all.com\/fr\/","name":"Gozz4All","description":"Gozz4All","publisher":{"@id":"https:\/\/gozz4all.com\/fr\/#organization"},"potentialAction":[{"@type":"SearchAction","target":{"@type":"EntryPoint","urlTemplate":"https:\/\/gozz4all.com\/fr\/?s={search_term_string}"},"query-input":{"@type":"PropertyValueSpecification","valueRequired":true,"valueName":"search_term_string"}}],"inLanguage":"fr-FR"},{"@type":"Organization","@id":"https:\/\/gozz4all.com\/fr\/#organization","name":"Gozz4all","url":"https:\/\/gozz4all.com\/fr\/","logo":{"@type":"ImageObject","inLanguage":"fr-FR","@id":"https:\/\/gozz4all.com\/fr\/#\/schema\/logo\/image\/","url":"https:\/\/gozz4all.com\/wp-content\/uploads\/2020\/04\/Logo-ask-for-better-one.png","contentUrl":"https:\/\/gozz4all.com\/wp-content\/uploads\/2020\/04\/Logo-ask-for-better-one.png","width":146,"height":60,"caption":"Gozz4all"},"image":{"@id":"https:\/\/gozz4all.com\/fr\/#\/schema\/logo\/image\/"},"sameAs":["https:\/\/www.facebook.com\/gozz4all\/","https:\/\/www.instagram.com\/gozz4allfashion\/?hl=nl"]}]}},"_links":{"self":[{"href":"https:\/\/gozz4all.com\/fr\/wp-json\/wp\/v2\/pages\/19116","targetHints":{"allow":["GET"]}}],"collection":[{"href":"https:\/\/gozz4all.com\/fr\/wp-json\/wp\/v2\/pages"}],"about":[{"href":"https:\/\/gozz4all.com\/fr\/wp-json\/wp\/v2\/types\/page"}],"author":[{"embeddable":true,"href":"https:\/\/gozz4all.com\/fr\/wp-json\/wp\/v2\/users\/16"}],"replies":[{"embeddable":true,"href":"https:\/\/gozz4all.com\/fr\/wp-json\/wp\/v2\/comments?post=19116"}],"version-history":[{"count":4,"href":"https:\/\/gozz4all.com\/fr\/wp-json\/wp\/v2\/pages\/19116\/revisions"}],"predecessor-version":[{"id":19120,"href":"https:\/\/gozz4all.com\/fr\/wp-json\/wp\/v2\/pages\/19116\/revisions\/19120"}],"wp:attachment":[{"href":"https:\/\/gozz4all.com\/fr\/wp-json\/wp\/v2\/media?parent=19116"}],"curies":[{"name":"wp","href":"https:\/\/api.w.org\/{rel}","templated":true}]}}