{"id":18842,"date":"2022-06-28T10:00:15","date_gmt":"2022-06-28T08:00:15","guid":{"rendered":"https:\/\/gozz4all.com\/?page_id=18842"},"modified":"2022-06-28T10:01:11","modified_gmt":"2022-06-28T08:01:11","slug":"aangepaste-kleding-voor-rolstoelgebruikers","status":"publish","type":"page","link":"https:\/\/gozz4all.com\/fr\/aangepaste-kleding-voor-rolstoelgebruikers\/","title":{"rendered":"V\u00eatements adapt\u00e9s pour les personnes en fauteuil roulant"},"content":{"rendered":"<div data-elementor-type=\"wp-page\" data-elementor-id=\"18842\" class=\"elementor elementor-18842\" data-elementor-post-type=\"page\">\n\t\t\t\t\t\t<section class=\"elementor-section elementor-top-section elementor-element elementor-element-835e772 elementor-section-boxed elementor-section-height-default elementor-section-height-default\" data-id=\"835e772\" data-element_type=\"section\" data-e-type=\"section\" data-settings=\"{&quot;background_background&quot;:&quot;classic&quot;}\">\n\t\t\t\t\t\t<div class=\"elementor-container elementor-column-gap-default\">\n\t\t\t\t\t<div class=\"elementor-column elementor-col-100 elementor-top-column elementor-element elementor-element-3b44b2c\" data-id=\"3b44b2c\" data-element_type=\"column\" data-e-type=\"column\">\n\t\t\t<div class=\"elementor-widget-wrap elementor-element-populated\">\n\t\t\t\t\t\t<div class=\"elementor-element elementor-element-1ddcf54 elementor-widget__width-initial elementor-widget elementor-widget-heading\" data-id=\"1ddcf54\" data-element_type=\"widget\" data-e-type=\"widget\" data-widget_type=\"heading.default\">\n\t\t\t\t<div class=\"elementor-widget-container\">\n\t\t\t\t\t<h1 class=\"elementor-heading-title elementor-size-default\">V\u00eatements adapt\u00e9s pour les personnes en fauteuil roulant<\/h1>\t\t\t\t<\/div>\n\t\t\t\t<\/div>\n\t\t\t\t\t<\/div>\n\t\t<\/div>\n\t\t\t\t\t<\/div>\n\t\t<\/section>\n\t\t\t\t<section class=\"elementor-section elementor-top-section elementor-element elementor-element-f547a4f elementor-section-boxed elementor-section-height-default elementor-section-height-default\" data-id=\"f547a4f\" data-element_type=\"section\" data-e-type=\"section\">\n\t\t\t\t\t\t<div class=\"elementor-container elementor-column-gap-default\">\n\t\t\t\t\t<div class=\"elementor-column elementor-col-100 elementor-top-column elementor-element elementor-element-b8a6a1b\" data-id=\"b8a6a1b\" data-element_type=\"column\" data-e-type=\"column\">\n\t\t\t<div class=\"elementor-widget-wrap elementor-element-populated\">\n\t\t\t\t\t\t<section class=\"elementor-section elementor-inner-section elementor-element elementor-element-bdbe171 elementor-section-boxed elementor-section-height-default elementor-section-height-default\" data-id=\"bdbe171\" data-element_type=\"section\" data-e-type=\"section\">\n\t\t\t\t\t\t<div class=\"elementor-container elementor-column-gap-default\">\n\t\t\t\t\t<div class=\"elementor-column elementor-col-100 elementor-inner-column elementor-element elementor-element-dbc4e5b\" data-id=\"dbc4e5b\" data-element_type=\"column\" data-e-type=\"column\">\n\t\t\t<div class=\"elementor-widget-wrap elementor-element-populated\">\n\t\t\t\t\t\t<div class=\"elementor-element elementor-element-f4d8f3a elementor-widget elementor-widget-text-editor\" data-id=\"f4d8f3a\" data-element_type=\"widget\" data-e-type=\"widget\" data-widget_type=\"text-editor.default\">\n\t\t\t\t<div class=\"elementor-widget-container\">\n\t\t\t\t\t\t\t\t\t<h2><span style=\"font-weight: 400;\">Tissus doux et conception pratique<\/span><\/h2><p><span style=\"font-weight: 400;\">Les personnes en fauteuil roulant ont souvent besoin de v\u00eatements sp\u00e9ciaux pour \u00eatre aussi \u00e0 l'aise que possible. Les v\u00eatements serr\u00e9s et les v\u00eatements non extensibles peuvent restreindre la circulation de l'utilisateur du fauteuil roulant. Les v\u00eatements adapt\u00e9s offrent plus de confort gr\u00e2ce \u00e0 leurs tissus souples et \u00e9lastiques. Les v\u00eatements adapt\u00e9s aux fauteuils roulants sont souvent dot\u00e9s de fermetures \u00e0 glissi\u00e8re ou de bandes velcro pratiques qui permettent de les mettre et de les enlever facilement. En plus d'\u00eatre confortables, nous pensons que les v\u00eatements accessibles en fauteuil roulant doivent \u00e9galement \u00eatre color\u00e9s et \u00e0 la mode. Cela se refl\u00e8te dans notre joyeuse <\/span><a href=\"https:\/\/gozz4all.com\/fr\/\"><span style=\"font-weight: 400;\">collection<\/span><\/a><span style=\"font-weight: 400;\">. <\/span><span style=\"font-weight: 400;\"><br \/><\/span><\/p><h2><span style=\"font-weight: 400;\">Nos v\u00eatements adapt\u00e9s pour les personnes en fauteuil roulant<\/span><\/h2><p><span style=\"font-weight: 400;\">Gozz4all a commenc\u00e9 par fabriquer des v\u00eatements sur mesure pour les enfants handicap\u00e9s. Entre-temps, cependant, nous sommes devenus une boutique qui propose des v\u00eatements \u00e0 toute personne ayant besoin de v\u00eatements adapt\u00e9s sp\u00e9cifiques. Nous proposons par exemple de magnifiques v\u00eatements pour les jeunes et les moins jeunes en fauteuil roulant, sous forme de v\u00eatements de nuit, de bodies, de vestes et de v\u00eatements d'ext\u00e9rieur.<\/span><span style=\"font-weight: 400;\"><br \/><\/span><\/p><h2><span style=\"font-weight: 400;\">Enti\u00e8rement satisfaisant<\/span><\/h2><p><span style=\"font-weight: 400;\">Chez Gozz4all, nous comprenons que, selon la situation, des ajustements de v\u00eatements sont n\u00e9cessaires. Nous estimons qu'il est important que vous vous sentiez aussi \u00e0 l'aise que possible. C'est pourquoi nous proposons des v\u00eatements sur mesure. Cela signifie que nous pouvons adapter les v\u00eatements en fonction de vos souhaits. Avez-vous, par exemple, trouv\u00e9 de beaux v\u00eatements accessibles en fauteuil roulant, mais une retouche est n\u00e9cessaire ? D\u00e9crivez vos souhaits dans le <\/span><a href=\"https:\/\/gozz4all.com\/fr\/maatwerk-product-nodig\/\"><span style=\"font-weight: 400;\">formulaire de contact<\/span><\/a><span style=\"font-weight: 400;\"> et nous vous r\u00e9pondrons dans les plus brefs d\u00e9lais.<\/span><span style=\"font-weight: 400;\"><br \/><\/span><\/p><h2><span style=\"font-weight: 400;\">Admirez notre collection !<\/span><\/h2><p><span style=\"font-weight: 400;\">Vous cherchez des v\u00eatements pour fauteuils roulants \u00e0 la mode et confortables ? Jetez un coup d'\u0153il \u00e0 notre <\/span><a href=\"https:\/\/gozz4all.com\/fr\/\"><span style=\"font-weight: 400;\">boutique en ligne<\/span><\/a><span style=\"font-weight: 400;\"> ou visitez l'un de nos magasins \u00e0 Gand, Oudenaerde, Roeselare, Zottegem, Lichterveld ou Louvain.<\/span><\/p>\t\t\t\t\t\t\t\t<\/div>\n\t\t\t\t<\/div>\n\t\t\t\t\t<\/div>\n\t\t<\/div>\n\t\t\t\t\t<\/div>\n\t\t<\/section>\n\t\t\t\t\t<\/div>\n\t\t<\/div>\n\t\t\t\t\t<\/div>\n\t\t<\/section>\n\t\t\t\t<\/div>","protected":false},"excerpt":{"rendered":"<p>Zachte stoffen en praktisch ontworpen Voor rolstoelgebruikers is vaak aangepaste kleding nodig om het hen zo comfortabel mogelijk te maken. Strak zittende kleding en kleding die niet mee rekt kan de bloedsomloop van de rolstoelgebruiker belemmeren. Aangepaste kleding biedt meer comfort dankzij de zachte en elastische stoffen. Aangepaste rolstoelkleding bevat ook vaak praktische ritssluitingen of [&hellip;]<\/p>\n","protected":false},"author":16,"featured_media":0,"parent":0,"menu_order":0,"comment_status":"closed","ping_status":"closed","template":"","meta":{"footnotes":""},"class_list":["post-18842","page","type-page","status-publish","hentry"],"yoast_head":"<!-- This site is optimized with the Yoast SEO plugin v27.2 - https:\/\/yoast.com\/product\/yoast-seo-wordpress\/ -->\n<title>Aangepaste kleding voor rolstoelgebruikers | Gozz4all<\/title>\n<meta name=\"description\" content=\"Modieuze en comfortabele kleding voor rolstoelgebruikers. We maken de kleding graag voor je op maat! Bekijk onze webshop.\" \/>\n<meta name=\"robots\" content=\"index, follow, max-snippet:-1, max-image-preview:large, max-video-preview:-1\" \/>\n<link rel=\"canonical\" href=\"https:\/\/gozz4all.com\/fr\/aangepaste-kleding-voor-rolstoelgebruikers\/\" \/>\n<meta property=\"og:locale\" content=\"fr_FR\" \/>\n<meta property=\"og:type\" content=\"article\" \/>\n<meta property=\"og:title\" content=\"Aangepaste kleding voor rolstoelgebruikers | Gozz4all\" \/>\n<meta property=\"og:description\" content=\"Modieuze en comfortabele kleding voor rolstoelgebruikers. We maken de kleding graag voor je op maat! Bekijk onze webshop.\" \/>\n<meta property=\"og:url\" content=\"https:\/\/gozz4all.com\/fr\/aangepaste-kleding-voor-rolstoelgebruikers\/\" \/>\n<meta property=\"og:site_name\" content=\"Gozz4All\" \/>\n<meta property=\"article:publisher\" content=\"https:\/\/www.facebook.com\/gozz4all\/\" \/>\n<meta property=\"article:modified_time\" content=\"2022-06-28T08:01:11+00:00\" \/>\n<meta name=\"twitter:card\" content=\"summary_large_image\" \/>\n<meta name=\"twitter:label1\" content=\"Dur\u00e9e de lecture estim\u00e9e\" \/>\n\t<meta name=\"twitter:data1\" content=\"2 minutes\" \/>\n<script type=\"application\/ld+json\" class=\"yoast-schema-graph\">{\"@context\":\"https:\/\/schema.org\",\"@graph\":[{\"@type\":\"WebPage\",\"@id\":\"https:\/\/gozz4all.com\/fr\/aangepaste-kleding-voor-rolstoelgebruikers\/\",\"url\":\"https:\/\/gozz4all.com\/fr\/aangepaste-kleding-voor-rolstoelgebruikers\/\",\"name\":\"Aangepaste kleding voor rolstoelgebruikers | Gozz4all\",\"isPartOf\":{\"@id\":\"https:\/\/gozz4all.com\/fr\/#website\"},\"datePublished\":\"2022-06-28T08:00:15+00:00\",\"dateModified\":\"2022-06-28T08:01:11+00:00\",\"description\":\"Modieuze en comfortabele kleding voor rolstoelgebruikers. We maken de kleding graag voor je op maat! Bekijk onze webshop.\",\"breadcrumb\":{\"@id\":\"https:\/\/gozz4all.com\/fr\/aangepaste-kleding-voor-rolstoelgebruikers\/#breadcrumb\"},\"inLanguage\":\"fr-FR\",\"potentialAction\":[{\"@type\":\"ReadAction\",\"target\":[\"https:\/\/gozz4all.com\/fr\/aangepaste-kleding-voor-rolstoelgebruikers\/\"]}]},{\"@type\":\"BreadcrumbList\",\"@id\":\"https:\/\/gozz4all.com\/fr\/aangepaste-kleding-voor-rolstoelgebruikers\/#breadcrumb\",\"itemListElement\":[{\"@type\":\"ListItem\",\"position\":1,\"name\":\"Home\",\"item\":\"https:\/\/gozz4all.com\/\"},{\"@type\":\"ListItem\",\"position\":2,\"name\":\"Aangepaste kleding voor rolstoelgebruikers\"}]},{\"@type\":\"WebSite\",\"@id\":\"https:\/\/gozz4all.com\/fr\/#website\",\"url\":\"https:\/\/gozz4all.com\/fr\/\",\"name\":\"Gozz4All\",\"description\":\"Gozz4All\",\"publisher\":{\"@id\":\"https:\/\/gozz4all.com\/fr\/#organization\"},\"potentialAction\":[{\"@type\":\"SearchAction\",\"target\":{\"@type\":\"EntryPoint\",\"urlTemplate\":\"https:\/\/gozz4all.com\/fr\/?s={search_term_string}\"},\"query-input\":{\"@type\":\"PropertyValueSpecification\",\"valueRequired\":true,\"valueName\":\"search_term_string\"}}],\"inLanguage\":\"fr-FR\"},{\"@type\":\"Organization\",\"@id\":\"https:\/\/gozz4all.com\/fr\/#organization\",\"name\":\"Gozz4all\",\"url\":\"https:\/\/gozz4all.com\/fr\/\",\"logo\":{\"@type\":\"ImageObject\",\"inLanguage\":\"fr-FR\",\"@id\":\"https:\/\/gozz4all.com\/fr\/#\/schema\/logo\/image\/\",\"url\":\"https:\/\/gozz4all.com\/wp-content\/uploads\/2020\/04\/Logo-ask-for-better-one.png\",\"contentUrl\":\"https:\/\/gozz4all.com\/wp-content\/uploads\/2020\/04\/Logo-ask-for-better-one.png\",\"width\":146,\"height\":60,\"caption\":\"Gozz4all\"},\"image\":{\"@id\":\"https:\/\/gozz4all.com\/fr\/#\/schema\/logo\/image\/\"},\"sameAs\":[\"https:\/\/www.facebook.com\/gozz4all\/\",\"https:\/\/www.instagram.com\/gozz4allfashion\/?hl=nl\"]}]}<\/script>\n<!-- \/ Yoast SEO plugin. -->","yoast_head_json":{"title":"Aangepaste kleding voor rolstoelgebruikers | Gozz4all","description":"Modieuze en comfortabele kleding voor rolstoelgebruikers. We maken de kleding graag voor je op maat! Bekijk onze webshop.","robots":{"index":"index","follow":"follow","max-snippet":"max-snippet:-1","max-image-preview":"max-image-preview:large","max-video-preview":"max-video-preview:-1"},"canonical":"https:\/\/gozz4all.com\/fr\/aangepaste-kleding-voor-rolstoelgebruikers\/","og_locale":"fr_FR","og_type":"article","og_title":"Aangepaste kleding voor rolstoelgebruikers | Gozz4all","og_description":"Modieuze en comfortabele kleding voor rolstoelgebruikers. We maken de kleding graag voor je op maat! Bekijk onze webshop.","og_url":"https:\/\/gozz4all.com\/fr\/aangepaste-kleding-voor-rolstoelgebruikers\/","og_site_name":"Gozz4All","article_publisher":"https:\/\/www.facebook.com\/gozz4all\/","article_modified_time":"2022-06-28T08:01:11+00:00","twitter_card":"summary_large_image","twitter_misc":{"Dur\u00e9e de lecture estim\u00e9e":"2 minutes"},"schema":{"@context":"https:\/\/schema.org","@graph":[{"@type":"WebPage","@id":"https:\/\/gozz4all.com\/fr\/aangepaste-kleding-voor-rolstoelgebruikers\/","url":"https:\/\/gozz4all.com\/fr\/aangepaste-kleding-voor-rolstoelgebruikers\/","name":"Aangepaste kleding voor rolstoelgebruikers | Gozz4all","isPartOf":{"@id":"https:\/\/gozz4all.com\/fr\/#website"},"datePublished":"2022-06-28T08:00:15+00:00","dateModified":"2022-06-28T08:01:11+00:00","description":"Modieuze en comfortabele kleding voor rolstoelgebruikers. We maken de kleding graag voor je op maat! Bekijk onze webshop.","breadcrumb":{"@id":"https:\/\/gozz4all.com\/fr\/aangepaste-kleding-voor-rolstoelgebruikers\/#breadcrumb"},"inLanguage":"fr-FR","potentialAction":[{"@type":"ReadAction","target":["https:\/\/gozz4all.com\/fr\/aangepaste-kleding-voor-rolstoelgebruikers\/"]}]},{"@type":"BreadcrumbList","@id":"https:\/\/gozz4all.com\/fr\/aangepaste-kleding-voor-rolstoelgebruikers\/#breadcrumb","itemListElement":[{"@type":"ListItem","position":1,"name":"Home","item":"https:\/\/gozz4all.com\/"},{"@type":"ListItem","position":2,"name":"Aangepaste kleding voor rolstoelgebruikers"}]},{"@type":"WebSite","@id":"https:\/\/gozz4all.com\/fr\/#website","url":"https:\/\/gozz4all.com\/fr\/","name":"Gozz4All","description":"Gozz4All","publisher":{"@id":"https:\/\/gozz4all.com\/fr\/#organization"},"potentialAction":[{"@type":"SearchAction","target":{"@type":"EntryPoint","urlTemplate":"https:\/\/gozz4all.com\/fr\/?s={search_term_string}"},"query-input":{"@type":"PropertyValueSpecification","valueRequired":true,"valueName":"search_term_string"}}],"inLanguage":"fr-FR"},{"@type":"Organization","@id":"https:\/\/gozz4all.com\/fr\/#organization","name":"Gozz4all","url":"https:\/\/gozz4all.com\/fr\/","logo":{"@type":"ImageObject","inLanguage":"fr-FR","@id":"https:\/\/gozz4all.com\/fr\/#\/schema\/logo\/image\/","url":"https:\/\/gozz4all.com\/wp-content\/uploads\/2020\/04\/Logo-ask-for-better-one.png","contentUrl":"https:\/\/gozz4all.com\/wp-content\/uploads\/2020\/04\/Logo-ask-for-better-one.png","width":146,"height":60,"caption":"Gozz4all"},"image":{"@id":"https:\/\/gozz4all.com\/fr\/#\/schema\/logo\/image\/"},"sameAs":["https:\/\/www.facebook.com\/gozz4all\/","https:\/\/www.instagram.com\/gozz4allfashion\/?hl=nl"]}]}},"_links":{"self":[{"href":"https:\/\/gozz4all.com\/fr\/wp-json\/wp\/v2\/pages\/18842","targetHints":{"allow":["GET"]}}],"collection":[{"href":"https:\/\/gozz4all.com\/fr\/wp-json\/wp\/v2\/pages"}],"about":[{"href":"https:\/\/gozz4all.com\/fr\/wp-json\/wp\/v2\/types\/page"}],"author":[{"embeddable":true,"href":"https:\/\/gozz4all.com\/fr\/wp-json\/wp\/v2\/users\/16"}],"replies":[{"embeddable":true,"href":"https:\/\/gozz4all.com\/fr\/wp-json\/wp\/v2\/comments?post=18842"}],"version-history":[{"count":4,"href":"https:\/\/gozz4all.com\/fr\/wp-json\/wp\/v2\/pages\/18842\/revisions"}],"predecessor-version":[{"id":18846,"href":"https:\/\/gozz4all.com\/fr\/wp-json\/wp\/v2\/pages\/18842\/revisions\/18846"}],"wp:attachment":[{"href":"https:\/\/gozz4all.com\/fr\/wp-json\/wp\/v2\/media?parent=18842"}],"curies":[{"name":"wp","href":"https:\/\/api.w.org\/{rel}","templated":true}]}}