{"id":18830,"date":"2022-06-28T09:51:44","date_gmt":"2022-06-28T07:51:44","guid":{"rendered":"https:\/\/gozz4all.com\/?page_id=18830"},"modified":"2022-06-28T09:55:18","modified_gmt":"2022-06-28T07:55:18","slug":"rolstoeljassen","status":"publish","type":"page","link":"https:\/\/gozz4all.com\/fr\/rolstoeljassen\/","title":{"rendered":"Vestes pour fauteuils roulants"},"content":{"rendered":"<div data-elementor-type=\"wp-page\" data-elementor-id=\"18830\" class=\"elementor elementor-18830\" data-elementor-post-type=\"page\">\n\t\t\t\t\t\t<section class=\"elementor-section elementor-top-section elementor-element elementor-element-835e772 elementor-section-boxed elementor-section-height-default elementor-section-height-default\" data-id=\"835e772\" data-element_type=\"section\" data-e-type=\"section\" data-settings=\"{&quot;background_background&quot;:&quot;classic&quot;}\">\n\t\t\t\t\t\t<div class=\"elementor-container elementor-column-gap-default\">\n\t\t\t\t\t<div class=\"elementor-column elementor-col-100 elementor-top-column elementor-element elementor-element-3b44b2c\" data-id=\"3b44b2c\" data-element_type=\"column\" data-e-type=\"column\">\n\t\t\t<div class=\"elementor-widget-wrap elementor-element-populated\">\n\t\t\t\t\t\t<div class=\"elementor-element elementor-element-1ddcf54 elementor-widget__width-initial elementor-widget elementor-widget-heading\" data-id=\"1ddcf54\" data-element_type=\"widget\" data-e-type=\"widget\" data-widget_type=\"heading.default\">\n\t\t\t\t<div class=\"elementor-widget-container\">\n\t\t\t\t\t<h1 class=\"elementor-heading-title elementor-size-default\">Vestes pour fauteuils roulants<\/h1>\t\t\t\t<\/div>\n\t\t\t\t<\/div>\n\t\t\t\t\t<\/div>\n\t\t<\/div>\n\t\t\t\t\t<\/div>\n\t\t<\/section>\n\t\t\t\t<section class=\"elementor-section elementor-top-section elementor-element elementor-element-f547a4f elementor-section-boxed elementor-section-height-default elementor-section-height-default\" data-id=\"f547a4f\" data-element_type=\"section\" data-e-type=\"section\">\n\t\t\t\t\t\t<div class=\"elementor-container elementor-column-gap-default\">\n\t\t\t\t\t<div class=\"elementor-column elementor-col-100 elementor-top-column elementor-element elementor-element-b8a6a1b\" data-id=\"b8a6a1b\" data-element_type=\"column\" data-e-type=\"column\">\n\t\t\t<div class=\"elementor-widget-wrap elementor-element-populated\">\n\t\t\t\t\t\t<section class=\"elementor-section elementor-inner-section elementor-element elementor-element-bdbe171 elementor-section-boxed elementor-section-height-default elementor-section-height-default\" data-id=\"bdbe171\" data-element_type=\"section\" data-e-type=\"section\">\n\t\t\t\t\t\t<div class=\"elementor-container elementor-column-gap-default\">\n\t\t\t\t\t<div class=\"elementor-column elementor-col-100 elementor-inner-column elementor-element elementor-element-dbc4e5b\" data-id=\"dbc4e5b\" data-element_type=\"column\" data-e-type=\"column\">\n\t\t\t<div class=\"elementor-widget-wrap elementor-element-populated\">\n\t\t\t\t\t\t<div class=\"elementor-element elementor-element-f4d8f3a elementor-widget elementor-widget-text-editor\" data-id=\"f4d8f3a\" data-element_type=\"widget\" data-e-type=\"widget\" data-widget_type=\"text-editor.default\">\n\t\t\t\t<div class=\"elementor-widget-container\">\n\t\t\t\t\t\t\t\t\t<h2><span style=\"font-weight: 400;\">Vestes de fauteuil roulant modernes et confortables<\/span><\/h2><p><span style=\"font-weight: 400;\">Nous voulons que vous vous sentiez \u00e0 l'aise et \u00e0 la mode. Cela se refl\u00e8te dans notre <\/span><a href=\"https:\/\/gozz4all.com\/fr\/categorie-produit\/jassen\/\"><span style=\"font-weight: 400;\">collection de vestes en fauteuil roulant<\/span><\/a><span style=\"font-weight: 400;\"> sur notre boutique en ligne. Nous aimons examiner les tendances actuelles et y r\u00e9pondre. Nous disposons d'une large gamme de vestes modernes pour fauteuils roulants : de la veste bombardier cool au manteau teddy tendance. Nos vestes pour fauteuils roulants sont faciles \u00e0 enfiler et \u00e0 enlever gr\u00e2ce aux fermetures pratiques et sont disponibles en diff\u00e9rentes longueurs. Nous avons de magnifiques vestes pour femmes et hommes dans notre collection actuelle.<\/span><span style=\"font-weight: 400;\"><br \/><\/span><\/p><h2><span style=\"font-weight: 400;\">Sur mesure pour vous<\/span><\/h2><p><span style=\"font-weight: 400;\">Vous avez trouv\u00e9 une belle veste en fauteuil roulant dans notre boutique en ligne, mais des ajustements sont n\u00e9cessaires pour la rendre compl\u00e8tement \u00e0 votre go\u00fbt ? Pas de probl\u00e8me ! Nous fabriquons des v\u00eatements sur mesure pour vous. Vous pouvez facilement soumettre votre demande d'attache pour fauteuil roulant sur mesure via notre site Web. <\/span><a href=\"https:\/\/gozz4all.com\/fr\/maatwerk-product-nodig\/\"><span style=\"font-weight: 400;\">Formulaire<\/span><\/a><span style=\"font-weight: 400;\"> ou en nous appelant au <a href=\"tel:+32 475 86 94\">+32 475 86 94<\/a>.<\/span><span style=\"font-weight: 400;\"><br \/><\/span><\/p><h2><span style=\"font-weight: 400;\">Notre Histoire<\/span><\/h2><p><span style=\"font-weight: 400;\">Elke est l'inspiratrice de la cr\u00e9ation de Gozz4all. Elke est n\u00e9e pr\u00e9matur\u00e9ment mais a grandi pour devenir un gros b\u00e9b\u00e9. Il est rapidement apparu que son d\u00e9veloppement n'\u00e9tait pas conforme \u00e0 ce qui \u00e9tait pr\u00e9vu et on lui a diagnostiqu\u00e9 le syndrome de d\u00e9l\u00e9tion 22q13 de Phelan-McDermid. Cela signifie qu'il lui manque un morceau de chromosome, ce qui entra\u00eene un retard dans son d\u00e9veloppement. Trouver des v\u00eatements branch\u00e9s et fonctionnels pour Elke s'est av\u00e9r\u00e9 \u00eatre une t\u00e2che difficile. Gozz4all a \u00e9t\u00e9 fond\u00e9 dans l'id\u00e9e de faciliter la recherche de v\u00eatements \u00e0 la mode pour les personnes handicap\u00e9es. Jusqu'\u00e0 aujourd'hui, Elke est la source d'inspiration de notre collection.<\/span><span style=\"font-weight: 400;\"><br \/><\/span><\/p><h2>D\u00e9couvrez notre collection !<\/h2><p><span style=\"font-weight: 400;\">Vous \u00eates curieux de d\u00e9couvrir notre magnifique collection de vestes en fauteuil roulant inspir\u00e9e par Elke ? Alors, jetez un coup d'\u0153il \u00e0 notre <\/span><a href=\"https:\/\/gozz4all.com\/fr\/categorie-produit\/jassen\/\"><span style=\"font-weight: 400;\">boutique en ligne<\/span><\/a><span style=\"font-weight: 400;\"> ou venez dans l'un de nos 6 magasins et trouvez votre veste de fauteuil roulant parfaite.<\/span><\/p>\t\t\t\t\t\t\t\t<\/div>\n\t\t\t\t<\/div>\n\t\t\t\t\t<\/div>\n\t\t<\/div>\n\t\t\t\t\t<\/div>\n\t\t<\/section>\n\t\t\t\t\t<\/div>\n\t\t<\/div>\n\t\t\t\t\t<\/div>\n\t\t<\/section>\n\t\t\t\t<\/div>","protected":false},"excerpt":{"rendered":"<p>Moderne en comfortabele rolstoeljassen Wij willen graag dat jij je comfortabel en modieus voelt. Dit zie je terug in onze collectie rolstoeljassen op onze webshop. We kijken graag naar de huidige trends en spelen hierop in. Zo hebben we een divers aanbod aan moderne rolstoeljassen: van een stoer bomberjack tot aan een trendy teddy jas. [&hellip;]<\/p>\n","protected":false},"author":16,"featured_media":0,"parent":0,"menu_order":0,"comment_status":"closed","ping_status":"closed","template":"","meta":{"footnotes":""},"class_list":["post-18830","page","type-page","status-publish","hentry"],"yoast_head":"<!-- This site is optimized with the Yoast SEO plugin v27.2 - https:\/\/yoast.com\/product\/yoast-seo-wordpress\/ -->\n<title>Rolstoeljassen | Gozz4all | Maatwerk mogelijk<\/title>\n<meta name=\"description\" content=\"Gozz4all heeft een ruim aanbod aan moderne rolstoeljassen. Wij maken hem graag voor jou op maat. Bekijk onze collectie direct.\" \/>\n<meta name=\"robots\" content=\"index, follow, max-snippet:-1, max-image-preview:large, max-video-preview:-1\" \/>\n<link rel=\"canonical\" href=\"https:\/\/gozz4all.com\/fr\/rolstoeljassen\/\" \/>\n<meta property=\"og:locale\" content=\"fr_FR\" \/>\n<meta property=\"og:type\" content=\"article\" \/>\n<meta property=\"og:title\" content=\"Rolstoeljassen | Gozz4all | Maatwerk mogelijk\" \/>\n<meta property=\"og:description\" content=\"Gozz4all heeft een ruim aanbod aan moderne rolstoeljassen. Wij maken hem graag voor jou op maat. Bekijk onze collectie direct.\" \/>\n<meta property=\"og:url\" content=\"https:\/\/gozz4all.com\/fr\/rolstoeljassen\/\" \/>\n<meta property=\"og:site_name\" content=\"Gozz4All\" \/>\n<meta property=\"article:publisher\" content=\"https:\/\/www.facebook.com\/gozz4all\/\" \/>\n<meta property=\"article:modified_time\" content=\"2022-06-28T07:55:18+00:00\" \/>\n<meta name=\"twitter:card\" content=\"summary_large_image\" \/>\n<meta name=\"twitter:label1\" content=\"Dur\u00e9e de lecture estim\u00e9e\" \/>\n\t<meta name=\"twitter:data1\" content=\"2 minutes\" \/>\n<script type=\"application\/ld+json\" class=\"yoast-schema-graph\">{\"@context\":\"https:\/\/schema.org\",\"@graph\":[{\"@type\":\"WebPage\",\"@id\":\"https:\/\/gozz4all.com\/rolstoeljassen\/\",\"url\":\"https:\/\/gozz4all.com\/rolstoeljassen\/\",\"name\":\"Rolstoeljassen | Gozz4all | Maatwerk mogelijk\",\"isPartOf\":{\"@id\":\"https:\/\/gozz4all.com\/fr\/#website\"},\"datePublished\":\"2022-06-28T07:51:44+00:00\",\"dateModified\":\"2022-06-28T07:55:18+00:00\",\"description\":\"Gozz4all heeft een ruim aanbod aan moderne rolstoeljassen. Wij maken hem graag voor jou op maat. Bekijk onze collectie direct.\",\"breadcrumb\":{\"@id\":\"https:\/\/gozz4all.com\/rolstoeljassen\/#breadcrumb\"},\"inLanguage\":\"fr-FR\",\"potentialAction\":[{\"@type\":\"ReadAction\",\"target\":[\"https:\/\/gozz4all.com\/rolstoeljassen\/\"]}]},{\"@type\":\"BreadcrumbList\",\"@id\":\"https:\/\/gozz4all.com\/rolstoeljassen\/#breadcrumb\",\"itemListElement\":[{\"@type\":\"ListItem\",\"position\":1,\"name\":\"Home\",\"item\":\"https:\/\/gozz4all.com\/\"},{\"@type\":\"ListItem\",\"position\":2,\"name\":\"Rolstoeljassen\"}]},{\"@type\":\"WebSite\",\"@id\":\"https:\/\/gozz4all.com\/fr\/#website\",\"url\":\"https:\/\/gozz4all.com\/fr\/\",\"name\":\"Gozz4All\",\"description\":\"Gozz4All\",\"publisher\":{\"@id\":\"https:\/\/gozz4all.com\/fr\/#organization\"},\"potentialAction\":[{\"@type\":\"SearchAction\",\"target\":{\"@type\":\"EntryPoint\",\"urlTemplate\":\"https:\/\/gozz4all.com\/fr\/?s={search_term_string}\"},\"query-input\":{\"@type\":\"PropertyValueSpecification\",\"valueRequired\":true,\"valueName\":\"search_term_string\"}}],\"inLanguage\":\"fr-FR\"},{\"@type\":\"Organization\",\"@id\":\"https:\/\/gozz4all.com\/fr\/#organization\",\"name\":\"Gozz4all\",\"url\":\"https:\/\/gozz4all.com\/fr\/\",\"logo\":{\"@type\":\"ImageObject\",\"inLanguage\":\"fr-FR\",\"@id\":\"https:\/\/gozz4all.com\/fr\/#\/schema\/logo\/image\/\",\"url\":\"https:\/\/gozz4all.com\/wp-content\/uploads\/2020\/04\/Logo-ask-for-better-one.png\",\"contentUrl\":\"https:\/\/gozz4all.com\/wp-content\/uploads\/2020\/04\/Logo-ask-for-better-one.png\",\"width\":146,\"height\":60,\"caption\":\"Gozz4all\"},\"image\":{\"@id\":\"https:\/\/gozz4all.com\/fr\/#\/schema\/logo\/image\/\"},\"sameAs\":[\"https:\/\/www.facebook.com\/gozz4all\/\",\"https:\/\/www.instagram.com\/gozz4allfashion\/?hl=nl\"]}]}<\/script>\n<!-- \/ Yoast SEO plugin. -->","yoast_head_json":{"title":"Rolstoeljassen | Gozz4all | Maatwerk mogelijk","description":"Gozz4all heeft een ruim aanbod aan moderne rolstoeljassen. Wij maken hem graag voor jou op maat. Bekijk onze collectie direct.","robots":{"index":"index","follow":"follow","max-snippet":"max-snippet:-1","max-image-preview":"max-image-preview:large","max-video-preview":"max-video-preview:-1"},"canonical":"https:\/\/gozz4all.com\/fr\/rolstoeljassen\/","og_locale":"fr_FR","og_type":"article","og_title":"Rolstoeljassen | Gozz4all | Maatwerk mogelijk","og_description":"Gozz4all heeft een ruim aanbod aan moderne rolstoeljassen. Wij maken hem graag voor jou op maat. Bekijk onze collectie direct.","og_url":"https:\/\/gozz4all.com\/fr\/rolstoeljassen\/","og_site_name":"Gozz4All","article_publisher":"https:\/\/www.facebook.com\/gozz4all\/","article_modified_time":"2022-06-28T07:55:18+00:00","twitter_card":"summary_large_image","twitter_misc":{"Dur\u00e9e de lecture estim\u00e9e":"2 minutes"},"schema":{"@context":"https:\/\/schema.org","@graph":[{"@type":"WebPage","@id":"https:\/\/gozz4all.com\/rolstoeljassen\/","url":"https:\/\/gozz4all.com\/rolstoeljassen\/","name":"Rolstoeljassen | Gozz4all | Maatwerk mogelijk","isPartOf":{"@id":"https:\/\/gozz4all.com\/fr\/#website"},"datePublished":"2022-06-28T07:51:44+00:00","dateModified":"2022-06-28T07:55:18+00:00","description":"Gozz4all heeft een ruim aanbod aan moderne rolstoeljassen. Wij maken hem graag voor jou op maat. Bekijk onze collectie direct.","breadcrumb":{"@id":"https:\/\/gozz4all.com\/rolstoeljassen\/#breadcrumb"},"inLanguage":"fr-FR","potentialAction":[{"@type":"ReadAction","target":["https:\/\/gozz4all.com\/rolstoeljassen\/"]}]},{"@type":"BreadcrumbList","@id":"https:\/\/gozz4all.com\/rolstoeljassen\/#breadcrumb","itemListElement":[{"@type":"ListItem","position":1,"name":"Home","item":"https:\/\/gozz4all.com\/"},{"@type":"ListItem","position":2,"name":"Rolstoeljassen"}]},{"@type":"WebSite","@id":"https:\/\/gozz4all.com\/fr\/#website","url":"https:\/\/gozz4all.com\/fr\/","name":"Gozz4All","description":"Gozz4All","publisher":{"@id":"https:\/\/gozz4all.com\/fr\/#organization"},"potentialAction":[{"@type":"SearchAction","target":{"@type":"EntryPoint","urlTemplate":"https:\/\/gozz4all.com\/fr\/?s={search_term_string}"},"query-input":{"@type":"PropertyValueSpecification","valueRequired":true,"valueName":"search_term_string"}}],"inLanguage":"fr-FR"},{"@type":"Organization","@id":"https:\/\/gozz4all.com\/fr\/#organization","name":"Gozz4all","url":"https:\/\/gozz4all.com\/fr\/","logo":{"@type":"ImageObject","inLanguage":"fr-FR","@id":"https:\/\/gozz4all.com\/fr\/#\/schema\/logo\/image\/","url":"https:\/\/gozz4all.com\/wp-content\/uploads\/2020\/04\/Logo-ask-for-better-one.png","contentUrl":"https:\/\/gozz4all.com\/wp-content\/uploads\/2020\/04\/Logo-ask-for-better-one.png","width":146,"height":60,"caption":"Gozz4all"},"image":{"@id":"https:\/\/gozz4all.com\/fr\/#\/schema\/logo\/image\/"},"sameAs":["https:\/\/www.facebook.com\/gozz4all\/","https:\/\/www.instagram.com\/gozz4allfashion\/?hl=nl"]}]}},"_links":{"self":[{"href":"https:\/\/gozz4all.com\/fr\/wp-json\/wp\/v2\/pages\/18830","targetHints":{"allow":["GET"]}}],"collection":[{"href":"https:\/\/gozz4all.com\/fr\/wp-json\/wp\/v2\/pages"}],"about":[{"href":"https:\/\/gozz4all.com\/fr\/wp-json\/wp\/v2\/types\/page"}],"author":[{"embeddable":true,"href":"https:\/\/gozz4all.com\/fr\/wp-json\/wp\/v2\/users\/16"}],"replies":[{"embeddable":true,"href":"https:\/\/gozz4all.com\/fr\/wp-json\/wp\/v2\/comments?post=18830"}],"version-history":[{"count":5,"href":"https:\/\/gozz4all.com\/fr\/wp-json\/wp\/v2\/pages\/18830\/revisions"}],"predecessor-version":[{"id":18835,"href":"https:\/\/gozz4all.com\/fr\/wp-json\/wp\/v2\/pages\/18830\/revisions\/18835"}],"wp:attachment":[{"href":"https:\/\/gozz4all.com\/fr\/wp-json\/wp\/v2\/media?parent=18830"}],"curies":[{"name":"wp","href":"https:\/\/api.w.org\/{rel}","templated":true}]}}