{"id":18659,"date":"2022-06-15T09:39:13","date_gmt":"2022-06-15T07:39:13","guid":{"rendered":"https:\/\/gozz4all.com\/?page_id=18659"},"modified":"2022-06-15T09:40:47","modified_gmt":"2022-06-15T07:40:47","slug":"incontinentie-zwembroek-dames","status":"publish","type":"page","link":"https:\/\/gozz4all.com\/fr\/incontinentie-zwembroek-dames\/","title":{"rendered":"Maillot de bain pour l'incontinence des femmes"},"content":{"rendered":"<div data-elementor-type=\"wp-page\" data-elementor-id=\"18659\" class=\"elementor elementor-18659\" data-elementor-post-type=\"page\">\n\t\t\t\t\t\t<section class=\"elementor-section elementor-top-section elementor-element elementor-element-835e772 elementor-section-boxed elementor-section-height-default elementor-section-height-default\" data-id=\"835e772\" data-element_type=\"section\" data-e-type=\"section\" data-settings=\"{&quot;background_background&quot;:&quot;classic&quot;}\">\n\t\t\t\t\t\t<div class=\"elementor-container elementor-column-gap-default\">\n\t\t\t\t\t<div class=\"elementor-column elementor-col-100 elementor-top-column elementor-element elementor-element-3b44b2c\" data-id=\"3b44b2c\" data-element_type=\"column\" data-e-type=\"column\">\n\t\t\t<div class=\"elementor-widget-wrap elementor-element-populated\">\n\t\t\t\t\t\t<div class=\"elementor-element elementor-element-1ddcf54 elementor-widget__width-initial elementor-widget elementor-widget-heading\" data-id=\"1ddcf54\" data-element_type=\"widget\" data-e-type=\"widget\" data-widget_type=\"heading.default\">\n\t\t\t\t<div class=\"elementor-widget-container\">\n\t\t\t\t\t<h1 class=\"elementor-heading-title elementor-size-default\">Maillot de bain pour l'incontinence des femmes<\/h1>\t\t\t\t<\/div>\n\t\t\t\t<\/div>\n\t\t\t\t\t<\/div>\n\t\t<\/div>\n\t\t\t\t\t<\/div>\n\t\t<\/section>\n\t\t\t\t<section class=\"elementor-section elementor-top-section elementor-element elementor-element-f547a4f elementor-section-boxed elementor-section-height-default elementor-section-height-default\" data-id=\"f547a4f\" data-element_type=\"section\" data-e-type=\"section\">\n\t\t\t\t\t\t<div class=\"elementor-container elementor-column-gap-default\">\n\t\t\t\t\t<div class=\"elementor-column elementor-col-100 elementor-top-column elementor-element elementor-element-b8a6a1b\" data-id=\"b8a6a1b\" data-element_type=\"column\" data-e-type=\"column\">\n\t\t\t<div class=\"elementor-widget-wrap elementor-element-populated\">\n\t\t\t\t\t\t<section class=\"elementor-section elementor-inner-section elementor-element elementor-element-bdbe171 elementor-section-boxed elementor-section-height-default elementor-section-height-default\" data-id=\"bdbe171\" data-element_type=\"section\" data-e-type=\"section\">\n\t\t\t\t\t\t<div class=\"elementor-container elementor-column-gap-default\">\n\t\t\t\t\t<div class=\"elementor-column elementor-col-100 elementor-inner-column elementor-element elementor-element-dbc4e5b\" data-id=\"dbc4e5b\" data-element_type=\"column\" data-e-type=\"column\">\n\t\t\t<div class=\"elementor-widget-wrap elementor-element-populated\">\n\t\t\t\t\t\t<div class=\"elementor-element elementor-element-f4d8f3a elementor-widget elementor-widget-text-editor\" data-id=\"f4d8f3a\" data-element_type=\"widget\" data-e-type=\"widget\" data-widget_type=\"text-editor.default\">\n\t\t\t\t<div class=\"elementor-widget-container\">\n\t\t\t\t\t\t\t\t\t<p>Pour les femmes qui souffrent d'incontinence, mais qui souhaitent se baigner sans s'inqui\u00e9ter, nous proposons des shorts de bain pour incontinence. Le short de bain est imperm\u00e9able et poss\u00e8de une poche int\u00e9rieure suppl\u00e9mentaire, ce qui \u00e9vite tout probl\u00e8me. En plus des shorts de bain pour incontinence pour femmes, nous avons \u00e9galement <a href=\"https:\/\/gozz4all.com\/fr\/categorie-produit\/zwemkledij\/\">divers autres articles de natation<\/a> disponible.<\/p><h2>Maillots de bain \u00e0 la mode pour les femmes<\/h2><p>Le maillot de bain est tr\u00e8s branch\u00e9 et \u00e0 la mode. Ils sont disponibles en plusieurs couleurs. De plus, on ne remarque pas qu'il s'agit d'un maillot de bain pour incontinence et vous pouvez vous amuser sans souci dans l'eau. \u00a0\u00a0<\/p><h2>Tailles<\/h2><p>Le maillot de bain pour incontinence pour femmes est disponible dans les tailles suivantes :<\/p><p>&#8211; 92-98<br \/>&#8211; 104-110<br \/>&#8211; 116-122<br \/>&#8211; 128-134<br \/>&#8211; 140 -146<br \/>&#8211; 152-158<br \/>&#8211; 164-170<br \/>&#8211; 176-182<br \/>&#8211; 188<br \/>- S<br \/>- M<br \/>- L<br \/>- XL<\/p><p>Que vous recherchiez une petite taille ou une taille adulte. Chez Gozz4all, vous \u00eates au bon endroit lorsqu'il s'agit de v\u00eatements modernes et appropri\u00e9s.<\/p><h2>Fait sur mesure<\/h2><p>Si vous souhaitez voir les produits sur <a href=\"https:\/\/gozz4all.com\/fr\/maatwerk-product-nodig\/\">taille<\/a> Nous serons \u00e9galement heureux de vous aider. Comme beaucoup de nos produits, les maillots de bain pour femmes incontinentes peuvent \u00e9galement \u00eatre con\u00e7us sur commande. Le maillot de bain est ensuite enti\u00e8rement ajust\u00e9 \u00e0 la taille souhait\u00e9e.<\/p><h2>Produits auxiliaires<\/h2><p>Les shorts de bain pour femmes souffrant d'incontinence sont con\u00e7us de telle sorte qu'il est possible de porter une couche sous le short de bain. En outre, la couche n'est pas visible pour les autres. Vous \u00eates curieux de d\u00e9couvrir notre gamme de produits ? En plus des maillots de bain, nous avons aussi <a href=\"https:\/\/gozz4all.com\/fr\/produit\/badpak-met-rokje-roodgrijs\/\">maillots de bain avec culottes d'incontinence<\/a>, <a href=\"https:\/\/gozz4all.com\/fr\/produit\/topje-dorien\/\">un maillot de bain<\/a> et <a href=\"https:\/\/gozz4all.com\/fr\/produit\/zwem-setje\/\">Ensemble de natation<\/a>dans notre gamme. Vous pouvez donc choisir le produit qui correspond le mieux \u00e0 vos besoins.<\/p><h2>Des questions sur les maillots de bain pour femmes souffrant d'incontinence ?<\/h2><p>Vous avez des questions sur le short de bain ou sur l'un de nos autres articles (de natation) ? N'h\u00e9sitez pas \u00e0 nous contacter via l'une de nos options de contact ! Nous sommes tous les deux <a href=\"tel:+32%20475%2073%2086%2094\">t\u00e9l\u00e9phone<\/a> comme \u00e0 travers nous <a href=\"mailto:info@gozz.be\">adresse e-mail<\/a> accessible !<\/p><p>\u00a0<\/p>\t\t\t\t\t\t\t\t<\/div>\n\t\t\t\t<\/div>\n\t\t\t\t\t<\/div>\n\t\t<\/div>\n\t\t\t\t\t<\/div>\n\t\t<\/section>\n\t\t\t\t\t<\/div>\n\t\t<\/div>\n\t\t\t\t\t<\/div>\n\t\t<\/section>\n\t\t\t\t<\/div>","protected":false},"excerpt":{"rendered":"<p>Voor dames die last hebben van incontinentie, maar wel graag zonder zorgen willen zwemmen, hebben wij incontinentie zwembroeken. De zwemshorts zijn waterdicht en hebben een extra binnenzak zodat er geen moeilijkheden ontstaan. Naast incontinentie zwembroeken voor dames hebben we ook diverse andere zwemartikelen beschikbaar. Modieuze zwemkleding voor dames De zwembroeken zijn erg hip en helemaal [&hellip;]<\/p>\n","protected":false},"author":16,"featured_media":0,"parent":0,"menu_order":0,"comment_status":"closed","ping_status":"closed","template":"","meta":{"footnotes":""},"class_list":["post-18659","page","type-page","status-publish","hentry"],"yoast_head":"<!-- This site is optimized with the Yoast SEO plugin v27.2 - https:\/\/yoast.com\/product\/yoast-seo-wordpress\/ -->\n<title>Incontinentie zwembroek dames | Gozz4all<\/title>\n<meta name=\"description\" content=\"Bekijk onze incontinentie zwembroeken voor dames. Hip &amp; kleurrijk. Met een extra binnenbroek en zowel verkrijgbaar voor meisjes als dames!\" \/>\n<meta name=\"robots\" content=\"index, follow, max-snippet:-1, max-image-preview:large, max-video-preview:-1\" \/>\n<link rel=\"canonical\" href=\"https:\/\/gozz4all.com\/fr\/incontinentie-zwembroek-dames\/\" \/>\n<meta property=\"og:locale\" content=\"fr_FR\" \/>\n<meta property=\"og:type\" content=\"article\" \/>\n<meta property=\"og:title\" content=\"Incontinentie zwembroek dames | Gozz4all\" \/>\n<meta property=\"og:description\" content=\"Bekijk onze incontinentie zwembroeken voor dames. Hip &amp; kleurrijk. Met een extra binnenbroek en zowel verkrijgbaar voor meisjes als dames!\" \/>\n<meta property=\"og:url\" content=\"https:\/\/gozz4all.com\/fr\/incontinentie-zwembroek-dames\/\" \/>\n<meta property=\"og:site_name\" content=\"Gozz4All\" \/>\n<meta property=\"article:publisher\" content=\"https:\/\/www.facebook.com\/gozz4all\/\" \/>\n<meta property=\"article:modified_time\" content=\"2022-06-15T07:40:47+00:00\" \/>\n<meta name=\"twitter:card\" content=\"summary_large_image\" \/>\n<meta name=\"twitter:label1\" content=\"Dur\u00e9e de lecture estim\u00e9e\" \/>\n\t<meta name=\"twitter:data1\" content=\"2 minutes\" \/>\n<script type=\"application\/ld+json\" class=\"yoast-schema-graph\">{\"@context\":\"https:\/\/schema.org\",\"@graph\":[{\"@type\":\"WebPage\",\"@id\":\"https:\/\/gozz4all.com\/en\/incontinentie-zwembroek-dames\/\",\"url\":\"https:\/\/gozz4all.com\/en\/incontinentie-zwembroek-dames\/\",\"name\":\"Incontinentie zwembroek dames | Gozz4all\",\"isPartOf\":{\"@id\":\"https:\/\/gozz4all.com\/fr\/#website\"},\"datePublished\":\"2022-06-15T07:39:13+00:00\",\"dateModified\":\"2022-06-15T07:40:47+00:00\",\"description\":\"Bekijk onze incontinentie zwembroeken voor dames. Hip & kleurrijk. Met een extra binnenbroek en zowel verkrijgbaar voor meisjes als dames!\",\"breadcrumb\":{\"@id\":\"https:\/\/gozz4all.com\/en\/incontinentie-zwembroek-dames\/#breadcrumb\"},\"inLanguage\":\"fr-FR\",\"potentialAction\":[{\"@type\":\"ReadAction\",\"target\":[\"https:\/\/gozz4all.com\/en\/incontinentie-zwembroek-dames\/\"]}]},{\"@type\":\"BreadcrumbList\",\"@id\":\"https:\/\/gozz4all.com\/en\/incontinentie-zwembroek-dames\/#breadcrumb\",\"itemListElement\":[{\"@type\":\"ListItem\",\"position\":1,\"name\":\"Home\",\"item\":\"https:\/\/gozz4all.com\/\"},{\"@type\":\"ListItem\",\"position\":2,\"name\":\"Incontinentie zwembroek dames\"}]},{\"@type\":\"WebSite\",\"@id\":\"https:\/\/gozz4all.com\/fr\/#website\",\"url\":\"https:\/\/gozz4all.com\/fr\/\",\"name\":\"Gozz4All\",\"description\":\"Gozz4All\",\"publisher\":{\"@id\":\"https:\/\/gozz4all.com\/fr\/#organization\"},\"potentialAction\":[{\"@type\":\"SearchAction\",\"target\":{\"@type\":\"EntryPoint\",\"urlTemplate\":\"https:\/\/gozz4all.com\/fr\/?s={search_term_string}\"},\"query-input\":{\"@type\":\"PropertyValueSpecification\",\"valueRequired\":true,\"valueName\":\"search_term_string\"}}],\"inLanguage\":\"fr-FR\"},{\"@type\":\"Organization\",\"@id\":\"https:\/\/gozz4all.com\/fr\/#organization\",\"name\":\"Gozz4all\",\"url\":\"https:\/\/gozz4all.com\/fr\/\",\"logo\":{\"@type\":\"ImageObject\",\"inLanguage\":\"fr-FR\",\"@id\":\"https:\/\/gozz4all.com\/fr\/#\/schema\/logo\/image\/\",\"url\":\"https:\/\/gozz4all.com\/wp-content\/uploads\/2020\/04\/Logo-ask-for-better-one.png\",\"contentUrl\":\"https:\/\/gozz4all.com\/wp-content\/uploads\/2020\/04\/Logo-ask-for-better-one.png\",\"width\":146,\"height\":60,\"caption\":\"Gozz4all\"},\"image\":{\"@id\":\"https:\/\/gozz4all.com\/fr\/#\/schema\/logo\/image\/\"},\"sameAs\":[\"https:\/\/www.facebook.com\/gozz4all\/\",\"https:\/\/www.instagram.com\/gozz4allfashion\/?hl=nl\"]}]}<\/script>\n<!-- \/ Yoast SEO plugin. -->","yoast_head_json":{"title":"Incontinentie zwembroek dames | Gozz4all","description":"Bekijk onze incontinentie zwembroeken voor dames. Hip & kleurrijk. Met een extra binnenbroek en zowel verkrijgbaar voor meisjes als dames!","robots":{"index":"index","follow":"follow","max-snippet":"max-snippet:-1","max-image-preview":"max-image-preview:large","max-video-preview":"max-video-preview:-1"},"canonical":"https:\/\/gozz4all.com\/fr\/incontinentie-zwembroek-dames\/","og_locale":"fr_FR","og_type":"article","og_title":"Incontinentie zwembroek dames | Gozz4all","og_description":"Bekijk onze incontinentie zwembroeken voor dames. Hip & kleurrijk. Met een extra binnenbroek en zowel verkrijgbaar voor meisjes als dames!","og_url":"https:\/\/gozz4all.com\/fr\/incontinentie-zwembroek-dames\/","og_site_name":"Gozz4All","article_publisher":"https:\/\/www.facebook.com\/gozz4all\/","article_modified_time":"2022-06-15T07:40:47+00:00","twitter_card":"summary_large_image","twitter_misc":{"Dur\u00e9e de lecture estim\u00e9e":"2 minutes"},"schema":{"@context":"https:\/\/schema.org","@graph":[{"@type":"WebPage","@id":"https:\/\/gozz4all.com\/en\/incontinentie-zwembroek-dames\/","url":"https:\/\/gozz4all.com\/en\/incontinentie-zwembroek-dames\/","name":"Incontinentie zwembroek dames | Gozz4all","isPartOf":{"@id":"https:\/\/gozz4all.com\/fr\/#website"},"datePublished":"2022-06-15T07:39:13+00:00","dateModified":"2022-06-15T07:40:47+00:00","description":"Bekijk onze incontinentie zwembroeken voor dames. Hip & kleurrijk. Met een extra binnenbroek en zowel verkrijgbaar voor meisjes als dames!","breadcrumb":{"@id":"https:\/\/gozz4all.com\/en\/incontinentie-zwembroek-dames\/#breadcrumb"},"inLanguage":"fr-FR","potentialAction":[{"@type":"ReadAction","target":["https:\/\/gozz4all.com\/en\/incontinentie-zwembroek-dames\/"]}]},{"@type":"BreadcrumbList","@id":"https:\/\/gozz4all.com\/en\/incontinentie-zwembroek-dames\/#breadcrumb","itemListElement":[{"@type":"ListItem","position":1,"name":"Home","item":"https:\/\/gozz4all.com\/"},{"@type":"ListItem","position":2,"name":"Incontinentie zwembroek dames"}]},{"@type":"WebSite","@id":"https:\/\/gozz4all.com\/fr\/#website","url":"https:\/\/gozz4all.com\/fr\/","name":"Gozz4All","description":"Gozz4All","publisher":{"@id":"https:\/\/gozz4all.com\/fr\/#organization"},"potentialAction":[{"@type":"SearchAction","target":{"@type":"EntryPoint","urlTemplate":"https:\/\/gozz4all.com\/fr\/?s={search_term_string}"},"query-input":{"@type":"PropertyValueSpecification","valueRequired":true,"valueName":"search_term_string"}}],"inLanguage":"fr-FR"},{"@type":"Organization","@id":"https:\/\/gozz4all.com\/fr\/#organization","name":"Gozz4all","url":"https:\/\/gozz4all.com\/fr\/","logo":{"@type":"ImageObject","inLanguage":"fr-FR","@id":"https:\/\/gozz4all.com\/fr\/#\/schema\/logo\/image\/","url":"https:\/\/gozz4all.com\/wp-content\/uploads\/2020\/04\/Logo-ask-for-better-one.png","contentUrl":"https:\/\/gozz4all.com\/wp-content\/uploads\/2020\/04\/Logo-ask-for-better-one.png","width":146,"height":60,"caption":"Gozz4all"},"image":{"@id":"https:\/\/gozz4all.com\/fr\/#\/schema\/logo\/image\/"},"sameAs":["https:\/\/www.facebook.com\/gozz4all\/","https:\/\/www.instagram.com\/gozz4allfashion\/?hl=nl"]}]}},"_links":{"self":[{"href":"https:\/\/gozz4all.com\/fr\/wp-json\/wp\/v2\/pages\/18659","targetHints":{"allow":["GET"]}}],"collection":[{"href":"https:\/\/gozz4all.com\/fr\/wp-json\/wp\/v2\/pages"}],"about":[{"href":"https:\/\/gozz4all.com\/fr\/wp-json\/wp\/v2\/types\/page"}],"author":[{"embeddable":true,"href":"https:\/\/gozz4all.com\/fr\/wp-json\/wp\/v2\/users\/16"}],"replies":[{"embeddable":true,"href":"https:\/\/gozz4all.com\/fr\/wp-json\/wp\/v2\/comments?post=18659"}],"version-history":[{"count":4,"href":"https:\/\/gozz4all.com\/fr\/wp-json\/wp\/v2\/pages\/18659\/revisions"}],"predecessor-version":[{"id":18663,"href":"https:\/\/gozz4all.com\/fr\/wp-json\/wp\/v2\/pages\/18659\/revisions\/18663"}],"wp:attachment":[{"href":"https:\/\/gozz4all.com\/fr\/wp-json\/wp\/v2\/media?parent=18659"}],"curies":[{"name":"wp","href":"https:\/\/api.w.org\/{rel}","templated":true}]}}