{"id":18252,"date":"2022-06-03T12:07:30","date_gmt":"2022-06-03T10:07:30","guid":{"rendered":"https:\/\/gozz4all.com\/?page_id=18252"},"modified":"2022-09-08T10:49:36","modified_gmt":"2022-09-08T08:49:36","slug":"aangepaste-kleding-ouderen","status":"publish","type":"page","link":"https:\/\/gozz4all.com\/fr\/aangepaste-kleding-ouderen\/","title":{"rendered":"V\u00eatements adapt\u00e9s pour les personnes \u00e2g\u00e9es"},"content":{"rendered":"<div data-elementor-type=\"wp-page\" data-elementor-id=\"18252\" class=\"elementor elementor-18252\" data-elementor-post-type=\"page\">\n\t\t\t\t\t\t<section class=\"elementor-section elementor-top-section elementor-element elementor-element-835e772 elementor-section-boxed elementor-section-height-default elementor-section-height-default\" data-id=\"835e772\" data-element_type=\"section\" data-e-type=\"section\" data-settings=\"{&quot;background_background&quot;:&quot;classic&quot;}\">\n\t\t\t\t\t\t<div class=\"elementor-container elementor-column-gap-default\">\n\t\t\t\t\t<div class=\"elementor-column elementor-col-100 elementor-top-column elementor-element elementor-element-3b44b2c\" data-id=\"3b44b2c\" data-element_type=\"column\" data-e-type=\"column\">\n\t\t\t<div class=\"elementor-widget-wrap elementor-element-populated\">\n\t\t\t\t\t\t<div class=\"elementor-element elementor-element-1ddcf54 elementor-widget__width-initial elementor-widget elementor-widget-heading\" data-id=\"1ddcf54\" data-element_type=\"widget\" data-e-type=\"widget\" data-widget_type=\"heading.default\">\n\t\t\t\t<div class=\"elementor-widget-container\">\n\t\t\t\t\t<h1 class=\"elementor-heading-title elementor-size-default\">V\u00eatements adapt\u00e9s pour les personnes \u00e2g\u00e9es<\/h1>\t\t\t\t<\/div>\n\t\t\t\t<\/div>\n\t\t\t\t\t<\/div>\n\t\t<\/div>\n\t\t\t\t\t<\/div>\n\t\t<\/section>\n\t\t\t\t<section class=\"elementor-section elementor-top-section elementor-element elementor-element-f547a4f elementor-section-boxed elementor-section-height-default elementor-section-height-default\" data-id=\"f547a4f\" data-element_type=\"section\" data-e-type=\"section\">\n\t\t\t\t\t\t<div class=\"elementor-container elementor-column-gap-default\">\n\t\t\t\t\t<div class=\"elementor-column elementor-col-100 elementor-top-column elementor-element elementor-element-b8a6a1b\" data-id=\"b8a6a1b\" data-element_type=\"column\" data-e-type=\"column\">\n\t\t\t<div class=\"elementor-widget-wrap elementor-element-populated\">\n\t\t\t\t\t\t<section class=\"elementor-section elementor-inner-section elementor-element elementor-element-bdbe171 elementor-section-boxed elementor-section-height-default elementor-section-height-default\" data-id=\"bdbe171\" data-element_type=\"section\" data-e-type=\"section\">\n\t\t\t\t\t\t<div class=\"elementor-container elementor-column-gap-default\">\n\t\t\t\t\t<div class=\"elementor-column elementor-col-100 elementor-inner-column elementor-element elementor-element-dbc4e5b\" data-id=\"dbc4e5b\" data-element_type=\"column\" data-e-type=\"column\">\n\t\t\t<div class=\"elementor-widget-wrap elementor-element-populated\">\n\t\t\t\t\t\t<div class=\"elementor-element elementor-element-f4d8f3a elementor-widget elementor-widget-text-editor\" data-id=\"f4d8f3a\" data-element_type=\"widget\" data-e-type=\"widget\" data-widget_type=\"text-editor.default\">\n\t\t\t\t<div class=\"elementor-widget-container\">\n\t\t\t\t\t\t\t\t\t<p>Gozz4all est sp\u00e9cialis\u00e9e dans la conception et la production de v\u00eatements adapt\u00e9s pour les personnes \u00e2g\u00e9es et les enfants handicap\u00e9s. Nous savons comme personne \u00e0 quel point il est difficile de trouver des v\u00eatements adapt\u00e9s aux personnes qui en ont besoin. Nous aidons \u00e9galement les personnes \u00e2g\u00e9es qui ont du mal \u00e0 marcher ou qui rencontrent d'autres difficult\u00e9s en leur confectionnant des v\u00eatements sur mesure.<\/p><h2>Pourquoi des v\u00eatements personnalis\u00e9s pour les personnes \u00e2g\u00e9es<\/h2><p>S'habiller et se d\u00e9shabiller avec des v\u00eatements normaux pose souvent des probl\u00e8mes. Cela peut \u00eatre d\u00fb \u00e0 l'ajustement des v\u00eatements, \u00e0 la douleur ou \u00e0 la limitation des mouvements. Les v\u00eatements ordinaires peuvent \u00eatre endommag\u00e9s lorsqu'ils sont enlev\u00e9s ou enfil\u00e9s, par exemple, en raison des limitations de mouvement. Nous sommes l\u00e0 pour r\u00e9duire ces probl\u00e8mes. Nous voulons \u00e9galement faire en sorte que ce groupe cible puisse porter des v\u00eatements fins, confortables et \u00e0 la mode.<\/p><h2>Assortiment<\/h2><p>Gozz4all offre une vari\u00e9t\u00e9 de produits pour les personnes \u00e2g\u00e9es. Des t-shirts anti-d\u00e9mangeaison aux blouses confortables. Les v\u00eatements sont con\u00e7us de telle sorte que le fait d'enfiler et d'enlever les produits ne fait pas mal \u00e0 la personne concern\u00e9e. \u00cates-vous int\u00e9ress\u00e9 par <a href=\"https:\/\/gozz4all.com\/fr\/grotere-aantallen-nodig\/\">des quantit\u00e9s plus importantes d'articles<\/a>? Alors nous pouvons certainement vous aider aussi !<\/p><h2>V\u00eatements sur mesure pour les personnes \u00e2g\u00e9es<\/h2><p>Les v\u00eatements sont disponibles dans une vari\u00e9t\u00e9 de tailles. En outre, nous proposons \u00e9galement des produits personnalis\u00e9s. Il s'agit de produits sp\u00e9cialement adapt\u00e9s \u00e0 votre taille et \u00e0 votre morphologie. D\u00e9couvrez imm\u00e9diatement ce que le <a href=\"https:\/\/gozz4all.com\/fr\/maatwerk-product-nodig\/\">Possibilit\u00e9s de personnalisation<\/a> sont pour vous.<\/p><h2>V\u00eatements personnalis\u00e9s pour hommes et femmes<\/h2><p>Gozz4all propose dans son assortiment des v\u00eatements adapt\u00e9s aux hommes et aux femmes. Par exemple, nous avons dans notre assortiment des chemisiers pour femmes tendance et confortables. Pour les hommes, nous proposons des blousons bombardiers robustes. Nous proposons \u00e9galement d'autres collections telles que <a href=\"https:\/\/gozz4all.com\/fr\/categorie-produit\/zwemkledij\/\">maillot de bain<\/a> et <a href=\"https:\/\/gozz4all.com\/fr\/categorie-produit\/anti-scheur-assortiment\/\">produits anti-contrefa\u00e7on<\/a> sur.<\/p><h2>Contact<\/h2><p>Vous \u00eates curieux de d\u00e9couvrir nos v\u00eatements personnalis\u00e9s pour les personnes \u00e2g\u00e9es ou vous avez une question sur l'un de nos produits ? Alors, s'il vous pla\u00eet. <a href=\"https:\/\/gozz4all.com\/fr\/contact\/\">contacter<\/a> avec nous. Nous sommes tous les deux <a href=\"tel:%20+32%20475%2073%2086%2094\">t\u00e9l\u00e9phone<\/a> comme \u00e0 travers le <a href=\"mailto:info@gozz.be\">e-mail<\/a> atteindre. Gozz4all est heureux de vous aider.<\/p>\t\t\t\t\t\t\t\t<\/div>\n\t\t\t\t<\/div>\n\t\t\t\t\t<\/div>\n\t\t<\/div>\n\t\t\t\t\t<\/div>\n\t\t<\/section>\n\t\t\t\t\t<\/div>\n\t\t<\/div>\n\t\t\t\t\t<\/div>\n\t\t<\/section>\n\t\t\t\t<\/div>","protected":false},"excerpt":{"rendered":"<p>Gozz4all is gespecialiseerd in het ontwerpen en maken van aangepaste kleding voor ouderen en kinderen met een beperking. Wij weten als geen ander hoe lastig het is om geschikte kledij te vinden voor mensen die hier behoefte aan hebben. Ook ouderen die lastig ter been zijn of andere moeilijkheden ervaren, helpen wij met het maken [&hellip;]<\/p>\n","protected":false},"author":16,"featured_media":0,"parent":0,"menu_order":0,"comment_status":"closed","ping_status":"closed","template":"","meta":{"footnotes":""},"class_list":["post-18252","page","type-page","status-publish","hentry"],"yoast_head":"<!-- This site is optimized with the Yoast SEO plugin v27.2 - https:\/\/yoast.com\/product\/yoast-seo-wordpress\/ -->\n<title>Aangepaste kleding voor ouderen bestellen? | Gozz4all<\/title>\n<meta name=\"description\" content=\"Op zoek naar aangepaste kleding voor ouderen? Gozz4all helpt u verder! \u2705 Breed assortiment \u2705 Snelle levering \u2705 Maatwerk is mogelijk\" \/>\n<meta name=\"robots\" content=\"index, follow, max-snippet:-1, max-image-preview:large, max-video-preview:-1\" \/>\n<link rel=\"canonical\" href=\"https:\/\/gozz4all.com\/fr\/aangepaste-kleding-ouderen\/\" \/>\n<meta property=\"og:locale\" content=\"fr_FR\" \/>\n<meta property=\"og:type\" content=\"article\" \/>\n<meta property=\"og:title\" content=\"Aangepaste kleding voor ouderen bestellen? | Gozz4all\" \/>\n<meta property=\"og:description\" content=\"Op zoek naar aangepaste kleding voor ouderen? Gozz4all helpt u verder! \u2705 Breed assortiment \u2705 Snelle levering \u2705 Maatwerk is mogelijk\" \/>\n<meta property=\"og:url\" content=\"https:\/\/gozz4all.com\/fr\/aangepaste-kleding-ouderen\/\" \/>\n<meta property=\"og:site_name\" content=\"Gozz4All\" \/>\n<meta property=\"article:publisher\" content=\"https:\/\/www.facebook.com\/gozz4all\/\" \/>\n<meta property=\"article:modified_time\" content=\"2022-09-08T08:49:36+00:00\" \/>\n<meta name=\"twitter:card\" content=\"summary_large_image\" \/>\n<meta name=\"twitter:label1\" content=\"Dur\u00e9e de lecture estim\u00e9e\" \/>\n\t<meta name=\"twitter:data1\" content=\"2 minutes\" \/>\n<script type=\"application\/ld+json\" class=\"yoast-schema-graph\">{\"@context\":\"https:\/\/schema.org\",\"@graph\":[{\"@type\":\"WebPage\",\"@id\":\"https:\/\/gozz4all.com\/en\/aangepaste-kleding-ouderen\/\",\"url\":\"https:\/\/gozz4all.com\/en\/aangepaste-kleding-ouderen\/\",\"name\":\"Aangepaste kleding voor ouderen bestellen? | Gozz4all\",\"isPartOf\":{\"@id\":\"https:\/\/gozz4all.com\/fr\/#website\"},\"datePublished\":\"2022-06-03T10:07:30+00:00\",\"dateModified\":\"2022-09-08T08:49:36+00:00\",\"description\":\"Op zoek naar aangepaste kleding voor ouderen? Gozz4all helpt u verder! \u2705 Breed assortiment \u2705 Snelle levering \u2705 Maatwerk is mogelijk\",\"breadcrumb\":{\"@id\":\"https:\/\/gozz4all.com\/en\/aangepaste-kleding-ouderen\/#breadcrumb\"},\"inLanguage\":\"fr-FR\",\"potentialAction\":[{\"@type\":\"ReadAction\",\"target\":[\"https:\/\/gozz4all.com\/en\/aangepaste-kleding-ouderen\/\"]}]},{\"@type\":\"BreadcrumbList\",\"@id\":\"https:\/\/gozz4all.com\/en\/aangepaste-kleding-ouderen\/#breadcrumb\",\"itemListElement\":[{\"@type\":\"ListItem\",\"position\":1,\"name\":\"Home\",\"item\":\"https:\/\/gozz4all.com\/\"},{\"@type\":\"ListItem\",\"position\":2,\"name\":\"Aangepaste kleding ouderen\"}]},{\"@type\":\"WebSite\",\"@id\":\"https:\/\/gozz4all.com\/fr\/#website\",\"url\":\"https:\/\/gozz4all.com\/fr\/\",\"name\":\"Gozz4All\",\"description\":\"Gozz4All\",\"publisher\":{\"@id\":\"https:\/\/gozz4all.com\/fr\/#organization\"},\"potentialAction\":[{\"@type\":\"SearchAction\",\"target\":{\"@type\":\"EntryPoint\",\"urlTemplate\":\"https:\/\/gozz4all.com\/fr\/?s={search_term_string}\"},\"query-input\":{\"@type\":\"PropertyValueSpecification\",\"valueRequired\":true,\"valueName\":\"search_term_string\"}}],\"inLanguage\":\"fr-FR\"},{\"@type\":\"Organization\",\"@id\":\"https:\/\/gozz4all.com\/fr\/#organization\",\"name\":\"Gozz4all\",\"url\":\"https:\/\/gozz4all.com\/fr\/\",\"logo\":{\"@type\":\"ImageObject\",\"inLanguage\":\"fr-FR\",\"@id\":\"https:\/\/gozz4all.com\/fr\/#\/schema\/logo\/image\/\",\"url\":\"https:\/\/gozz4all.com\/wp-content\/uploads\/2020\/04\/Logo-ask-for-better-one.png\",\"contentUrl\":\"https:\/\/gozz4all.com\/wp-content\/uploads\/2020\/04\/Logo-ask-for-better-one.png\",\"width\":146,\"height\":60,\"caption\":\"Gozz4all\"},\"image\":{\"@id\":\"https:\/\/gozz4all.com\/fr\/#\/schema\/logo\/image\/\"},\"sameAs\":[\"https:\/\/www.facebook.com\/gozz4all\/\",\"https:\/\/www.instagram.com\/gozz4allfashion\/?hl=nl\"]}]}<\/script>\n<!-- \/ Yoast SEO plugin. -->","yoast_head_json":{"title":"Aangepaste kleding voor ouderen bestellen? | Gozz4all","description":"Op zoek naar aangepaste kleding voor ouderen? Gozz4all helpt u verder! \u2705 Breed assortiment \u2705 Snelle levering \u2705 Maatwerk is mogelijk","robots":{"index":"index","follow":"follow","max-snippet":"max-snippet:-1","max-image-preview":"max-image-preview:large","max-video-preview":"max-video-preview:-1"},"canonical":"https:\/\/gozz4all.com\/fr\/aangepaste-kleding-ouderen\/","og_locale":"fr_FR","og_type":"article","og_title":"Aangepaste kleding voor ouderen bestellen? | Gozz4all","og_description":"Op zoek naar aangepaste kleding voor ouderen? Gozz4all helpt u verder! \u2705 Breed assortiment \u2705 Snelle levering \u2705 Maatwerk is mogelijk","og_url":"https:\/\/gozz4all.com\/fr\/aangepaste-kleding-ouderen\/","og_site_name":"Gozz4All","article_publisher":"https:\/\/www.facebook.com\/gozz4all\/","article_modified_time":"2022-09-08T08:49:36+00:00","twitter_card":"summary_large_image","twitter_misc":{"Dur\u00e9e de lecture estim\u00e9e":"2 minutes"},"schema":{"@context":"https:\/\/schema.org","@graph":[{"@type":"WebPage","@id":"https:\/\/gozz4all.com\/en\/aangepaste-kleding-ouderen\/","url":"https:\/\/gozz4all.com\/en\/aangepaste-kleding-ouderen\/","name":"Aangepaste kleding voor ouderen bestellen? | Gozz4all","isPartOf":{"@id":"https:\/\/gozz4all.com\/fr\/#website"},"datePublished":"2022-06-03T10:07:30+00:00","dateModified":"2022-09-08T08:49:36+00:00","description":"Op zoek naar aangepaste kleding voor ouderen? Gozz4all helpt u verder! \u2705 Breed assortiment \u2705 Snelle levering \u2705 Maatwerk is mogelijk","breadcrumb":{"@id":"https:\/\/gozz4all.com\/en\/aangepaste-kleding-ouderen\/#breadcrumb"},"inLanguage":"fr-FR","potentialAction":[{"@type":"ReadAction","target":["https:\/\/gozz4all.com\/en\/aangepaste-kleding-ouderen\/"]}]},{"@type":"BreadcrumbList","@id":"https:\/\/gozz4all.com\/en\/aangepaste-kleding-ouderen\/#breadcrumb","itemListElement":[{"@type":"ListItem","position":1,"name":"Home","item":"https:\/\/gozz4all.com\/"},{"@type":"ListItem","position":2,"name":"Aangepaste kleding ouderen"}]},{"@type":"WebSite","@id":"https:\/\/gozz4all.com\/fr\/#website","url":"https:\/\/gozz4all.com\/fr\/","name":"Gozz4All","description":"Gozz4All","publisher":{"@id":"https:\/\/gozz4all.com\/fr\/#organization"},"potentialAction":[{"@type":"SearchAction","target":{"@type":"EntryPoint","urlTemplate":"https:\/\/gozz4all.com\/fr\/?s={search_term_string}"},"query-input":{"@type":"PropertyValueSpecification","valueRequired":true,"valueName":"search_term_string"}}],"inLanguage":"fr-FR"},{"@type":"Organization","@id":"https:\/\/gozz4all.com\/fr\/#organization","name":"Gozz4all","url":"https:\/\/gozz4all.com\/fr\/","logo":{"@type":"ImageObject","inLanguage":"fr-FR","@id":"https:\/\/gozz4all.com\/fr\/#\/schema\/logo\/image\/","url":"https:\/\/gozz4all.com\/wp-content\/uploads\/2020\/04\/Logo-ask-for-better-one.png","contentUrl":"https:\/\/gozz4all.com\/wp-content\/uploads\/2020\/04\/Logo-ask-for-better-one.png","width":146,"height":60,"caption":"Gozz4all"},"image":{"@id":"https:\/\/gozz4all.com\/fr\/#\/schema\/logo\/image\/"},"sameAs":["https:\/\/www.facebook.com\/gozz4all\/","https:\/\/www.instagram.com\/gozz4allfashion\/?hl=nl"]}]}},"_links":{"self":[{"href":"https:\/\/gozz4all.com\/fr\/wp-json\/wp\/v2\/pages\/18252","targetHints":{"allow":["GET"]}}],"collection":[{"href":"https:\/\/gozz4all.com\/fr\/wp-json\/wp\/v2\/pages"}],"about":[{"href":"https:\/\/gozz4all.com\/fr\/wp-json\/wp\/v2\/types\/page"}],"author":[{"embeddable":true,"href":"https:\/\/gozz4all.com\/fr\/wp-json\/wp\/v2\/users\/16"}],"replies":[{"embeddable":true,"href":"https:\/\/gozz4all.com\/fr\/wp-json\/wp\/v2\/comments?post=18252"}],"version-history":[{"count":10,"href":"https:\/\/gozz4all.com\/fr\/wp-json\/wp\/v2\/pages\/18252\/revisions"}],"predecessor-version":[{"id":20186,"href":"https:\/\/gozz4all.com\/fr\/wp-json\/wp\/v2\/pages\/18252\/revisions\/20186"}],"wp:attachment":[{"href":"https:\/\/gozz4all.com\/fr\/wp-json\/wp\/v2\/media?parent=18252"}],"curies":[{"name":"wp","href":"https:\/\/api.w.org\/{rel}","templated":true}]}}