{"id":1494,"date":"2017-09-21T09:41:24","date_gmt":"2017-09-21T09:41:24","guid":{"rendered":"http:\/\/gozz.testomgeving.website\/?page_id=1494"},"modified":"2022-01-12T13:27:12","modified_gmt":"2022-01-12T11:27:12","slug":"ons-verhaal","status":"publish","type":"page","link":"https:\/\/gozz4all.com\/fr\/ons-verhaal\/","title":{"rendered":"Notre Histoire"},"content":{"rendered":"<div data-elementor-type=\"wp-page\" data-elementor-id=\"1494\" class=\"elementor elementor-1494\" data-elementor-post-type=\"page\">\n\t\t\t\t\t\t<section class=\"elementor-section elementor-top-section elementor-element elementor-element-961d11a elementor-section-boxed elementor-section-height-default elementor-section-height-default\" data-id=\"961d11a\" data-element_type=\"section\" data-e-type=\"section\" data-settings=\"{&quot;background_background&quot;:&quot;classic&quot;}\">\n\t\t\t\t\t\t<div class=\"elementor-container elementor-column-gap-default\">\n\t\t\t\t\t<div class=\"elementor-column elementor-col-100 elementor-top-column elementor-element elementor-element-2c21917\" data-id=\"2c21917\" data-element_type=\"column\" data-e-type=\"column\">\n\t\t\t<div class=\"elementor-widget-wrap elementor-element-populated\">\n\t\t\t\t\t\t<div class=\"elementor-element elementor-element-1ed5f8d elementor-widget__width-initial elementor-widget elementor-widget-heading\" data-id=\"1ed5f8d\" data-element_type=\"widget\" data-e-type=\"widget\" data-widget_type=\"heading.default\">\n\t\t\t\t<div class=\"elementor-widget-container\">\n\t\t\t\t\t<h1 class=\"elementor-heading-title elementor-size-default\">Notre Histoire<\/h1>\t\t\t\t<\/div>\n\t\t\t\t<\/div>\n\t\t\t\t\t<\/div>\n\t\t<\/div>\n\t\t\t\t\t<\/div>\n\t\t<\/section>\n\t\t\t\t<section class=\"elementor-section elementor-top-section elementor-element elementor-element-e458310 elementor-section-boxed elementor-section-height-default elementor-section-height-default\" data-id=\"e458310\" data-element_type=\"section\" data-e-type=\"section\">\n\t\t\t\t\t\t<div class=\"elementor-container elementor-column-gap-default\">\n\t\t\t\t\t<div class=\"elementor-column elementor-col-50 elementor-top-column elementor-element elementor-element-3e57fdf\" data-id=\"3e57fdf\" data-element_type=\"column\" data-e-type=\"column\">\n\t\t\t<div class=\"elementor-widget-wrap elementor-element-populated\">\n\t\t\t\t\t\t<div class=\"elementor-element elementor-element-f254b25 elementor-widget elementor-widget-image\" data-id=\"f254b25\" data-element_type=\"widget\" data-e-type=\"widget\" data-widget_type=\"image.default\">\n\t\t\t\t<div class=\"elementor-widget-container\">\n\t\t\t\t\t\t\t\t\t\t\t\t\t\t\t<img fetchpriority=\"high\" decoding=\"async\" width=\"771\" height=\"1030\" src=\"https:\/\/gozz4all.com\/wp-content\/uploads\/2020\/04\/Elke-bij-Over-ons-771x1030.jpg\" class=\"attachment-large size-large wp-image-12726\" alt=\"\" srcset=\"https:\/\/gozz4all.com\/wp-content\/uploads\/2020\/04\/Elke-bij-Over-ons-771x1030.jpg 771w, https:\/\/gozz4all.com\/wp-content\/uploads\/2020\/04\/Elke-bij-Over-ons-225x300.jpg 225w, https:\/\/gozz4all.com\/wp-content\/uploads\/2020\/04\/Elke-bij-Over-ons-768x1026.jpg 768w, https:\/\/gozz4all.com\/wp-content\/uploads\/2020\/04\/Elke-bij-Over-ons-450x601.jpg 450w, https:\/\/gozz4all.com\/wp-content\/uploads\/2020\/04\/Elke-bij-Over-ons.jpg 898w\" sizes=\"(max-width: 771px) 100vw, 771px\" \/>\t\t\t\t\t\t\t\t\t\t\t\t\t\t\t<\/div>\n\t\t\t\t<\/div>\n\t\t\t\t\t<\/div>\n\t\t<\/div>\n\t\t\t\t<div class=\"elementor-column elementor-col-50 elementor-top-column elementor-element elementor-element-54c5a6c\" data-id=\"54c5a6c\" data-element_type=\"column\" data-e-type=\"column\">\n\t\t\t<div class=\"elementor-widget-wrap elementor-element-populated\">\n\t\t\t\t\t\t<div class=\"elementor-element elementor-element-a0a82b8 elementor-widget elementor-widget-heading\" data-id=\"a0a82b8\" data-element_type=\"widget\" data-e-type=\"widget\" data-widget_type=\"heading.default\">\n\t\t\t\t<div class=\"elementor-widget-container\">\n\t\t\t\t\t<h2 class=\"elementor-heading-title elementor-size-default\">Bonjour, merci de prendre un peu de temps pour lire notre histoire.<\/h2>\t\t\t\t<\/div>\n\t\t\t\t<\/div>\n\t\t\t\t<div class=\"elementor-element elementor-element-fdf6661 elementor-widget elementor-widget-text-editor\" data-id=\"fdf6661\" data-element_type=\"widget\" data-e-type=\"widget\" data-widget_type=\"text-editor.default\">\n\t\t\t\t<div class=\"elementor-widget-container\">\n\t\t\t\t\t\t\t\t\t<div class=\"flex_column av_three_fifth flex_column_div av-zero-column-padding avia-builder-el-3 el_after_av_two_fifth el_before_av_textblock\"><section class=\"av_textblock_section\"><div class=\"avia_textblock\"><p>Ma derni\u00e8re fille Elke est n\u00e9e pr\u00e9matur\u00e9ment; apr\u00e8s un d\u00e9but mouvement\u00e9 elle s\u2019est mise \u00e0 bien grandir. Apr\u00e8s un certain temps nous avons remarqu\u00e9 qu\u2019elle ne se d\u00e9veloppait pas comme pr\u00e9vu et apr\u00e8s une s\u00e9rie de visites au docteur, nous avons enfin re\u00e7u la diagnose qu\u2019elle souffre du syndrome Phean-McDermid d\u00e9l\u00e9tion 22q13. Elle a perdu une part de chromosome ce qui cause un retard de d\u00e9veloppement : elle ne sait pas parler, elle a des difficult\u00e9s de marcher, elle porte des couches, etc. Les affaires quotidiennes comme trouver des couches, des v\u00eatements appropri\u00e9s ou un lit adapt\u00e9 deviennent souvent un d\u00e9fi.  Ces exp\u00e9riences nous ont inspir\u00e9s des id\u00e9es pour Gozz.<\/p><p>Pour moi, Sebastiaan, je trouve mon inspiration dans les exp\u00e9riences que j\u2019ai \u00e9prouv\u00e9es avec ma s\u0153ur Liesbeth. Je me souviens du stress et des frustrations - de Liesbeth et de ma m\u00e8re - apr\u00e8s tout un apr\u00e8s-midi de shopping, d\u2019\u00eatre coinc\u00e9e dans les petites cabines d\u2019essayage des magasins populeux cherchant de jolis v\u00eatements sans succ\u00e8s. Les v\u00eatements qu\u2019elle aimait n\u2019\u00e9taient pas appropri\u00e9s \u00e0 cause des mod\u00e8les ou trop difficiles \u00e0 mettre, ce qui limitait vraiment ses options.\nAujourd\u2019hui, 20 ans ont pass\u00e9es et Liesbeth est devenue une jeune femme formidable qui supporte notre initiative \u00e0 100%!<\/p><p>Quand nous nous sommes rencontr\u00e9s, nous avons constat\u00e9 que les circonstances n\u2019ont pas vraiment chang\u00e9 en ce qui concerne la qu\u00eate de v\u00eatements fonctionnels qui sont en m\u00eame temps jolis et \u00e0 la mode. Nous avons alors d\u00e9cid\u00e9 de changer les choses nous-m\u00eames et de commencer Gozz4kids. Voulez-vous savoir \u00e0 quelles id\u00e9es Elke et Liesbeth nous avons inspir\u00e9s? Regardez <strong><a href=\"https:\/\/gozz4all.com\/fr\/update.shop\/\">notre collection<\/a><\/strong>. Nous esp\u00e9rons que vous partagez notre enthousiasme!<\/p><p>Avez-vous des questions au sujet de notre collection ou des id\u00e9es pour une adaptation sp\u00e9cifique ?<\/p><p>Contactez-nous par\u00a0<strong><a href=\"mailto:info@gozz.be\">info@gozz.be<\/a><\/strong>\u00a0ou sur notre page Facebook\u00a0<a href=\"https:\/\/www.facebook.com\/gozz4all\/?ref=aymt_homepage_panel\" target=\"_blank\" rel=\"noopener noreferrer\"><strong>Gozz<\/strong>!\u00a0<\/a><\/p><p>Sinc\u00e8res salutations,\nCindy et Sebastiaan<\/p><\/div><\/section><\/div>\t\t\t\t\t\t\t\t<\/div>\n\t\t\t\t<\/div>\n\t\t\t\t\t<\/div>\n\t\t<\/div>\n\t\t\t\t\t<\/div>\n\t\t<\/section>\n\t\t\t\t<\/div>","protected":false},"excerpt":{"rendered":"<p>Hallo, heel fijn dat je even de tijd neemt om ons verhaal te lezen! Elke werd als prematuurtje geboren maar na een spannende start groeide ze uit tot een flinke baby. Als snel merkten we echter dat haar ontwikkeling toch niet zo liep als verwacht en een hele reeks doktersbezoeken en onderzoeken later volgde dan [&hellip;]<\/p>\n","protected":false},"author":16,"featured_media":0,"parent":0,"menu_order":0,"comment_status":"closed","ping_status":"closed","template":"","meta":{"footnotes":""},"class_list":["post-1494","page","type-page","status-publish","hentry"],"yoast_head":"<!-- This site is optimized with the Yoast SEO plugin v27.2 - https:\/\/yoast.com\/product\/yoast-seo-wordpress\/ -->\n<title>Het verhaal achter Gozz4All | Modern en goed gekleed<\/title>\n<meta name=\"description\" content=\"De zoektocht naar functionele kledij die toch kleurrijk en modieus was, het bleef een continue opgave. Gozz4All is hierop het antwoord.\" \/>\n<meta name=\"robots\" content=\"index, follow, max-snippet:-1, max-image-preview:large, max-video-preview:-1\" \/>\n<link rel=\"canonical\" href=\"https:\/\/gozz4all.com\/fr\/ons-verhaal\/\" \/>\n<meta property=\"og:locale\" content=\"fr_FR\" \/>\n<meta property=\"og:type\" content=\"article\" \/>\n<meta property=\"og:title\" content=\"Het verhaal achter Gozz4All | Modern en goed gekleed\" \/>\n<meta property=\"og:description\" content=\"De zoektocht naar functionele kledij die toch kleurrijk en modieus was, het bleef een continue opgave. Gozz4All is hierop het antwoord.\" \/>\n<meta property=\"og:url\" content=\"https:\/\/gozz4all.com\/fr\/ons-verhaal\/\" \/>\n<meta property=\"og:site_name\" content=\"Gozz4All\" \/>\n<meta property=\"article:publisher\" content=\"https:\/\/www.facebook.com\/gozz4all\/\" \/>\n<meta property=\"article:modified_time\" content=\"2022-01-12T11:27:12+00:00\" \/>\n<meta property=\"og:image\" content=\"https:\/\/gozz4all.com\/wp-content\/uploads\/2020\/04\/Elke-bij-Over-ons-771x1030.jpg\" \/>\n<meta name=\"twitter:card\" content=\"summary_large_image\" \/>\n<meta name=\"twitter:label1\" content=\"Dur\u00e9e de lecture estim\u00e9e\" \/>\n\t<meta name=\"twitter:data1\" content=\"2 minutes\" \/>\n<script type=\"application\/ld+json\" class=\"yoast-schema-graph\">{\"@context\":\"https:\/\/schema.org\",\"@graph\":[{\"@type\":\"WebPage\",\"@id\":\"https:\/\/gozz4all.com\/ons-verhaal\/\",\"url\":\"https:\/\/gozz4all.com\/ons-verhaal\/\",\"name\":\"Het verhaal achter Gozz4All | Modern en goed gekleed\",\"isPartOf\":{\"@id\":\"https:\/\/gozz4all.com\/fr\/#website\"},\"primaryImageOfPage\":{\"@id\":\"https:\/\/gozz4all.com\/ons-verhaal\/#primaryimage\"},\"image\":{\"@id\":\"https:\/\/gozz4all.com\/ons-verhaal\/#primaryimage\"},\"thumbnailUrl\":\"https:\/\/gozz4all.com\/wp-content\/uploads\/2020\/04\/Elke-bij-Over-ons-771x1030.jpg\",\"datePublished\":\"2017-09-21T09:41:24+00:00\",\"dateModified\":\"2022-01-12T11:27:12+00:00\",\"description\":\"De zoektocht naar functionele kledij die toch kleurrijk en modieus was, het bleef een continue opgave. Gozz4All is hierop het antwoord.\",\"breadcrumb\":{\"@id\":\"https:\/\/gozz4all.com\/ons-verhaal\/#breadcrumb\"},\"inLanguage\":\"fr-FR\",\"potentialAction\":[{\"@type\":\"ReadAction\",\"target\":[\"https:\/\/gozz4all.com\/ons-verhaal\/\"]}]},{\"@type\":\"ImageObject\",\"inLanguage\":\"fr-FR\",\"@id\":\"https:\/\/gozz4all.com\/ons-verhaal\/#primaryimage\",\"url\":\"https:\/\/gozz4all.com\/wp-content\/uploads\/2020\/04\/Elke-bij-Over-ons-771x1030.jpg\",\"contentUrl\":\"https:\/\/gozz4all.com\/wp-content\/uploads\/2020\/04\/Elke-bij-Over-ons-771x1030.jpg\"},{\"@type\":\"BreadcrumbList\",\"@id\":\"https:\/\/gozz4all.com\/ons-verhaal\/#breadcrumb\",\"itemListElement\":[{\"@type\":\"ListItem\",\"position\":1,\"name\":\"Home\",\"item\":\"https:\/\/gozz4all.com\/\"},{\"@type\":\"ListItem\",\"position\":2,\"name\":\"Ons verhaal\"}]},{\"@type\":\"WebSite\",\"@id\":\"https:\/\/gozz4all.com\/fr\/#website\",\"url\":\"https:\/\/gozz4all.com\/fr\/\",\"name\":\"Gozz4All\",\"description\":\"Gozz4All\",\"publisher\":{\"@id\":\"https:\/\/gozz4all.com\/fr\/#organization\"},\"potentialAction\":[{\"@type\":\"SearchAction\",\"target\":{\"@type\":\"EntryPoint\",\"urlTemplate\":\"https:\/\/gozz4all.com\/fr\/?s={search_term_string}\"},\"query-input\":{\"@type\":\"PropertyValueSpecification\",\"valueRequired\":true,\"valueName\":\"search_term_string\"}}],\"inLanguage\":\"fr-FR\"},{\"@type\":\"Organization\",\"@id\":\"https:\/\/gozz4all.com\/fr\/#organization\",\"name\":\"Gozz4all\",\"url\":\"https:\/\/gozz4all.com\/fr\/\",\"logo\":{\"@type\":\"ImageObject\",\"inLanguage\":\"fr-FR\",\"@id\":\"https:\/\/gozz4all.com\/fr\/#\/schema\/logo\/image\/\",\"url\":\"https:\/\/gozz4all.com\/wp-content\/uploads\/2020\/04\/Logo-ask-for-better-one.png\",\"contentUrl\":\"https:\/\/gozz4all.com\/wp-content\/uploads\/2020\/04\/Logo-ask-for-better-one.png\",\"width\":146,\"height\":60,\"caption\":\"Gozz4all\"},\"image\":{\"@id\":\"https:\/\/gozz4all.com\/fr\/#\/schema\/logo\/image\/\"},\"sameAs\":[\"https:\/\/www.facebook.com\/gozz4all\/\",\"https:\/\/www.instagram.com\/gozz4allfashion\/?hl=nl\"]}]}<\/script>\n<!-- \/ Yoast SEO plugin. -->","yoast_head_json":{"title":"Het verhaal achter Gozz4All | Modern en goed gekleed","description":"De zoektocht naar functionele kledij die toch kleurrijk en modieus was, het bleef een continue opgave. Gozz4All is hierop het antwoord.","robots":{"index":"index","follow":"follow","max-snippet":"max-snippet:-1","max-image-preview":"max-image-preview:large","max-video-preview":"max-video-preview:-1"},"canonical":"https:\/\/gozz4all.com\/fr\/ons-verhaal\/","og_locale":"fr_FR","og_type":"article","og_title":"Het verhaal achter Gozz4All | Modern en goed gekleed","og_description":"De zoektocht naar functionele kledij die toch kleurrijk en modieus was, het bleef een continue opgave. Gozz4All is hierop het antwoord.","og_url":"https:\/\/gozz4all.com\/fr\/ons-verhaal\/","og_site_name":"Gozz4All","article_publisher":"https:\/\/www.facebook.com\/gozz4all\/","article_modified_time":"2022-01-12T11:27:12+00:00","og_image":[{"url":"https:\/\/gozz4all.com\/wp-content\/uploads\/2020\/04\/Elke-bij-Over-ons-771x1030.jpg","type":"","width":"","height":""}],"twitter_card":"summary_large_image","twitter_misc":{"Dur\u00e9e de lecture estim\u00e9e":"2 minutes"},"schema":{"@context":"https:\/\/schema.org","@graph":[{"@type":"WebPage","@id":"https:\/\/gozz4all.com\/ons-verhaal\/","url":"https:\/\/gozz4all.com\/ons-verhaal\/","name":"Het verhaal achter Gozz4All | Modern en goed gekleed","isPartOf":{"@id":"https:\/\/gozz4all.com\/fr\/#website"},"primaryImageOfPage":{"@id":"https:\/\/gozz4all.com\/ons-verhaal\/#primaryimage"},"image":{"@id":"https:\/\/gozz4all.com\/ons-verhaal\/#primaryimage"},"thumbnailUrl":"https:\/\/gozz4all.com\/wp-content\/uploads\/2020\/04\/Elke-bij-Over-ons-771x1030.jpg","datePublished":"2017-09-21T09:41:24+00:00","dateModified":"2022-01-12T11:27:12+00:00","description":"De zoektocht naar functionele kledij die toch kleurrijk en modieus was, het bleef een continue opgave. Gozz4All is hierop het antwoord.","breadcrumb":{"@id":"https:\/\/gozz4all.com\/ons-verhaal\/#breadcrumb"},"inLanguage":"fr-FR","potentialAction":[{"@type":"ReadAction","target":["https:\/\/gozz4all.com\/ons-verhaal\/"]}]},{"@type":"ImageObject","inLanguage":"fr-FR","@id":"https:\/\/gozz4all.com\/ons-verhaal\/#primaryimage","url":"https:\/\/gozz4all.com\/wp-content\/uploads\/2020\/04\/Elke-bij-Over-ons-771x1030.jpg","contentUrl":"https:\/\/gozz4all.com\/wp-content\/uploads\/2020\/04\/Elke-bij-Over-ons-771x1030.jpg"},{"@type":"BreadcrumbList","@id":"https:\/\/gozz4all.com\/ons-verhaal\/#breadcrumb","itemListElement":[{"@type":"ListItem","position":1,"name":"Home","item":"https:\/\/gozz4all.com\/"},{"@type":"ListItem","position":2,"name":"Ons verhaal"}]},{"@type":"WebSite","@id":"https:\/\/gozz4all.com\/fr\/#website","url":"https:\/\/gozz4all.com\/fr\/","name":"Gozz4All","description":"Gozz4All","publisher":{"@id":"https:\/\/gozz4all.com\/fr\/#organization"},"potentialAction":[{"@type":"SearchAction","target":{"@type":"EntryPoint","urlTemplate":"https:\/\/gozz4all.com\/fr\/?s={search_term_string}"},"query-input":{"@type":"PropertyValueSpecification","valueRequired":true,"valueName":"search_term_string"}}],"inLanguage":"fr-FR"},{"@type":"Organization","@id":"https:\/\/gozz4all.com\/fr\/#organization","name":"Gozz4all","url":"https:\/\/gozz4all.com\/fr\/","logo":{"@type":"ImageObject","inLanguage":"fr-FR","@id":"https:\/\/gozz4all.com\/fr\/#\/schema\/logo\/image\/","url":"https:\/\/gozz4all.com\/wp-content\/uploads\/2020\/04\/Logo-ask-for-better-one.png","contentUrl":"https:\/\/gozz4all.com\/wp-content\/uploads\/2020\/04\/Logo-ask-for-better-one.png","width":146,"height":60,"caption":"Gozz4all"},"image":{"@id":"https:\/\/gozz4all.com\/fr\/#\/schema\/logo\/image\/"},"sameAs":["https:\/\/www.facebook.com\/gozz4all\/","https:\/\/www.instagram.com\/gozz4allfashion\/?hl=nl"]}]}},"_links":{"self":[{"href":"https:\/\/gozz4all.com\/fr\/wp-json\/wp\/v2\/pages\/1494","targetHints":{"allow":["GET"]}}],"collection":[{"href":"https:\/\/gozz4all.com\/fr\/wp-json\/wp\/v2\/pages"}],"about":[{"href":"https:\/\/gozz4all.com\/fr\/wp-json\/wp\/v2\/types\/page"}],"author":[{"embeddable":true,"href":"https:\/\/gozz4all.com\/fr\/wp-json\/wp\/v2\/users\/16"}],"replies":[{"embeddable":true,"href":"https:\/\/gozz4all.com\/fr\/wp-json\/wp\/v2\/comments?post=1494"}],"version-history":[{"count":28,"href":"https:\/\/gozz4all.com\/fr\/wp-json\/wp\/v2\/pages\/1494\/revisions"}],"predecessor-version":[{"id":16042,"href":"https:\/\/gozz4all.com\/fr\/wp-json\/wp\/v2\/pages\/1494\/revisions\/16042"}],"wp:attachment":[{"href":"https:\/\/gozz4all.com\/fr\/wp-json\/wp\/v2\/media?parent=1494"}],"curies":[{"name":"wp","href":"https:\/\/api.w.org\/{rel}","templated":true}]}}