{"id":8783,"date":"2018-11-22T14:58:27","date_gmt":"2018-11-22T12:58:27","guid":{"rendered":"http:\/\/gozz.testomgeving.website\/?post_type=product&#038;p=8783"},"modified":"2022-03-04T12:44:39","modified_gmt":"2022-03-04T10:44:39","slug":"stretch-broek-mona","status":"publish","type":"product","link":"https:\/\/gozz4all.com\/de\/product\/stretch-broek-mona\/","title":{"rendered":"Stretch-Hose Mona"},"content":{"rendered":"<p>Weiche Stretch-Hose mit erh\u00f6htem R\u00fccken. Sie hat einen elastischen Bund, damit Sie sich nicht mit Rei\u00dfverschl\u00fcssen herum\u00e4rgern m\u00fcssen.<\/p>\n<p>&nbsp;<\/p>","protected":false},"excerpt":{"rendered":"<p>Weiche Stretch-Hose mit erh\u00f6htem R\u00fccken. Sie hat einen elastischen Bund, damit Sie sich nicht mit Rei\u00dfverschl\u00fcssen herum\u00e4rgern m\u00fcssen. &nbsp;<\/p>","protected":false},"featured_media":13643,"template":"","meta":[],"product_brand":[],"product_cat":[612,613,48],"product_tag":[],"class_list":{"0":"post-8783","1":"product","2":"type-product","3":"status-publish","4":"has-post-thumbnail","6":"product_cat-ouderen-dementie","7":"product_cat-volwassenen","8":"product_cat-broeken","9":"pa_maat-m-2","10":"pa_maat-92-98","11":"pa_maat-xl-2","12":"pa_maat-104-110-2","13":"pa_maat-xxl","14":"pa_maat-116-122-2","15":"pa_maat-l-2-fr","16":"pa_maat-128-134-2","17":"pa_maat-140-146-2","18":"pa_maat-152-158-2","19":"pa_maat-164-170-2","20":"pa_maat-176-182-2","21":"pa_maat-188-2","22":"pa_maat-s-2","23":"pif-has-gallery","25":"first","26":"instock","27":"featured","28":"taxable","29":"shipping-taxable","30":"purchasable","31":"product-type-variable"},"yoast_head":"<!-- This site is optimized with the Yoast SEO plugin v27.2 - https:\/\/yoast.com\/product\/yoast-seo-wordpress\/ -->\n<title>Stretch broek Mona | Gozz4All<\/title>\n<meta name=\"robots\" content=\"index, follow, max-snippet:-1, max-image-preview:large, max-video-preview:-1\" \/>\n<link rel=\"canonical\" href=\"https:\/\/gozz4all.com\/de\/kleding\/broeken\/stretch-broek-mona\/\" \/>\n<meta property=\"og:locale\" content=\"de_DE\" \/>\n<meta property=\"og:type\" content=\"article\" \/>\n<meta property=\"og:title\" content=\"Stretch broek Mona | Gozz4All\" \/>\n<meta property=\"og:description\" content=\"Zachte stretch broek met verhoogde achterkant. Deze heeft een elastiek in de tailleband zodat u geen last heeft van ritsen. &nbsp;\" \/>\n<meta property=\"og:url\" content=\"https:\/\/gozz4all.com\/de\/kleding\/broeken\/stretch-broek-mona\/\" \/>\n<meta property=\"og:site_name\" content=\"Gozz4All\" \/>\n<meta property=\"article:publisher\" content=\"https:\/\/www.facebook.com\/gozz4all\/\" \/>\n<meta property=\"article:modified_time\" content=\"2022-03-04T10:44:39+00:00\" \/>\n<meta property=\"og:image\" content=\"https:\/\/gozz4all.com\/wp-content\/uploads\/2018\/11\/IMG_20200625_105405.jpg\" \/>\n\t<meta property=\"og:image:width\" content=\"900\" \/>\n\t<meta property=\"og:image:height\" content=\"1200\" \/>\n\t<meta property=\"og:image:type\" content=\"image\/jpeg\" \/>\n<meta name=\"twitter:card\" content=\"summary_large_image\" \/>\n<meta name=\"twitter:label1\" content=\"Gesch\u00e4tzte Lesezeit\" \/>\n\t<meta name=\"twitter:data1\" content=\"1\u00a0Minute\" \/>\n<script type=\"application\/ld+json\" class=\"yoast-schema-graph\">{\"@context\":\"https:\/\/schema.org\",\"@graph\":[{\"@type\":\"WebPage\",\"@id\":\"https:\/\/gozz4all.com\/kleding\/broeken\/stretch-broek-mona\/\",\"url\":\"https:\/\/gozz4all.com\/kleding\/broeken\/stretch-broek-mona\/\",\"name\":\"Stretch broek Mona | Gozz4All\",\"isPartOf\":{\"@id\":\"https:\/\/gozz4all.com\/fr\/#website\"},\"primaryImageOfPage\":{\"@id\":\"https:\/\/gozz4all.com\/kleding\/broeken\/stretch-broek-mona\/#primaryimage\"},\"image\":{\"@id\":\"https:\/\/gozz4all.com\/kleding\/broeken\/stretch-broek-mona\/#primaryimage\"},\"thumbnailUrl\":\"https:\/\/gozz4all.com\/wp-content\/uploads\/2018\/11\/IMG_20200625_105405.jpg\",\"datePublished\":\"2018-11-22T12:58:27+00:00\",\"dateModified\":\"2022-03-04T10:44:39+00:00\",\"breadcrumb\":{\"@id\":\"https:\/\/gozz4all.com\/kleding\/broeken\/stretch-broek-mona\/#breadcrumb\"},\"inLanguage\":\"de\",\"potentialAction\":[{\"@type\":\"ReadAction\",\"target\":[\"https:\/\/gozz4all.com\/kleding\/broeken\/stretch-broek-mona\/\"]}]},{\"@type\":\"ImageObject\",\"inLanguage\":\"de\",\"@id\":\"https:\/\/gozz4all.com\/kleding\/broeken\/stretch-broek-mona\/#primaryimage\",\"url\":\"https:\/\/gozz4all.com\/wp-content\/uploads\/2018\/11\/IMG_20200625_105405.jpg\",\"contentUrl\":\"https:\/\/gozz4all.com\/wp-content\/uploads\/2018\/11\/IMG_20200625_105405.jpg\",\"width\":900,\"height\":1200},{\"@type\":\"BreadcrumbList\",\"@id\":\"https:\/\/gozz4all.com\/kleding\/broeken\/stretch-broek-mona\/#breadcrumb\",\"itemListElement\":[{\"@type\":\"ListItem\",\"position\":1,\"name\":\"Home\",\"item\":\"https:\/\/gozz4all.com\/\"},{\"@type\":\"ListItem\",\"position\":2,\"name\":\"Producten\",\"item\":\"https:\/\/gozz4all.com\/shop\/\"},{\"@type\":\"ListItem\",\"position\":3,\"name\":\"Stretch broek Mona\"}]},{\"@type\":\"WebSite\",\"@id\":\"https:\/\/gozz4all.com\/fr\/#website\",\"url\":\"https:\/\/gozz4all.com\/fr\/\",\"name\":\"Gozz4All\",\"description\":\"Gozz4All\",\"publisher\":{\"@id\":\"https:\/\/gozz4all.com\/fr\/#organization\"},\"potentialAction\":[{\"@type\":\"SearchAction\",\"target\":{\"@type\":\"EntryPoint\",\"urlTemplate\":\"https:\/\/gozz4all.com\/fr\/?s={search_term_string}\"},\"query-input\":{\"@type\":\"PropertyValueSpecification\",\"valueRequired\":true,\"valueName\":\"search_term_string\"}}],\"inLanguage\":\"de\"},{\"@type\":\"Organization\",\"@id\":\"https:\/\/gozz4all.com\/fr\/#organization\",\"name\":\"Gozz4all\",\"url\":\"https:\/\/gozz4all.com\/fr\/\",\"logo\":{\"@type\":\"ImageObject\",\"inLanguage\":\"de\",\"@id\":\"https:\/\/gozz4all.com\/fr\/#\/schema\/logo\/image\/\",\"url\":\"https:\/\/gozz4all.com\/wp-content\/uploads\/2020\/04\/Logo-ask-for-better-one.png\",\"contentUrl\":\"https:\/\/gozz4all.com\/wp-content\/uploads\/2020\/04\/Logo-ask-for-better-one.png\",\"width\":146,\"height\":60,\"caption\":\"Gozz4all\"},\"image\":{\"@id\":\"https:\/\/gozz4all.com\/fr\/#\/schema\/logo\/image\/\"},\"sameAs\":[\"https:\/\/www.facebook.com\/gozz4all\/\",\"https:\/\/www.instagram.com\/gozz4allfashion\/?hl=nl\"]}]}<\/script>\n<!-- \/ Yoast SEO plugin. -->","yoast_head_json":{"title":"Stretch broek Mona | Gozz4All","robots":{"index":"index","follow":"follow","max-snippet":"max-snippet:-1","max-image-preview":"max-image-preview:large","max-video-preview":"max-video-preview:-1"},"canonical":"https:\/\/gozz4all.com\/de\/kleding\/broeken\/stretch-broek-mona\/","og_locale":"de_DE","og_type":"article","og_title":"Stretch broek Mona | Gozz4All","og_description":"Zachte stretch broek met verhoogde achterkant. Deze heeft een elastiek in de tailleband zodat u geen last heeft van ritsen. &nbsp;","og_url":"https:\/\/gozz4all.com\/de\/kleding\/broeken\/stretch-broek-mona\/","og_site_name":"Gozz4All","article_publisher":"https:\/\/www.facebook.com\/gozz4all\/","article_modified_time":"2022-03-04T10:44:39+00:00","og_image":[{"width":900,"height":1200,"url":"https:\/\/gozz4all.com\/wp-content\/uploads\/2018\/11\/IMG_20200625_105405.jpg","type":"image\/jpeg"}],"twitter_card":"summary_large_image","twitter_misc":{"Gesch\u00e4tzte Lesezeit":"1\u00a0Minute"},"schema":{"@context":"https:\/\/schema.org","@graph":[{"@type":"WebPage","@id":"https:\/\/gozz4all.com\/kleding\/broeken\/stretch-broek-mona\/","url":"https:\/\/gozz4all.com\/kleding\/broeken\/stretch-broek-mona\/","name":"Stretch broek Mona | Gozz4All","isPartOf":{"@id":"https:\/\/gozz4all.com\/fr\/#website"},"primaryImageOfPage":{"@id":"https:\/\/gozz4all.com\/kleding\/broeken\/stretch-broek-mona\/#primaryimage"},"image":{"@id":"https:\/\/gozz4all.com\/kleding\/broeken\/stretch-broek-mona\/#primaryimage"},"thumbnailUrl":"https:\/\/gozz4all.com\/wp-content\/uploads\/2018\/11\/IMG_20200625_105405.jpg","datePublished":"2018-11-22T12:58:27+00:00","dateModified":"2022-03-04T10:44:39+00:00","breadcrumb":{"@id":"https:\/\/gozz4all.com\/kleding\/broeken\/stretch-broek-mona\/#breadcrumb"},"inLanguage":"de","potentialAction":[{"@type":"ReadAction","target":["https:\/\/gozz4all.com\/kleding\/broeken\/stretch-broek-mona\/"]}]},{"@type":"ImageObject","inLanguage":"de","@id":"https:\/\/gozz4all.com\/kleding\/broeken\/stretch-broek-mona\/#primaryimage","url":"https:\/\/gozz4all.com\/wp-content\/uploads\/2018\/11\/IMG_20200625_105405.jpg","contentUrl":"https:\/\/gozz4all.com\/wp-content\/uploads\/2018\/11\/IMG_20200625_105405.jpg","width":900,"height":1200},{"@type":"BreadcrumbList","@id":"https:\/\/gozz4all.com\/kleding\/broeken\/stretch-broek-mona\/#breadcrumb","itemListElement":[{"@type":"ListItem","position":1,"name":"Home","item":"https:\/\/gozz4all.com\/"},{"@type":"ListItem","position":2,"name":"Producten","item":"https:\/\/gozz4all.com\/shop\/"},{"@type":"ListItem","position":3,"name":"Stretch broek Mona"}]},{"@type":"WebSite","@id":"https:\/\/gozz4all.com\/fr\/#website","url":"https:\/\/gozz4all.com\/fr\/","name":"Gozz4All","description":"Gozz4All","publisher":{"@id":"https:\/\/gozz4all.com\/fr\/#organization"},"potentialAction":[{"@type":"SearchAction","target":{"@type":"EntryPoint","urlTemplate":"https:\/\/gozz4all.com\/fr\/?s={search_term_string}"},"query-input":{"@type":"PropertyValueSpecification","valueRequired":true,"valueName":"search_term_string"}}],"inLanguage":"de"},{"@type":"Organization","@id":"https:\/\/gozz4all.com\/fr\/#organization","name":"Gozz4all","url":"https:\/\/gozz4all.com\/fr\/","logo":{"@type":"ImageObject","inLanguage":"de","@id":"https:\/\/gozz4all.com\/fr\/#\/schema\/logo\/image\/","url":"https:\/\/gozz4all.com\/wp-content\/uploads\/2020\/04\/Logo-ask-for-better-one.png","contentUrl":"https:\/\/gozz4all.com\/wp-content\/uploads\/2020\/04\/Logo-ask-for-better-one.png","width":146,"height":60,"caption":"Gozz4all"},"image":{"@id":"https:\/\/gozz4all.com\/fr\/#\/schema\/logo\/image\/"},"sameAs":["https:\/\/www.facebook.com\/gozz4all\/","https:\/\/www.instagram.com\/gozz4allfashion\/?hl=nl"]}]}},"_links":{"self":[{"href":"https:\/\/gozz4all.com\/de\/wp-json\/wp\/v2\/product\/8783","targetHints":{"allow":["GET"]}}],"collection":[{"href":"https:\/\/gozz4all.com\/de\/wp-json\/wp\/v2\/product"}],"about":[{"href":"https:\/\/gozz4all.com\/de\/wp-json\/wp\/v2\/types\/product"}],"wp:featuredmedia":[{"embeddable":true,"href":"https:\/\/gozz4all.com\/de\/wp-json\/wp\/v2\/media\/13643"}],"wp:attachment":[{"href":"https:\/\/gozz4all.com\/de\/wp-json\/wp\/v2\/media?parent=8783"}],"wp:term":[{"taxonomy":"product_brand","embeddable":true,"href":"https:\/\/gozz4all.com\/de\/wp-json\/wp\/v2\/product_brand?post=8783"},{"taxonomy":"product_cat","embeddable":true,"href":"https:\/\/gozz4all.com\/de\/wp-json\/wp\/v2\/product_cat?post=8783"},{"taxonomy":"product_tag","embeddable":true,"href":"https:\/\/gozz4all.com\/de\/wp-json\/wp\/v2\/product_tag?post=8783"}],"curies":[{"name":"wp","href":"https:\/\/api.w.org\/{rel}","templated":true}]}}