{"id":3660,"date":"2017-10-03T21:35:03","date_gmt":"2017-10-03T19:35:03","guid":{"rendered":"http:\/\/gozz.testomgeving.website\/?post_type=product&#038;p=3660"},"modified":"2025-03-03T16:39:57","modified_gmt":"2025-03-03T14:39:57","slug":"anti-scheurpak","status":"publish","type":"product","link":"https:\/\/gozz4all.com\/de\/product\/anti-scheurpak\/","title":{"rendered":"Anti-Zerrei\u00df-Anzug"},"content":{"rendered":"<p>Dieser Anti-Rei\u00df-Anzug aus strapazierf\u00e4higem, geschmeidigem Gewebe ist ideal f\u00fcr alle, die sich st\u00e4ndig ausziehen oder in ihre Kleidung bei\u00dfen. Um die Robustheit zu gew\u00e4hrleisten, sind alle N\u00e4hte mehrfach abgesteppt. Das Modell kann mit kurzen oder langen \u00c4rmeln und\/oder Hosenbeinen sowie mit oder ohne Manschetten ausgestattet werden. Der Anzug ist ger\u00e4umig genug, um eine Windel unterzubringen. Der Rei\u00dfverschluss am R\u00fccken kann auch mit einem Schloss versehen werden.<\/p>","protected":false},"excerpt":{"rendered":"<p>Dit Anti-scheurpak gemaakt van een slijtvaste soepele stof is uitermate geschikt voor zij die steeds hun kleren uittrekken of erin bijten. Om de stevigheid te verzekeren zijn alle naden meervoudig gestikt. Het model kan met korte of lange mouwen en\/of broekspijpen voorzien worden en met of zonder manchetten. Het pak is ruim genoeg om er [&hellip;]<\/p>\n","protected":false},"featured_media":12429,"template":"","meta":[],"product_brand":[],"product_cat":[613,611,612,471],"product_tag":[],"class_list":{"0":"post-3660","1":"product","2":"type-product","3":"status-publish","4":"has-post-thumbnail","6":"product_cat-volwassenen","7":"product_cat-kids","8":"product_cat-ouderen-dementie","9":"product_cat-anti-scheur-assortiment","10":"pa_maat-164-170-2","11":"pa_maat-176-182-2","12":"pa_maat-188-2","13":"pa_maat-s-2","14":"pa_maat-m-2","15":"pa_maat-l-2","16":"pa_maat-104-110-2","17":"pa_maat-xl-2","18":"pa_maat-116-122-2","19":"pa_maat-xxl","20":"pa_maat-128-134-2","21":"pa_maat-140-146-2","22":"pa_maat-152-158-2","24":"first","25":"instock","26":"taxable","27":"shipping-taxable","28":"purchasable","29":"product-type-variable"},"yoast_head":"<!-- This site is optimized with the Yoast SEO plugin v27.2 - https:\/\/yoast.com\/product\/yoast-seo-wordpress\/ -->\n<title>Anti-scheurpak | Gozz4All<\/title>\n<meta name=\"description\" content=\"Ons anti-scheurpak is gemaakt uit een extra sterke jeans stof die geschikt is voor personen die hun kleding kapot scheuren of hierin bijten.\" \/>\n<meta name=\"robots\" content=\"index, follow, max-snippet:-1, max-image-preview:large, max-video-preview:-1\" \/>\n<link rel=\"canonical\" href=\"https:\/\/gozz4all.com\/de\/produkt\/anti-scheurpak\/\" \/>\n<meta property=\"og:locale\" content=\"de_DE\" \/>\n<meta property=\"og:type\" content=\"article\" \/>\n<meta property=\"og:title\" content=\"Anti-scheurpak | Gozz4All\" \/>\n<meta property=\"og:description\" content=\"Ons anti-scheurpak is gemaakt uit een extra sterke jeans stof die geschikt is voor personen die hun kleding kapot scheuren of hierin bijten.\" \/>\n<meta property=\"og:url\" content=\"https:\/\/gozz4all.com\/de\/produkt\/anti-scheurpak\/\" \/>\n<meta property=\"og:site_name\" content=\"Gozz4All\" \/>\n<meta property=\"article:publisher\" content=\"https:\/\/www.facebook.com\/gozz4all\/\" \/>\n<meta property=\"article:modified_time\" content=\"2025-03-03T14:39:57+00:00\" \/>\n<meta property=\"og:image\" content=\"https:\/\/gozz4all.com\/wp-content\/uploads\/2017\/10\/antischeur.jpg\" \/>\n\t<meta property=\"og:image:width\" content=\"451\" \/>\n\t<meta property=\"og:image:height\" content=\"451\" \/>\n\t<meta property=\"og:image:type\" content=\"image\/jpeg\" \/>\n<meta name=\"twitter:card\" content=\"summary_large_image\" \/>\n<script type=\"application\/ld+json\" class=\"yoast-schema-graph\">{\"@context\":\"https:\/\/schema.org\",\"@graph\":[{\"@type\":\"WebPage\",\"@id\":\"https:\/\/gozz4all.com\/product\/anti-scheurpak\/\",\"url\":\"https:\/\/gozz4all.com\/product\/anti-scheurpak\/\",\"name\":\"Anti-scheurpak | Gozz4All\",\"isPartOf\":{\"@id\":\"https:\/\/gozz4all.com\/fr\/#website\"},\"primaryImageOfPage\":{\"@id\":\"https:\/\/gozz4all.com\/product\/anti-scheurpak\/#primaryimage\"},\"image\":{\"@id\":\"https:\/\/gozz4all.com\/product\/anti-scheurpak\/#primaryimage\"},\"thumbnailUrl\":\"https:\/\/gozz4all.com\/wp-content\/uploads\/2017\/10\/antischeur.jpg\",\"datePublished\":\"2017-10-03T19:35:03+00:00\",\"dateModified\":\"2025-03-03T14:39:57+00:00\",\"description\":\"Ons anti-scheurpak is gemaakt uit een extra sterke jeans stof die geschikt is voor personen die hun kleding kapot scheuren of hierin bijten.\",\"breadcrumb\":{\"@id\":\"https:\/\/gozz4all.com\/product\/anti-scheurpak\/#breadcrumb\"},\"inLanguage\":\"de\",\"potentialAction\":[{\"@type\":\"ReadAction\",\"target\":[\"https:\/\/gozz4all.com\/product\/anti-scheurpak\/\"]}]},{\"@type\":\"ImageObject\",\"inLanguage\":\"de\",\"@id\":\"https:\/\/gozz4all.com\/product\/anti-scheurpak\/#primaryimage\",\"url\":\"https:\/\/gozz4all.com\/wp-content\/uploads\/2017\/10\/antischeur.jpg\",\"contentUrl\":\"https:\/\/gozz4all.com\/wp-content\/uploads\/2017\/10\/antischeur.jpg\",\"width\":451,\"height\":451},{\"@type\":\"BreadcrumbList\",\"@id\":\"https:\/\/gozz4all.com\/product\/anti-scheurpak\/#breadcrumb\",\"itemListElement\":[{\"@type\":\"ListItem\",\"position\":1,\"name\":\"Home\",\"item\":\"https:\/\/gozz4all.com\/\"},{\"@type\":\"ListItem\",\"position\":2,\"name\":\"Producten\",\"item\":\"https:\/\/gozz4all.com\/shop\/\"},{\"@type\":\"ListItem\",\"position\":3,\"name\":\"Anti-scheurpak\"}]},{\"@type\":\"WebSite\",\"@id\":\"https:\/\/gozz4all.com\/fr\/#website\",\"url\":\"https:\/\/gozz4all.com\/fr\/\",\"name\":\"Gozz4All\",\"description\":\"Gozz4All\",\"publisher\":{\"@id\":\"https:\/\/gozz4all.com\/fr\/#organization\"},\"potentialAction\":[{\"@type\":\"SearchAction\",\"target\":{\"@type\":\"EntryPoint\",\"urlTemplate\":\"https:\/\/gozz4all.com\/fr\/?s={search_term_string}\"},\"query-input\":{\"@type\":\"PropertyValueSpecification\",\"valueRequired\":true,\"valueName\":\"search_term_string\"}}],\"inLanguage\":\"de\"},{\"@type\":\"Organization\",\"@id\":\"https:\/\/gozz4all.com\/fr\/#organization\",\"name\":\"Gozz4all\",\"url\":\"https:\/\/gozz4all.com\/fr\/\",\"logo\":{\"@type\":\"ImageObject\",\"inLanguage\":\"de\",\"@id\":\"https:\/\/gozz4all.com\/fr\/#\/schema\/logo\/image\/\",\"url\":\"https:\/\/gozz4all.com\/wp-content\/uploads\/2020\/04\/Logo-ask-for-better-one.png\",\"contentUrl\":\"https:\/\/gozz4all.com\/wp-content\/uploads\/2020\/04\/Logo-ask-for-better-one.png\",\"width\":146,\"height\":60,\"caption\":\"Gozz4all\"},\"image\":{\"@id\":\"https:\/\/gozz4all.com\/fr\/#\/schema\/logo\/image\/\"},\"sameAs\":[\"https:\/\/www.facebook.com\/gozz4all\/\",\"https:\/\/www.instagram.com\/gozz4allfashion\/?hl=nl\"]}]}<\/script>\n<!-- \/ Yoast SEO plugin. -->","yoast_head_json":{"title":"Anti-scheurpak | Gozz4All","description":"Ons anti-scheurpak is gemaakt uit een extra sterke jeans stof die geschikt is voor personen die hun kleding kapot scheuren of hierin bijten.","robots":{"index":"index","follow":"follow","max-snippet":"max-snippet:-1","max-image-preview":"max-image-preview:large","max-video-preview":"max-video-preview:-1"},"canonical":"https:\/\/gozz4all.com\/de\/produkt\/anti-scheurpak\/","og_locale":"de_DE","og_type":"article","og_title":"Anti-scheurpak | Gozz4All","og_description":"Ons anti-scheurpak is gemaakt uit een extra sterke jeans stof die geschikt is voor personen die hun kleding kapot scheuren of hierin bijten.","og_url":"https:\/\/gozz4all.com\/de\/produkt\/anti-scheurpak\/","og_site_name":"Gozz4All","article_publisher":"https:\/\/www.facebook.com\/gozz4all\/","article_modified_time":"2025-03-03T14:39:57+00:00","og_image":[{"width":451,"height":451,"url":"https:\/\/gozz4all.com\/wp-content\/uploads\/2017\/10\/antischeur.jpg","type":"image\/jpeg"}],"twitter_card":"summary_large_image","schema":{"@context":"https:\/\/schema.org","@graph":[{"@type":"WebPage","@id":"https:\/\/gozz4all.com\/product\/anti-scheurpak\/","url":"https:\/\/gozz4all.com\/product\/anti-scheurpak\/","name":"Anti-scheurpak | Gozz4All","isPartOf":{"@id":"https:\/\/gozz4all.com\/fr\/#website"},"primaryImageOfPage":{"@id":"https:\/\/gozz4all.com\/product\/anti-scheurpak\/#primaryimage"},"image":{"@id":"https:\/\/gozz4all.com\/product\/anti-scheurpak\/#primaryimage"},"thumbnailUrl":"https:\/\/gozz4all.com\/wp-content\/uploads\/2017\/10\/antischeur.jpg","datePublished":"2017-10-03T19:35:03+00:00","dateModified":"2025-03-03T14:39:57+00:00","description":"Ons anti-scheurpak is gemaakt uit een extra sterke jeans stof die geschikt is voor personen die hun kleding kapot scheuren of hierin bijten.","breadcrumb":{"@id":"https:\/\/gozz4all.com\/product\/anti-scheurpak\/#breadcrumb"},"inLanguage":"de","potentialAction":[{"@type":"ReadAction","target":["https:\/\/gozz4all.com\/product\/anti-scheurpak\/"]}]},{"@type":"ImageObject","inLanguage":"de","@id":"https:\/\/gozz4all.com\/product\/anti-scheurpak\/#primaryimage","url":"https:\/\/gozz4all.com\/wp-content\/uploads\/2017\/10\/antischeur.jpg","contentUrl":"https:\/\/gozz4all.com\/wp-content\/uploads\/2017\/10\/antischeur.jpg","width":451,"height":451},{"@type":"BreadcrumbList","@id":"https:\/\/gozz4all.com\/product\/anti-scheurpak\/#breadcrumb","itemListElement":[{"@type":"ListItem","position":1,"name":"Home","item":"https:\/\/gozz4all.com\/"},{"@type":"ListItem","position":2,"name":"Producten","item":"https:\/\/gozz4all.com\/shop\/"},{"@type":"ListItem","position":3,"name":"Anti-scheurpak"}]},{"@type":"WebSite","@id":"https:\/\/gozz4all.com\/fr\/#website","url":"https:\/\/gozz4all.com\/fr\/","name":"Gozz4All","description":"Gozz4All","publisher":{"@id":"https:\/\/gozz4all.com\/fr\/#organization"},"potentialAction":[{"@type":"SearchAction","target":{"@type":"EntryPoint","urlTemplate":"https:\/\/gozz4all.com\/fr\/?s={search_term_string}"},"query-input":{"@type":"PropertyValueSpecification","valueRequired":true,"valueName":"search_term_string"}}],"inLanguage":"de"},{"@type":"Organization","@id":"https:\/\/gozz4all.com\/fr\/#organization","name":"Gozz4all","url":"https:\/\/gozz4all.com\/fr\/","logo":{"@type":"ImageObject","inLanguage":"de","@id":"https:\/\/gozz4all.com\/fr\/#\/schema\/logo\/image\/","url":"https:\/\/gozz4all.com\/wp-content\/uploads\/2020\/04\/Logo-ask-for-better-one.png","contentUrl":"https:\/\/gozz4all.com\/wp-content\/uploads\/2020\/04\/Logo-ask-for-better-one.png","width":146,"height":60,"caption":"Gozz4all"},"image":{"@id":"https:\/\/gozz4all.com\/fr\/#\/schema\/logo\/image\/"},"sameAs":["https:\/\/www.facebook.com\/gozz4all\/","https:\/\/www.instagram.com\/gozz4allfashion\/?hl=nl"]}]}},"_links":{"self":[{"href":"https:\/\/gozz4all.com\/de\/wp-json\/wp\/v2\/product\/3660","targetHints":{"allow":["GET"]}}],"collection":[{"href":"https:\/\/gozz4all.com\/de\/wp-json\/wp\/v2\/product"}],"about":[{"href":"https:\/\/gozz4all.com\/de\/wp-json\/wp\/v2\/types\/product"}],"wp:featuredmedia":[{"embeddable":true,"href":"https:\/\/gozz4all.com\/de\/wp-json\/wp\/v2\/media\/12429"}],"wp:attachment":[{"href":"https:\/\/gozz4all.com\/de\/wp-json\/wp\/v2\/media?parent=3660"}],"wp:term":[{"taxonomy":"product_brand","embeddable":true,"href":"https:\/\/gozz4all.com\/de\/wp-json\/wp\/v2\/product_brand?post=3660"},{"taxonomy":"product_cat","embeddable":true,"href":"https:\/\/gozz4all.com\/de\/wp-json\/wp\/v2\/product_cat?post=3660"},{"taxonomy":"product_tag","embeddable":true,"href":"https:\/\/gozz4all.com\/de\/wp-json\/wp\/v2\/product_tag?post=3660"}],"curies":[{"name":"wp","href":"https:\/\/api.w.org\/{rel}","templated":true}]}}