{"id":25089,"date":"2023-02-24T17:39:15","date_gmt":"2023-02-24T15:39:15","guid":{"rendered":"https:\/\/gozz4all.com\/?post_type=product&#038;p=25089"},"modified":"2023-02-24T17:46:32","modified_gmt":"2023-02-24T15:46:32","slug":"beleefdeken-voeldeken-snoezeldeken","status":"publish","type":"product","link":"https:\/\/gozz4all.com\/de\/product\/beleefdeken-voeldeken-snoezeldeken\/","title":{"rendered":"Erlebnisdecke - Schlummerdecke"},"content":{"rendered":"<p>Touch-Decke - Schlummerdecke<\/p>\n<p>Auch durch die Verwendung unterschiedlichster Materialien f\u00f6rdert das F\u00fchlkissen den Tastsinn und stimuliert verschiedene Gehirnbereiche.<br \/>\nDeshalb wird sie auch Erlebnisdecke - Filzdecke - Schlummerdecke genannt.<\/p>\n<p>Snoezelen vermittelt ein Gef\u00fchl von Sicherheit und Ruhe. Es kann Bilder, Worte, Begriffe, Zeichen und Symbole hervorrufen.<br \/>\nVielleicht bringen sie Sie sogar zum Lachen oder r\u00fchren Sie zu Tr\u00e4nen.<br \/>\nEs eignet sich besonders f\u00fcr Menschen mit Alzheimer oder Demenz, aber auch f\u00fcr Menschen und Kinder mit anderen Behinderungen.<br \/>\nEin schwer erreichbarer Mensch leidet oft darunter, nicht verstanden zu werden, ist dann frustriert und zieht sich immer mehr in seine Welt zur\u00fcck.<br \/>\nDas Snoozeln mit Hilfe unseres Snoozle-Kissens erm\u00f6glicht es den Menschen, wieder miteinander zu kommunizieren, denn mit diesem Kissen hat die Person das Gef\u00fchl, dass jemand auf ihre Welt antwortet.<br \/>\nDies erm\u00f6glicht eine entspannte Begegnung, bei der er oder sie sich wohl f\u00fchlt.<br \/>\nDer Mensch wird durch die Verwendung verschiedener Farben, unterschiedlicher Stoffarten, Kn\u00f6pfe in verschiedenen Gr\u00f6\u00dfen, Rei\u00dfverschl\u00fcsse oder anderer Materialien, die an der Schlummerdecke angebracht werden k\u00f6nnen, stimuliert.<\/p>\n<p>Gr\u00f6\u00dfe 40 cm x 40 cm, und waschbar bei 40\u00b0<\/p>","protected":false},"excerpt":{"rendered":"<p>Touch-Decke - Schlummerdecke<\/p>\n<p>Auch durch die Verwendung unterschiedlichster Materialien f\u00f6rdert das F\u00fchlkissen den Tastsinn und stimuliert verschiedene Gehirnbereiche.<br \/>\nDeshalb wird sie auch Erlebnisdecke - Filzdecke - Schlummerdecke genannt.<\/p>\n<p>Snoezelen vermittelt ein Gef\u00fchl von Sicherheit und Ruhe. Es kann Bilder, Worte, Begriffe, Zeichen und Symbole hervorrufen.<br \/>\nVielleicht bringen sie Sie sogar zum Lachen oder r\u00fchren Sie zu Tr\u00e4nen.<br \/>\nEs eignet sich besonders f\u00fcr Menschen mit Alzheimer oder Demenz, aber auch f\u00fcr Menschen und Kinder mit anderen Behinderungen.<br \/>\nEin schwer erreichbarer Mensch leidet oft darunter, nicht verstanden zu werden, ist dann frustriert und zieht sich immer mehr in seine Welt zur\u00fcck.<br \/>\nDas Snoozeln mit Hilfe unseres Snoozle-Kissens erm\u00f6glicht es den Menschen, wieder miteinander zu kommunizieren, denn mit diesem Kissen hat die Person das Gef\u00fchl, dass jemand auf ihre Welt antwortet.<br \/>\nDies erm\u00f6glicht eine entspannte Begegnung, bei der er oder sie sich wohl f\u00fchlt.<br \/>\nDer Mensch wird durch die Verwendung verschiedener Farben, unterschiedlicher Stoffarten, Kn\u00f6pfe in verschiedenen Gr\u00f6\u00dfen, Rei\u00dfverschl\u00fcsse oder anderer Materialien, die an der Schlummerdecke angebracht werden k\u00f6nnen, stimuliert.<\/p>\n<p>Gr\u00f6\u00dfe 40 cm x 40 cm, und waschbar bei 40\u00b0<\/p>","protected":false},"featured_media":25087,"template":"","meta":[],"product_brand":[],"product_cat":[774,254],"product_tag":[],"class_list":{"0":"post-25089","1":"product","2":"type-product","3":"status-publish","4":"has-post-thumbnail","6":"product_cat-voelkussen-friemelkussen-belevingskussen-voelshort-voeldeken","7":"product_cat-hulpmiddelen","9":"first","10":"instock","11":"taxable","12":"shipping-taxable","13":"purchasable","14":"product-type-simple"},"yoast_head":"<!-- This site is optimized with the Yoast SEO plugin v27.2 - https:\/\/yoast.com\/product\/yoast-seo-wordpress\/ -->\n<title>Beleefdeken - voeldeken - snoezeldeken<\/title>\n<meta name=\"description\" content=\"Beleefdeken - voeldeken - snoezeldeken. Stimuleert verschillende hersengebieden. Het snoezelen geeft een gevoel van veiligheid en rust. gozz4all.com\" \/>\n<meta name=\"robots\" content=\"index, follow, max-snippet:-1, max-image-preview:large, max-video-preview:-1\" \/>\n<link rel=\"canonical\" href=\"https:\/\/gozz4all.com\/de\/hulpmiddelen\/voelkussen-friemelkussen-belevingskussen-voelshort-voeldeken\/voelkussen-friemelkussen-belevingskussen-kopie\/\" \/>\n<meta property=\"og:locale\" content=\"de_DE\" \/>\n<meta property=\"og:type\" content=\"article\" \/>\n<meta property=\"og:title\" content=\"Beleefdeken - voeldeken - snoezeldeken\" \/>\n<meta property=\"og:description\" content=\"Beleefdeken - voeldeken - snoezeldeken. Stimuleert verschillende hersengebieden. Het snoezelen geeft een gevoel van veiligheid en rust. gozz4all.com\" \/>\n<meta property=\"og:url\" content=\"https:\/\/gozz4all.com\/de\/hulpmiddelen\/voelkussen-friemelkussen-belevingskussen-voelshort-voeldeken\/voelkussen-friemelkussen-belevingskussen-kopie\/\" \/>\n<meta property=\"og:site_name\" content=\"Gozz4All\" \/>\n<meta property=\"article:publisher\" content=\"https:\/\/www.facebook.com\/gozz4all\/\" \/>\n<meta property=\"article:modified_time\" content=\"2023-02-24T15:46:32+00:00\" \/>\n<meta property=\"og:image\" content=\"https:\/\/gozz4all.com\/wp-content\/uploads\/2023\/02\/DSC_0396-2-1030x1015.png\" \/>\n\t<meta property=\"og:image:width\" content=\"1030\" \/>\n\t<meta property=\"og:image:height\" content=\"1015\" \/>\n\t<meta property=\"og:image:type\" content=\"image\/png\" \/>\n<meta name=\"twitter:card\" content=\"summary_large_image\" \/>\n<meta name=\"twitter:label1\" content=\"Gesch\u00e4tzte Lesezeit\" \/>\n\t<meta name=\"twitter:data1\" content=\"1\u00a0Minute\" \/>\n<script type=\"application\/ld+json\" class=\"yoast-schema-graph\">{\"@context\":\"https:\/\/schema.org\",\"@graph\":[{\"@type\":\"WebPage\",\"@id\":\"https:\/\/gozz4all.com\/hulpmiddelen\/voelkussen-friemelkussen-belevingskussen-voelshort-voeldeken\/voelkussen-friemelkussen-belevingskussen-kopie\/\",\"url\":\"https:\/\/gozz4all.com\/hulpmiddelen\/voelkussen-friemelkussen-belevingskussen-voelshort-voeldeken\/voelkussen-friemelkussen-belevingskussen-kopie\/\",\"name\":\"Beleefdeken - voeldeken - snoezeldeken\",\"isPartOf\":{\"@id\":\"https:\/\/gozz4all.com\/fr\/#website\"},\"primaryImageOfPage\":{\"@id\":\"https:\/\/gozz4all.com\/hulpmiddelen\/voelkussen-friemelkussen-belevingskussen-voelshort-voeldeken\/voelkussen-friemelkussen-belevingskussen-kopie\/#primaryimage\"},\"image\":{\"@id\":\"https:\/\/gozz4all.com\/hulpmiddelen\/voelkussen-friemelkussen-belevingskussen-voelshort-voeldeken\/voelkussen-friemelkussen-belevingskussen-kopie\/#primaryimage\"},\"thumbnailUrl\":\"https:\/\/gozz4all.com\/wp-content\/uploads\/2023\/02\/DSC_0396-2.png\",\"datePublished\":\"2023-02-24T15:39:15+00:00\",\"dateModified\":\"2023-02-24T15:46:32+00:00\",\"description\":\"Beleefdeken - voeldeken - snoezeldeken. Stimuleert verschillende hersengebieden. Het snoezelen geeft een gevoel van veiligheid en rust. gozz4all.com\",\"breadcrumb\":{\"@id\":\"https:\/\/gozz4all.com\/hulpmiddelen\/voelkussen-friemelkussen-belevingskussen-voelshort-voeldeken\/voelkussen-friemelkussen-belevingskussen-kopie\/#breadcrumb\"},\"inLanguage\":\"de\",\"potentialAction\":[{\"@type\":\"ReadAction\",\"target\":[\"https:\/\/gozz4all.com\/hulpmiddelen\/voelkussen-friemelkussen-belevingskussen-voelshort-voeldeken\/voelkussen-friemelkussen-belevingskussen-kopie\/\"]}]},{\"@type\":\"ImageObject\",\"inLanguage\":\"de\",\"@id\":\"https:\/\/gozz4all.com\/hulpmiddelen\/voelkussen-friemelkussen-belevingskussen-voelshort-voeldeken\/voelkussen-friemelkussen-belevingskussen-kopie\/#primaryimage\",\"url\":\"https:\/\/gozz4all.com\/wp-content\/uploads\/2023\/02\/DSC_0396-2.png\",\"contentUrl\":\"https:\/\/gozz4all.com\/wp-content\/uploads\/2023\/02\/DSC_0396-2.png\",\"width\":3685,\"height\":3631,\"caption\":\"Beleefdeken - voeldeken - snoezeldeken\"},{\"@type\":\"BreadcrumbList\",\"@id\":\"https:\/\/gozz4all.com\/hulpmiddelen\/voelkussen-friemelkussen-belevingskussen-voelshort-voeldeken\/voelkussen-friemelkussen-belevingskussen-kopie\/#breadcrumb\",\"itemListElement\":[{\"@type\":\"ListItem\",\"position\":1,\"name\":\"Home\",\"item\":\"https:\/\/gozz4all.com\/\"},{\"@type\":\"ListItem\",\"position\":2,\"name\":\"Producten\",\"item\":\"https:\/\/gozz4all.com\/shop\/\"},{\"@type\":\"ListItem\",\"position\":3,\"name\":\"beleefdeken &#8211; voeldeken &#8211; snoezeldeken\"}]},{\"@type\":\"WebSite\",\"@id\":\"https:\/\/gozz4all.com\/fr\/#website\",\"url\":\"https:\/\/gozz4all.com\/fr\/\",\"name\":\"Gozz4All\",\"description\":\"Gozz4All\",\"publisher\":{\"@id\":\"https:\/\/gozz4all.com\/fr\/#organization\"},\"potentialAction\":[{\"@type\":\"SearchAction\",\"target\":{\"@type\":\"EntryPoint\",\"urlTemplate\":\"https:\/\/gozz4all.com\/fr\/?s={search_term_string}\"},\"query-input\":{\"@type\":\"PropertyValueSpecification\",\"valueRequired\":true,\"valueName\":\"search_term_string\"}}],\"inLanguage\":\"de\"},{\"@type\":\"Organization\",\"@id\":\"https:\/\/gozz4all.com\/fr\/#organization\",\"name\":\"Gozz4all\",\"url\":\"https:\/\/gozz4all.com\/fr\/\",\"logo\":{\"@type\":\"ImageObject\",\"inLanguage\":\"de\",\"@id\":\"https:\/\/gozz4all.com\/fr\/#\/schema\/logo\/image\/\",\"url\":\"https:\/\/gozz4all.com\/wp-content\/uploads\/2020\/04\/Logo-ask-for-better-one.png\",\"contentUrl\":\"https:\/\/gozz4all.com\/wp-content\/uploads\/2020\/04\/Logo-ask-for-better-one.png\",\"width\":146,\"height\":60,\"caption\":\"Gozz4all\"},\"image\":{\"@id\":\"https:\/\/gozz4all.com\/fr\/#\/schema\/logo\/image\/\"},\"sameAs\":[\"https:\/\/www.facebook.com\/gozz4all\/\",\"https:\/\/www.instagram.com\/gozz4allfashion\/?hl=nl\"]}]}<\/script>\n<!-- \/ Yoast SEO plugin. -->","yoast_head_json":{"title":"Beleefdeken - voeldeken - snoezeldeken","description":"Beleefdeken - voeldeken - snoezeldeken. Stimuleert verschillende hersengebieden. Het snoezelen geeft een gevoel van veiligheid en rust. gozz4all.com","robots":{"index":"index","follow":"follow","max-snippet":"max-snippet:-1","max-image-preview":"max-image-preview:large","max-video-preview":"max-video-preview:-1"},"canonical":"https:\/\/gozz4all.com\/de\/hulpmiddelen\/voelkussen-friemelkussen-belevingskussen-voelshort-voeldeken\/voelkussen-friemelkussen-belevingskussen-kopie\/","og_locale":"de_DE","og_type":"article","og_title":"Beleefdeken - voeldeken - snoezeldeken","og_description":"Beleefdeken - voeldeken - snoezeldeken. Stimuleert verschillende hersengebieden. Het snoezelen geeft een gevoel van veiligheid en rust. gozz4all.com","og_url":"https:\/\/gozz4all.com\/de\/hulpmiddelen\/voelkussen-friemelkussen-belevingskussen-voelshort-voeldeken\/voelkussen-friemelkussen-belevingskussen-kopie\/","og_site_name":"Gozz4All","article_publisher":"https:\/\/www.facebook.com\/gozz4all\/","article_modified_time":"2023-02-24T15:46:32+00:00","og_image":[{"width":1030,"height":1015,"url":"https:\/\/gozz4all.com\/wp-content\/uploads\/2023\/02\/DSC_0396-2-1030x1015.png","type":"image\/png"}],"twitter_card":"summary_large_image","twitter_misc":{"Gesch\u00e4tzte Lesezeit":"1\u00a0Minute"},"schema":{"@context":"https:\/\/schema.org","@graph":[{"@type":"WebPage","@id":"https:\/\/gozz4all.com\/hulpmiddelen\/voelkussen-friemelkussen-belevingskussen-voelshort-voeldeken\/voelkussen-friemelkussen-belevingskussen-kopie\/","url":"https:\/\/gozz4all.com\/hulpmiddelen\/voelkussen-friemelkussen-belevingskussen-voelshort-voeldeken\/voelkussen-friemelkussen-belevingskussen-kopie\/","name":"Beleefdeken - voeldeken - snoezeldeken","isPartOf":{"@id":"https:\/\/gozz4all.com\/fr\/#website"},"primaryImageOfPage":{"@id":"https:\/\/gozz4all.com\/hulpmiddelen\/voelkussen-friemelkussen-belevingskussen-voelshort-voeldeken\/voelkussen-friemelkussen-belevingskussen-kopie\/#primaryimage"},"image":{"@id":"https:\/\/gozz4all.com\/hulpmiddelen\/voelkussen-friemelkussen-belevingskussen-voelshort-voeldeken\/voelkussen-friemelkussen-belevingskussen-kopie\/#primaryimage"},"thumbnailUrl":"https:\/\/gozz4all.com\/wp-content\/uploads\/2023\/02\/DSC_0396-2.png","datePublished":"2023-02-24T15:39:15+00:00","dateModified":"2023-02-24T15:46:32+00:00","description":"Beleefdeken - voeldeken - snoezeldeken. Stimuleert verschillende hersengebieden. Het snoezelen geeft een gevoel van veiligheid en rust. gozz4all.com","breadcrumb":{"@id":"https:\/\/gozz4all.com\/hulpmiddelen\/voelkussen-friemelkussen-belevingskussen-voelshort-voeldeken\/voelkussen-friemelkussen-belevingskussen-kopie\/#breadcrumb"},"inLanguage":"de","potentialAction":[{"@type":"ReadAction","target":["https:\/\/gozz4all.com\/hulpmiddelen\/voelkussen-friemelkussen-belevingskussen-voelshort-voeldeken\/voelkussen-friemelkussen-belevingskussen-kopie\/"]}]},{"@type":"ImageObject","inLanguage":"de","@id":"https:\/\/gozz4all.com\/hulpmiddelen\/voelkussen-friemelkussen-belevingskussen-voelshort-voeldeken\/voelkussen-friemelkussen-belevingskussen-kopie\/#primaryimage","url":"https:\/\/gozz4all.com\/wp-content\/uploads\/2023\/02\/DSC_0396-2.png","contentUrl":"https:\/\/gozz4all.com\/wp-content\/uploads\/2023\/02\/DSC_0396-2.png","width":3685,"height":3631,"caption":"Beleefdeken - voeldeken - snoezeldeken"},{"@type":"BreadcrumbList","@id":"https:\/\/gozz4all.com\/hulpmiddelen\/voelkussen-friemelkussen-belevingskussen-voelshort-voeldeken\/voelkussen-friemelkussen-belevingskussen-kopie\/#breadcrumb","itemListElement":[{"@type":"ListItem","position":1,"name":"Home","item":"https:\/\/gozz4all.com\/"},{"@type":"ListItem","position":2,"name":"Producten","item":"https:\/\/gozz4all.com\/shop\/"},{"@type":"ListItem","position":3,"name":"beleefdeken &#8211; voeldeken &#8211; snoezeldeken"}]},{"@type":"WebSite","@id":"https:\/\/gozz4all.com\/fr\/#website","url":"https:\/\/gozz4all.com\/fr\/","name":"Gozz4All","description":"Gozz4All","publisher":{"@id":"https:\/\/gozz4all.com\/fr\/#organization"},"potentialAction":[{"@type":"SearchAction","target":{"@type":"EntryPoint","urlTemplate":"https:\/\/gozz4all.com\/fr\/?s={search_term_string}"},"query-input":{"@type":"PropertyValueSpecification","valueRequired":true,"valueName":"search_term_string"}}],"inLanguage":"de"},{"@type":"Organization","@id":"https:\/\/gozz4all.com\/fr\/#organization","name":"Gozz4all","url":"https:\/\/gozz4all.com\/fr\/","logo":{"@type":"ImageObject","inLanguage":"de","@id":"https:\/\/gozz4all.com\/fr\/#\/schema\/logo\/image\/","url":"https:\/\/gozz4all.com\/wp-content\/uploads\/2020\/04\/Logo-ask-for-better-one.png","contentUrl":"https:\/\/gozz4all.com\/wp-content\/uploads\/2020\/04\/Logo-ask-for-better-one.png","width":146,"height":60,"caption":"Gozz4all"},"image":{"@id":"https:\/\/gozz4all.com\/fr\/#\/schema\/logo\/image\/"},"sameAs":["https:\/\/www.facebook.com\/gozz4all\/","https:\/\/www.instagram.com\/gozz4allfashion\/?hl=nl"]}]}},"_links":{"self":[{"href":"https:\/\/gozz4all.com\/de\/wp-json\/wp\/v2\/product\/25089","targetHints":{"allow":["GET"]}}],"collection":[{"href":"https:\/\/gozz4all.com\/de\/wp-json\/wp\/v2\/product"}],"about":[{"href":"https:\/\/gozz4all.com\/de\/wp-json\/wp\/v2\/types\/product"}],"wp:featuredmedia":[{"embeddable":true,"href":"https:\/\/gozz4all.com\/de\/wp-json\/wp\/v2\/media\/25087"}],"wp:attachment":[{"href":"https:\/\/gozz4all.com\/de\/wp-json\/wp\/v2\/media?parent=25089"}],"wp:term":[{"taxonomy":"product_brand","embeddable":true,"href":"https:\/\/gozz4all.com\/de\/wp-json\/wp\/v2\/product_brand?post=25089"},{"taxonomy":"product_cat","embeddable":true,"href":"https:\/\/gozz4all.com\/de\/wp-json\/wp\/v2\/product_cat?post=25089"},{"taxonomy":"product_tag","embeddable":true,"href":"https:\/\/gozz4all.com\/de\/wp-json\/wp\/v2\/product_tag?post=25089"}],"curies":[{"name":"wp","href":"https:\/\/api.w.org\/{rel}","templated":true}]}}