{"id":25085,"date":"2023-02-24T16:25:17","date_gmt":"2023-02-24T14:25:17","guid":{"rendered":"https:\/\/gozz4all.com\/?post_type=product&#038;p=25085"},"modified":"2023-02-24T16:25:17","modified_gmt":"2023-02-24T14:25:17","slug":"voelkussen-friemelkussen-belevingskussen","status":"publish","type":"product","link":"https:\/\/gozz4all.com\/de\/product\/voelkussen-friemelkussen-belevingskussen\/","title":{"rendered":"F\u00fchlkissen-F\u00fchlkissen-F\u00fchlkissen-F\u00fchlkissen"},"content":{"rendered":"<p>F\u00fchlkissen-F\u00fchlkissen-F\u00fchlkissen-F\u00fchlkissen<\/p>\n<p>Auch durch die Verwendung unterschiedlichster Materialien f\u00f6rdert das F\u00fchlkissen den Tastsinn und stimuliert verschiedene Gehirnbereiche.<br \/>\nDeshalb wird es auch als F\u00fchlkissen, Erlebniskissen, Touchpad oder Zappelkissen bezeichnet.<\/p>\n<p>Snoezelen vermittelt ein Gef\u00fchl von Sicherheit und Ruhe. Es kann Bilder, Worte, Begriffe, Zeichen und Symbole hervorrufen.<br \/>\nVielleicht bringen sie Sie sogar zum Lachen oder r\u00fchren Sie zu Tr\u00e4nen.<br \/>\nEs eignet sich besonders f\u00fcr Menschen mit Alzheimer oder Demenz, aber auch f\u00fcr Menschen und Kinder mit anderen Behinderungen.<br \/>\nEin schwer erreichbarer Mensch leidet oft darunter, nicht verstanden zu werden, ist dann frustriert und zieht sich immer mehr in seine Welt zur\u00fcck.<br \/>\nDas Snoozeln mit Hilfe unseres Snoozle-Kissens erm\u00f6glicht es den Menschen, wieder miteinander zu kommunizieren, denn mit diesem Kissen hat die Person das Gef\u00fchl, dass jemand auf ihre Welt antwortet.<br \/>\nDies erm\u00f6glicht eine entspannte Begegnung, bei der er oder sie sich wohl f\u00fchlt.<br \/>\nDie Person wird durch die Verwendung verschiedener Farben, die unterschiedlichen Stoffarten, Kn\u00f6pfe in verschiedenen Gr\u00f6\u00dfen, Rei\u00dfverschl\u00fcsse oder andere Materialien, die auf dem Snoezel-Kissen angebracht werden k\u00f6nnen, stimuliert.<\/p>\n<p>Das Polster ist ein komplettes Kissen und bei 40\u00b0 waschbar.<\/p>","protected":false},"excerpt":{"rendered":"<p>F\u00fchlkissen-F\u00fchlkissen-F\u00fchlkissen-F\u00fchlkissen<\/p>\n<p>Auch durch die Verwendung unterschiedlichster Materialien f\u00f6rdert das F\u00fchlkissen den Tastsinn und stimuliert verschiedene Gehirnbereiche.<br \/>\nDeshalb wird es auch als F\u00fchlkissen, Erlebniskissen, Touchpad oder Zappelkissen bezeichnet.<\/p>\n<p>Snoezelen vermittelt ein Gef\u00fchl von Sicherheit und Ruhe. Es kann Bilder, Worte, Begriffe, Zeichen und Symbole hervorrufen.<br \/>\nVielleicht bringen sie Sie sogar zum Lachen oder r\u00fchren Sie zu Tr\u00e4nen.<br \/>\nEs eignet sich besonders f\u00fcr Menschen mit Alzheimer oder Demenz, aber auch f\u00fcr Menschen und Kinder mit anderen Behinderungen.<br \/>\nEin schwer erreichbarer Mensch leidet oft darunter, nicht verstanden zu werden, ist dann frustriert und zieht sich immer mehr in seine Welt zur\u00fcck.<br \/>\nDas Snoozeln mit Hilfe unseres Snoozle-Kissens erm\u00f6glicht es den Menschen, wieder miteinander zu kommunizieren, denn mit diesem Kissen hat die Person das Gef\u00fchl, dass jemand auf ihre Welt antwortet.<br \/>\nDies erm\u00f6glicht eine entspannte Begegnung, bei der er oder sie sich wohl f\u00fchlt.<br \/>\nDie Person wird durch die Verwendung verschiedener Farben, die unterschiedlichen Stoffarten, Kn\u00f6pfe in verschiedenen Gr\u00f6\u00dfen, Rei\u00dfverschl\u00fcsse oder andere Materialien, die auf dem Snoezel-Kissen angebracht werden k\u00f6nnen, stimuliert.<\/p>\n<p>Das Polster ist ein komplettes Kissen und bei 40\u00b0 waschbar.<\/p>","protected":false},"featured_media":25086,"template":"","meta":[],"product_brand":[],"product_cat":[774,254],"product_tag":[],"class_list":{"0":"post-25085","1":"product","2":"type-product","3":"status-publish","4":"has-post-thumbnail","6":"product_cat-voelkussen-friemelkussen-belevingskussen-voelshort-voeldeken","7":"product_cat-hulpmiddelen","9":"first","10":"instock","11":"taxable","12":"shipping-taxable","13":"purchasable","14":"product-type-simple"},"yoast_head":"<!-- This site is optimized with the Yoast SEO plugin v27.2 - https:\/\/yoast.com\/product\/yoast-seo-wordpress\/ -->\n<title>Voelkussen-friemelkussen-belevingskussen<\/title>\n<meta name=\"description\" content=\"Voelkussen-friemelkussen-belevingskussen. Stimuleert verschillende hersengebieden. Het snoezelen geeft een gevoel van veiligheid en rust. gozz4all.com\" \/>\n<meta name=\"robots\" content=\"index, follow, max-snippet:-1, max-image-preview:large, max-video-preview:-1\" \/>\n<link rel=\"canonical\" href=\"https:\/\/gozz4all.com\/de\/hulpmiddelen\/voeldeken\/voelkussen-friemelkussen-belevingskussen\/\" \/>\n<meta property=\"og:locale\" content=\"de_DE\" \/>\n<meta property=\"og:type\" content=\"article\" \/>\n<meta property=\"og:title\" content=\"Voelkussen-friemelkussen-belevingskussen\" \/>\n<meta property=\"og:description\" content=\"Voelkussen-friemelkussen-belevingskussen. Stimuleert verschillende hersengebieden. Het snoezelen geeft een gevoel van veiligheid en rust. gozz4all.com\" \/>\n<meta property=\"og:url\" content=\"https:\/\/gozz4all.com\/de\/hulpmiddelen\/voeldeken\/voelkussen-friemelkussen-belevingskussen\/\" \/>\n<meta property=\"og:site_name\" content=\"Gozz4All\" \/>\n<meta property=\"article:publisher\" content=\"https:\/\/www.facebook.com\/gozz4all\/\" \/>\n<meta property=\"og:image\" content=\"https:\/\/gozz4all.com\/wp-content\/uploads\/2023\/02\/DSC_0392-687x1030.png\" \/>\n\t<meta property=\"og:image:width\" content=\"687\" \/>\n\t<meta property=\"og:image:height\" content=\"1030\" \/>\n\t<meta property=\"og:image:type\" content=\"image\/png\" \/>\n<meta name=\"twitter:card\" content=\"summary_large_image\" \/>\n<meta name=\"twitter:label1\" content=\"Gesch\u00e4tzte Lesezeit\" \/>\n\t<meta name=\"twitter:data1\" content=\"1\u00a0Minute\" \/>\n<script type=\"application\/ld+json\" class=\"yoast-schema-graph\">{\"@context\":\"https:\/\/schema.org\",\"@graph\":[{\"@type\":\"WebPage\",\"@id\":\"https:\/\/gozz4all.com\/hulpmiddelen\/voeldeken\/voelkussen-friemelkussen-belevingskussen\/\",\"url\":\"https:\/\/gozz4all.com\/hulpmiddelen\/voeldeken\/voelkussen-friemelkussen-belevingskussen\/\",\"name\":\"Voelkussen-friemelkussen-belevingskussen\",\"isPartOf\":{\"@id\":\"https:\/\/gozz4all.com\/fr\/#website\"},\"primaryImageOfPage\":{\"@id\":\"https:\/\/gozz4all.com\/hulpmiddelen\/voeldeken\/voelkussen-friemelkussen-belevingskussen\/#primaryimage\"},\"image\":{\"@id\":\"https:\/\/gozz4all.com\/hulpmiddelen\/voeldeken\/voelkussen-friemelkussen-belevingskussen\/#primaryimage\"},\"thumbnailUrl\":\"https:\/\/gozz4all.com\/wp-content\/uploads\/2023\/02\/DSC_0392.png\",\"datePublished\":\"2023-02-24T14:25:17+00:00\",\"description\":\"Voelkussen-friemelkussen-belevingskussen. Stimuleert verschillende hersengebieden. Het snoezelen geeft een gevoel van veiligheid en rust. gozz4all.com\",\"breadcrumb\":{\"@id\":\"https:\/\/gozz4all.com\/hulpmiddelen\/voeldeken\/voelkussen-friemelkussen-belevingskussen\/#breadcrumb\"},\"inLanguage\":\"de\",\"potentialAction\":[{\"@type\":\"ReadAction\",\"target\":[\"https:\/\/gozz4all.com\/hulpmiddelen\/voeldeken\/voelkussen-friemelkussen-belevingskussen\/\"]}]},{\"@type\":\"ImageObject\",\"inLanguage\":\"de\",\"@id\":\"https:\/\/gozz4all.com\/hulpmiddelen\/voeldeken\/voelkussen-friemelkussen-belevingskussen\/#primaryimage\",\"url\":\"https:\/\/gozz4all.com\/wp-content\/uploads\/2023\/02\/DSC_0392.png\",\"contentUrl\":\"https:\/\/gozz4all.com\/wp-content\/uploads\/2023\/02\/DSC_0392.png\",\"width\":4000,\"height\":6000,\"caption\":\"Voelkussen-friemelkussen-belevingskussen. Stimuleert verschillende hersengebieden. Het snoezelen geeft een gevoel van veiligheid en rust. gozz4all.com\"},{\"@type\":\"BreadcrumbList\",\"@id\":\"https:\/\/gozz4all.com\/hulpmiddelen\/voeldeken\/voelkussen-friemelkussen-belevingskussen\/#breadcrumb\",\"itemListElement\":[{\"@type\":\"ListItem\",\"position\":1,\"name\":\"Home\",\"item\":\"https:\/\/gozz4all.com\/\"},{\"@type\":\"ListItem\",\"position\":2,\"name\":\"Producten\",\"item\":\"https:\/\/gozz4all.com\/shop\/\"},{\"@type\":\"ListItem\",\"position\":3,\"name\":\"Voelkussen-friemelkussen-belevingskussen\"}]},{\"@type\":\"WebSite\",\"@id\":\"https:\/\/gozz4all.com\/fr\/#website\",\"url\":\"https:\/\/gozz4all.com\/fr\/\",\"name\":\"Gozz4All\",\"description\":\"Gozz4All\",\"publisher\":{\"@id\":\"https:\/\/gozz4all.com\/fr\/#organization\"},\"potentialAction\":[{\"@type\":\"SearchAction\",\"target\":{\"@type\":\"EntryPoint\",\"urlTemplate\":\"https:\/\/gozz4all.com\/fr\/?s={search_term_string}\"},\"query-input\":{\"@type\":\"PropertyValueSpecification\",\"valueRequired\":true,\"valueName\":\"search_term_string\"}}],\"inLanguage\":\"de\"},{\"@type\":\"Organization\",\"@id\":\"https:\/\/gozz4all.com\/fr\/#organization\",\"name\":\"Gozz4all\",\"url\":\"https:\/\/gozz4all.com\/fr\/\",\"logo\":{\"@type\":\"ImageObject\",\"inLanguage\":\"de\",\"@id\":\"https:\/\/gozz4all.com\/fr\/#\/schema\/logo\/image\/\",\"url\":\"https:\/\/gozz4all.com\/wp-content\/uploads\/2020\/04\/Logo-ask-for-better-one.png\",\"contentUrl\":\"https:\/\/gozz4all.com\/wp-content\/uploads\/2020\/04\/Logo-ask-for-better-one.png\",\"width\":146,\"height\":60,\"caption\":\"Gozz4all\"},\"image\":{\"@id\":\"https:\/\/gozz4all.com\/fr\/#\/schema\/logo\/image\/\"},\"sameAs\":[\"https:\/\/www.facebook.com\/gozz4all\/\",\"https:\/\/www.instagram.com\/gozz4allfashion\/?hl=nl\"]}]}<\/script>\n<!-- \/ Yoast SEO plugin. -->","yoast_head_json":{"title":"F\u00fchlkissen-F\u00fchlkissen-F\u00fchlkissen-F\u00fchlkissen","description":"Voelkussen-friemelkussen-belevingskussen. Stimuleert verschillende hersengebieden. Het snoezelen geeft een gevoel van veiligheid en rust. gozz4all.com","robots":{"index":"index","follow":"follow","max-snippet":"max-snippet:-1","max-image-preview":"max-image-preview:large","max-video-preview":"max-video-preview:-1"},"canonical":"https:\/\/gozz4all.com\/de\/hulpmiddelen\/voeldeken\/voelkussen-friemelkussen-belevingskussen\/","og_locale":"de_DE","og_type":"article","og_title":"Voelkussen-friemelkussen-belevingskussen","og_description":"Voelkussen-friemelkussen-belevingskussen. Stimuleert verschillende hersengebieden. Het snoezelen geeft een gevoel van veiligheid en rust. gozz4all.com","og_url":"https:\/\/gozz4all.com\/de\/hulpmiddelen\/voeldeken\/voelkussen-friemelkussen-belevingskussen\/","og_site_name":"Gozz4All","article_publisher":"https:\/\/www.facebook.com\/gozz4all\/","og_image":[{"width":687,"height":1030,"url":"https:\/\/gozz4all.com\/wp-content\/uploads\/2023\/02\/DSC_0392-687x1030.png","type":"image\/png"}],"twitter_card":"summary_large_image","twitter_misc":{"Gesch\u00e4tzte Lesezeit":"1\u00a0Minute"},"schema":{"@context":"https:\/\/schema.org","@graph":[{"@type":"WebPage","@id":"https:\/\/gozz4all.com\/hulpmiddelen\/voeldeken\/voelkussen-friemelkussen-belevingskussen\/","url":"https:\/\/gozz4all.com\/hulpmiddelen\/voeldeken\/voelkussen-friemelkussen-belevingskussen\/","name":"F\u00fchlkissen-F\u00fchlkissen-F\u00fchlkissen-F\u00fchlkissen","isPartOf":{"@id":"https:\/\/gozz4all.com\/fr\/#website"},"primaryImageOfPage":{"@id":"https:\/\/gozz4all.com\/hulpmiddelen\/voeldeken\/voelkussen-friemelkussen-belevingskussen\/#primaryimage"},"image":{"@id":"https:\/\/gozz4all.com\/hulpmiddelen\/voeldeken\/voelkussen-friemelkussen-belevingskussen\/#primaryimage"},"thumbnailUrl":"https:\/\/gozz4all.com\/wp-content\/uploads\/2023\/02\/DSC_0392.png","datePublished":"2023-02-24T14:25:17+00:00","description":"Voelkussen-friemelkussen-belevingskussen. Stimuleert verschillende hersengebieden. Het snoezelen geeft een gevoel van veiligheid en rust. gozz4all.com","breadcrumb":{"@id":"https:\/\/gozz4all.com\/hulpmiddelen\/voeldeken\/voelkussen-friemelkussen-belevingskussen\/#breadcrumb"},"inLanguage":"de","potentialAction":[{"@type":"ReadAction","target":["https:\/\/gozz4all.com\/hulpmiddelen\/voeldeken\/voelkussen-friemelkussen-belevingskussen\/"]}]},{"@type":"ImageObject","inLanguage":"de","@id":"https:\/\/gozz4all.com\/hulpmiddelen\/voeldeken\/voelkussen-friemelkussen-belevingskussen\/#primaryimage","url":"https:\/\/gozz4all.com\/wp-content\/uploads\/2023\/02\/DSC_0392.png","contentUrl":"https:\/\/gozz4all.com\/wp-content\/uploads\/2023\/02\/DSC_0392.png","width":4000,"height":6000,"caption":"Voelkussen-friemelkussen-belevingskussen. Stimuleert verschillende hersengebieden. Het snoezelen geeft een gevoel van veiligheid en rust. gozz4all.com"},{"@type":"BreadcrumbList","@id":"https:\/\/gozz4all.com\/hulpmiddelen\/voeldeken\/voelkussen-friemelkussen-belevingskussen\/#breadcrumb","itemListElement":[{"@type":"ListItem","position":1,"name":"Home","item":"https:\/\/gozz4all.com\/"},{"@type":"ListItem","position":2,"name":"Producten","item":"https:\/\/gozz4all.com\/shop\/"},{"@type":"ListItem","position":3,"name":"Voelkussen-friemelkussen-belevingskussen"}]},{"@type":"WebSite","@id":"https:\/\/gozz4all.com\/fr\/#website","url":"https:\/\/gozz4all.com\/fr\/","name":"Gozz4All","description":"Gozz4All","publisher":{"@id":"https:\/\/gozz4all.com\/fr\/#organization"},"potentialAction":[{"@type":"SearchAction","target":{"@type":"EntryPoint","urlTemplate":"https:\/\/gozz4all.com\/fr\/?s={search_term_string}"},"query-input":{"@type":"PropertyValueSpecification","valueRequired":true,"valueName":"search_term_string"}}],"inLanguage":"de"},{"@type":"Organization","@id":"https:\/\/gozz4all.com\/fr\/#organization","name":"Gozz4all","url":"https:\/\/gozz4all.com\/fr\/","logo":{"@type":"ImageObject","inLanguage":"de","@id":"https:\/\/gozz4all.com\/fr\/#\/schema\/logo\/image\/","url":"https:\/\/gozz4all.com\/wp-content\/uploads\/2020\/04\/Logo-ask-for-better-one.png","contentUrl":"https:\/\/gozz4all.com\/wp-content\/uploads\/2020\/04\/Logo-ask-for-better-one.png","width":146,"height":60,"caption":"Gozz4all"},"image":{"@id":"https:\/\/gozz4all.com\/fr\/#\/schema\/logo\/image\/"},"sameAs":["https:\/\/www.facebook.com\/gozz4all\/","https:\/\/www.instagram.com\/gozz4allfashion\/?hl=nl"]}]}},"_links":{"self":[{"href":"https:\/\/gozz4all.com\/de\/wp-json\/wp\/v2\/product\/25085","targetHints":{"allow":["GET"]}}],"collection":[{"href":"https:\/\/gozz4all.com\/de\/wp-json\/wp\/v2\/product"}],"about":[{"href":"https:\/\/gozz4all.com\/de\/wp-json\/wp\/v2\/types\/product"}],"wp:featuredmedia":[{"embeddable":true,"href":"https:\/\/gozz4all.com\/de\/wp-json\/wp\/v2\/media\/25086"}],"wp:attachment":[{"href":"https:\/\/gozz4all.com\/de\/wp-json\/wp\/v2\/media?parent=25085"}],"wp:term":[{"taxonomy":"product_brand","embeddable":true,"href":"https:\/\/gozz4all.com\/de\/wp-json\/wp\/v2\/product_brand?post=25085"},{"taxonomy":"product_cat","embeddable":true,"href":"https:\/\/gozz4all.com\/de\/wp-json\/wp\/v2\/product_cat?post=25085"},{"taxonomy":"product_tag","embeddable":true,"href":"https:\/\/gozz4all.com\/de\/wp-json\/wp\/v2\/product_tag?post=25085"}],"curies":[{"name":"wp","href":"https:\/\/api.w.org\/{rel}","templated":true}]}}