{"id":25051,"date":"2023-02-23T15:58:49","date_gmt":"2023-02-23T13:58:49","guid":{"rendered":"https:\/\/gozz4all.com\/?post_type=product&#038;p=25051"},"modified":"2023-02-24T11:01:14","modified_gmt":"2023-02-24T09:01:14","slug":"regen-poncho-cape-blauw","status":"publish","type":"product","link":"https:\/\/gozz4all.com\/de\/product\/regen-poncho-cape-blauw\/","title":{"rendered":"Regenponcho Umhang - blau"},"content":{"rendered":"<p>Regenponcho Umhang - blau<br \/>\nWasserdicht und winddicht<br \/>\nH\u00fcbscher Poncho - Umhang!<br \/>\nSo sehen Sie gut aus und bleiben sch\u00f6n trocken!<br \/>\nBeim Radfahren, beim Spaziergang mit dem Hund oder bei allen anderen Outdoor-Aktivit\u00e4ten k\u00f6nnen Sie jedem Regenschauer trotzen. Dieser trendige Unisex-Poncho l\u00e4sst sich schnell und einfach \u00fcber die eigene Kleidung ziehen und sch\u00fctzt vor Wind und Regen.<br \/>\nDer extra wasserdichte Poncho hat eine gro\u00dfe Kapuze, die individuell angepasst werden kann und ger\u00e4umig f\u00e4llt, so dass Sie sich frei bewegen k\u00f6nnen.<br \/>\nAu\u00dferdem hat der Poncho-Umhang eine praktische Fronttasche, in der Sie zum Beispiel Ihre Schl\u00fcssel oder Ihr Telefon wasserdicht aufbewahren k\u00f6nnen.<br \/>\nSie k\u00f6nnen den Umhang leicht verstauen und \u00fcberallhin mitnehmen.<br \/>\nAuch nach einem Regenschauer trocknet es schnell.<\/p>\n<p>Der Poncho ist auch f\u00fcr Rollstuhlfahrer gut geeignet, da er lang genug ist, um auch mit dem Rollstuhl unter dem Umhang hindurchzufahren und f\u00fcr einen Scooter.<br \/>\nBei der Verwendung in einem Rollstuhl ist es manchmal einfacher, wenn der R\u00fccken (zwischen dem R\u00fccken und dem Rollstuhl) k\u00fcrzer ist; diese Option kann gew\u00e4hlt werden und ist bei der Bestellung einfach anzugeben.<\/p>\n<p>Kann bei 40\u00b0 und gegebenenfalls bei 60\u00b0 in der Maschine gewaschen werden<\/p>\n<p>Merkmale:<br \/>\nWasserdicht und winddicht<br \/>\nDie Kapuze kann mit den Kordeln so angezogen werden, dass sie gut um das Gesicht passt.<br \/>\nKurzer Rei\u00dfverschluss<br \/>\n1 wasserdichte Vordertasche, in der Sie viel verstauen k\u00f6nnen.<\/p>","protected":false},"excerpt":{"rendered":"<p>Regenponcho Umhang - blau<br \/>\nWasserdicht und winddicht<br \/>\nH\u00fcbscher Poncho - Umhang!<br \/>\nSo sehen Sie gut aus und bleiben sch\u00f6n trocken!<br \/>\nBeim Radfahren, beim Spaziergang mit dem Hund oder bei allen anderen Outdoor-Aktivit\u00e4ten k\u00f6nnen Sie jedem Regenschauer trotzen. Dieser trendige Unisex-Poncho l\u00e4sst sich schnell und einfach \u00fcber die eigene Kleidung ziehen und sch\u00fctzt vor Wind und Regen.<br \/>\nDe extra waterbestendige poncho heeft een grote capuchon die voorzien is van drukknopen en valt ruim, waardoor je vrij kunt bewegen.<br \/>\nAu\u00dferdem hat der Poncho-Umhang eine praktische Fronttasche, in der Sie zum Beispiel Ihre Schl\u00fcssel oder Ihr Telefon wasserdicht aufbewahren k\u00f6nnen.<br \/>\nSie k\u00f6nnen den Umhang leicht verstauen und \u00fcberallhin mitnehmen.<br \/>\nAuch nach einem Regenschauer trocknet es schnell.<\/p>\n<p>Der Poncho ist auch f\u00fcr Rollstuhlfahrer gut geeignet, da er lang genug ist, um auch mit dem Rollstuhl unter dem Umhang hindurchzufahren und f\u00fcr einen Scooter.<br \/>\nBei der Verwendung in einem Rollstuhl ist es manchmal einfacher, wenn der R\u00fccken (zwischen dem R\u00fccken und dem Rollstuhl) k\u00fcrzer ist; diese Option kann gew\u00e4hlt werden und ist bei der Bestellung einfach anzugeben.<\/p>\n<p>Kann bei 40\u00b0 und gegebenenfalls bei 60\u00b0 in der Maschine gewaschen werden<\/p>\n<p>Merkmale:<br \/>\nWasserdicht und winddicht<br \/>\nAfneembare capuchon dmv drukknopen, en kan aangetrokken door de touwtjes zodanig dat de capuchon mooi rond je gezicht aansluit.<br \/>\nKurzer Rei\u00dfverschluss<br \/>\n1 wasserdichte Vordertasche, in der Sie viel verstauen k\u00f6nnen.<\/p>","protected":false},"featured_media":25053,"template":"","meta":[],"product_brand":[],"product_cat":[611,613,662,49],"product_tag":[],"class_list":{"0":"post-25051","1":"product","2":"type-product","3":"status-publish","4":"has-post-thumbnail","6":"product_cat-kids","7":"product_cat-volwassenen","8":"product_cat-kleding","9":"product_cat-rolstoel-capes-rolstoeljas-voetenzak","10":"pa_maat-164-170-2","11":"pa_maat-4xl","12":"pa_maat-s-2","13":"pa_maat-5xl","14":"pa_maat-l-2","15":"pa_maat-m-2-en","16":"pa_maat-xl-2-fr","17":"pa_maat-2xl","18":"pa_maat-3xl","19":"pa_maat-128-134-2","20":"pa_maat-140-146-2","21":"pa_maat-152-158-2","22":"pa_uitvoering-rugpand-enkel-bovenaan-schouders-met-velcrosluiting","23":"pa_uitvoering-regular","24":"pif-has-gallery","26":"first","27":"instock","28":"featured","29":"taxable","30":"shipping-taxable","31":"purchasable","32":"product-type-variable"},"yoast_head":"<!-- This site is optimized with the Yoast SEO plugin v27.2 - https:\/\/yoast.com\/product\/yoast-seo-wordpress\/ -->\n<title>Regen poncho-cape- blauw-jassen &amp; capes<\/title>\n<meta name=\"description\" content=\"Regen poncho-cape- blauw. Water en winddichte poncho-cape met capuchon. Je trekt deze hippe unisex poncho snel en makkelijk aan over je eigen kleding waardoor je beschermd bent tegen wind en regen.\" \/>\n<meta name=\"robots\" content=\"index, follow, max-snippet:-1, max-image-preview:large, max-video-preview:-1\" \/>\n<link rel=\"canonical\" href=\"https:\/\/gozz4all.com\/de\/kleding\/rolstoel-capes-rolstoeljas-voetenzak\/regen-poncho-cape-blauw\/\" \/>\n<meta property=\"og:locale\" content=\"de_DE\" \/>\n<meta property=\"og:type\" content=\"article\" \/>\n<meta property=\"og:title\" content=\"Regen poncho-cape- blauw-jassen &amp; capes\" \/>\n<meta property=\"og:description\" content=\"Regen poncho-cape- blauw. Water en winddichte poncho-cape met capuchon. Je trekt deze hippe unisex poncho snel en makkelijk aan over je eigen kleding waardoor je beschermd bent tegen wind en regen.\" \/>\n<meta property=\"og:url\" content=\"https:\/\/gozz4all.com\/de\/kleding\/rolstoel-capes-rolstoeljas-voetenzak\/regen-poncho-cape-blauw\/\" \/>\n<meta property=\"og:site_name\" content=\"Gozz4All\" \/>\n<meta property=\"article:publisher\" content=\"https:\/\/www.facebook.com\/gozz4all\/\" \/>\n<meta property=\"article:modified_time\" content=\"2023-02-24T09:01:14+00:00\" \/>\n<meta property=\"og:image\" content=\"https:\/\/gozz4all.com\/wp-content\/uploads\/2023\/02\/DSC_0436-scaled.jpg\" \/>\n\t<meta property=\"og:image:width\" content=\"1707\" \/>\n\t<meta property=\"og:image:height\" content=\"2560\" \/>\n\t<meta property=\"og:image:type\" content=\"image\/jpeg\" \/>\n<meta name=\"twitter:card\" content=\"summary_large_image\" \/>\n<meta name=\"twitter:label1\" content=\"Gesch\u00e4tzte Lesezeit\" \/>\n\t<meta name=\"twitter:data1\" content=\"1\u00a0Minute\" \/>\n<script type=\"application\/ld+json\" class=\"yoast-schema-graph\">{\"@context\":\"https:\/\/schema.org\",\"@graph\":[{\"@type\":\"WebPage\",\"@id\":\"https:\/\/gozz4all.com\/kleding\/rolstoel-capes-rolstoeljas-voetenzak\/regen-poncho-cape-blauw\/\",\"url\":\"https:\/\/gozz4all.com\/kleding\/rolstoel-capes-rolstoeljas-voetenzak\/regen-poncho-cape-blauw\/\",\"name\":\"Regen poncho-cape- blauw-jassen & capes\",\"isPartOf\":{\"@id\":\"https:\/\/gozz4all.com\/fr\/#website\"},\"primaryImageOfPage\":{\"@id\":\"https:\/\/gozz4all.com\/kleding\/rolstoel-capes-rolstoeljas-voetenzak\/regen-poncho-cape-blauw\/#primaryimage\"},\"image\":{\"@id\":\"https:\/\/gozz4all.com\/kleding\/rolstoel-capes-rolstoeljas-voetenzak\/regen-poncho-cape-blauw\/#primaryimage\"},\"thumbnailUrl\":\"https:\/\/gozz4all.com\/wp-content\/uploads\/2023\/02\/DSC_0436-scaled.jpg\",\"datePublished\":\"2023-02-23T13:58:49+00:00\",\"dateModified\":\"2023-02-24T09:01:14+00:00\",\"description\":\"Regen poncho-cape- blauw. Water en winddichte poncho-cape met capuchon. Je trekt deze hippe unisex poncho snel en makkelijk aan over je eigen kleding waardoor je beschermd bent tegen wind en regen.\",\"breadcrumb\":{\"@id\":\"https:\/\/gozz4all.com\/kleding\/rolstoel-capes-rolstoeljas-voetenzak\/regen-poncho-cape-blauw\/#breadcrumb\"},\"inLanguage\":\"de\",\"potentialAction\":[{\"@type\":\"ReadAction\",\"target\":[\"https:\/\/gozz4all.com\/kleding\/rolstoel-capes-rolstoeljas-voetenzak\/regen-poncho-cape-blauw\/\"]}]},{\"@type\":\"ImageObject\",\"inLanguage\":\"de\",\"@id\":\"https:\/\/gozz4all.com\/kleding\/rolstoel-capes-rolstoeljas-voetenzak\/regen-poncho-cape-blauw\/#primaryimage\",\"url\":\"https:\/\/gozz4all.com\/wp-content\/uploads\/2023\/02\/DSC_0436-scaled.jpg\",\"contentUrl\":\"https:\/\/gozz4all.com\/wp-content\/uploads\/2023\/02\/DSC_0436-scaled.jpg\",\"width\":1707,\"height\":2560,\"caption\":\"Regen poncho-cape- blauw. Water en winddichte poncho-cape met afneembare capuchon. Je trekt deze hippe unisex poncho snel en makkelijk aan over je eigen kleding waardoor je beschermd bent tegen wind en regen.\"},{\"@type\":\"BreadcrumbList\",\"@id\":\"https:\/\/gozz4all.com\/kleding\/rolstoel-capes-rolstoeljas-voetenzak\/regen-poncho-cape-blauw\/#breadcrumb\",\"itemListElement\":[{\"@type\":\"ListItem\",\"position\":1,\"name\":\"Home\",\"item\":\"https:\/\/gozz4all.com\/\"},{\"@type\":\"ListItem\",\"position\":2,\"name\":\"Producten\",\"item\":\"https:\/\/gozz4all.com\/shop\/\"},{\"@type\":\"ListItem\",\"position\":3,\"name\":\"Regen poncho-cape- blauw\"}]},{\"@type\":\"WebSite\",\"@id\":\"https:\/\/gozz4all.com\/fr\/#website\",\"url\":\"https:\/\/gozz4all.com\/fr\/\",\"name\":\"Gozz4All\",\"description\":\"Gozz4All\",\"publisher\":{\"@id\":\"https:\/\/gozz4all.com\/fr\/#organization\"},\"potentialAction\":[{\"@type\":\"SearchAction\",\"target\":{\"@type\":\"EntryPoint\",\"urlTemplate\":\"https:\/\/gozz4all.com\/fr\/?s={search_term_string}\"},\"query-input\":{\"@type\":\"PropertyValueSpecification\",\"valueRequired\":true,\"valueName\":\"search_term_string\"}}],\"inLanguage\":\"de\"},{\"@type\":\"Organization\",\"@id\":\"https:\/\/gozz4all.com\/fr\/#organization\",\"name\":\"Gozz4all\",\"url\":\"https:\/\/gozz4all.com\/fr\/\",\"logo\":{\"@type\":\"ImageObject\",\"inLanguage\":\"de\",\"@id\":\"https:\/\/gozz4all.com\/fr\/#\/schema\/logo\/image\/\",\"url\":\"https:\/\/gozz4all.com\/wp-content\/uploads\/2020\/04\/Logo-ask-for-better-one.png\",\"contentUrl\":\"https:\/\/gozz4all.com\/wp-content\/uploads\/2020\/04\/Logo-ask-for-better-one.png\",\"width\":146,\"height\":60,\"caption\":\"Gozz4all\"},\"image\":{\"@id\":\"https:\/\/gozz4all.com\/fr\/#\/schema\/logo\/image\/\"},\"sameAs\":[\"https:\/\/www.facebook.com\/gozz4all\/\",\"https:\/\/www.instagram.com\/gozz4allfashion\/?hl=nl\"]}]}<\/script>\n<!-- \/ Yoast SEO plugin. -->","yoast_head_json":{"title":"Regen poncho-cape- blauw-jassen & capes","description":"Regen poncho-cape- blauw. Water en winddichte poncho-cape met capuchon. Je trekt deze hippe unisex poncho snel en makkelijk aan over je eigen kleding waardoor je beschermd bent tegen wind en regen.","robots":{"index":"index","follow":"follow","max-snippet":"max-snippet:-1","max-image-preview":"max-image-preview:large","max-video-preview":"max-video-preview:-1"},"canonical":"https:\/\/gozz4all.com\/de\/kleding\/rolstoel-capes-rolstoeljas-voetenzak\/regen-poncho-cape-blauw\/","og_locale":"de_DE","og_type":"article","og_title":"Regen poncho-cape- blauw-jassen & capes","og_description":"Regen poncho-cape- blauw. Water en winddichte poncho-cape met capuchon. Je trekt deze hippe unisex poncho snel en makkelijk aan over je eigen kleding waardoor je beschermd bent tegen wind en regen.","og_url":"https:\/\/gozz4all.com\/de\/kleding\/rolstoel-capes-rolstoeljas-voetenzak\/regen-poncho-cape-blauw\/","og_site_name":"Gozz4All","article_publisher":"https:\/\/www.facebook.com\/gozz4all\/","article_modified_time":"2023-02-24T09:01:14+00:00","og_image":[{"width":1707,"height":2560,"url":"https:\/\/gozz4all.com\/wp-content\/uploads\/2023\/02\/DSC_0436-scaled.jpg","type":"image\/jpeg"}],"twitter_card":"summary_large_image","twitter_misc":{"Gesch\u00e4tzte Lesezeit":"1\u00a0Minute"},"schema":{"@context":"https:\/\/schema.org","@graph":[{"@type":"WebPage","@id":"https:\/\/gozz4all.com\/kleding\/rolstoel-capes-rolstoeljas-voetenzak\/regen-poncho-cape-blauw\/","url":"https:\/\/gozz4all.com\/kleding\/rolstoel-capes-rolstoeljas-voetenzak\/regen-poncho-cape-blauw\/","name":"Regen poncho-cape- blauw-jassen & capes","isPartOf":{"@id":"https:\/\/gozz4all.com\/fr\/#website"},"primaryImageOfPage":{"@id":"https:\/\/gozz4all.com\/kleding\/rolstoel-capes-rolstoeljas-voetenzak\/regen-poncho-cape-blauw\/#primaryimage"},"image":{"@id":"https:\/\/gozz4all.com\/kleding\/rolstoel-capes-rolstoeljas-voetenzak\/regen-poncho-cape-blauw\/#primaryimage"},"thumbnailUrl":"https:\/\/gozz4all.com\/wp-content\/uploads\/2023\/02\/DSC_0436-scaled.jpg","datePublished":"2023-02-23T13:58:49+00:00","dateModified":"2023-02-24T09:01:14+00:00","description":"Regen poncho-cape- blauw. Water en winddichte poncho-cape met capuchon. Je trekt deze hippe unisex poncho snel en makkelijk aan over je eigen kleding waardoor je beschermd bent tegen wind en regen.","breadcrumb":{"@id":"https:\/\/gozz4all.com\/kleding\/rolstoel-capes-rolstoeljas-voetenzak\/regen-poncho-cape-blauw\/#breadcrumb"},"inLanguage":"de","potentialAction":[{"@type":"ReadAction","target":["https:\/\/gozz4all.com\/kleding\/rolstoel-capes-rolstoeljas-voetenzak\/regen-poncho-cape-blauw\/"]}]},{"@type":"ImageObject","inLanguage":"de","@id":"https:\/\/gozz4all.com\/kleding\/rolstoel-capes-rolstoeljas-voetenzak\/regen-poncho-cape-blauw\/#primaryimage","url":"https:\/\/gozz4all.com\/wp-content\/uploads\/2023\/02\/DSC_0436-scaled.jpg","contentUrl":"https:\/\/gozz4all.com\/wp-content\/uploads\/2023\/02\/DSC_0436-scaled.jpg","width":1707,"height":2560,"caption":"Regen poncho-cape- blauw. Water en winddichte poncho-cape met afneembare capuchon. Je trekt deze hippe unisex poncho snel en makkelijk aan over je eigen kleding waardoor je beschermd bent tegen wind en regen."},{"@type":"BreadcrumbList","@id":"https:\/\/gozz4all.com\/kleding\/rolstoel-capes-rolstoeljas-voetenzak\/regen-poncho-cape-blauw\/#breadcrumb","itemListElement":[{"@type":"ListItem","position":1,"name":"Home","item":"https:\/\/gozz4all.com\/"},{"@type":"ListItem","position":2,"name":"Producten","item":"https:\/\/gozz4all.com\/shop\/"},{"@type":"ListItem","position":3,"name":"Regen poncho-cape- blauw"}]},{"@type":"WebSite","@id":"https:\/\/gozz4all.com\/fr\/#website","url":"https:\/\/gozz4all.com\/fr\/","name":"Gozz4All","description":"Gozz4All","publisher":{"@id":"https:\/\/gozz4all.com\/fr\/#organization"},"potentialAction":[{"@type":"SearchAction","target":{"@type":"EntryPoint","urlTemplate":"https:\/\/gozz4all.com\/fr\/?s={search_term_string}"},"query-input":{"@type":"PropertyValueSpecification","valueRequired":true,"valueName":"search_term_string"}}],"inLanguage":"de"},{"@type":"Organization","@id":"https:\/\/gozz4all.com\/fr\/#organization","name":"Gozz4all","url":"https:\/\/gozz4all.com\/fr\/","logo":{"@type":"ImageObject","inLanguage":"de","@id":"https:\/\/gozz4all.com\/fr\/#\/schema\/logo\/image\/","url":"https:\/\/gozz4all.com\/wp-content\/uploads\/2020\/04\/Logo-ask-for-better-one.png","contentUrl":"https:\/\/gozz4all.com\/wp-content\/uploads\/2020\/04\/Logo-ask-for-better-one.png","width":146,"height":60,"caption":"Gozz4all"},"image":{"@id":"https:\/\/gozz4all.com\/fr\/#\/schema\/logo\/image\/"},"sameAs":["https:\/\/www.facebook.com\/gozz4all\/","https:\/\/www.instagram.com\/gozz4allfashion\/?hl=nl"]}]}},"_links":{"self":[{"href":"https:\/\/gozz4all.com\/de\/wp-json\/wp\/v2\/product\/25051","targetHints":{"allow":["GET"]}}],"collection":[{"href":"https:\/\/gozz4all.com\/de\/wp-json\/wp\/v2\/product"}],"about":[{"href":"https:\/\/gozz4all.com\/de\/wp-json\/wp\/v2\/types\/product"}],"wp:featuredmedia":[{"embeddable":true,"href":"https:\/\/gozz4all.com\/de\/wp-json\/wp\/v2\/media\/25053"}],"wp:attachment":[{"href":"https:\/\/gozz4all.com\/de\/wp-json\/wp\/v2\/media?parent=25051"}],"wp:term":[{"taxonomy":"product_brand","embeddable":true,"href":"https:\/\/gozz4all.com\/de\/wp-json\/wp\/v2\/product_brand?post=25051"},{"taxonomy":"product_cat","embeddable":true,"href":"https:\/\/gozz4all.com\/de\/wp-json\/wp\/v2\/product_cat?post=25051"},{"taxonomy":"product_tag","embeddable":true,"href":"https:\/\/gozz4all.com\/de\/wp-json\/wp\/v2\/product_tag?post=25051"}],"curies":[{"name":"wp","href":"https:\/\/api.w.org\/{rel}","templated":true}]}}