{"id":24979,"date":"2023-02-11T20:01:21","date_gmt":"2023-02-11T18:01:21","guid":{"rendered":"https:\/\/gozz4all.com\/?post_type=product&#038;p=24979"},"modified":"2023-02-11T20:03:37","modified_gmt":"2023-02-11T18:03:37","slug":"pyjama-onesie-hansop-met-voet-grote-maten-grijs","status":"publish","type":"product","link":"https:\/\/gozz4all.com\/de\/product\/pyjama-onesie-hansop-met-voet-grote-maten-grijs\/","title":{"rendered":"Pyjama\/Onesie\/hansop met voet &#8211; grote maten- Grijs"},"content":{"rendered":"<p><strong>Beschreibung<\/strong><br \/>\nPyjama\/Onesie\/hansop met voet &#8211; grote maten- Grijs<br \/>\nDies ist eine sch\u00f6ne Zwischenstufe f\u00fcr Personen, die sich ausziehen und schmieren. Dies wird mit F\u00fc\u00dfen gemacht, so dass sie die Hosenbeine nicht hochbekommen.<\/p>\n<p>Da sich der Rei\u00dfverschluss auf dem R\u00fccken befindet, kann sich die Person nicht selbst\u00e4ndig ausziehen.<\/p>\n<p>\u00dcber dem Rei\u00dfverschluss befindet sich ein St\u00fcck Stofflasche, die weggeklappt werden muss, bevor man den Schlafanzug \u00f6ffnen kann. Dadurch l\u00e4sst sich der Rei\u00dfverschluss schwerer \u00f6ffnen.<\/p>\n<p>Au\u00dferdem sorgt dieses St\u00fcck Stoff daf\u00fcr, dass der Rei\u00dfverschluss den Hals nicht reizt. Er verursacht kein Unbehagen, wenn man darauf liegt.<\/p>\n<p>Hergestellt aus einem angenehmen Jersey-Stoff aus 95%-Baumwolle, mit dem Oeko-Qualit\u00e4tslabel. Dieser ist daher dehnbar.<\/p>\n<p>F\u00fcr Menschen, die wirklich rei\u00dfen, ist dies nicht geeignet. (Sie k\u00f6nnen Kleidung und Werkzeuge f\u00fcr diese auf der Anti-Tearing-Seite auf dieser Website finden)<\/p>\n<p>Es bietet zus\u00e4tzlichen Platz f\u00fcr Inkontinenzmaterial und ist daher sehr bequem zu tragen. Besonders geeignet f\u00fcr Menschen mit impulsivem Verhalten, wie z. B. Menschen mit Alzheimer oder Demenz, da es den Zugang zu Inkontinenzmaterialien verhindert und unerw\u00fcnschtes Entkleiden verhindert.<\/p>\n<p><strong>Geeignet f\u00fcr\u00a0<\/strong><\/p>\n<ul>\n<li>Menschen mit Entkleidungsverhalten<\/li>\n<li>Menschen mit geistigen Behinderungen<\/li>\n<li>Menschen mit Inkontinenzproblemen<\/li>\n<\/ul>\n<p><strong>Zusammensetzung:<\/strong><br \/>\n95% Baumwolle, 5% Elastan<\/p>\n<p>Maschinenwaschbar bei 60\u00b0 und trocknergeeignet<\/p>","protected":false},"excerpt":{"rendered":"<p><strong>Beschreibung<\/strong><\/p>\n<p>Dit is een mooie tussenstap voor personen die uitkleed en smeer gedrag hebben. Deze is met voetjes zodanig dat ze de broekspijpen niet omhoog krijgen.<\/p>\n<p>Da sich der Rei\u00dfverschluss auf dem R\u00fccken befindet, kann sich die Person nicht selbst\u00e4ndig ausziehen.<\/p>\n<p>\u00dcber dem Rei\u00dfverschluss befindet sich ein St\u00fcck Stofflasche, die weggeklappt werden muss, bevor man den Schlafanzug \u00f6ffnen kann. Dadurch l\u00e4sst sich der Rei\u00dfverschluss schwerer \u00f6ffnen.<\/p>\n<p>Au\u00dferdem sorgt dieses St\u00fcck Stoff daf\u00fcr, dass der Rei\u00dfverschluss den Hals nicht reizt. Er verursacht kein Unbehagen, wenn man darauf liegt.<\/p>\n<p>Hergestellt aus einem angenehmen Jersey-Stoff aus 95%-Baumwolle, mit dem Oeko-Qualit\u00e4tslabel. Dieser ist daher dehnbar.<\/p>\n<p>F\u00fcr Menschen, die wirklich rei\u00dfen, ist dies nicht geeignet. (Sie k\u00f6nnen Kleidung und Werkzeuge f\u00fcr diese auf der Anti-Tearing-Seite auf dieser Website finden)<\/p>\n<p>Es bietet zus\u00e4tzlichen Platz f\u00fcr Inkontinenzmaterial und ist daher sehr bequem zu tragen. Besonders geeignet f\u00fcr Menschen mit impulsivem Verhalten, wie z. B. Menschen mit Alzheimer oder Demenz, da es den Zugang zu Inkontinenzmaterialien verhindert und unerw\u00fcnschtes Entkleiden verhindert.<\/p>\n<p><strong>Geeignet f\u00fcr\u00a0<\/strong><\/p>\n<ul>\n<li>Menschen mit Entkleidungsverhalten<\/li>\n<li>Menschen mit geistigen Behinderungen<\/li>\n<li>Menschen mit Inkontinenzproblemen<\/li>\n<\/ul>\n<p><strong>Zusammensetzung:<\/strong><br \/>\n95% Baumwolle, 5% Elastan<\/p>\n<p>Maschinenwaschbar bei 60\u00b0 und trocknergeeignet<\/p>\n<p>&nbsp;<\/p>\n<p>&nbsp;<\/p>\n<p>&nbsp;<\/p>","protected":false},"featured_media":24978,"template":"","meta":[],"product_brand":[],"product_cat":[611,612,613,618,445,45],"product_tag":[],"class_list":{"0":"post-24979","1":"product","2":"type-product","3":"status-publish","4":"has-post-thumbnail","6":"product_cat-kids","7":"product_cat-ouderen-dementie","8":"product_cat-volwassenen","9":"product_cat-hansop-jumpys-huispak","10":"product_cat-new","11":"product_cat-slaapkledij-hansop-jumpy-onesie-huispak-anti-uitkleed-kleding","12":"pa_maat-l-2-fr","13":"pa_maat-176-182-2","14":"pa_maat-188-2","15":"pa_maat-s-2","16":"pa_maat-3xl","17":"pa_maat-m-2","18":"pa_maat-92-98","19":"pa_maat-xl-2","20":"pa_maat-104-110-2","21":"pa_maat-116-122-2","22":"pa_maat-128-134-2","23":"pa_maat-4xl","24":"pa_maat-140-146-2","25":"pa_maat-5xl","26":"pa_maat-152-158-2","27":"pa_maat-xxl","28":"pa_maat-164-170-2","29":"pa_uitvoering-verschoningsrits-tussen-de-benen","30":"pa_uitvoering-regular","31":"pa_uitvoering-sonde","32":"pa_uitvoering-stoma","33":"pa_uitvoering-side-open","35":"first","36":"instock","37":"taxable","38":"shipping-taxable","39":"purchasable","40":"product-type-variable"},"yoast_head":"<!-- This site is optimized with the Yoast SEO plugin v27.2 - https:\/\/yoast.com\/product\/yoast-seo-wordpress\/ -->\n<title>Pyjama\/Onesie\/hansop met voet - grote maten- Grijs<\/title>\n<meta name=\"description\" content=\"Pyjama\/Onesie\/hansop met voet - grote maten- Grijs in 1 stuk. Smeer en uitkleedgedrag. Incontinentie, aangepaste kleding, rits op de rug, Gozz4all\" \/>\n<meta name=\"robots\" content=\"index, follow, max-snippet:-1, max-image-preview:large, max-video-preview:-1\" \/>\n<link rel=\"canonical\" href=\"https:\/\/gozz4all.com\/de\/slaapkledij-hansop-jumpy-onesie-huispak-anti-uitkleed-kleding\/pyjamaonesiehansop-met-voet-grote-maten-briquet-kopie\/\" \/>\n<meta property=\"og:locale\" content=\"de_DE\" \/>\n<meta property=\"og:type\" content=\"article\" \/>\n<meta property=\"og:title\" content=\"Pyjama\/Onesie\/hansop met voet - grote maten- Grijs\" \/>\n<meta property=\"og:description\" content=\"Pyjama\/Onesie\/hansop met voet - grote maten- Grijs in 1 stuk. Smeer en uitkleedgedrag. Incontinentie, aangepaste kleding, rits op de rug, Gozz4all\" \/>\n<meta property=\"og:url\" content=\"https:\/\/gozz4all.com\/de\/slaapkledij-hansop-jumpy-onesie-huispak-anti-uitkleed-kleding\/pyjamaonesiehansop-met-voet-grote-maten-briquet-kopie\/\" \/>\n<meta property=\"og:site_name\" content=\"Gozz4All\" \/>\n<meta property=\"article:publisher\" content=\"https:\/\/www.facebook.com\/gozz4all\/\" \/>\n<meta property=\"article:modified_time\" content=\"2023-02-11T18:03:37+00:00\" \/>\n<meta property=\"og:image\" content=\"https:\/\/gozz4all.com\/wp-content\/uploads\/2023\/02\/DSC_0094-scaled.jpg\" \/>\n\t<meta property=\"og:image:width\" content=\"1707\" \/>\n\t<meta property=\"og:image:height\" content=\"2560\" \/>\n\t<meta property=\"og:image:type\" content=\"image\/jpeg\" \/>\n<meta name=\"twitter:card\" content=\"summary_large_image\" \/>\n<meta name=\"twitter:label1\" content=\"Gesch\u00e4tzte Lesezeit\" \/>\n\t<meta name=\"twitter:data1\" content=\"1\u00a0Minute\" \/>\n<script type=\"application\/ld+json\" class=\"yoast-schema-graph\">{\"@context\":\"https:\/\/schema.org\",\"@graph\":[{\"@type\":\"WebPage\",\"@id\":\"https:\/\/gozz4all.com\/slaapkledij-hansop-jumpy-onesie-huispak-anti-uitkleed-kleding\/pyjamaonesiehansop-met-voet-grote-maten-briquet-kopie\/\",\"url\":\"https:\/\/gozz4all.com\/slaapkledij-hansop-jumpy-onesie-huispak-anti-uitkleed-kleding\/pyjamaonesiehansop-met-voet-grote-maten-briquet-kopie\/\",\"name\":\"Pyjama\/Onesie\/hansop met voet - grote maten- Grijs\",\"isPartOf\":{\"@id\":\"https:\/\/gozz4all.com\/fr\/#website\"},\"primaryImageOfPage\":{\"@id\":\"https:\/\/gozz4all.com\/slaapkledij-hansop-jumpy-onesie-huispak-anti-uitkleed-kleding\/pyjamaonesiehansop-met-voet-grote-maten-briquet-kopie\/#primaryimage\"},\"image\":{\"@id\":\"https:\/\/gozz4all.com\/slaapkledij-hansop-jumpy-onesie-huispak-anti-uitkleed-kleding\/pyjamaonesiehansop-met-voet-grote-maten-briquet-kopie\/#primaryimage\"},\"thumbnailUrl\":\"https:\/\/gozz4all.com\/wp-content\/uploads\/2023\/02\/DSC_0094-scaled.jpg\",\"datePublished\":\"2023-02-11T18:01:21+00:00\",\"dateModified\":\"2023-02-11T18:03:37+00:00\",\"description\":\"Pyjama\/Onesie\/hansop met voet - grote maten- Grijs in 1 stuk. Smeer en uitkleedgedrag. Incontinentie, aangepaste kleding, rits op de rug, Gozz4all\",\"breadcrumb\":{\"@id\":\"https:\/\/gozz4all.com\/slaapkledij-hansop-jumpy-onesie-huispak-anti-uitkleed-kleding\/pyjamaonesiehansop-met-voet-grote-maten-briquet-kopie\/#breadcrumb\"},\"inLanguage\":\"de\",\"potentialAction\":[{\"@type\":\"ReadAction\",\"target\":[\"https:\/\/gozz4all.com\/slaapkledij-hansop-jumpy-onesie-huispak-anti-uitkleed-kleding\/pyjamaonesiehansop-met-voet-grote-maten-briquet-kopie\/\"]}]},{\"@type\":\"ImageObject\",\"inLanguage\":\"de\",\"@id\":\"https:\/\/gozz4all.com\/slaapkledij-hansop-jumpy-onesie-huispak-anti-uitkleed-kleding\/pyjamaonesiehansop-met-voet-grote-maten-briquet-kopie\/#primaryimage\",\"url\":\"https:\/\/gozz4all.com\/wp-content\/uploads\/2023\/02\/DSC_0094-scaled.jpg\",\"contentUrl\":\"https:\/\/gozz4all.com\/wp-content\/uploads\/2023\/02\/DSC_0094-scaled.jpg\",\"width\":1707,\"height\":2560,\"caption\":\"Pyjama\/Onesie\/hansop met voet - grote maten- Grijs in 1 stuk. Smeer en uitkleedgedrag. Incontinentie, aangepaste kleding, rits op de rug, Gozz4all\"},{\"@type\":\"BreadcrumbList\",\"@id\":\"https:\/\/gozz4all.com\/slaapkledij-hansop-jumpy-onesie-huispak-anti-uitkleed-kleding\/pyjamaonesiehansop-met-voet-grote-maten-briquet-kopie\/#breadcrumb\",\"itemListElement\":[{\"@type\":\"ListItem\",\"position\":1,\"name\":\"Home\",\"item\":\"https:\/\/gozz4all.com\/\"},{\"@type\":\"ListItem\",\"position\":2,\"name\":\"Producten\",\"item\":\"https:\/\/gozz4all.com\/shop\/\"},{\"@type\":\"ListItem\",\"position\":3,\"name\":\"Pyjama\/Onesie\/hansop met voet &#8211; grote maten- Grijs\"}]},{\"@type\":\"WebSite\",\"@id\":\"https:\/\/gozz4all.com\/fr\/#website\",\"url\":\"https:\/\/gozz4all.com\/fr\/\",\"name\":\"Gozz4All\",\"description\":\"Gozz4All\",\"publisher\":{\"@id\":\"https:\/\/gozz4all.com\/fr\/#organization\"},\"potentialAction\":[{\"@type\":\"SearchAction\",\"target\":{\"@type\":\"EntryPoint\",\"urlTemplate\":\"https:\/\/gozz4all.com\/fr\/?s={search_term_string}\"},\"query-input\":{\"@type\":\"PropertyValueSpecification\",\"valueRequired\":true,\"valueName\":\"search_term_string\"}}],\"inLanguage\":\"de\"},{\"@type\":\"Organization\",\"@id\":\"https:\/\/gozz4all.com\/fr\/#organization\",\"name\":\"Gozz4all\",\"url\":\"https:\/\/gozz4all.com\/fr\/\",\"logo\":{\"@type\":\"ImageObject\",\"inLanguage\":\"de\",\"@id\":\"https:\/\/gozz4all.com\/fr\/#\/schema\/logo\/image\/\",\"url\":\"https:\/\/gozz4all.com\/wp-content\/uploads\/2020\/04\/Logo-ask-for-better-one.png\",\"contentUrl\":\"https:\/\/gozz4all.com\/wp-content\/uploads\/2020\/04\/Logo-ask-for-better-one.png\",\"width\":146,\"height\":60,\"caption\":\"Gozz4all\"},\"image\":{\"@id\":\"https:\/\/gozz4all.com\/fr\/#\/schema\/logo\/image\/\"},\"sameAs\":[\"https:\/\/www.facebook.com\/gozz4all\/\",\"https:\/\/www.instagram.com\/gozz4allfashion\/?hl=nl\"]}]}<\/script>\n<!-- \/ Yoast SEO plugin. -->","yoast_head_json":{"title":"Pyjama\/Onesie\/hansop met voet - grote maten- Grijs","description":"Pyjama\/Onesie\/hansop met voet - grote maten- Grijs in 1 stuk. Smeer en uitkleedgedrag. Incontinentie, aangepaste kleding, rits op de rug, Gozz4all","robots":{"index":"index","follow":"follow","max-snippet":"max-snippet:-1","max-image-preview":"max-image-preview:large","max-video-preview":"max-video-preview:-1"},"canonical":"https:\/\/gozz4all.com\/de\/slaapkledij-hansop-jumpy-onesie-huispak-anti-uitkleed-kleding\/pyjamaonesiehansop-met-voet-grote-maten-briquet-kopie\/","og_locale":"de_DE","og_type":"article","og_title":"Pyjama\/Onesie\/hansop met voet - grote maten- Grijs","og_description":"Pyjama\/Onesie\/hansop met voet - grote maten- Grijs in 1 stuk. Smeer en uitkleedgedrag. Incontinentie, aangepaste kleding, rits op de rug, Gozz4all","og_url":"https:\/\/gozz4all.com\/de\/slaapkledij-hansop-jumpy-onesie-huispak-anti-uitkleed-kleding\/pyjamaonesiehansop-met-voet-grote-maten-briquet-kopie\/","og_site_name":"Gozz4All","article_publisher":"https:\/\/www.facebook.com\/gozz4all\/","article_modified_time":"2023-02-11T18:03:37+00:00","og_image":[{"width":1707,"height":2560,"url":"https:\/\/gozz4all.com\/wp-content\/uploads\/2023\/02\/DSC_0094-scaled.jpg","type":"image\/jpeg"}],"twitter_card":"summary_large_image","twitter_misc":{"Gesch\u00e4tzte Lesezeit":"1\u00a0Minute"},"schema":{"@context":"https:\/\/schema.org","@graph":[{"@type":"WebPage","@id":"https:\/\/gozz4all.com\/slaapkledij-hansop-jumpy-onesie-huispak-anti-uitkleed-kleding\/pyjamaonesiehansop-met-voet-grote-maten-briquet-kopie\/","url":"https:\/\/gozz4all.com\/slaapkledij-hansop-jumpy-onesie-huispak-anti-uitkleed-kleding\/pyjamaonesiehansop-met-voet-grote-maten-briquet-kopie\/","name":"Pyjama\/Onesie\/hansop met voet - grote maten- Grijs","isPartOf":{"@id":"https:\/\/gozz4all.com\/fr\/#website"},"primaryImageOfPage":{"@id":"https:\/\/gozz4all.com\/slaapkledij-hansop-jumpy-onesie-huispak-anti-uitkleed-kleding\/pyjamaonesiehansop-met-voet-grote-maten-briquet-kopie\/#primaryimage"},"image":{"@id":"https:\/\/gozz4all.com\/slaapkledij-hansop-jumpy-onesie-huispak-anti-uitkleed-kleding\/pyjamaonesiehansop-met-voet-grote-maten-briquet-kopie\/#primaryimage"},"thumbnailUrl":"https:\/\/gozz4all.com\/wp-content\/uploads\/2023\/02\/DSC_0094-scaled.jpg","datePublished":"2023-02-11T18:01:21+00:00","dateModified":"2023-02-11T18:03:37+00:00","description":"Pyjama\/Onesie\/hansop met voet - grote maten- Grijs in 1 stuk. Smeer en uitkleedgedrag. Incontinentie, aangepaste kleding, rits op de rug, Gozz4all","breadcrumb":{"@id":"https:\/\/gozz4all.com\/slaapkledij-hansop-jumpy-onesie-huispak-anti-uitkleed-kleding\/pyjamaonesiehansop-met-voet-grote-maten-briquet-kopie\/#breadcrumb"},"inLanguage":"de","potentialAction":[{"@type":"ReadAction","target":["https:\/\/gozz4all.com\/slaapkledij-hansop-jumpy-onesie-huispak-anti-uitkleed-kleding\/pyjamaonesiehansop-met-voet-grote-maten-briquet-kopie\/"]}]},{"@type":"ImageObject","inLanguage":"de","@id":"https:\/\/gozz4all.com\/slaapkledij-hansop-jumpy-onesie-huispak-anti-uitkleed-kleding\/pyjamaonesiehansop-met-voet-grote-maten-briquet-kopie\/#primaryimage","url":"https:\/\/gozz4all.com\/wp-content\/uploads\/2023\/02\/DSC_0094-scaled.jpg","contentUrl":"https:\/\/gozz4all.com\/wp-content\/uploads\/2023\/02\/DSC_0094-scaled.jpg","width":1707,"height":2560,"caption":"Pyjama\/Onesie\/hansop met voet - grote maten- Grijs in 1 stuk. Smeer en uitkleedgedrag. Incontinentie, aangepaste kleding, rits op de rug, Gozz4all"},{"@type":"BreadcrumbList","@id":"https:\/\/gozz4all.com\/slaapkledij-hansop-jumpy-onesie-huispak-anti-uitkleed-kleding\/pyjamaonesiehansop-met-voet-grote-maten-briquet-kopie\/#breadcrumb","itemListElement":[{"@type":"ListItem","position":1,"name":"Home","item":"https:\/\/gozz4all.com\/"},{"@type":"ListItem","position":2,"name":"Producten","item":"https:\/\/gozz4all.com\/shop\/"},{"@type":"ListItem","position":3,"name":"Pyjama\/Onesie\/hansop met voet &#8211; grote maten- Grijs"}]},{"@type":"WebSite","@id":"https:\/\/gozz4all.com\/fr\/#website","url":"https:\/\/gozz4all.com\/fr\/","name":"Gozz4All","description":"Gozz4All","publisher":{"@id":"https:\/\/gozz4all.com\/fr\/#organization"},"potentialAction":[{"@type":"SearchAction","target":{"@type":"EntryPoint","urlTemplate":"https:\/\/gozz4all.com\/fr\/?s={search_term_string}"},"query-input":{"@type":"PropertyValueSpecification","valueRequired":true,"valueName":"search_term_string"}}],"inLanguage":"de"},{"@type":"Organization","@id":"https:\/\/gozz4all.com\/fr\/#organization","name":"Gozz4all","url":"https:\/\/gozz4all.com\/fr\/","logo":{"@type":"ImageObject","inLanguage":"de","@id":"https:\/\/gozz4all.com\/fr\/#\/schema\/logo\/image\/","url":"https:\/\/gozz4all.com\/wp-content\/uploads\/2020\/04\/Logo-ask-for-better-one.png","contentUrl":"https:\/\/gozz4all.com\/wp-content\/uploads\/2020\/04\/Logo-ask-for-better-one.png","width":146,"height":60,"caption":"Gozz4all"},"image":{"@id":"https:\/\/gozz4all.com\/fr\/#\/schema\/logo\/image\/"},"sameAs":["https:\/\/www.facebook.com\/gozz4all\/","https:\/\/www.instagram.com\/gozz4allfashion\/?hl=nl"]}]}},"_links":{"self":[{"href":"https:\/\/gozz4all.com\/de\/wp-json\/wp\/v2\/product\/24979","targetHints":{"allow":["GET"]}}],"collection":[{"href":"https:\/\/gozz4all.com\/de\/wp-json\/wp\/v2\/product"}],"about":[{"href":"https:\/\/gozz4all.com\/de\/wp-json\/wp\/v2\/types\/product"}],"wp:featuredmedia":[{"embeddable":true,"href":"https:\/\/gozz4all.com\/de\/wp-json\/wp\/v2\/media\/24978"}],"wp:attachment":[{"href":"https:\/\/gozz4all.com\/de\/wp-json\/wp\/v2\/media?parent=24979"}],"wp:term":[{"taxonomy":"product_brand","embeddable":true,"href":"https:\/\/gozz4all.com\/de\/wp-json\/wp\/v2\/product_brand?post=24979"},{"taxonomy":"product_cat","embeddable":true,"href":"https:\/\/gozz4all.com\/de\/wp-json\/wp\/v2\/product_cat?post=24979"},{"taxonomy":"product_tag","embeddable":true,"href":"https:\/\/gozz4all.com\/de\/wp-json\/wp\/v2\/product_tag?post=24979"}],"curies":[{"name":"wp","href":"https:\/\/api.w.org\/{rel}","templated":true}]}}