{"id":24859,"date":"2023-02-11T17:39:14","date_gmt":"2023-02-11T15:39:14","guid":{"rendered":"https:\/\/gozz4all.com\/?post_type=product&#038;p=24859"},"modified":"2023-02-11T20:13:51","modified_gmt":"2023-02-11T18:13:51","slug":"huispak-hansop-jumpy-grote-maten-blauw-bloem","status":"publish","type":"product","link":"https:\/\/gozz4all.com\/de\/product\/huispak-hansop-jumpy-grote-maten-blauw-bloem\/","title":{"rendered":"Huispak-Hansop-jumpy-grote maten-blauw bloem"},"content":{"rendered":"<p><strong>Beschreibung<\/strong><br \/>\nHuispak-Hansop-jumpy-grote maten-blauw bloem<br \/>\nDit is een mooie tussenstap voor personen die uitkleed en smeer gedrag hebben. Het is een huispak uit 1 geheel, U heeft dus een broek en bovenstuk tezamen, en hoeft dan niet nog iets te voorzien om netjes aangekleed te zijn. <\/p>\n<p>Da sich der Rei\u00dfverschluss auf dem R\u00fccken befindet, kann sich die Person nicht selbst\u00e4ndig ausziehen.<\/p>\n<p>Over de ritssluiting zit een stukje stof-flapje dat eerst weg geklapt moet worden voordat je het huispak kan openen. Dit zorgt ervoor dat de rits moeilijker te openen is.<\/p>\n<p>Au\u00dferdem sorgt dieses St\u00fcck Stoff daf\u00fcr, dass der Rei\u00dfverschluss den Hals nicht reizt. Er verursacht kein Unbehagen, wenn man darauf liegt.<br \/>\nBij dit model is er mogelijkheid om een rits te voorzien vanaf de navel vooraan, die naar de bovenkant rug gaat. Deze dient om het verschonen te vergemakkelijken.<\/p>\n<p>Hergestellt aus einem angenehmen Jersey-Stoff aus 95%-Baumwolle, mit dem Oeko-Qualit\u00e4tslabel. Dieser ist daher dehnbar.<\/p>\n<p>F\u00fcr Menschen, die wirklich rei\u00dfen, ist dies nicht geeignet. (Sie k\u00f6nnen Kleidung und Werkzeuge f\u00fcr diese auf der Anti-Tearing-Seite auf dieser Website finden)<\/p>\n<p>Es bietet zus\u00e4tzlichen Platz f\u00fcr Inkontinenzmaterial und ist daher sehr bequem zu tragen. Besonders geeignet f\u00fcr Menschen mit impulsivem Verhalten, wie z. B. Menschen mit Alzheimer oder Demenz, da es den Zugang zu Inkontinenzmaterialien verhindert und unerw\u00fcnschtes Entkleiden verhindert.<\/p>\n<p>Gemakkelijk wasbaar.<br \/>\nEerste maal op 30\u00b0 snelwas, nadien kan deze tot 60\u00b0 gewassen worden indien nodig.<\/p>\n<p><strong>Geeignet f\u00fcr\u00a0<\/strong><\/p>\n<ul>\n<li>Menschen mit Entkleidungsverhalten<\/li>\n<li>Menschen mit geistigen Behinderungen<\/li>\n<li>Menschen mit Inkontinenzproblemen<\/li>\n<\/ul>\n<p><strong>Zusammensetzung:<\/strong><br \/>\n95% Baumwolle, 5% Elastan<\/p>","protected":false},"excerpt":{"rendered":"<p><strong>Beschreibung<\/strong><br \/>\nHuispak-Hansop-jumpy-grote maten-Oker &#038; jeans<br \/>\nDit is een mooie tussenstap voor personen die uitkleed en smeer gedrag hebben. Het is een huispak uit 1 geheel, U heeft dus een broek en bovenstuk tezamen, en hoeft dan niet nog iets te voorzien om netjes aangekleed te zijn. <\/p>\n<p>Da sich der Rei\u00dfverschluss auf dem R\u00fccken befindet, kann sich die Person nicht selbst\u00e4ndig ausziehen.<\/p>\n<p>Over de ritssluiting zit een stukje stof-flapje dat eerst weg geklapt moet worden voordat je het huispak kan openen. Dit zorgt ervoor dat de rits moeilijker te openen is.<\/p>\n<p>Au\u00dferdem sorgt dieses St\u00fcck Stoff daf\u00fcr, dass der Rei\u00dfverschluss den Hals nicht reizt. Er verursacht kein Unbehagen, wenn man darauf liegt.<\/p>\n<p>Hergestellt aus einem angenehmen Jersey-Stoff aus 95%-Baumwolle, mit dem Oeko-Qualit\u00e4tslabel. Dieser ist daher dehnbar.<\/p>\n<p>F\u00fcr Menschen, die wirklich rei\u00dfen, ist dies nicht geeignet. (Sie k\u00f6nnen Kleidung und Werkzeuge f\u00fcr diese auf der Anti-Tearing-Seite auf dieser Website finden)<\/p>\n<p>Es bietet zus\u00e4tzlichen Platz f\u00fcr Inkontinenzmaterial und ist daher sehr bequem zu tragen. Besonders geeignet f\u00fcr Menschen mit impulsivem Verhalten, wie z. B. Menschen mit Alzheimer oder Demenz, da es den Zugang zu Inkontinenzmaterialien verhindert und unerw\u00fcnschtes Entkleiden verhindert.<\/p>\n<p>Gemakkelijk wasbaar.<br \/>\nEerste maal op 30\u00b0 snelwas, nadien kan deze tot 60\u00b0 gewassen worden indien nodig.<\/p>\n<p><strong>Geeignet f\u00fcr\u00a0<\/strong><\/p>\n<ul>\n<li>Menschen mit Entkleidungsverhalten<\/li>\n<li>Menschen mit geistigen Behinderungen<\/li>\n<li>Menschen mit Inkontinenzproblemen<\/li>\n<\/ul>\n<p><strong>Zusammensetzung:<\/strong><br \/>\n95% Baumwolle, 5% Elastan<\/p>","protected":false},"featured_media":24871,"template":"","meta":[],"product_brand":[],"product_cat":[612,613,618,611,455],"product_tag":[],"class_list":{"0":"post-24859","1":"product","2":"type-product","3":"status-publish","4":"has-post-thumbnail","6":"product_cat-ouderen-dementie","7":"product_cat-volwassenen","8":"product_cat-hansop-jumpys-huispak","9":"product_cat-kids","10":"product_cat-bovenkledij","11":"pa_maat-xl-2","12":"pa_maat-104-110-2","13":"pa_maat-116-122-2","14":"pa_maat-128-134-2","15":"pa_maat-4xl","16":"pa_maat-140-146-2","17":"pa_maat-5xl","18":"pa_maat-152-158-2","19":"pa_maat-xxl","20":"pa_maat-164-170-2","21":"pa_maat-l-2-fr","22":"pa_maat-176-182-2","23":"pa_maat-188-2","24":"pa_maat-s-2","25":"pa_maat-3xl","26":"pa_maat-m-2","27":"pa_maat-92-98","28":"pa_uitvoering-regular","29":"pa_uitvoering-sonde","30":"pa_uitvoering-stoma","31":"pa_uitvoering-side-open","32":"pa_uitvoering-rits-van-vooraan-navel-tot-bovenkant-rug","33":"pa_uitvoering-verschoningsrits-tussen-de-benen","34":"pif-has-gallery","36":"first","37":"instock","38":"featured","39":"taxable","40":"shipping-taxable","41":"purchasable","42":"product-type-variable"},"yoast_head":"<!-- This site is optimized with the Yoast SEO plugin v27.2 - https:\/\/yoast.com\/product\/yoast-seo-wordpress\/ -->\n<title>Huispak-Hansop-jumpy-grote maten-blauw bloem<\/title>\n<meta name=\"description\" content=\"Huispak-Hansop-jumpy-grote maten-blauw bloem -smeer en uitkleedgedrag-Gozz4all-dementie-incontinentie-aangepaste kleding-rits op de rug-ongewenst uitkleden\" \/>\n<meta name=\"robots\" content=\"index, follow, max-snippet:-1, max-image-preview:large, max-video-preview:-1\" \/>\n<link rel=\"canonical\" href=\"https:\/\/gozz4all.com\/de\/kids\/huispak-hansop-jumpy-grote-maten-oker-jeans-kopie\/\" \/>\n<meta property=\"og:locale\" content=\"de_DE\" \/>\n<meta property=\"og:type\" content=\"article\" \/>\n<meta property=\"og:title\" content=\"Huispak-Hansop-jumpy-grote maten-blauw bloem\" \/>\n<meta property=\"og:description\" content=\"Huispak-Hansop-jumpy-grote maten-blauw bloem -smeer en uitkleedgedrag-Gozz4all-dementie-incontinentie-aangepaste kleding-rits op de rug-ongewenst uitkleden\" \/>\n<meta property=\"og:url\" content=\"https:\/\/gozz4all.com\/de\/kids\/huispak-hansop-jumpy-grote-maten-oker-jeans-kopie\/\" \/>\n<meta property=\"og:site_name\" content=\"Gozz4All\" \/>\n<meta property=\"article:publisher\" content=\"https:\/\/www.facebook.com\/gozz4all\/\" \/>\n<meta property=\"article:modified_time\" content=\"2023-02-11T18:13:51+00:00\" \/>\n<meta property=\"og:image\" content=\"https:\/\/gozz4all.com\/wp-content\/uploads\/2023\/02\/DSC_0105-1-scaled.jpg\" \/>\n\t<meta property=\"og:image:width\" content=\"1707\" \/>\n\t<meta property=\"og:image:height\" content=\"2560\" \/>\n\t<meta property=\"og:image:type\" content=\"image\/jpeg\" \/>\n<meta name=\"twitter:card\" content=\"summary_large_image\" \/>\n<meta name=\"twitter:label1\" content=\"Gesch\u00e4tzte Lesezeit\" \/>\n\t<meta name=\"twitter:data1\" content=\"1\u00a0Minute\" \/>\n<script type=\"application\/ld+json\" class=\"yoast-schema-graph\">{\"@context\":\"https:\/\/schema.org\",\"@graph\":[{\"@type\":\"WebPage\",\"@id\":\"https:\/\/gozz4all.com\/kids\/huispak-hansop-jumpy-grote-maten-oker-jeans-kopie\/\",\"url\":\"https:\/\/gozz4all.com\/kids\/huispak-hansop-jumpy-grote-maten-oker-jeans-kopie\/\",\"name\":\"Huispak-Hansop-jumpy-grote maten-blauw bloem\",\"isPartOf\":{\"@id\":\"https:\/\/gozz4all.com\/fr\/#website\"},\"primaryImageOfPage\":{\"@id\":\"https:\/\/gozz4all.com\/kids\/huispak-hansop-jumpy-grote-maten-oker-jeans-kopie\/#primaryimage\"},\"image\":{\"@id\":\"https:\/\/gozz4all.com\/kids\/huispak-hansop-jumpy-grote-maten-oker-jeans-kopie\/#primaryimage\"},\"thumbnailUrl\":\"https:\/\/gozz4all.com\/wp-content\/uploads\/2023\/02\/DSC_0105-1-scaled.jpg\",\"datePublished\":\"2023-02-11T15:39:14+00:00\",\"dateModified\":\"2023-02-11T18:13:51+00:00\",\"description\":\"Huispak-Hansop-jumpy-grote maten-blauw bloem -smeer en uitkleedgedrag-Gozz4all-dementie-incontinentie-aangepaste kleding-rits op de rug-ongewenst uitkleden\",\"breadcrumb\":{\"@id\":\"https:\/\/gozz4all.com\/kids\/huispak-hansop-jumpy-grote-maten-oker-jeans-kopie\/#breadcrumb\"},\"inLanguage\":\"de\",\"potentialAction\":[{\"@type\":\"ReadAction\",\"target\":[\"https:\/\/gozz4all.com\/kids\/huispak-hansop-jumpy-grote-maten-oker-jeans-kopie\/\"]}]},{\"@type\":\"ImageObject\",\"inLanguage\":\"de\",\"@id\":\"https:\/\/gozz4all.com\/kids\/huispak-hansop-jumpy-grote-maten-oker-jeans-kopie\/#primaryimage\",\"url\":\"https:\/\/gozz4all.com\/wp-content\/uploads\/2023\/02\/DSC_0105-1-scaled.jpg\",\"contentUrl\":\"https:\/\/gozz4all.com\/wp-content\/uploads\/2023\/02\/DSC_0105-1-scaled.jpg\",\"width\":1707,\"height\":2560,\"caption\":\"Huispak-Hansop-jumpy-grote maten-blauw bloem -smeer en uitkleedgedrag-Gozz4all-dementie-incontinentie-aangepaste kleding-rits op de rug-ongewenst uitkleden\"},{\"@type\":\"BreadcrumbList\",\"@id\":\"https:\/\/gozz4all.com\/kids\/huispak-hansop-jumpy-grote-maten-oker-jeans-kopie\/#breadcrumb\",\"itemListElement\":[{\"@type\":\"ListItem\",\"position\":1,\"name\":\"Home\",\"item\":\"https:\/\/gozz4all.com\/\"},{\"@type\":\"ListItem\",\"position\":2,\"name\":\"Producten\",\"item\":\"https:\/\/gozz4all.com\/shop\/\"},{\"@type\":\"ListItem\",\"position\":3,\"name\":\"Huispak-Hansop-jumpy-grote maten-blauw bloem\"}]},{\"@type\":\"WebSite\",\"@id\":\"https:\/\/gozz4all.com\/fr\/#website\",\"url\":\"https:\/\/gozz4all.com\/fr\/\",\"name\":\"Gozz4All\",\"description\":\"Gozz4All\",\"publisher\":{\"@id\":\"https:\/\/gozz4all.com\/fr\/#organization\"},\"potentialAction\":[{\"@type\":\"SearchAction\",\"target\":{\"@type\":\"EntryPoint\",\"urlTemplate\":\"https:\/\/gozz4all.com\/fr\/?s={search_term_string}\"},\"query-input\":{\"@type\":\"PropertyValueSpecification\",\"valueRequired\":true,\"valueName\":\"search_term_string\"}}],\"inLanguage\":\"de\"},{\"@type\":\"Organization\",\"@id\":\"https:\/\/gozz4all.com\/fr\/#organization\",\"name\":\"Gozz4all\",\"url\":\"https:\/\/gozz4all.com\/fr\/\",\"logo\":{\"@type\":\"ImageObject\",\"inLanguage\":\"de\",\"@id\":\"https:\/\/gozz4all.com\/fr\/#\/schema\/logo\/image\/\",\"url\":\"https:\/\/gozz4all.com\/wp-content\/uploads\/2020\/04\/Logo-ask-for-better-one.png\",\"contentUrl\":\"https:\/\/gozz4all.com\/wp-content\/uploads\/2020\/04\/Logo-ask-for-better-one.png\",\"width\":146,\"height\":60,\"caption\":\"Gozz4all\"},\"image\":{\"@id\":\"https:\/\/gozz4all.com\/fr\/#\/schema\/logo\/image\/\"},\"sameAs\":[\"https:\/\/www.facebook.com\/gozz4all\/\",\"https:\/\/www.instagram.com\/gozz4allfashion\/?hl=nl\"]}]}<\/script>\n<!-- \/ Yoast SEO plugin. -->","yoast_head_json":{"title":"Huispak-Hansop-jumpy-grote maten-blauw bloem","description":"Huispak-Hansop-jumpy-grote maten-blauw bloem -smeer en uitkleedgedrag-Gozz4all-dementie-incontinentie-aangepaste kleding-rits op de rug-ongewenst uitkleden","robots":{"index":"index","follow":"follow","max-snippet":"max-snippet:-1","max-image-preview":"max-image-preview:large","max-video-preview":"max-video-preview:-1"},"canonical":"https:\/\/gozz4all.com\/de\/kids\/huispak-hansop-jumpy-grote-maten-oker-jeans-kopie\/","og_locale":"de_DE","og_type":"article","og_title":"Huispak-Hansop-jumpy-grote maten-blauw bloem","og_description":"Huispak-Hansop-jumpy-grote maten-blauw bloem -smeer en uitkleedgedrag-Gozz4all-dementie-incontinentie-aangepaste kleding-rits op de rug-ongewenst uitkleden","og_url":"https:\/\/gozz4all.com\/de\/kids\/huispak-hansop-jumpy-grote-maten-oker-jeans-kopie\/","og_site_name":"Gozz4All","article_publisher":"https:\/\/www.facebook.com\/gozz4all\/","article_modified_time":"2023-02-11T18:13:51+00:00","og_image":[{"width":1707,"height":2560,"url":"https:\/\/gozz4all.com\/wp-content\/uploads\/2023\/02\/DSC_0105-1-scaled.jpg","type":"image\/jpeg"}],"twitter_card":"summary_large_image","twitter_misc":{"Gesch\u00e4tzte Lesezeit":"1\u00a0Minute"},"schema":{"@context":"https:\/\/schema.org","@graph":[{"@type":"WebPage","@id":"https:\/\/gozz4all.com\/kids\/huispak-hansop-jumpy-grote-maten-oker-jeans-kopie\/","url":"https:\/\/gozz4all.com\/kids\/huispak-hansop-jumpy-grote-maten-oker-jeans-kopie\/","name":"Huispak-Hansop-jumpy-grote maten-blauw bloem","isPartOf":{"@id":"https:\/\/gozz4all.com\/fr\/#website"},"primaryImageOfPage":{"@id":"https:\/\/gozz4all.com\/kids\/huispak-hansop-jumpy-grote-maten-oker-jeans-kopie\/#primaryimage"},"image":{"@id":"https:\/\/gozz4all.com\/kids\/huispak-hansop-jumpy-grote-maten-oker-jeans-kopie\/#primaryimage"},"thumbnailUrl":"https:\/\/gozz4all.com\/wp-content\/uploads\/2023\/02\/DSC_0105-1-scaled.jpg","datePublished":"2023-02-11T15:39:14+00:00","dateModified":"2023-02-11T18:13:51+00:00","description":"Huispak-Hansop-jumpy-grote maten-blauw bloem -smeer en uitkleedgedrag-Gozz4all-dementie-incontinentie-aangepaste kleding-rits op de rug-ongewenst uitkleden","breadcrumb":{"@id":"https:\/\/gozz4all.com\/kids\/huispak-hansop-jumpy-grote-maten-oker-jeans-kopie\/#breadcrumb"},"inLanguage":"de","potentialAction":[{"@type":"ReadAction","target":["https:\/\/gozz4all.com\/kids\/huispak-hansop-jumpy-grote-maten-oker-jeans-kopie\/"]}]},{"@type":"ImageObject","inLanguage":"de","@id":"https:\/\/gozz4all.com\/kids\/huispak-hansop-jumpy-grote-maten-oker-jeans-kopie\/#primaryimage","url":"https:\/\/gozz4all.com\/wp-content\/uploads\/2023\/02\/DSC_0105-1-scaled.jpg","contentUrl":"https:\/\/gozz4all.com\/wp-content\/uploads\/2023\/02\/DSC_0105-1-scaled.jpg","width":1707,"height":2560,"caption":"Huispak-Hansop-jumpy-grote maten-blauw bloem -smeer en uitkleedgedrag-Gozz4all-dementie-incontinentie-aangepaste kleding-rits op de rug-ongewenst uitkleden"},{"@type":"BreadcrumbList","@id":"https:\/\/gozz4all.com\/kids\/huispak-hansop-jumpy-grote-maten-oker-jeans-kopie\/#breadcrumb","itemListElement":[{"@type":"ListItem","position":1,"name":"Home","item":"https:\/\/gozz4all.com\/"},{"@type":"ListItem","position":2,"name":"Producten","item":"https:\/\/gozz4all.com\/shop\/"},{"@type":"ListItem","position":3,"name":"Huispak-Hansop-jumpy-grote maten-blauw bloem"}]},{"@type":"WebSite","@id":"https:\/\/gozz4all.com\/fr\/#website","url":"https:\/\/gozz4all.com\/fr\/","name":"Gozz4All","description":"Gozz4All","publisher":{"@id":"https:\/\/gozz4all.com\/fr\/#organization"},"potentialAction":[{"@type":"SearchAction","target":{"@type":"EntryPoint","urlTemplate":"https:\/\/gozz4all.com\/fr\/?s={search_term_string}"},"query-input":{"@type":"PropertyValueSpecification","valueRequired":true,"valueName":"search_term_string"}}],"inLanguage":"de"},{"@type":"Organization","@id":"https:\/\/gozz4all.com\/fr\/#organization","name":"Gozz4all","url":"https:\/\/gozz4all.com\/fr\/","logo":{"@type":"ImageObject","inLanguage":"de","@id":"https:\/\/gozz4all.com\/fr\/#\/schema\/logo\/image\/","url":"https:\/\/gozz4all.com\/wp-content\/uploads\/2020\/04\/Logo-ask-for-better-one.png","contentUrl":"https:\/\/gozz4all.com\/wp-content\/uploads\/2020\/04\/Logo-ask-for-better-one.png","width":146,"height":60,"caption":"Gozz4all"},"image":{"@id":"https:\/\/gozz4all.com\/fr\/#\/schema\/logo\/image\/"},"sameAs":["https:\/\/www.facebook.com\/gozz4all\/","https:\/\/www.instagram.com\/gozz4allfashion\/?hl=nl"]}]}},"_links":{"self":[{"href":"https:\/\/gozz4all.com\/de\/wp-json\/wp\/v2\/product\/24859","targetHints":{"allow":["GET"]}}],"collection":[{"href":"https:\/\/gozz4all.com\/de\/wp-json\/wp\/v2\/product"}],"about":[{"href":"https:\/\/gozz4all.com\/de\/wp-json\/wp\/v2\/types\/product"}],"wp:featuredmedia":[{"embeddable":true,"href":"https:\/\/gozz4all.com\/de\/wp-json\/wp\/v2\/media\/24871"}],"wp:attachment":[{"href":"https:\/\/gozz4all.com\/de\/wp-json\/wp\/v2\/media?parent=24859"}],"wp:term":[{"taxonomy":"product_brand","embeddable":true,"href":"https:\/\/gozz4all.com\/de\/wp-json\/wp\/v2\/product_brand?post=24859"},{"taxonomy":"product_cat","embeddable":true,"href":"https:\/\/gozz4all.com\/de\/wp-json\/wp\/v2\/product_cat?post=24859"},{"taxonomy":"product_tag","embeddable":true,"href":"https:\/\/gozz4all.com\/de\/wp-json\/wp\/v2\/product_tag?post=24859"}],"curies":[{"name":"wp","href":"https:\/\/api.w.org\/{rel}","templated":true}]}}