{"id":24568,"date":"2023-01-21T14:39:10","date_gmt":"2023-01-21T12:39:10","guid":{"rendered":"https:\/\/gozz4all.com\/?post_type=product&#038;p=24568"},"modified":"2025-06-26T09:30:16","modified_gmt":"2025-06-26T07:30:16","slug":"slaapzak-grote-maten-lange-mouw-tractor","status":"publish","type":"product","link":"https:\/\/gozz4all.com\/de\/product\/slaapzak-grote-maten-lange-mouw-tractor\/","title":{"rendered":"Schlafsack gro\u00dfe Gr\u00f6\u00dfen-Langarm-Traktor"},"content":{"rendered":"<p><a href=\"https:\/\/gozz4all.com\/de\/slaapkledij\/slaapzakken\/slaapzak-grote-maten-zonder-mouw-tussenseizoen-badstof-dikte-vulling-te-kiezen-kan-ook-zonder-vulling-keuze-uit-lange-korte-of-geen-mouw-op-lengte-te-maken-2-verschillende-lengtes-door-drukknopen\/\">Schlafsack gro\u00dfe Gr\u00f6\u00dfen-Langarm ocker Frottee<\/a><br \/>\nSchlafsack gro\u00dfe Gr\u00f6\u00dfen-Langarm-Traktor<br \/>\nEin flexibler Schlafsack, der ohne, mit kurzen oder langen \u00c4rmeln erh\u00e4ltlich ist.<\/p>\n<p>Dies kann f\u00fcr alle Altersgruppen bei Schmier- und Ausziehverhalten verwendet werden oder wenn eine Bettdecke oder ein Laken nicht vertragen wird, liegen sie noch warm<\/p>\n<p>Dies f\u00fchrt zu mehr Ruhe und besserem Schlaf.<\/p>\n<p>Der Rei\u00dfverschluss kann auf der Vorder- oder R\u00fcckseite sein und wird von unten nach oben geschlossen.<\/p>\n<p>Mit verschiedenen St\u00e4rken der thermischen Polsterung je nach Jahreszeit. Sie k\u00f6nnen diese frei w\u00e4hlen.<\/p>\n<p>Mit den Druckkn\u00f6pfen kann der Schlafsack bei Bedarf gek\u00fcrzt werden.<\/p>\n<p>Ausgestattet mit einem robusten Rei\u00dfverschluss der Marke Kroko.<\/p>\n<p>Dies ist kein rei\u00dffester Stoff<\/p>\n<p>Ber\u00fccksichtigt die Schrumpfung von 5%<\/p>\n<p>Zusammensetzung:<\/p>\n<p>Stof: 97%katoen . 3%el<\/p>\n<p>Futter: Auswahl<\/p>","protected":false},"excerpt":{"rendered":"<p><a href=\"https:\/\/gozz4all.com\/de\/slaapkledij\/slaapzakken\/slaapzak-grote-maten-lange-mouw-oker-badstof\/\">Schlafsack gro\u00dfe Gr\u00f6\u00dfen-Langarm ocker Frottee<\/a>:<\/p>\n<p>Ein flexibler Schlafsack, der ohne, mit kurzen oder langen \u00c4rmeln erh\u00e4ltlich ist.<\/p>\n<p>Dies kann f\u00fcr alle Altersgruppen bei Schmier- und Ausziehverhalten verwendet werden oder wenn eine Bettdecke oder ein Laken nicht vertragen wird, liegen sie noch warm<\/p>\n<p>Dies f\u00fchrt zu mehr Ruhe und besserem Schlaf.<\/p>\n<p>Der Rei\u00dfverschluss kann auf der Vorder- oder R\u00fcckseite sein und wird von unten nach oben geschlossen.<\/p>\n<p>Mit verschiedenen St\u00e4rken der thermischen Polsterung je nach Jahreszeit. Sie k\u00f6nnen diese frei w\u00e4hlen.<\/p>\n<p>Ausgestattet mit einem robusten Rei\u00dfverschluss der Marke Kroko.<\/p>\n<p>Dies ist kein rei\u00dffester Stoff<\/p>\n<p>Ber\u00fccksichtigt die Schrumpfung von 5%<\/p>\n<p>Zusammensetzung:<\/p>\n<p>Stoff: 80umwolle\/20%Poly<\/p>\n<p>Voering:Naar keuze<\/p>","protected":false},"featured_media":25376,"template":"","meta":[],"product_brand":[],"product_cat":[619,445,45,456],"product_tag":[],"class_list":{"0":"post-24568","1":"product","2":"type-product","3":"status-publish","4":"has-post-thumbnail","6":"product_cat-slaapkleding","7":"product_cat-new","8":"product_cat-slaapkledij-hansop-jumpy-onesie-huispak-anti-uitkleed-kleding","9":"product_cat-slaapzakken-in-grote-maten-tot-en-met-maat-xxl-kan-voor-alle-leeftijden-gebruikt-worden-smeergedrag-en-uitkleedgedrag-of-indien-er-geen-dekbed-of-laken-verdragen-wordt","10":"pa_dikte-vulling-lente-zomer","11":"pa_dikte-vulling-herfst-winter","12":"pa_kleur-groen-ambulance","13":"pa_kleur-licht-blauw-politie","14":"pa_kleur-zwaar-materiaal-navy","15":"pa_kleur-blauw-tractor","16":"pa_maat-152-158-2","17":"pa_maat-164-170-2","18":"pa_maat-176-182-2","19":"pa_maat-xxxl-1","20":"pa_maat-188-2","21":"pa_maat-xxxl-2","22":"pa_maat-s-2","23":"pa_maat-xl-2","24":"pa_maat-92-98","25":"pa_maat-xxl","26":"pa_maat-104-110-2","27":"pa_maat-l-2-en","28":"pa_maat-116-122-2","29":"pa_maat-m-2-fr","30":"pa_maat-128-134-2","31":"pa_maat-140-146-2","32":"pa_sluiting-rits-van-onder-naar-boven","33":"pa_sluiting-rits-van-boven-naar-beneden","34":"pif-has-gallery","36":"first","37":"instock","38":"taxable","39":"shipping-taxable","40":"purchasable","41":"product-type-variable"},"yoast_head":"<!-- This site is optimized with the Yoast SEO plugin v27.2 - https:\/\/yoast.com\/product\/yoast-seo-wordpress\/ -->\n<title>Slaapzak grote maten-Lange mouw tractor | Gozz4All<\/title>\n<meta name=\"description\" content=\"Slaapzak grote maten-Lange mouw tractor-rustige nachten-smeer en uitkleedgedrag- aangename en betere slaap-Gozz4all.com-dikte vulling te kiezen\" \/>\n<meta name=\"robots\" content=\"index, follow, max-snippet:-1, max-image-preview:large, max-video-preview:-1\" \/>\n<link rel=\"canonical\" href=\"https:\/\/gozz4all.com\/de\/produkt\/slaapzak-grote-maten-lange-mouw-tractor\/\" \/>\n<meta property=\"og:locale\" content=\"de_DE\" \/>\n<meta property=\"og:type\" content=\"article\" \/>\n<meta property=\"og:title\" content=\"Slaapzak grote maten-Lange mouw tractor | Gozz4All\" \/>\n<meta property=\"og:description\" content=\"Slaapzak grote maten-Lange mouw tractor-rustige nachten-smeer en uitkleedgedrag- aangename en betere slaap-Gozz4all.com-dikte vulling te kiezen\" \/>\n<meta property=\"og:url\" content=\"https:\/\/gozz4all.com\/de\/produkt\/slaapzak-grote-maten-lange-mouw-tractor\/\" \/>\n<meta property=\"og:site_name\" content=\"Gozz4All\" \/>\n<meta property=\"article:publisher\" content=\"https:\/\/www.facebook.com\/gozz4all\/\" \/>\n<meta property=\"article:modified_time\" content=\"2025-06-26T07:30:16+00:00\" \/>\n<meta property=\"og:image\" content=\"https:\/\/gozz4all.com\/wp-content\/uploads\/2023\/01\/slaapzak-tractor-blauw-e1698760573477-752x1030.png\" \/>\n\t<meta property=\"og:image:width\" content=\"752\" \/>\n\t<meta property=\"og:image:height\" content=\"1030\" \/>\n\t<meta property=\"og:image:type\" content=\"image\/png\" \/>\n<meta name=\"twitter:card\" content=\"summary_large_image\" \/>\n<meta name=\"twitter:label1\" content=\"Gesch\u00e4tzte Lesezeit\" \/>\n\t<meta name=\"twitter:data1\" content=\"1\u00a0Minute\" \/>\n<script type=\"application\/ld+json\" class=\"yoast-schema-graph\">{\"@context\":\"https:\/\/schema.org\",\"@graph\":[{\"@type\":\"WebPage\",\"@id\":\"https:\/\/gozz4all.com\/product\/slaapzak-grote-maten-lange-mouw-tractor\/\",\"url\":\"https:\/\/gozz4all.com\/product\/slaapzak-grote-maten-lange-mouw-tractor\/\",\"name\":\"Slaapzak grote maten-Lange mouw tractor | Gozz4All\",\"isPartOf\":{\"@id\":\"https:\/\/gozz4all.com\/fr\/#website\"},\"primaryImageOfPage\":{\"@id\":\"https:\/\/gozz4all.com\/product\/slaapzak-grote-maten-lange-mouw-tractor\/#primaryimage\"},\"image\":{\"@id\":\"https:\/\/gozz4all.com\/product\/slaapzak-grote-maten-lange-mouw-tractor\/#primaryimage\"},\"thumbnailUrl\":\"https:\/\/gozz4all.com\/wp-content\/uploads\/2023\/01\/slaapzak-tractor-blauw-e1698760573477.png\",\"datePublished\":\"2023-01-21T12:39:10+00:00\",\"dateModified\":\"2025-06-26T07:30:16+00:00\",\"description\":\"Slaapzak grote maten-Lange mouw tractor-rustige nachten-smeer en uitkleedgedrag- aangename en betere slaap-Gozz4all.com-dikte vulling te kiezen\",\"breadcrumb\":{\"@id\":\"https:\/\/gozz4all.com\/product\/slaapzak-grote-maten-lange-mouw-tractor\/#breadcrumb\"},\"inLanguage\":\"de\",\"potentialAction\":[{\"@type\":\"ReadAction\",\"target\":[\"https:\/\/gozz4all.com\/product\/slaapzak-grote-maten-lange-mouw-tractor\/\"]}]},{\"@type\":\"ImageObject\",\"inLanguage\":\"de\",\"@id\":\"https:\/\/gozz4all.com\/product\/slaapzak-grote-maten-lange-mouw-tractor\/#primaryimage\",\"url\":\"https:\/\/gozz4all.com\/wp-content\/uploads\/2023\/01\/slaapzak-tractor-blauw-e1698760573477.png\",\"contentUrl\":\"https:\/\/gozz4all.com\/wp-content\/uploads\/2023\/01\/slaapzak-tractor-blauw-e1698760573477.png\",\"width\":2550,\"height\":3495,\"caption\":\"Slaapzak grote maten-Lange mouw tractor\"},{\"@type\":\"BreadcrumbList\",\"@id\":\"https:\/\/gozz4all.com\/product\/slaapzak-grote-maten-lange-mouw-tractor\/#breadcrumb\",\"itemListElement\":[{\"@type\":\"ListItem\",\"position\":1,\"name\":\"Home\",\"item\":\"https:\/\/gozz4all.com\/\"},{\"@type\":\"ListItem\",\"position\":2,\"name\":\"Producten\",\"item\":\"https:\/\/gozz4all.com\/shop\/\"},{\"@type\":\"ListItem\",\"position\":3,\"name\":\"Slaapzak grote maten-Lange mouw tractor\"}]},{\"@type\":\"WebSite\",\"@id\":\"https:\/\/gozz4all.com\/fr\/#website\",\"url\":\"https:\/\/gozz4all.com\/fr\/\",\"name\":\"Gozz4All\",\"description\":\"Gozz4All\",\"publisher\":{\"@id\":\"https:\/\/gozz4all.com\/fr\/#organization\"},\"potentialAction\":[{\"@type\":\"SearchAction\",\"target\":{\"@type\":\"EntryPoint\",\"urlTemplate\":\"https:\/\/gozz4all.com\/fr\/?s={search_term_string}\"},\"query-input\":{\"@type\":\"PropertyValueSpecification\",\"valueRequired\":true,\"valueName\":\"search_term_string\"}}],\"inLanguage\":\"de\"},{\"@type\":\"Organization\",\"@id\":\"https:\/\/gozz4all.com\/fr\/#organization\",\"name\":\"Gozz4all\",\"url\":\"https:\/\/gozz4all.com\/fr\/\",\"logo\":{\"@type\":\"ImageObject\",\"inLanguage\":\"de\",\"@id\":\"https:\/\/gozz4all.com\/fr\/#\/schema\/logo\/image\/\",\"url\":\"https:\/\/gozz4all.com\/wp-content\/uploads\/2020\/04\/Logo-ask-for-better-one.png\",\"contentUrl\":\"https:\/\/gozz4all.com\/wp-content\/uploads\/2020\/04\/Logo-ask-for-better-one.png\",\"width\":146,\"height\":60,\"caption\":\"Gozz4all\"},\"image\":{\"@id\":\"https:\/\/gozz4all.com\/fr\/#\/schema\/logo\/image\/\"},\"sameAs\":[\"https:\/\/www.facebook.com\/gozz4all\/\",\"https:\/\/www.instagram.com\/gozz4allfashion\/?hl=nl\"]}]}<\/script>\n<!-- \/ Yoast SEO plugin. -->","yoast_head_json":{"title":"Slaapzak grote maten-Lange mouw tractor | Gozz4All","description":"Slaapzak grote maten-Lange mouw tractor-rustige nachten-smeer en uitkleedgedrag- aangename en betere slaap-Gozz4all.com-dikte vulling te kiezen","robots":{"index":"index","follow":"follow","max-snippet":"max-snippet:-1","max-image-preview":"max-image-preview:large","max-video-preview":"max-video-preview:-1"},"canonical":"https:\/\/gozz4all.com\/de\/produkt\/slaapzak-grote-maten-lange-mouw-tractor\/","og_locale":"de_DE","og_type":"article","og_title":"Slaapzak grote maten-Lange mouw tractor | Gozz4All","og_description":"Slaapzak grote maten-Lange mouw tractor-rustige nachten-smeer en uitkleedgedrag- aangename en betere slaap-Gozz4all.com-dikte vulling te kiezen","og_url":"https:\/\/gozz4all.com\/de\/produkt\/slaapzak-grote-maten-lange-mouw-tractor\/","og_site_name":"Gozz4All","article_publisher":"https:\/\/www.facebook.com\/gozz4all\/","article_modified_time":"2025-06-26T07:30:16+00:00","og_image":[{"width":752,"height":1030,"url":"https:\/\/gozz4all.com\/wp-content\/uploads\/2023\/01\/slaapzak-tractor-blauw-e1698760573477-752x1030.png","type":"image\/png"}],"twitter_card":"summary_large_image","twitter_misc":{"Gesch\u00e4tzte Lesezeit":"1\u00a0Minute"},"schema":{"@context":"https:\/\/schema.org","@graph":[{"@type":"WebPage","@id":"https:\/\/gozz4all.com\/product\/slaapzak-grote-maten-lange-mouw-tractor\/","url":"https:\/\/gozz4all.com\/product\/slaapzak-grote-maten-lange-mouw-tractor\/","name":"Slaapzak grote maten-Lange mouw tractor | Gozz4All","isPartOf":{"@id":"https:\/\/gozz4all.com\/fr\/#website"},"primaryImageOfPage":{"@id":"https:\/\/gozz4all.com\/product\/slaapzak-grote-maten-lange-mouw-tractor\/#primaryimage"},"image":{"@id":"https:\/\/gozz4all.com\/product\/slaapzak-grote-maten-lange-mouw-tractor\/#primaryimage"},"thumbnailUrl":"https:\/\/gozz4all.com\/wp-content\/uploads\/2023\/01\/slaapzak-tractor-blauw-e1698760573477.png","datePublished":"2023-01-21T12:39:10+00:00","dateModified":"2025-06-26T07:30:16+00:00","description":"Slaapzak grote maten-Lange mouw tractor-rustige nachten-smeer en uitkleedgedrag- aangename en betere slaap-Gozz4all.com-dikte vulling te kiezen","breadcrumb":{"@id":"https:\/\/gozz4all.com\/product\/slaapzak-grote-maten-lange-mouw-tractor\/#breadcrumb"},"inLanguage":"de","potentialAction":[{"@type":"ReadAction","target":["https:\/\/gozz4all.com\/product\/slaapzak-grote-maten-lange-mouw-tractor\/"]}]},{"@type":"ImageObject","inLanguage":"de","@id":"https:\/\/gozz4all.com\/product\/slaapzak-grote-maten-lange-mouw-tractor\/#primaryimage","url":"https:\/\/gozz4all.com\/wp-content\/uploads\/2023\/01\/slaapzak-tractor-blauw-e1698760573477.png","contentUrl":"https:\/\/gozz4all.com\/wp-content\/uploads\/2023\/01\/slaapzak-tractor-blauw-e1698760573477.png","width":2550,"height":3495,"caption":"Slaapzak grote maten-Lange mouw tractor"},{"@type":"BreadcrumbList","@id":"https:\/\/gozz4all.com\/product\/slaapzak-grote-maten-lange-mouw-tractor\/#breadcrumb","itemListElement":[{"@type":"ListItem","position":1,"name":"Home","item":"https:\/\/gozz4all.com\/"},{"@type":"ListItem","position":2,"name":"Producten","item":"https:\/\/gozz4all.com\/shop\/"},{"@type":"ListItem","position":3,"name":"Slaapzak grote maten-Lange mouw tractor"}]},{"@type":"WebSite","@id":"https:\/\/gozz4all.com\/fr\/#website","url":"https:\/\/gozz4all.com\/fr\/","name":"Gozz4All","description":"Gozz4All","publisher":{"@id":"https:\/\/gozz4all.com\/fr\/#organization"},"potentialAction":[{"@type":"SearchAction","target":{"@type":"EntryPoint","urlTemplate":"https:\/\/gozz4all.com\/fr\/?s={search_term_string}"},"query-input":{"@type":"PropertyValueSpecification","valueRequired":true,"valueName":"search_term_string"}}],"inLanguage":"de"},{"@type":"Organization","@id":"https:\/\/gozz4all.com\/fr\/#organization","name":"Gozz4all","url":"https:\/\/gozz4all.com\/fr\/","logo":{"@type":"ImageObject","inLanguage":"de","@id":"https:\/\/gozz4all.com\/fr\/#\/schema\/logo\/image\/","url":"https:\/\/gozz4all.com\/wp-content\/uploads\/2020\/04\/Logo-ask-for-better-one.png","contentUrl":"https:\/\/gozz4all.com\/wp-content\/uploads\/2020\/04\/Logo-ask-for-better-one.png","width":146,"height":60,"caption":"Gozz4all"},"image":{"@id":"https:\/\/gozz4all.com\/fr\/#\/schema\/logo\/image\/"},"sameAs":["https:\/\/www.facebook.com\/gozz4all\/","https:\/\/www.instagram.com\/gozz4allfashion\/?hl=nl"]}]}},"_links":{"self":[{"href":"https:\/\/gozz4all.com\/de\/wp-json\/wp\/v2\/product\/24568","targetHints":{"allow":["GET"]}}],"collection":[{"href":"https:\/\/gozz4all.com\/de\/wp-json\/wp\/v2\/product"}],"about":[{"href":"https:\/\/gozz4all.com\/de\/wp-json\/wp\/v2\/types\/product"}],"wp:featuredmedia":[{"embeddable":true,"href":"https:\/\/gozz4all.com\/de\/wp-json\/wp\/v2\/media\/25376"}],"wp:attachment":[{"href":"https:\/\/gozz4all.com\/de\/wp-json\/wp\/v2\/media?parent=24568"}],"wp:term":[{"taxonomy":"product_brand","embeddable":true,"href":"https:\/\/gozz4all.com\/de\/wp-json\/wp\/v2\/product_brand?post=24568"},{"taxonomy":"product_cat","embeddable":true,"href":"https:\/\/gozz4all.com\/de\/wp-json\/wp\/v2\/product_cat?post=24568"},{"taxonomy":"product_tag","embeddable":true,"href":"https:\/\/gozz4all.com\/de\/wp-json\/wp\/v2\/product_tag?post=24568"}],"curies":[{"name":"wp","href":"https:\/\/api.w.org\/{rel}","templated":true}]}}