{"id":24308,"date":"2022-11-15T12:53:18","date_gmt":"2022-11-15T10:53:18","guid":{"rendered":"https:\/\/gozz4all.com\/?post_type=product&#038;p=24308"},"modified":"2022-11-16T17:57:57","modified_gmt":"2022-11-16T15:57:57","slug":"rolstoelcape-grote-maten-tot-5xl-softshell","status":"publish","type":"product","link":"https:\/\/gozz4all.com\/de\/product\/rolstoelcape-grote-maten-tot-5xl-softshell\/","title":{"rendered":"Rollstuhlumhang gro\u00dfe Gr\u00f6\u00dfen bis 5xl Softshell"},"content":{"rendered":"<p><strong>Beschreibung:<\/strong><br \/>\nRollstuhlumhang gro\u00dfe Gr\u00f6\u00dfen bis 5xl Softshell<br \/>\nSportliche, wasser- und winddichte Jacke, ideal f\u00fcr den Winter und die Zwischensaison.<\/p>\n<p>Het standaard model heeft een ritssluiting aan de voorzijde van 20cm, U kan naargelang de noden Uw aanpassingen ingeven.<br \/>\nHier kan ook een capuchon aan voorzien worden.<\/p>\n<p>Die Funktionalit\u00e4t kann zum \u00d6ffnen der Rollstuhljacken angepasst werden. Am R\u00fccken kann sie mit einem Klettverschluss versehen und vollst\u00e4ndig ge\u00f6ffnet werden.<br \/>\nSo l\u00e4sst sich die Jacke leicht an der Vorderseite anziehen.<\/p>\n<p>Der Rei\u00dfverschluss an der Vorderseite l\u00e4sst sich ebenfalls bis zum Anschlag \u00f6ffnen, so dass die Jacke in zwei Teilen angezogen werden kann. Die Arme k\u00f6nnen einzeln hineingeschoben und mit dem Rei\u00dfverschluss und Klettverschluss auf der R\u00fcckseite befestigt werden. Menschen, die weniger mobil sind, k\u00f6nnen sich mit diesen Rollstuhljacken bequem und in Minutenschnelle an- und auskleiden.<br \/>\nSie k\u00f6nnen sich auch f\u00fcr Rei\u00dfverschl\u00fcsse an den \u00c4rmeln entscheiden. Dies ist f\u00fcr Personen, die in der Armbewegung sehr eingeschr\u00e4nkt sind. <\/p>\n<p>Die Materialien sind von sehr guter Qualit\u00e4t und leicht zu tragen. Alle Materialien sind OEKO TEX zertifiziert.<br \/>\nDie in der Jacke verwendete Wattierung hat die Eigenschaft, die K\u00f6rpertemperatur zu halten. Alle Stoffe sind atmungsaktiv, so dass der K\u00f6rper beim Tragen der Jacke nicht ins Schwitzen ger\u00e4t oder sich nass anf\u00fchlt.<\/p>\n<p>Comfortabele cape met een casual look, geschikt voor een groot gedeelte van het jaar.<\/p>\n<p><strong>spezielle Anpassungen: bitte per E-Mail \u00fcbermitteln:<\/strong><br \/>\nSluiting aan de voor- of achterzijde<br \/>\nF\u00fcr Rollstuhlfahrer kann die R\u00fcckenl\u00e4nge frei bestimmt werden, um sie an die Bed\u00fcrfnisse oder den Rollstuhltyp anzupassen.<\/p>\n<p><strong>Zusammensetzung:<br \/>\n<\/strong>100% Polyester mit Thermopolsterung.<\/p>","protected":false},"excerpt":{"rendered":"<p><strong>Beschreibung:<\/strong><br \/>\nRollstuhlumhang gro\u00dfe Gr\u00f6\u00dfen bis 5xl Softshell<br \/>\nSportliche, wasser- und winddichte Jacke, ideal f\u00fcr den Winter und die Zwischensaison.<\/p>\n<p>Het standaard model heeft een ritssluiting aan de voorzijde van 20cm, U kan naargelang de noden Uw aanpassingen ingeven.<br \/>\nHier kan ook een capuchon aan voorzien worden.<\/p>\n<p>Die Funktionalit\u00e4t kann zum \u00d6ffnen der Rollstuhljacken angepasst werden. Am R\u00fccken kann sie mit einem Klettverschluss versehen und vollst\u00e4ndig ge\u00f6ffnet werden.<br \/>\nSo l\u00e4sst sich die Jacke leicht an der Vorderseite anziehen.<\/p>\n<p>Der Rei\u00dfverschluss an der Vorderseite l\u00e4sst sich ebenfalls bis zum Anschlag \u00f6ffnen, so dass die Jacke in zwei Teilen angezogen werden kann. Die Arme k\u00f6nnen einzeln hineingeschoben und mit dem Rei\u00dfverschluss und Klettverschluss auf der R\u00fcckseite befestigt werden. Menschen, die weniger mobil sind, k\u00f6nnen sich mit diesen Rollstuhljacken bequem und in Minutenschnelle an- und auskleiden.<br \/>\nSie k\u00f6nnen sich auch f\u00fcr Rei\u00dfverschl\u00fcsse an den \u00c4rmeln entscheiden. Dies ist f\u00fcr Personen, die in der Armbewegung sehr eingeschr\u00e4nkt sind. <\/p>\n<p>Die Materialien sind von sehr guter Qualit\u00e4t und leicht zu tragen. Alle Materialien sind OEKO TEX zertifiziert.<br \/>\nDie in der Jacke verwendete Wattierung hat die Eigenschaft, die K\u00f6rpertemperatur zu halten. Alle Stoffe sind atmungsaktiv, so dass der K\u00f6rper beim Tragen der Jacke nicht ins Schwitzen ger\u00e4t oder sich nass anf\u00fchlt.<\/p>\n<p>Comfortabele cape met een casual look, geschikt voor een groot gedeelte van het jaar.<\/p>\n<p><strong>spezielle Anpassungen: bitte per E-Mail \u00fcbermitteln:<\/strong><br \/>\nSluiting aan de voor- of achterzijde<br \/>\nF\u00fcr Rollstuhlfahrer kann die R\u00fcckenl\u00e4nge frei bestimmt werden, um sie an die Bed\u00fcrfnisse oder den Rollstuhltyp anzupassen.<\/p>\n<p><strong>Zusammensetzung:<br \/>\n<\/strong>100% Polyester mit Thermopolsterung.<\/p>","protected":false},"featured_media":24261,"template":"","meta":[],"product_brand":[],"product_cat":[611,612,613,445,49],"product_tag":[753],"class_list":{"0":"post-24308","1":"product","2":"type-product","3":"status-publish","4":"has-post-thumbnail","6":"product_cat-kids","7":"product_cat-ouderen-dementie","8":"product_cat-volwassenen","9":"product_cat-new","10":"product_cat-rolstoel-capes-rolstoeljas-voetenzak","11":"product_tag-rolstoelcape","12":"pa_maat-m-2","13":"pa_maat-3xl","14":"pa_maat-l-2","15":"pa_maat-xl-2","16":"pa_maat-104-110-2","17":"pa_maat-116-122-2","18":"pa_maat-128-134-2","19":"pa_maat-140-146-2","20":"pa_maat-152-158-2","21":"pa_maat-164-170-2","22":"pa_maat-4xl","23":"pa_maat-176-182-2","24":"pa_maat-5xl","25":"pa_maat-s-2","26":"pa_maat-2xl","27":"pa_model-2-delig","28":"pa_model-capuchon-met-drukknopen-bevestigen-aan-de-cape","29":"pa_model-standaard","30":"pa_sluiting-rugpand-enkel-boven-aan-schouders-met-velcrosluiting","31":"pa_sluiting-rits-in-de-mouwen-tot-aan-de-oksel","32":"pa_sluiting-rits-voorzijde-volledig-jas-gedeelte","33":"pa_sluiting-standaard","34":"pa_uitvoering-regular","35":"pa_uitvoering-wanten-aan-de-mouw","36":"pif-has-gallery","38":"first","39":"instock","40":"taxable","41":"shipping-taxable","42":"purchasable","43":"product-type-variable"},"yoast_head":"<!-- This site is optimized with the Yoast SEO plugin v27.2 - https:\/\/yoast.com\/product\/yoast-seo-wordpress\/ -->\n<title>Rolstoelcape grote maten-tot 5xl softshell | Gozz4All<\/title>\n<meta name=\"description\" content=\"Rolstoelcape grote maten-tot 5xl softshell. Comfortabele cape met een casual look, geschikt voor een groot gedeelte van het jaar. Gozz4all.com\" \/>\n<meta name=\"robots\" content=\"index, follow, max-snippet:-1, max-image-preview:large, max-video-preview:-1\" \/>\n<link rel=\"canonical\" href=\"https:\/\/gozz4all.com\/de\/new\/rolstoelcape-unisex-tot-5xl-oker-geel-kopie\/\" \/>\n<meta property=\"og:locale\" content=\"de_DE\" \/>\n<meta property=\"og:type\" content=\"article\" \/>\n<meta property=\"og:title\" content=\"Rolstoelcape grote maten-tot 5xl softshell | Gozz4All\" \/>\n<meta property=\"og:description\" content=\"Rolstoelcape grote maten-tot 5xl softshell. Comfortabele cape met een casual look, geschikt voor een groot gedeelte van het jaar. Gozz4all.com\" \/>\n<meta property=\"og:url\" content=\"https:\/\/gozz4all.com\/de\/new\/rolstoelcape-unisex-tot-5xl-oker-geel-kopie\/\" \/>\n<meta property=\"og:site_name\" content=\"Gozz4All\" \/>\n<meta property=\"article:publisher\" content=\"https:\/\/www.facebook.com\/gozz4all\/\" \/>\n<meta property=\"article:modified_time\" content=\"2022-11-16T15:57:57+00:00\" \/>\n<meta property=\"og:image\" content=\"https:\/\/gozz4all.com\/wp-content\/uploads\/2017\/12\/DSC_0064-scaled.jpg\" \/>\n\t<meta property=\"og:image:width\" content=\"1707\" \/>\n\t<meta property=\"og:image:height\" content=\"2560\" \/>\n\t<meta property=\"og:image:type\" content=\"image\/jpeg\" \/>\n<meta name=\"twitter:card\" content=\"summary_large_image\" \/>\n<meta name=\"twitter:label1\" content=\"Gesch\u00e4tzte Lesezeit\" \/>\n\t<meta name=\"twitter:data1\" content=\"1\u00a0Minute\" \/>\n<script type=\"application\/ld+json\" class=\"yoast-schema-graph\">{\"@context\":\"https:\/\/schema.org\",\"@graph\":[{\"@type\":\"WebPage\",\"@id\":\"https:\/\/gozz4all.com\/new\/rolstoelcape-unisex-tot-5xl-oker-geel-kopie\/\",\"url\":\"https:\/\/gozz4all.com\/new\/rolstoelcape-unisex-tot-5xl-oker-geel-kopie\/\",\"name\":\"Rolstoelcape grote maten-tot 5xl softshell | Gozz4All\",\"isPartOf\":{\"@id\":\"https:\/\/gozz4all.com\/fr\/#website\"},\"primaryImageOfPage\":{\"@id\":\"https:\/\/gozz4all.com\/new\/rolstoelcape-unisex-tot-5xl-oker-geel-kopie\/#primaryimage\"},\"image\":{\"@id\":\"https:\/\/gozz4all.com\/new\/rolstoelcape-unisex-tot-5xl-oker-geel-kopie\/#primaryimage\"},\"thumbnailUrl\":\"https:\/\/gozz4all.com\/wp-content\/uploads\/2017\/12\/DSC_0064-scaled.jpg\",\"datePublished\":\"2022-11-15T10:53:18+00:00\",\"dateModified\":\"2022-11-16T15:57:57+00:00\",\"description\":\"Rolstoelcape grote maten-tot 5xl softshell. Comfortabele cape met een casual look, geschikt voor een groot gedeelte van het jaar. Gozz4all.com\",\"breadcrumb\":{\"@id\":\"https:\/\/gozz4all.com\/new\/rolstoelcape-unisex-tot-5xl-oker-geel-kopie\/#breadcrumb\"},\"inLanguage\":\"de\",\"potentialAction\":[{\"@type\":\"ReadAction\",\"target\":[\"https:\/\/gozz4all.com\/new\/rolstoelcape-unisex-tot-5xl-oker-geel-kopie\/\"]}]},{\"@type\":\"ImageObject\",\"inLanguage\":\"de\",\"@id\":\"https:\/\/gozz4all.com\/new\/rolstoelcape-unisex-tot-5xl-oker-geel-kopie\/#primaryimage\",\"url\":\"https:\/\/gozz4all.com\/wp-content\/uploads\/2017\/12\/DSC_0064-scaled.jpg\",\"contentUrl\":\"https:\/\/gozz4all.com\/wp-content\/uploads\/2017\/12\/DSC_0064-scaled.jpg\",\"width\":1707,\"height\":2560,\"caption\":\"rolstoelcape-grote-maten-tot-5xl-softshell\"},{\"@type\":\"BreadcrumbList\",\"@id\":\"https:\/\/gozz4all.com\/new\/rolstoelcape-unisex-tot-5xl-oker-geel-kopie\/#breadcrumb\",\"itemListElement\":[{\"@type\":\"ListItem\",\"position\":1,\"name\":\"Home\",\"item\":\"https:\/\/gozz4all.com\/\"},{\"@type\":\"ListItem\",\"position\":2,\"name\":\"Producten\",\"item\":\"https:\/\/gozz4all.com\/shop\/\"},{\"@type\":\"ListItem\",\"position\":3,\"name\":\"Rolstoelcape grote maten-tot 5xl softshell\"}]},{\"@type\":\"WebSite\",\"@id\":\"https:\/\/gozz4all.com\/fr\/#website\",\"url\":\"https:\/\/gozz4all.com\/fr\/\",\"name\":\"Gozz4All\",\"description\":\"Gozz4All\",\"publisher\":{\"@id\":\"https:\/\/gozz4all.com\/fr\/#organization\"},\"potentialAction\":[{\"@type\":\"SearchAction\",\"target\":{\"@type\":\"EntryPoint\",\"urlTemplate\":\"https:\/\/gozz4all.com\/fr\/?s={search_term_string}\"},\"query-input\":{\"@type\":\"PropertyValueSpecification\",\"valueRequired\":true,\"valueName\":\"search_term_string\"}}],\"inLanguage\":\"de\"},{\"@type\":\"Organization\",\"@id\":\"https:\/\/gozz4all.com\/fr\/#organization\",\"name\":\"Gozz4all\",\"url\":\"https:\/\/gozz4all.com\/fr\/\",\"logo\":{\"@type\":\"ImageObject\",\"inLanguage\":\"de\",\"@id\":\"https:\/\/gozz4all.com\/fr\/#\/schema\/logo\/image\/\",\"url\":\"https:\/\/gozz4all.com\/wp-content\/uploads\/2020\/04\/Logo-ask-for-better-one.png\",\"contentUrl\":\"https:\/\/gozz4all.com\/wp-content\/uploads\/2020\/04\/Logo-ask-for-better-one.png\",\"width\":146,\"height\":60,\"caption\":\"Gozz4all\"},\"image\":{\"@id\":\"https:\/\/gozz4all.com\/fr\/#\/schema\/logo\/image\/\"},\"sameAs\":[\"https:\/\/www.facebook.com\/gozz4all\/\",\"https:\/\/www.instagram.com\/gozz4allfashion\/?hl=nl\"]}]}<\/script>\n<!-- \/ Yoast SEO plugin. -->","yoast_head_json":{"title":"Rolstoelcape grote maten-tot 5xl softshell | Gozz4All","description":"Rolstoelcape grote maten-tot 5xl softshell. Comfortabele cape met een casual look, geschikt voor een groot gedeelte van het jaar. Gozz4all.com","robots":{"index":"index","follow":"follow","max-snippet":"max-snippet:-1","max-image-preview":"max-image-preview:large","max-video-preview":"max-video-preview:-1"},"canonical":"https:\/\/gozz4all.com\/de\/new\/rolstoelcape-unisex-tot-5xl-oker-geel-kopie\/","og_locale":"de_DE","og_type":"article","og_title":"Rolstoelcape grote maten-tot 5xl softshell | Gozz4All","og_description":"Rolstoelcape grote maten-tot 5xl softshell. Comfortabele cape met een casual look, geschikt voor een groot gedeelte van het jaar. Gozz4all.com","og_url":"https:\/\/gozz4all.com\/de\/new\/rolstoelcape-unisex-tot-5xl-oker-geel-kopie\/","og_site_name":"Gozz4All","article_publisher":"https:\/\/www.facebook.com\/gozz4all\/","article_modified_time":"2022-11-16T15:57:57+00:00","og_image":[{"width":1707,"height":2560,"url":"https:\/\/gozz4all.com\/wp-content\/uploads\/2017\/12\/DSC_0064-scaled.jpg","type":"image\/jpeg"}],"twitter_card":"summary_large_image","twitter_misc":{"Gesch\u00e4tzte Lesezeit":"1\u00a0Minute"},"schema":{"@context":"https:\/\/schema.org","@graph":[{"@type":"WebPage","@id":"https:\/\/gozz4all.com\/new\/rolstoelcape-unisex-tot-5xl-oker-geel-kopie\/","url":"https:\/\/gozz4all.com\/new\/rolstoelcape-unisex-tot-5xl-oker-geel-kopie\/","name":"Rolstoelcape grote maten-tot 5xl softshell | Gozz4All","isPartOf":{"@id":"https:\/\/gozz4all.com\/fr\/#website"},"primaryImageOfPage":{"@id":"https:\/\/gozz4all.com\/new\/rolstoelcape-unisex-tot-5xl-oker-geel-kopie\/#primaryimage"},"image":{"@id":"https:\/\/gozz4all.com\/new\/rolstoelcape-unisex-tot-5xl-oker-geel-kopie\/#primaryimage"},"thumbnailUrl":"https:\/\/gozz4all.com\/wp-content\/uploads\/2017\/12\/DSC_0064-scaled.jpg","datePublished":"2022-11-15T10:53:18+00:00","dateModified":"2022-11-16T15:57:57+00:00","description":"Rolstoelcape grote maten-tot 5xl softshell. Comfortabele cape met een casual look, geschikt voor een groot gedeelte van het jaar. Gozz4all.com","breadcrumb":{"@id":"https:\/\/gozz4all.com\/new\/rolstoelcape-unisex-tot-5xl-oker-geel-kopie\/#breadcrumb"},"inLanguage":"de","potentialAction":[{"@type":"ReadAction","target":["https:\/\/gozz4all.com\/new\/rolstoelcape-unisex-tot-5xl-oker-geel-kopie\/"]}]},{"@type":"ImageObject","inLanguage":"de","@id":"https:\/\/gozz4all.com\/new\/rolstoelcape-unisex-tot-5xl-oker-geel-kopie\/#primaryimage","url":"https:\/\/gozz4all.com\/wp-content\/uploads\/2017\/12\/DSC_0064-scaled.jpg","contentUrl":"https:\/\/gozz4all.com\/wp-content\/uploads\/2017\/12\/DSC_0064-scaled.jpg","width":1707,"height":2560,"caption":"rolstoelcape-grote-maten-tot-5xl-softshell"},{"@type":"BreadcrumbList","@id":"https:\/\/gozz4all.com\/new\/rolstoelcape-unisex-tot-5xl-oker-geel-kopie\/#breadcrumb","itemListElement":[{"@type":"ListItem","position":1,"name":"Home","item":"https:\/\/gozz4all.com\/"},{"@type":"ListItem","position":2,"name":"Producten","item":"https:\/\/gozz4all.com\/shop\/"},{"@type":"ListItem","position":3,"name":"Rolstoelcape grote maten-tot 5xl softshell"}]},{"@type":"WebSite","@id":"https:\/\/gozz4all.com\/fr\/#website","url":"https:\/\/gozz4all.com\/fr\/","name":"Gozz4All","description":"Gozz4All","publisher":{"@id":"https:\/\/gozz4all.com\/fr\/#organization"},"potentialAction":[{"@type":"SearchAction","target":{"@type":"EntryPoint","urlTemplate":"https:\/\/gozz4all.com\/fr\/?s={search_term_string}"},"query-input":{"@type":"PropertyValueSpecification","valueRequired":true,"valueName":"search_term_string"}}],"inLanguage":"de"},{"@type":"Organization","@id":"https:\/\/gozz4all.com\/fr\/#organization","name":"Gozz4all","url":"https:\/\/gozz4all.com\/fr\/","logo":{"@type":"ImageObject","inLanguage":"de","@id":"https:\/\/gozz4all.com\/fr\/#\/schema\/logo\/image\/","url":"https:\/\/gozz4all.com\/wp-content\/uploads\/2020\/04\/Logo-ask-for-better-one.png","contentUrl":"https:\/\/gozz4all.com\/wp-content\/uploads\/2020\/04\/Logo-ask-for-better-one.png","width":146,"height":60,"caption":"Gozz4all"},"image":{"@id":"https:\/\/gozz4all.com\/fr\/#\/schema\/logo\/image\/"},"sameAs":["https:\/\/www.facebook.com\/gozz4all\/","https:\/\/www.instagram.com\/gozz4allfashion\/?hl=nl"]}]}},"_links":{"self":[{"href":"https:\/\/gozz4all.com\/de\/wp-json\/wp\/v2\/product\/24308","targetHints":{"allow":["GET"]}}],"collection":[{"href":"https:\/\/gozz4all.com\/de\/wp-json\/wp\/v2\/product"}],"about":[{"href":"https:\/\/gozz4all.com\/de\/wp-json\/wp\/v2\/types\/product"}],"wp:featuredmedia":[{"embeddable":true,"href":"https:\/\/gozz4all.com\/de\/wp-json\/wp\/v2\/media\/24261"}],"wp:attachment":[{"href":"https:\/\/gozz4all.com\/de\/wp-json\/wp\/v2\/media?parent=24308"}],"wp:term":[{"taxonomy":"product_brand","embeddable":true,"href":"https:\/\/gozz4all.com\/de\/wp-json\/wp\/v2\/product_brand?post=24308"},{"taxonomy":"product_cat","embeddable":true,"href":"https:\/\/gozz4all.com\/de\/wp-json\/wp\/v2\/product_cat?post=24308"},{"taxonomy":"product_tag","embeddable":true,"href":"https:\/\/gozz4all.com\/de\/wp-json\/wp\/v2\/product_tag?post=24308"}],"curies":[{"name":"wp","href":"https:\/\/api.w.org\/{rel}","templated":true}]}}