{"id":23940,"date":"2022-11-15T09:51:27","date_gmt":"2022-11-15T07:51:27","guid":{"rendered":"https:\/\/gozz4all.com\/?post_type=product&#038;p=23940"},"modified":"2022-11-15T09:55:56","modified_gmt":"2022-11-15T07:55:56","slug":"rolstoeljas-unisex-tot-5xl-rood","status":"publish","type":"product","link":"https:\/\/gozz4all.com\/de\/product\/rolstoeljas-unisex-tot-5xl-rood\/","title":{"rendered":"Rollstuhljacke unisex bis 5xl rot"},"content":{"rendered":"<p><strong>Beschreibung:<\/strong><br \/>\n<a href=\"https:\/\/gozz4all.com\/de\/new\/rolstoeljas-unisex-tot-5xl-kopie\/\">Rollstuhljacke unisex bis 5xl rot<\/a><br \/>\nSportliche, wasser- und winddichte Jacke, ideal f\u00fcr den Winter und die Zwischensaison.<\/p>\n<p>Das Standardmodell hat einen normalen Rei\u00dfverschluss auf der Vorderseite und ist auf der R\u00fcckseite geschlossen, Sie k\u00f6nnen Ihre Anpassungen nach Ihren Bed\u00fcrfnissen eingeben. Keine zus\u00e4tzlichen Kosten!<br \/>\nNur f\u00fcr die \u00c4rmel mit Rei\u00dfverschluss f\u00e4llt ein kleiner Aufpreis an.<br \/>\nDieses Modell hat 2 Eingrifftaschen auf der Vorderseite und ist mit einem Kragen versehen.<\/p>\n<p>Die Funktionalit\u00e4t kann zum \u00d6ffnen der Rollstuhljacken angepasst werden. Am R\u00fccken kann sie mit einem Klettverschluss versehen und vollst\u00e4ndig ge\u00f6ffnet werden.<br \/>\nSo l\u00e4sst sich die Jacke leicht an der Vorderseite anziehen.<\/p>\n<p>Der Rei\u00dfverschluss an der Vorderseite l\u00e4sst sich ebenfalls bis zum Anschlag \u00f6ffnen, so dass die Jacke in zwei Teilen angezogen werden kann. Die Arme k\u00f6nnen einzeln hineingeschoben und mit dem Rei\u00dfverschluss und Klettverschluss auf der R\u00fcckseite befestigt werden. Menschen, die weniger mobil sind, k\u00f6nnen sich mit diesen Rollstuhljacken bequem und in Minutenschnelle an- und auskleiden.<br \/>\nSie k\u00f6nnen sich auch f\u00fcr Rei\u00dfverschl\u00fcsse an den \u00c4rmeln entscheiden. Dies ist f\u00fcr Personen, die in der Armbewegung sehr eingeschr\u00e4nkt sind. <\/p>\n<p>Die Materialien sind von sehr guter Qualit\u00e4t und leicht zu tragen. Alle Materialien sind OEKO TEX zertifiziert.<br \/>\nDie in der Jacke verwendete Wattierung hat die Eigenschaft, die K\u00f6rpertemperatur zu halten. Alle Stoffe sind atmungsaktiv, so dass der K\u00f6rper beim Tragen der Jacke nicht ins Schwitzen ger\u00e4t oder sich nass anf\u00fchlt.<\/p>\n<p>Bequeme Jacke mit l\u00e4ssigem Look, geeignet f\u00fcr einen Gro\u00dfteil des Jahres.<\/p>\n<p><strong>spezielle Anpassungen: bitte per E-Mail \u00fcbermitteln:<\/strong><br \/>\nVerschluss vorne oder hinten (siehe 3. Foto)<br \/>\nF\u00fcr Rollstuhlfahrer kann die R\u00fcckenl\u00e4nge frei bestimmt werden, um sie an die Bed\u00fcrfnisse oder den Rollstuhltyp anzupassen.<\/p>\n<p><strong>Zusammensetzung:<br \/>\n<\/strong>100% Polyester mit Thermopolsterung.<\/p>","protected":false},"excerpt":{"rendered":"<p><strong>Beschreibung:<\/strong><br \/>\nRollstuhlmantel unisex-tot 5xl:<br \/>\nSportliche, wasser- und winddichte Jacke, ideal f\u00fcr den Winter und die Zwischensaison.<\/p>\n<p>Das Standardmodell hat einen normalen Rei\u00dfverschluss auf der Vorderseite und ist auf der R\u00fcckseite geschlossen, Sie k\u00f6nnen Ihre Anpassungen nach Ihren Bed\u00fcrfnissen eingeben. Keine zus\u00e4tzlichen Kosten!<br \/>\nNur f\u00fcr die \u00c4rmel mit Rei\u00dfverschluss f\u00e4llt ein kleiner Aufpreis an.<br \/>\nDieses Modell hat 2 Eingrifftaschen auf der Vorderseite und ist mit einem Kragen versehen.<\/p>\n<p>Die Funktionalit\u00e4t kann zum \u00d6ffnen der Rollstuhljacken angepasst werden. Am R\u00fccken kann sie mit einem Klettverschluss versehen und vollst\u00e4ndig ge\u00f6ffnet werden.<br \/>\nSo l\u00e4sst sich die Jacke leicht an der Vorderseite anziehen.<\/p>\n<p>Der Rei\u00dfverschluss an der Vorderseite l\u00e4sst sich ebenfalls bis zum Anschlag \u00f6ffnen, so dass die Jacke in zwei Teilen angezogen werden kann. Die Arme k\u00f6nnen einzeln hineingeschoben und mit dem Rei\u00dfverschluss und Klettverschluss auf der R\u00fcckseite befestigt werden. Menschen, die weniger mobil sind, k\u00f6nnen sich mit diesen Rollstuhljacken bequem und in Minutenschnelle an- und auskleiden.<br \/>\nSie k\u00f6nnen sich auch f\u00fcr Rei\u00dfverschl\u00fcsse an den \u00c4rmeln entscheiden. Dies ist f\u00fcr Personen, die in der Armbewegung sehr eingeschr\u00e4nkt sind. <\/p>\n<p>Die Materialien sind von sehr guter Qualit\u00e4t und leicht zu tragen. Alle Materialien sind OEKO TEX zertifiziert.<br \/>\nDie in der Jacke verwendete Wattierung hat die Eigenschaft, die K\u00f6rpertemperatur zu halten. Alle Stoffe sind atmungsaktiv, so dass der K\u00f6rper beim Tragen der Jacke nicht ins Schwitzen ger\u00e4t oder sich nass anf\u00fchlt.<\/p>\n<p>Bequeme Jacke mit l\u00e4ssigem Look, geeignet f\u00fcr einen Gro\u00dfteil des Jahres.<\/p>\n<p><strong>Aanpassingen ( Gelieve deze door te geven bij opmerkingen):<\/strong><br \/>\nVerschluss vorne oder hinten (siehe 3. Foto)<br \/>\nF\u00fcr Rollstuhlfahrer kann die R\u00fcckenl\u00e4nge frei bestimmt werden, um sie an die Bed\u00fcrfnisse oder den Rollstuhltyp anzupassen.<\/p>\n<p><strong>Zusammensetzung:<br \/>\n<\/strong>100% Polyester mit Thermopolsterung.<\/p>","protected":false},"featured_media":11550,"template":"","meta":[],"product_brand":[],"product_cat":[612,613,445,49],"product_tag":[745,746],"class_list":{"0":"post-23940","1":"product","2":"type-product","3":"status-publish","4":"has-post-thumbnail","6":"product_cat-ouderen-dementie","7":"product_cat-volwassenen","8":"product_cat-new","9":"product_cat-rolstoel-capes-rolstoeljas-voetenzak","10":"product_tag-rolstoeljas-tussenseizoen-winter","11":"product_tag-aangepast","12":"pa_maat-140-146-2","13":"pa_maat-2xl","14":"pa_maat-152-158-2","15":"pa_maat-3xl","16":"pa_maat-164-170-2","17":"pa_maat-s-2","18":"pa_maat-m-2","19":"pa_maat-4xl","20":"pa_maat-l-2","21":"pa_maat-5xl","22":"pa_maat-xl-2","23":"pa_sluiting-velcro-sluiting-dichte-rug","24":"pa_sluiting-standaard","25":"pa_sluiting-magnetische-rist-voorzijde","26":"pa_sluiting-schouder-pand-van-30cm-sluit-met-velcro-rest-rug-open","27":"pa_uitvoering-ritsen-in-de-mouwen","28":"pa_uitvoering-regular","29":"pif-has-gallery","31":"first","32":"instock","33":"taxable","34":"shipping-taxable","35":"purchasable","36":"product-type-variable"},"yoast_head":"<!-- This site is optimized with the Yoast SEO plugin v27.2 - https:\/\/yoast.com\/product\/yoast-seo-wordpress\/ -->\n<title>Rolstoeljas unisex-tot 5xl rood | Gozz4All<\/title>\n<meta name=\"description\" content=\"Rolstoeljas unisex-tot 5xl rood. Sportieve water- en winddichte jas, voor de winter en de tussenseizoenen. U kan naargelang de noden Uw aanpassingen ingeven.\" \/>\n<meta name=\"robots\" content=\"index, follow, max-snippet:-1, max-image-preview:large, max-video-preview:-1\" \/>\n<link rel=\"canonical\" href=\"https:\/\/gozz4all.com\/de\/new\/rolstoeljas-unisex-tot-5xl-oker-geel-kopie\/\" \/>\n<meta property=\"og:locale\" content=\"de_DE\" \/>\n<meta property=\"og:type\" content=\"article\" \/>\n<meta property=\"og:title\" content=\"Rolstoeljas unisex-tot 5xl rood | Gozz4All\" \/>\n<meta property=\"og:description\" content=\"Rolstoeljas unisex-tot 5xl rood. Sportieve water- en winddichte jas, voor de winter en de tussenseizoenen. U kan naargelang de noden Uw aanpassingen ingeven.\" \/>\n<meta property=\"og:url\" content=\"https:\/\/gozz4all.com\/de\/new\/rolstoeljas-unisex-tot-5xl-oker-geel-kopie\/\" \/>\n<meta property=\"og:site_name\" content=\"Gozz4All\" \/>\n<meta property=\"article:publisher\" content=\"https:\/\/www.facebook.com\/gozz4all\/\" \/>\n<meta property=\"article:modified_time\" content=\"2022-11-15T07:55:56+00:00\" \/>\n<meta property=\"og:image\" content=\"https:\/\/gozz4all.com\/wp-content\/uploads\/2017\/09\/uni-jas-rood.jpg\" \/>\n\t<meta property=\"og:image:width\" content=\"856\" \/>\n\t<meta property=\"og:image:height\" content=\"1000\" \/>\n\t<meta property=\"og:image:type\" content=\"image\/jpeg\" \/>\n<meta name=\"twitter:card\" content=\"summary_large_image\" \/>\n<script type=\"application\/ld+json\" class=\"yoast-schema-graph\">{\"@context\":\"https:\/\/schema.org\",\"@graph\":[{\"@type\":\"WebPage\",\"@id\":\"https:\/\/gozz4all.com\/new\/rolstoeljas-unisex-tot-5xl-oker-geel-kopie\/\",\"url\":\"https:\/\/gozz4all.com\/new\/rolstoeljas-unisex-tot-5xl-oker-geel-kopie\/\",\"name\":\"Rolstoeljas unisex-tot 5xl rood | Gozz4All\",\"isPartOf\":{\"@id\":\"https:\/\/gozz4all.com\/fr\/#website\"},\"primaryImageOfPage\":{\"@id\":\"https:\/\/gozz4all.com\/new\/rolstoeljas-unisex-tot-5xl-oker-geel-kopie\/#primaryimage\"},\"image\":{\"@id\":\"https:\/\/gozz4all.com\/new\/rolstoeljas-unisex-tot-5xl-oker-geel-kopie\/#primaryimage\"},\"thumbnailUrl\":\"https:\/\/gozz4all.com\/wp-content\/uploads\/2017\/09\/uni-jas-rood.jpg\",\"datePublished\":\"2022-11-15T07:51:27+00:00\",\"dateModified\":\"2022-11-15T07:55:56+00:00\",\"description\":\"Rolstoeljas unisex-tot 5xl rood. Sportieve water- en winddichte jas, voor de winter en de tussenseizoenen. U kan naargelang de noden Uw aanpassingen ingeven.\",\"breadcrumb\":{\"@id\":\"https:\/\/gozz4all.com\/new\/rolstoeljas-unisex-tot-5xl-oker-geel-kopie\/#breadcrumb\"},\"inLanguage\":\"de\",\"potentialAction\":[{\"@type\":\"ReadAction\",\"target\":[\"https:\/\/gozz4all.com\/new\/rolstoeljas-unisex-tot-5xl-oker-geel-kopie\/\"]}]},{\"@type\":\"ImageObject\",\"inLanguage\":\"de\",\"@id\":\"https:\/\/gozz4all.com\/new\/rolstoeljas-unisex-tot-5xl-oker-geel-kopie\/#primaryimage\",\"url\":\"https:\/\/gozz4all.com\/wp-content\/uploads\/2017\/09\/uni-jas-rood.jpg\",\"contentUrl\":\"https:\/\/gozz4all.com\/wp-content\/uploads\/2017\/09\/uni-jas-rood.jpg\",\"width\":856,\"height\":1000,\"caption\":\"rolstoeljas-unisex-tot-5xl-rood\"},{\"@type\":\"BreadcrumbList\",\"@id\":\"https:\/\/gozz4all.com\/new\/rolstoeljas-unisex-tot-5xl-oker-geel-kopie\/#breadcrumb\",\"itemListElement\":[{\"@type\":\"ListItem\",\"position\":1,\"name\":\"Home\",\"item\":\"https:\/\/gozz4all.com\/\"},{\"@type\":\"ListItem\",\"position\":2,\"name\":\"Producten\",\"item\":\"https:\/\/gozz4all.com\/shop\/\"},{\"@type\":\"ListItem\",\"position\":3,\"name\":\"Rolstoeljas unisex-tot 5xl rood\"}]},{\"@type\":\"WebSite\",\"@id\":\"https:\/\/gozz4all.com\/fr\/#website\",\"url\":\"https:\/\/gozz4all.com\/fr\/\",\"name\":\"Gozz4All\",\"description\":\"Gozz4All\",\"publisher\":{\"@id\":\"https:\/\/gozz4all.com\/fr\/#organization\"},\"potentialAction\":[{\"@type\":\"SearchAction\",\"target\":{\"@type\":\"EntryPoint\",\"urlTemplate\":\"https:\/\/gozz4all.com\/fr\/?s={search_term_string}\"},\"query-input\":{\"@type\":\"PropertyValueSpecification\",\"valueRequired\":true,\"valueName\":\"search_term_string\"}}],\"inLanguage\":\"de\"},{\"@type\":\"Organization\",\"@id\":\"https:\/\/gozz4all.com\/fr\/#organization\",\"name\":\"Gozz4all\",\"url\":\"https:\/\/gozz4all.com\/fr\/\",\"logo\":{\"@type\":\"ImageObject\",\"inLanguage\":\"de\",\"@id\":\"https:\/\/gozz4all.com\/fr\/#\/schema\/logo\/image\/\",\"url\":\"https:\/\/gozz4all.com\/wp-content\/uploads\/2020\/04\/Logo-ask-for-better-one.png\",\"contentUrl\":\"https:\/\/gozz4all.com\/wp-content\/uploads\/2020\/04\/Logo-ask-for-better-one.png\",\"width\":146,\"height\":60,\"caption\":\"Gozz4all\"},\"image\":{\"@id\":\"https:\/\/gozz4all.com\/fr\/#\/schema\/logo\/image\/\"},\"sameAs\":[\"https:\/\/www.facebook.com\/gozz4all\/\",\"https:\/\/www.instagram.com\/gozz4allfashion\/?hl=nl\"]}]}<\/script>\n<!-- \/ Yoast SEO plugin. -->","yoast_head_json":{"title":"Rolstoeljas unisex-tot 5xl rood | Gozz4All","description":"Rolstoeljas unisex-tot 5xl rood. Sportieve water- en winddichte jas, voor de winter en de tussenseizoenen. U kan naargelang de noden Uw aanpassingen ingeven.","robots":{"index":"index","follow":"follow","max-snippet":"max-snippet:-1","max-image-preview":"max-image-preview:large","max-video-preview":"max-video-preview:-1"},"canonical":"https:\/\/gozz4all.com\/de\/new\/rolstoeljas-unisex-tot-5xl-oker-geel-kopie\/","og_locale":"de_DE","og_type":"article","og_title":"Rolstoeljas unisex-tot 5xl rood | Gozz4All","og_description":"Rolstoeljas unisex-tot 5xl rood. Sportieve water- en winddichte jas, voor de winter en de tussenseizoenen. U kan naargelang de noden Uw aanpassingen ingeven.","og_url":"https:\/\/gozz4all.com\/de\/new\/rolstoeljas-unisex-tot-5xl-oker-geel-kopie\/","og_site_name":"Gozz4All","article_publisher":"https:\/\/www.facebook.com\/gozz4all\/","article_modified_time":"2022-11-15T07:55:56+00:00","og_image":[{"width":856,"height":1000,"url":"https:\/\/gozz4all.com\/wp-content\/uploads\/2017\/09\/uni-jas-rood.jpg","type":"image\/jpeg"}],"twitter_card":"summary_large_image","schema":{"@context":"https:\/\/schema.org","@graph":[{"@type":"WebPage","@id":"https:\/\/gozz4all.com\/new\/rolstoeljas-unisex-tot-5xl-oker-geel-kopie\/","url":"https:\/\/gozz4all.com\/new\/rolstoeljas-unisex-tot-5xl-oker-geel-kopie\/","name":"Rolstoeljas unisex-tot 5xl rood | Gozz4All","isPartOf":{"@id":"https:\/\/gozz4all.com\/fr\/#website"},"primaryImageOfPage":{"@id":"https:\/\/gozz4all.com\/new\/rolstoeljas-unisex-tot-5xl-oker-geel-kopie\/#primaryimage"},"image":{"@id":"https:\/\/gozz4all.com\/new\/rolstoeljas-unisex-tot-5xl-oker-geel-kopie\/#primaryimage"},"thumbnailUrl":"https:\/\/gozz4all.com\/wp-content\/uploads\/2017\/09\/uni-jas-rood.jpg","datePublished":"2022-11-15T07:51:27+00:00","dateModified":"2022-11-15T07:55:56+00:00","description":"Rolstoeljas unisex-tot 5xl rood. Sportieve water- en winddichte jas, voor de winter en de tussenseizoenen. U kan naargelang de noden Uw aanpassingen ingeven.","breadcrumb":{"@id":"https:\/\/gozz4all.com\/new\/rolstoeljas-unisex-tot-5xl-oker-geel-kopie\/#breadcrumb"},"inLanguage":"de","potentialAction":[{"@type":"ReadAction","target":["https:\/\/gozz4all.com\/new\/rolstoeljas-unisex-tot-5xl-oker-geel-kopie\/"]}]},{"@type":"ImageObject","inLanguage":"de","@id":"https:\/\/gozz4all.com\/new\/rolstoeljas-unisex-tot-5xl-oker-geel-kopie\/#primaryimage","url":"https:\/\/gozz4all.com\/wp-content\/uploads\/2017\/09\/uni-jas-rood.jpg","contentUrl":"https:\/\/gozz4all.com\/wp-content\/uploads\/2017\/09\/uni-jas-rood.jpg","width":856,"height":1000,"caption":"rolstoeljas-unisex-tot-5xl-rood"},{"@type":"BreadcrumbList","@id":"https:\/\/gozz4all.com\/new\/rolstoeljas-unisex-tot-5xl-oker-geel-kopie\/#breadcrumb","itemListElement":[{"@type":"ListItem","position":1,"name":"Home","item":"https:\/\/gozz4all.com\/"},{"@type":"ListItem","position":2,"name":"Producten","item":"https:\/\/gozz4all.com\/shop\/"},{"@type":"ListItem","position":3,"name":"Rolstoeljas unisex-tot 5xl rood"}]},{"@type":"WebSite","@id":"https:\/\/gozz4all.com\/fr\/#website","url":"https:\/\/gozz4all.com\/fr\/","name":"Gozz4All","description":"Gozz4All","publisher":{"@id":"https:\/\/gozz4all.com\/fr\/#organization"},"potentialAction":[{"@type":"SearchAction","target":{"@type":"EntryPoint","urlTemplate":"https:\/\/gozz4all.com\/fr\/?s={search_term_string}"},"query-input":{"@type":"PropertyValueSpecification","valueRequired":true,"valueName":"search_term_string"}}],"inLanguage":"de"},{"@type":"Organization","@id":"https:\/\/gozz4all.com\/fr\/#organization","name":"Gozz4all","url":"https:\/\/gozz4all.com\/fr\/","logo":{"@type":"ImageObject","inLanguage":"de","@id":"https:\/\/gozz4all.com\/fr\/#\/schema\/logo\/image\/","url":"https:\/\/gozz4all.com\/wp-content\/uploads\/2020\/04\/Logo-ask-for-better-one.png","contentUrl":"https:\/\/gozz4all.com\/wp-content\/uploads\/2020\/04\/Logo-ask-for-better-one.png","width":146,"height":60,"caption":"Gozz4all"},"image":{"@id":"https:\/\/gozz4all.com\/fr\/#\/schema\/logo\/image\/"},"sameAs":["https:\/\/www.facebook.com\/gozz4all\/","https:\/\/www.instagram.com\/gozz4allfashion\/?hl=nl"]}]}},"_links":{"self":[{"href":"https:\/\/gozz4all.com\/de\/wp-json\/wp\/v2\/product\/23940","targetHints":{"allow":["GET"]}}],"collection":[{"href":"https:\/\/gozz4all.com\/de\/wp-json\/wp\/v2\/product"}],"about":[{"href":"https:\/\/gozz4all.com\/de\/wp-json\/wp\/v2\/types\/product"}],"wp:featuredmedia":[{"embeddable":true,"href":"https:\/\/gozz4all.com\/de\/wp-json\/wp\/v2\/media\/11550"}],"wp:attachment":[{"href":"https:\/\/gozz4all.com\/de\/wp-json\/wp\/v2\/media?parent=23940"}],"wp:term":[{"taxonomy":"product_brand","embeddable":true,"href":"https:\/\/gozz4all.com\/de\/wp-json\/wp\/v2\/product_brand?post=23940"},{"taxonomy":"product_cat","embeddable":true,"href":"https:\/\/gozz4all.com\/de\/wp-json\/wp\/v2\/product_cat?post=23940"},{"taxonomy":"product_tag","embeddable":true,"href":"https:\/\/gozz4all.com\/de\/wp-json\/wp\/v2\/product_tag?post=23940"}],"curies":[{"name":"wp","href":"https:\/\/api.w.org\/{rel}","templated":true}]}}